{"id":5285,"date":"2025-09-10T14:14:21","date_gmt":"2025-09-10T12:14:21","guid":{"rendered":"https:\/\/cocos.codes\/?post_type=product&#038;p=5285"},"modified":"2026-04-09T19:38:30","modified_gmt":"2026-04-09T17:38:30","slug":"darmowy-prestashop-automatyczny-rabat","status":"publish","type":"product","link":"https:\/\/iarina029.supserv.cozmoslabs.com\/pl\/produkt\/darmowy-prestashop-automatyczny-rabat\/","title":{"rendered":"PrestaShop Automatyczny Rabat dla p\u0142atno\u015bci 1.0.2"},"content":{"rendered":"\t\t<div data-elementor-type=\"wp-post\" data-elementor-id=\"5285\" class=\"elementor elementor-5285\">\n\t\t\t\t<div class=\"elementor-element elementor-element-889c0cb e-flex e-con-boxed e-con e-parent\" data-id=\"889c0cb\" data-element_type=\"container\" data-e-type=\"container\">\n\t\t\t\t\t<div class=\"e-con-inner\">\n\t\t\t\t<div class=\"elementor-element elementor-element-72af316 elementor-widget elementor-widget-text-editor\" data-id=\"72af316\" data-element_type=\"widget\" data-e-type=\"widget\" data-widget_type=\"text-editor.default\">\n\t\t\t\t\t\t\t\t\t<h6>PrestaShop Automatyczny rabat<\/h6><p>Zwi\u0119ksz konwersj\u0119 i zach\u0119\u0107 klient\u00f3w do korzystania z preferowanych metod p\u0142atno\u015bci dzi\u0119ki automatycznym rabatom. <br \/><strong>Rabat dla Metod P\u0142atno\u015bci<\/strong> to prosty i skuteczny modu\u0142, kt\u00f3ry automatycznie przyznaje rabaty klientom wybieraj\u0105cym okre\u015blone sposoby p\u0142atno\u015bci \u2013 bez \u017cadnej ingerencji ze strony administratora sklepu.<\/p>\t\t\t\t\t\t\t\t<\/div>\n\t\t\t\t\t<\/div>\n\t\t\t\t<\/div>\n\t\t<div class=\"elementor-element elementor-element-61d59dc e-flex e-con-boxed e-con e-parent\" data-id=\"61d59dc\" data-element_type=\"container\" data-e-type=\"container\">\n\t\t\t\t\t<div class=\"e-con-inner\">\n\t\t\t\t<div class=\"elementor-element elementor-element-b22f5d8 elementor-widget elementor-widget-spacer\" data-id=\"b22f5d8\" data-element_type=\"widget\" data-e-type=\"widget\" data-widget_type=\"spacer.default\">\n\t\t\t\t\t\t\t<div class=\"elementor-spacer\">\n\t\t\t<div class=\"elementor-spacer-inner\"><\/div>\n\t\t<\/div>\n\t\t\t\t\t\t<\/div>\n\t\t\t\t<div class=\"elementor-element elementor-element-54a667a elementor-widget elementor-widget-text-editor\" data-id=\"54a667a\" data-element_type=\"widget\" data-e-type=\"widget\" data-widget_type=\"text-editor.default\">\n\t\t\t\t\t\t\t\t\t<h6>Zobacz, co zyskujesz<\/h6><strong>\ud83d\udcb0 Automatyczne zarz\u0105dzanie rabatami<\/strong><ul><li>Automatyczne przyznawanie rabat\u00f3w po potwierdzeniu zam\u00f3wienia<\/li><li>Rabat procentowy lub sta\u0142a kwota \u2013 pe\u0142na elastyczno\u015b\u0107<\/li><li>Zabezpieczenie przed podw\u00f3jnym przyznaniem rabatu<\/li><li>Automatyczne komentarze w zam\u00f3wieniach informuj\u0105ce o przyznaniu rabatu<\/li><li>Natychmiastowa aktualizacja warto\u015bci zam\u00f3wienia<\/li><\/ul><p><strong>\u2699\ufe0f Prosta konfiguracja<\/strong><\/p><ul><li>Wyb\u00f3r dowolnej metody p\u0142atno\u015bci z listy dost\u0119pnych modu\u0142\u00f3w<\/li><li>Ustawienie rabatu w procentach (np. 5%) lub sta\u0142ej kwocie (np. 10 z\u0142)<\/li><li>Walidacja poprawno\u015bci wprowadzanych warto\u015bci<\/li><li>Intuicyjny panel administracyjny<\/li><li>Kompatybilno\u015b\u0107 z PrestaShop 1.7+<\/li><\/ul><p><strong>\ud83d\ude80 Automatyzacja sprzeda\u017cy<\/strong><\/p><ul><li>Dzia\u0142anie w tle \u2013 bez ingerencji administratora<\/li><li>Obs\u0142uga r\u00f3\u017cnych hook\u00f3w PrestaShop dla maksymalnej skuteczno\u015bci<\/li><li>Logowanie operacji dla kontroli dzia\u0142ania<\/li><li>Bezpieczne obliczenia \u2013 rabat nie przekroczy warto\u015bci zam\u00f3wienia<\/li><\/ul>\t\t\t\t\t\t\t\t<\/div>\n\t\t\t\t<div class=\"elementor-element elementor-element-cb053de elementor-widget elementor-widget-spacer\" data-id=\"cb053de\" data-element_type=\"widget\" data-e-type=\"widget\" data-widget_type=\"spacer.default\">\n\t\t\t\t\t\t\t<div class=\"elementor-spacer\">\n\t\t\t<div class=\"elementor-spacer-inner\"><\/div>\n\t\t<\/div>\n\t\t\t\t\t\t<\/div>\n\t\t\t\t<div class=\"elementor-element elementor-element-f6dd588 elementor-widget elementor-widget-text-editor\" data-id=\"f6dd588\" data-element_type=\"widget\" data-e-type=\"widget\" data-widget_type=\"text-editor.default\">\n\t\t\t\t\t\t\t\t\t<h6>Niesko\u0144czone mo\u017cliwo\u015bci zastosowa\u0144<\/h6><p><a href=\"https:\/\/iarina029.supserv.cozmoslabs.com\/pl\/produkt-kategoria\/moduly\/prestashop\/\" title=\"Modu\u0142 PrestaShop\">Modu\u0142 PrestaShop<\/a> Rabat dla Metod P\u0142atno\u015bci doskonale sprawdzi si\u0119 w:<\/p><p><strong>Zwi\u0119kszaniu konwersji p\u0142atno\u015bci<\/strong><\/p><p><strong>\u2705<\/strong> Zach\u0119canie do p\u0142atno\u015bci przelewem zamiast za pobraniem<br \/><strong>\u2705<\/strong> Promowanie szybkich p\u0142atno\u015bci online<br \/><strong>\u2705<\/strong> Redukcja koszt\u00f3w obs\u0142ugi p\u0142atno\u015bci got\u00f3wkowych<br \/><strong>\u2705<\/strong> Zwi\u0119kszenie przep\u0142yw\u00f3w finansowych w sklepie<\/p><p><strong>Optymalizacji koszt\u00f3w operacyjnych<\/strong><\/p><p><strong>\u2705<\/strong> Obni\u017cenie koszt\u00f3w obs\u0142ugi zam\u00f3wie\u0144 za pobraniem<br \/><strong>\u2705<\/strong> Szybsze wp\u0142ywy na konto firmy<br \/><strong>\u2705<\/strong> Automatyzacja proces\u00f3w rabatowych<br \/><strong>\u2705<\/strong> Redukcja zwrot\u00f3w i anulowa\u0144 zam\u00f3wie\u0144<\/p>\t\t\t\t\t\t\t\t<\/div>\n\t\t\t\t<div class=\"elementor-element elementor-element-4c1854f elementor-widget elementor-widget-spacer\" data-id=\"4c1854f\" data-element_type=\"widget\" data-e-type=\"widget\" data-widget_type=\"spacer.default\">\n\t\t\t\t\t\t\t<div class=\"elementor-spacer\">\n\t\t\t<div class=\"elementor-spacer-inner\"><\/div>\n\t\t<\/div>\n\t\t\t\t\t\t<\/div>\n\t\t\t\t<div class=\"elementor-element elementor-element-97bd8dd elementor-widget elementor-widget-text-editor\" data-id=\"97bd8dd\" data-element_type=\"widget\" data-e-type=\"widget\" data-widget_type=\"text-editor.default\">\n\t\t\t\t\t\t\t\t\t<h6>\ud83d\udcc8 Zwi\u0119ksz zyski promuj\u0105c preferowane p\u0142atno\u015bci<\/h6><p><strong>Inteligentne rabaty<\/strong> to <strong>skuteczny spos\u00f3b<\/strong> na kierowanie zachowaniami klient\u00f3w. Oferuj\u0105c <strong>atrakcyjne zni\u017cki<\/strong> za wyb\u00f3r konkretnych metod p\u0142atno\u015bci, nie tylko <strong>zwi\u0119kszasz konwersj\u0119<\/strong>, ale tak\u017ce <strong>optymalizujesz koszty<\/strong> operacyjne swojego sklepu. <strong>Ka\u017cdy klient wybieraj\u0105cy preferowan\u0105 p\u0142atno\u015b\u0107 to wi\u0119kszy zysk dla Twojego <a href=\"https:\/\/iarina029.supserv.cozmoslabs.com\/pl\/produkt-kategoria\/indywidualne-sklepy\/\" title=\"Sklepu Internetowego\">sklepu internetowego<\/a>!<\/strong><\/p>\t\t\t\t\t\t\t\t<\/div>\n\t\t\t\t<div class=\"elementor-element elementor-element-22ea469 elementor-widget elementor-widget-spacer\" data-id=\"22ea469\" data-element_type=\"widget\" data-e-type=\"widget\" data-widget_type=\"spacer.default\">\n\t\t\t\t\t\t\t<div class=\"elementor-spacer\">\n\t\t\t<div class=\"elementor-spacer-inner\"><\/div>\n\t\t<\/div>\n\t\t\t\t\t\t<\/div>\n\t\t\t\t<div class=\"elementor-element elementor-element-da096e9 elementor-widget elementor-widget-text-editor\" data-id=\"da096e9\" data-element_type=\"widget\" data-e-type=\"widget\" data-widget_type=\"text-editor.default\">\n\t\t\t\t\t\t\t\t\t<h6>Dla kogo?<\/h6><p>Modu\u0142 jest idealny dla wszystkich:<\/p><p><strong>\u2714<\/strong> W\u0142a\u015bcicieli sklep\u00f3w <a href=\"https:\/\/prestashop.com\/\" title=\"PrestaShop\" target=\"_blank\" rel=\"noopener\">PrestaShop<\/a> chc\u0105cych zwi\u0119kszy\u0107 konwersj\u0119 p\u0142atno\u015bci<br \/><strong>\u2714<\/strong> E-commerce manager\u00f3w optymalizuj\u0105cych koszty operacyjne<br \/><strong>\u2714<\/strong> Administrator\u00f3w sklep\u00f3w szukaj\u0105cych prostych rozwi\u0105za\u0144 automatyzacji<br \/><strong>\u2714<\/strong> Firm oferuj\u0105cych r\u00f3\u017cne metody p\u0142atno\u015bci<br \/><strong>\u2714<\/strong> Przedsi\u0119biorc\u00f3w stawiaj\u0105cych na zwi\u0119kszenie zyskowno\u015bci<br \/><strong>\u2714<\/strong> Sklep\u00f3w z wysokim udzia\u0142em p\u0142atno\u015bci za pobraniem<br \/><strong>\u2714<\/strong> Wszystkich, kt\u00f3rzy chc\u0105 motywowa\u0107 klient\u00f3w do lepszych wybor\u00f3w p\u0142atniczych<\/p>\t\t\t\t\t\t\t\t<\/div>\n\t\t\t\t<div class=\"elementor-element elementor-element-09a744f elementor-widget elementor-widget-spacer\" data-id=\"09a744f\" data-element_type=\"widget\" data-e-type=\"widget\" data-widget_type=\"spacer.default\">\n\t\t\t\t\t\t\t<div class=\"elementor-spacer\">\n\t\t\t<div class=\"elementor-spacer-inner\"><\/div>\n\t\t<\/div>\n\t\t\t\t\t\t<\/div>\n\t\t\t\t<div class=\"elementor-element elementor-element-e28f8ec elementor-widget elementor-widget-text-editor\" data-id=\"e28f8ec\" data-element_type=\"widget\" data-e-type=\"widget\" data-widget_type=\"text-editor.default\">\n\t\t\t\t\t\t\t\t\t<p><div class=\"pls-block pls-block-3297\">\t\t<div data-elementor-type=\"wp-post\" data-elementor-id=\"3297\" class=\"elementor elementor-3297\">\n\t\t\t\t<div class=\"elementor-element elementor-element-d99440d e-flex e-con-boxed e-con e-parent\" data-id=\"d99440d\" data-element_type=\"container\" data-e-type=\"container\" data-settings=\"{&quot;background_background&quot;:&quot;classic&quot;}\">\n\t\t\t\t\t<div class=\"e-con-inner\">\n\t\t\t\t<div class=\"elementor-element elementor-element-b850409 elementor-widget elementor-widget-text-editor\" data-id=\"b850409\" data-element_type=\"widget\" data-e-type=\"widget\" data-widget_type=\"text-editor.default\">\n\t\t\t\t\t\t\t\t\t<h6><strong>\u00a0Zwi\u0119ksz mo\u017cliwo\u015bci swojego sklepu ju\u017c dzi\u015b! <\/strong><strong>\ud83d\ude80<\/strong><\/h6>Dodaj nowe funkcje, popraw wygod\u0119 u\u017cytkownik\u00f3w i zwi\u0119ksz konwersj\u0119 dzi\u0119ki naszemu modu\u0142owi. Prosta instalacja, pe\u0142na kompatybilno\u015b\u0107 i regularne aktualizacje \u2013 wszystko, czego potrzebujesz, aby Tw\u00f3j sklep dzia\u0142a\u0142 jeszcze lepiej.<br \/>\u2705 \u0141atwa konfiguracja \u2705 Profesjonalne wsparcie \u2705 Bezproblemowa integracja<br \/><br \/><a class=\"button simple\" href=\"#main-content\" title=\"Zainstaluj I Zacznij Korzysta\u0107 Ju\u017c Teraz!\">Zainstaluj i zacznij korzysta\u0107 ju\u017c teraz!<\/a>\t\t\t\t\t\t\t\t<\/div>\n\t\t\t\t\t<\/div>\n\t\t\t\t<\/div>\n\t\t\t\t<\/div>\n\t\t<\/div><\/p>\t\t\t\t\t\t\t\t<\/div>\n\t\t\t\t\t<\/div>\n\t\t\t\t<\/div>\n\t\t\t\t<\/div>\n\t\t","protected":false},"excerpt":{"rendered":"Presta Shop Automatyczny rabat Zwi\u0119ksz konwersj\u0119 i zach\u0119\u0107 klient\u00f3w do korzystania z preferowanych metod p\u0142atno\u015bci dzi\u0119ki automatycznym rabatom. Rabat dla Metod P\u0142atno\u015bci to prosty i skuteczny modu\u0142, kt\u00f3ry automatycznie przyznaje","protected":false},"featured_media":5404,"comment_status":"open","ping_status":"closed","template":"","meta":{"powered_cache_disable_cache":false,"powered_cache_disable_css_optimization":false,"powered_cache_disable_js_optimization":false},"product_brand":[275],"product_cat":[128,131],"product_tag":[273,295,208],"class_list":{"0":"post-5285","1":"product","2":"type-product","3":"status-publish","4":"has-post-thumbnail","6":"product_brand-cocos","7":"product_cat-moduly","8":"product_cat-prestashop","9":"product_tag-modul-prestashop","10":"product_tag-obnizka-ceny","11":"product_tag-rabaty","13":"first","14":"instock","15":"downloadable","16":"virtual","17":"taxable","18":"purchasable","19":"product-type-simple"},"_links":{"self":[{"href":"https:\/\/iarina029.supserv.cozmoslabs.com\/pl\/wp-json\/wp\/v2\/product\/5285","targetHints":{"allow":["GET"]}}],"collection":[{"href":"https:\/\/iarina029.supserv.cozmoslabs.com\/pl\/wp-json\/wp\/v2\/product"}],"about":[{"href":"https:\/\/iarina029.supserv.cozmoslabs.com\/pl\/wp-json\/wp\/v2\/types\/product"}],"replies":[{"embeddable":true,"href":"https:\/\/iarina029.supserv.cozmoslabs.com\/pl\/wp-json\/wp\/v2\/comments?post=5285"}],"version-history":[{"count":0,"href":"https:\/\/iarina029.supserv.cozmoslabs.com\/pl\/wp-json\/wp\/v2\/product\/5285\/revisions"}],"wp:featuredmedia":[{"embeddable":true,"href":"https:\/\/iarina029.supserv.cozmoslabs.com\/pl\/wp-json\/wp\/v2\/media\/5404"}],"wp:attachment":[{"href":"https:\/\/iarina029.supserv.cozmoslabs.com\/pl\/wp-json\/wp\/v2\/media?parent=5285"}],"wp:term":[{"taxonomy":"product_brand","embeddable":true,"href":"https:\/\/iarina029.supserv.cozmoslabs.com\/pl\/wp-json\/wp\/v2\/product_brand?post=5285"},{"taxonomy":"product_cat","embeddable":true,"href":"https:\/\/iarina029.supserv.cozmoslabs.com\/pl\/wp-json\/wp\/v2\/product_cat?post=5285"},{"taxonomy":"product_tag","embeddable":true,"href":"https:\/\/iarina029.supserv.cozmoslabs.com\/pl\/wp-json\/wp\/v2\/product_tag?post=5285"}],"curies":[{"name":"wp","href":"https:\/\/api.w.org\/{rel}","templated":true}]}}