{"id":5083,"date":"2025-08-20T23:01:15","date_gmt":"2025-08-20T21:01:15","guid":{"rendered":"https:\/\/cocos.codes\/?post_type=product&#038;p=5083"},"modified":"2025-12-10T21:57:00","modified_gmt":"2025-12-10T20:57:00","slug":"aktualizacja-prestashop-do-najnowszej-wersji","status":"publish","type":"product","link":"https:\/\/iarina029.supserv.cozmoslabs.com\/pl\/produkt\/aktualizacja-prestashop-do-najnowszej-wersji\/","title":{"rendered":"Aktualizacja PrestaShop do najnowszej wersji 8\/9"},"content":{"rendered":"\t\t<div data-elementor-type=\"wp-post\" data-elementor-id=\"5083\" class=\"elementor elementor-5083\">\n\t\t\t\t<div class=\"elementor-element elementor-element-5b0dbe1 e-flex e-con-boxed e-con e-parent\" data-id=\"5b0dbe1\" data-element_type=\"container\" data-e-type=\"container\">\n\t\t\t\t\t<div class=\"e-con-inner\">\n\t\t\t\t<div class=\"elementor-element elementor-element-15180f6 elementor-widget elementor-widget-heading\" data-id=\"15180f6\" data-element_type=\"widget\" data-e-type=\"widget\" data-widget_type=\"heading.default\">\n\t\t\t\t\t<h6 class=\"elementor-heading-title elementor-size-default\">Aktualizacja Prestashop - dlaczego warto zaktualizowa\u0107 sw\u00f3j sklep?<\/h6>\t\t\t\t<\/div>\n\t\t\t\t<div class=\"elementor-element elementor-element-a69c0c1 elementor-widget elementor-widget-text-editor\" data-id=\"a69c0c1\" data-element_type=\"widget\" data-e-type=\"widget\" data-widget_type=\"text-editor.default\">\n\t\t\t\t\t\t\t\t\t<p style=\"text-align: left;\">Aktualizacja sklepu <a href=\"https:\/\/prestashop.com\/\" title=\"PrestaShop\" target=\"_blank\" rel=\"noopener\">PrestaShop<\/a> zapewnia wi\u0119ksze bezpiecze\u0144stwo, chroni\u0105c przed lukami i atakami. Nowe wersje oferuj\u0105 te\u017c lepsz\u0105 wydajno\u015b\u0107, zgodno\u015b\u0107 z aktualnymi technologiami oraz dodatkowe funkcje, kt\u00f3re mog\u0105 zwi\u0119kszy\u0107 sprzeda\u017c i wygod\u0119 obs\u0142ugi. Dzi\u0119ki temu sklep dzia\u0142a stabilniej i jest bardziej atrakcyjny dla klient\u00f3w.<br \/>Czy Tw\u00f3j sklep internetowy dzia\u0142a na starszej wersji PrestaShop? To czas na profesjonaln\u0105 aktualizacj\u0119, kt\u00f3ra przyniesie Twojemu biznesowi wymierne korzy\u015bci i wi\u0119ksze bezpiecze\u0144stwo.<\/p><p style=\"text-align: center;\"><strong>\u26a0\ufe0f Wa\u017cne: Przed z\u0142o\u017ceniem zam\u00f3wienia <a href=\"https:\/\/iarina029.supserv.cozmoslabs.com\/pl\/kontakt\/\" title=\"Prosimy O Kontakt\">prosimy o kontakt<\/a> w celu om\u00f3wienia szczeg\u00f3\u0142\u00f3w i zakresu prac.<\/strong><\/p>\t\t\t\t\t\t\t\t<\/div>\n\t\t\t\t<div class=\"elementor-element elementor-element-54c6820 elementor-widget elementor-widget-spacer\" data-id=\"54c6820\" data-element_type=\"widget\" data-e-type=\"widget\" data-widget_type=\"spacer.default\">\n\t\t\t\t\t\t\t<div class=\"elementor-spacer\">\n\t\t\t<div class=\"elementor-spacer-inner\"><\/div>\n\t\t<\/div>\n\t\t\t\t\t\t<\/div>\n\t\t\t\t\t<\/div>\n\t\t\t\t<\/div>\n\t\t<div class=\"elementor-element elementor-element-3d7a7aa e-flex e-con-boxed e-con e-parent\" data-id=\"3d7a7aa\" data-element_type=\"container\" data-e-type=\"container\">\n\t\t\t\t\t<div class=\"e-con-inner\">\n\t\t\t\t<div class=\"elementor-element elementor-element-31c5e32 elementor-widget elementor-widget-spacer\" data-id=\"31c5e32\" data-element_type=\"widget\" data-e-type=\"widget\" data-widget_type=\"spacer.default\">\n\t\t\t\t\t\t\t<div class=\"elementor-spacer\">\n\t\t\t<div class=\"elementor-spacer-inner\"><\/div>\n\t\t<\/div>\n\t\t\t\t\t\t<\/div>\n\t\t\t\t<div class=\"elementor-element elementor-element-08179d9 elementor-widget elementor-widget-heading\" data-id=\"08179d9\" data-element_type=\"widget\" data-e-type=\"widget\" data-widget_type=\"heading.default\">\n\t\t\t\t\t<h6 class=\"elementor-heading-title elementor-size-default\">Rodzaje aktualizacji<\/h6>\t\t\t\t<\/div>\n\t\t\t\t\t<\/div>\n\t\t\t\t<\/div>\n\t\t<div class=\"elementor-element elementor-element-c31611b e-flex e-con-boxed e-con e-parent\" data-id=\"c31611b\" data-element_type=\"container\" data-e-type=\"container\">\n\t\t\t\t\t<div class=\"e-con-inner\">\n\t\t<div class=\"elementor-element elementor-element-c3eb1e4 e-con-full e-flex e-con e-child\" data-id=\"c3eb1e4\" data-element_type=\"container\" data-e-type=\"container\">\n\t\t\t\t<div class=\"elementor-element elementor-element-1ce477c elementor-widget elementor-widget-text-editor\" data-id=\"1ce477c\" data-element_type=\"widget\" data-e-type=\"widget\" data-widget_type=\"text-editor.default\">\n\t\t\t\t\t\t\t\t\t<h6 style=\"text-align: center;\"><strong>\ud83d\udd04 Aktualizacja tej samej wersji g\u0142\u00f3wnej<\/strong><\/h6><em>Przyk\u0142ad: 1.7.5 \u2192 1.7.8.11 lub 8.0.1 \u2192 8.1.7<br \/><\/em><br \/><strong>Zalety:<\/strong><br \/>\u2705 <strong>Zachowanie ca\u0142ej struktury i wygl\u0105du sklepu<\/strong><br \/>\u2705 Kompatybilno\u015b\u0107 z aktualnie zainstalowanymi modu\u0142ami<br \/>\u2705 <strong>Zwi\u0119kszenie poziomu bezpiecze\u0144stwa<\/strong><br \/>\u2705 Poprawa stabilno\u015bci dzia\u0142ania<br \/>\u2705 Usuni\u0119cie znanych b\u0142\u0119d\u00f3w i luk\t\t\t\t\t\t\t\t<\/div>\n\t\t\t\t<\/div>\n\t\t\t\t<div class=\"elementor-element elementor-element-bd55802 elementor-widget elementor-widget-spacer\" data-id=\"bd55802\" data-element_type=\"widget\" data-e-type=\"widget\" data-widget_type=\"spacer.default\">\n\t\t\t\t\t\t\t<div class=\"elementor-spacer\">\n\t\t\t<div class=\"elementor-spacer-inner\"><\/div>\n\t\t<\/div>\n\t\t\t\t\t\t<\/div>\n\t\t<div class=\"elementor-element elementor-element-acb2a15 e-con-full e-flex e-con e-child\" data-id=\"acb2a15\" data-element_type=\"container\" data-e-type=\"container\">\n\t\t\t\t<div class=\"elementor-element elementor-element-3df3a5b elementor-widget elementor-widget-text-editor\" data-id=\"3df3a5b\" data-element_type=\"widget\" data-e-type=\"widget\" data-widget_type=\"text-editor.default\">\n\t\t\t\t\t\t\t\t\t<h6 style=\"text-align: center;\">\ud83d\ude80 Migracja do nowszej wersji g\u0142\u00f3wnej<\/h6><p><em>Przyk\u0142ad: 1.6.x \u2192 8.x lub 1.7.x \u2192 8.x<br \/><\/em><br \/><strong>Zalety:<\/strong><br \/>\u2705 Dost\u0119p do <strong>najnowszych<\/strong> funkcjonalno\u015bci e-commerce<br \/>\u2705 Mo\u017ce wymaga\u0107 adaptacji szablonu graficznego<br \/>\u2705 <strong>Konieczno\u015b\u0107<\/strong> weryfikacji kompatybilno\u015bci modu\u0142\u00f3w<br \/>\u2705 <strong>Znacz\u0105ca poprawa wydajno\u015bci i bezpiecze\u0144stwa<\/strong><br \/><strong>\u2705 Wymaga indywidualnej analizy i wyceny<\/strong><\/p>\t\t\t\t\t\t\t\t<\/div>\n\t\t\t\t<\/div>\n\t\t\t\t\t<\/div>\n\t\t\t\t<\/div>\n\t\t<div class=\"elementor-element elementor-element-3df299d e-flex e-con-boxed e-con e-parent\" data-id=\"3df299d\" data-element_type=\"container\" data-e-type=\"container\">\n\t\t\t\t\t<div class=\"e-con-inner\">\n\t\t\t\t<div class=\"elementor-element elementor-element-7845f0d elementor-widget elementor-widget-spacer\" data-id=\"7845f0d\" data-element_type=\"widget\" data-e-type=\"widget\" data-widget_type=\"spacer.default\">\n\t\t\t\t\t\t\t<div class=\"elementor-spacer\">\n\t\t\t<div class=\"elementor-spacer-inner\"><\/div>\n\t\t<\/div>\n\t\t\t\t\t\t<\/div>\n\t\t\t\t\t<\/div>\n\t\t\t\t<\/div>\n\t\t<div class=\"elementor-element elementor-element-4a822b5 e-flex e-con-boxed e-con e-parent\" data-id=\"4a822b5\" data-element_type=\"container\" data-e-type=\"container\">\n\t\t\t\t\t<div class=\"e-con-inner\">\n\t\t\t\t<div class=\"elementor-element elementor-element-9470d9e elementor-widget elementor-widget-spacer\" data-id=\"9470d9e\" data-element_type=\"widget\" data-e-type=\"widget\" data-widget_type=\"spacer.default\">\n\t\t\t\t\t\t\t<div class=\"elementor-spacer\">\n\t\t\t<div class=\"elementor-spacer-inner\"><\/div>\n\t\t<\/div>\n\t\t\t\t\t\t<\/div>\n\t\t\t\t<div class=\"elementor-element elementor-element-c8ebd1f elementor-widget elementor-widget-heading\" data-id=\"c8ebd1f\" data-element_type=\"widget\" data-e-type=\"widget\" data-widget_type=\"heading.default\">\n\t\t\t\t\t<h6 class=\"elementor-heading-title elementor-size-default\">Nasz proces aktualizacji - 6 krok\u00f3w do sukcesu<\/h6>\t\t\t\t<\/div>\n\t\t\t\t<div class=\"elementor-element elementor-element-3b85c89 elementor-widget elementor-widget-text-editor\" data-id=\"3b85c89\" data-element_type=\"widget\" data-e-type=\"widget\" data-widget_type=\"text-editor.default\">\n\t\t\t\t\t\t\t\t\t<p><strong>1\ufe0f\u20e3 Zabezpieczenie danych<\/strong><br \/>Wykonujemy <strong>pe\u0142n\u0105 kopi\u0119 zapasow\u0105<\/strong> bazy danych oraz wszystkich plik\u00f3w sklepu, eliminuj\u0105c ryzyko utraty jakichkolwiek informacji.<br \/><br \/><strong>2\ufe0f\u20e3 \u015arodowisko testowe<\/strong><br \/>Tworzymy identyczn\u0105 kopi\u0119 Twojego sklepu na serwerze deweloperskim, dzi\u0119ki czemu <strong>sklep produkcyjny pracuje bez zak\u0142\u00f3ce\u0144<\/strong>.<br \/><br \/><strong>3\ufe0f\u20e3 Aktualizacja testowa<\/strong><br \/>Przeprowadzamy <strong>proces aktualizacji w bezpiecznym \u015brodowisku<\/strong>, identyfikuj\u0105c i rozwi\u0105zuj\u0105c potencjalne problemy.<br \/><br \/><strong>4\ufe0f\u20e3 Rozwi\u0105zywanie konflikt\u00f3w<\/strong><br \/><strong>Eliminujemy ewentualne niekompatybilno\u015bci<\/strong> mi\u0119dzy modu\u0142ami, szablonem a now\u0105 wersj\u0105 PrestaShop.<br \/><br \/><strong>5\ufe0f\u20e3 Kompleksowe testowanie<\/strong><br \/><strong>Wsp\u00f3lnie weryfikujemy dzia\u0142anie<\/strong> wszystkich funkcji sklepu, a\u017c do pe\u0142nej akceptacji rezultat\u00f3w.<br \/><br \/><strong>6\ufe0f\u20e3 Wdro\u017cenie produkcyjne<\/strong><br \/>Przenosimy <strong>sprawdzon\u0105 aktualizacj\u0119<\/strong> na sklep produkcyjny w <strong>ustalonym terminie<\/strong>.<\/p>\t\t\t\t\t\t\t\t<\/div>\n\t\t\t\t<div class=\"elementor-element elementor-element-b0994ae elementor-widget elementor-widget-spacer\" data-id=\"b0994ae\" data-element_type=\"widget\" data-e-type=\"widget\" data-widget_type=\"spacer.default\">\n\t\t\t\t\t\t\t<div class=\"elementor-spacer\">\n\t\t\t<div class=\"elementor-spacer-inner\"><\/div>\n\t\t<\/div>\n\t\t\t\t\t\t<\/div>\n\t\t\t\t\t<\/div>\n\t\t\t\t<\/div>\n\t\t<div class=\"elementor-element elementor-element-9a8c418 e-flex e-con-boxed e-con e-parent\" data-id=\"9a8c418\" data-element_type=\"container\" data-e-type=\"container\">\n\t\t\t\t\t<div class=\"e-con-inner\">\n\t\t\t\t<div class=\"elementor-element elementor-element-38728bc elementor-widget elementor-widget-spacer\" data-id=\"38728bc\" data-element_type=\"widget\" data-e-type=\"widget\" data-widget_type=\"spacer.default\">\n\t\t\t\t\t\t\t<div class=\"elementor-spacer\">\n\t\t\t<div class=\"elementor-spacer-inner\"><\/div>\n\t\t<\/div>\n\t\t\t\t\t\t<\/div>\n\t\t\t\t<div class=\"elementor-element elementor-element-948df8f elementor-widget elementor-widget-heading\" data-id=\"948df8f\" data-element_type=\"widget\" data-e-type=\"widget\" data-widget_type=\"heading.default\">\n\t\t\t\t\t<h6 class=\"elementor-heading-title elementor-size-default\">Korzy\u015bci z aktualizacji<\/h6>\t\t\t\t<\/div>\n\t\t\t\t\t<\/div>\n\t\t\t\t<\/div>\n\t\t<div class=\"elementor-element elementor-element-3ff8a0b e-flex e-con-boxed e-con e-parent\" data-id=\"3ff8a0b\" data-element_type=\"container\" data-e-type=\"container\">\n\t\t\t\t\t<div class=\"e-con-inner\">\n\t\t<div class=\"elementor-element elementor-element-a4d9677 e-con-full e-flex e-con e-child\" data-id=\"a4d9677\" data-element_type=\"container\" data-e-type=\"container\">\n\t\t\t\t<div class=\"elementor-element elementor-element-2678d1a elementor-widget elementor-widget-text-editor\" data-id=\"2678d1a\" data-element_type=\"widget\" data-e-type=\"widget\" data-widget_type=\"text-editor.default\">\n\t\t\t\t\t\t\t\t\t<strong>\ud83d\udee1\ufe0f Bezpiecze\u0144stwo na najwy\u017cszym poziomie<\/strong><br \/>Najnowsze wersje PrestaShop <strong>zawieraj\u0105 \u0142atki zabezpieczaj\u0105ce<\/strong> przed znanymi lukami i zagro\u017ceniami.\t\t\t\t\t\t\t\t<\/div>\n\t\t\t\t<\/div>\n\t\t<div class=\"elementor-element elementor-element-cd332a4 e-con-full e-flex e-con e-child\" data-id=\"cd332a4\" data-element_type=\"container\" data-e-type=\"container\">\n\t\t\t\t<div class=\"elementor-element elementor-element-f5948e3 elementor-widget elementor-widget-text-editor\" data-id=\"f5948e3\" data-element_type=\"widget\" data-e-type=\"widget\" data-widget_type=\"text-editor.default\">\n\t\t\t\t\t\t\t\t\t<strong>\u26a1 Zwi\u0119kszona wydajno\u015b\u0107<\/strong><br \/>Optymalizacje kodu przek\u0142adaj\u0105 si\u0119 na <strong>szybsze \u0142adowanie stron<\/strong> i lepsze do\u015bwiadczenia u\u017cytkownik\u00f3w.\t\t\t\t\t\t\t\t<\/div>\n\t\t\t\t<\/div>\n\t\t<div class=\"elementor-element elementor-element-eb24874 e-con-full e-flex e-con e-child\" data-id=\"eb24874\" data-element_type=\"container\" data-e-type=\"container\">\n\t\t\t\t<div class=\"elementor-element elementor-element-12312cc elementor-widget elementor-widget-text-editor\" data-id=\"12312cc\" data-element_type=\"widget\" data-e-type=\"widget\" data-widget_type=\"text-editor.default\">\n\t\t\t\t\t\t\t\t\t<strong>\ud83c\udfaf Lepsza pozycja w wyszukiwarkach<\/strong><br \/>Nowoczesny kod wspiera <strong>optymalizacj\u0119 SEO<\/strong> i <strong>poprawia wyniki w Google<\/strong>.\t\t\t\t\t\t\t\t<\/div>\n\t\t\t\t<\/div>\n\t\t<div class=\"elementor-element elementor-element-457f1bd e-con-full e-flex e-con e-child\" data-id=\"457f1bd\" data-element_type=\"container\" data-e-type=\"container\">\n\t\t\t\t<div class=\"elementor-element elementor-element-fd77cdc elementor-widget elementor-widget-text-editor\" data-id=\"fd77cdc\" data-element_type=\"widget\" data-e-type=\"widget\" data-widget_type=\"text-editor.default\">\n\t\t\t\t\t\t\t\t\t<strong>\ud83d\udd27 Nowe mo\u017cliwo\u015bci<\/strong><br \/>Dost\u0119p do <strong>najnowszych modu\u0142\u00f3w, integracji<\/strong> i <strong>funkcjonalno\u015bci<\/strong> e-commerce.<br \/>\t\t\t\t\t\t\t\t<\/div>\n\t\t\t\t<\/div>\n\t\t\t\t\t<\/div>\n\t\t\t\t<\/div>\n\t\t<div class=\"elementor-element elementor-element-94e50c7 e-flex e-con-boxed e-con e-parent\" data-id=\"94e50c7\" data-element_type=\"container\" data-e-type=\"container\">\n\t\t\t\t\t<div class=\"e-con-inner\">\n\t\t\t\t<div class=\"elementor-element elementor-element-f6eaea9 elementor-widget elementor-widget-spacer\" data-id=\"f6eaea9\" data-element_type=\"widget\" data-e-type=\"widget\" data-widget_type=\"spacer.default\">\n\t\t\t\t\t\t\t<div class=\"elementor-spacer\">\n\t\t\t<div class=\"elementor-spacer-inner\"><\/div>\n\t\t<\/div>\n\t\t\t\t\t\t<\/div>\n\t\t\t\t\t<\/div>\n\t\t\t\t<\/div>\n\t\t<div class=\"elementor-element elementor-element-667e20c e-flex e-con-boxed e-con e-parent\" data-id=\"667e20c\" data-element_type=\"container\" data-e-type=\"container\">\n\t\t\t\t\t<div class=\"e-con-inner\">\n\t\t\t\t<div class=\"elementor-element elementor-element-2c08653 elementor-widget elementor-widget-spacer\" data-id=\"2c08653\" data-element_type=\"widget\" data-e-type=\"widget\" data-widget_type=\"spacer.default\">\n\t\t\t\t\t\t\t<div class=\"elementor-spacer\">\n\t\t\t<div class=\"elementor-spacer-inner\"><\/div>\n\t\t<\/div>\n\t\t\t\t\t\t<\/div>\n\t\t\t\t<div class=\"elementor-element elementor-element-259dbf7 elementor-widget elementor-widget-heading\" data-id=\"259dbf7\" data-element_type=\"widget\" data-e-type=\"widget\" data-widget_type=\"heading.default\">\n\t\t\t\t\t<h6 class=\"elementor-heading-title elementor-size-default\">Szczeg\u00f3\u0142y realizacji<\/h6>\t\t\t\t<\/div>\n\t\t\t\t<div class=\"elementor-element elementor-element-6905e56 elementor-widget elementor-widget-text-editor\" data-id=\"6905e56\" data-element_type=\"widget\" data-e-type=\"widget\" data-widget_type=\"text-editor.default\">\n\t\t\t\t\t\t\t\t\t<ul><li><strong>Czas wykonania:<\/strong> 7-14 dni roboczych (w zale\u017cno\u015bci od z\u0142o\u017cono\u015bci)<\/li><li><strong>Dost\u0119pno\u015b\u0107 sklepu:<\/strong> 100% &#8211; sklep pracuje bez przerwy podczas ca\u0142ego procesu<\/li><li><strong>Gwarancja:<\/strong> Pe\u0142ne wsparcie techniczne przez 30 dni po aktualizacji<\/li><li><strong>Dodatkowe prace:<\/strong> Aktualizacja modu\u0142\u00f3w, zmiana szablonu, podniesienie wersji PHP &#8211; wyceniane indywidualni<\/li><\/ul>\t\t\t\t\t\t\t\t<\/div>\n\t\t\t\t<div class=\"elementor-element elementor-element-5a517ec elementor-widget elementor-widget-text-editor\" data-id=\"5a517ec\" data-element_type=\"widget\" data-e-type=\"widget\" data-widget_type=\"text-editor.default\">\n\t\t\t\t\t\t\t\t\t<p style=\"text-align: left;\"><strong>Uwagi dodatkowe<\/strong><br \/>Aktualizacja <a href=\"https:\/\/prestashop.com\/\" title=\"PrestaShop\" target=\"_blank\" rel=\"noopener\">PrestaShop<\/a> koncentruje si\u0119 na systemie sklepu i jego funkcjonalno\u015bci. Je\u015bli Tw\u00f3j sklep wymaga r\u00f3wnie\u017c optymalizacji wydajno\u015bci, szybko\u015bci \u0142adowania czy popraw SEO, polecamy rozwa\u017cenie dodatkowych us\u0142ug optymalizacyjnych.<br \/><br \/><em>Profesjonalna aktualizacja PrestaShop to inwestycja w przysz\u0142o\u015b\u0107 Twojego sklepu internetowego. Zapewniamy bezpieczny proces, pe\u0142ne wsparcie i gwarancj\u0119 satysfakcji.<\/em><\/p>\t\t\t\t\t\t\t\t<\/div>\n\t\t\t\t\t<\/div>\n\t\t\t\t<\/div>\n\t\t\t\t<\/div>\n\t\t","protected":false},"excerpt":{"rendered":"Aktualizacja Prestashop &#8211; dlaczego warto zaktualizowa\u0107 sw\u00f3j sklep? Aktualizacja sklepu Presta Shop zapewnia wi\u0119ksze bezpiecze\u0144stwo, chroni\u0105c przed lukami i atakami. Nowe wersje oferuj\u0105 te\u017c lepsz\u0105 wydajno\u015b\u0107, zgodno\u015b\u0107 z aktualnymi technologiami","protected":false},"featured_media":5086,"comment_status":"open","ping_status":"closed","template":"","meta":{"powered_cache_disable_cache":false,"powered_cache_disable_css_optimization":false,"powered_cache_disable_js_optimization":false},"product_brand":[275],"product_cat":[129],"product_tag":[284,285,244],"class_list":{"0":"post-5083","1":"product","2":"type-product","3":"status-publish","4":"has-post-thumbnail","6":"product_brand-cocos","7":"product_cat-uslugi","8":"product_tag-aktualizacja","9":"product_tag-najnowsza-wersja-prestashop","10":"product_tag-prestashop","12":"first","13":"instock","14":"taxable","15":"shipping-taxable","16":"purchasable","17":"product-type-simple"},"_links":{"self":[{"href":"https:\/\/iarina029.supserv.cozmoslabs.com\/pl\/wp-json\/wp\/v2\/product\/5083","targetHints":{"allow":["GET"]}}],"collection":[{"href":"https:\/\/iarina029.supserv.cozmoslabs.com\/pl\/wp-json\/wp\/v2\/product"}],"about":[{"href":"https:\/\/iarina029.supserv.cozmoslabs.com\/pl\/wp-json\/wp\/v2\/types\/product"}],"replies":[{"embeddable":true,"href":"https:\/\/iarina029.supserv.cozmoslabs.com\/pl\/wp-json\/wp\/v2\/comments?post=5083"}],"version-history":[{"count":0,"href":"https:\/\/iarina029.supserv.cozmoslabs.com\/pl\/wp-json\/wp\/v2\/product\/5083\/revisions"}],"wp:featuredmedia":[{"embeddable":true,"href":"https:\/\/iarina029.supserv.cozmoslabs.com\/pl\/wp-json\/wp\/v2\/media\/5086"}],"wp:attachment":[{"href":"https:\/\/iarina029.supserv.cozmoslabs.com\/pl\/wp-json\/wp\/v2\/media?parent=5083"}],"wp:term":[{"taxonomy":"product_brand","embeddable":true,"href":"https:\/\/iarina029.supserv.cozmoslabs.com\/pl\/wp-json\/wp\/v2\/product_brand?post=5083"},{"taxonomy":"product_cat","embeddable":true,"href":"https:\/\/iarina029.supserv.cozmoslabs.com\/pl\/wp-json\/wp\/v2\/product_cat?post=5083"},{"taxonomy":"product_tag","embeddable":true,"href":"https:\/\/iarina029.supserv.cozmoslabs.com\/pl\/wp-json\/wp\/v2\/product_tag?post=5083"}],"curies":[{"name":"wp","href":"https:\/\/api.w.org\/{rel}","templated":true}]}}