{"id":3869,"date":"2025-05-12T10:22:58","date_gmt":"2025-05-12T08:22:58","guid":{"rendered":"https:\/\/cocos.codes\/?post_type=product&#038;p=3869"},"modified":"2026-03-04T22:10:09","modified_gmt":"2026-03-04T21:10:09","slug":"prestashop-cookies-rodo-google-consent-mode","status":"publish","type":"product","link":"https:\/\/iarina029.supserv.cozmoslabs.com\/pl\/produkt\/prestashop-cookies-rodo-google-consent-mode\/","title":{"rendered":"PrestaShop Cookies EU (zgodny z Google Consent Mode 2.0)"},"content":{"rendered":"\t\t<div data-elementor-type=\"wp-post\" data-elementor-id=\"3869\" class=\"elementor elementor-3869\">\n\t\t\t\t<div class=\"elementor-element elementor-element-7cd90aa e-flex e-con-boxed e-con e-parent\" data-id=\"7cd90aa\" data-element_type=\"container\" data-e-type=\"container\">\n\t\t\t\t\t<div class=\"e-con-inner\">\n\t\t\t\t<div class=\"elementor-element elementor-element-f2f9043 elementor-widget elementor-widget-text-editor\" data-id=\"f2f9043\" data-element_type=\"widget\" data-e-type=\"widget\" data-widget_type=\"text-editor.default\">\n\t\t\t\t\t\t\t\t\t<h6><strong>PrestaShop cookies \u2013 pe\u0142na zgodno\u015b\u0107 z RODO i ePrivacy<br \/><\/strong><\/h6><strong>PrestaShop cookies<\/strong> to niezb\u0119dny modu\u0142 dla sklep\u00f3w dbaj\u0105cych o zgodno\u015b\u0107 z przepisami. <strong>CC PrestaShop EU Cookies<\/strong> umo\u017cliwia profesjonalne zarz\u0105dzanie zgodami na pliki cookie zgodnie z <a href=\"https:\/\/uodo.gov.pl\/pl\/131\/224\" title=\"RODO\" target=\"_blank\" rel=\"noopener\">RODO<\/a>, <a href=\"https:\/\/digital-strategy.ec.europa.eu\/pl\/policies\/eprivacy-regulation\" title=\"EPrivacy\" target=\"_blank\" rel=\"noopener\">ePrivacy<\/a> oraz <a href=\"https:\/\/support.google.com\/google-ads\/answer\/10000067?hl=en\" title=\"Google Consent Mode 2.0.\" target=\"_blank\" rel=\"noopener\">Google Consent Mode 2.0.<\/a> Zapewnij transparentno\u015b\u0107, buduj zaufanie klient\u00f3w i unikaj kar finansowych. Estetyczne, konfigurowalne banery zgody idealnie dopasuj\u0105 si\u0119 do Twojego sklepu, zwi\u0119kszaj\u0105c wiarygodno\u015b\u0107 Twojego biznesu.\t\t\t\t\t\t\t\t<\/div>\n\t\t\t\t<div class=\"elementor-element elementor-element-5eeddb5 elementor-widget elementor-widget-spacer\" data-id=\"5eeddb5\" data-element_type=\"widget\" data-e-type=\"widget\" data-widget_type=\"spacer.default\">\n\t\t\t\t\t\t\t<div class=\"elementor-spacer\">\n\t\t\t<div class=\"elementor-spacer-inner\"><\/div>\n\t\t<\/div>\n\t\t\t\t\t\t<\/div>\n\t\t\t\t\t<\/div>\n\t\t\t\t<\/div>\n\t\t<div class=\"elementor-element elementor-element-7111019 e-grid e-con-boxed e-con e-parent\" data-id=\"7111019\" data-element_type=\"container\" data-e-type=\"container\">\n\t\t\t\t\t<div class=\"e-con-inner\">\n\t\t\t\t<div class=\"elementor-element elementor-element-1a1e4af elementor-widget elementor-widget-pls-button\" data-id=\"1a1e4af\" data-element_type=\"widget\" data-e-type=\"widget\" data-widget_type=\"pls-button.default\">\n\t\t\t\t<div class=\"elementor-widget-container\">\n\t\t\t\t\t<div id=\"pls-button-88981\" class=\"pls-element pls-button\">\n\t<a class=\"button btn-style-flat\" href=\"https:\/\/iarina029.supserv.cozmoslabs.com\/baza-wiedzy\/prestashop\/dokumentacje-prestashop\/prestashop-eu-cookies-zgodny-z-google-consent-mode-2-0\/\" title=\"DOKUMENTACJA\" target=\"_blank\">\n\t\tDOKUMENTACJA\t<\/a>\n<\/div>\n\t\t\t\t<\/div>\n\t\t\t\t<\/div>\n\t\t\t\t<div class=\"elementor-element elementor-element-e0ee223 elementor-widget elementor-widget-pls-button\" data-id=\"e0ee223\" data-element_type=\"widget\" data-e-type=\"widget\" data-widget_type=\"pls-button.default\">\n\t\t\t\t<div class=\"elementor-widget-container\">\n\t\t\t\t\t<div id=\"pls-button-34662\" class=\"pls-element pls-button\">\n\t<a class=\"button btn-style-flat\" href=\"https:\/\/demo.cocos.codes\/cc_ps_cookies\/\" title=\"DEMO\" target=\"_blank\" rel=\"noopener\">\n\t\tDEMO\t<\/a>\n<\/div>\n\t\t\t\t<\/div>\n\t\t\t\t<\/div>\n\t\t\t\t\t<\/div>\n\t\t\t\t<\/div>\n\t\t<div class=\"elementor-element elementor-element-df32d8d e-flex e-con-boxed e-con e-parent\" data-id=\"df32d8d\" data-element_type=\"container\" data-e-type=\"container\">\n\t\t\t\t\t<div class=\"e-con-inner\">\n\t\t\t\t<div class=\"elementor-element elementor-element-23455a1 elementor-widget elementor-widget-spacer\" data-id=\"23455a1\" data-element_type=\"widget\" data-e-type=\"widget\" data-widget_type=\"spacer.default\">\n\t\t\t\t\t\t\t<div class=\"elementor-spacer\">\n\t\t\t<div class=\"elementor-spacer-inner\"><\/div>\n\t\t<\/div>\n\t\t\t\t\t\t<\/div>\n\t\t\t\t<div class=\"elementor-element elementor-element-0c4a7d6 elementor-widget elementor-widget-text-editor\" data-id=\"0c4a7d6\" data-element_type=\"widget\" data-e-type=\"widget\" data-widget_type=\"text-editor.default\">\n\t\t\t\t\t\t\t\t\t<h6>Kompleksowe opcje konfiguracji<\/h6>\ud83d\udee1\ufe0f <strong>Pe\u0142na zgodno\u015b\u0107 z przepisami<\/strong> <br \/>\u2705 Zgodno\u015b\u0107 z RODO i ePrivacy &#8211; spe\u0142nij wymagania europejskich przepis\u00f3w dotycz\u0105cych prywatno\u015bci <br \/>\u2705 Integracja z Google Consent Mode 2.0 &#8211; przekazuj preferencje u\u017cytkownika do Google Analytics i Google Ads <br \/>\u2705 Blokowanie cookies &#8211; automatyczne blokowanie plik\u00f3w cookie bez zgody u\u017cytkownika <br \/>\u2705 Wieloj\u0119zyczno\u015b\u0107 &#8211; pe\u0142ne wsparcie dla wszystkich j\u0119zyk\u00f3w sklepu<br \/><br \/>\ud83d\udcca <strong>Zaawansowane zarz\u0105dzanie plikami cookie<\/strong> <br \/>\u2705 Automatyczna detekcja &#8211; wykrywanie plik\u00f3w cookie u\u017cywanych w sklepie <br \/>\u2705 Grupowanie cookies &#8211; organizacja plik\u00f3w cookie w kategorie (niezb\u0119dne, funkcjonalne, analityczne, marketingowe)<br \/>\u2705 Automatyczne grupowanie popularnych typ\u00f3w cookie<br \/>\u2705 Edycja i blokowanie &#8211; pe\u0142na kontrola nad ka\u017cdym plikiem cookie <br \/>\u2705 \u015aledzenie zg\u00f3d &#8211; rejestracja preferencji u\u017cytkownik\u00f3w <br \/><br \/>\ud83c\udfa8 <strong>Personalizacja wygl\u0105du<\/strong> <br \/>\u2705 R\u00f3\u017cne style baner\u00f3w &#8211; wyb\u00f3r spo\u015br\u00f3d styl\u00f3w: pasek, okno, chmura <br \/>\u2705 Konfigurowalne pozycje &#8211; ustawienia poziome i pionowe dla idealnego dopasowania <br \/>\u2705 Dostosowanie kolor\u00f3w &#8211; pe\u0142na kontrola nad kolorystyk\u0105 banera i przycisk\u00f3w <br \/>\u2705 Mini-baner &#8211; elegancki przycisk do ponownego otwarcia ustawie\u0144<br \/>\u2705 Wizualny edytor<br \/><br \/>\u2699\ufe0f <strong>Elastyczne opcje konfiguracji<\/strong> <br \/>\u2705 Ustawienia domy\u015blne &#8211; konfiguracja domy\u015blnych warto\u015bci dla baner\u00f3w <br \/>\u2705 API dla szablon\u00f3w &#8211; sprawdzanie zg\u00f3d u\u017cytkownika w szablonach Smarty <br \/>\u2705 Hook do przycisku preferencji &#8211; umieszczanie przycisku zarz\u0105dzania zgodami w dowolnym miejscu <br \/>\u2705 Niestandardowy CSS &#8211; pe\u0142na kontrola nad wygl\u0105dem banera <br \/><br \/>\ud83d\udd27 <strong>Funkcje techniczne<\/strong> <br \/>\u2705 System zarz\u0105dzania licencjami &#8211; wygodna aktywacja i zarz\u0105dzanie licencj\u0105 <br \/>\u2705 Obs\u0142uga rewizji zg\u00f3d &#8211; wymuszanie ponownego wy\u015bwietlenia banera po zmianach<br \/>\u2705 Wykrywanie bot\u00f3w &#8211; mo\u017cliwo\u015b\u0107 ukrycia banera przed robotami <br \/>\u2705 Sprawdzanie integralno\u015bci &#8211; zabezpieczenie przed nieautoryzowanymi modyfikacjami\t\t\t\t\t\t\t\t<\/div>\n\t\t\t\t<div class=\"elementor-element elementor-element-b1a633a elementor-widget elementor-widget-spacer\" data-id=\"b1a633a\" data-element_type=\"widget\" data-e-type=\"widget\" data-widget_type=\"spacer.default\">\n\t\t\t\t\t\t\t<div class=\"elementor-spacer\">\n\t\t\t<div class=\"elementor-spacer-inner\"><\/div>\n\t\t<\/div>\n\t\t\t\t\t\t<\/div>\n\t\t\t\t<div class=\"elementor-element elementor-element-ff54c30 elementor-widget elementor-widget-text-editor\" data-id=\"ff54c30\" data-element_type=\"widget\" data-e-type=\"widget\" data-widget_type=\"text-editor.default\">\n\t\t\t\t\t\t\t\t\t<h6>Funkcje Google Consent Mode<\/h6>Modu\u0142 zapewnia pe\u0142n\u0105 integracj\u0119 z Google Consent Mode 2.0, umo\u017cliwiaj\u0105c:<br \/><strong>Zaawansowane ustawienia zg\u00f3d<\/strong> <br \/>\u2705 Mapowanie grup cookies &#8211; przypisanie kategorii Google Consent Mode do grup cookies <br \/>\u2705 URL Passthrough &#8211; przekazywanie parametr\u00f3w kampanii mimo braku zgody <br \/>\u2705 Redakcja danych reklam &#8211; usuwanie informacji z konwersji gdy brak zgody <br \/>\u2705 Konfiguracja op\u00f3\u017anie\u0144 &#8211; ustawienia czasu oczekiwania na preferencje u\u017cytkownika <br \/><br \/><strong>Obs\u0142uga typ\u00f3w zg\u00f3d<\/strong> <br \/>\u2705 ad_storage &#8211; zgoda na przechowywanie danych reklamowych <br \/>\u2705 ad_user_data &#8211; zgoda na wykorzystanie danych u\u017cytkownika do reklam <br \/>\u2705 ad_personalization &#8211; zgoda na personalizacj\u0119 reklam <br \/>\u2705 analytics_storage &#8211; zgoda na przechowywanie danych analitycznych <br \/>\u2705 functionality_storage &#8211; zgoda na przechowywanie danych funkcjonalnych <br \/>\u2705 personalization_storage &#8211; zgoda na przechowywanie danych personalizacyjnych<br \/>\u2705 security_storage &#8211; zgoda na przechowywanie danych bezpiecze\u0144stwa\t\t\t\t\t\t\t\t<\/div>\n\t\t\t\t<div class=\"elementor-element elementor-element-0352820 elementor-widget elementor-widget-spacer\" data-id=\"0352820\" data-element_type=\"widget\" data-e-type=\"widget\" data-widget_type=\"spacer.default\">\n\t\t\t\t\t\t\t<div class=\"elementor-spacer\">\n\t\t\t<div class=\"elementor-spacer-inner\"><\/div>\n\t\t<\/div>\n\t\t\t\t\t\t<\/div>\n\t\t\t\t<div class=\"elementor-element elementor-element-9959b1d elementor-widget elementor-widget-text-editor\" data-id=\"9959b1d\" data-element_type=\"widget\" data-e-type=\"widget\" data-widget_type=\"text-editor.default\">\n\t\t\t\t\t\t\t\t\t<h6>\ud83d\udcc8 Zapewnij bezpiecze\u0144stwo danych klient\u00f3w i uniknij kar za nieprzestrzeganie RODO!<\/h6><strong>Nieprzestrzeganie przepis\u00f3w RODO i ePrivacy<\/strong> mo\u017ce skutkowa\u0107 <strong>karami finansowymi<\/strong> si\u0119gaj\u0105cymi <strong>milion\u00f3w euro<\/strong>. Dzi\u0119ki <strong>CC PrestaShop EU Cookies<\/strong> mo\u017cesz w <strong>prosty<\/strong> spos\u00f3b dostosowa\u0107 sklep do <strong>wymog\u00f3w prawnych<\/strong>, zapewni\u0107 transparentno\u015b\u0107 wykorzystania danych i zbudowa\u0107 <strong>zaufanie klient\u00f3w<\/strong>. Zarz\u0105dzaj wszystkim z poziomu panelu administracyjnego PrestaShop, z <strong>intuicyjnym<\/strong> interfejsem i <strong>rozbudowanymi<\/strong> opcjami konfiguracji.\t\t\t\t\t\t\t\t<\/div>\n\t\t\t\t<div class=\"elementor-element elementor-element-0e1fe27 elementor-widget elementor-widget-spacer\" data-id=\"0e1fe27\" data-element_type=\"widget\" data-e-type=\"widget\" data-widget_type=\"spacer.default\">\n\t\t\t\t\t\t\t<div class=\"elementor-spacer\">\n\t\t\t<div class=\"elementor-spacer-inner\"><\/div>\n\t\t<\/div>\n\t\t\t\t\t\t<\/div>\n\t\t\t\t<div class=\"elementor-element elementor-element-cb53677 elementor-widget elementor-widget-text-editor\" data-id=\"cb53677\" data-element_type=\"widget\" data-e-type=\"widget\" data-widget_type=\"text-editor.default\">\n\t\t\t\t\t\t\t\t\t<strong>Dla kogo?<\/strong> <br \/>Plugin jest idealny dla wszystkich: <br \/>\u2714 Sklep\u00f3w PrestaShop, kt\u00f3re musz\u0105 by\u0107 zgodne z przepisami RODO i ePrivacy <br \/>\u2714 E-commerce korzystaj\u0105cych z Google Analytics i Google Ads <br \/>\u2714 Firm dbaj\u0105cych o prywatno\u015b\u0107 klient\u00f3w i transparentno\u015b\u0107 wykorzystania danych <br \/>\u2714 Sklep\u00f3w, kt\u00f3re chc\u0105 zwi\u0119kszy\u0107 zaufanie klient\u00f3w dzi\u0119ki profesjonalnemu banerom zgody <br \/>\u2714 Administrator\u00f3w szukaj\u0105cych elastycznego i \u0142atwego w konfiguracji rozwi\u0105zania <br \/>\u2714 Deweloper\u00f3w potrzebuj\u0105cych zaawansowanego API do integracji z niestandardowymi szablonami\t\t\t\t\t\t\t\t<\/div>\n\t\t\t\t<div class=\"elementor-element elementor-element-1d24aa4 elementor-widget elementor-widget-spacer\" data-id=\"1d24aa4\" data-element_type=\"widget\" data-e-type=\"widget\" data-widget_type=\"spacer.default\">\n\t\t\t\t\t\t\t<div class=\"elementor-spacer\">\n\t\t\t<div class=\"elementor-spacer-inner\"><\/div>\n\t\t<\/div>\n\t\t\t\t\t\t<\/div>\n\t\t\t\t<div class=\"elementor-element elementor-element-db90fe6 elementor-widget elementor-widget-text-editor\" data-id=\"db90fe6\" data-element_type=\"widget\" data-e-type=\"widget\" data-widget_type=\"text-editor.default\">\n\t\t\t\t\t\t\t\t\t<p><div class=\"pls-block pls-block-3297\">\t\t<div data-elementor-type=\"wp-post\" data-elementor-id=\"3297\" class=\"elementor elementor-3297\">\n\t\t\t\t<div class=\"elementor-element elementor-element-d99440d e-flex e-con-boxed e-con e-parent\" data-id=\"d99440d\" data-element_type=\"container\" data-e-type=\"container\" data-settings=\"{&quot;background_background&quot;:&quot;classic&quot;}\">\n\t\t\t\t\t<div class=\"e-con-inner\">\n\t\t\t\t<div class=\"elementor-element elementor-element-b850409 elementor-widget elementor-widget-text-editor\" data-id=\"b850409\" data-element_type=\"widget\" data-e-type=\"widget\" data-widget_type=\"text-editor.default\">\n\t\t\t\t\t\t\t\t\t<h6><strong>\u00a0Zwi\u0119ksz mo\u017cliwo\u015bci swojego sklepu ju\u017c dzi\u015b! <\/strong><strong>\ud83d\ude80<\/strong><\/h6>Dodaj nowe funkcje, popraw wygod\u0119 u\u017cytkownik\u00f3w i zwi\u0119ksz konwersj\u0119 dzi\u0119ki naszemu modu\u0142owi. Prosta instalacja, pe\u0142na kompatybilno\u015b\u0107 i regularne aktualizacje \u2013 wszystko, czego potrzebujesz, aby Tw\u00f3j sklep dzia\u0142a\u0142 jeszcze lepiej.<br \/>\u2705 \u0141atwa konfiguracja \u2705 Profesjonalne wsparcie \u2705 Bezproblemowa integracja<br \/><br \/><a class=\"button simple\" href=\"#main-content\" title=\"Zainstaluj I Zacznij Korzysta\u0107 Ju\u017c Teraz!\">Zainstaluj i zacznij korzysta\u0107 ju\u017c teraz!<\/a>\t\t\t\t\t\t\t\t<\/div>\n\t\t\t\t\t<\/div>\n\t\t\t\t<\/div>\n\t\t\t\t<\/div>\n\t\t<\/div><\/p>\t\t\t\t\t\t\t\t<\/div>\n\t\t\t\t\t<\/div>\n\t\t\t\t<\/div>\n\t\t\t\t<\/div>\n\t\t","protected":false},"excerpt":{"rendered":"Presta Shop cookies \u2013 pe\u0142na zgodno\u015b\u0107 z RODO i e Privacy Presta Shop cookies to niezb\u0119dny modu\u0142 dla sklep\u00f3w dbaj\u0105cych o zgodno\u015b\u0107 z przepisami. CC Presta Shop EU Cookies umo\u017cliwia","protected":false},"featured_media":3922,"comment_status":"open","ping_status":"closed","template":"","meta":{"powered_cache_disable_cache":false,"powered_cache_disable_css_optimization":false,"powered_cache_disable_js_optimization":false},"product_brand":[275],"product_cat":[128,131],"product_tag":[245,248,246,244,247],"class_list":{"0":"post-3869","1":"product","2":"type-product","3":"status-publish","4":"has-post-thumbnail","6":"product_brand-cocos","7":"product_cat-moduly","8":"product_cat-prestashop","9":"product_tag-cookie","10":"product_tag-eprivacy","11":"product_tag-google-consent-mode","12":"product_tag-prestashop","13":"product_tag-rodo","15":"first","16":"instock","17":"featured","18":"downloadable","19":"virtual","20":"taxable","21":"purchasable","22":"product-type-simple"},"_links":{"self":[{"href":"https:\/\/iarina029.supserv.cozmoslabs.com\/pl\/wp-json\/wp\/v2\/product\/3869","targetHints":{"allow":["GET"]}}],"collection":[{"href":"https:\/\/iarina029.supserv.cozmoslabs.com\/pl\/wp-json\/wp\/v2\/product"}],"about":[{"href":"https:\/\/iarina029.supserv.cozmoslabs.com\/pl\/wp-json\/wp\/v2\/types\/product"}],"replies":[{"embeddable":true,"href":"https:\/\/iarina029.supserv.cozmoslabs.com\/pl\/wp-json\/wp\/v2\/comments?post=3869"}],"version-history":[{"count":0,"href":"https:\/\/iarina029.supserv.cozmoslabs.com\/pl\/wp-json\/wp\/v2\/product\/3869\/revisions"}],"wp:featuredmedia":[{"embeddable":true,"href":"https:\/\/iarina029.supserv.cozmoslabs.com\/pl\/wp-json\/wp\/v2\/media\/3922"}],"wp:attachment":[{"href":"https:\/\/iarina029.supserv.cozmoslabs.com\/pl\/wp-json\/wp\/v2\/media?parent=3869"}],"wp:term":[{"taxonomy":"product_brand","embeddable":true,"href":"https:\/\/iarina029.supserv.cozmoslabs.com\/pl\/wp-json\/wp\/v2\/product_brand?post=3869"},{"taxonomy":"product_cat","embeddable":true,"href":"https:\/\/iarina029.supserv.cozmoslabs.com\/pl\/wp-json\/wp\/v2\/product_cat?post=3869"},{"taxonomy":"product_tag","embeddable":true,"href":"https:\/\/iarina029.supserv.cozmoslabs.com\/pl\/wp-json\/wp\/v2\/product_tag?post=3869"}],"curies":[{"name":"wp","href":"https:\/\/api.w.org\/{rel}","templated":true}]}}