{"id":3620,"date":"2025-05-03T16:51:59","date_gmt":"2025-05-03T14:51:59","guid":{"rendered":"https:\/\/cocos.codes\/?post_type=product&#038;p=3620"},"modified":"2025-12-11T23:44:31","modified_gmt":"2025-12-11T22:44:31","slug":"integracja-wordpress-olx","status":"publish","type":"product","link":"https:\/\/iarina029.supserv.cozmoslabs.com\/pl\/produkt\/integracja-wordpress-olx\/","title":{"rendered":"Integracja WordPress OLX 1.0.0"},"content":{"rendered":"\t\t<div data-elementor-type=\"wp-post\" data-elementor-id=\"3620\" class=\"elementor elementor-3620\">\n\t\t\t\t<div class=\"elementor-element elementor-element-8e6e3b0 e-flex e-con-boxed e-con e-parent\" data-id=\"8e6e3b0\" data-element_type=\"container\" data-e-type=\"container\">\n\t\t\t\t\t<div class=\"e-con-inner\">\n\t\t\t\t<div class=\"elementor-element elementor-element-2048faa elementor-widget elementor-widget-text-editor\" data-id=\"2048faa\" data-element_type=\"widget\" data-e-type=\"widget\" data-widget_type=\"text-editor.default\">\n\t\t\t\t\t\t\t\t\t<h6><strong>WordPress OLX integracja WooCommerce \u2013 skutecznie zwi\u0119ksz zasi\u0119g swojego sklepu<\/strong><\/h6>Dzi\u0119ki <strong>WordPress OLX integracja WooCommerce<\/strong> mo\u017cesz \u0142atwo i automatycznie wystawia\u0107 produkty z WooCommerce na <a href=\"https:\/\/olx.pl\/\" title=\"OLX\" target=\"_blank\" rel=\"noopener\">OLX<\/a>. Wtyczka <strong>CC WordPress OLX Integration<\/strong> pozwala zarz\u0105dza\u0107 og\u0142oszeniami bezpo\u015brednio z panelu WordPress, eliminuj\u0105c r\u0119czne dodawanie ofert. Rozszerz swoj\u0105 sprzeda\u017c, docieraj\u0105c do milion\u00f3w u\u017cytkownik\u00f3w OLX, i zyskaj wi\u0119cej klient\u00f3w bez dodatkowego wysi\u0142ku. Profesjonalna integracja to oszcz\u0119dno\u015b\u0107 czasu i wi\u0119ksza efektywno\u015b\u0107 Twojego sklepu internetowego.\t\t\t\t\t\t\t\t<\/div>\n\t\t\t\t<div class=\"elementor-element elementor-element-8b82cc1 elementor-widget elementor-widget-spacer\" data-id=\"8b82cc1\" data-element_type=\"widget\" data-e-type=\"widget\" data-widget_type=\"spacer.default\">\n\t\t\t\t\t\t\t<div class=\"elementor-spacer\">\n\t\t\t<div class=\"elementor-spacer-inner\"><\/div>\n\t\t<\/div>\n\t\t\t\t\t\t<\/div>\n\t\t\t\t\t<\/div>\n\t\t\t\t<\/div>\n\t\t<div class=\"elementor-element elementor-element-b5162ed e-grid e-con-boxed e-con e-parent\" data-id=\"b5162ed\" data-element_type=\"container\" data-e-type=\"container\">\n\t\t\t\t\t<div class=\"e-con-inner\">\n\t\t\t\t<div class=\"elementor-element elementor-element-30bc29e elementor-widget elementor-widget-pls-button\" data-id=\"30bc29e\" data-element_type=\"widget\" data-e-type=\"widget\" data-widget_type=\"pls-button.default\">\n\t\t\t\t<div class=\"elementor-widget-container\">\n\t\t\t\t\t<div id=\"pls-button-20664\" class=\"pls-element pls-button\">\n\t<a class=\"button btn-style-flat\" href=\"https:\/\/iarina029.supserv.cozmoslabs.com\/baza-wiedzy\/wordpress\/dokumentacje\/integracja-wordpress-olx\/\" title=\"DOKUMENTACJA\" target=\"_blank\">\n\t\tDOKUMENTACJA\t<\/a>\n<\/div>\n\t\t\t\t<\/div>\n\t\t\t\t<\/div>\n\t\t\t\t<div class=\"elementor-element elementor-element-7456fec elementor-widget elementor-widget-pls-button\" data-id=\"7456fec\" data-element_type=\"widget\" data-e-type=\"widget\" data-widget_type=\"pls-button.default\">\n\t\t\t\t<div class=\"elementor-widget-container\">\n\t\t\t\t\t<div id=\"pls-button-84725\" class=\"pls-element pls-button\">\n\t<a class=\"button btn-style-flat\" href=\"https:\/\/demo.cocos.codes\/cc_wordpress_olx_integration\/\" title=\"DEMO\" target=\"_blank\" rel=\"noopener\">\n\t\tDEMO\t<\/a>\n<\/div>\n\t\t\t\t<\/div>\n\t\t\t\t<\/div>\n\t\t\t\t\t<\/div>\n\t\t\t\t<\/div>\n\t\t<div class=\"elementor-element elementor-element-56e8bc0 e-flex e-con-boxed e-con e-parent\" data-id=\"56e8bc0\" data-element_type=\"container\" data-e-type=\"container\">\n\t\t\t\t\t<div class=\"e-con-inner\">\n\t\t\t\t<div class=\"elementor-element elementor-element-0748917 elementor-widget elementor-widget-spacer\" data-id=\"0748917\" data-element_type=\"widget\" data-e-type=\"widget\" data-widget_type=\"spacer.default\">\n\t\t\t\t\t\t\t<div class=\"elementor-spacer\">\n\t\t\t<div class=\"elementor-spacer-inner\"><\/div>\n\t\t<\/div>\n\t\t\t\t\t\t<\/div>\n\t\t\t\t<div class=\"elementor-element elementor-element-2cf538b elementor-widget elementor-widget-text-editor\" data-id=\"2cf538b\" data-element_type=\"widget\" data-e-type=\"widget\" data-widget_type=\"text-editor.default\">\n\t\t\t\t\t\t\t\t\t<h6>Kompleksowe opcje konfiguracji<\/h6>\ud83d\udecd\ufe0f <strong>Pe\u0142na integracja z platform\u0105 OLX<br \/><\/strong>\u2705 Panel zarz\u0105dzania og\u0142oszeniami \u2013 wygodne publikowanie i monitorowanie statusu og\u0142osze\u0144<br \/>\u2705 Statystyki og\u0142osze\u0144 \u2013 przejrzysty interfejs z analiz\u0105 aktywnych, oczekuj\u0105cych i nieaktywnych og\u0142osze\u0144<br \/>\u2705 Mapowanie kategorii \u2013 intuicyjne przypisywanie kategorii WooCommerce do oficjalnych kategorii OLX<br \/>\u2705 Synchronizacja z API OLX \u2013 pe\u0142na integracja z najnowszym interfejsem programistycznym OLX<br \/><br \/>\ud83d\udcca <strong>Zaawansowane zarz\u0105dzanie og\u0142oszeniami<br \/><\/strong>\u2705 Niestandardowe opisy \u2013 mo\u017cliwo\u015b\u0107 dostosowania tytu\u0142\u00f3w i opis\u00f3w dla og\u0142osze\u0144<br \/>\u2705 Automatyczne zdj\u0119cia \u2013 wykorzystanie galerii produktu do og\u0142osze\u0144 na OLX<br \/>\u2705 Zarz\u0105dzanie lokalizacjami \u2013 synchronizacja bazy miast i dzielnic dla precyzyjnej lokalizacji og\u0142osze\u0144<br \/>\u2705 Atrybuty specyficzne dla kategorii \u2013 obs\u0142uga dodatkowych p\u00f3l wymaganych przez OLX<br \/><br \/>\ud83d\udd04 <strong>Automatyzacja proces\u00f3w<br \/><\/strong>\u2705 Statusy og\u0142osze\u0144 \u2013 automatyczna aktualizacja status\u00f3w z platformy OLX<br \/>\u2705 Od\u015bwie\u017canie og\u0142osze\u0144 \u2013 mo\u017cliwo\u015b\u0107 szybkiego od\u015bwie\u017cenia danych og\u0142oszenia<br \/>\u2705 Panel produktowy \u2013 integracja z edycj\u0105 produkt\u00f3w WooCommerce<br \/>\u2705 Zarz\u0105dzanie dost\u0119pno\u015bci\u0105 \u2013 kontrola nad og\u0142oszeniami w zale\u017cno\u015bci od stanu magazynowego<br \/><br \/>\u2699\ufe0f <strong>Elastyczne opcje konfiguracji<br \/><\/strong>\u2705 Ustawienia domy\u015blne \u2013 konfiguracja domy\u015blnych warto\u015bci dla og\u0142osze\u0144<br \/>\u2705 Nag\u0142\u00f3wki i stopki \u2013 automatyczne dodawanie tekstu do opis\u00f3w og\u0142osze\u0144<br \/>\u2705 Opcje cen \u2013 wsparcie dla r\u00f3\u017cnych walut i opcji &#8222;do negocjacji&#8221;<br \/>\u2705 Dane kontaktowe \u2013 konfiguracja danych kontaktowych dla og\u0142osze\u0144<br \/><br \/>\ud83d\udd27 <strong>Funkcje techniczne<br \/><\/strong>\u2705 Kompatybilno\u015b\u0107 z HPOS \u2013 pe\u0142ne wsparcie dla WooCommerce High-Performance Order Storage<br \/>\u2705 System zarz\u0105dzania licencjami \u2013 wygodna aktywacja i zarz\u0105dzanie licencj\u0105 w panelu administracyjnym<br \/>\u2705 Optymalizacja wydajno\u015bci \u2013 lokalne przechowywanie danych lokalizacyjnych dla szybszego dzia\u0142ania<br \/>\u2705 Kompatybilno\u015b\u0107 z r\u00f3\u017cnymi motywami \u2013 dzia\u0142anie niezale\u017cnie od zastosowanego motywu WooCommerce\t\t\t\t\t\t\t\t<\/div>\n\t\t\t\t<div class=\"elementor-element elementor-element-056dbb4 elementor-widget elementor-widget-spacer\" data-id=\"056dbb4\" data-element_type=\"widget\" data-e-type=\"widget\" data-widget_type=\"spacer.default\">\n\t\t\t\t\t\t\t<div class=\"elementor-spacer\">\n\t\t\t<div class=\"elementor-spacer-inner\"><\/div>\n\t\t<\/div>\n\t\t\t\t\t\t<\/div>\n\t\t\t\t<div class=\"elementor-element elementor-element-55f79df elementor-widget elementor-widget-text-editor\" data-id=\"55f79df\" data-element_type=\"widget\" data-e-type=\"widget\" data-widget_type=\"text-editor.default\">\n\t\t\t\t\t\t\t\t\t<h6>Funkcje og\u0142osze\u0144 na OLX<\/h6>Wtyczka obs\u0142uguje wszystkie niezb\u0119dne elementy og\u0142osze\u0144 wymagane przez platform\u0119 OLX:<br \/><strong>Podstawowe informacje<br \/><\/strong>\u2705 Tytu\u0142 og\u0142oszenia \u2013 atrakcyjny tytu\u0142 wg. specyfikacji OLX<br \/>\u2705 Opis og\u0142oszenia \u2013 pe\u0142ny opis produktu z opcjonalnym nag\u0142\u00f3wkiem i stopk\u0105<br \/>\u2705 Kategoria OLX \u2013 precyzyjny wyb\u00f3r kategorii ko\u0144cowej OLX<br \/>\u2705 Zdj\u0119cia produktu \u2013 automatyczna synchronizacja zdj\u0119\u0107 z galerii produktu<br \/><br \/><strong>Dane lokalizacyjne<br \/><\/strong>\u2705 Miasto \u2013 wyb\u00f3r z synchronizowanej bazy miast<br \/>\u2705 Dzielnica \u2013 opcjonalny wyb\u00f3r dzielnicy<br \/>\u2705 Synchronizacja lokalizacji \u2013 aktualizacja bazy miast i dzielnic z systemu OLX<br \/><br \/><strong>Dane kontaktowe i og\u0142oszenia<br \/><\/strong>\u2705 Typ konta \u2013 wyb\u00f3r mi\u0119dzy kontem prywatnym i firmowym<br \/>\u2705 Dane kontaktowe \u2013 konfiguracja imienia\/nazwy firmy oraz numeru telefonu<br \/>\u2705 Cena \u2013 ustawienie warto\u015bci, waluty i opcji &#8222;do negocjacji&#8221;<br \/>\u2705 Atrybuty kategorii \u2013 wsparcie dla dodatkowych p\u00f3l wymaganych w zale\u017cno\u015bci od kategorii\t\t\t\t\t\t\t\t<\/div>\n\t\t\t\t<div class=\"elementor-element elementor-element-b96d23a elementor-widget elementor-widget-spacer\" data-id=\"b96d23a\" data-element_type=\"widget\" data-e-type=\"widget\" data-widget_type=\"spacer.default\">\n\t\t\t\t\t\t\t<div class=\"elementor-spacer\">\n\t\t\t<div class=\"elementor-spacer-inner\"><\/div>\n\t\t<\/div>\n\t\t\t\t\t\t<\/div>\n\t\t\t\t<div class=\"elementor-element elementor-element-5cd6cee elementor-widget elementor-widget-text-editor\" data-id=\"5cd6cee\" data-element_type=\"widget\" data-e-type=\"widget\" data-widget_type=\"text-editor.default\">\n\t\t\t\t\t\t\t\t\t<h6>\ud83d\udcc8 Zwi\u0119ksz zasi\u0119g swoich produkt\u00f3w i dotrzyj do nowych klient\u00f3w!<\/h6><strong>Platforma OLX to jeden z najwi\u0119kszych serwis\u00f3w og\u0142oszeniowych<\/strong> w Polsce z <strong>milionami<\/strong> aktywnych u\u017cytkownik\u00f3w miesi\u0119cznie. Dzi\u0119ki <strong>CC WordPress OLX Integration<\/strong> mo\u017cesz w \u0142atwy spos\u00f3b <strong>dotrze\u0107 do nowych klient\u00f3w, zwi\u0119kszy\u0107 widoczno\u015b\u0107 swoich produkt\u00f3w<\/strong> i <strong>zautomatyzowa\u0107 proces publikacji og\u0142osze\u0144<\/strong>. Zarz\u0105dzaj wszystkim z poziomu znanego Ci panelu WordPress, bez konieczno\u015bci logowania si\u0119 do systemu OLX.\t\t\t\t\t\t\t\t<\/div>\n\t\t\t\t<div class=\"elementor-element elementor-element-fedf0c9 elementor-widget elementor-widget-spacer\" data-id=\"fedf0c9\" data-element_type=\"widget\" data-e-type=\"widget\" data-widget_type=\"spacer.default\">\n\t\t\t\t\t\t\t<div class=\"elementor-spacer\">\n\t\t\t<div class=\"elementor-spacer-inner\"><\/div>\n\t\t<\/div>\n\t\t\t\t\t\t<\/div>\n\t\t\t\t<div class=\"elementor-element elementor-element-abe0360 elementor-widget elementor-widget-text-editor\" data-id=\"abe0360\" data-element_type=\"widget\" data-e-type=\"widget\" data-widget_type=\"text-editor.default\">\n\t\t\t\t\t\t\t\t\t<strong>Dla kogo?<\/strong> <br \/>Plugin jest idealny dla wszystkich:<br \/>\u2714 Sklep\u00f3w WooCommerce, kt\u00f3re chc\u0105 zwi\u0119kszy\u0107 zasi\u0119g i sprzeda\u017c poprzez OLX<br \/>\u2714 Sprzedawc\u00f3w, kt\u00f3rzy chc\u0105 zaoszcz\u0119dzi\u0107 czas na r\u0119cznym publikowaniu og\u0142osze\u0144<br \/>\u2714 Firm, kt\u00f3re potrzebuj\u0105 efektywnie zarz\u0105dza\u0107 du\u017c\u0105 liczb\u0105 og\u0142osze\u0144<br \/>\u2714 E-commerce szukaj\u0105cych dodatkowych kana\u0142\u00f3w sprzeda\u017cy poza w\u0142asnym sklepem<br \/>\u2714 Biznes\u00f3w, kt\u00f3re chc\u0105 dotrze\u0107 do lokalnych klient\u00f3w dzi\u0119ki precyzyjnej geolokalizacji OLX\t\t\t\t\t\t\t\t<\/div>\n\t\t\t\t<div class=\"elementor-element elementor-element-75f86c2 elementor-widget elementor-widget-spacer\" data-id=\"75f86c2\" data-element_type=\"widget\" data-e-type=\"widget\" data-widget_type=\"spacer.default\">\n\t\t\t\t\t\t\t<div class=\"elementor-spacer\">\n\t\t\t<div class=\"elementor-spacer-inner\"><\/div>\n\t\t<\/div>\n\t\t\t\t\t\t<\/div>\n\t\t\t\t<div class=\"elementor-element elementor-element-7d8fb47 elementor-widget elementor-widget-text-editor\" data-id=\"7d8fb47\" data-element_type=\"widget\" data-e-type=\"widget\" data-widget_type=\"text-editor.default\">\n\t\t\t\t\t\t\t\t\t<p><div class=\"pls-block pls-block-3297\">\t\t<div data-elementor-type=\"wp-post\" data-elementor-id=\"3297\" class=\"elementor elementor-3297\">\n\t\t\t\t<div class=\"elementor-element elementor-element-d99440d e-flex e-con-boxed e-con e-parent\" data-id=\"d99440d\" data-element_type=\"container\" data-e-type=\"container\" data-settings=\"{&quot;background_background&quot;:&quot;classic&quot;}\">\n\t\t\t\t\t<div class=\"e-con-inner\">\n\t\t\t\t<div class=\"elementor-element elementor-element-b850409 elementor-widget elementor-widget-text-editor\" data-id=\"b850409\" data-element_type=\"widget\" data-e-type=\"widget\" data-widget_type=\"text-editor.default\">\n\t\t\t\t\t\t\t\t\t<h6><strong>\u00a0Zwi\u0119ksz mo\u017cliwo\u015bci swojego sklepu ju\u017c dzi\u015b! <\/strong><strong>\ud83d\ude80<\/strong><\/h6>Dodaj nowe funkcje, popraw wygod\u0119 u\u017cytkownik\u00f3w i zwi\u0119ksz konwersj\u0119 dzi\u0119ki naszemu modu\u0142owi. Prosta instalacja, pe\u0142na kompatybilno\u015b\u0107 i regularne aktualizacje \u2013 wszystko, czego potrzebujesz, aby Tw\u00f3j sklep dzia\u0142a\u0142 jeszcze lepiej.<br \/>\u2705 \u0141atwa konfiguracja \u2705 Profesjonalne wsparcie \u2705 Bezproblemowa integracja<br \/><br \/><a class=\"button simple\" href=\"#main-content\" title=\"Zainstaluj I Zacznij Korzysta\u0107 Ju\u017c Teraz!\">Zainstaluj i zacznij korzysta\u0107 ju\u017c teraz!<\/a>\t\t\t\t\t\t\t\t<\/div>\n\t\t\t\t\t<\/div>\n\t\t\t\t<\/div>\n\t\t\t\t<\/div>\n\t\t<\/div><\/p>\t\t\t\t\t\t\t\t<\/div>\n\t\t\t\t\t<\/div>\n\t\t\t\t<\/div>\n\t\t\t\t<\/div>\n\t\t","protected":false},"excerpt":{"rendered":"Word Press OLX integracja Woo Commerce \u2013 skutecznie zwi\u0119ksz zasi\u0119g swojego sklepu Dzi\u0119ki Word Press OLX integracja Woo Commerce mo\u017cesz \u0142atwo i automatycznie wystawia\u0107 produkty z Woo Commerce na OLX.","protected":false},"featured_media":3800,"comment_status":"open","ping_status":"closed","template":"","meta":{"powered_cache_disable_cache":false,"powered_cache_disable_css_optimization":false,"powered_cache_disable_js_optimization":false},"product_brand":[275],"product_cat":[128,132],"product_tag":[228,227,199,198],"class_list":{"0":"post-3620","1":"product","2":"type-product","3":"status-publish","4":"has-post-thumbnail","6":"product_brand-cocos","7":"product_cat-moduly","8":"product_cat-wordpress","9":"product_tag-integracja","10":"product_tag-olx","11":"product_tag-woocommerce","12":"product_tag-wordpress","14":"first","15":"instock","16":"featured","17":"downloadable","18":"virtual","19":"taxable","20":"purchasable","21":"product-type-simple"},"_links":{"self":[{"href":"https:\/\/iarina029.supserv.cozmoslabs.com\/pl\/wp-json\/wp\/v2\/product\/3620","targetHints":{"allow":["GET"]}}],"collection":[{"href":"https:\/\/iarina029.supserv.cozmoslabs.com\/pl\/wp-json\/wp\/v2\/product"}],"about":[{"href":"https:\/\/iarina029.supserv.cozmoslabs.com\/pl\/wp-json\/wp\/v2\/types\/product"}],"replies":[{"embeddable":true,"href":"https:\/\/iarina029.supserv.cozmoslabs.com\/pl\/wp-json\/wp\/v2\/comments?post=3620"}],"version-history":[{"count":0,"href":"https:\/\/iarina029.supserv.cozmoslabs.com\/pl\/wp-json\/wp\/v2\/product\/3620\/revisions"}],"wp:featuredmedia":[{"embeddable":true,"href":"https:\/\/iarina029.supserv.cozmoslabs.com\/pl\/wp-json\/wp\/v2\/media\/3800"}],"wp:attachment":[{"href":"https:\/\/iarina029.supserv.cozmoslabs.com\/pl\/wp-json\/wp\/v2\/media?parent=3620"}],"wp:term":[{"taxonomy":"product_brand","embeddable":true,"href":"https:\/\/iarina029.supserv.cozmoslabs.com\/pl\/wp-json\/wp\/v2\/product_brand?post=3620"},{"taxonomy":"product_cat","embeddable":true,"href":"https:\/\/iarina029.supserv.cozmoslabs.com\/pl\/wp-json\/wp\/v2\/product_cat?post=3620"},{"taxonomy":"product_tag","embeddable":true,"href":"https:\/\/iarina029.supserv.cozmoslabs.com\/pl\/wp-json\/wp\/v2\/product_tag?post=3620"}],"curies":[{"name":"wp","href":"https:\/\/api.w.org\/{rel}","templated":true}]}}