{"id":3605,"date":"2025-04-10T21:15:22","date_gmt":"2025-04-10T19:15:22","guid":{"rendered":"https:\/\/cocos.codes\/?post_type=product&#038;p=3605"},"modified":"2026-01-21T17:28:45","modified_gmt":"2026-01-21T16:28:45","slug":"wordpress-facebook-pixel","status":"publish","type":"product","link":"https:\/\/iarina029.supserv.cozmoslabs.com\/pl\/produkt\/wordpress-facebook-pixel\/","title":{"rendered":"WordPress Facebook Pixel 1.0.2"},"content":{"rendered":"\t\t<div data-elementor-type=\"wp-post\" data-elementor-id=\"3605\" class=\"elementor elementor-3605\">\n\t\t\t\t<div class=\"elementor-element elementor-element-589e191 e-flex e-con-boxed e-con e-parent\" data-id=\"589e191\" data-element_type=\"container\" data-e-type=\"container\">\n\t\t\t\t\t<div class=\"e-con-inner\">\n\t\t\t\t<div class=\"elementor-element elementor-element-c111b50 elementor-widget elementor-widget-text-editor\" data-id=\"c111b50\" data-element_type=\"widget\" data-e-type=\"widget\" data-widget_type=\"text-editor.default\">\n\t\t\t\t\t\t\t\t\t<h6><strong>WordPress Facebook Pixel<br \/><\/strong><\/h6><strong><a href=\"https:\/\/wordpress.org\/\" title=\"WordPress\" target=\"_blank\" rel=\"noopener\">WordPress<\/a> Facebook Pixel<\/strong> to niezb\u0119dne narz\u0119dzie do precyzyjnego \u015bledzenia konwersji i optymalizacji reklam. <a href=\"https:\/\/iarina029.supserv.cozmoslabs.com\/pl\/produkt-kategoria\/moduly\/wordpress\/\" title=\"Wtyczka WordPress\">Wtyczka WordPress<\/a> <strong>Facebook Pixel<\/strong> umo\u017cliwia pe\u0142n\u0105 integracj\u0119 z Facebook Pixel i Conversions API, zapewniaj\u0105c niezawodne dane zar\u00f3wno po stronie przegl\u0105darki, jak i serwera \u2013 nawet przy aktywnych blokerach reklam. Inteligentne kolejkowanie zdarze\u0144, asynchroniczne przetwarzanie i zaawansowane debugowanie pozwalaj\u0105 maksymalizowa\u0107 ROI z kampanii reklamowych.\t\t\t\t\t\t\t\t<\/div>\n\t\t\t\t<div class=\"elementor-element elementor-element-5a71fba elementor-widget elementor-widget-spacer\" data-id=\"5a71fba\" data-element_type=\"widget\" data-e-type=\"widget\" data-widget_type=\"spacer.default\">\n\t\t\t\t\t\t\t<div class=\"elementor-spacer\">\n\t\t\t<div class=\"elementor-spacer-inner\"><\/div>\n\t\t<\/div>\n\t\t\t\t\t\t<\/div>\n\t\t\t\t\t<\/div>\n\t\t\t\t<\/div>\n\t\t<div class=\"elementor-element elementor-element-afd9ee9 e-grid e-con-boxed e-con e-parent\" data-id=\"afd9ee9\" data-element_type=\"container\" data-e-type=\"container\">\n\t\t\t\t\t<div class=\"e-con-inner\">\n\t\t\t\t<div class=\"elementor-element elementor-element-959ec9b elementor-widget elementor-widget-pls-button\" data-id=\"959ec9b\" data-element_type=\"widget\" data-e-type=\"widget\" data-widget_type=\"pls-button.default\">\n\t\t\t\t<div class=\"elementor-widget-container\">\n\t\t\t\t\t<div id=\"pls-button-33691\" class=\"pls-element pls-button\">\n\t<a class=\"button btn-style-flat\" href=\"https:\/\/iarina029.supserv.cozmoslabs.com\/baza-wiedzy\/wordpress\/dokumentacje\/meta-facebook-pixel\/\" title=\"Dokumentacja\" target=\"_blank\">\n\t\tDokumentacja\t<\/a>\n<\/div>\n\t\t\t\t<\/div>\n\t\t\t\t<\/div>\n\t\t\t\t<div class=\"elementor-element elementor-element-dabddd7 elementor-widget elementor-widget-pls-button\" data-id=\"dabddd7\" data-element_type=\"widget\" data-e-type=\"widget\" data-widget_type=\"pls-button.default\">\n\t\t\t\t<div class=\"elementor-widget-container\">\n\t\t\t\t\t<div id=\"pls-button-1817\" class=\"pls-element pls-button\">\n\t<a class=\"button btn-style-flat\" href=\"https:\/\/demo.cocos.codes\/cc_facebook_pixel\/\" title=\"Demo\" target=\"_blank\" rel=\"noopener\">\n\t\tDemo\t<\/a>\n<\/div>\n\t\t\t\t<\/div>\n\t\t\t\t<\/div>\n\t\t\t\t\t<\/div>\n\t\t\t\t<\/div>\n\t\t<div class=\"elementor-element elementor-element-bc73e6e e-flex e-con-boxed e-con e-parent\" data-id=\"bc73e6e\" data-element_type=\"container\" data-e-type=\"container\">\n\t\t\t\t\t<div class=\"e-con-inner\">\n\t\t\t\t<div class=\"elementor-element elementor-element-864a7b9 elementor-widget elementor-widget-spacer\" data-id=\"864a7b9\" data-element_type=\"widget\" data-e-type=\"widget\" data-widget_type=\"spacer.default\">\n\t\t\t\t\t\t\t<div class=\"elementor-spacer\">\n\t\t\t<div class=\"elementor-spacer-inner\"><\/div>\n\t\t<\/div>\n\t\t\t\t\t\t<\/div>\n\t\t\t\t<div class=\"elementor-element elementor-element-79f7ccd elementor-widget elementor-widget-text-editor\" data-id=\"79f7ccd\" data-element_type=\"widget\" data-e-type=\"widget\" data-widget_type=\"text-editor.default\">\n\t\t\t\t\t\t\t\t\t<h6>Zaawansowana integracja z systemami Facebooka<\/h6><p>\ud83d\udcf1 <strong>Wszechstronne tryby \u015bledzenia<\/strong><br \/>\u2705 JavaScript Pixel \u2013 klasyczna integracja dzia\u0142aj\u0105ca w przegl\u0105darce u\u017cytkownika<br \/>\u2705 Conversions API \u2013 \u015bledzenie po stronie serwera odporne na blokery reklam<br \/>\u2705 Tryb hybrydowy \u2013 po\u0142\u0105czenie obu metod z <b>inteligentn\u0105 deduplikacj\u0105 zdarze\u0144<\/b><br \/>\u2705 Bezproblemowa konfiguracja \u2013 intuicyjny interfejs dla ka\u017cdego trybu \u015bledzenia<br \/>\u2705 Zoptymalizowana wydajno\u015b\u0107 \u2013 minimalne op\u00f3\u017anienia w \u0142adowaniu strony niezale\u017cnie od wybranego trybu<\/p><p>\ud83d\udd04 <strong>Inteligentne kolejkowanie zdarze\u0144<\/strong><br \/>\u2705 Asynchroniczne przetwarzanie \u2013 wysy\u0142anie zdarze\u0144 w tle bez spowalniania witryny<br \/>\u2705 Automatyczne ponowne pr\u00f3by \u2013 zabezpieczenie przed utrat\u0105 danych w przypadku b\u0142\u0119d\u00f3w<br \/>\u2705 Zadania cron \u2013 wbudowana integracja z systemem cron dla niezawodnego przetwarzania<br \/>\u2705 Monitorowanie kolejki \u2013 szczeg\u00f3\u0142owy podgl\u0105d statusu wszystkich zdarze\u0144 w kolejce<br \/>\u2705 R\u0119czne zarz\u0105dzanie \u2013 mo\u017cliwo\u015b\u0107 natychmiastowego przetworzenia lub wyczyszczenia kolejki<\/p><p>\ud83d\udcca <strong>Standardowe i niestandardowe zdarzenia<\/strong><br \/>\u2705 Automatyczne zdarzenia \u2013 \u015bledzenie PageView, ViewContent i innych standardowych zdarze\u0144<br \/>\u2705 Niestandardowe zdarzenia \u2013 mo\u017cliwo\u015b\u0107 dodawania w\u0142asnych kod\u00f3w \u015bledz\u0105cych<br \/>\u2705 Wyb\u00f3r lokalizacji \u2013 elastyczne umieszczanie kodu w nag\u0142\u00f3wku lub stopce witryny<br \/>\u2705 Wy\u0142\u0105czanie standardowych zdarze\u0144 \u2013 pe\u0142na kontrola nad tym, co jest \u015bledzone<br \/>\u2705 Kompatybilno\u015b\u0107 z innymi wtyczkami \u2013 bezproblemowa integracja z istniej\u0105cym ekosystemem<\/p><p>\ud83d\udc65 <strong>Zaawansowane dopasowanie danych<\/strong><br \/>\u2705 Lepsze targetowanie \u2013 przesy\u0142anie dodatkowych danych u\u017cytkownika dla dok\u0142adniejszego dopasowania<br \/>\u2705 Elastyczny wyb\u00f3r p\u00f3l \u2013 kontrola nad tym, kt\u00f3re dane s\u0105 udost\u0119pniane (email, telefon, imi\u0119, nazwisko itp.)<br \/>\u2705 Automatyczne zbieranie danych \u2013 inteligentne pobieranie informacji z formularzy<br \/>\u2705 Zgodno\u015b\u0107 z RODO \u2013 respektowanie preferencji prywatno\u015bci u\u017cytkownik\u00f3w<br \/>\u2705 Wi\u0119ksza skuteczno\u015b\u0107 kampanii \u2013 precyzyjniejsze targetowanie reklam dzi\u0119ki lepszej jako\u015bci danych<\/p><p>\ud83d\udee0\ufe0f <strong>Zaawansowane narz\u0119dzia debugowania<\/strong><br \/>\u2705 Testowanie API \u2013 wbudowane narz\u0119dzia do testowania po\u0142\u0105czenia z Conversions API<br \/>\u2705 Testowanie JavaScript \u2013 \u0142atwe sprawdzanie poprawno\u015bci dzia\u0142ania Facebook Pixel<br \/>\u2705 Szczeg\u00f3\u0142owe logi \u2013 kompleksowe zapisy wszystkich \u017c\u0105da\u0144 i odpowiedzi API<br \/>\u2705 Tryb testowy \u2013 bezpieczne testowanie bez wp\u0142ywu na dane produkcyjne<br \/>\u2705 Wykluczanie u\u017cytkownik\u00f3w \u2013 mo\u017cliwo\u015b\u0107 wy\u0142\u0105czenia \u015bledzenia dla okre\u015blonych r\u00f3l u\u017cytkownik\u00f3w<\/p><p>\u2699\ufe0f <strong>Funkcje techniczne<\/strong><br \/>\u2705 Kompatybilno\u015b\u0107 z WordPress \u2013 pe\u0142ne wsparcie dla najnowszych wersji<br \/>\u2705 System zarz\u0105dzania licencjami \u2013 wygodna aktywacja i zarz\u0105dzanie licencj\u0105 w panelu<br \/>\u2705 Optymalizacja wydajno\u015bci \u2013 minimalne obci\u0105\u017cenie serwera nawet przy intensywnym ruchu<br \/>\u2705 Regularne aktualizacje \u2013 ci\u0105g\u0142e dostosowywanie do zmian w API Facebooka<br \/>\u2705 Wsparcie techniczne \u2013 profesjonalna pomoc przy konfiguracji i rozwi\u0105zywaniu problem\u00f3w<\/p>\t\t\t\t\t\t\t\t<\/div>\n\t\t\t\t<div class=\"elementor-element elementor-element-488e8cb elementor-widget elementor-widget-spacer\" data-id=\"488e8cb\" data-element_type=\"widget\" data-e-type=\"widget\" data-widget_type=\"spacer.default\">\n\t\t\t\t\t\t\t<div class=\"elementor-spacer\">\n\t\t\t<div class=\"elementor-spacer-inner\"><\/div>\n\t\t<\/div>\n\t\t\t\t\t\t<\/div>\n\t\t\t\t<div class=\"elementor-element elementor-element-f484835 elementor-widget elementor-widget-text-editor\" data-id=\"f484835\" data-element_type=\"widget\" data-e-type=\"widget\" data-widget_type=\"text-editor.default\">\n\t\t\t\t\t\t\t\t\t<h6>\ud83d\udcc8 Zwi\u0119ksz skuteczno\u015b\u0107 kampanii reklamowych nawet o 30-50%!<\/h6>Badania pokazuj\u0105, \u017ce precyzyjne \u015bledzenie konwersji to fundament efektywnych kampanii reklamowych. Dzi\u0119ki <strong>CC Facebook Pixel<\/strong> Twoje dane konwersji b\u0119d\u0105 dok\u0142adniejsze, a Facebook b\u0119dzie m\u00f3g\u0142 <strong>lepiej optymalizowa\u0107 Twoje kampanie<\/strong>, co prowadzi do <strong>ni\u017cszych koszt\u00f3w pozyskania klienta i wy\u017cszego zwrotu z inwestycji w reklam\u0119<\/strong>.\t\t\t\t\t\t\t\t<\/div>\n\t\t\t\t<div class=\"elementor-element elementor-element-de40523 elementor-widget elementor-widget-spacer\" data-id=\"de40523\" data-element_type=\"widget\" data-e-type=\"widget\" data-widget_type=\"spacer.default\">\n\t\t\t\t\t\t\t<div class=\"elementor-spacer\">\n\t\t\t<div class=\"elementor-spacer-inner\"><\/div>\n\t\t<\/div>\n\t\t\t\t\t\t<\/div>\n\t\t\t\t<div class=\"elementor-element elementor-element-c7fb7ef elementor-widget elementor-widget-text-editor\" data-id=\"c7fb7ef\" data-element_type=\"widget\" data-e-type=\"widget\" data-widget_type=\"text-editor.default\">\n\t\t\t\t\t\t\t\t\t<h6>Dla kogo?<\/h6>Plugin jest idealny dla:<br \/>\u2714 W\u0142a\u015bcicieli stron e-commerce, kt\u00f3rzy chc\u0105 maksymalizowa\u0107 skuteczno\u015b\u0107 reklam na Facebooku<br \/>\u2714 Marketer\u00f3w potrzebuj\u0105cych dok\u0142adnych danych o konwersjach do optymalizacji kampanii<br \/>\u2714 Agencji reklamowych zarz\u0105dzaj\u0105cych kampaniami dla wielu klient\u00f3w<br \/>\u2714 Biznes\u00f3w zmagaj\u0105cych si\u0119 z niedok\u0142adnymi danymi przez blokery reklam<br \/>\u2714 Administrator\u00f3w stron dbaj\u0105cych o wydajno\u015b\u0107 i szybko\u015b\u0107 \u0142adowania witryny\t\t\t\t\t\t\t\t<\/div>\n\t\t\t\t<div class=\"elementor-element elementor-element-5379318 elementor-widget elementor-widget-spacer\" data-id=\"5379318\" data-element_type=\"widget\" data-e-type=\"widget\" data-widget_type=\"spacer.default\">\n\t\t\t\t\t\t\t<div class=\"elementor-spacer\">\n\t\t\t<div class=\"elementor-spacer-inner\"><\/div>\n\t\t<\/div>\n\t\t\t\t\t\t<\/div>\n\t\t\t\t<div class=\"elementor-element elementor-element-b5ddb61 elementor-widget elementor-widget-text-editor\" data-id=\"b5ddb61\" data-element_type=\"widget\" data-e-type=\"widget\" data-widget_type=\"text-editor.default\">\n\t\t\t\t\t\t\t\t\t<p><div class=\"pls-block pls-block-3297\">\t\t<div data-elementor-type=\"wp-post\" data-elementor-id=\"3297\" class=\"elementor elementor-3297\">\n\t\t\t\t<div class=\"elementor-element elementor-element-d99440d e-flex e-con-boxed e-con e-parent\" data-id=\"d99440d\" data-element_type=\"container\" data-e-type=\"container\" data-settings=\"{&quot;background_background&quot;:&quot;classic&quot;}\">\n\t\t\t\t\t<div class=\"e-con-inner\">\n\t\t\t\t<div class=\"elementor-element elementor-element-b850409 elementor-widget elementor-widget-text-editor\" data-id=\"b850409\" data-element_type=\"widget\" data-e-type=\"widget\" data-widget_type=\"text-editor.default\">\n\t\t\t\t\t\t\t\t\t<h6><strong>\u00a0Zwi\u0119ksz mo\u017cliwo\u015bci swojego sklepu ju\u017c dzi\u015b! <\/strong><strong>\ud83d\ude80<\/strong><\/h6>Dodaj nowe funkcje, popraw wygod\u0119 u\u017cytkownik\u00f3w i zwi\u0119ksz konwersj\u0119 dzi\u0119ki naszemu modu\u0142owi. Prosta instalacja, pe\u0142na kompatybilno\u015b\u0107 i regularne aktualizacje \u2013 wszystko, czego potrzebujesz, aby Tw\u00f3j sklep dzia\u0142a\u0142 jeszcze lepiej.<br \/>\u2705 \u0141atwa konfiguracja \u2705 Profesjonalne wsparcie \u2705 Bezproblemowa integracja<br \/><br \/><a class=\"button simple\" href=\"#main-content\" title=\"Zainstaluj I Zacznij Korzysta\u0107 Ju\u017c Teraz!\">Zainstaluj i zacznij korzysta\u0107 ju\u017c teraz!<\/a>\t\t\t\t\t\t\t\t<\/div>\n\t\t\t\t\t<\/div>\n\t\t\t\t<\/div>\n\t\t\t\t<\/div>\n\t\t<\/div><\/p>\t\t\t\t\t\t\t\t<\/div>\n\t\t\t\t\t<\/div>\n\t\t\t\t<\/div>\n\t\t\t\t<\/div>\n\t\t","protected":false},"excerpt":{"rendered":"Word Press Facebook Pixel Word Press Facebook Pixel to niezb\u0119dne narz\u0119dzie do precyzyjnego \u015bledzenia konwersji i optymalizacji reklam. Wtyczka Word Press Facebook Pixel umo\u017cliwia pe\u0142n\u0105 integracj\u0119 z Facebook Pixel i","protected":false},"featured_media":3802,"comment_status":"open","ping_status":"closed","template":"","meta":{"powered_cache_disable_cache":false,"powered_cache_disable_css_optimization":false,"powered_cache_disable_js_optimization":false},"product_brand":[275],"product_cat":[128,132],"product_tag":[213,212,214,198],"class_list":{"0":"post-3605","1":"product","2":"type-product","3":"status-publish","4":"has-post-thumbnail","6":"product_brand-cocos","7":"product_cat-moduly","8":"product_cat-wordpress","9":"product_tag-facebook","10":"product_tag-meta","11":"product_tag-pixel","12":"product_tag-wordpress","14":"first","15":"instock","16":"downloadable","17":"virtual","18":"taxable","19":"purchasable","20":"product-type-simple"},"_links":{"self":[{"href":"https:\/\/iarina029.supserv.cozmoslabs.com\/pl\/wp-json\/wp\/v2\/product\/3605","targetHints":{"allow":["GET"]}}],"collection":[{"href":"https:\/\/iarina029.supserv.cozmoslabs.com\/pl\/wp-json\/wp\/v2\/product"}],"about":[{"href":"https:\/\/iarina029.supserv.cozmoslabs.com\/pl\/wp-json\/wp\/v2\/types\/product"}],"replies":[{"embeddable":true,"href":"https:\/\/iarina029.supserv.cozmoslabs.com\/pl\/wp-json\/wp\/v2\/comments?post=3605"}],"version-history":[{"count":0,"href":"https:\/\/iarina029.supserv.cozmoslabs.com\/pl\/wp-json\/wp\/v2\/product\/3605\/revisions"}],"wp:featuredmedia":[{"embeddable":true,"href":"https:\/\/iarina029.supserv.cozmoslabs.com\/pl\/wp-json\/wp\/v2\/media\/3802"}],"wp:attachment":[{"href":"https:\/\/iarina029.supserv.cozmoslabs.com\/pl\/wp-json\/wp\/v2\/media?parent=3605"}],"wp:term":[{"taxonomy":"product_brand","embeddable":true,"href":"https:\/\/iarina029.supserv.cozmoslabs.com\/pl\/wp-json\/wp\/v2\/product_brand?post=3605"},{"taxonomy":"product_cat","embeddable":true,"href":"https:\/\/iarina029.supserv.cozmoslabs.com\/pl\/wp-json\/wp\/v2\/product_cat?post=3605"},{"taxonomy":"product_tag","embeddable":true,"href":"https:\/\/iarina029.supserv.cozmoslabs.com\/pl\/wp-json\/wp\/v2\/product_tag?post=3605"}],"curies":[{"name":"wp","href":"https:\/\/api.w.org\/{rel}","templated":true}]}}