{"id":3360,"date":"2025-04-01T12:28:21","date_gmt":"2025-04-01T10:28:21","guid":{"rendered":"https:\/\/cocos.codes\/?post_type=product&#038;p=3360"},"modified":"2026-01-27T13:59:18","modified_gmt":"2026-01-27T12:59:18","slug":"wordpress-integracja-google-ga4-gtm-ads","status":"publish","type":"product","link":"https:\/\/iarina029.supserv.cozmoslabs.com\/pl\/produkt\/wordpress-integracja-google-ga4-gtm-ads\/","title":{"rendered":"WordPress Integracja Google (GA4, GTM, Ads) 1.0.1"},"content":{"rendered":"\t\t<div data-elementor-type=\"wp-post\" data-elementor-id=\"3360\" class=\"elementor elementor-3360\">\n\t\t\t\t<div class=\"elementor-element elementor-element-4a32b49 e-flex e-con-boxed e-con e-parent\" data-id=\"4a32b49\" data-element_type=\"container\" data-e-type=\"container\">\n\t\t\t\t\t<div class=\"e-con-inner\">\n\t\t\t\t<div class=\"elementor-element elementor-element-06977db elementor-widget elementor-widget-text-editor\" data-id=\"06977db\" data-element_type=\"widget\" data-e-type=\"widget\" data-widget_type=\"text-editor.default\">\n\t\t\t\t\t\t\t\t\t<h6><strong>WordPress integracja Google \u2013 zwi\u0119ksz zyski dzi\u0119ki profesjonalnej analityce<br \/><\/strong><\/h6><strong>Nasza wtyczka WordPress<\/strong>\u00a0to niezb\u0119dne narz\u0119dzie dla sklep\u00f3w <a href=\"https:\/\/woocommerce.com\/\" title=\"WooCommerce\" target=\"_blank\" rel=\"noopener\">WooCommerce<\/a>. Umo\u017cliwia pe\u0142n\u0105 integracj\u0119 z <a href=\"https:\/\/analytics.google.com\/\" title=\"Google Analytics 4\" target=\"_blank\" rel=\"noopener\">Google Analytics 4<\/a>, Google Tag Manager i Google Ads, zapewniaj\u0105c precyzyjne \u015bledzenie zachowa\u0144 klient\u00f3w i skuteczn\u0105 optymalizacj\u0119 kampanii. Automatyczne \u015bledzenie zdarze\u0144 e-commerce, indywidualne etykiety konwersji oraz inteligentna detekcja element\u00f3w sklepu pozwalaj\u0105 podejmowa\u0107 trafne decyzje biznesowe i maksymalizowa\u0107 wsp\u00f3\u0142czynniki konwersji.\t\t\t\t\t\t\t\t<\/div>\n\t\t\t\t<div class=\"elementor-element elementor-element-569135e elementor-widget elementor-widget-spacer\" data-id=\"569135e\" data-element_type=\"widget\" data-e-type=\"widget\" data-widget_type=\"spacer.default\">\n\t\t\t\t\t\t\t<div class=\"elementor-spacer\">\n\t\t\t<div class=\"elementor-spacer-inner\"><\/div>\n\t\t<\/div>\n\t\t\t\t\t\t<\/div>\n\t\t\t\t\t<\/div>\n\t\t\t\t<\/div>\n\t\t<div class=\"elementor-element elementor-element-d44361f e-grid e-con-boxed e-con e-parent\" data-id=\"d44361f\" data-element_type=\"container\" data-e-type=\"container\">\n\t\t\t\t\t<div class=\"e-con-inner\">\n\t\t\t\t<div class=\"elementor-element elementor-element-2ac7497 elementor-widget elementor-widget-pls-button\" data-id=\"2ac7497\" data-element_type=\"widget\" data-e-type=\"widget\" data-widget_type=\"pls-button.default\">\n\t\t\t\t<div class=\"elementor-widget-container\">\n\t\t\t\t\t<div id=\"pls-button-91601\" class=\"pls-element pls-button\">\n\t<a class=\"button btn-style-flat\" href=\"\/baza-wiedzy\/wordpress\/dokumentacje\/integracja-google-ga4-gtm-ads\/\" title=\"DOKUMENTACJA\"  target=\"_blank\">\n\t\tDOKUMENTACJA\t<\/a>\n<\/div>\n\t\t\t\t<\/div>\n\t\t\t\t<\/div>\n\t\t\t\t<div class=\"elementor-element elementor-element-9e0c148 elementor-widget elementor-widget-pls-button\" data-id=\"9e0c148\" data-element_type=\"widget\" data-e-type=\"widget\" data-widget_type=\"pls-button.default\">\n\t\t\t\t<div class=\"elementor-widget-container\">\n\t\t\t\t\t<div id=\"pls-button-10407\" class=\"pls-element pls-button\">\n\t<a class=\"button btn-style-flat\" href=\"https:\/\/demo.cocos.codes\/cc_google_integration\/\" title=\"DEMO\" target=\"_blank\" rel=\"noopener\">\n\t\tDEMO\t<\/a>\n<\/div>\n\t\t\t\t<\/div>\n\t\t\t\t<\/div>\n\t\t\t\t\t<\/div>\n\t\t\t\t<\/div>\n\t\t<div class=\"elementor-element elementor-element-5be9fcc e-flex e-con-boxed e-con e-parent\" data-id=\"5be9fcc\" data-element_type=\"container\" data-e-type=\"container\">\n\t\t\t\t\t<div class=\"e-con-inner\">\n\t\t\t\t<div class=\"elementor-element elementor-element-942af31 elementor-widget elementor-widget-spacer\" data-id=\"942af31\" data-element_type=\"widget\" data-e-type=\"widget\" data-widget_type=\"spacer.default\">\n\t\t\t\t\t\t\t<div class=\"elementor-spacer\">\n\t\t\t<div class=\"elementor-spacer-inner\"><\/div>\n\t\t<\/div>\n\t\t\t\t\t\t<\/div>\n\t\t\t\t<div class=\"elementor-element elementor-element-3cf18f3 elementor-widget elementor-widget-text-editor\" data-id=\"3cf18f3\" data-element_type=\"widget\" data-e-type=\"widget\" data-widget_type=\"text-editor.default\">\n\t\t\t\t\t\t\t\t\t<h6><strong>Kompleksowe opcje konfiguracji<\/strong><\/h6><p><strong>\ud83d\udcc8 Pe\u0142na integracja z us\u0142ugami Google<\/strong><br \/>\u2705 Google Analytics 4 \u2013 precyzyjne \u015bledzenie wszystkich zdarze\u0144 e-commerce z automatycznym wdro\u017ceniem kodu \u015bledz\u0105cego<br \/>\u2705 Google Tag Manager \u2013 \u0142atwa implementacja kontenera GTM bez ingerencji w kod strony<br \/>\u2705 Google Ads \u2013 zaawansowane \u015bledzenie konwersji dla wszystkich kluczowych zdarze\u0144 w sklepie<br \/>\u2705 Tryb debugowania \u2013 wygodne testowanie implementacji z komunikatami diagnostycznymi w konsoli przegl\u0105darki<br \/><br \/><strong>\ud83d\uded2 \u015aledzenie zdarze\u0144 e-commerce<\/strong><br \/>\u2705 Wy\u015bwietlenie listy produkt\u00f3w \u2013 \u015bledzenie zainteresowania kategoriami i kolekcjami produkt\u00f3w <strong>(view_item_list)<\/strong><br \/>\u2705 Wy\u015bwietlenie pojedynczego produktu \u2013 analiza popularno\u015bci poszczeg\u00f3lnych produkt\u00f3w <strong>(view_item)<\/strong><br \/>\u2705 Dodanie do koszyka \u2013 monitorowanie produkt\u00f3w najcz\u0119\u015bciej dodawanych do koszyka <strong>(add_to_cart)<\/strong><br \/>\u2705 Rozpocz\u0119cie zam\u00f3wienia \u2013 \u015bledzenie u\u017cytkownik\u00f3w rozpoczynaj\u0105cych proces zakupowy <strong>(begin_checkout)<\/strong><br \/>\u2705 Zakup \u2013 precyzyjna analiza zako\u0144czonych transakcji z pe\u0142nymi danymi o produktach i warto\u015bciach <strong>(purchase)<\/strong><br \/>\u2705 Wyszukiwanie \u2013 identyfikacja najpopularniejszych zapyta\u0144 wyszukiwania w sklepie <strong>(search)<\/strong><br \/>\u2705 Rejestracja i logowanie u\u017cytkownik\u00f3w \u2013 \u015bledzenie aktywno\u015bci nowych i powracaj\u0105cych klient\u00f3w (<strong>sign_up<\/strong> oraz <strong>login<\/strong>)<br \/><br \/><strong>\ud83d\udcb0 Zaawansowane \u015bledzenie konwersji Google Ads<\/strong><br \/>\u2705 Indywidualne etykiety konwersji \u2013 mo\u017cliwo\u015b\u0107 przypisania dedykowanych etykiet do ka\u017cdego rodzaju zdarzenia<br \/>\u2705 \u015aledzenie warto\u015bci konwersji \u2013 automatyczne przesy\u0142anie warto\u015bci zam\u00f3wie\u0144 i produkt\u00f3w<br \/>\u2705 Optymalizacja kampanii \u2013 precyzyjne dane pozwalaj\u0105ce na efektywne zarz\u0105dzanie bud\u017cetem reklamowym<br \/>\u2705 \u015aledzenie \u015bcie\u017cek konwersji \u2013 analiza drogi u\u017cytkownika od klikni\u0119cia w reklam\u0119 do zakupu<br \/><br \/><strong>\u2699\ufe0f Elastyczne opcje konfiguracji<\/strong><br \/>\u2705 Wyb\u00f3r zdarze\u0144 do \u015bledzenia \u2013 w\u0142\u0105czanie i wy\u0142\u0105czanie poszczeg\u00f3lnych typ\u00f3w zdarze\u0144<br \/>\u2705 Niestandardowa klasa przycisku &#8222;Dodaj do koszyka&#8221; \u2013 automatyczne wykrywanie lub r\u0119czna konfiguracja<br \/>\u2705 W\u0142asny kod JavaScript \u2013 mo\u017cliwo\u015b\u0107 dodania niestandardowego kodu \u015bledz\u0105cego<br \/>\u2705 Automatyczna detekcja \u2013 inteligentne wykrywanie klas CSS przycisk\u00f3w i element\u00f3w sklepu<br \/><br \/><strong>\ud83d\udd27 Funkcje techniczne<\/strong><br \/>\u2705 Kompatybilno\u015b\u0107 z HPOS \u2013 pe\u0142ne wsparcie dla WooCommerce High-Performance Order Storage<br \/>\u2705 System zarz\u0105dzania licencjami \u2013 wygodna aktywacja i zarz\u0105dzanie licencj\u0105 w panelu administracyjnym<br \/>\u2705 Optymalizacja wydajno\u015bci \u2013 asynchroniczne \u0142adowanie skrypt\u00f3w dla minimalnego wp\u0142ywu na szybko\u015b\u0107 strony<br \/>\u2705 Kompatybilno\u015b\u0107 z r\u00f3\u017cnymi motywami \u2013 dzia\u0142anie niezale\u017cnie od zastosowanego motywu WooCommerce<br \/>\u2705 Regularne aktualizacje \u2013 ci\u0105g\u0142e dostosowywanie do najnowszych wersji us\u0142ug Google i WooCommerce<\/p>\t\t\t\t\t\t\t\t<\/div>\n\t\t\t\t<div class=\"elementor-element elementor-element-0da7884 elementor-widget elementor-widget-spacer\" data-id=\"0da7884\" data-element_type=\"widget\" data-e-type=\"widget\" data-widget_type=\"spacer.default\">\n\t\t\t\t\t\t\t<div class=\"elementor-spacer\">\n\t\t\t<div class=\"elementor-spacer-inner\"><\/div>\n\t\t<\/div>\n\t\t\t\t\t\t<\/div>\n\t\t\t\t<div class=\"elementor-element elementor-element-7a993ee elementor-widget elementor-widget-text-editor\" data-id=\"7a993ee\" data-element_type=\"widget\" data-e-type=\"widget\" data-widget_type=\"text-editor.default\">\n\t\t\t\t\t\t\t\t\t<h6><strong>\ud83d\udcc8 Zwi\u0119ksz skuteczno\u015b\u0107 kampanii marketingowych o 30-50%!<\/strong><\/h6>Badania pokazuj\u0105, \u017ce precyzyjne \u015bledzenie analityczne to <strong>klucz do efektywnego wykorzystania bud\u017cetu marketingowego<\/strong>. Dzi\u0119ki CC Google Integration <strong>Twoje reklamy b\u0119d\u0105 dociera\u0107 do w\u0142a\u015bciwych odbiorc\u00f3w<\/strong>, a dane o zachowaniach klient\u00f3w pozwol\u0105 Ci optymalizowa\u0107 sklep i <strong>zwi\u0119ksza\u0107 wsp\u00f3\u0142czynniki konwersji<\/strong>.\t\t\t\t\t\t\t\t<\/div>\n\t\t\t\t<div class=\"elementor-element elementor-element-b3b8ffb elementor-widget elementor-widget-spacer\" data-id=\"b3b8ffb\" data-element_type=\"widget\" data-e-type=\"widget\" data-widget_type=\"spacer.default\">\n\t\t\t\t\t\t\t<div class=\"elementor-spacer\">\n\t\t\t<div class=\"elementor-spacer-inner\"><\/div>\n\t\t<\/div>\n\t\t\t\t\t\t<\/div>\n\t\t\t\t<div class=\"elementor-element elementor-element-8a6b382 elementor-widget elementor-widget-text-editor\" data-id=\"8a6b382\" data-element_type=\"widget\" data-e-type=\"widget\" data-widget_type=\"text-editor.default\">\n\t\t\t\t\t\t\t\t\t<strong>Dla kogo?<\/strong><br \/>Plugin jest idealny dla wszystkich:<br \/>\u2714 Sklep\u00f3w, kt\u00f3re chc\u0105 podejmowa\u0107 decyzje w oparciu o dane analityczne<br \/>\u2714 W\u0142a\u015bcicieli e-commerce inwestuj\u0105cych w kampanie Google Ads<br \/>\u2714 Sklep\u00f3w WooCommerce potrzebuj\u0105cych profesjonalnej integracji z narz\u0119dziami Google<br \/>\u2714 Marketer\u00f3w, kt\u00f3rzy chc\u0105 precyzyjnie mierzy\u0107 efektywno\u015b\u0107 swoich dzia\u0142a\u0144<br \/>\u2714 Biznes\u00f3w szukaj\u0105cych sposob\u00f3w na zwi\u0119kszenie wsp\u00f3\u0142czynnika konwersji i ROI z reklam\t\t\t\t\t\t\t\t<\/div>\n\t\t\t\t<div class=\"elementor-element elementor-element-2e9ba87 elementor-widget elementor-widget-spacer\" data-id=\"2e9ba87\" data-element_type=\"widget\" data-e-type=\"widget\" data-widget_type=\"spacer.default\">\n\t\t\t\t\t\t\t<div class=\"elementor-spacer\">\n\t\t\t<div class=\"elementor-spacer-inner\"><\/div>\n\t\t<\/div>\n\t\t\t\t\t\t<\/div>\n\t\t\t\t\t<\/div>\n\t\t\t\t<\/div>\n\t\t<div class=\"elementor-element elementor-element-40adb05 e-flex e-con-boxed e-con e-parent\" data-id=\"40adb05\" data-element_type=\"container\" data-e-type=\"container\">\n\t\t\t\t\t<div class=\"e-con-inner\">\n\t\t\t\t<div class=\"elementor-element elementor-element-1c2f2d7 elementor-widget elementor-widget-text-editor\" data-id=\"1c2f2d7\" data-element_type=\"widget\" data-e-type=\"widget\" data-widget_type=\"text-editor.default\">\n\t\t\t\t\t\t\t\t\t<p><div class=\"pls-block pls-block-3297\">\t\t<div data-elementor-type=\"wp-post\" data-elementor-id=\"3297\" class=\"elementor elementor-3297\">\n\t\t\t\t<div class=\"elementor-element elementor-element-d99440d e-flex e-con-boxed e-con e-parent\" data-id=\"d99440d\" data-element_type=\"container\" data-e-type=\"container\" data-settings=\"{&quot;background_background&quot;:&quot;classic&quot;}\">\n\t\t\t\t\t<div class=\"e-con-inner\">\n\t\t\t\t<div class=\"elementor-element elementor-element-b850409 elementor-widget elementor-widget-text-editor\" data-id=\"b850409\" data-element_type=\"widget\" data-e-type=\"widget\" data-widget_type=\"text-editor.default\">\n\t\t\t\t\t\t\t\t\t<h6><strong>\u00a0Zwi\u0119ksz mo\u017cliwo\u015bci swojego sklepu ju\u017c dzi\u015b! <\/strong><strong>\ud83d\ude80<\/strong><\/h6>Dodaj nowe funkcje, popraw wygod\u0119 u\u017cytkownik\u00f3w i zwi\u0119ksz konwersj\u0119 dzi\u0119ki naszemu modu\u0142owi. Prosta instalacja, pe\u0142na kompatybilno\u015b\u0107 i regularne aktualizacje \u2013 wszystko, czego potrzebujesz, aby Tw\u00f3j sklep dzia\u0142a\u0142 jeszcze lepiej.<br \/>\u2705 \u0141atwa konfiguracja \u2705 Profesjonalne wsparcie \u2705 Bezproblemowa integracja<br \/><br \/><a class=\"button simple\" href=\"#main-content\" title=\"Zainstaluj I Zacznij Korzysta\u0107 Ju\u017c Teraz!\">Zainstaluj i zacznij korzysta\u0107 ju\u017c teraz!<\/a>\t\t\t\t\t\t\t\t<\/div>\n\t\t\t\t\t<\/div>\n\t\t\t\t<\/div>\n\t\t\t\t<\/div>\n\t\t<\/div><\/p>\t\t\t\t\t\t\t\t<\/div>\n\t\t\t\t\t<\/div>\n\t\t\t\t<\/div>\n\t\t\t\t<\/div>\n\t\t","protected":false},"excerpt":{"rendered":"Word Press integracja Google \u2013 zwi\u0119ksz zyski dzi\u0119ki profesjonalnej analityce Nasza wtyczka Word Press\u00a0to niezb\u0119dne narz\u0119dzie dla sklep\u00f3w Woo Commerce. Umo\u017cliwia pe\u0142n\u0105 integracj\u0119 z Google Analytics 4, Google Tag Manager","protected":false},"featured_media":3798,"comment_status":"open","ping_status":"closed","template":"","meta":{"powered_cache_disable_cache":false,"powered_cache_disable_css_optimization":false,"powered_cache_disable_js_optimization":false},"product_brand":[275],"product_cat":[128,132],"product_tag":[207,206,205,204,199,198],"class_list":{"0":"post-3360","1":"product","2":"type-product","3":"status-publish","4":"has-post-thumbnail","6":"product_brand-cocos","7":"product_cat-moduly","8":"product_cat-wordpress","9":"product_tag-ads","10":"product_tag-ga4","11":"product_tag-gtm","12":"product_tag-integracja-google","13":"product_tag-woocommerce","14":"product_tag-wordpress","16":"first","17":"instock","18":"featured","19":"downloadable","20":"virtual","21":"taxable","22":"purchasable","23":"product-type-simple"},"_links":{"self":[{"href":"https:\/\/iarina029.supserv.cozmoslabs.com\/pl\/wp-json\/wp\/v2\/product\/3360","targetHints":{"allow":["GET"]}}],"collection":[{"href":"https:\/\/iarina029.supserv.cozmoslabs.com\/pl\/wp-json\/wp\/v2\/product"}],"about":[{"href":"https:\/\/iarina029.supserv.cozmoslabs.com\/pl\/wp-json\/wp\/v2\/types\/product"}],"replies":[{"embeddable":true,"href":"https:\/\/iarina029.supserv.cozmoslabs.com\/pl\/wp-json\/wp\/v2\/comments?post=3360"}],"version-history":[{"count":0,"href":"https:\/\/iarina029.supserv.cozmoslabs.com\/pl\/wp-json\/wp\/v2\/product\/3360\/revisions"}],"wp:featuredmedia":[{"embeddable":true,"href":"https:\/\/iarina029.supserv.cozmoslabs.com\/pl\/wp-json\/wp\/v2\/media\/3798"}],"wp:attachment":[{"href":"https:\/\/iarina029.supserv.cozmoslabs.com\/pl\/wp-json\/wp\/v2\/media?parent=3360"}],"wp:term":[{"taxonomy":"product_brand","embeddable":true,"href":"https:\/\/iarina029.supserv.cozmoslabs.com\/pl\/wp-json\/wp\/v2\/product_brand?post=3360"},{"taxonomy":"product_cat","embeddable":true,"href":"https:\/\/iarina029.supserv.cozmoslabs.com\/pl\/wp-json\/wp\/v2\/product_cat?post=3360"},{"taxonomy":"product_tag","embeddable":true,"href":"https:\/\/iarina029.supserv.cozmoslabs.com\/pl\/wp-json\/wp\/v2\/product_tag?post=3360"}],"curies":[{"name":"wp","href":"https:\/\/api.w.org\/{rel}","templated":true}]}}