{"id":3288,"date":"2025-03-11T15:19:02","date_gmt":"2025-03-11T14:19:02","guid":{"rendered":"https:\/\/cocos.codes\/?post_type=product&#038;p=3288"},"modified":"2026-04-09T19:38:25","modified_gmt":"2026-04-09T17:38:25","slug":"woocommerce-darmowa-dostawa","status":"publish","type":"product","link":"https:\/\/iarina029.supserv.cozmoslabs.com\/pl\/produkt\/woocommerce-darmowa-dostawa\/","title":{"rendered":"WooCommerce darmowa dostawa 1.0.3"},"content":{"rendered":"\t\t<div data-elementor-type=\"wp-post\" data-elementor-id=\"3288\" class=\"elementor elementor-3288\">\n\t\t\t\t<div class=\"elementor-element elementor-element-dfc0fc3 e-flex e-con-boxed e-con e-parent\" data-id=\"dfc0fc3\" data-element_type=\"container\" data-e-type=\"container\">\n\t\t\t\t\t<div class=\"e-con-inner\">\n\t\t\t\t<div class=\"elementor-element elementor-element-aa982fe elementor-widget elementor-widget-text-editor\" data-id=\"aa982fe\" data-element_type=\"widget\" data-e-type=\"widget\" data-widget_type=\"text-editor.default\">\n\t\t\t\t\t\t\t\t\t<h6><strong>WooCommerce darmowa dostawa \u2013 zwi\u0119ksz sprzeda\u017c dzi\u0119ki darmowej wysy\u0142ce<br \/><\/strong><\/h6><strong>Darmowa wysy\u0142ka <a href=\"https:\/\/woocommerce.com\/\" title=\"WooCommerce\" target=\"_blank\" rel=\"noopener\">WooCommerce<\/a><\/strong> to sprawdzony spos\u00f3b na podniesienie warto\u015bci koszyka. Nasza wtyczka <strong>CC Free Shipping<\/strong> umo\u017cliwia \u0142atw\u0105 konfiguracj\u0119 progu darmowej dostawy oraz personalizacj\u0119 motywuj\u0105cych komunikat\u00f3w. Rozwi\u0105zanie obs\u0142uguje wiele walut, dynamicznie pokazuje brakuj\u0105c\u0105 kwot\u0119 do darmowej wysy\u0142ki i oferuje zaawansowan\u0105 stylizacj\u0119. Zwi\u0119kszaj sprzeda\u017c dzi\u0119ki dedykowanym komunikatom przy kasie i pe\u0142nej kompatybilno\u015bci z popularnymi prze\u0142\u0105cznikami walut.\t\t\t\t\t\t\t\t<\/div>\n\t\t\t\t<div class=\"elementor-element elementor-element-316deeb elementor-widget elementor-widget-spacer\" data-id=\"316deeb\" data-element_type=\"widget\" data-e-type=\"widget\" data-widget_type=\"spacer.default\">\n\t\t\t\t\t\t\t<div class=\"elementor-spacer\">\n\t\t\t<div class=\"elementor-spacer-inner\"><\/div>\n\t\t<\/div>\n\t\t\t\t\t\t<\/div>\n\t\t\t\t\t<\/div>\n\t\t\t\t<\/div>\n\t\t<div class=\"elementor-element elementor-element-4a4fbba e-grid e-con-boxed e-con e-parent\" data-id=\"4a4fbba\" data-element_type=\"container\" data-e-type=\"container\">\n\t\t\t\t\t<div class=\"e-con-inner\">\n\t\t\t\t<div class=\"elementor-element elementor-element-6872402 elementor-widget elementor-widget-pls-button\" data-id=\"6872402\" data-element_type=\"widget\" data-e-type=\"widget\" data-widget_type=\"pls-button.default\">\n\t\t\t\t<div class=\"elementor-widget-container\">\n\t\t\t\t\t<div id=\"pls-button-43996\" class=\"pls-element pls-button\">\n\t<a class=\"button btn-style-flat\" href=\"\/baza-wiedzy\/wordpress\/woocommerce-darmowa-dostawa\/\" title=\"DOKUMENTACJA\"  target=\"_blank\">\n\t\tDOKUMENTACJA\t<\/a>\n<\/div>\n\t\t\t\t<\/div>\n\t\t\t\t<\/div>\n\t\t\t\t<div class=\"elementor-element elementor-element-9d8fdd7 elementor-widget elementor-widget-pls-button\" data-id=\"9d8fdd7\" data-element_type=\"widget\" data-e-type=\"widget\" data-widget_type=\"pls-button.default\">\n\t\t\t\t<div class=\"elementor-widget-container\">\n\t\t\t\t\t<div id=\"pls-button-95124\" class=\"pls-element pls-button\">\n\t<a class=\"button btn-style-flat\" href=\"https:\/\/demo.cocos.codes\/cc_free_shipping\/\" title=\"DEMO\" target=\"_blank\" rel=\"noopener\">\n\t\tDEMO\t<\/a>\n<\/div>\n\t\t\t\t<\/div>\n\t\t\t\t<\/div>\n\t\t\t\t\t<\/div>\n\t\t\t\t<\/div>\n\t\t<div class=\"elementor-element elementor-element-3c1e8fe e-flex e-con-boxed e-con e-parent\" data-id=\"3c1e8fe\" data-element_type=\"container\" data-e-type=\"container\">\n\t\t\t\t\t<div class=\"e-con-inner\">\n\t\t\t\t<div class=\"elementor-element elementor-element-0b775e8 elementor-widget elementor-widget-spacer\" data-id=\"0b775e8\" data-element_type=\"widget\" data-e-type=\"widget\" data-widget_type=\"spacer.default\">\n\t\t\t\t\t\t\t<div class=\"elementor-spacer\">\n\t\t\t<div class=\"elementor-spacer-inner\"><\/div>\n\t\t<\/div>\n\t\t\t\t\t\t<\/div>\n\t\t\t\t<div class=\"elementor-element elementor-element-52c36ce elementor-widget elementor-widget-text-editor\" data-id=\"52c36ce\" data-element_type=\"widget\" data-e-type=\"widget\" data-widget_type=\"text-editor.default\">\n\t\t\t\t\t\t\t\t\t<h6><strong>Kompleksowe opcje konfiguracji<\/strong><\/h6><strong>\u2699\ufe0f Podstawowe ustawienia<\/strong><br \/>\u2705 Pr\u00f3g darmowej wysy\u0142ki &#8211; precyzyjne okre\u015blenie kwoty zam\u00f3wienia, po przekroczeniu kt\u00f3rej klient otrzyma darmow\u0105 wysy\u0142k\u0119<br \/>\u2705 Uwzgl\u0119dnianie kupon\u00f3w rabatowych &#8211; opcja odejmowania warto\u015bci kupon\u00f3w od warto\u015bci koszyka przed sprawdzeniem progu<br \/>\u2705 Uwzgl\u0119dnianie op\u0142at dodatkowych &#8211; mo\u017cliwo\u015b\u0107 uwzgl\u0119dniania op\u0142at o warto\u015bci ujemnej przy obliczaniu progu<br \/>\u2705 Wy\u0142\u0105czenie domy\u015blnych styl\u00f3w CSS &#8211; pe\u0142na kontrola nad wygl\u0105dem poprzez wy\u0142\u0105czenie wbudowanych styl\u00f3w<br \/><br \/><strong>\u2728 Personalizacja komunikat\u00f3w<\/strong><br \/>\u2705 Komunikat poni\u017cej progu &#8211; z dynamiczn\u0105 zmienn\u0105 {remaining} pokazuj\u0105c\u0105 brakuj\u0105c\u0105 kwot\u0119<br \/><strong>\u2705 <\/strong>Komunikat powy\u017cej progu &#8211; informacja o osi\u0105gni\u0119ciu darmowej wysy\u0142ki<br \/>\u2705 Dedykowane komunikaty przy kasie &#8211; oddzielne wiadomo\u015bci dla strony zam\u00f3wienia (poni\u017cej i powy\u017cej progu)<br \/>\u2705 Komunikat pojawiaj\u0105cy si\u0119 przy darmowej metodzie wysy\u0142ki np. (darmowa wysy\u0142ka)<br \/><br \/><strong>\ud83d\udccd Miejsca wy\u015bwietlania<\/strong><br \/>\u2705 Koszyk &#8211; wy\u015bwietlanie komunikat\u00f3w na stronie koszyka<br \/>\u2705 Strona zam\u00f3wienia &#8211; informacje o darmowej wysy\u0142ce podczas finalizacji zam\u00f3wienia<br \/>\u2705 Przed metodami p\u0142atno\u015bci &#8211; strategiczne umieszczenie komunikatu przed wyborem metody p\u0142atno\u015bci<br \/><br \/><strong>\ud83c\udfa8 Zaawansowana stylizacja<\/strong><br \/>\u2705 Kolor tekstu &#8211; oddzielne ustawienia dla komunikat\u00f3w poni\u017cej i powy\u017cej progu<br \/>\u2705 Kolor t\u0142a &#8211; personalizacja t\u0142a dla obu typ\u00f3w komunikat\u00f3w<br \/>\u2705 Kolor obramowania &#8211; dostosowanie koloru ramki dla komunikat\u00f3w poni\u017cej i powy\u017cej progu<br \/>\u2705 Rozmiar obramowania &#8211; precyzyjna kontrola nad grubo\u015bci\u0105 ramki (w pikselach)<br \/>\u2705 Zaokr\u0105glenie obramowania &#8211; ustawienie stopnia zaokr\u0105glenia naro\u017cnik\u00f3w (w pikselach)<br \/>\u2705 Rozmiar czcionki &#8211; mo\u017cliwo\u015b\u0107 zmiany wielko\u015bci tekstu (w pikselach)<br \/>\u2705 W\u0142asny CSS &#8211; pole na zaawansowane style CSS dla pe\u0142nej kontroli nad wygl\u0105dem<br \/><br \/><strong>\ud83d\udcb1 Kompatybilno\u015b\u0107 z wieloma walutami<\/strong><br \/>\u2705 WOOCS &#8211; WooCommerce Currency Switcher<br \/>\u2705 Aelia Currency Switcher<br \/>\u2705 WPML + WooCommerce Multilingual<br \/>\u2705 WooCommerce Multi-Currency<br \/>\u2705 Currency Switcher for WooCommerce by WP Desk<br \/>\u2705 Automatyczne przeliczanie progu na wybran\u0105 przez klienta walut\u0119<br \/><br \/><strong>\ud83d\udd27 Funkcje techniczne<\/strong><br \/>\u2705 Kompatybilno\u015b\u0107 z HPOS &#8211; pe\u0142ne wsparcie dla WooCommerce High-Performance Order Storage<br \/>\u2705 System zarz\u0105dzania licencjami &#8211; wygodna aktywacja i zarz\u0105dzanie licencj\u0105 w panelu administracyjnym<br \/>\u2705 Optymalizacja wydajno\u015bci &#8211; minimalne obci\u0105\u017cenie serwera i szybkie dzia\u0142anie\t\t\t\t\t\t\t\t<\/div>\n\t\t\t\t<div class=\"elementor-element elementor-element-4a5e7ff elementor-widget elementor-widget-spacer\" data-id=\"4a5e7ff\" data-element_type=\"widget\" data-e-type=\"widget\" data-widget_type=\"spacer.default\">\n\t\t\t\t\t\t\t<div class=\"elementor-spacer\">\n\t\t\t<div class=\"elementor-spacer-inner\"><\/div>\n\t\t<\/div>\n\t\t\t\t\t\t<\/div>\n\t\t\t\t<div class=\"elementor-element elementor-element-ce1e9fa elementor-widget elementor-widget-text-editor\" data-id=\"ce1e9fa\" data-element_type=\"widget\" data-e-type=\"widget\" data-widget_type=\"text-editor.default\">\n\t\t\t\t\t\t\t\t\t<h6><strong>\ud83d\udcc8 Podnie\u015b warto\u015b\u0107 koszyka o 20-30%!<\/strong><\/h6>Badania pokazuj\u0105, \u017ce darmowa wysy\u0142ka to jeden z <strong>najskuteczniejszych sposob\u00f3w na zwi\u0119kszenie \u015bredniej warto\u015bci zam\u00f3wienia<\/strong>. Dzi\u0119ki CC Free Shipping <strong>Twoi klienci b\u0119d\u0105 dok\u0142ada\u0107 produkty do koszyka<\/strong>, aby osi\u0105gn\u0105\u0107 pr\u00f3g darmowej wysy\u0142ki &#8211; a wszystko to dzi\u0119ki atrakcyjnym komunikatom, kt\u00f3re <strong>motywuj\u0105 do wi\u0119kszych zakup\u00f3w<\/strong>.\t\t\t\t\t\t\t\t<\/div>\n\t\t\t\t<div class=\"elementor-element elementor-element-8ec8481 elementor-widget elementor-widget-spacer\" data-id=\"8ec8481\" data-element_type=\"widget\" data-e-type=\"widget\" data-widget_type=\"spacer.default\">\n\t\t\t\t\t\t\t<div class=\"elementor-spacer\">\n\t\t\t<div class=\"elementor-spacer-inner\"><\/div>\n\t\t<\/div>\n\t\t\t\t\t\t<\/div>\n\t\t\t\t<div class=\"elementor-element elementor-element-7888287 elementor-widget elementor-widget-text-editor\" data-id=\"7888287\" data-element_type=\"widget\" data-e-type=\"widget\" data-widget_type=\"text-editor.default\">\n\t\t\t\t\t\t\t\t\t<h6><strong>Dla kogo?\u00a0<\/strong><\/h6>Plugin jest idealny dla wszystkich:<br \/>\u2714 Sklep\u00f3w, kt\u00f3re chc\u0105 zwi\u0119kszy\u0107 \u015bredni\u0105 warto\u015b\u0107 koszyka<br \/>\u2714 W\u0142a\u015bcicieli e-commerce poszukuj\u0105cych skutecznych technik sprzeda\u017cowych<br \/>\u2714 <a href=\"https:\/\/iarina029.supserv.cozmoslabs.com\/pl\/produkt-kategoria\/indywidualne-sklepy\/\" title=\"Sklep\u00f3w WooCommerce\">Sklep\u00f3w WooCommerce<\/a>, kt\u00f3re ceni\u0105 profesjonalny wygl\u0105d procesu zakupowego<br \/>\u2714 Sprzedawc\u00f3w, kt\u00f3rzy chc\u0105 zach\u0119ci\u0107 klient\u00f3w do wi\u0119kszych zakup\u00f3w<br \/>\u2714 Biznes\u00f3w o mi\u0119dzynarodowym zasi\u0119gu (dzi\u0119ki obs\u0142udze wielu walut)\t\t\t\t\t\t\t\t<\/div>\n\t\t\t\t<div class=\"elementor-element elementor-element-425c3d6 elementor-widget elementor-widget-spacer\" data-id=\"425c3d6\" data-element_type=\"widget\" data-e-type=\"widget\" data-widget_type=\"spacer.default\">\n\t\t\t\t\t\t\t<div class=\"elementor-spacer\">\n\t\t\t<div class=\"elementor-spacer-inner\"><\/div>\n\t\t<\/div>\n\t\t\t\t\t\t<\/div>\n\t\t\t\t<div class=\"elementor-element elementor-element-4669eef elementor-widget elementor-widget-text-editor\" data-id=\"4669eef\" data-element_type=\"widget\" data-e-type=\"widget\" data-widget_type=\"text-editor.default\">\n\t\t\t\t\t\t\t\t\t<p><div class=\"pls-block pls-block-3297\">\t\t<div data-elementor-type=\"wp-post\" data-elementor-id=\"3297\" class=\"elementor elementor-3297\">\n\t\t\t\t<div class=\"elementor-element elementor-element-d99440d e-flex e-con-boxed e-con e-parent\" data-id=\"d99440d\" data-element_type=\"container\" data-e-type=\"container\" data-settings=\"{&quot;background_background&quot;:&quot;classic&quot;}\">\n\t\t\t\t\t<div class=\"e-con-inner\">\n\t\t\t\t<div class=\"elementor-element elementor-element-b850409 elementor-widget elementor-widget-text-editor\" data-id=\"b850409\" data-element_type=\"widget\" data-e-type=\"widget\" data-widget_type=\"text-editor.default\">\n\t\t\t\t\t\t\t\t\t<h6><strong>\u00a0Zwi\u0119ksz mo\u017cliwo\u015bci swojego sklepu ju\u017c dzi\u015b! <\/strong><strong>\ud83d\ude80<\/strong><\/h6>Dodaj nowe funkcje, popraw wygod\u0119 u\u017cytkownik\u00f3w i zwi\u0119ksz konwersj\u0119 dzi\u0119ki naszemu modu\u0142owi. Prosta instalacja, pe\u0142na kompatybilno\u015b\u0107 i regularne aktualizacje \u2013 wszystko, czego potrzebujesz, aby Tw\u00f3j sklep dzia\u0142a\u0142 jeszcze lepiej.<br \/>\u2705 \u0141atwa konfiguracja \u2705 Profesjonalne wsparcie \u2705 Bezproblemowa integracja<br \/><br \/><a class=\"button simple\" href=\"#main-content\" title=\"Zainstaluj I Zacznij Korzysta\u0107 Ju\u017c Teraz!\">Zainstaluj i zacznij korzysta\u0107 ju\u017c teraz!<\/a>\t\t\t\t\t\t\t\t<\/div>\n\t\t\t\t\t<\/div>\n\t\t\t\t<\/div>\n\t\t\t\t<\/div>\n\t\t<\/div><\/p>\t\t\t\t\t\t\t\t<\/div>\n\t\t\t\t\t<\/div>\n\t\t\t\t<\/div>\n\t\t\t\t<\/div>\n\t\t","protected":false},"excerpt":{"rendered":"Woo Commerce darmowa dostawa \u2013 zwi\u0119ksz sprzeda\u017c dzi\u0119ki darmowej wysy\u0142ce Darmowa wysy\u0142ka Woo Commerce to sprawdzony spos\u00f3b na podniesienie warto\u015bci koszyka. Nasza wtyczka CC Free Shipping umo\u017cliwia \u0142atw\u0105 konfiguracj\u0119 progu","protected":false},"featured_media":3809,"comment_status":"open","ping_status":"closed","template":"","meta":{"powered_cache_disable_cache":false,"powered_cache_disable_css_optimization":false,"powered_cache_disable_js_optimization":false},"product_brand":[275],"product_cat":[128,132],"product_tag":[200,199,198],"class_list":{"0":"post-3288","1":"product","2":"type-product","3":"status-publish","4":"has-post-thumbnail","6":"product_brand-cocos","7":"product_cat-moduly","8":"product_cat-wordpress","9":"product_tag-darmowa-dostawa","10":"product_tag-woocommerce","11":"product_tag-wordpress","13":"first","14":"instock","15":"featured","16":"downloadable","17":"virtual","18":"taxable","19":"purchasable","20":"product-type-simple"},"_links":{"self":[{"href":"https:\/\/iarina029.supserv.cozmoslabs.com\/pl\/wp-json\/wp\/v2\/product\/3288","targetHints":{"allow":["GET"]}}],"collection":[{"href":"https:\/\/iarina029.supserv.cozmoslabs.com\/pl\/wp-json\/wp\/v2\/product"}],"about":[{"href":"https:\/\/iarina029.supserv.cozmoslabs.com\/pl\/wp-json\/wp\/v2\/types\/product"}],"replies":[{"embeddable":true,"href":"https:\/\/iarina029.supserv.cozmoslabs.com\/pl\/wp-json\/wp\/v2\/comments?post=3288"}],"version-history":[{"count":0,"href":"https:\/\/iarina029.supserv.cozmoslabs.com\/pl\/wp-json\/wp\/v2\/product\/3288\/revisions"}],"wp:featuredmedia":[{"embeddable":true,"href":"https:\/\/iarina029.supserv.cozmoslabs.com\/pl\/wp-json\/wp\/v2\/media\/3809"}],"wp:attachment":[{"href":"https:\/\/iarina029.supserv.cozmoslabs.com\/pl\/wp-json\/wp\/v2\/media?parent=3288"}],"wp:term":[{"taxonomy":"product_brand","embeddable":true,"href":"https:\/\/iarina029.supserv.cozmoslabs.com\/pl\/wp-json\/wp\/v2\/product_brand?post=3288"},{"taxonomy":"product_cat","embeddable":true,"href":"https:\/\/iarina029.supserv.cozmoslabs.com\/pl\/wp-json\/wp\/v2\/product_cat?post=3288"},{"taxonomy":"product_tag","embeddable":true,"href":"https:\/\/iarina029.supserv.cozmoslabs.com\/pl\/wp-json\/wp\/v2\/product_tag?post=3288"}],"curies":[{"name":"wp","href":"https:\/\/api.w.org\/{rel}","templated":true}]}}