{"id":2770,"date":"2025-03-03T14:42:32","date_gmt":"2025-03-03T13:42:32","guid":{"rendered":"https:\/\/cocos.codes\/?post_type=product&#038;p=2770"},"modified":"2026-01-21T17:36:14","modified_gmt":"2026-01-21T16:36:14","slug":"przeprowadzka-strony-wordpress-prestashop","status":"publish","type":"product","link":"https:\/\/iarina029.supserv.cozmoslabs.com\/pl\/produkt\/przeprowadzka-strony-wordpress-prestashop\/","title":{"rendered":"Przeprowadzka strony WordPress 6.x\/PrestaShop 1.7\/8.x\/9.x"},"content":{"rendered":"\t\t<div data-elementor-type=\"wp-post\" data-elementor-id=\"2770\" class=\"elementor elementor-2770\">\n\t\t\t\t<div class=\"elementor-element elementor-element-4d1107db e-flex e-con-boxed e-con e-parent\" data-id=\"4d1107db\" data-element_type=\"container\" data-e-type=\"container\">\n\t\t\t\t\t<div class=\"e-con-inner\">\n\t\t\t\t<div class=\"elementor-element elementor-element-32101906 elementor-widget elementor-widget-text-editor\" data-id=\"32101906\" data-element_type=\"widget\" data-e-type=\"widget\" data-widget_type=\"text-editor.default\">\n\t\t\t\t\t\t\t\t\t<h6><strong>Przeprowadzka strony WordPress<br \/><\/strong><\/h6><h6>Przeprowadzka strony PrestaShop<\/h6>Profesjonalne <strong>przeniesienie strony<\/strong> wymaga do\u015bwiadczenia i precyzji. Oferujemy p\u0142ynn\u0105 migracj\u0119 <a href=\"https:\/\/wordpress.org\/\" title=\"WordPress\" target=\"_blank\" rel=\"noopener\">WordPress<\/a> i <a href=\"https:\/\/www.prestashop.com\/\" title=\"PrestaShop\" target=\"_blank\" rel=\"noopener\">PrestaShop<\/a> na nowy serwer \u2013 bez stresu i przestoj\u00f3w. Przenosimy wszystkie pliki, bazy danych, wtyczki i motywy, dbaj\u0105c o bezpiecze\u0144stwo i optymalizacj\u0119 na <a href=\"https:\/\/iarina029.supserv.cozmoslabs.com\/produkt\/cocos_host-stabilny-i-bezpieczny-hosting-dla-twojego-biznesu\/\" title=\"Nowym Hostingu\">nowym hostingu<\/a>. W cenie us\u0142ugi otrzymujesz kopi\u0119 zapasow\u0105, monitorowanie DNS, migracj\u0119 zada\u0144 CRON oraz 14 dni wsparcia technicznego.<br \/><br \/><h6>Co oferujemy:<\/h6><div><ol><li><strong>Kompleksowa migracja \ud83d\uddc2\ufe0f:<\/strong> Przenosimy wszystkie pliki, bazy danych, wtyczki, motywy i konta e-mail \u2013 bezpiecznie i z dba\u0142o\u015bci\u0105 o szczeg\u00f3\u0142y.<\/li><li><strong>Zero przestoj\u00f3w \u23f1\ufe0f:<\/strong> Twoja strona lub sklep b\u0119d\u0105 dost\u0119pne przez ca\u0142y czas \u2013 minimalizujemy niedogodno\u015bci do zera.<\/li><li><strong>Optymalizacja na nowym serwerze \u26a1 :<\/strong> Po migracji testujemy i dostosowujemy ustawienia, aby witryna dzia\u0142a\u0142a szybciej i sprawniej.<\/li><li><strong>Pe\u0142ne wsparcie dla WordPress i PrestaShop \ud83d\udee0\ufe0f:<\/strong> Przenosimy ka\u017cd\u0105 wersj\u0119 i konfiguracj\u0119, zachowuj\u0105c 100% funkcjonalno\u015bci.<\/li><li><strong>Aktualizacja DNS \ud83c\udf0d:<\/strong> Monitorujemy proces aktualizacji DNS, skracaj\u0105c czas zmian do minimum (nawet do kilku godzin!).<\/li><li><strong>Przenoszenie zada\u0144 CRON \ud83d\udd04:<\/strong> Dbamy o poprawne dzia\u0142anie zada\u0144 CRON na nowym serwerze.<\/li><\/ol><\/div>\t\t\t\t\t\t\t\t<\/div>\n\t\t\t\t\t<\/div>\n\t\t\t\t<\/div>\n\t\t<div class=\"elementor-element elementor-element-7032d6e e-flex e-con-boxed e-con e-parent\" data-id=\"7032d6e\" data-element_type=\"container\" data-e-type=\"container\">\n\t\t\t\t\t<div class=\"e-con-inner\">\n\t\t\t\t<div class=\"elementor-element elementor-element-7829b3c elementor-widget elementor-widget-heading\" data-id=\"7829b3c\" data-element_type=\"widget\" data-e-type=\"widget\" data-widget_type=\"heading.default\">\n\t\t\t\t\t<h6 class=\"elementor-heading-title elementor-size-default\">Dodatkowe korzy\u015bci:<\/h6>\t\t\t\t<\/div>\n\t\t\t\t\t<\/div>\n\t\t\t\t<\/div>\n\t\t<div class=\"elementor-element elementor-element-706f456 e-grid e-con-boxed e-con e-parent\" data-id=\"706f456\" data-element_type=\"container\" data-e-type=\"container\">\n\t\t\t\t\t<div class=\"e-con-inner\">\n\t\t\t\t<div class=\"elementor-element elementor-element-7ac3ce6 elementor-widget elementor-widget-text-editor\" data-id=\"7ac3ce6\" data-element_type=\"widget\" data-e-type=\"widget\" data-widget_type=\"text-editor.default\">\n\t\t\t\t\t\t\t\t\t<h6 style=\"text-align: center;\"><strong>Bezpiecze\u0144stwo danych \ud83d\udd12<\/strong><\/h6><p style=\"text-align: center;\">Wiemy, jak wa\u017cne s\u0105 Twoje dane, dlatego podczas migracji dbamy o ich pe\u0142ne bezpiecze\u0144stwo. Przed rozpocz\u0119ciem procesu tworzymy <strong>kopi\u0119 zapasow\u0105<\/strong> ca\u0142ej strony\/sklepu. W razie jakichkolwiek problem\u00f3w, natychmiast przywracamy poprzedni\u0105 wersj\u0119, aby\u015b nie musia\u0142 si\u0119 martwi\u0107 o utrat\u0119 danych. Twoje pliki, baza danych i konfiguracja s\u0105 w bezpiecznych r\u0119kach!<br \/><br \/><\/p>\t\t\t\t\t\t\t\t<\/div>\n\t\t\t\t<div class=\"elementor-element elementor-element-a9b7e19 elementor-widget elementor-widget-text-editor\" data-id=\"a9b7e19\" data-element_type=\"widget\" data-e-type=\"widget\" data-widget_type=\"text-editor.default\">\n\t\t\t\t\t\t\t\t\t<h6 style=\"text-align: center;\"><strong>Wsparcie po migracji \ud83d\udee0\ufe0f<\/strong><\/h6><p style=\"text-align: center;\">Migracja to nie koniec naszej wsp\u00f3\u0142pracy! Oferujemy <strong>14-dniowe wsparcie techniczne<\/strong> po zako\u0144czeniu przenoszenia strony\/sklepu. Je\u015bli zauwa\u017cysz jakiekolwiek problemy lub b\u0119dziesz mia\u0142 pytania dotycz\u0105ce nowego serwera, nasi eksperci s\u0105 do <strong>Twojej<\/strong> dyspozycji. Dzi\u0119ki temu masz pewno\u015b\u0107, \u017ce wszystko dzia\u0142a tak, jak powinno.<\/p>\t\t\t\t\t\t\t\t<\/div>\n\t\t\t\t<div class=\"elementor-element elementor-element-07fe717 elementor-widget elementor-widget-text-editor\" data-id=\"07fe717\" data-element_type=\"widget\" data-e-type=\"widget\" data-widget_type=\"text-editor.default\">\n\t\t\t\t\t\t\t\t\t<h6 style=\"text-align: center;\"><strong>Bezp\u0142atna konsultacja \ud83d\udde3\ufe0f<\/strong><\/h6><p style=\"text-align: center;\">Nie jeste\u015b pewien, czy Twoja strona\/sklep jest gotowy do migracji? Bez obaw! Oferujemy <strong>darmow\u0105<\/strong> konsultacj\u0119, podczas kt\u00f3rej <strong>przeanalizujemy<\/strong> obecn\u0105 konfiguracj\u0119, wersje oprogramowania, wtyczki i motywy. Dzi\u0119ki temu przygotujemy <strong>spersonalizowany plan migracji<\/strong>, kt\u00f3ry zapewni p\u0142ynne przeniesienie bez niespodzianek. To nasz spos\u00f3b na to, aby\u015b mia\u0142 pe\u0142n\u0105 kontrol\u0119 nad procesem.<\/p>\t\t\t\t\t\t\t\t<\/div>\n\t\t\t\t\t<\/div>\n\t\t\t\t<\/div>\n\t\t<div class=\"elementor-element elementor-element-9a04ba6 e-flex e-con-boxed e-con e-parent\" data-id=\"9a04ba6\" data-element_type=\"container\" data-e-type=\"container\">\n\t\t\t\t\t<div class=\"e-con-inner\">\n\t\t\t\t<div class=\"elementor-element elementor-element-4c26bd7 elementor-widget elementor-widget-spacer\" data-id=\"4c26bd7\" data-element_type=\"widget\" data-e-type=\"widget\" data-widget_type=\"spacer.default\">\n\t\t\t\t\t\t\t<div class=\"elementor-spacer\">\n\t\t\t<div class=\"elementor-spacer-inner\"><\/div>\n\t\t<\/div>\n\t\t\t\t\t\t<\/div>\n\t\t\t\t\t<\/div>\n\t\t\t\t<\/div>\n\t\t<div class=\"elementor-element elementor-element-ef62bdf e-flex e-con-boxed e-con e-parent\" data-id=\"ef62bdf\" data-element_type=\"container\" data-e-type=\"container\" data-settings=\"{&quot;background_background&quot;:&quot;classic&quot;}\">\n\t\t\t\t\t<div class=\"e-con-inner\">\n\t\t\t\t<div class=\"elementor-element elementor-element-c334b42 elementor-widget elementor-widget-text-editor\" data-id=\"c334b42\" data-element_type=\"widget\" data-e-type=\"widget\" data-widget_type=\"text-editor.default\">\n\t\t\t\t\t\t\t\t\t<h6 style=\"text-align: center;\">Nie przejmuj si\u0119 technicznymi zawi\u0142o\u015bciami przeprowadzki! \ud83d\ude9a<\/h6><p style=\"text-align: center;\">Powierz to nam \u2013 <strong>ekspertom<\/strong>, kt\u00f3rzy zadbaj\u0105 o ka\u017cdy detal.<\/p><p style=\"text-align: center;\"><a class=\"button simple\" href=\"https:\/\/iarina029.supserv.cozmoslabs.com\/kontakt\/\" title=\"Skontaktuj Si\u0119 Z Nami Ju\u017c Dzi\u015b, Aby Om\u00f3wi\u0107 Szczeg\u00f3\u0142y Migracji!\">Skontaktuj si\u0119 z nami ju\u017c dzi\u015b, aby om\u00f3wi\u0107 szczeg\u00f3\u0142y migracji!<\/a><\/p><p style=\"text-align: center;\"><strong>Skup si\u0119 na swoim biznesie, a my zajmiemy si\u0119 reszt\u0105.<\/strong> <br \/>Przenie\u015b swoj\u0105 stron\u0119 lub sklep na nowy serwer z pewno\u015bci\u0105, \u017ce wszystko przebiegnie od A do Z bez \u017cadnych problem\u00f3w!<\/p>\t\t\t\t\t\t\t\t<\/div>\n\t\t\t\t\t<\/div>\n\t\t\t\t<\/div>\n\t\t<div class=\"elementor-element elementor-element-d2ad6e7 e-flex e-con-boxed e-con e-parent\" data-id=\"d2ad6e7\" data-element_type=\"container\" data-e-type=\"container\">\n\t\t\t\t\t<div class=\"e-con-inner\">\n\t\t\t\t<div class=\"elementor-element elementor-element-9709519 elementor-widget elementor-widget-spacer\" data-id=\"9709519\" data-element_type=\"widget\" data-e-type=\"widget\" data-widget_type=\"spacer.default\">\n\t\t\t\t\t\t\t<div class=\"elementor-spacer\">\n\t\t\t<div class=\"elementor-spacer-inner\"><\/div>\n\t\t<\/div>\n\t\t\t\t\t\t<\/div>\n\t\t\t\t<div class=\"elementor-element elementor-element-79a7d82 elementor-widget elementor-widget-heading\" data-id=\"79a7d82\" data-element_type=\"widget\" data-e-type=\"widget\" data-widget_type=\"heading.default\">\n\t\t\t\t\t<h6 class=\"elementor-heading-title elementor-size-default\">Jaki pakiet (ilo\u015b\u0107 danych) wybra\u0107?<\/h6>\t\t\t\t<\/div>\n\t\t\t\t<div class=\"elementor-element elementor-element-b92a65a elementor-widget elementor-widget-text-editor\" data-id=\"b92a65a\" data-element_type=\"widget\" data-e-type=\"widget\" data-widget_type=\"text-editor.default\">\n\t\t\t\t\t\t\t\t\t<table class=\"cc-table\"><thead><tr><th style=\"text-align: left;\">Rozmiar<\/th><th style=\"text-align: left;\">Dla kogo<\/th><th style=\"text-align: left;\">Czego si\u0119 spodziewa\u0107<\/th><\/tr><\/thead><tbody><tr><td><strong>do 5 GB \ud83d\udce6<\/strong>\u00a0\u2013 Mikro strona\/sklep<\/td><td>Blogi, portfolio, ma\u0142e sklepy (<strong>do 25<\/strong> produkt\u00f3w).<\/td><td><strong>Proste<\/strong> szablony, kilka wtyczek, niewielka baza danych.<\/td><\/tr><tr><td><strong>do 10 GB \ud83d\ude9a<\/strong>\u00a0\u2013 Ma\u0142a strona\/sklep<\/td><td>Strony firmowe, sklepy (<strong>do 50<\/strong> produkt\u00f3w).<\/td><td><strong>Kilkana\u015bcie<\/strong> wtyczek, podstawowe funkcjonalno\u015bci e-commerce.<\/td><\/tr><tr><td><strong>do 20 GB \ud83c\udfe2<\/strong>\u00a0\u2013 \u015arednia strona\/sklep<\/td><td>Du\u017ce sklepy (<strong>do 250<\/strong> produkt\u00f3w), strony z du\u017c\u0105 ilo\u015bci\u0105 tre\u015bci.<\/td><td>Zaawansowane funkcjonalno\u015bci, baza danych <strong>oko\u0142o 1 GB<\/strong>.<\/td><\/tr><tr><td><strong>do 50 GB \ud83c\udf10<\/strong>\u00a0\u2013 Du\u017ca strona\/sklep<\/td><td>Ogromne sklepy (<strong>powy\u017cej 250<\/strong> produkt\u00f3w), platformy z multimediami.<\/td><td>Skomplikowane funkcjonalno\u015bci, baza danych <strong>oko\u0142o 5 GB<\/strong>.<\/td><\/tr><tr><td><strong>powy\u017cej 50 GB \ud83d\udee0\ufe0f\u00a0<\/strong> \u2013 Bardzo du\u017ca strona\/sklep (indywidualna wycena)<\/td><td>Platformy SaaS, sklepy wieloj\u0119zyczne, strony z <strong>ogromn\u0105<\/strong> ilo\u015bci\u0105 danych.<\/td><td>Pe\u0142na personalizacja, zaawansowane integracje, baza danych <strong>powy\u017cej 5 GB<\/strong>.<\/td><\/tr><\/tbody><\/table>\t\t\t\t\t\t\t\t<\/div>\n\t\t\t\t\t<\/div>\n\t\t\t\t<\/div>\n\t\t\t\t<\/div>\n\t\t","protected":false},"excerpt":{"rendered":"Przeprowadzka strony Word Press Przeprowadzka strony Presta Shop Profesjonalne przeniesienie strony wymaga do\u015bwiadczenia i precyzji. Oferujemy p\u0142ynn\u0105 migracj\u0119 Word Press i Presta Shop na nowy serwer \u2013 bez stresu i","protected":false},"featured_media":2780,"comment_status":"open","ping_status":"closed","template":"","meta":{"powered_cache_disable_cache":false,"powered_cache_disable_css_optimization":false,"powered_cache_disable_js_optimization":false},"product_brand":[275],"product_cat":[129],"product_tag":[256,244,255,198],"class_list":{"0":"post-2770","1":"product","2":"type-product","3":"status-publish","4":"has-post-thumbnail","6":"product_brand-cocos","7":"product_cat-uslugi","8":"product_tag-migracja","9":"product_tag-prestashop","10":"product_tag-przeniesienie-strony","11":"product_tag-wordpress","13":"first","14":"instock","15":"taxable","16":"shipping-taxable","17":"purchasable","18":"product-type-variable","19":"has-default-attributes"},"_links":{"self":[{"href":"https:\/\/iarina029.supserv.cozmoslabs.com\/pl\/wp-json\/wp\/v2\/product\/2770","targetHints":{"allow":["GET"]}}],"collection":[{"href":"https:\/\/iarina029.supserv.cozmoslabs.com\/pl\/wp-json\/wp\/v2\/product"}],"about":[{"href":"https:\/\/iarina029.supserv.cozmoslabs.com\/pl\/wp-json\/wp\/v2\/types\/product"}],"replies":[{"embeddable":true,"href":"https:\/\/iarina029.supserv.cozmoslabs.com\/pl\/wp-json\/wp\/v2\/comments?post=2770"}],"version-history":[{"count":0,"href":"https:\/\/iarina029.supserv.cozmoslabs.com\/pl\/wp-json\/wp\/v2\/product\/2770\/revisions"}],"wp:featuredmedia":[{"embeddable":true,"href":"https:\/\/iarina029.supserv.cozmoslabs.com\/pl\/wp-json\/wp\/v2\/media\/2780"}],"wp:attachment":[{"href":"https:\/\/iarina029.supserv.cozmoslabs.com\/pl\/wp-json\/wp\/v2\/media?parent=2770"}],"wp:term":[{"taxonomy":"product_brand","embeddable":true,"href":"https:\/\/iarina029.supserv.cozmoslabs.com\/pl\/wp-json\/wp\/v2\/product_brand?post=2770"},{"taxonomy":"product_cat","embeddable":true,"href":"https:\/\/iarina029.supserv.cozmoslabs.com\/pl\/wp-json\/wp\/v2\/product_cat?post=2770"},{"taxonomy":"product_tag","embeddable":true,"href":"https:\/\/iarina029.supserv.cozmoslabs.com\/pl\/wp-json\/wp\/v2\/product_tag?post=2770"}],"curies":[{"name":"wp","href":"https:\/\/api.w.org\/{rel}","templated":true}]}}