{"id":2692,"date":"2025-03-02T13:30:53","date_gmt":"2025-03-02T12:30:53","guid":{"rendered":"https:\/\/cocos.codes\/?post_type=product&#038;p=2692"},"modified":"2026-04-09T19:38:28","modified_gmt":"2026-04-09T17:38:28","slug":"serwer-vps-superszybki-i-mocny-serwer","status":"publish","type":"product","link":"https:\/\/iarina029.supserv.cozmoslabs.com\/pl\/produkt\/serwer-vps-superszybki-i-mocny-serwer\/","title":{"rendered":"Serwer VPS \u2013 superszybki i mocny serwer dla wymagaj\u0105cych \ud83d\udcaa"},"content":{"rendered":"\t\t<div data-elementor-type=\"wp-post\" data-elementor-id=\"2692\" class=\"elementor elementor-2692\">\n\t\t\t\t<div class=\"elementor-element elementor-element-49939bd3 e-flex e-con-boxed e-con e-parent\" data-id=\"49939bd3\" data-element_type=\"container\" data-e-type=\"container\">\n\t\t\t\t\t<div class=\"e-con-inner\">\n\t\t\t\t<div class=\"elementor-element elementor-element-45b48c71 elementor-widget elementor-widget-text-editor\" data-id=\"45b48c71\" data-element_type=\"widget\" data-e-type=\"widget\" data-widget_type=\"text-editor.default\">\n\t\t\t\t\t\t\t\t\t<strong>Serwer VPS \u2013 superszybki i niezawodny dla wymagaj\u0105cych projekt\u00f3w<\/strong><br \/>Potrzebujesz pe\u0142nej kontroli i maksymalnej wydajno\u015bci? Nasz <strong>serwer VPS<\/strong> to dedykowane zasoby z procesorami <a href=\"https:\/\/www.amd.com\/pl\/products\/epyc-processors\" title=\"AMD EPYC\u2122 7002\" target=\"_blank\" rel=\"noopener\">AMD EPYC\u2122 7002<\/a>, kt\u00f3re gwarantuj\u0105 szybko\u015b\u0107 i stabilno\u015b\u0107 dzia\u0142ania. Oferujemy premium caching (<a href=\"https:\/\/nginx.org\/en\/\" title=\"Nginx Cache\" target=\"_blank\" rel=\"noopener\">Nginx Cache<\/a> + Redis), 14-dniowy backup S3, monitoring 24\/7 oraz pe\u0142n\u0105 administracj\u0119. Uptime na poziomie 99,9% zapewnia niezawodno\u015b\u0107 dla stron, aplikacji i <a href=\"https:\/\/iarina029.supserv.cozmoslabs.com\/pl\/produkt-kategoria\/indywidualne-sklepy\/\" title=\"Sklep\u00f3w WooCommerce\">sklep\u00f3w WooCommerce<\/a>. To idealne rozwi\u0105zanie dla wymagaj\u0105cych projekt\u00f3w, kt\u00f3re potrzebuj\u0105 wi\u0119cej ni\u017c standardowy <a href=\"https:\/\/iarina029.supserv.cozmoslabs.com\/produkt\/cocos_host-stabilny-i-bezpieczny-hosting-dla-twojego-biznesu\/\" title=\"Hosting Biznesowy\">hosting biznesowy<\/a>. <br \/><br \/><h6>Co oferujemy?<\/h6><ul><li><strong><span style=\"text-decoration: underline;\">Pe\u0142na administracja<\/span> i aktualizacje systemowe<\/strong> \u2013 dbamy o Tw\u00f3j serwer, zapewniaj\u0105c jego ci\u0105g\u0142\u0105 optymalizacj\u0119 i bezpiecze\u0144stwo.<\/li><li><strong>Wysoka wydajno\u015b\u0107<\/strong> \u2013 procesory <strong>AMD EPYC\u2122 7002<\/strong> i premium caching (<strong>Nginx Cache<\/strong> + <strong>Redis<\/strong>) gwarantuj\u0105 b\u0142yskawiczne dzia\u0142anie aplikacji i stron internetowych.<\/li><li><strong>14-dniowy pe\u0142ny backup S3<\/strong> \u2013 Twoje dane s\u0105 bezpieczne dzi\u0119ki codziennym kopiom zapasowym przechowywanym na oddzielnych serwerach.<\/li><li><strong>Dedykowane zasoby<\/strong> \u2013 CPU, RAM i przestrze\u0144 dyskowa wy\u0142\u0105cznie do Twojej dyspozycji, zapewniaj\u0105c pe\u0142n\u0105 moc dla wymagaj\u0105cych projekt\u00f3w.<\/li><li><strong>Bezpiecze\u0144stwo na najwy\u017cszym poziomie<\/strong> \u2013 certyfikat SSL, zapora sieciowa (firewall) oraz ochrona przed atakami DDoS chroni\u0105 Tw\u00f3j serwer przed zagro\u017ceniami.<\/li><li><strong>Ca\u0142odobowy monitoring 24\/7<\/strong> \u2013 Tw\u00f3j serwer jest pod sta\u0142\u0105 opiek\u0105, a uptime na poziomie <strong>99,9%<\/strong> gwarantuje niezawodno\u015b\u0107 us\u0142ug.<\/li><li><strong>Elastyczno\u015b\u0107 i skalowalno\u015b\u0107<\/strong> \u2013 darmowy dost\u0119p do panelu <strong>COCOS. Control Panel<\/strong> pozwala na \u0142atwe zarz\u0105dzanie serwerem, a w razie potrzeby mo\u017cesz szybko zwi\u0119kszy\u0107 zasoby.<\/li><li><strong>Wsparcie techniczne 24\/7<\/strong> \u2013 nasz zesp\u00f3\u0142 jest dost\u0119pny przez email i chat o ka\u017cdej porze, gotowy rozwi\u0105za\u0107 Twoje problemy.<\/li><\/ul>Nasz serwer VPS to idealne rozwi\u0105zanie dla tych, kt\u00f3rzy potrzebuj\u0105 niezawodno\u015bci, pe\u0142nej kontroli i wyj\u0105tkowej wydajno\u015bci. Niezale\u017cnie od tego, czy prowadzisz zaawansowane aplikacje, sklepy internetowe czy inne projekty, z naszym VPS masz pewno\u015b\u0107, \u017ce Tw\u00f3j serwer sprosta ka\u017cdym wymaganiom, dzia\u0142aj\u0105c zawsze na pe\u0142nych obrotach.\t\t\t\t\t\t\t\t<\/div>\n\t\t\t\t<div class=\"elementor-element elementor-element-7ea57db elementor-widget elementor-widget-spacer\" data-id=\"7ea57db\" data-element_type=\"widget\" data-e-type=\"widget\" data-widget_type=\"spacer.default\">\n\t\t\t\t\t\t\t<div class=\"elementor-spacer\">\n\t\t\t<div class=\"elementor-spacer-inner\"><\/div>\n\t\t<\/div>\n\t\t\t\t\t\t<\/div>\n\t\t\t\t<div class=\"elementor-element elementor-element-a7f394b elementor-widget elementor-widget-heading\" data-id=\"a7f394b\" data-element_type=\"widget\" data-e-type=\"widget\" data-widget_type=\"heading.default\">\n\t\t\t\t\t<h6 class=\"elementor-heading-title elementor-size-default\">Pakiety - specyfikacja szczeg\u00f3\u0142owa<\/h6>\t\t\t\t<\/div>\n\t\t\t\t<div class=\"elementor-element elementor-element-ac447e7 elementor-widget elementor-widget-text-editor\" data-id=\"ac447e7\" data-element_type=\"widget\" data-e-type=\"widget\" data-widget_type=\"text-editor.default\">\n\t\t\t\t\t\t\t\t\t<table class=\"cc-table\"><thead><tr><th>Pakiet<\/th><th>Pojemno\u015b\u0107<\/th><th>Wsp\u00f3lne Korzy\u015bci COCOS.<\/th><\/tr><\/thead><tbody><tr><td><strong>COCOS_VPS_40<\/strong><\/td><td><strong>40<\/strong> GB NVMe \u26a1<\/td><td class=\"cc-details\" rowspan=\"6\"><br \/>\u2714 <span style=\"text-decoration: underline;\"><strong>Pe\u0142na administracja<\/strong><\/span> i <strong>aktualizacje<\/strong> systemowe \ud83d\udd27<br \/>\u2714 14-dniowy <strong>pe\u0142ny backup S3, <\/strong>przechowywany na <strong>oddzielnych<\/strong> serwerach\u00a0\ud83d\udcbe<br \/>\u2714 <strong>Certyfikat SSL<\/strong> dla bezpiecznego po\u0142\u0105czenia \ud83d\udd11<br \/>\u2714 Zapora sieciowa (<strong>firewall<\/strong>) chroni\u0105ca przed zagro\u017ceniami \ud83d\udd25<br \/>\u2714 Ochrona przed <strong>atakami DDoS<\/strong> zapewniaj\u0105ca stabilno\u015b\u0107 \ud83d\udee1\ufe0f<br \/>\u2714 Ca\u0142odobowy monitoring serwera <strong>24\/7<\/strong> \ud83d\udc40<br \/>\u2714 Wsparcie techniczne: <strong>24\/7<\/strong> (email, chat) \ud83d\udcac<br \/>\u2714 Uptime: <strong>99,9%<\/strong> \ud83d\udcc8<br \/>\u2714 Wysoka wydajno\u015b\u0107: Procesory <strong>AMD EPYC\u2122 7002<\/strong>\u26a1<br \/>\u2714 Premium Caching: <strong>Nginx Cache<\/strong> + <strong>Redis<\/strong> dla maksymalnej szybko\u015bci \ud83d\ude80<br \/>\u2714 Darmowy dost\u0119p do panelu <strong>COCOS. Control Panel<\/strong> \ud83d\udda5\ufe0f<\/td><\/tr><tr><td><strong>COCOS_VPS_80<\/strong><\/td><td><strong>80<\/strong> GB NVMe \u26a1<\/td><\/tr><tr><td><strong>COCOS_VPS_160<\/strong><\/td><td><strong>160<\/strong> GB NVMe \u26a1<\/td><\/tr><tr><td><strong>COCOS_VPS_240<\/strong><\/td><td><strong>240<\/strong> GB NVMe \u26a1<\/td><\/tr><tr><td><strong>COCOS_VPS_360<\/strong><\/td><td><strong>360<\/strong> GB NVMe \u26a1<\/td><\/tr><\/tbody><\/table>\t\t\t\t\t\t\t\t<\/div>\n\t\t\t\t<div class=\"elementor-element elementor-element-9631622 elementor-widget elementor-widget-spacer\" data-id=\"9631622\" data-element_type=\"widget\" data-e-type=\"widget\" data-widget_type=\"spacer.default\">\n\t\t\t\t\t\t\t<div class=\"elementor-spacer\">\n\t\t\t<div class=\"elementor-spacer-inner\"><\/div>\n\t\t<\/div>\n\t\t\t\t\t\t<\/div>\n\t\t\t\t<div class=\"elementor-element elementor-element-cce84e5 elementor-widget elementor-widget-text-editor\" data-id=\"cce84e5\" data-element_type=\"widget\" data-e-type=\"widget\" data-widget_type=\"text-editor.default\">\n\t\t\t\t\t\t\t\t\t<p><div class=\"pls-block pls-block-3263\">\t\t<div data-elementor-type=\"wp-post\" data-elementor-id=\"3263\" class=\"elementor elementor-3263\">\n\t\t\t\t<div class=\"elementor-element elementor-element-199e8ab e-flex e-con-boxed e-con e-child\" data-id=\"199e8ab\" data-element_type=\"container\" data-e-type=\"container\" data-settings=\"{&quot;background_background&quot;:&quot;classic&quot;}\">\n\t\t\t\t\t<div class=\"e-con-inner\">\n\t\t\t\t<div class=\"elementor-element elementor-element-1d2e8eb elementor-widget elementor-widget-text-editor\" data-id=\"1d2e8eb\" data-element_type=\"widget\" data-e-type=\"widget\" data-widget_type=\"text-editor.default\">\n\t\t\t\t\t\t\t\t\t<h6 style=\"text-align: center;\">Zadbaj o stabilno\u015b\u0107 swojego biznesu ju\u017c teraz! \u26a1<\/h6><p style=\"text-align: center;\">Powierz sw\u00f3j serwer w r\u0119ce <strong>ekspert\u00f3w<\/strong>, kt\u00f3rzy zadbaj\u0105 o <strong>niezawodno\u015b\u0107<\/strong> i <strong>bezpiecze\u0144stwo<\/strong> Twoich danych.<\/p><p style=\"text-align: center;\"><a class=\"button simple\" href=\"https:\/\/iarina029.supserv.cozmoslabs.com\/kontakt\/\" title=\"Skontaktuj Si\u0119 Z Nami Ju\u017c Dzi\u015b, Aby Wybra\u0107 Idealny Serwer Dla Ciebie!\">Skontaktuj si\u0119 z nami ju\u017c dzi\u015b, aby wybra\u0107 idealny serwer dla Ciebie!<\/a><\/p><p style=\"text-align: center;\"><strong>Skup si\u0119 na swoim biznesie, a my zajmiemy si\u0119 reszt\u0105.<\/strong> <br \/>Z naszym serwerem masz pewno\u015b\u0107, \u017ce Twoja strona, sklep lub aplikacja b\u0119dzie dzia\u0142a\u0107 szybko, bezpiecznie i bez przerw!<\/p>\t\t\t\t\t\t\t\t<\/div>\n\t\t\t\t\t<\/div>\n\t\t\t\t<\/div>\n\t\t\t\t<\/div>\n\t\t<\/div><\/p>\t\t\t\t\t\t\t\t<\/div>\n\t\t\t\t\t<\/div>\n\t\t\t\t<\/div>\n\t\t\t\t<\/div>\n\t\t","protected":false},"excerpt":{"rendered":"Serwer VPS \u2013 superszybki i niezawodny dla wymagaj\u0105cych projekt\u00f3w Potrzebujesz pe\u0142nej kontroli i maksymalnej wydajno\u015bci? Nasz serwer VPS to dedykowane zasoby z procesorami AMD EPYC\u2122 7002, kt\u00f3re gwarantuj\u0105 szybko\u015b\u0107 i","protected":false},"featured_media":2779,"comment_status":"open","ping_status":"closed","template":"","meta":{"powered_cache_disable_cache":false,"powered_cache_disable_css_optimization":false,"powered_cache_disable_js_optimization":false},"product_brand":[275],"product_cat":[129],"product_tag":[262,260,261],"class_list":{"0":"post-2692","1":"product","2":"type-product","3":"status-publish","4":"has-post-thumbnail","6":"product_brand-cocos","7":"product_cat-uslugi","8":"product_tag-amd-epyc","9":"product_tag-serwer-vps","10":"product_tag-superszybki-serwer","12":"first","13":"instock","14":"taxable","15":"shipping-taxable","16":"purchasable","17":"product-type-variable","18":"has-default-attributes"},"_links":{"self":[{"href":"https:\/\/iarina029.supserv.cozmoslabs.com\/pl\/wp-json\/wp\/v2\/product\/2692","targetHints":{"allow":["GET"]}}],"collection":[{"href":"https:\/\/iarina029.supserv.cozmoslabs.com\/pl\/wp-json\/wp\/v2\/product"}],"about":[{"href":"https:\/\/iarina029.supserv.cozmoslabs.com\/pl\/wp-json\/wp\/v2\/types\/product"}],"replies":[{"embeddable":true,"href":"https:\/\/iarina029.supserv.cozmoslabs.com\/pl\/wp-json\/wp\/v2\/comments?post=2692"}],"version-history":[{"count":0,"href":"https:\/\/iarina029.supserv.cozmoslabs.com\/pl\/wp-json\/wp\/v2\/product\/2692\/revisions"}],"wp:featuredmedia":[{"embeddable":true,"href":"https:\/\/iarina029.supserv.cozmoslabs.com\/pl\/wp-json\/wp\/v2\/media\/2779"}],"wp:attachment":[{"href":"https:\/\/iarina029.supserv.cozmoslabs.com\/pl\/wp-json\/wp\/v2\/media?parent=2692"}],"wp:term":[{"taxonomy":"product_brand","embeddable":true,"href":"https:\/\/iarina029.supserv.cozmoslabs.com\/pl\/wp-json\/wp\/v2\/product_brand?post=2692"},{"taxonomy":"product_cat","embeddable":true,"href":"https:\/\/iarina029.supserv.cozmoslabs.com\/pl\/wp-json\/wp\/v2\/product_cat?post=2692"},{"taxonomy":"product_tag","embeddable":true,"href":"https:\/\/iarina029.supserv.cozmoslabs.com\/pl\/wp-json\/wp\/v2\/product_tag?post=2692"}],"curies":[{"name":"wp","href":"https:\/\/api.w.org\/{rel}","templated":true}]}}