{"id":2689,"date":"2025-03-02T13:29:27","date_gmt":"2025-03-02T12:29:27","guid":{"rendered":"https:\/\/cocos.codes\/?post_type=product&#038;p=2689"},"modified":"2026-01-21T17:38:49","modified_gmt":"2026-01-21T16:38:49","slug":"hosting-biznesowy-stabilny-i-bezpieczny","status":"publish","type":"product","link":"https:\/\/iarina029.supserv.cozmoslabs.com\/pl\/produkt\/hosting-biznesowy-stabilny-i-bezpieczny\/","title":{"rendered":"Hosting biznesowy \u2013 stabilny i bezpieczny \ud83d\udd12"},"content":{"rendered":"\t\t<div data-elementor-type=\"wp-post\" data-elementor-id=\"2689\" class=\"elementor elementor-2689\">\n\t\t\t\t<div class=\"elementor-element elementor-element-4cb05206 e-flex e-con-boxed e-con e-parent\" data-id=\"4cb05206\" data-element_type=\"container\" data-e-type=\"container\">\n\t\t\t\t\t<div class=\"e-con-inner\">\n\t\t\t\t<div class=\"elementor-element elementor-element-41775d13 elementor-widget elementor-widget-text-editor\" data-id=\"41775d13\" data-element_type=\"widget\" data-e-type=\"widget\" data-widget_type=\"text-editor.default\">\n\t\t\t\t\t\t\t\t\t<h6>Hosting biznesowy<\/h6>Szukasz niezawodnej infrastruktury bez zb\u0119dnych komplikacji? <strong>Hosting biznesowy<\/strong> to idealne rozwi\u0105zanie dla firm, kt\u00f3re ceni\u0105 wydajno\u015b\u0107 i bezpiecze\u0144stwo. Oferujemy nowoczesne <a href=\"https:\/\/www.amd.com\/pl\/products\/epyc-processors\" title=\"Serwery AMD EPYC\" target=\"_blank\" rel=\"noopener\">serwery AMD EPYC<\/a> oraz ultraszybkie dyski NVMe, gwarantuj\u0105ce p\u0142ynne dzia\u0142anie stron, aplikacji i <a href=\"https:\/\/iarina029.supserv.cozmoslabs.com\/produkt\/zaawansowane-rabaty-woocommerce\/\" title=\"Sklep\u00f3w WooCommerce\">sklep\u00f3w WooCommerce<\/a>. Zapewniamy codzienne kopie zapasowe, dost\u0119pno\u015b\u0107 99,9%, wsparcie 24\/7 oraz premium caching (<a href=\"https:\/\/nginx.org\/en\/\" title=\"Nginx Cache\" target=\"_blank\" rel=\"noopener\">Nginx Cache<\/a> + Redis). Intuicyjny panel zarz\u0105dzania pozwala na pe\u0142n\u0105 kontrol\u0119 nad infrastruktur\u0105, podobnie jak w przypadku <a href=\"https:\/\/iarina029.supserv.cozmoslabs.com\/produkt\/cocos_vps-superszybki-i-mocny-serwer-dla-wymagajacych\/\" title=\"Serwera VPS\">serwera VPS<\/a>. <br \/><br \/><h6>Co oferujemy?<\/h6><ul><li><strong>Dyski NVMe<\/strong> \u2013 b\u0142yskawiczny czas \u0142adowania, co wp\u0142ywa na przyspieszenie dzia\u0142ania Twojej strony oraz aplikacji.<\/li><li><strong>Zabezpieczenia i Backupy<\/strong> \u2013 codzienne kopie zapasowe, dzi\u0119ki kt\u00f3rym Twoje dane s\u0105 zawsze bezpieczne. W razie potrzeby, mo\u017cesz szybko przywr\u00f3ci\u0107 system do wcze\u015bniejszego stanu.<\/li><li><strong>Wydajno\u015b\u0107<\/strong> \u2013 dzi\u0119ki procesorom najnowszej generacji oraz du\u017cej ilo\u015bci pami\u0119ci RAM, masz pewno\u015b\u0107, \u017ce Tw\u00f3j serwer poradzi sobie z prostymi stronami\/sklepami.<\/li><li><strong>Czas dost\u0119pno\u015bci (uptime)<\/strong> \u2013 gwarantujemy dost\u0119pno\u015b\u0107 na poziomie <strong>99,9%<\/strong>, co oznacza, \u017ce Twoja strona b\u0119dzie dost\u0119pna dla u\u017cytkownik\u00f3w przez niemal ca\u0142y czas.<\/li><li><strong>Szybka<\/strong> i <strong>stabilna<\/strong> \u0142\u0105czno\u015b\u0107 \u2013 oferujemy \u0142\u0105cze internetowe o du\u017cej przepustowo\u015bci, co zapewnia p\u0142ynne dzia\u0142anie witryny i minimalizuje ryzyko op\u00f3\u017anie\u0144.<\/li><li><strong>Wsparcie 24\/7<\/strong> \u2013 nasz zesp\u00f3\u0142 ekspert\u00f3w jest dost\u0119pny o ka\u017cdej porze dnia i nocy, gotowy pom\u00f3c w razie jakichkolwiek problem\u00f3w.<\/li><li><strong>Prosty panel zarz\u0105dzania<\/strong> \u2013 intuicyjny panel, dzi\u0119ki kt\u00f3remu mo\u017cesz \u0142atwo zarz\u0105dza\u0107 swoimi us\u0142ugami hostingowymi.<\/li><\/ul>Nasz serwer hostingowy to rozwi\u0105zanie, kt\u00f3re sprawdzi si\u0119 w ka\u017cdej sytuacji, zapewniaj\u0105c optymaln\u0105 r\u00f3wnowag\u0119 pomi\u0119dzy wydajno\u015bci\u0105, bezpiecze\u0144stwem i prostot\u0105 obs\u0142ugi.\t\t\t\t\t\t\t\t<\/div>\n\t\t\t\t<div class=\"elementor-element elementor-element-de5f741 elementor-widget elementor-widget-spacer\" data-id=\"de5f741\" data-element_type=\"widget\" data-e-type=\"widget\" data-widget_type=\"spacer.default\">\n\t\t\t\t\t\t\t<div class=\"elementor-spacer\">\n\t\t\t<div class=\"elementor-spacer-inner\"><\/div>\n\t\t<\/div>\n\t\t\t\t\t\t<\/div>\n\t\t\t\t<div class=\"elementor-element elementor-element-52410fd elementor-widget elementor-widget-heading\" data-id=\"52410fd\" data-element_type=\"widget\" data-e-type=\"widget\" data-widget_type=\"heading.default\">\n\t\t\t\t\t<h6 class=\"elementor-heading-title elementor-size-default\">Pakiety - specyfikacja szczeg\u00f3\u0142owa<\/h6>\t\t\t\t<\/div>\n\t\t\t\t<div class=\"elementor-element elementor-element-c780931 elementor-widget elementor-widget-text-editor\" data-id=\"c780931\" data-element_type=\"widget\" data-e-type=\"widget\" data-widget_type=\"text-editor.default\">\n\t\t\t\t\t\t\t\t\t<table class=\"cc-table\"><thead><tr><th>Pakiet<\/th><th>Pojemno\u015b\u0107<\/th><th>Funkcje Pakietowe<\/th><th>Wsp\u00f3lne Korzy\u015bci COCOS.<\/th><\/tr><\/thead><tbody><tr><td><strong>COCOS_HOST_5<\/strong><\/td><td><strong>5<\/strong> GB NVMe \u26a1<\/td><td><strong>5<\/strong> kont e-mail<br \/><strong>5<\/strong> kont FTP<br \/><strong>1<\/strong> baza danych<\/td><td class=\"cc-details\" rowspan=\"5\">\u2714 14-dniowy <strong>pe\u0142ny backup<\/strong> w cenie \ud83d\udcbe<br \/>\u2714 <strong>Certyfikat SSL<\/strong> dla bezpiecznego po\u0142\u0105czenia \ud83d\udd11<br \/>\u2714 Zapora sieciowa (<strong>firewall<\/strong>) chroni\u0105ca przed zagro\u017ceniami \ud83d\udd25<br \/>\u2714 Ochrona przed <strong>atakami DDoS<\/strong> zapewniaj\u0105ca stabilno\u015b\u0107 \ud83d\udee1\ufe0f<br \/>\u2714 Ca\u0142odobowy monitoring serwera <strong>24\/7<\/strong> \ud83d\udc40<br \/>\u2714 Wsparcie techniczne: <strong>24\/7<\/strong> (email, chat) \ud83d\udcac<br \/>\u2714 Uptime: <strong>99,9%<\/strong> \ud83d\udcc8<br \/>\u2714 Premium Caching: <strong>Nginx Cache<\/strong> + <strong>Redis<\/strong> dla maksymalnej szybko\u015bci \ud83d\ude80<br \/>\u2714 Darmowy dost\u0119p do panelu <strong>COCOS. Control Panel<\/strong> \ud83d\udda5\ufe0f<\/td><\/tr><tr><td><strong>COCOS_HOST_10<\/strong><\/td><td><strong>10<\/strong> GB NVMe \u26a1<\/td><td><strong>10<\/strong> kont e-mail<br \/><strong>10<\/strong> kont FTP<br \/><strong>2<\/strong> bazy danych<\/td><\/tr><tr><td><strong>COCOS_HOST_30<\/strong><\/td><td><strong>30<\/strong> GB NVMe \u26a1<\/td><td><strong>30<\/strong> kont e-mail<br \/><strong>30<\/strong> kont FTP<br \/><strong>5<\/strong> baz danych<\/td><\/tr><tr><td><strong>COCOS_HOST_60<\/strong><\/td><td><strong>60<\/strong> GB NVMe \u26a1<\/td><td><strong>60<\/strong> kont e-mail<br \/><strong>60<\/strong> kont FTP<br \/><strong>10<\/strong> baz danych<\/td><\/tr><tr><td><strong>COCOS_HOST_100<\/strong><\/td><td><strong>100<\/strong> GB NVMe \u26a1<\/td><td><strong>100<\/strong> kont e-mail<br \/><strong>100<\/strong> kont FTP<br \/><strong>20<\/strong> baz danych<\/td><\/tr><\/tbody><\/table>\t\t\t\t\t\t\t\t<\/div>\n\t\t\t\t<div class=\"elementor-element elementor-element-23b73ad elementor-widget elementor-widget-spacer\" data-id=\"23b73ad\" data-element_type=\"widget\" data-e-type=\"widget\" data-widget_type=\"spacer.default\">\n\t\t\t\t\t\t\t<div class=\"elementor-spacer\">\n\t\t\t<div class=\"elementor-spacer-inner\"><\/div>\n\t\t<\/div>\n\t\t\t\t\t\t<\/div>\n\t\t\t\t<div class=\"elementor-element elementor-element-d117fd6 elementor-widget elementor-widget-text-editor\" data-id=\"d117fd6\" data-element_type=\"widget\" data-e-type=\"widget\" data-widget_type=\"text-editor.default\">\n\t\t\t\t\t\t\t\t\t<p><div class=\"pls-block pls-block-3263\">\t\t<div data-elementor-type=\"wp-post\" data-elementor-id=\"3263\" class=\"elementor elementor-3263\">\n\t\t\t\t<div class=\"elementor-element elementor-element-199e8ab e-flex e-con-boxed e-con e-child\" data-id=\"199e8ab\" data-element_type=\"container\" data-e-type=\"container\" data-settings=\"{&quot;background_background&quot;:&quot;classic&quot;}\">\n\t\t\t\t\t<div class=\"e-con-inner\">\n\t\t\t\t<div class=\"elementor-element elementor-element-1d2e8eb elementor-widget elementor-widget-text-editor\" data-id=\"1d2e8eb\" data-element_type=\"widget\" data-e-type=\"widget\" data-widget_type=\"text-editor.default\">\n\t\t\t\t\t\t\t\t\t<h6 style=\"text-align: center;\">Zadbaj o stabilno\u015b\u0107 swojego biznesu ju\u017c teraz! \u26a1<\/h6><p style=\"text-align: center;\">Powierz sw\u00f3j serwer w r\u0119ce <strong>ekspert\u00f3w<\/strong>, kt\u00f3rzy zadbaj\u0105 o <strong>niezawodno\u015b\u0107<\/strong> i <strong>bezpiecze\u0144stwo<\/strong> Twoich danych.<\/p><p style=\"text-align: center;\"><a class=\"button simple\" href=\"https:\/\/iarina029.supserv.cozmoslabs.com\/kontakt\/\" title=\"Skontaktuj Si\u0119 Z Nami Ju\u017c Dzi\u015b, Aby Wybra\u0107 Idealny Serwer Dla Ciebie!\">Skontaktuj si\u0119 z nami ju\u017c dzi\u015b, aby wybra\u0107 idealny serwer dla Ciebie!<\/a><\/p><p style=\"text-align: center;\"><strong>Skup si\u0119 na swoim biznesie, a my zajmiemy si\u0119 reszt\u0105.<\/strong> <br \/>Z naszym serwerem masz pewno\u015b\u0107, \u017ce Twoja strona, sklep lub aplikacja b\u0119dzie dzia\u0142a\u0107 szybko, bezpiecznie i bez przerw!<\/p>\t\t\t\t\t\t\t\t<\/div>\n\t\t\t\t\t<\/div>\n\t\t\t\t<\/div>\n\t\t\t\t<\/div>\n\t\t<\/div><\/p>\t\t\t\t\t\t\t\t<\/div>\n\t\t\t\t\t<\/div>\n\t\t\t\t<\/div>\n\t\t\t\t<\/div>\n\t\t","protected":false},"excerpt":{"rendered":"Hosting biznesowy Szukasz niezawodnej infrastruktury bez zb\u0119dnych komplikacji? Hosting biznesowy to idealne rozwi\u0105zanie dla firm, kt\u00f3re ceni\u0105 wydajno\u015b\u0107 i bezpiecze\u0144stwo. Oferujemy nowoczesne serwery AMD EPYC oraz ultraszybkie dyski NVMe, gwarantuj\u0105ce","protected":false},"featured_media":2778,"comment_status":"open","ping_status":"closed","template":"","meta":{"powered_cache_disable_cache":false,"powered_cache_disable_css_optimization":false,"powered_cache_disable_js_optimization":false},"product_brand":[275],"product_cat":[129],"product_tag":[257,259,258],"class_list":{"0":"post-2689","1":"product","2":"type-product","3":"status-publish","4":"has-post-thumbnail","6":"product_brand-cocos","7":"product_cat-uslugi","8":"product_tag-hosting","9":"product_tag-nvme","10":"product_tag-serwery","12":"first","13":"instock","14":"featured","15":"taxable","16":"shipping-taxable","17":"purchasable","18":"product-type-variable","19":"has-default-attributes"},"_links":{"self":[{"href":"https:\/\/iarina029.supserv.cozmoslabs.com\/pl\/wp-json\/wp\/v2\/product\/2689","targetHints":{"allow":["GET"]}}],"collection":[{"href":"https:\/\/iarina029.supserv.cozmoslabs.com\/pl\/wp-json\/wp\/v2\/product"}],"about":[{"href":"https:\/\/iarina029.supserv.cozmoslabs.com\/pl\/wp-json\/wp\/v2\/types\/product"}],"replies":[{"embeddable":true,"href":"https:\/\/iarina029.supserv.cozmoslabs.com\/pl\/wp-json\/wp\/v2\/comments?post=2689"}],"version-history":[{"count":0,"href":"https:\/\/iarina029.supserv.cozmoslabs.com\/pl\/wp-json\/wp\/v2\/product\/2689\/revisions"}],"wp:featuredmedia":[{"embeddable":true,"href":"https:\/\/iarina029.supserv.cozmoslabs.com\/pl\/wp-json\/wp\/v2\/media\/2778"}],"wp:attachment":[{"href":"https:\/\/iarina029.supserv.cozmoslabs.com\/pl\/wp-json\/wp\/v2\/media?parent=2689"}],"wp:term":[{"taxonomy":"product_brand","embeddable":true,"href":"https:\/\/iarina029.supserv.cozmoslabs.com\/pl\/wp-json\/wp\/v2\/product_brand?post=2689"},{"taxonomy":"product_cat","embeddable":true,"href":"https:\/\/iarina029.supserv.cozmoslabs.com\/pl\/wp-json\/wp\/v2\/product_cat?post=2689"},{"taxonomy":"product_tag","embeddable":true,"href":"https:\/\/iarina029.supserv.cozmoslabs.com\/pl\/wp-json\/wp\/v2\/product_tag?post=2689"}],"curies":[{"name":"wp","href":"https:\/\/api.w.org\/{rel}","templated":true}]}}