{"id":2677,"date":"2025-03-01T22:17:52","date_gmt":"2025-03-01T21:17:52","guid":{"rendered":"https:\/\/cocos.codes\/?post_type=product&#038;p=2677"},"modified":"2026-01-21T17:41:10","modified_gmt":"2026-01-21T16:41:10","slug":"instalacja-modulu-prestashop-i-wordpress","status":"publish","type":"product","link":"https:\/\/iarina029.supserv.cozmoslabs.com\/pl\/produkt\/instalacja-modulu-prestashop-i-wordpress\/","title":{"rendered":"Instalacja Modu\u0142u PrestaShop 1.7\/8.x\/9.x i WordPress 6.x \u2013 szybka i bezproblemowa \u2699\ufe0f"},"content":{"rendered":"\t\t<div data-elementor-type=\"wp-post\" data-elementor-id=\"2677\" class=\"elementor elementor-2677\">\n\t\t\t\t<div class=\"elementor-element elementor-element-17d430f4 e-flex e-con-boxed e-con e-parent\" data-id=\"17d430f4\" data-element_type=\"container\" data-e-type=\"container\">\n\t\t\t\t\t<div class=\"e-con-inner\">\n\t\t\t\t<div class=\"elementor-element elementor-element-5a42bdf5 elementor-widget elementor-widget-text-editor\" data-id=\"5a42bdf5\" data-element_type=\"widget\" data-e-type=\"widget\" data-widget_type=\"text-editor.default\">\n\t\t\t\t\t\t\t\t\t<h6><strong>Instalacja Modu\u0142u PrestaShop<br \/>Instalacja Modu\u0142u WordPress<\/strong><\/h6>Nie tra\u0107 czasu na samodzieln\u0105 konfiguracj\u0119! Profesjonalna <strong>instalacja modu\u0142u<\/strong> to idealne rozwi\u0105zanie dla sklep\u00f3w opartych na <a href=\"https:\/\/www.prestashop.com\/\" title=\"PrestaShop\" target=\"_blank\" rel=\"noopener\">PrestaShop<\/a> i <a href=\"https:\/\/woocommerce.com\/\" title=\"WordPress WooCommerce\" target=\"_blank\" rel=\"noopener\">WordPress WooCommerce<\/a>. Oferujemy pe\u0142n\u0105 konfiguracj\u0119, testy oraz weryfikacj\u0119 kompatybilno\u015bci, aby Tw\u00f3j sklep dzia\u0142a\u0142 bezb\u0142\u0119dnie. Gwarantujemy bezpiecze\u0144stwo i brak konflikt\u00f3w z innymi modu\u0142ami, tak\u017ce przy zaawansowanych rozwi\u0105zaniach, takich jak <a href=\"https:\/\/iarina029.supserv.cozmoslabs.com\/produkt\/zaawansowane-rabaty-woocommerce\/\" title=\"Modu\u0142y Rabatowe\">modu\u0142y rabatowe<\/a> czy <a href=\"https:\/\/iarina029.supserv.cozmoslabs.com\/produkt\/prestashop-banner\/\" title=\"Banery PrestaShop\">banery PrestaShop<\/a>. Skup si\u0119 na rozwoju biznesu, a my zajmiemy si\u0119 reszt\u0105!<br \/><br \/><strong>Co zyskujesz?<\/strong><br \/>\u2705 Szybk\u0105 i bezb\u0142\u0119dn\u0105 instalacj\u0119 \u2013 Tw\u00f3j modu\u0142 b\u0119dzie gotowy do dzia\u0142ania w mgnieniu oka.<br \/>\u2705 Pe\u0142n\u0105 konfiguracj\u0119 \u2013 dostosujemy ustawienia modu\u0142u do Twoich potrzeb.<br \/>\u2705 Testy i weryfikacj\u0119 \u2013 sprawdzimy, czy wszystko dzia\u0142a tak, jak powinno.<br \/>\u2705 Bezpiecze\u0144stwo i kompatybilno\u015b\u0107 \u2013 upewnimy si\u0119, \u017ce modu\u0142 nie powoduje konflikt\u00f3w w Twoim sklepie.<br \/><br \/><strong>Jak to dzia\u0142a?<\/strong><br \/>1\ufe0f\u20e3 Wybierasz us\u0142ug\u0119 i przesy\u0142asz nam modu\u0142.<br \/>2\ufe0f\u20e3 Instalujemy go w Twoim sklepie.<br \/>3\ufe0f\u20e3 Konfigurujemy i testujemy poprawno\u015b\u0107 dzia\u0142ania.<br \/>4\ufe0f\u20e3 Gotowe! Mo\u017cesz cieszy\u0107 si\u0119 now\u0105 funkcjonalno\u015bci\u0105 bez stresu.\t\t\t\t\t\t\t\t<\/div>\n\t\t\t\t<div class=\"elementor-element elementor-element-051c866 elementor-widget elementor-widget-spacer\" data-id=\"051c866\" data-element_type=\"widget\" data-e-type=\"widget\" data-widget_type=\"spacer.default\">\n\t\t\t\t\t\t\t<div class=\"elementor-spacer\">\n\t\t\t<div class=\"elementor-spacer-inner\"><\/div>\n\t\t<\/div>\n\t\t\t\t\t\t<\/div>\n\t\t<div class=\"elementor-element elementor-element-9457359 e-con-full e-flex e-con e-child\" data-id=\"9457359\" data-element_type=\"container\" data-e-type=\"container\" data-settings=\"{&quot;background_background&quot;:&quot;classic&quot;}\">\n\t\t\t\t<div class=\"elementor-element elementor-element-c19d460 elementor-widget elementor-widget-text-editor\" data-id=\"c19d460\" data-element_type=\"widget\" data-e-type=\"widget\" data-widget_type=\"text-editor.default\">\n\t\t\t\t\t\t\t\t\t<h6 style=\"text-align: center;\">Zainstaluj modu\u0142 bez stresu! \ud83d\udd27<\/h6><p style=\"text-align: center;\"><strong>Nie tra\u0107 czasu<\/strong> na techniczne szczeg\u00f3\u0142y \u2013 zostaw to <strong>specjalistom<\/strong>! Zajmiemy si\u0119 instalacj\u0105 modu\u0142u w Twoim sklepie lub stronie, aby dzia\u0142a\u0142o sprawnie i bezb\u0142\u0119dnie.<\/p><p style=\"text-align: center;\"><a class=\"button simple\" href=\"https:\/\/iarina029.supserv.cozmoslabs.com\/kontakt\/\" title=\"Skontaktuj Si\u0119 Z Nami Ju\u017c Dzi\u015b, Aby Om\u00f3wi\u0107 Szczeg\u00f3\u0142y Instalacji!\">Skontaktuj si\u0119 z nami ju\u017c dzi\u015b, aby om\u00f3wi\u0107 szczeg\u00f3\u0142y instalacji!<\/a><\/p><p style=\"text-align: center;\"><strong>Skup si\u0119 na swoim biznesie, a my zajmiemy si\u0119 reszt\u0105.<\/strong> <br \/>Zainstaluj modu\u0142, kt\u00f3ry zwi\u0119kszy funkcjonalno\u015b\u0107 Twojej witryny, bez zb\u0119dnych komplikacji!<\/p>\t\t\t\t\t\t\t\t<\/div>\n\t\t\t\t<\/div>\n\t\t\t\t<div class=\"elementor-element elementor-element-c3363be elementor-widget elementor-widget-spacer\" data-id=\"c3363be\" data-element_type=\"widget\" data-e-type=\"widget\" data-widget_type=\"spacer.default\">\n\t\t\t\t\t\t\t<div class=\"elementor-spacer\">\n\t\t\t<div class=\"elementor-spacer-inner\"><\/div>\n\t\t<\/div>\n\t\t\t\t\t\t<\/div>\n\t\t\t\t<div class=\"elementor-element elementor-element-0b263de elementor-widget elementor-widget-text-editor\" data-id=\"0b263de\" data-element_type=\"widget\" data-e-type=\"widget\" data-widget_type=\"text-editor.default\">\n\t\t\t\t\t\t\t\t\t<p>\u26a0\ufe0f UWAGA! Je\u015bli kupujesz modu\u0142 w naszym sklepie, instalacja jest ca\u0142kowicie za darmo! \ud83c\udf89<br \/>Nie ryzykuj problem\u00f3w technicznych \u2013 zostaw instalacj\u0119 specjalistom i skup si\u0119 na rozwijaniu swojego biznesu! \ud83d\uded2\ud83d\udcbc<br \/><br \/><strong>\ud83d\udca1 Zam\u00f3w teraz i pozw\u00f3l nam zrobi\u0107 to za Ciebie!<\/strong><\/p>\t\t\t\t\t\t\t\t<\/div>\n\t\t\t\t\t<\/div>\n\t\t\t\t<\/div>\n\t\t\t\t<\/div>\n\t\t","protected":false},"excerpt":{"rendered":"Instalacja Modu\u0142u Presta Shop Instalacja Modu\u0142u Word Press Nie tra\u0107 czasu na samodzieln\u0105 konfiguracj\u0119! Profesjonalna instalacja modu\u0142u to idealne rozwi\u0105zanie dla sklep\u00f3w opartych na Presta Shop i Word Press Woo","protected":false},"featured_media":2774,"comment_status":"open","ping_status":"closed","template":"","meta":{"powered_cache_disable_cache":false,"powered_cache_disable_css_optimization":false,"powered_cache_disable_js_optimization":false},"product_brand":[275],"product_cat":[129],"product_tag":[263,264,244,198],"class_list":{"0":"post-2677","1":"product","2":"type-product","3":"status-publish","4":"has-post-thumbnail","6":"product_brand-cocos","7":"product_cat-uslugi","8":"product_tag-instalacja-modulu","9":"product_tag-instalacja-wtyczki","10":"product_tag-prestashop","11":"product_tag-wordpress","13":"first","14":"instock","15":"featured","16":"taxable","17":"shipping-taxable","18":"purchasable","19":"product-type-simple"},"_links":{"self":[{"href":"https:\/\/iarina029.supserv.cozmoslabs.com\/pl\/wp-json\/wp\/v2\/product\/2677","targetHints":{"allow":["GET"]}}],"collection":[{"href":"https:\/\/iarina029.supserv.cozmoslabs.com\/pl\/wp-json\/wp\/v2\/product"}],"about":[{"href":"https:\/\/iarina029.supserv.cozmoslabs.com\/pl\/wp-json\/wp\/v2\/types\/product"}],"replies":[{"embeddable":true,"href":"https:\/\/iarina029.supserv.cozmoslabs.com\/pl\/wp-json\/wp\/v2\/comments?post=2677"}],"version-history":[{"count":0,"href":"https:\/\/iarina029.supserv.cozmoslabs.com\/pl\/wp-json\/wp\/v2\/product\/2677\/revisions"}],"wp:featuredmedia":[{"embeddable":true,"href":"https:\/\/iarina029.supserv.cozmoslabs.com\/pl\/wp-json\/wp\/v2\/media\/2774"}],"wp:attachment":[{"href":"https:\/\/iarina029.supserv.cozmoslabs.com\/pl\/wp-json\/wp\/v2\/media?parent=2677"}],"wp:term":[{"taxonomy":"product_brand","embeddable":true,"href":"https:\/\/iarina029.supserv.cozmoslabs.com\/pl\/wp-json\/wp\/v2\/product_brand?post=2677"},{"taxonomy":"product_cat","embeddable":true,"href":"https:\/\/iarina029.supserv.cozmoslabs.com\/pl\/wp-json\/wp\/v2\/product_cat?post=2677"},{"taxonomy":"product_tag","embeddable":true,"href":"https:\/\/iarina029.supserv.cozmoslabs.com\/pl\/wp-json\/wp\/v2\/product_tag?post=2677"}],"curies":[{"name":"wp","href":"https:\/\/api.w.org\/{rel}","templated":true}]}}