{"id":38,"date":"2024-04-17T07:15:52","date_gmt":"2024-04-17T07:15:52","guid":{"rendered":"https:\/\/anvogue.presslayouts.com\/dummy\/?page_id=38"},"modified":"2026-04-03T19:36:59","modified_gmt":"2026-04-03T17:36:59","slug":"o-nas","status":"publish","type":"page","link":"https:\/\/iarina029.supserv.cozmoslabs.com\/pl\/o-nas\/","title":{"rendered":"O nas"},"content":{"rendered":"\t\t<div data-elementor-type=\"wp-page\" data-elementor-id=\"38\" class=\"elementor elementor-38\">\n\t\t\t\t<div class=\"elementor-element elementor-element-771f7c3 e-flex e-con-boxed e-con e-parent\" data-id=\"771f7c3\" data-element_type=\"container\" data-e-type=\"container\">\n\t\t\t\t\t<div class=\"e-con-inner\">\n\t\t\t\t<div class=\"elementor-element elementor-element-d5bacec elementor-widget elementor-widget-pls-heading\" data-id=\"d5bacec\" data-element_type=\"widget\" data-e-type=\"widget\" data-widget_type=\"pls-heading.default\">\n\t\t\t\t<div class=\"elementor-widget-container\">\n\t\t\t\t\t<div id=\"pls-header-34087\" class=\"pls-element pls-heading pls-text-center separator-none\">\t\n\t\t\t\n\t\t\t<div class=\"heading-wrap\">\n\t\t\t<span class=\"separator-left\"><\/span>\n\t\t\t<h2 class=\"heading-title\">COCOS. \u2013 nap\u0119dzamy Tw\u00f3j sklep! \ud83d\ude80<\/h2>\t\t\t<span class=\"separator-right\"><\/span>\n\t\t\t\t\t<\/div>\n\t\t\n    \t\t<div class=\"heading-tagline\"> <p>\n    Jeste\u015bmy zespo\u0142em pasjonat\u00f3w, kt\u00f3rzy od lat projektuj\u0105 <strong>modu\u0142y PrestaShop i WordPress<\/strong> \u2013 nowoczesne, funkcjonalne i w pe\u0142ni zoptymalizowane pod k\u0105tem e-commerce. \n    Tworzymy rozwi\u0105zania, kt\u00f3re \u0142\u0105cz\u0105 w sobie intuicyjno\u015b\u0107, wydajno\u015b\u0107 i zgodno\u015b\u0107 z najnowszymi standardami. Dlatego nasze rozszerzenia naprawd\u0119 wspieraj\u0105 rozw\u00f3j Twojego sklepu internetowego.\n  <\/p>\n\n  <p>\n    <strong>Modu\u0142y PrestaShop<\/strong> dost\u0119pne s\u0105 w naszej <a href=\"https:\/\/iarina029.supserv.cozmoslabs.com\/produkt-kategoria\/moduly\/prestashop\/\" title=\"Dedykowanej Kategorii\" style=\"text-decoration:underline\">dedykowanej kategorii<\/a>, a <strong>modu\u0142y WordPress<\/strong> znajdziesz <a href=\"https:\/\/iarina029.supserv.cozmoslabs.com\/produkt-kategoria\/moduly\/wordpress\/\" title=\"Tutaj\" style=\"text-decoration:underline\">tutaj<\/a>. \n    Co wi\u0119cej, nasze rozwi\u0105zania s\u0105 zgodne z <a href=\"https:\/\/www.prestashop.com\/pl\" title=\"Oficjalnymi Wytycznymi PrestaShop\" target=\"_blank\" rel=\"noopener noreferrer\">oficjalnymi wytycznymi PrestaShop<\/a> i \n    <a href=\"https:\/\/wordpress.org\/\" title=\"WordPress.org\" target=\"_blank\" rel=\"noopener noreferrer\">WordPress.org<\/a>, dzi\u0119ki czemu mo\u017cesz by\u0107 pewien ich niezawodno\u015bci.\n  <\/p>\n\n  <p>\n    Nasza misja to tworzenie narz\u0119dzi dla e-commerce, kt\u00f3re pomagaj\u0105 sklepom rozwija\u0107 si\u0119 szybciej, oszcz\u0119dza\u0107 czas oraz zwi\u0119ksza\u0107 sprzeda\u017c. \n    Dzi\u0119ki <strong>modu\u0142om PrestaShop i WordPress<\/strong>, Tw\u00f3j sklep dzia\u0142a lepiej, szybciej i bardziej efektywnie.\n  <\/p>\n\n  <p>\n    Je\u015bli chcesz, aby Tw\u00f3j e-commerce osi\u0105ga\u0142 lepsze wyniki, <a href=\"https:\/\/iarina029.supserv.cozmoslabs.com\/produkt-kategoria\/moduly\/\" title=\"Sprawd\u017a Nasze Rozwi\u0105zania\" style=\"text-decoration:underline\">sprawd\u017a nasze rozwi\u0105zania<\/a> i przekonaj si\u0119, jak mo\u017cemy Ci pom\u00f3c. \ud83d\udcc8\n  <\/p> <\/div>\n\t<\/div>\t\t\t\t<\/div>\n\t\t\t\t<\/div>\n\t\t\t\t\t<\/div>\n\t\t\t\t<\/div>\n\t\t<div class=\"elementor-element elementor-element-d048d4a e-flex e-con-boxed e-con e-parent\" data-id=\"d048d4a\" data-element_type=\"container\" data-e-type=\"container\">\n\t\t\t\t\t<div class=\"e-con-inner\">\n\t\t<div class=\"elementor-element elementor-element-d4b2c61 e-con-full e-flex e-con e-child\" data-id=\"d4b2c61\" data-element_type=\"container\" data-e-type=\"container\">\n\t\t\t\t<div class=\"elementor-element elementor-element-7ab280f elementor-widget elementor-widget-pls-infobox\" data-id=\"7ab280f\" data-element_type=\"widget\" data-e-type=\"widget\" data-widget_type=\"pls-infobox.default\">\n\t\t\t\t<div class=\"elementor-widget-container\">\n\t\t\t\t\t<div id=\"pls-info-box-12823\" class=\"pls-element pls-info-box icon-effect-none icon-simple icon-top color-scheme-inherit hover-color-scheme-inherit text-center\">\n\t<div class=\"info-box-wrap\"  >\n\t\t<div class=\"box-icon-wrap\">\n\t\t\t\t\t\t\t<div class=\"info-box-icon\"><img decoding=\"async\" src=\"https:\/\/iarina029.supserv.cozmoslabs.com\/wp-content\/uploads\/2024\/04\/phone-call.svg\" alt=\"Obs\u0142uga Klienta 7 dni\"\/><\/div>\n\t\t\t\t\t<\/div>\n\t\t<div class=\"info-box-content\">\n\t\t\t\t\t\t\t\t\t\t<div class=\"info-box-title mb\" >\t\t\t\t\n\t\t\t\t\t<h4>Obs\u0142uga Klienta 7 dni<\/h4>\t\t\t\t\t\n\t\t\t\t<\/div>\n\t\t\t\t\t\t\t\t\t\t<div class=\"info-box-description mb\">\n\t\t\t\t\t<p>Jeste\u015bmy tutaj, aby pom\u00f3c! Nasz zesp\u00f3\u0142 wsparcia jest dost\u0119pny 7 dni w tygodniu, aby odpowiedzie\u0107 na Twoje pytania i rozwi\u0105za\u0107 ka\u017cdy problem zwi\u0105zany z PrestaShop i WordPress. \ud83d\udcac\u2728<\/p>\n\t\t\t\t<\/div>\n\t\t\t\t\t<\/div>\n\t<\/div>\n<\/div>\t\t\t\t<\/div>\n\t\t\t\t<\/div>\n\t\t\t\t<\/div>\n\t\t<div class=\"elementor-element elementor-element-7f2e9da e-con-full e-flex e-con e-child\" data-id=\"7f2e9da\" data-element_type=\"container\" data-e-type=\"container\">\n\t\t\t\t<div class=\"elementor-element elementor-element-d71133a elementor-widget elementor-widget-pls-infobox\" data-id=\"d71133a\" data-element_type=\"widget\" data-e-type=\"widget\" data-widget_type=\"pls-infobox.default\">\n\t\t\t\t<div class=\"elementor-widget-container\">\n\t\t\t\t\t<div id=\"pls-info-box-63882\" class=\"pls-element pls-info-box icon-effect-none icon-simple icon-top color-scheme-inherit hover-color-scheme-inherit text-center\">\n\t<div class=\"info-box-wrap\"  >\n\t\t<div class=\"box-icon-wrap\">\n\t\t\t\t\t\t\t<div class=\"info-box-icon\"><img decoding=\"async\" src=\"https:\/\/iarina029.supserv.cozmoslabs.com\/wp-content\/uploads\/2024\/04\/return.svg\" alt=\"Satysfakcja albo zwrot\"\/><\/div>\n\t\t\t\t\t<\/div>\n\t\t<div class=\"info-box-content\">\n\t\t\t\t\t\t\t\t\t\t<div class=\"info-box-title mb\" >\t\t\t\t\n\t\t\t\t\t<h4>Satysfakcja albo zwrot<\/h4>\t\t\t\t\t\n\t\t\t\t<\/div>\n\t\t\t\t\t\t\t\t\t\t<div class=\"info-box-description mb\">\n\t\t\t\t\t<p>Zale\u017cy nam na Twoim zadowoleniu! Je\u015bli modu\u0142 nie dzia\u0142a, nasz zesp\u00f3\u0142 techniczny zrobi wszystko, aby go naprawi\u0107. Je\u015bli to niemo\u017cliwe, zwracamy pe\u0142n\u0105 kwot\u0119. \ud83d\udcbb\ud83d\udd27<\/p>\n\t\t\t\t<\/div>\n\t\t\t\t\t<\/div>\n\t<\/div>\n<\/div>\t\t\t\t<\/div>\n\t\t\t\t<\/div>\n\t\t\t\t<\/div>\n\t\t<div class=\"elementor-element elementor-element-1294777 e-con-full e-flex e-con e-child\" data-id=\"1294777\" data-element_type=\"container\" data-e-type=\"container\">\n\t\t\t\t<div class=\"elementor-element elementor-element-cf9acc1 elementor-widget elementor-widget-pls-infobox\" data-id=\"cf9acc1\" data-element_type=\"widget\" data-e-type=\"widget\" data-widget_type=\"pls-infobox.default\">\n\t\t\t\t<div class=\"elementor-widget-container\">\n\t\t\t\t\t<div id=\"pls-info-box-91705\" class=\"pls-element pls-info-box icon-effect-none icon-simple icon-top color-scheme-inherit hover-color-scheme-inherit text-center\">\n\t<div class=\"info-box-wrap\"  >\n\t\t<div class=\"box-icon-wrap\">\n\t\t\t\t\t\t\t<div class=\"info-box-icon\"><img decoding=\"async\" src=\"https:\/\/iarina029.supserv.cozmoslabs.com\/wp-content\/uploads\/2024\/04\/guarantee.svg\" alt=\"Nasza Gwarancja\"\/><\/div>\n\t\t\t\t\t<\/div>\n\t\t<div class=\"info-box-content\">\n\t\t\t\t\t\t\t\t\t\t<div class=\"info-box-title mb\" >\t\t\t\t\n\t\t\t\t\t<h4>Nasza Gwarancja<\/h4>\t\t\t\t\t\n\t\t\t\t<\/div>\n\t\t\t\t\t\t\t\t\t\t<div class=\"info-box-description mb\">\n\t\t\t\t\t<p>Stoimy za naszymi produktami! Gwarantujemy, \u017ce nasze modu\u0142y dla PrestaShop i WordPress s\u0105 najwy\u017cszej jako\u015bci. Tw\u00f3j komfort i satysfakcja to nasz priorytet! \ud83d\udee1\ufe0f\u2728<\/p>\n\t\t\t\t<\/div>\n\t\t\t\t\t<\/div>\n\t<\/div>\n<\/div>\t\t\t\t<\/div>\n\t\t\t\t<\/div>\n\t\t\t\t<\/div>\n\t\t<div class=\"elementor-element elementor-element-e71b5e7 e-con-full e-flex e-con e-child\" data-id=\"e71b5e7\" data-element_type=\"container\" data-e-type=\"container\">\n\t\t\t\t<div class=\"elementor-element elementor-element-30ad0a3 elementor-widget elementor-widget-pls-infobox\" data-id=\"30ad0a3\" data-element_type=\"widget\" data-e-type=\"widget\" data-widget_type=\"pls-infobox.default\">\n\t\t\t\t<div class=\"elementor-widget-container\">\n\t\t\t\t\t<div id=\"pls-info-box-47413\" class=\"pls-element pls-info-box icon-effect-none icon-simple icon-top color-scheme-inherit hover-color-scheme-inherit text-center\">\n\t<div class=\"info-box-wrap\"  >\n\t\t<div class=\"box-icon-wrap\">\n\t\t\t\t\t\t\t<div class=\"info-box-icon\"><img decoding=\"async\" src=\"https:\/\/iarina029.supserv.cozmoslabs.com\/wp-content\/uploads\/2024\/04\/delivery-truck.svg\" alt=\"Dostawa na Ca\u0142y \u015awiat\"\/><\/div>\n\t\t\t\t\t<\/div>\n\t\t<div class=\"info-box-content\">\n\t\t\t\t\t\t\t\t\t\t<div class=\"info-box-title mb\" >\t\t\t\t\n\t\t\t\t\t<h4>Dostawa na Ca\u0142y \u015awiat<\/h4>\t\t\t\t\t\n\t\t\t\t<\/div>\n\t\t\t\t\t\t\t\t\t\t<div class=\"info-box-description mb\">\n\t\t\t\t\t<p>Wysy\u0142amy globalnie! Nasze modu\u0142y docieraj\u0105 do ka\u017cdego zak\u0105tka \u015bwiata, aby\u015b m\u00f3g\u0142 rozwija\u0107 sw\u00f3j sklep internetowy bez wzgl\u0119du na to, gdzie jeste\u015b. \ud83d\ude9a\u2728<\/p>\n\t\t\t\t<\/div>\n\t\t\t\t\t<\/div>\n\t<\/div>\n<\/div>\t\t\t\t<\/div>\n\t\t\t\t<\/div>\n\t\t\t\t<\/div>\n\t\t\t\t\t<\/div>\n\t\t\t\t<\/div>\n\t\t<div class=\"elementor-element elementor-element-6f28df1 e-flex e-con-boxed e-con e-parent\" data-id=\"6f28df1\" data-element_type=\"container\" data-e-type=\"container\" data-settings=\"{&quot;background_background&quot;:&quot;classic&quot;}\">\n\t\t\t\t\t<div class=\"e-con-inner\">\n\t\t<div class=\"elementor-element elementor-element-ee7ba46 e-con-full e-flex e-con e-child\" data-id=\"ee7ba46\" data-element_type=\"container\" data-e-type=\"container\" data-settings=\"{&quot;background_background&quot;:&quot;classic&quot;}\">\n\t\t\t\t<div class=\"elementor-element elementor-element-f83d66f elementor-widget elementor-widget-pls-heading\" data-id=\"f83d66f\" data-element_type=\"widget\" data-e-type=\"widget\" data-widget_type=\"pls-heading.default\">\n\t\t\t\t<div class=\"elementor-widget-container\">\n\t\t\t\t\t<div id=\"pls-header-41378\" class=\"pls-element pls-heading pls-text-center separator-none\">\t\n\t\t\t\n\t\t\t<div class=\"heading-wrap\">\n\t\t\t<span class=\"separator-left\"><\/span>\n\t\t\t<h2 class=\"heading-title\">Zapisz si\u0119 i otrzymaj 10% zni\u017cki<\/h2>\t\t\t<span class=\"separator-right\"><\/span>\n\t\t\t\t\t<\/div>\n\t\t\n    \t\t<div class=\"heading-tagline\"> Zapisz si\u0119, aby uzyska\u0107 wczesny dost\u0119p do wyprzeda\u017cy, nowo\u015bci, promocji i nie tylko... <\/div>\n\t<\/div>\t\t\t\t<\/div>\n\t\t\t\t<\/div>\n\t\t\t\t<div class=\"elementor-element elementor-element-ebe579f elementor-widget elementor-widget-pls-newsletter\" data-id=\"ebe579f\" data-element_type=\"widget\" data-e-type=\"widget\" data-widget_type=\"pls-newsletter.default\">\n\t\t\t\t<div class=\"elementor-widget-container\">\n\t\t\t\t\t<div class=\"pls-element pls-newsletter overlay-form \">\n\t<script>(function() {\n\twindow.mc4wp = window.mc4wp || {\n\t\tlisteners: [],\n\t\tforms: {\n\t\t\ton: function(evt, cb) {\n\t\t\t\twindow.mc4wp.listeners.push(\n\t\t\t\t\t{\n\t\t\t\t\t\tevent   : evt,\n\t\t\t\t\t\tcallback: cb\n\t\t\t\t\t}\n\t\t\t\t);\n\t\t\t}\n\t\t}\n\t}\n})();\n<\/script><!-- Mailchimp for WordPress v4.12.1 - https:\/\/wordpress.org\/plugins\/mailchimp-for-wp\/ --><form id=\"mc4wp-form-1\" class=\"mc4wp-form mc4wp-form-732\" method=\"post\" data-id=\"732\" data-name=\"Newsletter Form\" ><div class=\"mc4wp-form-fields\">  <p>\r\n    <label>Adres e-mail: <\/label>\r\n    <input type=\"email\" name=\"EMAIL\" placeholder=\"Adres e-mail\" required \/>\r\n   <\/p>\r\n  <p>\r\n   <button type=\"submit\">Subskrybuj<\/button>\r\n  <\/p><\/div><label style=\"display: none !important;\">Pozostaw to pole puste, je\u015bli jeste\u015b cz\u0142owiekiem: <input type=\"text\" name=\"_mc4wp_honeypot\" value=\"\" tabindex=\"-1\" autocomplete=\"off\" \/><\/label><input type=\"hidden\" name=\"_mc4wp_timestamp\" value=\"1776924795\" \/><input type=\"hidden\" name=\"_mc4wp_form_id\" value=\"732\" \/><input type=\"hidden\" name=\"_mc4wp_form_element_id\" value=\"mc4wp-form-1\" \/><div class=\"mc4wp-response\"><\/div><\/form><!-- \/ Mailchimp for WordPress Plugin --><\/div>\t\t\t\t<\/div>\n\t\t\t\t<\/div>\n\t\t\t\t<\/div>\n\t\t\t\t\t<\/div>\n\t\t\t\t<\/div>\n\t\t<div class=\"elementor-element elementor-element-2678839 e-flex e-con-boxed e-con e-parent\" data-id=\"2678839\" data-element_type=\"container\" data-e-type=\"container\">\n\t\t\t\t\t<div class=\"e-con-inner\">\n\t\t\t\t<div class=\"elementor-element elementor-element-e784360 elementor-widget elementor-widget-pls-product-brands\" data-id=\"e784360\" data-element_type=\"widget\" data-e-type=\"widget\" data-widget_type=\"pls-product-brands.default\">\n\t\t\t\t<div class=\"elementor-widget-container\">\n\t\t\t\t\t<div id=\"pls-product-brand-3876\" class=\"pls-element pls-product-brands\">\n\t\t<div class=\"section-content  pls-slider swiper row\">\n\t\t<div class=\"products swiper-wrapper slider-col-lg-6 slider-col-md-4 slider-col-2\" data-slider_options=\"{&quot;slider_loop&quot;:false,&quot;slider_autoplay&quot;:false,&quot;slider_autoplay_delay&quot;:&quot;1500&quot;,&quot;slider_autoplay_speed&quot;:&quot;1500&quot;,&quot;slider_pause_on_hover&quot;:false,&quot;slider_rewind&quot;:false,&quot;slider_autoHeigh&quot;:false,&quot;slider_touchDrag&quot;:false,&quot;slider_touchDrag_mobile&quot;:false,&quot;slider_navigation&quot;:true,&quot;slider_pagination&quot;:false,&quot;slider_scrollbar&quot;:false,&quot;slider_centered&quot;:false,&quot;slider_effect&quot;:&quot;slide&quot;,&quot;slider_spaceBetween&quot;:0,&quot;slides_to_show&quot;:&quot;6&quot;,&quot;slides_to_show_tablet&quot;:4,&quot;slides_to_show_mobile&quot;:2,&quot;slides_to_scroll&quot;:1}\" >\n\t\t\t\t\t\t\t\t\t<div class=\"product-brand swiper-slide\">\n\t\t\t\t\t\t\t<a href=\"https:\/\/prestashop.com\/\" target=\"_blank\" rel=\"noopener\">\n\t\t\t\t\t\t\t\t<div class=\"brand-image\">\n\t\t\t\t\t\t\t\t\t<img decoding=\"async\" width=\"157\" height=\"44\" src=\"https:\/\/iarina029.supserv.cozmoslabs.com\/wp-content\/uploads\/2025\/02\/logo-prestashop-black.png\" class=\"attachment-full size-full \" alt=\"dokumentacja PrestaShop WordPress modu\u0142y\" \/>\t\t\t\t\t\t\t\t<\/div>\t\t\t\t\t\t\t\n\t\t\t\t\t\t\t\t\t\t\t\t\t\t\t<\/a>\n\t\t\t\t\t\t<\/div>\n\t\t\t\t\t\t\t\t\t\t\t\t<div class=\"product-brand swiper-slide\">\n\t\t\t\t\t\t\t<a href=\"https:\/\/wordpress.org\/\" title=\"WordPress.org\" target=\"_blank\" rel=\"noopener\">\n\t\t\t\t\t\t\t\t<div class=\"brand-image\">\n\t\t\t\t\t\t\t\t\t<img decoding=\"async\" width=\"157\" height=\"44\" src=\"https:\/\/iarina029.supserv.cozmoslabs.com\/wp-content\/uploads\/2025\/02\/logo-wordpress-black.png\" class=\"attachment-full size-full \" alt=\"instrukcje PrestaShop WordPress integracje\" \/>\t\t\t\t\t\t\t\t<\/div>\t\t\t\t\t\t\t\n\t\t\t\t\t\t\t\t\t\t\t\t\t\t\t<\/a>\n\t\t\t\t\t\t<\/div>\n\t\t\t\t\t\t\t\t\t\t\t\t<div class=\"product-brand swiper-slide\">\n\t\t\t\t\t\t\t<a href=\"https:\/\/www.google.com\/\" target=\"_blank\" rel=\"noopener\">\n\t\t\t\t\t\t\t\t<div class=\"brand-image\">\n\t\t\t\t\t\t\t\t\t<img decoding=\"async\" width=\"157\" height=\"44\" src=\"https:\/\/iarina029.supserv.cozmoslabs.com\/wp-content\/uploads\/2025\/02\/logo-google-black.png\" class=\"attachment-full size-full \" alt=\"\" \/>\t\t\t\t\t\t\t\t<\/div>\t\t\t\t\t\t\t\n\t\t\t\t\t\t\t\t\t\t\t\t\t\t\t<\/a>\n\t\t\t\t\t\t<\/div>\n\t\t\t\t\t\t\t\t\t\t\t\t<div class=\"product-brand swiper-slide\">\n\t\t\t\t\t\t\t<a href=\"https:\/\/stripe.com\/\" target=\"_blank\" rel=\"noopener\">\n\t\t\t\t\t\t\t\t<div class=\"brand-image\">\n\t\t\t\t\t\t\t\t\t<img loading=\"lazy\" decoding=\"async\" width=\"157\" height=\"44\" src=\"https:\/\/iarina029.supserv.cozmoslabs.com\/wp-content\/uploads\/2025\/02\/logo-stripe-black.png\" class=\"attachment-full size-full \" alt=\"\" \/>\t\t\t\t\t\t\t\t<\/div>\t\t\t\t\t\t\t\n\t\t\t\t\t\t\t\t\t\t\t\t\t\t\t<\/a>\n\t\t\t\t\t\t<\/div>\n\t\t\t\t\t\t\t\t\t\t\t\t<div class=\"product-brand swiper-slide\">\n\t\t\t\t\t\t\t<a href=\"https:\/\/www.paypal.com\/\" target=\"_blank\" rel=\"noopener\">\n\t\t\t\t\t\t\t\t<div class=\"brand-image\">\n\t\t\t\t\t\t\t\t\t<img loading=\"lazy\" decoding=\"async\" width=\"157\" height=\"44\" src=\"https:\/\/iarina029.supserv.cozmoslabs.com\/wp-content\/uploads\/2025\/02\/logo-paypal-black.png\" class=\"attachment-full size-full \" alt=\"\" \/>\t\t\t\t\t\t\t\t<\/div>\t\t\t\t\t\t\t\n\t\t\t\t\t\t\t\t\t\t\t\t\t\t\t<\/a>\n\t\t\t\t\t\t<\/div>\n\t\t\t\t\t\t\t\t\t\t\t\t<div class=\"product-brand swiper-slide\">\n\t\t\t\t\t\t\t<a href=\"https:\/\/allegro.pl\/\" title=\"\" target=\"_blank\" rel=\"noopener\">\n\t\t\t\t\t\t\t\t<div class=\"brand-image\">\n\t\t\t\t\t\t\t\t\t<img loading=\"lazy\" decoding=\"async\" width=\"157\" height=\"44\" src=\"https:\/\/iarina029.supserv.cozmoslabs.com\/wp-content\/uploads\/2025\/02\/logo-allegro-black.png\" class=\"attachment-full size-full \" alt=\"\" \/>\t\t\t\t\t\t\t\t<\/div>\t\t\t\t\t\t\t\n\t\t\t\t\t\t\t\t\t\t\t\t\t\t\t<\/a>\n\t\t\t\t\t\t<\/div>\n\t\t\t\t\t\t\t\t<\/div>\n\t<\/div>\n<\/div>\t\t\t\t<\/div>\n\t\t\t\t<\/div>\n\t\t\t\t\t<\/div>\n\t\t\t\t<\/div>\n\t\t\t\t<\/div>\n\t\t","protected":false},"excerpt":{"rendered":"COCOS. \u2013 nap\u0119dzamy Tw\u00f3j sklep! \ud83d\ude80 Jeste\u015bmy zespo\u0142em pasjonat\u00f3w, kt\u00f3rzy od lat projektuj\u0105 modu\u0142y Presta Shop i Word Press \u2013 nowoczesne, funkcjonalne i w pe\u0142ni zoptymalizowane pod k\u0105tem e-commerce. Tworzymy","protected":false},"author":1,"featured_media":0,"parent":0,"menu_order":0,"comment_status":"closed","ping_status":"closed","template":"","meta":{"powered_cache_disable_cache":false,"powered_cache_disable_css_optimization":false,"powered_cache_disable_js_optimization":false,"footnotes":""},"class_list":["post-38","page","type-page","status-publish","hentry"],"_links":{"self":[{"href":"https:\/\/iarina029.supserv.cozmoslabs.com\/pl\/wp-json\/wp\/v2\/pages\/38","targetHints":{"allow":["GET"]}}],"collection":[{"href":"https:\/\/iarina029.supserv.cozmoslabs.com\/pl\/wp-json\/wp\/v2\/pages"}],"about":[{"href":"https:\/\/iarina029.supserv.cozmoslabs.com\/pl\/wp-json\/wp\/v2\/types\/page"}],"author":[{"embeddable":true,"href":"https:\/\/iarina029.supserv.cozmoslabs.com\/pl\/wp-json\/wp\/v2\/users\/1"}],"replies":[{"embeddable":true,"href":"https:\/\/iarina029.supserv.cozmoslabs.com\/pl\/wp-json\/wp\/v2\/comments?post=38"}],"version-history":[{"count":0,"href":"https:\/\/iarina029.supserv.cozmoslabs.com\/pl\/wp-json\/wp\/v2\/pages\/38\/revisions"}],"wp:attachment":[{"href":"https:\/\/iarina029.supserv.cozmoslabs.com\/pl\/wp-json\/wp\/v2\/media?parent=38"}],"curies":[{"name":"wp","href":"https:\/\/api.w.org\/{rel}","templated":true}]}}