{"id":1770,"date":"2025-02-02T22:26:49","date_gmt":"2025-02-02T21:26:49","guid":{"rendered":"https:\/\/cocos.codes\/?page_id=1770"},"modified":"2025-03-03T17:26:33","modified_gmt":"2025-03-03T16:26:33","slug":"platnosci-wysylka-i-zwroty","status":"publish","type":"page","link":"https:\/\/iarina029.supserv.cozmoslabs.com\/pl\/platnosci-wysylka-i-zwroty\/","title":{"rendered":"P\u0142atno\u015bci, wysy\u0142ka i zwroty"},"content":{"rendered":"\t\t<div data-elementor-type=\"wp-page\" data-elementor-id=\"1770\" class=\"elementor elementor-1770\">\n\t\t\t\t<div class=\"elementor-element elementor-element-1a74995 e-flex e-con-boxed e-con e-parent\" data-id=\"1a74995\" data-element_type=\"container\" data-e-type=\"container\">\n\t\t\t\t\t<div class=\"e-con-inner\">\n\t\t\t\t<div class=\"elementor-element elementor-element-3edada7 elementor-widget elementor-widget-text-editor\" data-id=\"3edada7\" data-element_type=\"widget\" data-e-type=\"widget\" data-widget_type=\"text-editor.default\">\n\t\t\t\t\t\t\t\t\t<p><strong>\ud83d\udce6 Zam\u00f3wienia w naszym sklepie<\/strong>\u00a0s\u0105 realizowane w spos\u00f3b prosty i przejrzysty, aby\u015b m\u00f3g\u0142 szybko i wygodnie otrzyma\u0107 sw\u00f3j produkt. Proces zakupu zosta\u0142 zaprojektowany z my\u015bl\u0105 o Twojej wygodzie, a nasze metody p\u0142atno\u015bci i dostawy s\u0105 bezpieczne i niezawodne.<\/p><h6><strong>\ud83d\uded2 Jak z\u0142o\u017cy\u0107 zam\u00f3wienie?<\/strong><\/h6><p>Aby z\u0142o\u017cy\u0107 zam\u00f3wienie, wystarczy wybra\u0107 interesuj\u0105cy Ci\u0119 modu\u0142, doda\u0107 go do koszyka, a nast\u0119pnie przej\u015b\u0107 do p\u0142atno\u015bci. Oferujemy r\u00f3\u017cne metody p\u0142atno\u015bci, w tym szybkie i bezpieczne <strong>przelewy online<\/strong>, <strong>p\u0142atno\u015bci kart\u0105<\/strong> (\ud83d\udcb3 Visa, MasterCard) oraz p\u0142atno\u015bci przez <strong>Przelewy24<\/strong> i <strong>PayPal<\/strong>. Po zaksi\u0119gowaniu p\u0142atno\u015bci, pliki zostan\u0105\u00a0<strong>\ud83d\udce9 natychmiast wys\u0142ane na podany przez Ciebie adres e-mail<\/strong>. Dzi\u0119ki temu mo\u017cesz cieszy\u0107 si\u0119 swoim zakupem ju\u017c w kilka minut po z\u0142o\u017ceniu zam\u00f3wienia.<\/p><h6><strong>\ud83d\udd12 Bezpiecze\u0144stwo i Wygoda<\/strong><\/h6><p>Wszystkie transakcje w naszym sklepie s\u0105 szyfrowane, co gwarantuje najwy\u017cszy poziom bezpiecze\u0144stwa. Nie musisz si\u0119 martwi\u0107 o ukryte koszty \u2013\u00a0<strong>\ud83d\udcb0 cena, kt\u00f3r\u0105 widzisz, jest ostateczna, a wysy\u0142ka jest zawsze darmowa<\/strong>. Dodatkowo, kupuj\u0105c u nas, zyskujesz dost\u0119p do\u00a0<strong>\ud83c\udd93 darmowych aktualizacji<\/strong>\u00a0zakupionych modu\u0142\u00f3w oraz\u00a0<strong>\ud83d\udee0\ufe0f profesjonalnego wsparcia technicznego<\/strong>, kt\u00f3re jest dost\u0119pne w razie jakichkolwiek pyta\u0144 lub problem\u00f3w.<\/p><h6><strong>\ud83d\udd04 Zwroty i Gwarancja<\/strong><\/h6><p>Zale\u017cy nam na Twoim pe\u0142nym zadowoleniu z zakupu. W przypadku jakichkolwiek problem\u00f3w z dzia\u0142aniem modu\u0142u, nasz zesp\u00f3\u0142 techniczny zrobi wszystko, aby je rozwi\u0105za\u0107. Je\u015bli oka\u017ce si\u0119, \u017ce modu\u0142 nie dzia\u0142a prawid\u0142owo, a my nie jeste\u015bmy w stanie go naprawi\u0107,\u00a0<strong>\ud83d\udcb8 zwr\u00f3cimy Ci pe\u0142n\u0105 kwot\u0119<\/strong>. Dzi\u0119ki temu mo\u017cesz by\u0107 pewien, \u017ce Twoja satysfakcja jest dla nas priorytetem.<\/p>\t\t\t\t\t\t\t\t<\/div>\n\t\t\t\t\t<\/div>\n\t\t\t\t<\/div>\n\t\t\t\t<\/div>\n\t\t","protected":false},"excerpt":{"rendered":"\ud83d\udce6 Zam\u00f3wienia w naszym sklepie\u00a0s\u0105 realizowane w spos\u00f3b prosty i przejrzysty, aby\u015b m\u00f3g\u0142 szybko i wygodnie otrzyma\u0107 sw\u00f3j produkt. Proces zakupu zosta\u0142 zaprojektowany z my\u015bl\u0105 o Twojej wygodzie, a nasze","protected":false},"author":1,"featured_media":0,"parent":0,"menu_order":0,"comment_status":"closed","ping_status":"closed","template":"","meta":{"powered_cache_disable_cache":false,"powered_cache_disable_css_optimization":false,"powered_cache_disable_js_optimization":false,"footnotes":""},"class_list":["post-1770","page","type-page","status-publish","hentry"],"_links":{"self":[{"href":"https:\/\/iarina029.supserv.cozmoslabs.com\/pl\/wp-json\/wp\/v2\/pages\/1770","targetHints":{"allow":["GET"]}}],"collection":[{"href":"https:\/\/iarina029.supserv.cozmoslabs.com\/pl\/wp-json\/wp\/v2\/pages"}],"about":[{"href":"https:\/\/iarina029.supserv.cozmoslabs.com\/pl\/wp-json\/wp\/v2\/types\/page"}],"author":[{"embeddable":true,"href":"https:\/\/iarina029.supserv.cozmoslabs.com\/pl\/wp-json\/wp\/v2\/users\/1"}],"replies":[{"embeddable":true,"href":"https:\/\/iarina029.supserv.cozmoslabs.com\/pl\/wp-json\/wp\/v2\/comments?post=1770"}],"version-history":[{"count":0,"href":"https:\/\/iarina029.supserv.cozmoslabs.com\/pl\/wp-json\/wp\/v2\/pages\/1770\/revisions"}],"wp:attachment":[{"href":"https:\/\/iarina029.supserv.cozmoslabs.com\/pl\/wp-json\/wp\/v2\/media?parent=1770"}],"curies":[{"name":"wp","href":"https:\/\/api.w.org\/{rel}","templated":true}]}}