{"id":1734,"date":"2025-02-02T22:07:23","date_gmt":"2025-02-02T21:07:23","guid":{"rendered":"https:\/\/cocos.codes\/?page_id=1734"},"modified":"2025-02-07T21:25:13","modified_gmt":"2025-02-07T20:25:13","slug":"polityka-prywatnosci","status":"publish","type":"page","link":"https:\/\/iarina029.supserv.cozmoslabs.com\/pl\/polityka-prywatnosci\/","title":{"rendered":"Polityka prywatno\u015bci"},"content":{"rendered":"\t\t<div data-elementor-type=\"wp-page\" data-elementor-id=\"1734\" class=\"elementor elementor-1734\">\n\t\t\t\t<div class=\"elementor-element elementor-element-6f5c100c e-flex e-con-boxed e-con e-parent\" data-id=\"6f5c100c\" data-element_type=\"container\" data-e-type=\"container\">\n\t\t\t\t\t<div class=\"e-con-inner\">\n\t\t\t\t<div class=\"elementor-element elementor-element-19bc04e8 elementor-widget elementor-widget-text-editor\" data-id=\"19bc04e8\" data-element_type=\"widget\" data-e-type=\"widget\" data-widget_type=\"text-editor.default\">\n\t\t\t\t\t\t\t\t\t<p>Niniejsza Polityka Prywatno\u015bci okre\u015bla zasady przetwarzania i ochrony danych osobowych u\u017cytkownik\u00f3w sklepu internetowego <strong>COCOS.CODES<\/strong>, dost\u0119pnego pod adresem\u00a0<a href=\"https:\/\/iarina029.supserv.cozmoslabs.com\/\" title=\"Https:\/\/iarina029.supserv.cozmoslabs.com\/\"><strong>https:\/\/iarina029.supserv.cozmoslabs.com\/<\/strong><\/a>, w zwi\u0105zku z korzystaniem z us\u0142ug oferowanych przez sklep.<\/p><h6><strong>1. Administratorem danych osobowych<\/strong><\/h6><ol><li>Administratorem danych osobowych jest\u00a0<strong>Montownia Stron sp. z o.o. <\/strong>prowadz\u0105ca dzia\u0142alno\u015b\u0107 pod adresem <a href=\"https:\/\/maps.app.goo.gl\/WgDGTKaPV3XQZoNJ9\" title=\"Szlak 77\/222, 31-153 Krak\u00f3w, POLSKA\" target=\"_blank\" rel=\"noopener\"><strong>Szlak 77\/222, 31-153 Krak\u00f3w, POLSKA <\/strong><\/a>oraz adresem e-mail:\u00a0<a href=\"mailto:contact@cocos.codes\" title=\"Contact@cocos.codes\"><strong>contact@cocos.codes<\/strong><\/a><\/li><li>W sprawach zwi\u0105zanych z ochron\u0105 danych osobowych mo\u017cna kontaktowa\u0107 si\u0119 pod adresem e-mail:\u00a0<strong><a href=\"mailto:contact@cocos.codes\" title=\"Contact@cocos.codes\">contact@cocos.codes<\/a> <\/strong>lub pisemnie na adres siedziby Administratora.<\/li><\/ol><h6><strong>2. Cel i zakres przetwarzania danych<\/strong><\/h6><ol><li>Dane osobowe s\u0105 przetwarzane w celu:<ul><li>realizacji zam\u00f3wie\u0144 w sklepie internetowym,<\/li><li>\u015bwiadczenia us\u0142ug, w tym wsparcia technicznego,<\/li><li>wysy\u0142ki newslettera (za zgod\u0105 u\u017cytkownika),<\/li><li>rozpatrywania reklamacji i zapyta\u0144,<\/li><li>wype\u0142nienia obowi\u0105zk\u00f3w prawnych wynikaj\u0105cych z przepis\u00f3w prawa.<\/li><\/ul><\/li><li>Przetwarzane dane obejmuj\u0105: imi\u0119 i nazwisko, adres e-mail, adres dostawy (je\u015bli dotyczy), numer telefonu (je\u015bli podany), dane do faktury (w przypadku firm) oraz adres IP.<\/li><\/ol><h6><strong>3. Podstawa prawna przetwarzania danych<\/strong><\/h6><ol><li>Przetwarzanie danych jest konieczne do wykonania umowy sprzeda\u017cy (art. 6 ust. 1 lit. b RODO).<\/li><li>W przypadku wysy\u0142ki newslettera, przetwarzanie odbywa si\u0119 na podstawie zgody u\u017cytkownika (art. 6 ust. 1 lit. a RODO).<\/li><li>W innych przypadkach przetwarzanie jest oparte na obowi\u0105zkach prawnych Administratora (art. 6 ust. 1 lit. c RODO) lub jego uzasadnionym interesie (art. 6 ust. 1 lit. f RODO).<\/li><\/ol><h6><strong>4. Prawa u\u017cytkownik\u00f3w<\/strong><\/h6><ol><li>Ka\u017cda osoba, kt\u00f3rej dane dotycz\u0105, ma prawo do:<ul><li>dost\u0119pu do swoich danych,<\/li><li>sprostowania danych,<\/li><li>usuni\u0119cia danych (prawo do bycia zapomnianym),<\/li><li>ograniczenia przetwarzania,<\/li><li>przenoszenia danych,<\/li><li>wniesienia sprzeciwu wobec przetwarzania,<\/li><li>cofni\u0119cia zgody na przetwarzanie (je\u015bli przetwarzanie opiera si\u0119 na zgodzie).<\/li><\/ul><\/li><li>Aby skorzysta\u0107 z powy\u017cszych praw, nale\u017cy skontaktowa\u0107 si\u0119 z Administratorem pod adresem e-mail:\u00a0<a href=\"mailto:contact@cocos.codes\" title=\"Contact@cocos.codes\"><strong>contact@cocos.codes<\/strong><\/a>.<\/li><\/ol><h6><strong>5. Okres przechowywania danych<\/strong><\/h6><ol><li>Dane osobowe s\u0105 przechowywane przez okres niezb\u0119dny do realizacji cel\u00f3w, dla kt\u00f3rych zosta\u0142y zebrane, w tym:<ul><li>przez okres obowi\u0105zywania umowy sprzeda\u017cy i po jej zako\u0144czeniu, aby spe\u0142ni\u0107 obowi\u0105zki prawne (np. zwi\u0105zane z rozliczeniami podatkowymi),<\/li><li>do momentu wycofania zgody na przetwarzanie (w przypadku newslettera).<\/li><\/ul><\/li><\/ol><h6><strong>6. Odbiorcy danych<\/strong><\/h6><ol><li>Dane mog\u0105 by\u0107 udost\u0119pniane podmiotom zewn\u0119trznym, takim jak:<ul><li>dostawcy us\u0142ug p\u0142atno\u015bci,<\/li><li>firmy kurierskie (w przypadku dostawy fizycznej),<\/li><li>podmioty \u015bwiadcz\u0105ce us\u0142ugi IT i hostingowe,<\/li><li>organy pa\u0144stwowe, je\u015bli wymagaj\u0105 tego przepisy prawa.<\/li><\/ul><\/li><\/ol><h6><strong>7. Bezpiecze\u0144stwo danych<\/strong><\/h6><ol><li>Sklep cocos.codes stosuje odpowiednie \u015brodki techniczne i organizacyjne, aby zapewni\u0107 bezpiecze\u0144stwo przetwarzanych danych osobowych, w tym szyfrowanie po\u0142\u0105cze\u0144 (SSL) oraz regularne aktualizacje system\u00f3w.<\/li><\/ol><h6><strong>8. Pliki cookies<\/strong><\/h6><ol><li>Sklep korzysta z plik\u00f3w cookies (ciasteczek) w celu poprawy funkcjonalno\u015bci strony, analizy ruchu na stronie oraz personalizacji tre\u015bci.<\/li><li>U\u017cytkownik mo\u017ce zarz\u0105dza\u0107 plikami cookies poprzez ustawienia przegl\u0105darki.<\/li><\/ol><h6><strong>9. Zmiany w Polityce Prywatno\u015bci<\/strong><\/h6><ol><li>Sklep zastrzega sobie prawo do wprowadzania zmian w Polityce Prywatno\u015bci. Wszelkie zmiany b\u0119d\u0105 publikowane na stronie sklepu.<\/li><li>W przypadku istotnych zmian, u\u017cytkownicy zostan\u0105 powiadomieni drog\u0105 e-mailow\u0105.<\/li><\/ol><h6><strong>10. Postanowienia ko\u0144cowe<\/strong><\/h6><ol><li>Polityka Prywatno\u015bci wchodzi w \u017cycie z dniem\u00a0<strong>01.01.2025<\/strong>.<\/li><li>W sprawach nieuregulowanych w niniejszej Polityce Prywatno\u015bci zastosowanie maj\u0105 przepisy prawa polskiego, w szczeg\u00f3lno\u015bci RODO oraz Ustawa o ochronie danych osobowych.<\/li><\/ol>\t\t\t\t\t\t\t\t<\/div>\n\t\t\t\t\t<\/div>\n\t\t\t\t<\/div>\n\t\t\t\t<\/div>\n\t\t","protected":false},"excerpt":{"rendered":"Niniejsza Polityka Prywatno\u015bci okre\u015bla zasady przetwarzania i ochrony danych osobowych u\u017cytkownik\u00f3w sklepu internetowego COCOS.CODES, dost\u0119pnego pod adresem\u00a0https:\/\/iarina029.supserv.cozmoslabs.com\/ , w zwi\u0105zku z korzystaniem z us\u0142ug oferowanych przez sklep.1. Administratorem danych osobowych","protected":false},"author":1,"featured_media":0,"parent":0,"menu_order":0,"comment_status":"closed","ping_status":"closed","template":"","meta":{"powered_cache_disable_cache":false,"powered_cache_disable_css_optimization":false,"powered_cache_disable_js_optimization":false,"footnotes":""},"class_list":["post-1734","page","type-page","status-publish","hentry"],"_links":{"self":[{"href":"https:\/\/iarina029.supserv.cozmoslabs.com\/pl\/wp-json\/wp\/v2\/pages\/1734","targetHints":{"allow":["GET"]}}],"collection":[{"href":"https:\/\/iarina029.supserv.cozmoslabs.com\/pl\/wp-json\/wp\/v2\/pages"}],"about":[{"href":"https:\/\/iarina029.supserv.cozmoslabs.com\/pl\/wp-json\/wp\/v2\/types\/page"}],"author":[{"embeddable":true,"href":"https:\/\/iarina029.supserv.cozmoslabs.com\/pl\/wp-json\/wp\/v2\/users\/1"}],"replies":[{"embeddable":true,"href":"https:\/\/iarina029.supserv.cozmoslabs.com\/pl\/wp-json\/wp\/v2\/comments?post=1734"}],"version-history":[{"count":0,"href":"https:\/\/iarina029.supserv.cozmoslabs.com\/pl\/wp-json\/wp\/v2\/pages\/1734\/revisions"}],"wp:attachment":[{"href":"https:\/\/iarina029.supserv.cozmoslabs.com\/pl\/wp-json\/wp\/v2\/media?parent=1734"}],"curies":[{"name":"wp","href":"https:\/\/api.w.org\/{rel}","templated":true}]}}