{"id":5668,"date":"2025-12-10T17:18:10","date_gmt":"2025-12-10T16:18:10","guid":{"rendered":"https:\/\/cocos.codes\/?post_type=product&#038;p=5668"},"modified":"2026-04-09T19:38:27","modified_gmt":"2026-04-09T17:38:27","slug":"prestashop-gestionnaire-de-balises-google","status":"publish","type":"product","link":"https:\/\/iarina029.supserv.cozmoslabs.com\/fr\/product\/prestashop-gestionnaire-de-balises-google\/","title":{"rendered":"PrestaShop Google Tag Manager (GTM, GA4, ADS)"},"content":{"rendered":"<div data-elementor-type=\"wp-post\" data-elementor-id=\"5668\" class=\"elementor elementor-5668\">\n\t\t\t\t<div class=\"elementor-element elementor-element-94e5338 e-flex e-con-boxed e-con e-parent\" data-id=\"94e5338\" data-element_type=\"container\" data-e-type=\"container\">\n\t\t\t\t\t<div class=\"e-con-inner\">\n\t\t\t\t<div class=\"elementor-element elementor-element-f704832 elementor-widget elementor-widget-text-editor\" data-id=\"f704832\" data-element_type=\"widget\" data-e-type=\"widget\" data-widget_type=\"text-editor.default\">\n\t\t\t\t\t\t\t\t\t<h6>PrestaShop Google Tag Manager \u2013 int\u00e9gration e-commerce professionnelle<\/h6>Google Tag Manager &amp; Analytics, c'est <strong>avanc\u00e9<\/strong> module pour les boutiques PrestaShop souhaitant exploiter pleinement les possibilit\u00e9s de Google Analytics 4 et Enhanced Ecommerce. <strong>CC PrestaShop Google Tag Manager<\/strong> suit automatiquement <strong>18 \u00e9v\u00e9nements cl\u00e9s<\/strong>, fournissant une analyse d\u00e9taill\u00e9e du comportement des clients, des conversions et des revenus. <strong>Obtenez une visibilit\u00e9 compl\u00e8te sur les performances de votre boutique, optimisez vos campagnes publicitaires et prenez des d\u00e9cisions bas\u00e9es sur des donn\u00e9es.<\/strong> Mise en \u0153uvre professionnelle conforme aux normes les plus r\u00e9centes <strong>Google<\/strong>, pr\u00eate \u00e0 l'emploi d\u00e8s son installation.\t\t\t\t\t\t\t\t<\/div>\n\t\t\t\t<div class=\"elementor-element elementor-element-a0f82a9 elementor-widget elementor-widget-spacer\" data-id=\"a0f82a9\" data-element_type=\"widget\" data-e-type=\"widget\" data-widget_type=\"spacer.default\">\n\t\t\t\t\t\t\t<div class=\"elementor-spacer\">\n\t\t\t<div class=\"elementor-spacer-inner\"><\/div>\n\t\t<\/div>\n\t\t\t\t\t\t<\/div>\n\t\t\t\t\t<\/div>\n\t\t\t\t<\/div>\n\t\t<div class=\"elementor-element elementor-element-bf6d82d e-flex e-con-boxed e-con e-parent\" data-id=\"bf6d82d\" data-element_type=\"container\" data-e-type=\"container\">\n\t\t\t\t\t<div class=\"e-con-inner\">\n\t\t<div class=\"elementor-element elementor-element-b8beb48 e-grid e-con-full e-con e-child\" data-id=\"b8beb48\" data-element_type=\"container\" data-e-type=\"container\">\n\t\t\t\t<div class=\"elementor-element elementor-element-2068a0d elementor-widget elementor-widget-pls-button\" data-id=\"2068a0d\" data-element_type=\"widget\" data-e-type=\"widget\" data-widget_type=\"pls-button.default\">\n\t\t\t\t<div class=\"elementor-widget-container\">\n\t\t\t\t\t<div id=\"pls-button-5110\" class=\"pls-element pls-button\">\n\t<a class=\"button btn-style-flat\" href=\"https:\/\/iarina029.supserv.cozmoslabs.com\/fr\/base-de-connaissances\/prestashop\/documentation-prestashop\/prestashop-gestionnaire-de-balises-google\/\" title=\"DOCUMENTATION\"  target=\"_blank\">\n\t\tDOCUMENTATION\t<\/a>\n<\/div>\n\t\t\t\t<\/div>\n\t\t\t\t<\/div>\n\t\t\t\t<div class=\"elementor-element elementor-element-a6cfdfd elementor-widget elementor-widget-pls-button\" data-id=\"a6cfdfd\" data-element_type=\"widget\" data-e-type=\"widget\" data-widget_type=\"pls-button.default\">\n\t\t\t\t<div class=\"elementor-widget-container\">\n\t\t\t\t\t<div id=\"pls-button-71958\" class=\"pls-element pls-button\">\n\t<a class=\"button btn-style-flat\" href=\"https:\/\/demo.cocos.codes\/cc_ps_googletrack\/\" title=\"DEMO\" target=\"_blank\" rel=\"noopener\">\n\t\tDEMO\t<\/a>\n<\/div>\n\t\t\t\t<\/div>\n\t\t\t\t<\/div>\n\t\t\t\t<\/div>\n\t\t\t\t\t<\/div>\n\t\t\t\t<\/div>\n\t\t<div class=\"elementor-element elementor-element-61a6a8b e-flex e-con-boxed e-con e-parent\" data-id=\"61a6a8b\" data-element_type=\"container\" data-e-type=\"container\">\n\t\t\t\t\t<div class=\"e-con-inner\">\n\t\t\t\t<div class=\"elementor-element elementor-element-5145bd8 elementor-widget elementor-widget-spacer\" data-id=\"5145bd8\" data-element_type=\"widget\" data-e-type=\"widget\" data-widget_type=\"spacer.default\">\n\t\t\t\t\t\t\t<div class=\"elementor-spacer\">\n\t\t\t<div class=\"elementor-spacer-inner\"><\/div>\n\t\t<\/div>\n\t\t\t\t\t\t<\/div>\n\t\t\t\t<div class=\"elementor-element elementor-element-73d1d61 elementor-widget elementor-widget-text-editor\" data-id=\"73d1d61\" data-element_type=\"widget\" data-e-type=\"widget\" data-widget_type=\"text-editor.default\">\n\t\t\t\t\t\t\t\t\t<h6><strong>Suivi complet du commerce \u00e9lectronique<\/strong><\/h6><strong>\ud83c\udfaf Int\u00e9gration compl\u00e8te avec Google Analytics 4<\/strong><br \/><ul><li><strong>18 \u00e9v\u00e9nements cl\u00e9s GA4<\/strong> \u2013 suivi automatique de l'ensemble du parcours d'achat du client<\/li><li><strong>Commerce \u00e9lectronique am\u00e9lior\u00e9<\/strong> \u2013 conformit\u00e9 avec les derni\u00e8res normes Google pour le commerce \u00e9lectronique<\/li><li><strong>Conversions am\u00e9lior\u00e9es<\/strong> \u2013 donn\u00e9es utilisateur hach\u00e9es pour une meilleure attribution des conversions<\/li><li><strong>Int\u00e9gration avec GTM<\/strong> \u2013 contr\u00f4le total par <a href=\"https:\/\/tagmanager.google.com\/\" title=\"Google Tag Manager\" target=\"_blank\" rel=\"noopener\">Google Tag Manager<\/a><\/li><\/ul><strong>\ud83d\udcca Suivi avanc\u00e9 des \u00e9v\u00e9nements<\/strong><br \/><ul><li><strong>page_view<\/strong> \u2013 affichage de chaque page avec son contexte complet<\/li><li><strong>view_item<\/strong> \u2013 informations d\u00e9taill\u00e9es sur les produits affich\u00e9s<\/li><li><strong>voir_la_liste_des_articles<\/strong> \u2013 suivi des listes de produits dans les cat\u00e9gories et les r\u00e9sultats de recherche<\/li><li><strong>select_item<\/strong> \u2013 clics sur les produits \u00e0 partir des listes<\/li><li><strong>add_to_cart<\/strong> \u2013 ajouter des produits au panier avec la quantit\u00e9 et le prix<\/li><li><strong>supprimer du panier<\/strong> \u2013 suppression des produits du panier<\/li><li><strong>view_cart<\/strong> \u2013 consulter le contenu du panier<\/li><li><strong>begin_checkout<\/strong> \u2013 lancement du processus de commande<\/li><li><strong>add_shipping_info<\/strong> \u2013 choix du mode de livraison<\/li><li><strong>add_payment_info<\/strong> \u2013 choix du mode de paiement<\/li><li><strong>achat<\/strong> \u2013 finalisation de l'achat avec toutes les donn\u00e9es de la transaction<\/li><li><strong>search<\/strong> \u2013 recherche dans la boutique<\/li><li><strong>Connexion \/ Inscription<\/strong> \u2013 connexion et inscription des utilisateurs<\/li><li><strong>ajouter \u00e0 la liste de souhaits<\/strong> \u2013 Ajouter \u00e0 la liste de souhaits<\/li><li><strong>partager<\/strong> \u2013 partage de produits sur les r\u00e9seaux sociaux<\/li><li><strong>select_promotion<\/strong> \u2013 interactions avec les promotions et les remises<\/li><\/ul><strong>\ud83d\udd0d Couche de donn\u00e9es \u00e9tendue (Enhanced Data)<\/strong><br \/><ul><li><strong>Donn\u00e9es du site<\/strong> \u2013 type de page, URL, titre, langue, devise<\/li><li><strong>Donn\u00e9es utilisateur<\/strong> \u2013 statut du client (visiteur\/invit\u00e9\/client), identifiant utilisateur<\/li><li><strong>Hi\u00e9rarchie des cat\u00e9gories<\/strong> \u2013 jusqu'\u00e0 5 niveaux de cat\u00e9gories de produits<\/li><li><strong>Donn\u00e9es sur les produits<\/strong> \u2013 marques, prix, remises, attributs<\/li><li><strong>Donn\u00e9es relatives aux commandes<\/strong> \u2013 m\u00e9thodes de livraison, paiement, bons de r\u00e9duction<\/li><li><strong>Normalisation des donn\u00e9es<\/strong> \u2013 formatage automatique des cat\u00e9gories et des noms<\/li><\/ul><strong>\ud83d\udee1\ufe0f Conversions am\u00e9lior\u00e9es et confidentialit\u00e9<\/strong><br \/><ul><li><strong>Donn\u00e9es hach\u00e9es des utilisateurs<\/strong> \u2013 SHA-256 pour la s\u00e9curit\u00e9 des donn\u00e9es personnelles<\/li><li><strong>E-mail, t\u00e9l\u00e9phone, adresse<\/strong> \u2013 toutes les donn\u00e9es sous forme s\u00e9curis\u00e9e<\/li><li><strong>Meilleure attribution des conversions<\/strong> \u2013 suivi plus pr\u00e9cis de l'efficacit\u00e9 des campagnes<\/li><li><strong>Conformit\u00e9 avec le RODO<\/strong> \u2013 hachage des donn\u00e9es avant leur envoi \u00e0 Google<\/li><li><strong>Int\u00e9gration avec Google Consent Mode 2.0<\/strong> \u2013 coop\u00e9ration avec les modules de gestion des autorisations<\/li><\/ul><strong>\ud83c\udfa8 Configuration flexible<\/strong><br \/><ul><li><strong>Activation\/d\u00e9sactivation des \u00e9v\u00e9nements<\/strong> \u2013 contr\u00f4le total sur chacun des 18 \u00e9v\u00e9nements<\/li><li><strong>Mode d\u00e9bogage<\/strong> \u2013 connexion d\u00e9taill\u00e9e \u00e0 la console du navigateur<\/li><li><strong>Connexion aux \u00e9v\u00e9nements<\/strong> \u2013 enregistrement de tous les \u00e9v\u00e9nements dans la base de donn\u00e9es<\/li><li><strong>Code JavaScript personnalis\u00e9<\/strong> \u2013 possibilit\u00e9 d'ajouter des balises personnalis\u00e9es<\/li><li><strong>Multilinguisme<\/strong> \u2013 polonais, anglais, possibilit\u00e9 d'ajouter vos propres langues<\/li><li><strong>S\u00e9lection rapide des \u00e9v\u00e9nements<\/strong> \u2013 boutons \u201e S\u00e9lectionner tout \u201d \/ \u201e D\u00e9s\u00e9lectionner tout \u201d<\/li><\/ul><strong>\u2699\ufe0f Caract\u00e9ristiques techniques<\/strong><br \/><ul><li><strong>D\u00e9tection automatique des produits<\/strong> \u2013 t\u00e9l\u00e9chargement intelligent des donn\u00e9es via AJAX<\/li><li><strong>PrestaShop events support<\/strong> \u2013 int\u00e9gration avec updateCart et d'autres \u00e9v\u00e9nements<\/li><li><strong>Interception des requ\u00eates fetch et XMLHttpRequest<\/strong> \u2013 suivi des listes de souhaits et autres interactions<\/li><li><strong>D\u00e9tection de quantit\u00e9<\/strong> \u2013 provenant de diff\u00e9rentes sources (#quantity_wanted, event.reason.qty, etc.)<\/li><li><strong>V\u00e9rification des doublons<\/strong> \u2013 n'envoie pas deux fois le m\u00eame \u00e9v\u00e9nement<\/li><li><strong>R\u00e9activit\u00e9<\/strong> - adaptation automatique aux appareils mobiles<\/li><li><strong>Syst\u00e8me Hook<\/strong> \u2013 utilisation de tous les hooks cl\u00e9s de PrestaShop<\/li><\/ul><strong>\ud83d\udd27 Outils de d\u00e9veloppement avanc\u00e9s<\/strong><br \/><ul><li><strong>Assistant de balisage<\/strong> \u2013 test avec l'outil officiel de Google<\/li><li><strong>Mode aper\u00e7u GTM<\/strong> \u2013 aper\u00e7u des \u00e9v\u00e9nements en temps r\u00e9el<\/li><li><strong>Console de d\u00e9bogage<\/strong> \u2013 journaux d\u00e9taill\u00e9s de toutes les op\u00e9rations<\/li><li><strong>Exportation des journaux<\/strong> \u2013 possibilit\u00e9 d'analyser les \u00e9v\u00e9nements enregistr\u00e9s<\/li><li><strong>API pour les d\u00e9veloppeurs<\/strong> \u2013 variables window.ccpsTranslations, window.ccpsEventConfig<\/li><li><strong>Fonction t()<\/strong> \u2013 syst\u00e8me de traduction disponible en JavaScript<\/li><\/ul>\t\t\t\t\t\t\t\t<\/div>\n\t\t\t\t<div class=\"elementor-element elementor-element-62ba93d elementor-widget elementor-widget-text-editor\" data-id=\"62ba93d\" data-element_type=\"widget\" data-e-type=\"widget\" data-widget_type=\"text-editor.default\">\n\t\t\t\t\t\t\t\t\t<h6><strong>\ud83d\udcc8 Structure des donn\u00e9es conforme \u00e0 Google<br \/><\/strong><\/h6>Le module garantit une conformit\u00e9 totale avec les sp\u00e9cifications. <a href=\"https:\/\/developers.google.com\/analytics\/devguides\/collection\/ga4\/ecommerce?hl=pl&amp;client_type=gtag\" target=\"_blank\" rel=\"noopener\">Google Analytics 4 Commerce \u00e9lectronique am\u00e9lior\u00e9<\/a>:<br \/><br \/><strong>L'objet items[] contient :<\/strong><br \/><ul><li><strong>item_id<\/strong> \u2013 identifiant unique du produit<\/li><li><strong>item_name<\/strong> \u2013 nom du produit<\/li><li><strong>prix<\/strong> \u2013 prix du produit (apr\u00e8s remise)<\/li><li><strong>quantit\u00e9<\/strong> \u2013 quantit\u00e9 de produits<\/li><li><strong>item_brand<\/strong> \u2013 marque du produit<\/li><li><strong>item_category<\/strong> \u2013 cat\u00e9gorie principale<\/li><li><strong>item_category2-5<\/strong> \u2013 sous-cat\u00e9gories (hi\u00e9rarchie jusqu'\u00e0 5 niveaux)<\/li><li><strong>index<\/strong> \u2013 position du produit dans la liste<\/li><li><strong>google_business_vertical<\/strong> \u2013 automatiquement r\u00e9gl\u00e9 sur ' retail \u2019<\/li><\/ul><p><strong>Donn\u00e9es relatives \u00e0 la transaction (achat) :<\/strong><\/p><ul><li><strong>transaction_id<\/strong> \u2013 num\u00e9ro de commande unique<\/li><li><strong>valeur<\/strong> \u2013 valeur totale de la commande<\/li><li><strong>taxe<\/strong> \u2013 montant de la taxe<\/li><li><strong>exp\u00e9dition<\/strong> \u2013 frais de livraison<\/li><li><strong>devise<\/strong> \u2013 code de la devise (PLN, EUR, USD, etc.)<\/li><li><strong>coupon<\/strong> \u2013 code de r\u00e9duction utilis\u00e9<\/li><li><strong>items[]<\/strong> \u2013 liste compl\u00e8te des produits achet\u00e9s<\/li><\/ul>\t\t\t\t\t\t\t\t<\/div>\n\t\t\t\t<div class=\"elementor-element elementor-element-f902eee elementor-widget elementor-widget-spacer\" data-id=\"f902eee\" data-element_type=\"widget\" data-e-type=\"widget\" data-widget_type=\"spacer.default\">\n\t\t\t\t\t\t\t<div class=\"elementor-spacer\">\n\t\t\t<div class=\"elementor-spacer-inner\"><\/div>\n\t\t<\/div>\n\t\t\t\t\t\t<\/div>\n\t\t\t\t<div class=\"elementor-element elementor-element-989aa7e elementor-widget elementor-widget-text-editor\" data-id=\"989aa7e\" data-element_type=\"widget\" data-e-type=\"widget\" data-widget_type=\"text-editor.default\">\n\t\t\t\t\t\t\t\t\t<h6><strong>\ud83d\ude80 Augmentez l'efficacit\u00e9 de vos campagnes publicitaires et optimisez vos ventes !<\/strong><\/h6><p><br \/>Sans <strong>donn\u00e9es analytiques pr\u00e9cises<\/strong> vous menez votre entreprise \u00e0 l'aveuglette. Vous perdez de l'argent dans des campagnes inefficaces, vous ne savez pas quels produits se vendent vraiment et o\u00f9 se trouvent les clients. <strong>abandonner leurs paniers<\/strong>. CC Google Tag Manager &amp; Analytics vous offre <strong>une visibilit\u00e9 compl\u00e8te \u00e0 chaque \u00e9tape du parcours d'achat<\/strong>, permettant une <strong>optimisation de la conversion et du retour sur investissement<\/strong>. <strong>Automatique<\/strong> mise en \u0153uvre<strong> 18 \u00e9v\u00e9nements cl\u00e9s<\/strong> \u00e9conomise des dizaines d'heures de programmation et \u00e9limine les erreurs de suivi.<br \/><br \/>Merci \u00e0 <strong>Conversions am\u00e9lior\u00e9es<\/strong> vous augmenterez la pr\u00e9cision de l'attribution des conversions aux campagnes publicitaires Google Ads jusqu'\u00e0 <strong>20-30%<\/strong>. <strong>Couche de donn\u00e9es \u00e9tendue<\/strong> permet de cr\u00e9er des segments avanc\u00e9s dans Google Analytics et de personnaliser <strong>remarketing<\/strong>. Le mode d\u00e9bogage et la journalisation des \u00e9v\u00e9nements facilitent les tests et la r\u00e9solution des probl\u00e8mes. Tout cela \u00e0 partir du panneau d'administration intuitif de PrestaShop., <strong>sans avoir besoin de conna\u00eetre la programmation<\/strong>.<\/p>\t\t\t\t\t\t\t\t<\/div>\n\t\t\t\t<div class=\"elementor-element elementor-element-f20f9f7 elementor-widget elementor-widget-spacer\" data-id=\"f20f9f7\" data-element_type=\"widget\" data-e-type=\"widget\" data-widget_type=\"spacer.default\">\n\t\t\t\t\t\t\t<div class=\"elementor-spacer\">\n\t\t\t<div class=\"elementor-spacer-inner\"><\/div>\n\t\t<\/div>\n\t\t\t\t\t\t<\/div>\n\t\t\t\t<div class=\"elementor-element elementor-element-85a068a elementor-widget elementor-widget-text-editor\" data-id=\"85a068a\" data-element_type=\"widget\" data-e-type=\"widget\" data-widget_type=\"text-editor.default\">\n\t\t\t\t\t\t\t\t\t<strong>Pour qui ?<\/strong><br \/>Le module est id\u00e9al pour tout le monde :<br \/><br \/><div style=\"padding-left: 40px;\">\u2714 <strong>Magasins <a href=\"https:\/\/prestashop.com\/\" title=\"PrestaShop\" target=\"_blank\" rel=\"noopener\">PrestaShop<\/a><\/strong> qui ont besoin d'une int\u00e9gration professionnelle avec Google Analytics 4<\/div><div style=\"padding-left: 40px;\">\u2714 <strong>E-commerce utilisant Google Ads<\/strong> et qui souhaitent augmenter leur ROAS<\/div><div style=\"padding-left: 40px;\">\u2714 <strong>Marketeurs<\/strong> qui ont besoin de donn\u00e9es d\u00e9taill\u00e9es sur le comportement des clients<\/div><div style=\"padding-left: 40px;\">\u2714 <strong>Commer\u00e7ants<\/strong> souhaitant prendre des d\u00e9cisions fond\u00e9es sur des donn\u00e9es<\/div><div style=\"padding-left: 40px;\">\u2714 <strong>Agences de marketing<\/strong> gestionnaires de campagnes pour les clients<\/div><div style=\"padding-left: 40px;\">\u2714 <strong>D\u00e9veloppeurs<\/strong> \u00e0 la recherche d'une solution pr\u00eate \u00e0 l'emploi plut\u00f4t que d'\u00e9crire du code personnalis\u00e9<\/div><div style=\"padding-left: 40px;\">\u2714 <strong>Magasins multilingues<\/strong> ayant besoin d'un soutien complet en mati\u00e8re de traduction<\/div><div style=\"padding-left: 40px;\">\u2714 <strong>Entreprises soucieuses de la conformit\u00e9 au RGPD<\/strong> gr\u00e2ce aux conversions am\u00e9lior\u00e9es avec hachage des donn\u00e9es<\/div><div style=\"padding-left: 40px;\">\u2714 <strong>Administrateurs<\/strong> qui appr\u00e9cient la configuration facile et l'interface intuitive<\/div><div style=\"padding-left: 40px;\">\u2714 <strong>Utilisateurs avanc\u00e9s de GTM<\/strong> n\u00e9cessitant un contr\u00f4le total via dataLayer<br \/><br \/><\/div><div class=\"cc-alert cc-alert-success\"><div class=\"cc-alert-title\">\u00c9conomie de temps et d'argent<\/div><div class=\"cc-alert-content\"><strong>La mise en \u0153uvre manuelle d'Enhanced Ecommerce GA4 n\u00e9cessite 20 \u00e0 40 heures de travail d'un programmeur et co\u00fbte entre 3 000 et 8 000 PLN.<\/strong>. Notre module fonctionne imm\u00e9diatement apr\u00e8s l'installation, ce qui vous permet d'\u00e9conomiser du temps et de l'argent. <strong>Vous payez une seule fois et b\u00e9n\u00e9ficiez d'un suivi professionnel et de mises \u00e0 jour conformes aux derni\u00e8res normes de Google.<\/strong><\/div><\/div>\t\t\t\t\t\t\t\t<\/div>\n\t\t\t\t<div class=\"elementor-element elementor-element-cec8481 elementor-widget elementor-widget-spacer\" data-id=\"cec8481\" data-element_type=\"widget\" data-e-type=\"widget\" data-widget_type=\"spacer.default\">\n\t\t\t\t\t\t\t<div class=\"elementor-spacer\">\n\t\t\t<div class=\"elementor-spacer-inner\"><\/div>\n\t\t<\/div>\n\t\t\t\t\t\t<\/div>\n\t\t\t\t<div class=\"elementor-element elementor-element-738c0c6 elementor-widget elementor-widget-text-editor\" data-id=\"738c0c6\" data-element_type=\"widget\" data-e-type=\"widget\" data-widget_type=\"text-editor.default\">\n\t\t\t\t\t\t\t\t\t<p><div class=\"pls-block pls-block-3297\">\t\t<div data-elementor-type=\"wp-post\" data-elementor-id=\"3297\" class=\"elementor elementor-3297\">\n\t\t\t\t<div class=\"elementor-element elementor-element-d99440d e-flex e-con-boxed e-con e-parent\" data-id=\"d99440d\" data-element_type=\"container\" data-e-type=\"container\" data-settings=\"{&quot;background_background&quot;:&quot;classic&quot;}\">\n\t\t\t\t\t<div class=\"e-con-inner\">\n\t\t\t\t<div class=\"elementor-element elementor-element-b850409 elementor-widget elementor-widget-text-editor\" data-id=\"b850409\" data-element_type=\"widget\" data-e-type=\"widget\" data-widget_type=\"text-editor.default\">\n\t\t\t\t\t\t\t\t\t<h6><strong>\u00a0Am\u00e9liorez les capacit\u00e9s de votre atelier d\u00e8s aujourd'hui ! <\/strong><strong>\ud83d\ude80<\/strong><\/h6>Ajoutez de nouvelles fonctionnalit\u00e9s, am\u00e9liorez l'exp\u00e9rience utilisateur et augmentez les conversions gr\u00e2ce \u00e0 notre module. Installation facile, compatibilit\u00e9 totale et mises \u00e0 jour r\u00e9guli\u00e8res - tout ce dont vous avez besoin pour que votre boutique fonctionne encore mieux.<br \/>\u2705 Installation facile \u2705 Support professionnel \u2705 Int\u00e9gration transparente<br \/><br \/><a class=\"button simple\" href=\"#main-content\" title=\"Installez et utilisez d\u00e8s maintenant !\">Installez-la et commencez \u00e0 l'utiliser d\u00e8s maintenant !<\/a>\t\t\t\t\t\t\t\t<\/div>\n\t\t\t\t\t<\/div>\n\t\t\t\t<\/div>\n\t\t\t\t<\/div>\n\t\t<\/div><\/p>\t\t\t\t\t\t\t\t<\/div>\n\t\t\t\t\t<\/div>\n\t\t\t\t<\/div>\n\t\t\t\t<\/div>","protected":false},"excerpt":{"rendered":"Presta Shop Google Tag Manager \u2013 int\u00e9gration e-commerce professionnelle Google Tag Manager &amp; Analytics est un module avanc\u00e9 destin\u00e9 aux boutiques Presta Shop qui souhaitent exploiter pleinement les possibilit\u00e9s de Google Analytics 4 et","protected":false},"featured_media":5675,"comment_status":"open","ping_status":"closed","template":"","meta":{"powered_cache_disable_cache":false,"powered_cache_disable_css_optimization":false,"powered_cache_disable_js_optimization":false},"product_brand":[275],"product_cat":[131],"product_tag":[207,206,325,205,204,273],"class_list":{"0":"post-5668","1":"product","2":"type-product","3":"status-publish","4":"has-post-thumbnail","6":"product_brand-cocos","7":"product_cat-prestashop","8":"product_tag-ads","9":"product_tag-ga4","10":"product_tag-gtag","11":"product_tag-gtm","12":"product_tag-integracja-google","13":"product_tag-modul-prestashop","15":"first","16":"instock","17":"downloadable","18":"virtual","19":"taxable","20":"purchasable","21":"product-type-simple"},"_links":{"self":[{"href":"https:\/\/iarina029.supserv.cozmoslabs.com\/fr\/wp-json\/wp\/v2\/product\/5668","targetHints":{"allow":["GET"]}}],"collection":[{"href":"https:\/\/iarina029.supserv.cozmoslabs.com\/fr\/wp-json\/wp\/v2\/product"}],"about":[{"href":"https:\/\/iarina029.supserv.cozmoslabs.com\/fr\/wp-json\/wp\/v2\/types\/product"}],"replies":[{"embeddable":true,"href":"https:\/\/iarina029.supserv.cozmoslabs.com\/fr\/wp-json\/wp\/v2\/comments?post=5668"}],"version-history":[{"count":0,"href":"https:\/\/iarina029.supserv.cozmoslabs.com\/fr\/wp-json\/wp\/v2\/product\/5668\/revisions"}],"wp:featuredmedia":[{"embeddable":true,"href":"https:\/\/iarina029.supserv.cozmoslabs.com\/fr\/wp-json\/wp\/v2\/media\/5675"}],"wp:attachment":[{"href":"https:\/\/iarina029.supserv.cozmoslabs.com\/fr\/wp-json\/wp\/v2\/media?parent=5668"}],"wp:term":[{"taxonomy":"product_brand","embeddable":true,"href":"https:\/\/iarina029.supserv.cozmoslabs.com\/fr\/wp-json\/wp\/v2\/product_brand?post=5668"},{"taxonomy":"product_cat","embeddable":true,"href":"https:\/\/iarina029.supserv.cozmoslabs.com\/fr\/wp-json\/wp\/v2\/product_cat?post=5668"},{"taxonomy":"product_tag","embeddable":true,"href":"https:\/\/iarina029.supserv.cozmoslabs.com\/fr\/wp-json\/wp\/v2\/product_tag?post=5668"}],"curies":[{"name":"wp","href":"https:\/\/api.w.org\/{rel}","templated":true}]}}