{"id":5409,"date":"2025-09-24T13:18:32","date_gmt":"2025-09-24T11:18:32","guid":{"rendered":"https:\/\/cocos.codes\/?post_type=product&#038;p=5409"},"modified":"2026-04-09T19:38:24","modified_gmt":"2026-04-09T17:38:24","slug":"services-de-programmation-prestashop-et-wordpress","status":"publish","type":"product","link":"https:\/\/iarina029.supserv.cozmoslabs.com\/fr\/product\/services-de-programmation-prestashop-et-wordpress\/","title":{"rendered":"Services de d\u00e9veloppement PrestaShop 1.7\/8.x\/9.x et WordPress 6.x"},"content":{"rendered":"<div data-elementor-type=\"wp-post\" data-elementor-id=\"5409\" class=\"elementor elementor-5409\">\n\t\t\t\t<div class=\"elementor-element elementor-element-b07ab12 e-flex e-con-boxed e-con e-parent\" data-id=\"b07ab12\" data-element_type=\"container\" data-e-type=\"container\">\n\t\t\t\t\t<div class=\"e-con-inner\">\n\t\t\t\t<div class=\"elementor-element elementor-element-3534c01 elementor-widget elementor-widget-heading\" data-id=\"3534c01\" data-element_type=\"widget\" data-e-type=\"widget\" data-widget_type=\"heading.default\">\n\t\t\t\t\t<h6 class=\"elementor-heading-title elementor-size-default\">Services de programmation PrestaShop &amp; WordPress<\/h6>\t\t\t\t<\/div>\n\t\t\t\t<div class=\"elementor-element elementor-element-f6a8b64 elementor-widget elementor-widget-text-editor\" data-id=\"f6a8b64\" data-element_type=\"widget\" data-e-type=\"widget\" data-widget_type=\"text-editor.default\">\n\t\t\t\t\t\t\t\t\t<p style=\"text-align: left;\">Besoin d'une aide rapide et flexible pour votre magasin <a href=\"https:\/\/prestashop.com\/\" title=\"PrestaShop\" target=\"_blank\" rel=\"noopener\">PrestaShop<\/a> \/ <a href=\"https:\/\/wordpress.com\/\" title=\"WordPress\" target=\"_blank\" rel=\"noopener\">WordPress<\/a> \/ <a href=\"https:\/\/woocommerce.com\/\" title=\"WooCommerce\" target=\"_blank\" rel=\"noopener\">WooCommerce<\/a>? Choisissez nos services de d\u00e9veloppeur Prestashop \/ d\u00e9veloppeur WordPress et d'assistance analytique et technique, factur\u00e9s en fonction du temps de travail. Id\u00e9al pour les petites corrections, les modifications ou la maintenance continue de la boutique.<br \/><br \/><strong>Nous acceptons toutes les t\u00e2ches, quelle que soit leur difficult\u00e9.<br \/><br \/>Le taux horaire est de $54\/1h ($27\/0,5h), ind\u00e9pendamment du nombre d'heures. <br \/>Le taux $27 indiqu\u00e9 dans le produit est l'\u00e9quivalent de 30 minutes.<br \/><br \/><\/strong><\/p><p style=\"text-align: center;\"><strong>\u26a0\ufe0f Important : avant de passer commande <a href=\"https:\/\/iarina029.supserv.cozmoslabs.com\/fr\/contact\/\" title=\"Veuillez nous contacter\">veuillez nous contacter<\/a> afin de discuter des d\u00e9tails et de l'\u00e9tendue des travaux.<\/strong><\/p>\t\t\t\t\t\t\t\t<\/div>\n\t\t\t\t<div class=\"elementor-element elementor-element-b2ca412 elementor-widget elementor-widget-spacer\" data-id=\"b2ca412\" data-element_type=\"widget\" data-e-type=\"widget\" data-widget_type=\"spacer.default\">\n\t\t\t\t\t\t\t<div class=\"elementor-spacer\">\n\t\t\t<div class=\"elementor-spacer-inner\"><\/div>\n\t\t<\/div>\n\t\t\t\t\t\t<\/div>\n\t\t\t\t\t<\/div>\n\t\t\t\t<\/div>\n\t\t<div class=\"elementor-element elementor-element-aa63b05 e-flex e-con-boxed e-con e-parent\" data-id=\"aa63b05\" data-element_type=\"container\" data-e-type=\"container\">\n\t\t\t\t\t<div class=\"e-con-inner\">\n\t\t\t\t<div class=\"elementor-element elementor-element-6c5b301 elementor-widget elementor-widget-spacer\" data-id=\"6c5b301\" data-element_type=\"widget\" data-e-type=\"widget\" data-widget_type=\"spacer.default\">\n\t\t\t\t\t\t\t<div class=\"elementor-spacer\">\n\t\t\t<div class=\"elementor-spacer-inner\"><\/div>\n\t\t<\/div>\n\t\t\t\t\t\t<\/div>\n\t\t\t\t<div class=\"elementor-element elementor-element-dd4b192 elementor-widget elementor-widget-heading\" data-id=\"dd4b192\" data-element_type=\"widget\" data-e-type=\"widget\" data-widget_type=\"heading.default\">\n\t\t\t\t\t<h6 class=\"elementor-heading-title elementor-size-default\">Description d\u00e9taill\u00e9e<\/h6>\t\t\t\t<\/div>\n\t\t\t\t\t<\/div>\n\t\t\t\t<\/div>\n\t\t<div class=\"elementor-element elementor-element-670073a e-flex e-con-boxed e-con e-parent\" data-id=\"670073a\" data-element_type=\"container\" data-e-type=\"container\">\n\t\t\t\t\t<div class=\"e-con-inner\">\n\t\t<div class=\"elementor-element elementor-element-6e6afde e-con-full e-flex e-con e-child\" data-id=\"6e6afde\" data-element_type=\"container\" data-e-type=\"container\">\n\t\t\t\t<div class=\"elementor-element elementor-element-32f556d elementor-widget elementor-widget-text-editor\" data-id=\"32f556d\" data-element_type=\"widget\" data-e-type=\"widget\" data-widget_type=\"text-editor.default\">\n\t\t\t\t\t\t\t\t\t<h6>\u2b50 Pourquoi<\/h6><strong>\u2705 Comptes de temps de travail flexibles<\/strong> - ne payer que les heures accumul\u00e9es, aucun paquet ne restant inutilis\u00e9.<br \/><strong>Soutien \u00e0 l'analyse et \u00e0 la programmation<\/strong> - non seulement le code, mais aussi la consultation, l'analyse, l'optimisation et le diagnostic des d\u00e9faillances.<br \/><strong>\u2705 R\u00e9ponse et mise en \u0153uvre rapides<\/strong> - les petites modifications sont apport\u00e9es dans un d\u00e9lai de 24 \u00e0 72 heures ouvrables (en fonction de la complexit\u00e9).<br \/><strong>\u2705 Prise en charge des versions 1.6 \/ 1.7 \/ 8.x \/ 9.x de PrestaShop<\/strong> - la compatibilit\u00e9 avec les installations actuelles et anciennes de l'atelier.<br \/><strong>\u2705 Prise en charge des versions 4.9 \/ 5.x \/ 6.x de WordPress<\/strong>\u00a0- la compatibilit\u00e9 avec les installations CMS actuelles et anciennes.<br \/><strong>\u2705 Documentation et rapport complets<\/strong> - \u00e0 la fin de chaque t\u00e2che, vous recevez une description des activit\u00e9s r\u00e9alis\u00e9es et des d\u00e9lais.<br \/><strong>\u2705 Facture de TVA<\/strong> - transparence des r\u00e8glements, possibilit\u00e9 de comptabiliser le co\u00fbt au sein de l'entreprise.\t\t\t\t\t\t\t\t<\/div>\n\t\t\t\t<\/div>\n\t\t\t\t<div class=\"elementor-element elementor-element-cb1eff2 elementor-widget elementor-widget-spacer\" data-id=\"cb1eff2\" data-element_type=\"widget\" data-e-type=\"widget\" data-widget_type=\"spacer.default\">\n\t\t\t\t\t\t\t<div class=\"elementor-spacer\">\n\t\t\t<div class=\"elementor-spacer-inner\"><\/div>\n\t\t<\/div>\n\t\t\t\t\t\t<\/div>\n\t\t<div class=\"elementor-element elementor-element-a0e2864 e-con-full e-flex e-con e-child\" data-id=\"a0e2864\" data-element_type=\"container\" data-e-type=\"container\">\n\t\t\t\t<div class=\"elementor-element elementor-element-4c78578 elementor-widget elementor-widget-text-editor\" data-id=\"4c78578\" data-element_type=\"widget\" data-e-type=\"widget\" data-widget_type=\"text-editor.default\">\n\t\t\t\t\t\t\t\t\t<h6>\ud83d\udee0\ufe0f \u00c9tendue des services (exemples de t\u00e2ches)<\/h6><strong>\u2705 <\/strong>Modifications de mod\u00e8les, ajustements CSS \/ JS<br \/><strong>\u2705 <\/strong>Mise en \u0153uvre de nouvelles fonctions ou int\u00e9grations<br \/><strong>\u2705 <\/strong>Corrections d'erreurs et diagnostics<br \/><strong>\u2705 <\/strong>Migrations de donn\u00e9es\/mises \u00e0 jour de versions<br \/><strong>\u2705 <\/strong>Optimisation des performances (vitesse de chargement, requ\u00eates SQL)<br \/><strong>\u2705 <\/strong>Analyse et rapports (suivi, journaux, suggestions d'am\u00e9lioration)\t\t\t\t\t\t\t\t<\/div>\n\t\t\t\t<div class=\"elementor-element elementor-element-351023d elementor-widget elementor-widget-spacer\" data-id=\"351023d\" data-element_type=\"widget\" data-e-type=\"widget\" data-widget_type=\"spacer.default\">\n\t\t\t\t\t\t\t<div class=\"elementor-spacer\">\n\t\t\t<div class=\"elementor-spacer-inner\"><\/div>\n\t\t<\/div>\n\t\t\t\t\t\t<\/div>\n\t\t\t\t<div class=\"elementor-element elementor-element-8d9ec7d elementor-widget elementor-widget-text-editor\" data-id=\"8d9ec7d\" data-element_type=\"widget\" data-e-type=\"widget\" data-widget_type=\"text-editor.default\">\n\t\t\t\t\t\t\t\t\t<h6>\ud83d\udcb0 R\u00e8gles de compensation<\/h6><strong>\u2705 Mise minimale :<\/strong> 0,5 heure<br \/><strong>\u2705<\/strong> <strong>Unit\u00e9 de compte :<\/strong> 30 minutes ou 1 heure<br \/><strong>\u2705 Paiement :<\/strong> Virement bancaire, BLIK, carte, Google Pay - Facture TVA \u00e9mise imm\u00e9diatement apr\u00e8s l'envoi\t\t\t\t\t\t\t\t<\/div>\n\t\t\t\t<\/div>\n\t\t\t\t\t<\/div>\n\t\t\t\t<\/div>\n\t\t<div class=\"elementor-element elementor-element-423a629 e-flex e-con-boxed e-con e-parent\" data-id=\"423a629\" data-element_type=\"container\" data-e-type=\"container\">\n\t\t\t\t\t<div class=\"e-con-inner\">\n\t\t\t\t<div class=\"elementor-element elementor-element-0e67222 elementor-widget elementor-widget-spacer\" data-id=\"0e67222\" data-element_type=\"widget\" data-e-type=\"widget\" data-widget_type=\"spacer.default\">\n\t\t\t\t\t\t\t<div class=\"elementor-spacer\">\n\t\t\t<div class=\"elementor-spacer-inner\"><\/div>\n\t\t<\/div>\n\t\t\t\t\t\t<\/div>\n\t\t\t\t\t<\/div>\n\t\t\t\t<\/div>\n\t\t<div class=\"elementor-element elementor-element-5e3f77b e-flex e-con-boxed e-con e-parent\" data-id=\"5e3f77b\" data-element_type=\"container\" data-e-type=\"container\">\n\t\t\t\t\t<div class=\"e-con-inner\">\n\t\t\t\t\t<\/div>\n\t\t\t\t<\/div>\n\t\t\t\t<\/div>","protected":false},"excerpt":{"rendered":"Us\u0142ugi programistyczne Presta Shop &amp; Word Press Potrzebujesz szybkiej, elastycznej pomocy przy swoim sklepie Presta Shop \/ Word Press \/ Woo Commerce? Wybierz nasze us\u0142ugi programisty Prestashop \/ programisty Word","protected":false},"featured_media":5410,"comment_status":"open","ping_status":"closed","template":"","meta":{"powered_cache_disable_cache":false,"powered_cache_disable_css_optimization":false,"powered_cache_disable_js_optimization":false},"product_brand":[275],"product_cat":[129],"product_tag":[305,244,304,198],"class_list":{"0":"post-5409","1":"product","2":"type-product","3":"status-publish","4":"has-post-thumbnail","6":"product_brand-cocos","7":"product_cat-uslugi","8":"product_tag-kodowanie","9":"product_tag-prestashop","10":"product_tag-programista","11":"product_tag-wordpress","13":"first","14":"instock","15":"featured","16":"taxable","17":"shipping-taxable","18":"purchasable","19":"product-type-simple"},"_links":{"self":[{"href":"https:\/\/iarina029.supserv.cozmoslabs.com\/fr\/wp-json\/wp\/v2\/product\/5409","targetHints":{"allow":["GET"]}}],"collection":[{"href":"https:\/\/iarina029.supserv.cozmoslabs.com\/fr\/wp-json\/wp\/v2\/product"}],"about":[{"href":"https:\/\/iarina029.supserv.cozmoslabs.com\/fr\/wp-json\/wp\/v2\/types\/product"}],"replies":[{"embeddable":true,"href":"https:\/\/iarina029.supserv.cozmoslabs.com\/fr\/wp-json\/wp\/v2\/comments?post=5409"}],"version-history":[{"count":0,"href":"https:\/\/iarina029.supserv.cozmoslabs.com\/fr\/wp-json\/wp\/v2\/product\/5409\/revisions"}],"wp:featuredmedia":[{"embeddable":true,"href":"https:\/\/iarina029.supserv.cozmoslabs.com\/fr\/wp-json\/wp\/v2\/media\/5410"}],"wp:attachment":[{"href":"https:\/\/iarina029.supserv.cozmoslabs.com\/fr\/wp-json\/wp\/v2\/media?parent=5409"}],"wp:term":[{"taxonomy":"product_brand","embeddable":true,"href":"https:\/\/iarina029.supserv.cozmoslabs.com\/fr\/wp-json\/wp\/v2\/product_brand?post=5409"},{"taxonomy":"product_cat","embeddable":true,"href":"https:\/\/iarina029.supserv.cozmoslabs.com\/fr\/wp-json\/wp\/v2\/product_cat?post=5409"},{"taxonomy":"product_tag","embeddable":true,"href":"https:\/\/iarina029.supserv.cozmoslabs.com\/fr\/wp-json\/wp\/v2\/product_tag?post=5409"}],"curies":[{"name":"wp","href":"https:\/\/api.w.org\/{rel}","templated":true}]}}