{"id":5341,"date":"2025-09-16T11:55:22","date_gmt":"2025-09-16T09:55:22","guid":{"rendered":"https:\/\/cocos.codes\/?post_type=product&#038;p=5341"},"modified":"2026-04-09T19:38:34","modified_gmt":"2026-04-09T17:38:34","slug":"mise-a-jour-des-produits-de-masse","status":"publish","type":"product","link":"https:\/\/iarina029.supserv.cozmoslabs.com\/fr\/product\/mise-a-jour-des-produits-de-masse\/","title":{"rendered":"PrestaShop Mise \u00e0 jour de produits en masse 1.0.1"},"content":{"rendered":"<div data-elementor-type=\"wp-post\" data-elementor-id=\"5341\" class=\"elementor elementor-5341\">\n\t\t\t\t<div class=\"elementor-element elementor-element-0f0a159 e-flex e-con-boxed e-con e-parent\" data-id=\"0f0a159\" data-element_type=\"container\" data-e-type=\"container\">\n\t\t\t\t\t<div class=\"e-con-inner\">\n\t\t\t\t<div class=\"elementor-element elementor-element-dc7e15c elementor-widget elementor-widget-text-editor\" data-id=\"dc7e15c\" data-element_type=\"widget\" data-e-type=\"widget\" data-widget_type=\"text-editor.default\">\n\t\t\t\t\t\t\t\t\t<h6>PrestaShop Mass Product Updater - gestion professionnelle de l'assortiment<\/h6>Le programme de mise \u00e0 jour massive des produits est un outil indispensable pour <a href=\"https:\/\/iarina029.supserv.cozmoslabs.com\/fr\/produit-categorie\/magasins-individuels\/\" title=\"Boutiques PrestaShop\">boutiques PrestaShop<\/a> n\u00e9cessitant une gestion efficace d'un large assortiment. La mise \u00e0 jour massive des produits permet de mettre \u00e0 jour instantan\u00e9ment les quantit\u00e9s et les prix de milliers de produits simultan\u00e9ment en important des fichiers CSV\/<a href=\"https:\/\/excel.cloud.microsoft\/pl-pl\/\" title=\"Excel\" target=\"_blank\" rel=\"noopener\">Excel<\/a>, l'automatisation CRON et la mise \u00e0 jour selon des crit\u00e8res avanc\u00e9s. \u00c9conomisez des dizaines d'heures de travail, \u00e9liminez les erreurs manuelles et maintenez votre assortiment \u00e0 jour sans effort.\t\t\t\t\t\t\t\t<\/div>\n\t\t\t\t<div class=\"elementor-element elementor-element-f7f0e4b elementor-widget elementor-widget-spacer\" data-id=\"f7f0e4b\" data-element_type=\"widget\" data-e-type=\"widget\" data-widget_type=\"spacer.default\">\n\t\t\t\t\t\t\t<div class=\"elementor-spacer\">\n\t\t\t<div class=\"elementor-spacer-inner\"><\/div>\n\t\t<\/div>\n\t\t\t\t\t\t<\/div>\n\t\t\t\t\t<\/div>\n\t\t\t\t<\/div>\n\t\t<div class=\"elementor-element elementor-element-6af4eff e-flex e-con-boxed e-con e-parent\" data-id=\"6af4eff\" data-element_type=\"container\" data-e-type=\"container\">\n\t\t\t\t\t<div class=\"e-con-inner\">\n\t\t<div class=\"elementor-element elementor-element-5352920 e-grid e-con-full e-con e-child\" data-id=\"5352920\" data-element_type=\"container\" data-e-type=\"container\">\n\t\t\t\t<div class=\"elementor-element elementor-element-e321c28 elementor-widget elementor-widget-pls-button\" data-id=\"e321c28\" data-element_type=\"widget\" data-e-type=\"widget\" data-widget_type=\"pls-button.default\">\n\t\t\t\t<div class=\"elementor-widget-container\">\n\t\t\t\t\t<div id=\"pls-button-47326\" class=\"pls-element pls-button\">\n\t<a class=\"button btn-style-flat\" href=\"https:\/\/iarina029.supserv.cozmoslabs.com\/fr\/base-de-connaissances\/prestashop\/documentation-prestashop\/mise-a-jour-des-produits-de-masse\/\" title=\"DOCUMENTATION\" target=\"_blank\">\n\t\tDOCUMENTATION\t<\/a>\n<\/div>\n\t\t\t\t<\/div>\n\t\t\t\t<\/div>\n\t\t\t\t<div class=\"elementor-element elementor-element-955347c elementor-widget elementor-widget-pls-button\" data-id=\"955347c\" data-element_type=\"widget\" data-e-type=\"widget\" data-widget_type=\"pls-button.default\">\n\t\t\t\t<div class=\"elementor-widget-container\">\n\t\t\t\t\t<div id=\"pls-button-7420\" class=\"pls-element pls-button\">\n\t<a class=\"button btn-style-flat\" href=\"https:\/\/demo.cocos.codes\/cc_ps_mass_update_product\/\" title=\"DEMO\" target=\"_blank\" rel=\"noopener\">\n\t\tDEMO\t<\/a>\n<\/div>\n\t\t\t\t<\/div>\n\t\t\t\t<\/div>\n\t\t\t\t<\/div>\n\t\t\t\t\t<\/div>\n\t\t\t\t<\/div>\n\t\t<div class=\"elementor-element elementor-element-8565531 e-flex e-con-boxed e-con e-parent\" data-id=\"8565531\" data-element_type=\"container\" data-e-type=\"container\">\n\t\t\t\t\t<div class=\"e-con-inner\">\n\t\t\t\t<div class=\"elementor-element elementor-element-697a559 elementor-widget elementor-widget-spacer\" data-id=\"697a559\" data-element_type=\"widget\" data-e-type=\"widget\" data-widget_type=\"spacer.default\">\n\t\t\t\t\t\t\t<div class=\"elementor-spacer\">\n\t\t\t<div class=\"elementor-spacer-inner\"><\/div>\n\t\t<\/div>\n\t\t\t\t\t\t<\/div>\n\t\t\t\t<div class=\"elementor-element elementor-element-2af47cf elementor-widget elementor-widget-text-editor\" data-id=\"2af47cf\" data-element_type=\"widget\" data-e-type=\"widget\" data-widget_type=\"text-editor.default\">\n\t\t\t\t\t\t\t\t\t<h6>Voir ce que vous obtenez<\/h6><p><strong>\ud83d\udcc2 Des sources de donn\u00e9es flexibles<\/strong><\/p><ul><li>Importation de fichiers CSV, XLS, XLSX - prise en charge des formats de donn\u00e9es les plus courants<\/li><li>T\u00e9l\u00e9chargement \u00e0 partir d'un ordinateur - t\u00e9l\u00e9chargement direct de fichiers via un navigateur<\/li><li>Fichiers du serveur - indique le chemin d'acc\u00e8s \u00e0 un fichier sur le serveur<\/li><li>Importation \u00e0 partir d'une URL - t\u00e9l\u00e9chargement automatique de fichiers \u00e0 partir de sources externes<\/li><li>D\u00e9tection automatique du s\u00e9parateur CSV - reconnaissance intelligente du format<\/li><\/ul><p><strong>\ud83c\udff7\ufe0f Identificateurs de produits avanc\u00e9s<\/strong><\/p><ul><li>ID du produit - mise \u00e0 jour la plus rapide gr\u00e2ce aux identificateurs internes<\/li><li>R\u00e9f\u00e9rence\/SKU - codes produits standard utilis\u00e9s dans le commerce \u00e9lectronique<\/li><li><a href=\"https:\/\/gs1pl.org\/zamow-kod-kreskowy\/\" title=\"EAN\" target=\"_blank\" rel=\"noopener\">EAN<\/a> \u2013 codes-barres europ\u00e9ens pour les produits physiques<\/li><li>UPC, ISBN, MPN - prise en charge des normes internationales<\/li><li><a href=\"https:\/\/gs1pl.org\/zamow-kod-kreskowy\/\" title=\"EAN\" target=\"_blank\" rel=\"noopener\">GTIN<\/a> \u2013 identifiant universel v\u00e9rifiant tous les types de codes<\/li><li>Validation automatique - validation des identifiants<\/li><\/ul><p><strong>\ud83d\udcca Mise \u00e0 jour en masse par crit\u00e8res<\/strong><\/p><ul><li>Mise \u00e0 jour par cat\u00e9gorie - s\u00e9lection de produits dans des cat\u00e9gories sp\u00e9cifiques<\/li><li>Fourchettes de prix - produits dans des fourchettes de prix sp\u00e9cifiques<\/li><li>Gammes d'identification des produits - mise \u00e0 jour des gammes de produits continues<\/li><li>Filtrage par fabricant - changement de prix en bloc pour un fournisseur sp\u00e9cifique<\/li><li>Statut du produit - mise \u00e0 jour des produits actifs ou inactifs uniquement<\/li><li>Combinaison de crit\u00e8res - combinaison souple de diff\u00e9rentes conditions<\/li><\/ul><p><strong>\u23f0 Automatisation par des t\u00e2ches CRON<\/strong><\/p><ul><li>Mode de configuration - un mod\u00e8le pour des mises \u00e0 jour r\u00e9guli\u00e8res<\/li><li>Mode param\u00e8tre URL - plusieurs t\u00e2ches CRON diff\u00e9rentes avec des param\u00e8tres uniques<\/li><li>Horaires - mises \u00e0 jour automatiques \u00e0 des heures pr\u00e9cises<\/li><li>Importation \u00e0 partir de FTP - Int\u00e9gration avec les syst\u00e8mes des fournisseurs externes<\/li><li>Suivi des performances - rapports d\u00e9taill\u00e9s sur chaque t\u00e2che<\/li><li>S\u00e9curit\u00e9 des tokens - ex\u00e9cution s\u00fbre des t\u00e2ches automatis\u00e9es<\/li><\/ul><p><strong>\ud83e\udde9 Cartographie intelligente des donn\u00e9es<\/strong><\/p><ul><li>Aper\u00e7u du fichier - v\u00e9rification visuelle de la structure avant l'importation<\/li><li>Mappage des colonnes - affectation souple des donn\u00e9es aux champs du produit<\/li><li>M\u00e9moire des r\u00e9glages - restauration automatique des correspondances pr\u00e9c\u00e9dentes<\/li><li>Validation des donn\u00e9es - v\u00e9rification de l'exactitude des quantit\u00e9s et des prix avant la mise \u00e0 jour<\/li><li>Traitement des en-t\u00eates - reconnaissance des fichiers avec description des colonnes<\/li><li>Prise en charge de diff\u00e9rents formats de chiffres - conversions automatiques de formats<\/li><\/ul><p><strong>\ud83d\udcdd Syst\u00e8me d'enregistrement avanc\u00e9<\/strong><\/p><ul><li>Journaux d'exploitation d\u00e9taill\u00e9s - documentation compl\u00e8te de toutes les mises \u00e0 jour<\/li><li>Niveaux de journalisation - INFO, WARNING, ERROR pour une analyse facile<\/li><li>Vue du panneau - acc\u00e8s direct aux journaux sans acc\u00e8s au serveur<\/li><li>T\u00e9l\u00e9chargement du fichier journal - exportation vers des outils d'analyse externes<\/li><li>Nettoyage automatique - suppression des anciens journaux apr\u00e8s une certaine p\u00e9riode de temps<\/li><li>Int\u00e9gration avec PrestaShop - sauvegarde \u00e9galement dans les journaux du syst\u00e8me<\/li><\/ul><p><strong>\ud83d\udcbc Fonctions professionnelles<\/strong><\/p><ul><li>Syst\u00e8me de licence - gestion s\u00fbre et pratique des droits<\/li><li>Contr\u00f4le de l'int\u00e9grit\u00e9 - protection contre les modifications non autoris\u00e9es<\/li><li>Multilinguisme - prise en charge compl\u00e8te des boutiques internationales<\/li><li>API pour les d\u00e9veloppeurs - possibilit\u00e9 d'int\u00e9gration avec des solutions personnalis\u00e9es<\/li><li>Optimisation des performances - travailler efficacement avec des fichiers de donn\u00e9es volumineux<\/li><li>Sauvegardes - recommandations et outils pour une manipulation s\u00fbre des donn\u00e9es<\/li><\/ul><p><strong>\u2699\ufe0f Fonctions d'automatisation CRON<\/strong><\/p>Le module propose deux m\u00e9thodes flexibles pour automatiser les mises \u00e0 jour des produits :<br \/><br \/><strong>Mode de configuration<\/strong><ul><li>Un mod\u00e8le de configuration - une mise en place simple pour des mises \u00e0 jour r\u00e9guli\u00e8res<\/li><li>Stockage de la base de donn\u00e9es - stockage s\u00e9curis\u00e9 de tous les param\u00e8tres<\/li><li>Interface web - facile \u00e0 configurer sans conna\u00eetre les param\u00e8tres techniques<\/li><li>Id\u00e9al pour les processus standard - mises \u00e0 jour quotidiennes \u00e0 partir de la m\u00eame source<\/li><\/ul><strong>Mode de param\u00e9trage de l'URL<\/strong><ul><li>T\u00e2ches multiples simultan\u00e9es - diff\u00e9rentes t\u00e2ches avec des param\u00e8tres uniques<\/li><li>Flexibilit\u00e9 maximale - chaque t\u00e2che peut avoir des param\u00e8tres diff\u00e9rents<\/li><li>Configuration avanc\u00e9e - contr\u00f4le total de tous les aspects de l'importation<\/li><li>Id\u00e9al pour les processus complexes - diff\u00e9rents fournisseurs, diff\u00e9rents types de mises \u00e0 jour<\/li><\/ul>\t\t\t\t\t\t\t\t<\/div>\n\t\t\t\t<div class=\"elementor-element elementor-element-e7e96d3 elementor-widget elementor-widget-spacer\" data-id=\"e7e96d3\" data-element_type=\"widget\" data-e-type=\"widget\" data-widget_type=\"spacer.default\">\n\t\t\t\t\t\t\t<div class=\"elementor-spacer\">\n\t\t\t<div class=\"elementor-spacer-inner\"><\/div>\n\t\t<\/div>\n\t\t\t\t\t\t<\/div>\n\t\t\t\t<div class=\"elementor-element elementor-element-b97b0f3 elementor-widget elementor-widget-text-editor\" data-id=\"b97b0f3\" data-element_type=\"widget\" data-e-type=\"widget\" data-widget_type=\"text-editor.default\">\n\t\t\t\t\t\t\t\t\t<h6>\ud83d\udce6 Augmentez l'efficacit\u00e9 de votre gestion d'assortiment !<\/h6>La mise \u00e0 jour manuelle de centaines ou de milliers de produits est <strong>perte de temps<\/strong>que vous pouvez allouer \u00e0 <strong>d\u00e9veloppement des entreprises<\/strong>. Les erreurs de prix ou de quantit\u00e9s peuvent co\u00fbter <strong>la perte de clients et de ventes<\/strong>. <strong>Mise \u00e0 jour massive des produits<\/strong> automatise ces processus, garantit la pr\u00e9cision et <strong>\u00e9conomise des dizaines d'heures de travail par mois<\/strong>.\t\t\t\t\t\t\t\t<\/div>\n\t\t\t\t<div class=\"elementor-element elementor-element-b5398f4 elementor-widget elementor-widget-spacer\" data-id=\"b5398f4\" data-element_type=\"widget\" data-e-type=\"widget\" data-widget_type=\"spacer.default\">\n\t\t\t\t\t\t\t<div class=\"elementor-spacer\">\n\t\t\t<div class=\"elementor-spacer-inner\"><\/div>\n\t\t<\/div>\n\t\t\t\t\t\t<\/div>\n\t\t\t\t<div class=\"elementor-element elementor-element-da0ef91 elementor-widget elementor-widget-text-editor\" data-id=\"da0ef91\" data-element_type=\"widget\" data-e-type=\"widget\" data-widget_type=\"text-editor.default\">\n\t\t\t\t\t\t\t\t\t<h6>Pour qui ?<\/h6>Le module est id\u00e9al pour :<ul><li>Magasins avec un large assortiment n\u00e9cessitant des mises \u00e0 jour r\u00e9guli\u00e8res des prix et des stocks<\/li><li>Commerce \u00e9lectronique avec des fournisseurs externes et des grossistes<\/li><li>Les entreprises qui importent des donn\u00e9es \u00e0 partir de syst\u00e8mes ERP, de WMS ou de feuilles de calcul.<\/li><li>Les magasins multicanaux synchronisent les donn\u00e9es entre les plates-formes<\/li><li>Administrateurs cherchant \u00e0 automatiser les t\u00e2ches r\u00e9p\u00e9titives<\/li><li>Les entrepreneurs gagnent du temps sur la gestion op\u00e9rationnelle de la gamme de produits<\/li><li>D\u00e9veloppeurs ayant besoin d'une API pour s'int\u00e9grer \u00e0 des syst\u00e8mes non standards<\/li><\/ul>\t\t\t\t\t\t\t\t<\/div>\n\t\t\t\t<div class=\"elementor-element elementor-element-be5b11d elementor-widget elementor-widget-spacer\" data-id=\"be5b11d\" data-element_type=\"widget\" data-e-type=\"widget\" data-widget_type=\"spacer.default\">\n\t\t\t\t\t\t\t<div class=\"elementor-spacer\">\n\t\t\t<div class=\"elementor-spacer-inner\"><\/div>\n\t\t<\/div>\n\t\t\t\t\t\t<\/div>\n\t\t\t\t<div class=\"elementor-element elementor-element-5fc0386 elementor-widget elementor-widget-text-editor\" data-id=\"5fc0386\" data-element_type=\"widget\" data-e-type=\"widget\" data-widget_type=\"text-editor.default\">\n\t\t\t\t\t\t\t\t\t<p><div class=\"pls-block pls-block-3297\">\t\t<div data-elementor-type=\"wp-post\" data-elementor-id=\"3297\" class=\"elementor elementor-3297\">\n\t\t\t\t<div class=\"elementor-element elementor-element-d99440d e-flex e-con-boxed e-con e-parent\" data-id=\"d99440d\" data-element_type=\"container\" data-e-type=\"container\" data-settings=\"{&quot;background_background&quot;:&quot;classic&quot;}\">\n\t\t\t\t\t<div class=\"e-con-inner\">\n\t\t\t\t<div class=\"elementor-element elementor-element-b850409 elementor-widget elementor-widget-text-editor\" data-id=\"b850409\" data-element_type=\"widget\" data-e-type=\"widget\" data-widget_type=\"text-editor.default\">\n\t\t\t\t\t\t\t\t\t<h6><strong>\u00a0Am\u00e9liorez les capacit\u00e9s de votre atelier d\u00e8s aujourd'hui ! <\/strong><strong>\ud83d\ude80<\/strong><\/h6>Ajoutez de nouvelles fonctionnalit\u00e9s, am\u00e9liorez l'exp\u00e9rience utilisateur et augmentez les conversions gr\u00e2ce \u00e0 notre module. Installation facile, compatibilit\u00e9 totale et mises \u00e0 jour r\u00e9guli\u00e8res - tout ce dont vous avez besoin pour que votre boutique fonctionne encore mieux.<br \/>\u2705 Installation facile \u2705 Support professionnel \u2705 Int\u00e9gration transparente<br \/><br \/><a class=\"button simple\" href=\"#main-content\" title=\"Installez et utilisez d\u00e8s maintenant !\">Installez-la et commencez \u00e0 l'utiliser d\u00e8s maintenant !<\/a>\t\t\t\t\t\t\t\t<\/div>\n\t\t\t\t\t<\/div>\n\t\t\t\t<\/div>\n\t\t\t\t<\/div>\n\t\t<\/div><\/p>\t\t\t\t\t\t\t\t<\/div>\n\t\t\t\t\t<\/div>\n\t\t\t\t<\/div>\n\t\t\t\t<\/div>","protected":false},"excerpt":{"rendered":"Presta Shop Mass Product Updater - gestion professionnelle de l'assortiment Le Mass Product Updater est un outil essentiel pour les boutiques Presta Shop qui ont besoin d'une gestion efficace d'un grand assortiment. Mass Product Updater vous permet de mettre \u00e0 jour instantan\u00e9ment","protected":false},"featured_media":5393,"comment_status":"open","ping_status":"closed","template":"","meta":{"powered_cache_disable_cache":false,"powered_cache_disable_css_optimization":false,"powered_cache_disable_js_optimization":false},"product_brand":[275],"product_cat":[128,131],"product_tag":[297,272,296,273],"class_list":{"0":"post-5341","1":"product","2":"type-product","3":"status-publish","4":"has-post-thumbnail","6":"product_brand-cocos","7":"product_cat-moduly","8":"product_cat-prestashop","9":"product_tag-masowa-aktualizacja","10":"product_tag-masowa-zmiana-cen","11":"product_tag-masowa-zmiana-ilosci","12":"product_tag-modul-prestashop","14":"first","15":"instock","16":"downloadable","17":"virtual","18":"taxable","19":"purchasable","20":"product-type-simple"},"_links":{"self":[{"href":"https:\/\/iarina029.supserv.cozmoslabs.com\/fr\/wp-json\/wp\/v2\/product\/5341","targetHints":{"allow":["GET"]}}],"collection":[{"href":"https:\/\/iarina029.supserv.cozmoslabs.com\/fr\/wp-json\/wp\/v2\/product"}],"about":[{"href":"https:\/\/iarina029.supserv.cozmoslabs.com\/fr\/wp-json\/wp\/v2\/types\/product"}],"replies":[{"embeddable":true,"href":"https:\/\/iarina029.supserv.cozmoslabs.com\/fr\/wp-json\/wp\/v2\/comments?post=5341"}],"version-history":[{"count":0,"href":"https:\/\/iarina029.supserv.cozmoslabs.com\/fr\/wp-json\/wp\/v2\/product\/5341\/revisions"}],"wp:featuredmedia":[{"embeddable":true,"href":"https:\/\/iarina029.supserv.cozmoslabs.com\/fr\/wp-json\/wp\/v2\/media\/5393"}],"wp:attachment":[{"href":"https:\/\/iarina029.supserv.cozmoslabs.com\/fr\/wp-json\/wp\/v2\/media?parent=5341"}],"wp:term":[{"taxonomy":"product_brand","embeddable":true,"href":"https:\/\/iarina029.supserv.cozmoslabs.com\/fr\/wp-json\/wp\/v2\/product_brand?post=5341"},{"taxonomy":"product_cat","embeddable":true,"href":"https:\/\/iarina029.supserv.cozmoslabs.com\/fr\/wp-json\/wp\/v2\/product_cat?post=5341"},{"taxonomy":"product_tag","embeddable":true,"href":"https:\/\/iarina029.supserv.cozmoslabs.com\/fr\/wp-json\/wp\/v2\/product_tag?post=5341"}],"curies":[{"name":"wp","href":"https:\/\/api.w.org\/{rel}","templated":true}]}}