{"id":5285,"date":"2025-09-10T14:14:21","date_gmt":"2025-09-10T12:14:21","guid":{"rendered":"https:\/\/cocos.codes\/?post_type=product&#038;p=5285"},"modified":"2026-04-09T19:38:30","modified_gmt":"2026-04-09T17:38:30","slug":"prestashop-gratuit-remise-automatique","status":"publish","type":"product","link":"https:\/\/iarina029.supserv.cozmoslabs.com\/fr\/product\/prestashop-gratuit-remise-automatique\/","title":{"rendered":"PrestaShop Remise automatique des paiements 1.0.2"},"content":{"rendered":"<div data-elementor-type=\"wp-post\" data-elementor-id=\"5285\" class=\"elementor elementor-5285\">\n\t\t\t\t<div class=\"elementor-element elementor-element-889c0cb e-flex e-con-boxed e-con e-parent\" data-id=\"889c0cb\" data-element_type=\"container\" data-e-type=\"container\">\n\t\t\t\t\t<div class=\"e-con-inner\">\n\t\t\t\t<div class=\"elementor-element elementor-element-72af316 elementor-widget elementor-widget-text-editor\" data-id=\"72af316\" data-element_type=\"widget\" data-e-type=\"widget\" data-widget_type=\"text-editor.default\">\n\t\t\t\t\t\t\t\t\t<h6>Remise automatique PrestaShop<\/h6><p>Augmentez les conversions et encouragez les clients \u00e0 utiliser leurs modes de paiement pr\u00e9f\u00e9r\u00e9s gr\u00e2ce \u00e0 des remises automatiques. <br \/><strong>Remise pour les modes de paiement<\/strong> est un module simple et efficace qui accorde automatiquement des r\u00e9ductions aux clients qui choisissent certains modes de paiement - sans aucune intervention de l'administrateur de la boutique.<\/p>\t\t\t\t\t\t\t\t<\/div>\n\t\t\t\t\t<\/div>\n\t\t\t\t<\/div>\n\t\t<div class=\"elementor-element elementor-element-61d59dc e-flex e-con-boxed e-con e-parent\" data-id=\"61d59dc\" data-element_type=\"container\" data-e-type=\"container\">\n\t\t\t\t\t<div class=\"e-con-inner\">\n\t\t\t\t<div class=\"elementor-element elementor-element-b22f5d8 elementor-widget elementor-widget-spacer\" data-id=\"b22f5d8\" data-element_type=\"widget\" data-e-type=\"widget\" data-widget_type=\"spacer.default\">\n\t\t\t\t\t\t\t<div class=\"elementor-spacer\">\n\t\t\t<div class=\"elementor-spacer-inner\"><\/div>\n\t\t<\/div>\n\t\t\t\t\t\t<\/div>\n\t\t\t\t<div class=\"elementor-element elementor-element-54a667a elementor-widget elementor-widget-text-editor\" data-id=\"54a667a\" data-element_type=\"widget\" data-e-type=\"widget\" data-widget_type=\"text-editor.default\">\n\t\t\t\t\t\t\t\t\t<h6>Voir ce que vous obtenez<\/h6><strong>\ud83d\udcb0 Gestion automatique des remises<\/strong><ul><li>Octroi automatique de remises apr\u00e8s confirmation de la commande<\/li><li>Remise en pourcentage ou montant fixe - flexibilit\u00e9 totale<\/li><li>Protection contre le double octroi de remises<\/li><li>Commentaires automatiques sur les commandes indiquant qu'une remise a \u00e9t\u00e9 accord\u00e9e<\/li><li>Mise \u00e0 jour imm\u00e9diate de la valeur du contrat<\/li><\/ul><p><strong>\u2699\ufe0f Configuration simple<\/strong><\/p><ul><li>S\u00e9lection d'un mode de paiement dans la liste des modules disponibles<\/li><li>Fixation de la remise en pourcentage (par exemple 5%) ou en montant fixe (par exemple 10 PLN)<\/li><li>Validation de l'exactitude des valeurs saisies<\/li><li>Panneau d'administration intuitif<\/li><li>Compatibilit\u00e9 avec PrestaShop 1.7+<\/li><\/ul><p><strong>\ud83d\ude80 Automatisation des ventes<\/strong><\/p><ul><li>Fonctionnement en arri\u00e8re-plan - sans intervention de l'administrateur<\/li><li>Prise en charge de divers crochets PrestaShop pour une efficacit\u00e9 maximale<\/li><li>Enregistrement des op\u00e9rations pour le contr\u00f4le des performances<\/li><li>Calcul s\u00e9curis\u00e9 - la remise ne d\u00e9passera pas la valeur de la commande<\/li><\/ul>\t\t\t\t\t\t\t\t<\/div>\n\t\t\t\t<div class=\"elementor-element elementor-element-cb053de elementor-widget elementor-widget-spacer\" data-id=\"cb053de\" data-element_type=\"widget\" data-e-type=\"widget\" data-widget_type=\"spacer.default\">\n\t\t\t\t\t\t\t<div class=\"elementor-spacer\">\n\t\t\t<div class=\"elementor-spacer-inner\"><\/div>\n\t\t<\/div>\n\t\t\t\t\t\t<\/div>\n\t\t\t\t<div class=\"elementor-element elementor-element-f6dd588 elementor-widget elementor-widget-text-editor\" data-id=\"f6dd588\" data-element_type=\"widget\" data-e-type=\"widget\" data-widget_type=\"text-editor.default\">\n\t\t\t\t\t\t\t\t\t<h6>Des possibilit\u00e9s d'application infinies<\/h6><p><a href=\"https:\/\/iarina029.supserv.cozmoslabs.com\/fr\/produit-categorie\/modules\/prestashop\/\" title=\"Module PrestaShop\">Module PrestaShop<\/a> La r\u00e9duction pour les m\u00e9thodes de paiement fonctionnera parfaitement dans :<\/p><p><strong>Augmenter la conversion des paiements<\/strong><\/p><p><strong>\u2705<\/strong> Encourager le paiement par virement bancaire au lieu du paiement \u00e0 la livraison<br \/><strong>\u2705<\/strong> Promouvoir les paiements en ligne rapides<br \/><strong>\u2705<\/strong> R\u00e9duire le co\u00fbt du traitement des paiements en esp\u00e8ces<br \/><strong>\u2705<\/strong> Augmenter le flux de tr\u00e9sorerie dans le magasin<\/p><p><strong>Optimisation des co\u00fbts d'exploitation<\/strong><\/p><p><strong>\u2705<\/strong> R\u00e9duction des co\u00fbts de traitement des commandes contre remboursement<br \/><strong>\u2705<\/strong> Des encaissements plus rapides sur le compte de l'entreprise<br \/><strong>\u2705<\/strong> Automatisation des processus de remboursement<br \/><strong>\u2705<\/strong> R\u00e9duction des retours et des annulations de commandes<\/p>\t\t\t\t\t\t\t\t<\/div>\n\t\t\t\t<div class=\"elementor-element elementor-element-4c1854f elementor-widget elementor-widget-spacer\" data-id=\"4c1854f\" data-element_type=\"widget\" data-e-type=\"widget\" data-widget_type=\"spacer.default\">\n\t\t\t\t\t\t\t<div class=\"elementor-spacer\">\n\t\t\t<div class=\"elementor-spacer-inner\"><\/div>\n\t\t<\/div>\n\t\t\t\t\t\t<\/div>\n\t\t\t\t<div class=\"elementor-element elementor-element-97bd8dd elementor-widget elementor-widget-text-editor\" data-id=\"97bd8dd\" data-element_type=\"widget\" data-e-type=\"widget\" data-widget_type=\"text-editor.default\">\n\t\t\t\t\t\t\t\t\t<h6>\ud83d\udcc8 Augmenter les b\u00e9n\u00e9fices en favorisant les paiements pr\u00e9f\u00e9rentiels<\/h6><p><strong>R\u00e9ductions intelligentes<\/strong> c'est <strong>moyen efficace<\/strong> pour guider le comportement des clients. Offre <strong>des r\u00e9ductions attrayantes<\/strong> pour le choix de certains modes de paiement, pas seulement <strong>augmenter votre taux de conversion<\/strong>, mais aussi <strong>vous optimisez vos co\u00fbts<\/strong> op\u00e9rationnelles de votre boutique. <strong>Chaque client qui choisit son mode de paiement pr\u00e9f\u00e9r\u00e9 repr\u00e9sente un gain suppl\u00e9mentaire pour votre entreprise. <a href=\"https:\/\/iarina029.supserv.cozmoslabs.com\/fr\/produit-categorie\/magasins-individuels\/\" title=\"Boutique en ligne\">boutique en ligne<\/a>!<\/strong><\/p>\t\t\t\t\t\t\t\t<\/div>\n\t\t\t\t<div class=\"elementor-element elementor-element-22ea469 elementor-widget elementor-widget-spacer\" data-id=\"22ea469\" data-element_type=\"widget\" data-e-type=\"widget\" data-widget_type=\"spacer.default\">\n\t\t\t\t\t\t\t<div class=\"elementor-spacer\">\n\t\t\t<div class=\"elementor-spacer-inner\"><\/div>\n\t\t<\/div>\n\t\t\t\t\t\t<\/div>\n\t\t\t\t<div class=\"elementor-element elementor-element-da096e9 elementor-widget elementor-widget-text-editor\" data-id=\"da096e9\" data-element_type=\"widget\" data-e-type=\"widget\" data-widget_type=\"text-editor.default\">\n\t\t\t\t\t\t\t\t\t<h6>Pour qui ?<\/h6><p>Le module est id\u00e9al pour tout le monde :<\/p><p><strong>\u2714<\/strong> Commer\u00e7ants <a href=\"https:\/\/prestashop.com\/\" title=\"PrestaShop\" target=\"_blank\" rel=\"noopener\">PrestaShop<\/a> vouloir augmenter le taux de conversion des paiements<br \/><strong>\u2714<\/strong> Les responsables du commerce \u00e9lectronique optimisent les co\u00fbts d'exploitation<br \/><strong>\u2714<\/strong> Administrateurs de magasins \u00e0 la recherche de solutions d'automatisation simples<br \/><strong>\u2714<\/strong> Entreprises proposant diff\u00e9rents modes de paiement<br \/><strong>\u2714<\/strong> Les entrepreneurs qui se concentrent sur l'augmentation de la rentabilit\u00e9<br \/><strong>\u2714<\/strong> Magasins avec une forte proportion de paiements en contre-remboursement<br \/><strong>\u2714<\/strong> Toute personne souhaitant motiver les clients \u00e0 faire de meilleurs choix en mati\u00e8re de paiement<\/p>\t\t\t\t\t\t\t\t<\/div>\n\t\t\t\t<div class=\"elementor-element elementor-element-09a744f elementor-widget elementor-widget-spacer\" data-id=\"09a744f\" data-element_type=\"widget\" data-e-type=\"widget\" data-widget_type=\"spacer.default\">\n\t\t\t\t\t\t\t<div class=\"elementor-spacer\">\n\t\t\t<div class=\"elementor-spacer-inner\"><\/div>\n\t\t<\/div>\n\t\t\t\t\t\t<\/div>\n\t\t\t\t<div class=\"elementor-element elementor-element-e28f8ec elementor-widget elementor-widget-text-editor\" data-id=\"e28f8ec\" data-element_type=\"widget\" data-e-type=\"widget\" data-widget_type=\"text-editor.default\">\n\t\t\t\t\t\t\t\t\t<p><div class=\"pls-block pls-block-3297\">\t\t<div data-elementor-type=\"wp-post\" data-elementor-id=\"3297\" class=\"elementor elementor-3297\">\n\t\t\t\t<div class=\"elementor-element elementor-element-d99440d e-flex e-con-boxed e-con e-parent\" data-id=\"d99440d\" data-element_type=\"container\" data-e-type=\"container\" data-settings=\"{&quot;background_background&quot;:&quot;classic&quot;}\">\n\t\t\t\t\t<div class=\"e-con-inner\">\n\t\t\t\t<div class=\"elementor-element elementor-element-b850409 elementor-widget elementor-widget-text-editor\" data-id=\"b850409\" data-element_type=\"widget\" data-e-type=\"widget\" data-widget_type=\"text-editor.default\">\n\t\t\t\t\t\t\t\t\t<h6><strong>\u00a0Am\u00e9liorez les capacit\u00e9s de votre atelier d\u00e8s aujourd'hui ! <\/strong><strong>\ud83d\ude80<\/strong><\/h6>Ajoutez de nouvelles fonctionnalit\u00e9s, am\u00e9liorez l'exp\u00e9rience utilisateur et augmentez les conversions gr\u00e2ce \u00e0 notre module. Installation facile, compatibilit\u00e9 totale et mises \u00e0 jour r\u00e9guli\u00e8res - tout ce dont vous avez besoin pour que votre boutique fonctionne encore mieux.<br \/>\u2705 Installation facile \u2705 Support professionnel \u2705 Int\u00e9gration transparente<br \/><br \/><a class=\"button simple\" href=\"#main-content\" title=\"Installez et utilisez d\u00e8s maintenant !\">Installez-la et commencez \u00e0 l'utiliser d\u00e8s maintenant !<\/a>\t\t\t\t\t\t\t\t<\/div>\n\t\t\t\t\t<\/div>\n\t\t\t\t<\/div>\n\t\t\t\t<\/div>\n\t\t<\/div><\/p>\t\t\t\t\t\t\t\t<\/div>\n\t\t\t\t\t<\/div>\n\t\t\t\t<\/div>\n\t\t\t\t<\/div>","protected":false},"excerpt":{"rendered":"Presta Shop Automatyczny rabat Zwi\u0119ksz konwersj\u0119 i zach\u0119\u0107 klient\u00f3w do korzystania z preferowanych metod p\u0142atno\u015bci dzi\u0119ki automatycznym rabatom. Rabat dla Metod P\u0142atno\u015bci to prosty i skuteczny modu\u0142, kt\u00f3ry automatycznie przyznaje","protected":false},"featured_media":5404,"comment_status":"open","ping_status":"closed","template":"","meta":{"powered_cache_disable_cache":false,"powered_cache_disable_css_optimization":false,"powered_cache_disable_js_optimization":false},"product_brand":[275],"product_cat":[128,131],"product_tag":[273,295,208],"class_list":{"0":"post-5285","1":"product","2":"type-product","3":"status-publish","4":"has-post-thumbnail","6":"product_brand-cocos","7":"product_cat-moduly","8":"product_cat-prestashop","9":"product_tag-modul-prestashop","10":"product_tag-obnizka-ceny","11":"product_tag-rabaty","13":"first","14":"instock","15":"downloadable","16":"virtual","17":"taxable","18":"purchasable","19":"product-type-simple"},"_links":{"self":[{"href":"https:\/\/iarina029.supserv.cozmoslabs.com\/fr\/wp-json\/wp\/v2\/product\/5285","targetHints":{"allow":["GET"]}}],"collection":[{"href":"https:\/\/iarina029.supserv.cozmoslabs.com\/fr\/wp-json\/wp\/v2\/product"}],"about":[{"href":"https:\/\/iarina029.supserv.cozmoslabs.com\/fr\/wp-json\/wp\/v2\/types\/product"}],"replies":[{"embeddable":true,"href":"https:\/\/iarina029.supserv.cozmoslabs.com\/fr\/wp-json\/wp\/v2\/comments?post=5285"}],"version-history":[{"count":0,"href":"https:\/\/iarina029.supserv.cozmoslabs.com\/fr\/wp-json\/wp\/v2\/product\/5285\/revisions"}],"wp:featuredmedia":[{"embeddable":true,"href":"https:\/\/iarina029.supserv.cozmoslabs.com\/fr\/wp-json\/wp\/v2\/media\/5404"}],"wp:attachment":[{"href":"https:\/\/iarina029.supserv.cozmoslabs.com\/fr\/wp-json\/wp\/v2\/media?parent=5285"}],"wp:term":[{"taxonomy":"product_brand","embeddable":true,"href":"https:\/\/iarina029.supserv.cozmoslabs.com\/fr\/wp-json\/wp\/v2\/product_brand?post=5285"},{"taxonomy":"product_cat","embeddable":true,"href":"https:\/\/iarina029.supserv.cozmoslabs.com\/fr\/wp-json\/wp\/v2\/product_cat?post=5285"},{"taxonomy":"product_tag","embeddable":true,"href":"https:\/\/iarina029.supserv.cozmoslabs.com\/fr\/wp-json\/wp\/v2\/product_tag?post=5285"}],"curies":[{"name":"wp","href":"https:\/\/api.w.org\/{rel}","templated":true}]}}