{"id":5028,"date":"2025-08-20T14:36:38","date_gmt":"2025-08-20T12:36:38","guid":{"rendered":"https:\/\/cocos.codes\/?post_type=product&#038;p=5028"},"modified":"2026-01-21T16:14:48","modified_gmt":"2026-01-21T15:14:48","slug":"categories-prestashop-sur-la-page-daccueil","status":"publish","type":"product","link":"https:\/\/iarina029.supserv.cozmoslabs.com\/fr\/product\/categories-prestashop-sur-la-page-daccueil\/","title":{"rendered":"PrestaShop Cat\u00e9gories sur la page d'accueil 1.0.1"},"content":{"rendered":"<div data-elementor-type=\"wp-post\" data-elementor-id=\"5028\" class=\"elementor elementor-5028\">\n\t\t\t\t<div class=\"elementor-element elementor-element-ca0f18d e-flex e-con-boxed e-con e-parent\" data-id=\"ca0f18d\" data-element_type=\"container\" data-e-type=\"container\">\n\t\t\t\t\t<div class=\"e-con-inner\">\n\t\t\t\t<div class=\"elementor-element elementor-element-d444945 elementor-widget elementor-widget-text-editor\" data-id=\"d444945\" data-element_type=\"widget\" data-e-type=\"widget\" data-widget_type=\"text-editor.default\">\n\t\t\t\t\t\t\t\t\t<h6>PrestaShop Cat\u00e9gories sur la page d'accueil<\/h6>Module avanc\u00e9 pour la pr\u00e9sentation des cat\u00e9gories sur la page d'accueil des boutiques <a href=\"https:\/\/prestashop.com\/\" title=\"PrestaShop\" target=\"_blank\" rel=\"noopener\">PrestaShop<\/a>. Augmentez l'engagement des clients et am\u00e9liorez la navigation dans votre boutique gr\u00e2ce \u00e0 11 styles d'affichage diff\u00e9rents, une r\u00e9activit\u00e9 totale et des animations.<br \/><br \/><strong>Pourquoi choisir notre module PrestaShop Cat\u00e9gories principales ?<\/strong><br \/><a href=\"https:\/\/iarina029.supserv.cozmoslabs.com\/fr\/produit-categorie\/magasins-individuels\/\" title=\"La page d&#039;accueil de votre boutique est la vitrine de votre entreprise\">La premi\u00e8re page de votre boutique est la carte de visite de votre entreprise.<\/a>. Une pr\u00e9sentation professionnelle des cat\u00e9gories de produits peut avoir un impact significatif sur l'engagement des clients et la facilit\u00e9 de navigation. Notre module offre des solutions modernes de pr\u00e9sentation des cat\u00e9gories tout en conservant un contr\u00f4le total sur l'apparence et la fonctionnalit\u00e9.\t\t\t\t\t\t\t\t<\/div>\n\t\t\t\t<div class=\"elementor-element elementor-element-26a66d6 elementor-widget elementor-widget-spacer\" data-id=\"26a66d6\" data-element_type=\"widget\" data-e-type=\"widget\" data-widget_type=\"spacer.default\">\n\t\t\t\t\t\t\t<div class=\"elementor-spacer\">\n\t\t\t<div class=\"elementor-spacer-inner\"><\/div>\n\t\t<\/div>\n\t\t\t\t\t\t<\/div>\n\t\t\t\t\t<\/div>\n\t\t\t\t<\/div>\n\t\t<div class=\"elementor-element elementor-element-b99f31a e-flex e-con-boxed e-con e-parent\" data-id=\"b99f31a\" data-element_type=\"container\" data-e-type=\"container\">\n\t\t\t\t\t<div class=\"e-con-inner\">\n\t\t<div class=\"elementor-element elementor-element-fc24746 e-grid e-con-full e-con e-child\" data-id=\"fc24746\" data-element_type=\"container\" data-e-type=\"container\">\n\t\t\t\t<div class=\"elementor-element elementor-element-72deda0 elementor-widget elementor-widget-pls-button\" data-id=\"72deda0\" data-element_type=\"widget\" data-e-type=\"widget\" data-widget_type=\"pls-button.default\">\n\t\t\t\t<div class=\"elementor-widget-container\">\n\t\t\t\t\t<div id=\"pls-button-92387\" class=\"pls-element pls-button\">\n\t<a class=\"button btn-style-flat\" href=\"https:\/\/iarina029.supserv.cozmoslabs.com\/fr\/base-de-connaissances\/prestashop\/documentation-prestashop\/categories-sur-la-page-daccueil-de-prestashop\/\" title=\"DOCUMENTATION\" target=\"_blank\">\n\t\tDOCUMENTATION\t<\/a>\n<\/div>\n\t\t\t\t<\/div>\n\t\t\t\t<\/div>\n\t\t\t\t<div class=\"elementor-element elementor-element-5ff338f elementor-widget elementor-widget-pls-button\" data-id=\"5ff338f\" data-element_type=\"widget\" data-e-type=\"widget\" data-widget_type=\"pls-button.default\">\n\t\t\t\t<div class=\"elementor-widget-container\">\n\t\t\t\t\t<div id=\"pls-button-92915\" class=\"pls-element pls-button\">\n\t<a class=\"button btn-style-flat\" href=\"https:\/\/demo.cocos.codes\/cc_ps_home_categories\/\" title=\"DEMO\" target=\"_blank\" rel=\"noopener\">\n\t\tDEMO\t<\/a>\n<\/div>\n\t\t\t\t<\/div>\n\t\t\t\t<\/div>\n\t\t\t\t<\/div>\n\t\t\t\t\t<\/div>\n\t\t\t\t<\/div>\n\t\t<div class=\"elementor-element elementor-element-0b85be9 e-flex e-con-boxed e-con e-parent\" data-id=\"0b85be9\" data-element_type=\"container\" data-e-type=\"container\">\n\t\t\t\t\t<div class=\"e-con-inner\">\n\t\t\t\t<div class=\"elementor-element elementor-element-ecb11b7 elementor-widget elementor-widget-spacer\" data-id=\"ecb11b7\" data-element_type=\"widget\" data-e-type=\"widget\" data-widget_type=\"spacer.default\">\n\t\t\t\t\t\t\t<div class=\"elementor-spacer\">\n\t\t\t<div class=\"elementor-spacer-inner\"><\/div>\n\t\t<\/div>\n\t\t\t\t\t\t<\/div>\n\t\t\t\t<div class=\"elementor-element elementor-element-299352a elementor-widget elementor-widget-text-editor\" data-id=\"299352a\" data-element_type=\"widget\" data-e-type=\"widget\" data-widget_type=\"text-editor.default\">\n\t\t\t\t\t\t\t\t\t<h6><strong>Une multitude de fonctions et de possibilit\u00e9s<\/strong><\/h6><strong>\ud83c\udfa8 Une multitude de styles d'affichage<\/strong><br \/>\u2705 <strong>7 styles de grille<\/strong> - du mode classique au mode sombre moderne<br \/>\u2705 <strong>Slider avec navigation<\/strong> - Carrousel \u00e9l\u00e9gant avec prise en charge des gestes tactiles<br \/>\u2705 <strong>3 modes de liste<\/strong> - horizontale, verticale et compacte<br \/>\u2705 <strong>Des animations uniques<\/strong> - pour chaque style d'affichage<br \/>\u2705 <strong>Changement de style facile<\/strong> - sans perte de configuration<br \/><br \/><strong>\ud83d\udcf1 Enti\u00e8rement r\u00e9actif<\/strong><br \/>\u2705 <strong>Ajustement automatique<\/strong> - pour tous les appareils<br \/>\u2705 <strong>Points d'arr\u00eat intelligents<\/strong> - pour mobiles, tablettes et ordinateurs de bureau<br \/>\u2705 <strong>Navigation conviviale<\/strong> - prise en charge des gestes tactiles dans la barre de d\u00e9filement<br \/>\u2705 <strong>Images optimis\u00e9es<\/strong> - des dimensions adapt\u00e9es \u00e0 tous les \u00e9crans<br \/>\u2705 <strong>Typographie adapt\u00e9e<\/strong> - mise \u00e0 l'\u00e9chelle automatique des polices et de l'espacement<br \/><br \/><strong>\ud83d\uddbc\ufe0f Gestion avanc\u00e9e des images<\/strong><br \/>\u2705 <strong>3 tailles de conteneurs<\/strong> - petite, moyenne et grande<br \/>\u2705 <strong>D\u00e9tection automatique<\/strong> - les types d'images disponibles dans le syst\u00e8me<br \/>\u2705 <strong>Chargement paresseux<\/strong> - l'optimisation des performances de chargement<br \/>\u2705 <strong>Images de repli<\/strong> - pour les cat\u00e9gories sans images attribu\u00e9es<br \/>\u2705 <strong>Pr\u00eat pour la r\u00e9tine<\/strong> - prise en charge des appareils \u00e0 haute r\u00e9solution<br \/><br \/><strong>\u2699\ufe0f Configuration flexible<\/strong><br \/>\u2705 <strong>S\u00e9lection de la cat\u00e9gorie<\/strong> - automatique ou manuel<br \/>\u2705 <strong>Contr\u00f4le du contenu<\/strong> - l'affichage des noms et des descriptions des cat\u00e9gories<br \/>\u2705 <strong>Titres multilingues<\/strong> - prise en charge de toutes les langues de vente<br \/>\u2705 <strong>Limite configurable<\/strong> - 1 \u00e0 50 cat\u00e9gories<br \/>\u2705 <strong>Colonnes flexibles<\/strong> - 1 \u00e0 6 colonnes dans la grille<br \/><br \/><strong>\ud83c\udfad Styles visuels professionnels<\/strong><br \/>\u2705 <strong>Grille classique<\/strong> - cartes classiques avec ombres et cadres<br \/>\u2705 <strong>Grille moderne<\/strong> - arri\u00e8re-plans en d\u00e9grad\u00e9 avec effets de superposition<br \/>\u2705 <strong>Grille minimale<\/strong> - un design \u00e9pur\u00e9 et minimaliste<br \/>\u2705 <strong>Grille color\u00e9e<\/strong> - cadres color\u00e9s avec animations<br \/>\u2705 <strong>Grille \u00e9l\u00e9gante<\/strong> - cartes \u00e9l\u00e9gantes avec des accents dor\u00e9s<br \/>\u2705 <strong>Grille fonc\u00e9e<\/strong> - th\u00e8me sombre avec effets de lumi\u00e8re<br \/>\u2705 <strong>Grille Light Bord\u00e9e<\/strong> - cartes lumineuses avec bordures transparentes<br \/><br \/><strong>\ud83d\udd12 Syst\u00e8me de s\u00e9curit\u00e9 et de licence<\/strong><br \/>\u2705 <strong>Licence avanc\u00e9e<\/strong> - Syst\u00e8me COCOS avec validation automatique<br \/>\u2705 <strong>Donn\u00e9es crypt\u00e9es<\/strong> - stockage s\u00e9curis\u00e9 des informations relatives aux licences<br \/>\u2705 <strong>Contr\u00f4le d'int\u00e9grit\u00e9<\/strong> - contr\u00f4le des fichiers inchang\u00e9s<br \/>\u2705 <strong>API s\u00e9curis\u00e9e<\/strong> - des connexions crypt\u00e9es avec les serveurs de licence<br \/>\u2705 <strong>Contr\u00f4le automatique<\/strong> - validation de la licence toutes les 20-28 heures<br \/><br \/><strong>\u26a1 Optimisation des performances<\/strong><br \/>\u2705 <strong>Demandes minimales<\/strong> - connexions optimis\u00e9es \u00e0 la base de donn\u00e9es<br \/>\u2705 <strong>Tarification conditionnelle<\/strong> - ressources charg\u00e9es uniquement en cas de besoin<br \/>\u2705 <strong>Favorable \u00e0 la mise en cache<\/strong> - compatibilit\u00e9 avec les syst\u00e8mes de cache<br \/>\u2705 <strong>Actifs compress\u00e9s<\/strong> - fichiers CSS et JavaScript optimis\u00e9s\t\t\t\t\t\t\t\t<\/div>\n\t\t\t\t<div class=\"elementor-element elementor-element-ace90ab elementor-widget elementor-widget-spacer\" data-id=\"ace90ab\" data-element_type=\"widget\" data-e-type=\"widget\" data-widget_type=\"spacer.default\">\n\t\t\t\t\t\t\t<div class=\"elementor-spacer\">\n\t\t\t<div class=\"elementor-spacer-inner\"><\/div>\n\t\t<\/div>\n\t\t\t\t\t\t<\/div>\n\t\t\t\t<div class=\"elementor-element elementor-element-380632f elementor-widget elementor-widget-text-editor\" data-id=\"380632f\" data-element_type=\"widget\" data-e-type=\"widget\" data-widget_type=\"text-editor.default\">\n\t\t\t\t\t\t\t\t\t<h6>\ud83d\udcc8 Augmentez la conversion !<\/h6><strong>Pr\u00e9sentation de la cat\u00e9gorie professionnelle<\/strong> c'est <strong>cl\u00e9<\/strong> pour une meilleure navigation dans les boutiques et un engagement accru des clients. Gr\u00e2ce \u00e0 <strong>styles attrayants, animations fluides<\/strong> et compl\u00e8te <strong>r\u00e9activit\u00e9<\/strong>Vous aiderez ainsi les clients \u00e0 trouver plus rapidement ce qu'ils recherchent.\t\t\t\t\t\t\t\t<\/div>\n\t\t\t\t<div class=\"elementor-element elementor-element-2a18a78 elementor-widget elementor-widget-spacer\" data-id=\"2a18a78\" data-element_type=\"widget\" data-e-type=\"widget\" data-widget_type=\"spacer.default\">\n\t\t\t\t\t\t\t<div class=\"elementor-spacer\">\n\t\t\t<div class=\"elementor-spacer-inner\"><\/div>\n\t\t<\/div>\n\t\t\t\t\t\t<\/div>\n\t\t\t\t<div class=\"elementor-element elementor-element-6a75a72 elementor-widget elementor-widget-text-editor\" data-id=\"6a75a72\" data-element_type=\"widget\" data-e-type=\"widget\" data-widget_type=\"text-editor.default\">\n\t\t\t\t\t\t\t\t\t<h6><strong>Pour qui ?<\/strong><\/h6>Le module est id\u00e9al pour tout le monde :<br \/><strong>\u2714 <a href=\"https:\/\/iarina029.supserv.cozmoslabs.com\/fr\/produit-categorie\/magasins-individuels\/\" title=\"La page d&#039;accueil de votre boutique est la vitrine de votre entreprise\">Boutiques PrestaShop<\/a><\/strong> ceux qui souhaitent am\u00e9liorer l'apparence de leur page d'accueil<br \/><strong>\u2714 Responsables du commerce \u00e9lectronique<\/strong> se soucier de l'exp\u00e9rience de l'utilisateur<br \/><strong>\u2714 Shopkeepers<\/strong> avec un grand nombre de cat\u00e9gories de produits<br \/><strong>\u2714 Agences web<\/strong> cr\u00e9er des boutiques pour les clients<br \/><strong>\u2714 Entrepreneurs<\/strong> qui mettent l'accent sur une image professionnelle<br \/><strong>\u2714 Magasins mobiles<\/strong> n\u00e9cessitant des solutions r\u00e9actives<br \/><strong>\u2714 Prime de marque<\/strong> besoin de pr\u00e9sentations \u00e9l\u00e9gantes<div class=\"notranslate\" style=\"all: initial;\">\u00a0<\/div>\t\t\t\t\t\t\t\t<\/div>\n\t\t\t\t<div class=\"elementor-element elementor-element-7c39143 elementor-widget elementor-widget-spacer\" data-id=\"7c39143\" data-element_type=\"widget\" data-e-type=\"widget\" data-widget_type=\"spacer.default\">\n\t\t\t\t\t\t\t<div class=\"elementor-spacer\">\n\t\t\t<div class=\"elementor-spacer-inner\"><\/div>\n\t\t<\/div>\n\t\t\t\t\t\t<\/div>\n\t\t\t\t<div class=\"elementor-element elementor-element-87aca6e elementor-widget elementor-widget-text-editor\" data-id=\"87aca6e\" data-element_type=\"widget\" data-e-type=\"widget\" data-widget_type=\"text-editor.default\">\n\t\t\t\t\t\t\t\t\t<p><div class=\"pls-block pls-block-3297\">\t\t<div data-elementor-type=\"wp-post\" data-elementor-id=\"3297\" class=\"elementor elementor-3297\">\n\t\t\t\t<div class=\"elementor-element elementor-element-d99440d e-flex e-con-boxed e-con e-parent\" data-id=\"d99440d\" data-element_type=\"container\" data-e-type=\"container\" data-settings=\"{&quot;background_background&quot;:&quot;classic&quot;}\">\n\t\t\t\t\t<div class=\"e-con-inner\">\n\t\t\t\t<div class=\"elementor-element elementor-element-b850409 elementor-widget elementor-widget-text-editor\" data-id=\"b850409\" data-element_type=\"widget\" data-e-type=\"widget\" data-widget_type=\"text-editor.default\">\n\t\t\t\t\t\t\t\t\t<h6><strong>\u00a0Am\u00e9liorez les capacit\u00e9s de votre atelier d\u00e8s aujourd'hui ! <\/strong><strong>\ud83d\ude80<\/strong><\/h6>Ajoutez de nouvelles fonctionnalit\u00e9s, am\u00e9liorez l'exp\u00e9rience utilisateur et augmentez les conversions gr\u00e2ce \u00e0 notre module. Installation facile, compatibilit\u00e9 totale et mises \u00e0 jour r\u00e9guli\u00e8res - tout ce dont vous avez besoin pour que votre boutique fonctionne encore mieux.<br \/>\u2705 Installation facile \u2705 Support professionnel \u2705 Int\u00e9gration transparente<br \/><br \/><a class=\"button simple\" href=\"#main-content\" title=\"Installez et utilisez d\u00e8s maintenant !\">Installez-la et commencez \u00e0 l'utiliser d\u00e8s maintenant !<\/a>\t\t\t\t\t\t\t\t<\/div>\n\t\t\t\t\t<\/div>\n\t\t\t\t<\/div>\n\t\t\t\t<\/div>\n\t\t<\/div><\/p>\t\t\t\t\t\t\t\t<\/div>\n\t\t\t\t\t<\/div>\n\t\t\t\t<\/div>\n\t\t\t\t<\/div>","protected":false},"excerpt":{"rendered":"Presta Shop Kategorie Na Stronie G\u0142\u00f3wnej Zaawansowany modu\u0142 do prezentacji kategorii na stronie g\u0142\u00f3wnej sklep\u00f3w Presta Shop. Zwi\u0119ksz zaanga\u017cowanie klient\u00f3w i popraw nawigacj\u0119 w sklepie dzi\u0119ki 11 r\u00f3\u017cnym stylom wy\u015bwietlania,","protected":false},"featured_media":5036,"comment_status":"open","ping_status":"closed","template":"","meta":{"powered_cache_disable_cache":false,"powered_cache_disable_css_optimization":false,"powered_cache_disable_js_optimization":false},"product_brand":[275],"product_cat":[128,131],"product_tag":[282,281,273,244],"class_list":{"0":"post-5028","1":"product","2":"type-product","3":"status-publish","4":"has-post-thumbnail","6":"product_brand-cocos","7":"product_cat-moduly","8":"product_cat-prestashop","9":"product_tag-blok-kategorii","10":"product_tag-kategorie-na-stronie-glownej","11":"product_tag-modul-prestashop","12":"product_tag-prestashop","14":"first","15":"instock","16":"downloadable","17":"virtual","18":"taxable","19":"purchasable","20":"product-type-simple"},"_links":{"self":[{"href":"https:\/\/iarina029.supserv.cozmoslabs.com\/fr\/wp-json\/wp\/v2\/product\/5028","targetHints":{"allow":["GET"]}}],"collection":[{"href":"https:\/\/iarina029.supserv.cozmoslabs.com\/fr\/wp-json\/wp\/v2\/product"}],"about":[{"href":"https:\/\/iarina029.supserv.cozmoslabs.com\/fr\/wp-json\/wp\/v2\/types\/product"}],"replies":[{"embeddable":true,"href":"https:\/\/iarina029.supserv.cozmoslabs.com\/fr\/wp-json\/wp\/v2\/comments?post=5028"}],"version-history":[{"count":0,"href":"https:\/\/iarina029.supserv.cozmoslabs.com\/fr\/wp-json\/wp\/v2\/product\/5028\/revisions"}],"wp:featuredmedia":[{"embeddable":true,"href":"https:\/\/iarina029.supserv.cozmoslabs.com\/fr\/wp-json\/wp\/v2\/media\/5036"}],"wp:attachment":[{"href":"https:\/\/iarina029.supserv.cozmoslabs.com\/fr\/wp-json\/wp\/v2\/media?parent=5028"}],"wp:term":[{"taxonomy":"product_brand","embeddable":true,"href":"https:\/\/iarina029.supserv.cozmoslabs.com\/fr\/wp-json\/wp\/v2\/product_brand?post=5028"},{"taxonomy":"product_cat","embeddable":true,"href":"https:\/\/iarina029.supserv.cozmoslabs.com\/fr\/wp-json\/wp\/v2\/product_cat?post=5028"},{"taxonomy":"product_tag","embeddable":true,"href":"https:\/\/iarina029.supserv.cozmoslabs.com\/fr\/wp-json\/wp\/v2\/product_tag?post=5028"}],"curies":[{"name":"wp","href":"https:\/\/api.w.org\/{rel}","templated":true}]}}