{"id":4985,"date":"2025-08-19T18:48:45","date_gmt":"2025-08-19T16:48:45","guid":{"rendered":"https:\/\/cocos.codes\/?post_type=product&#038;p=4985"},"modified":"2026-04-17T11:13:46","modified_gmt":"2026-04-17T09:13:46","slug":"filigrane-prestashop","status":"publish","type":"product","link":"https:\/\/iarina029.supserv.cozmoslabs.com\/fr\/product\/filigrane-prestashop\/","title":{"rendered":"PrestaShop Filigrane 1.0.3"},"content":{"rendered":"<div data-elementor-type=\"wp-post\" data-elementor-id=\"4985\" class=\"elementor elementor-4985\">\n\t\t\t\t<div class=\"elementor-element elementor-element-13fae9d e-flex e-con-boxed e-con e-parent\" data-id=\"13fae9d\" data-element_type=\"container\" data-e-type=\"container\">\n\t\t\t\t\t<div class=\"e-con-inner\">\n\t\t\t\t<div class=\"elementor-element elementor-element-c5ee1f2 elementor-widget elementor-widget-text-editor\" data-id=\"c5ee1f2\" data-element_type=\"widget\" data-e-type=\"widget\" data-widget_type=\"text-editor.default\">\n\t\t\t\t\t\t\t\t\t<h6>PrestaShop Watermark \u2013 Protection professionnelle des photos de produits avec syst\u00e8me de sauvegarde<\/h6>\n\nProt\u00e9gez vos images de produits contre le vol et l'utilisation non autoris\u00e9e ! <strong>CC <a href=\"https:\/\/prestashop.com\/\" title=\"PrestaShop\" target=\"_blank\" rel=\"noopener\">PrestaShop<\/a> Filigrane<\/strong> c'est un module avanc\u00e9 qui ajoute automatiquement des filigranes \u00e0 toutes les miniatures de produits de votre boutique. Ind\u00e9pendamment de la taille du catalogue ou des capacit\u00e9s du serveur, le syst\u00e8me <strong>files d'attente de traitement<\/strong> CRON permettait de marquer sans effort un nombre illimit\u00e9 de photos sur n'importe quel serveur. Utilisez un syst\u00e8me de sauvegarde intelligent, une r\u00e9g\u00e9n\u00e9ration automatique et un contr\u00f4le total du processus pour s\u00e9curiser vos images sans risque de perdre les versions originales.\t\t\t\t\t\t\t\t<\/div>\n\t\t\t\t<div class=\"elementor-element elementor-element-c641bb3 elementor-widget elementor-widget-spacer\" data-id=\"c641bb3\" data-element_type=\"widget\" data-e-type=\"widget\" data-widget_type=\"spacer.default\">\n\t\t\t\t\t\t\t<div class=\"elementor-spacer\">\n\t\t\t<div class=\"elementor-spacer-inner\"><\/div>\n\t\t<\/div>\n\t\t\t\t\t\t<\/div>\n\t\t\t\t\t<\/div>\n\t\t\t\t<\/div>\n\t\t<div class=\"elementor-element elementor-element-12684c7 e-flex e-con-boxed e-con e-parent\" data-id=\"12684c7\" data-element_type=\"container\" data-e-type=\"container\">\n\t\t\t\t\t<div class=\"e-con-inner\">\n\t\t<div class=\"elementor-element elementor-element-d988a7d e-grid e-con-full e-con e-child\" data-id=\"d988a7d\" data-element_type=\"container\" data-e-type=\"container\">\n\t\t\t\t<div class=\"elementor-element elementor-element-8b12174 elementor-widget elementor-widget-pls-button\" data-id=\"8b12174\" data-element_type=\"widget\" data-e-type=\"widget\" data-widget_type=\"pls-button.default\">\n\t\t\t\t<div class=\"elementor-widget-container\">\n\t\t\t\t\t<div id=\"pls-button-2260\" class=\"pls-element pls-button\">\n\t<a class=\"button btn-style-flat\" href=\"https:\/\/iarina029.supserv.cozmoslabs.com\/fr\/base-de-connaissances\/prestashop\/documentation-prestashop\/filigrane-prestashop-2\/\" title=\"DOCUMENTATION\" target=\"_blank\">\n\t\tDOCUMENTATION\t<\/a>\n<\/div>\n\t\t\t\t<\/div>\n\t\t\t\t<\/div>\n\t\t\t\t<div class=\"elementor-element elementor-element-9e29636 elementor-widget elementor-widget-pls-button\" data-id=\"9e29636\" data-element_type=\"widget\" data-e-type=\"widget\" data-widget_type=\"pls-button.default\">\n\t\t\t\t<div class=\"elementor-widget-container\">\n\t\t\t\t\t<div id=\"pls-button-29017\" class=\"pls-element pls-button\">\n\t<a class=\"button btn-style-flat\" href=\"https:\/\/demo.cocos.codes\/cc_ps_watermark\/\" title=\"DEMO\" target=\"_blank\" rel=\"noopener\">\n\t\tDEMO\t<\/a>\n<\/div>\n\t\t\t\t<\/div>\n\t\t\t\t<\/div>\n\t\t\t\t<\/div>\n\t\t\t\t\t<\/div>\n\t\t\t\t<\/div>\n\t\t<div class=\"elementor-element elementor-element-82e69c9 e-flex e-con-boxed e-con e-parent\" data-id=\"82e69c9\" data-element_type=\"container\" data-e-type=\"container\">\n\t\t\t\t\t<div class=\"e-con-inner\">\n\t\t\t\t<div class=\"elementor-element elementor-element-7b3d050 elementor-widget elementor-widget-spacer\" data-id=\"7b3d050\" data-element_type=\"widget\" data-e-type=\"widget\" data-widget_type=\"spacer.default\">\n\t\t\t\t\t\t\t<div class=\"elementor-spacer\">\n\t\t\t<div class=\"elementor-spacer-inner\"><\/div>\n\t\t<\/div>\n\t\t\t\t\t\t<\/div>\n\t\t\t\t<div class=\"elementor-element elementor-element-43511a8 elementor-widget elementor-widget-text-editor\" data-id=\"43511a8\" data-element_type=\"widget\" data-e-type=\"widget\" data-widget_type=\"text-editor.default\">\n\t\t\t\t\t\t\t\t\t<h6>Une multitude de fonctions et de possibilit\u00e9s<\/h6><strong>\ud83c\udfa8 Options avanc\u00e9es de filigrane<br \/>\u2705 Deux types de panneaux<\/strong> - texte avec des polices TTF ou des images PNG\/JPG\/GIF<br \/><strong>\u2705 Personnalisation du texte int\u00e9gral<\/strong> - taille 8-200px, toutes les couleurs, polices personnalis\u00e9es<br \/><strong>\u2705 Positionnement intelligent<\/strong> - 9 positions de placement et r\u00e9p\u00e9tition sur l'ensemble de l'image<br \/><strong>\u2705 Contr\u00f4le de la transparence<\/strong> - Visibilit\u00e9 du filigrane de 0% \u00e0 100%<br \/><strong>\u2705 Aper\u00e7u des r\u00e9sultats<\/strong> - la v\u00e9rification des effets avant l'application des changements<br \/><br \/><strong>\ud83c\udfaf Traitement s\u00e9lectif des images<\/strong><br \/><strong>\u2705 Filtres de type vignette<\/strong> - s\u00e9lection de tailles sp\u00e9cifiques pour le marquage<br \/><strong>\u2705 D\u00e9tection automatique<\/strong> - le syst\u00e8me ne duplique pas les caract\u00e8res sur des images d\u00e9j\u00e0 marqu\u00e9es<br \/><strong>\u2705 Traitement des nouveaux produits<\/strong> - marquage automatique lors de l'ajout ou de la mise \u00e0 jour<br \/><strong>\u2705 Traitement de masse<\/strong> - r\u00e9g\u00e9n\u00e9ration de toutes les figurines existantes<br \/><strong>\u2705 Accrochage intelligent<\/strong> - traitement automatique en arri\u00e8re-plan<br \/><br \/><strong>\ud83d\udcbe Syst\u00e8me de sauvegarde avanc\u00e9<\/strong><br \/><strong>Sauvegardes automatiques<\/strong> - une copie de l'original avant chaque ajout du filigrane<br \/><strong>\u2705 Restauration s\u00e9lective<\/strong> - annuler les modifications pour les produits s\u00e9lectionn\u00e9s<br \/><strong>\u2705 Restauration globale<\/strong> - Supprimer tous les filigranes en un seul clic<br \/><strong>\u2705 Gestion du site<\/strong> - contr\u00f4le de la taille et du nombre des sauvegardes<br \/><strong>Statistiques de sauvegarde<\/strong> - vue compl\u00e8te de l'utilisation du disque et de l'historique des copies<br \/><br \/><strong>\ud83d\udcca Journalisation et surveillance d\u00e9taill\u00e9es<\/strong><br \/><strong>\u2705 Historique de toutes les op\u00e9rations<\/strong> - registre complet des activit\u00e9s du module<br \/><strong>\u2705 Statut des couleurs<\/strong> - succ\u00e8s, avertissement, erreur, information avec indication visuelle<br \/><strong>\u2705 D\u00e9tails du produit<\/strong> - des informations sur les images et les pistes trait\u00e9es<br \/><strong>\u2705 Rotation automatique<\/strong> - Maximum de 5000 entr\u00e9es avec nettoyage automatique<br \/><strong>\u2705 Pagination des journaux<\/strong> - une vue d'ensemble efficace de l'historique des activit\u00e9s<br \/><br \/><strong>\u2699\ufe0f Configuration flexible et automatisation<\/strong><br \/><strong>\u2705 CRON avanc\u00e9<\/strong> - traitement automatique \u00e0 des heures programm\u00e9es<br \/><strong>\u2705 Optimisation des performances<\/strong> - gestion intelligente de la m\u00e9moire et du temps d'ex\u00e9cution<br \/><strong>Interface multilingue<\/strong> - prise en charge de toutes les langues de PrestaShop<br \/><strong>\u2705 Panneau r\u00e9actif<\/strong> - gestion pratique sur n'importe quel appareil<br \/><strong>\u2705 R\u00e9gime de licences<\/strong> - activation s\u00e9curis\u00e9e avec toutes les fonctionnalit\u00e9s<br \/><br \/><strong>\ud83d\udd27 Fonctions techniques et int\u00e9gration<\/strong><br \/><strong>\u2705 Compatibilit\u00e9 totale<\/strong> - fonctionne avec PrestaShop 1.7.0.0 et les versions ult\u00e9rieures<br \/><strong>Prise en charge des polices TTF<\/strong> - d\u00e9tection et gestion automatiques des polices de caract\u00e8res<br \/><strong>\u2705 Extension GD<\/strong> - prise en charge de tous les formats d'image (JPG, PNG, GIF)<br \/><strong>\u2705 Syst\u00e8me de repli<\/strong> - fonctionne m\u00eame sans polices TTF ni fonctions avanc\u00e9es<br \/><strong>\u2705 Documentation d\u00e9taill\u00e9e<\/strong> - des instructions compl\u00e8tes pour l'installation et l'utilisation<div class=\"notranslate\" style=\"all: initial;\">\u00a0<\/div>\t\t\t\t\t\t\t\t<\/div>\n\t\t\t\t<div class=\"elementor-element elementor-element-46022c8 elementor-widget elementor-widget-spacer\" data-id=\"46022c8\" data-element_type=\"widget\" data-e-type=\"widget\" data-widget_type=\"spacer.default\">\n\t\t\t\t\t\t\t<div class=\"elementor-spacer\">\n\t\t\t<div class=\"elementor-spacer-inner\"><\/div>\n\t\t<\/div>\n\t\t\t\t\t\t<\/div>\n\t\t\t\t<div class=\"elementor-element elementor-element-caf68cb elementor-widget elementor-widget-text-editor\" data-id=\"caf68cb\" data-element_type=\"widget\" data-e-type=\"widget\" data-widget_type=\"text-editor.default\">\n\t\t\t\t\t\t\t\t\t<h6>Des possibilit\u00e9s d'application infinies<\/h6>Module <strong>CC PrestaShop Watermark<\/strong> est parfait pour :<br \/><br \/><strong>Protection de la propri\u00e9t\u00e9 intellectuelle<\/strong><br \/><strong>\u2705 S\u00e9curit\u00e9 des images<\/strong> - la protection contre le vol et l'utilisation non autoris\u00e9e<br \/><strong>\u2705 Marquage des produits<\/strong> - marquer chaque image avec le nom ou le logo du magasin<br \/><strong>\u2705 Protection juridique<\/strong> - documenter la propri\u00e9t\u00e9 des images<br \/><strong>\u2705 Dissuasion de la concurrence<\/strong> - rendre plus difficile la copie du mat\u00e9riel visuel<br \/><br \/><strong>Marketing professionnel<\/strong><br \/><strong>\u2705 Reconnaissance de la marque<\/strong> - promotion du nom du magasin sur chaque photo<br \/><strong>Coh\u00e9rence visuelle<\/strong> - une identification coh\u00e9rente dans toutes les images<br \/><strong>\u2705 Campagnes saisonni\u00e8res<\/strong> - changement facile des filigranes pour la promotion<br \/><strong>\u2705 Diff\u00e9rentes lignes de produits<\/strong> - des d\u00e9signations distinctes pour les diff\u00e9rentes marques<br \/><br \/><strong>Gestion de grands magasins<\/strong><br \/><strong>\u2705 Traitement de masse<\/strong> - marquage automatique de milliers de produits<br \/><strong>\u2705 Gestion d'\u00e9quipe<\/strong> - le contr\u00f4le de la personne qui a effectu\u00e9 les modifications et du moment o\u00f9 elles ont \u00e9t\u00e9 effectu\u00e9es<br \/><strong>Sauvegarde et restauration<\/strong> - tester en toute s\u00e9curit\u00e9 diff\u00e9rentes strat\u00e9gies de marque<br \/><strong>\u2705 Automatisation CRON<\/strong> - traitement pendant les heures o\u00f9 le trafic est le plus faible<div class=\"notranslate\" style=\"all: initial;\">\u00a0<\/div>\t\t\t\t\t\t\t\t<\/div>\n\t\t\t\t<div class=\"elementor-element elementor-element-3c1daa0 elementor-widget elementor-widget-spacer\" data-id=\"3c1daa0\" data-element_type=\"widget\" data-e-type=\"widget\" data-widget_type=\"spacer.default\">\n\t\t\t\t\t\t\t<div class=\"elementor-spacer\">\n\t\t\t<div class=\"elementor-spacer-inner\"><\/div>\n\t\t<\/div>\n\t\t\t\t\t\t<\/div>\n\t\t\t\t<div class=\"elementor-element elementor-element-8cbf653 elementor-widget elementor-widget-text-editor\" data-id=\"8cbf653\" data-element_type=\"widget\" data-e-type=\"widget\" data-widget_type=\"text-editor.default\">\n\t\t\t\t\t\t\t\t\t<h6>\ud83d\udcc8 Augmentez la s\u00e9curit\u00e9 !<\/h6><strong>Protection de l'image professionnelle<\/strong> est un investissement dans l'avenir de votre activit\u00e9 en ligne. Gr\u00e2ce \u00e0 la <strong>automatisation des processus<\/strong>, <strong>sauvegardes s\u00e9curis\u00e9es<\/strong> i <strong>suivi d\u00e9taill\u00e9<\/strong>Vous obtiendrez<strong> des milliers d'images de produits<\/strong> sans risque de les perdre et vous ma\u00eetrisez votre image de marque. Optez pour un outil qui<strong> prot\u00e8ge votre entreprise<\/strong>!<br \/><div class=\"notranslate\" style=\"all: initial;\">\u00a0<\/div>\t\t\t\t\t\t\t\t<\/div>\n\t\t\t\t<div class=\"elementor-element elementor-element-2392804 elementor-widget elementor-widget-spacer\" data-id=\"2392804\" data-element_type=\"widget\" data-e-type=\"widget\" data-widget_type=\"spacer.default\">\n\t\t\t\t\t\t\t<div class=\"elementor-spacer\">\n\t\t\t<div class=\"elementor-spacer-inner\"><\/div>\n\t\t<\/div>\n\t\t\t\t\t\t<\/div>\n\t\t\t\t<div class=\"elementor-element elementor-element-2f487a4 elementor-widget elementor-widget-text-editor\" data-id=\"2f487a4\" data-element_type=\"widget\" data-e-type=\"widget\" data-widget_type=\"text-editor.default\">\n\t\t\t\t\t\t\t\t\t<h6>Pour qui ?<\/h6>Le module est id\u00e9al pour tout le monde :<br \/><strong>\u2714 <a href=\"https:\/\/iarina029.supserv.cozmoslabs.com\/fr\/produit-categorie\/magasins-individuels\/\" title=\"Boutiques PrestaShop\">Boutiques PrestaShop<\/a><\/strong> avec des images de produits uniques qui m\u00e9ritent d'\u00eatre prot\u00e9g\u00e9es<br \/><strong>\u2714 Propri\u00e9taires de marques<\/strong> assurer la coh\u00e9rence visuelle et la reconnaissance de la marque<br \/><strong>\u2714 Photographes et designers<\/strong> vendre leur travail sous forme num\u00e9rique<br \/><strong>\u2714 Grands magasins<\/strong> avec des milliers de produits n\u00e9cessitant un marquage de masse<br \/><strong>\u2714 Soci\u00e9t\u00e9s de dropshipping<\/strong> souhaitant \u00e9tiqueter les images fournies par les fournisseurs<br \/><strong>\u2714 Vendeurs exclusifs<\/strong> produits expos\u00e9s \u00e0 la copie<br \/><strong>\u2714 Administrateurs<\/strong> g\u00e9rer plusieurs magasins ou lignes de produits<div class=\"notranslate\" style=\"all: initial;\">\u00a0<\/div>\t\t\t\t\t\t\t\t<\/div>\n\t\t\t\t<div class=\"elementor-element elementor-element-e5726cd elementor-widget elementor-widget-spacer\" data-id=\"e5726cd\" data-element_type=\"widget\" data-e-type=\"widget\" data-widget_type=\"spacer.default\">\n\t\t\t\t\t\t\t<div class=\"elementor-spacer\">\n\t\t\t<div class=\"elementor-spacer-inner\"><\/div>\n\t\t<\/div>\n\t\t\t\t\t\t<\/div>\n\t\t\t\t<div class=\"elementor-element elementor-element-9603ee5 elementor-widget elementor-widget-text-editor\" data-id=\"9603ee5\" data-element_type=\"widget\" data-e-type=\"widget\" data-widget_type=\"text-editor.default\">\n\t\t\t\t\t\t\t\t\t<p><div class=\"pls-block pls-block-3297\">\t\t<div data-elementor-type=\"wp-post\" data-elementor-id=\"3297\" class=\"elementor elementor-3297\">\n\t\t\t\t<div class=\"elementor-element elementor-element-d99440d e-flex e-con-boxed e-con e-parent\" data-id=\"d99440d\" data-element_type=\"container\" data-e-type=\"container\" data-settings=\"{&quot;background_background&quot;:&quot;classic&quot;}\">\n\t\t\t\t\t<div class=\"e-con-inner\">\n\t\t\t\t<div class=\"elementor-element elementor-element-b850409 elementor-widget elementor-widget-text-editor\" data-id=\"b850409\" data-element_type=\"widget\" data-e-type=\"widget\" data-widget_type=\"text-editor.default\">\n\t\t\t\t\t\t\t\t\t<h6><strong>\u00a0Am\u00e9liorez les capacit\u00e9s de votre atelier d\u00e8s aujourd'hui ! <\/strong><strong>\ud83d\ude80<\/strong><\/h6>Ajoutez de nouvelles fonctionnalit\u00e9s, am\u00e9liorez l'exp\u00e9rience utilisateur et augmentez les conversions gr\u00e2ce \u00e0 notre module. Installation facile, compatibilit\u00e9 totale et mises \u00e0 jour r\u00e9guli\u00e8res - tout ce dont vous avez besoin pour que votre boutique fonctionne encore mieux.<br \/>\u2705 Installation facile \u2705 Support professionnel \u2705 Int\u00e9gration transparente<br \/><br \/><a class=\"button simple\" href=\"#main-content\" title=\"Installez et utilisez d\u00e8s maintenant !\">Installez-la et commencez \u00e0 l'utiliser d\u00e8s maintenant !<\/a>\t\t\t\t\t\t\t\t<\/div>\n\t\t\t\t\t<\/div>\n\t\t\t\t<\/div>\n\t\t\t\t<\/div>\n\t\t<\/div><\/p>\t\t\t\t\t\t\t\t<\/div>\n\t\t\t\t\t<\/div>\n\t\t\t\t<\/div>\n\t\t\t\t<\/div>","protected":false},"excerpt":{"rendered":"Presta Shop Znak Wodny \u2013 Profesjonalna ochrona zdj\u0119\u0107 produkt\u00f3w z systemem kopii zapasowych Chro\u0144 swoje zdj\u0119cia produkt\u00f3w przed kradzie\u017c\u0105 i nieautoryzowanym u\u017cyciem! CC Presta Shop Znak Wodny to zaawansowany modu\u0142,","protected":false},"featured_media":4991,"comment_status":"open","ping_status":"closed","template":"","meta":{"powered_cache_disable_cache":false,"powered_cache_disable_css_optimization":false,"powered_cache_disable_js_optimization":false},"product_brand":[275],"product_cat":[128,131],"product_tag":[273,244,279,278],"class_list":{"0":"post-4985","1":"product","2":"type-product","3":"status-publish","4":"has-post-thumbnail","6":"product_brand-cocos","7":"product_cat-moduly","8":"product_cat-prestashop","9":"product_tag-modul-prestashop","10":"product_tag-prestashop","11":"product_tag-zabezpieczenie-zdjec","12":"product_tag-znak-wodny","14":"first","15":"instock","16":"downloadable","17":"virtual","18":"taxable","19":"purchasable","20":"product-type-simple"},"_links":{"self":[{"href":"https:\/\/iarina029.supserv.cozmoslabs.com\/fr\/wp-json\/wp\/v2\/product\/4985","targetHints":{"allow":["GET"]}}],"collection":[{"href":"https:\/\/iarina029.supserv.cozmoslabs.com\/fr\/wp-json\/wp\/v2\/product"}],"about":[{"href":"https:\/\/iarina029.supserv.cozmoslabs.com\/fr\/wp-json\/wp\/v2\/types\/product"}],"replies":[{"embeddable":true,"href":"https:\/\/iarina029.supserv.cozmoslabs.com\/fr\/wp-json\/wp\/v2\/comments?post=4985"}],"version-history":[{"count":1,"href":"https:\/\/iarina029.supserv.cozmoslabs.com\/fr\/wp-json\/wp\/v2\/product\/4985\/revisions"}],"predecessor-version":[{"id":6269,"href":"https:\/\/iarina029.supserv.cozmoslabs.com\/fr\/wp-json\/wp\/v2\/product\/4985\/revisions\/6269"}],"wp:featuredmedia":[{"embeddable":true,"href":"https:\/\/iarina029.supserv.cozmoslabs.com\/fr\/wp-json\/wp\/v2\/media\/4991"}],"wp:attachment":[{"href":"https:\/\/iarina029.supserv.cozmoslabs.com\/fr\/wp-json\/wp\/v2\/media?parent=4985"}],"wp:term":[{"taxonomy":"product_brand","embeddable":true,"href":"https:\/\/iarina029.supserv.cozmoslabs.com\/fr\/wp-json\/wp\/v2\/product_brand?post=4985"},{"taxonomy":"product_cat","embeddable":true,"href":"https:\/\/iarina029.supserv.cozmoslabs.com\/fr\/wp-json\/wp\/v2\/product_cat?post=4985"},{"taxonomy":"product_tag","embeddable":true,"href":"https:\/\/iarina029.supserv.cozmoslabs.com\/fr\/wp-json\/wp\/v2\/product_tag?post=4985"}],"curies":[{"name":"wp","href":"https:\/\/api.w.org\/{rel}","templated":true}]}}