{"id":3873,"date":"2025-05-12T10:28:34","date_gmt":"2025-05-12T08:28:34","guid":{"rendered":"https:\/\/cocos.codes\/?post_type=product&#038;p=3873"},"modified":"2026-01-21T17:23:20","modified_gmt":"2026-01-21T16:23:20","slug":"portfolio-wordpress","status":"publish","type":"product","link":"https:\/\/iarina029.supserv.cozmoslabs.com\/fr\/product\/portfolio-wordpress\/","title":{"rendered":"Portfolio WordPress 1.0"},"content":{"rendered":"<div data-elementor-type=\"wp-post\" data-elementor-id=\"3873\" class=\"elementor elementor-3873\">\n\t\t\t\t<div class=\"elementor-element elementor-element-b4bddc2 e-flex e-con-boxed e-con e-parent\" data-id=\"b4bddc2\" data-element_type=\"container\" data-e-type=\"container\">\n\t\t\t\t\t<div class=\"e-con-inner\">\n\t\t\t\t<div class=\"elementor-element elementor-element-42eb781 elementor-widget elementor-widget-text-editor\" data-id=\"42eb781\" data-element_type=\"widget\" data-e-type=\"widget\" data-widget_type=\"text-editor.default\">\n\t\t\t\t\t\t\t\t\t<h6>Module WordPress Portfolio<\/h6><strong><a href=\"https:\/\/wordpress.org\/\" title=\"WordPress\" target=\"_blank\" rel=\"noopener\">WordPress<\/a> Le portefeuille<\/strong> est un plug-in avanc\u00e9 qui vous permet de cr\u00e9er facilement un portfolio impressionnant sur le site Web de <a href=\"https:\/\/iarina029.supserv.cozmoslabs.com\/fr\/produit-categorie\/magasins-individuels\/\" title=\"Site web WordPress\">le site web de WordPress<\/a> - sans avoir besoin de conna\u00eetre le code. Il offre des mises en page flexibles, des descriptions de projets d\u00e9taill\u00e9es et des galeries modernes pour pr\u00e9senter vos projets de mani\u00e8re professionnelle. Personnalisez l'apparence de votre portfolio en fonction de votre site web et d\u00e9marquez-vous aux yeux de vos clients.\t\t\t\t\t\t\t\t<\/div>\n\t\t\t\t<div class=\"elementor-element elementor-element-4558239 elementor-widget elementor-widget-spacer\" data-id=\"4558239\" data-element_type=\"widget\" data-e-type=\"widget\" data-widget_type=\"spacer.default\">\n\t\t\t\t\t\t\t<div class=\"elementor-spacer\">\n\t\t\t<div class=\"elementor-spacer-inner\"><\/div>\n\t\t<\/div>\n\t\t\t\t\t\t<\/div>\n\t\t\t\t\t<\/div>\n\t\t\t\t<\/div>\n\t\t<div class=\"elementor-element elementor-element-dea69ed e-grid e-con-boxed e-con e-parent\" data-id=\"dea69ed\" data-element_type=\"container\" data-e-type=\"container\">\n\t\t\t\t\t<div class=\"e-con-inner\">\n\t\t\t\t<div class=\"elementor-element elementor-element-e895d0f elementor-widget elementor-widget-pls-button\" data-id=\"e895d0f\" data-element_type=\"widget\" data-e-type=\"widget\" data-widget_type=\"pls-button.default\">\n\t\t\t\t<div class=\"elementor-widget-container\">\n\t\t\t\t\t<div id=\"pls-button-4415\" class=\"pls-element pls-button\">\n\t<a class=\"button btn-style-flat\" href=\"https:\/\/iarina029.supserv.cozmoslabs.com\/fr\/base-de-connaissances\/wordpress\/documentations\/presentation-des-projets-sur-le-site-web\/\" title=\"DOCUMENTATION\" target=\"_blank\">\n\t\tDOCUMENTATION\t<\/a>\n<\/div>\n\t\t\t\t<\/div>\n\t\t\t\t<\/div>\n\t\t\t\t<div class=\"elementor-element elementor-element-4a6390e elementor-widget elementor-widget-pls-button\" data-id=\"4a6390e\" data-element_type=\"widget\" data-e-type=\"widget\" data-widget_type=\"pls-button.default\">\n\t\t\t\t<div class=\"elementor-widget-container\">\n\t\t\t\t\t<div id=\"pls-button-35484\" class=\"pls-element pls-button\">\n\t<a class=\"button btn-style-flat\" href=\"https:\/\/demo.cocos.codes\/cc_wordpress_portfolio\/\" title=\"DEMO\" target=\"_blank\" rel=\"noopener\">\n\t\tDEMO\t<\/a>\n<\/div>\n\t\t\t\t<\/div>\n\t\t\t\t<\/div>\n\t\t\t\t\t<\/div>\n\t\t\t\t<\/div>\n\t\t<div class=\"elementor-element elementor-element-26e294e e-flex e-con-boxed e-con e-parent\" data-id=\"26e294e\" data-element_type=\"container\" data-e-type=\"container\">\n\t\t\t\t\t<div class=\"e-con-inner\">\n\t\t\t\t<div class=\"elementor-element elementor-element-3623c0c elementor-widget elementor-widget-spacer\" data-id=\"3623c0c\" data-element_type=\"widget\" data-e-type=\"widget\" data-widget_type=\"spacer.default\">\n\t\t\t\t\t\t\t<div class=\"elementor-spacer\">\n\t\t\t<div class=\"elementor-spacer-inner\"><\/div>\n\t\t<\/div>\n\t\t\t\t\t\t<\/div>\n\t\t\t\t<div class=\"elementor-element elementor-element-d6e74da elementor-widget elementor-widget-text-editor\" data-id=\"d6e74da\" data-element_type=\"widget\" data-e-type=\"widget\" data-widget_type=\"text-editor.default\">\n\t\t\t\t\t\t\t\t\t<h6>Une multitude de fonctions et de possibilit\u00e9s<\/h6><strong>\ud83d\uddbc\ufe0f Galeries de photos avanc\u00e9es<\/strong><br \/>\u2705 Lightbox - agrandissement efficace des photos dans la galerie<br \/>\u2705 Mises en page multiples - nombre de colonnes et param\u00e8tres configurables<br \/>\u2705 Vignettes automatiques - premi\u00e8re photo comme vignette du projet<br \/>\u2705 R\u00e9activit\u00e9 - affichage parfait sur tous les appareils<br \/>\u2705 Int\u00e9gration compl\u00e8te - fonctionne de mani\u00e8re transparente avec le th\u00e8me WordPress<br \/><br \/><strong>\ud83d\udccb Attributs flexibles du projet<\/strong><br \/>\u2705 Champs personnalis\u00e9s - d\u00e9finissez vos propres attributs pour les projets<br \/>Diff\u00e9rents types de donn\u00e9es - texte, nombres, zones de texte, listes de s\u00e9lection<br \/>\u2705 Trier et filtrer - organiser les projets par attributs<br \/>\u2705 Contr\u00f4le de la visibilit\u00e9 - d\u00e9cidez des attributs \u00e0 afficher sur le front-end<br \/>\u2705 Formats d'affichage - liste, tableau ou grille d'attributs<br \/><br \/><strong>\ud83c\udff7\ufe0f Organisation intelligente<\/strong><br \/>\u2705 Cat\u00e9gories et sous-cat\u00e9gories - organisation hi\u00e9rarchique des projets<br \/>\u2705 Syst\u00e8me de marquage - marquage suppl\u00e9mentaire des caract\u00e9ristiques du projet<br \/>\u2705 Noms courts - titres alternatifs pour les noms de projets longs<br \/>\u2705 Filtres sur la face avant - recherche facile de projets par cat\u00e9gorie<br \/>\u2705 Projets similaires - suggestions automatiques de projets apparent\u00e9s<br \/><br \/><strong>\u2699\ufe0f Configuration flexible<\/strong><br \/>\u2705 Mod\u00e8les d'affichage - mises en page pr\u00eates \u00e0 l'emploi pour les portfolios<br \/>\u2705 Permaliens personnalis\u00e9s - structure URL compatible avec les normes de r\u00e9f\u00e9rencement (SEO)<br \/>\u2705 Grilles r\u00e9actives - nombre de colonnes configurable pour diff\u00e9rents appareils<br \/>\u2705 Int\u00e9gration des m\u00e9dias sociaux - boutons de partage<br \/>\u2705 Custom CSS - possibilit\u00e9 d'ajouter des styles personnalis\u00e9s<br \/><br \/><strong>\ud83d\udd27 Caract\u00e9ristiques techniques<\/strong><br \/>Interface administrative intuitive - gestion facile des projets<br \/>\u2705 Syst\u00e8me de gestion des licences - activation et gestion ais\u00e9es<br \/>\u2705 Importation\/exportation - transfert de projets d'une page \u00e0 l'autre<br \/>\u2705 Fonctions pour les d\u00e9veloppeurs - un certain nombre de fonctions auxiliaires pour les mod\u00e8les<br \/>Compatibilit\u00e9 - fonctionne avec les derni\u00e8res versions de WordPress\t\t\t\t\t\t\t\t<\/div>\n\t\t\t\t<div class=\"elementor-element elementor-element-8c37500 elementor-widget elementor-widget-spacer\" data-id=\"8c37500\" data-element_type=\"widget\" data-e-type=\"widget\" data-widget_type=\"spacer.default\">\n\t\t\t\t\t\t\t<div class=\"elementor-spacer\">\n\t\t\t<div class=\"elementor-spacer-inner\"><\/div>\n\t\t<\/div>\n\t\t\t\t\t\t<\/div>\n\t\t\t\t<div class=\"elementor-element elementor-element-44d22b0 elementor-widget elementor-widget-text-editor\" data-id=\"44d22b0\" data-element_type=\"widget\" data-e-type=\"widget\" data-widget_type=\"text-editor.default\">\n\t\t\t\t\t\t\t\t\t<h6>Des possibilit\u00e9s d'application infinies<\/h6>Le plugin CC WordPress Portfolio est parfait pour :<br \/><strong>Pr\u00e9sentation de travaux cr\u00e9atifs<\/strong><br \/>\u2705 Portfolios photographiques et graphiques<br \/>\u2705 R\u00e9alisations architecturales et am\u00e9nagements int\u00e9rieurs<br \/>\u2705 Conception de sites web et d'applications<br \/>\u2705 Travaux d'art et d'artisanat<br \/><br \/><strong>Applications commerciales<\/strong><br \/>\u2705 \u00c9tudes de cas et exemples de r\u00e9ussite<br \/>\u2705 Projets et r\u00e9f\u00e9rences des clients<br \/>\u2705 Pr\u00e9sentation des produits et services<br \/>\u2705 Recherche et projets scientifiques\t\t\t\t\t\t\t\t<\/div>\n\t\t\t\t<div class=\"elementor-element elementor-element-6f2f2d9 elementor-widget elementor-widget-spacer\" data-id=\"6f2f2d9\" data-element_type=\"widget\" data-e-type=\"widget\" data-widget_type=\"spacer.default\">\n\t\t\t\t\t\t\t<div class=\"elementor-spacer\">\n\t\t\t<div class=\"elementor-spacer-inner\"><\/div>\n\t\t<\/div>\n\t\t\t\t\t\t<\/div>\n\t\t\t\t<div class=\"elementor-element elementor-element-8f30cac elementor-widget elementor-widget-text-editor\" data-id=\"8f30cac\" data-element_type=\"widget\" data-e-type=\"widget\" data-widget_type=\"text-editor.default\">\n\t\t\t\t\t\t\t\t\t<h6>\ud83d\udcc8 Am\u00e9liorez votre image professionnelle !<\/h6><strong>Portefeuille professionnel<\/strong> met efficacement en valeur vos comp\u00e9tences et votre exp\u00e9rience. Remerciements <strong>attributs d\u00e9taill\u00e9s<\/strong>, <strong>des galeries impressionnantes<\/strong> i <strong>design moderne<\/strong>vous augmenterez <strong>l'int\u00e9r\u00eat des clients<\/strong> et vous am\u00e9liorerez <strong>taux de conversion<\/strong>. Parier sur un portefeuille qui <strong>vend vos comp\u00e9tences<\/strong>!\t\t\t\t\t\t\t\t<\/div>\n\t\t\t\t<div class=\"elementor-element elementor-element-7edb483 elementor-widget elementor-widget-spacer\" data-id=\"7edb483\" data-element_type=\"widget\" data-e-type=\"widget\" data-widget_type=\"spacer.default\">\n\t\t\t\t\t\t\t<div class=\"elementor-spacer\">\n\t\t\t<div class=\"elementor-spacer-inner\"><\/div>\n\t\t<\/div>\n\t\t\t\t\t\t<\/div>\n\t\t\t\t<div class=\"elementor-element elementor-element-956e169 elementor-widget elementor-widget-text-editor\" data-id=\"956e169\" data-element_type=\"widget\" data-e-type=\"widget\" data-widget_type=\"text-editor.default\">\n\t\t\t\t\t\t\t\t\t<h6><strong style=\"font-size: 16px;\">Pour qui ?<\/strong><\/h6>Le plug-in est id\u00e9al pour tout le monde :<br \/>\u2714 Photographes, graphistes et artistes ayant besoin d'un portfolio professionnel<br \/>\u2714 Des entreprises et des agences de design pr\u00e9sentent leurs projets<br \/>\u2714 Architectes et d\u00e9corateurs d'int\u00e9rieur pr\u00e9sentant des projets r\u00e9alis\u00e9s<br \/>\u2714 Les d\u00e9veloppeurs de sites web et d'applications d\u00e9montrent leurs comp\u00e9tences<br \/>\u2714 Les ind\u00e9pendants se construisent une image professionnelle en ligne<br \/>\u2714 Les entreprises qui souhaitent pr\u00e9senter des \u00e9tudes de cas et des exemples de r\u00e9ussite\t\t\t\t\t\t\t\t<\/div>\n\t\t\t\t<div class=\"elementor-element elementor-element-e4497c2 elementor-widget elementor-widget-spacer\" data-id=\"e4497c2\" data-element_type=\"widget\" data-e-type=\"widget\" data-widget_type=\"spacer.default\">\n\t\t\t\t\t\t\t<div class=\"elementor-spacer\">\n\t\t\t<div class=\"elementor-spacer-inner\"><\/div>\n\t\t<\/div>\n\t\t\t\t\t\t<\/div>\n\t\t\t\t<div class=\"elementor-element elementor-element-390b181 elementor-widget elementor-widget-text-editor\" data-id=\"390b181\" data-element_type=\"widget\" data-e-type=\"widget\" data-widget_type=\"text-editor.default\">\n\t\t\t\t\t\t\t\t\t<p><div class=\"pls-block pls-block-3297\">\t\t<div data-elementor-type=\"wp-post\" data-elementor-id=\"3297\" class=\"elementor elementor-3297\">\n\t\t\t\t<div class=\"elementor-element elementor-element-d99440d e-flex e-con-boxed e-con e-parent\" data-id=\"d99440d\" data-element_type=\"container\" data-e-type=\"container\" data-settings=\"{&quot;background_background&quot;:&quot;classic&quot;}\">\n\t\t\t\t\t<div class=\"e-con-inner\">\n\t\t\t\t<div class=\"elementor-element elementor-element-b850409 elementor-widget elementor-widget-text-editor\" data-id=\"b850409\" data-element_type=\"widget\" data-e-type=\"widget\" data-widget_type=\"text-editor.default\">\n\t\t\t\t\t\t\t\t\t<h6><strong>\u00a0Am\u00e9liorez les capacit\u00e9s de votre atelier d\u00e8s aujourd'hui ! <\/strong><strong>\ud83d\ude80<\/strong><\/h6>Ajoutez de nouvelles fonctionnalit\u00e9s, am\u00e9liorez l'exp\u00e9rience utilisateur et augmentez les conversions gr\u00e2ce \u00e0 notre module. Installation facile, compatibilit\u00e9 totale et mises \u00e0 jour r\u00e9guli\u00e8res - tout ce dont vous avez besoin pour que votre boutique fonctionne encore mieux.<br \/>\u2705 Installation facile \u2705 Support professionnel \u2705 Int\u00e9gration transparente<br \/><br \/><a class=\"button simple\" href=\"#main-content\" title=\"Installez et utilisez d\u00e8s maintenant !\">Installez-la et commencez \u00e0 l'utiliser d\u00e8s maintenant !<\/a>\t\t\t\t\t\t\t\t<\/div>\n\t\t\t\t\t<\/div>\n\t\t\t\t<\/div>\n\t\t\t\t<\/div>\n\t\t<\/div><\/p>\t\t\t\t\t\t\t\t<\/div>\n\t\t\t\t\t<\/div>\n\t\t\t\t<\/div>\n\t\t\t\t<\/div>","protected":false},"excerpt":{"rendered":"Modu\u0142 Word Press Portfolio Word Press Portfolio to zaawansowana wtyczka, kt\u00f3ra pozwala w prosty spos\u00f3b stworzy\u0107 efektowne portfolio na stronie Word Press \u2013 bez potrzeby znajomo\u015bci kodu. Oferuje elastyczne uk\u0142ady,","protected":false},"featured_media":3993,"comment_status":"open","ping_status":"closed","template":"","meta":{"powered_cache_disable_cache":false,"powered_cache_disable_css_optimization":false,"powered_cache_disable_js_optimization":false},"product_brand":[275],"product_cat":[128,132],"product_tag":[238,237,239,198],"class_list":{"0":"post-3873","1":"product","2":"type-product","3":"status-publish","4":"has-post-thumbnail","6":"product_brand-cocos","7":"product_cat-moduly","8":"product_cat-wordpress","9":"product_tag-galeria","10":"product_tag-portfolio","11":"product_tag-projekty","12":"product_tag-wordpress","14":"first","15":"instock","16":"downloadable","17":"virtual","18":"taxable","19":"purchasable","20":"product-type-simple"},"_links":{"self":[{"href":"https:\/\/iarina029.supserv.cozmoslabs.com\/fr\/wp-json\/wp\/v2\/product\/3873","targetHints":{"allow":["GET"]}}],"collection":[{"href":"https:\/\/iarina029.supserv.cozmoslabs.com\/fr\/wp-json\/wp\/v2\/product"}],"about":[{"href":"https:\/\/iarina029.supserv.cozmoslabs.com\/fr\/wp-json\/wp\/v2\/types\/product"}],"replies":[{"embeddable":true,"href":"https:\/\/iarina029.supserv.cozmoslabs.com\/fr\/wp-json\/wp\/v2\/comments?post=3873"}],"version-history":[{"count":0,"href":"https:\/\/iarina029.supserv.cozmoslabs.com\/fr\/wp-json\/wp\/v2\/product\/3873\/revisions"}],"wp:featuredmedia":[{"embeddable":true,"href":"https:\/\/iarina029.supserv.cozmoslabs.com\/fr\/wp-json\/wp\/v2\/media\/3993"}],"wp:attachment":[{"href":"https:\/\/iarina029.supserv.cozmoslabs.com\/fr\/wp-json\/wp\/v2\/media?parent=3873"}],"wp:term":[{"taxonomy":"product_brand","embeddable":true,"href":"https:\/\/iarina029.supserv.cozmoslabs.com\/fr\/wp-json\/wp\/v2\/product_brand?post=3873"},{"taxonomy":"product_cat","embeddable":true,"href":"https:\/\/iarina029.supserv.cozmoslabs.com\/fr\/wp-json\/wp\/v2\/product_cat?post=3873"},{"taxonomy":"product_tag","embeddable":true,"href":"https:\/\/iarina029.supserv.cozmoslabs.com\/fr\/wp-json\/wp\/v2\/product_tag?post=3873"}],"curies":[{"name":"wp","href":"https:\/\/api.w.org\/{rel}","templated":true}]}}