{"id":3869,"date":"2025-05-12T10:22:58","date_gmt":"2025-05-12T08:22:58","guid":{"rendered":"https:\/\/cocos.codes\/?post_type=product&#038;p=3869"},"modified":"2026-03-04T22:10:09","modified_gmt":"2026-03-04T21:10:09","slug":"prestashop-cookies-rodo-google-consent-mode","status":"publish","type":"product","link":"https:\/\/iarina029.supserv.cozmoslabs.com\/fr\/product\/prestashop-cookies-rodo-google-consent-mode\/","title":{"rendered":"PrestaShop Cookies EU (compatible avec Google Consent Mode 2.0)"},"content":{"rendered":"<div data-elementor-type=\"wp-post\" data-elementor-id=\"3869\" class=\"elementor elementor-3869\">\n\t\t\t\t<div class=\"elementor-element elementor-element-7cd90aa e-flex e-con-boxed e-con e-parent\" data-id=\"7cd90aa\" data-element_type=\"container\" data-e-type=\"container\">\n\t\t\t\t\t<div class=\"e-con-inner\">\n\t\t\t\t<div class=\"elementor-element elementor-element-f2f9043 elementor-widget elementor-widget-text-editor\" data-id=\"f2f9043\" data-element_type=\"widget\" data-e-type=\"widget\" data-widget_type=\"text-editor.default\">\n\t\t\t\t\t\t\t\t\t<h6><strong>Cookies PrestaShop - conformit\u00e9 totale avec RODO et ePrivacy<br \/><\/strong><\/h6><strong>Cookies PrestaShop<\/strong> est un module essentiel pour les magasins soucieux de leur conformit\u00e9. <strong>CC PrestaShop EU Cookies<\/strong> permet une gestion professionnelle du consentement aux cookies conform\u00e9ment \u00e0 <a href=\"https:\/\/uodo.gov.pl\/pl\/131\/224\" title=\"RODO\" target=\"_blank\" rel=\"noopener\">RODO<\/a>, <a href=\"https:\/\/digital-strategy.ec.europa.eu\/pl\/policies\/eprivacy-regulation\" title=\"Protection de la vie priv\u00e9e\" target=\"_blank\" rel=\"noopener\">Vie priv\u00e9e et communications \u00e9lectroniques<\/a> et <a href=\"https:\/\/support.google.com\/google-ads\/answer\/10000067?hl=en\" title=\"Google Consent Mode 2.0.\" target=\"_blank\" rel=\"noopener\">Google Consent Mode 2.0.<\/a> Garantissez la transparence, renforcez la confiance de vos clients et \u00e9vitez les sanctions financi\u00e8res. Esth\u00e9tiques et personnalisables, les banni\u00e8res de consentement s'int\u00e8grent parfaitement \u00e0 votre boutique et renforcent la cr\u00e9dibilit\u00e9 de votre entreprise.\t\t\t\t\t\t\t\t<\/div>\n\t\t\t\t<div class=\"elementor-element elementor-element-5eeddb5 elementor-widget elementor-widget-spacer\" data-id=\"5eeddb5\" data-element_type=\"widget\" data-e-type=\"widget\" data-widget_type=\"spacer.default\">\n\t\t\t\t\t\t\t<div class=\"elementor-spacer\">\n\t\t\t<div class=\"elementor-spacer-inner\"><\/div>\n\t\t<\/div>\n\t\t\t\t\t\t<\/div>\n\t\t\t\t\t<\/div>\n\t\t\t\t<\/div>\n\t\t<div class=\"elementor-element elementor-element-7111019 e-grid e-con-boxed e-con e-parent\" data-id=\"7111019\" data-element_type=\"container\" data-e-type=\"container\">\n\t\t\t\t\t<div class=\"e-con-inner\">\n\t\t\t\t<div class=\"elementor-element elementor-element-1a1e4af elementor-widget elementor-widget-pls-button\" data-id=\"1a1e4af\" data-element_type=\"widget\" data-e-type=\"widget\" data-widget_type=\"pls-button.default\">\n\t\t\t\t<div class=\"elementor-widget-container\">\n\t\t\t\t\t<div id=\"pls-button-83063\" class=\"pls-element pls-button\">\n\t<a class=\"button btn-style-flat\" href=\"https:\/\/iarina029.supserv.cozmoslabs.com\/fr\/base-de-connaissances\/prestashop\/documentation-prestashop\/prestashop-eu-cookies-compatible-avec-google-consent-mode-2-0\/\" title=\"DOCUMENTATION\" target=\"_blank\">\n\t\tDOCUMENTATION\t<\/a>\n<\/div>\n\t\t\t\t<\/div>\n\t\t\t\t<\/div>\n\t\t\t\t<div class=\"elementor-element elementor-element-e0ee223 elementor-widget elementor-widget-pls-button\" data-id=\"e0ee223\" data-element_type=\"widget\" data-e-type=\"widget\" data-widget_type=\"pls-button.default\">\n\t\t\t\t<div class=\"elementor-widget-container\">\n\t\t\t\t\t<div id=\"pls-button-12197\" class=\"pls-element pls-button\">\n\t<a class=\"button btn-style-flat\" href=\"https:\/\/demo.cocos.codes\/cc_ps_cookies\/\" title=\"DEMO\" target=\"_blank\" rel=\"noopener\">\n\t\tDEMO\t<\/a>\n<\/div>\n\t\t\t\t<\/div>\n\t\t\t\t<\/div>\n\t\t\t\t\t<\/div>\n\t\t\t\t<\/div>\n\t\t<div class=\"elementor-element elementor-element-df32d8d e-flex e-con-boxed e-con e-parent\" data-id=\"df32d8d\" data-element_type=\"container\" data-e-type=\"container\">\n\t\t\t\t\t<div class=\"e-con-inner\">\n\t\t\t\t<div class=\"elementor-element elementor-element-23455a1 elementor-widget elementor-widget-spacer\" data-id=\"23455a1\" data-element_type=\"widget\" data-e-type=\"widget\" data-widget_type=\"spacer.default\">\n\t\t\t\t\t\t\t<div class=\"elementor-spacer\">\n\t\t\t<div class=\"elementor-spacer-inner\"><\/div>\n\t\t<\/div>\n\t\t\t\t\t\t<\/div>\n\t\t\t\t<div class=\"elementor-element elementor-element-0c4a7d6 elementor-widget elementor-widget-text-editor\" data-id=\"0c4a7d6\" data-element_type=\"widget\" data-e-type=\"widget\" data-widget_type=\"text-editor.default\">\n\t\t\t\t\t\t\t\t\t<h6>Options de configuration compl\u00e8tes<\/h6>\ud83d\udee1\ufe0f <strong>Conformit\u00e9 r\u00e9glementaire totale<\/strong> <br \/>\u2705 Conformit\u00e9 RODO et ePrivacy - respecter la r\u00e9glementation europ\u00e9enne en mati\u00e8re de protection de la vie priv\u00e9e <br \/>\u2705 Int\u00e9gration avec Google Consent Mode 2.0 - transmission des pr\u00e9f\u00e9rences de l'utilisateur \u00e0 Google Analytics et Google Ads <br \/>\u2705 Blocage des cookies - blocage automatique des cookies sans le consentement de l'utilisateur <br \/>\u2705 Multilinguisme - prise en charge compl\u00e8te de toutes les langues de la boutique<br \/><br \/>\ud83d\udcca <strong>Gestion avanc\u00e9e des cookies<\/strong> <br \/>\u2705 D\u00e9tection automatique - d\u00e9tection des cookies utilis\u00e9s dans la boutique <br \/>\u2705 Regroupement des cookies - organisation des cookies en cat\u00e9gories (essentiels, fonctionnels, analytiques, marketing).<br \/>Regroupement automatique des types de cookies communs<br \/>\u2705 \u00c9dition et blocage - contr\u00f4le total de chaque cookie <br \/>\u2705 Suivi des consentements - enregistrement des pr\u00e9f\u00e9rences de l'utilisateur <br \/><br \/>\ud83c\udfa8 <strong>Personnalisation de l'apparence<\/strong> <br \/>\u2705 Diff\u00e9rents styles de banni\u00e8res - au choix : barre, fen\u00eatre, nuage <br \/>\u2705 Positions configurables - r\u00e9glages horizontaux et verticaux pour un ajustement parfait <br \/>\u2705 Personnalisation des couleurs - contr\u00f4le total des couleurs des banni\u00e8res et des boutons <br \/>\u2705 Mini-banni\u00e8re - bouton \u00e9l\u00e9gant pour rouvrir les param\u00e8tres<br \/>\u2705 \u00c9diteur visuel<br \/><br \/>\u2699\ufe0f <strong>Options de configuration flexibles<\/strong> <br \/>\u2705 Param\u00e8tres par d\u00e9faut - configuration des valeurs par d\u00e9faut pour les banni\u00e8res <br \/>\u2705 API pour les mod\u00e8les - v\u00e9rification des consentements des utilisateurs dans les mod\u00e8les Smarty <br \/>\u2705 Accrocher le bouton de pr\u00e9f\u00e9rence - placer le bouton de gestion des consentements n'importe o\u00f9 <br \/>CSS personnalis\u00e9 - contr\u00f4le total de l'apparence de la banni\u00e8re <br \/><br \/>\ud83d\udd27 <strong>Caract\u00e9ristiques techniques<\/strong> <br \/>\u2705 Syst\u00e8me de gestion des licences - activation et gestion pratique des licences <br \/>\u2705 Prise en charge de la r\u00e9vision des autorisations - forcer le r\u00e9affichage de la banni\u00e8re apr\u00e8s les changements<br \/>\u2705 D\u00e9tection des robots - possibilit\u00e9 de cacher la banni\u00e8re aux robots <br \/>\u2705 Contr\u00f4le d'int\u00e9grit\u00e9 - protection contre les modifications non autoris\u00e9es\t\t\t\t\t\t\t\t<\/div>\n\t\t\t\t<div class=\"elementor-element elementor-element-b1a633a elementor-widget elementor-widget-spacer\" data-id=\"b1a633a\" data-element_type=\"widget\" data-e-type=\"widget\" data-widget_type=\"spacer.default\">\n\t\t\t\t\t\t\t<div class=\"elementor-spacer\">\n\t\t\t<div class=\"elementor-spacer-inner\"><\/div>\n\t\t<\/div>\n\t\t\t\t\t\t<\/div>\n\t\t\t\t<div class=\"elementor-element elementor-element-ff54c30 elementor-widget elementor-widget-text-editor\" data-id=\"ff54c30\" data-element_type=\"widget\" data-e-type=\"widget\" data-widget_type=\"text-editor.default\">\n\t\t\t\t\t\t\t\t\t<h6>Fonctions du mode consentement de Google<\/h6>Le module offre une int\u00e9gration compl\u00e8te avec Google Consent Mode 2.0, ce qui permet :<br \/><strong>Param\u00e8tres de consentement avanc\u00e9s<\/strong> <br \/>\u2705 Cartographie des groupes de cookies - affectation des cat\u00e9gories du mode consentement de Google aux groupes de cookies <br \/>URL Passthrough - transfert des param\u00e8tres de la campagne malgr\u00e9 l'absence de consentement <br \/>\u2705 R\u00e9daction des donn\u00e9es publicitaires - suppression des informations relatives aux conversions en l'absence de consentement. <br \/>\u2705 Configuration des d\u00e9lais - r\u00e9glage du temps d'attente en fonction des pr\u00e9f\u00e9rences de l'utilisateur <br \/><br \/><strong>Traitement des types de consentement<\/strong> <br \/>\u2705 ad_storage - consentement au stockage des donn\u00e9es publicitaires <br \/>\u2705 ad_user_data - consentement \u00e0 l'utilisation des donn\u00e9es de l'utilisateur \u00e0 des fins publicitaires <br \/>\u2705 ad_personalization - consentement \u00e0 la personnalisation des publicit\u00e9s <br \/>\u2705 analytics_storage - consentement au stockage des donn\u00e9es analytiques <br \/>\u2705 functionality_storage - consentement au stockage des donn\u00e9es fonctionnelles <br \/>\u2705 personalization_storage - consentement au stockage des donn\u00e9es de personnalisation<br \/>\u2705 security_storage - consentement au stockage des donn\u00e9es de s\u00e9curit\u00e9\t\t\t\t\t\t\t\t<\/div>\n\t\t\t\t<div class=\"elementor-element elementor-element-0352820 elementor-widget elementor-widget-spacer\" data-id=\"0352820\" data-element_type=\"widget\" data-e-type=\"widget\" data-widget_type=\"spacer.default\">\n\t\t\t\t\t\t\t<div class=\"elementor-spacer\">\n\t\t\t<div class=\"elementor-spacer-inner\"><\/div>\n\t\t<\/div>\n\t\t\t\t\t\t<\/div>\n\t\t\t\t<div class=\"elementor-element elementor-element-9959b1d elementor-widget elementor-widget-text-editor\" data-id=\"9959b1d\" data-element_type=\"widget\" data-e-type=\"widget\" data-widget_type=\"text-editor.default\">\n\t\t\t\t\t\t\t\t\t<h6>\ud83d\udcc8 Assurez la s\u00e9curit\u00e9 des donn\u00e9es de vos clients et \u00e9vitez les sanctions pour non-conformit\u00e9 avec RODO !<\/h6><strong>Non-conformit\u00e9 avec les r\u00e8glements RODO et ePrivacy<\/strong> peut entra\u00eener <strong>sanctions financi\u00e8res<\/strong> atteindre <strong>millions d'euros<\/strong>. Remerciements <strong>CC PrestaShop EU Cookies<\/strong> vous pouvez en <strong>simple<\/strong> de la fa\u00e7on d'adapter l'atelier \u00e0 <strong>exigences l\u00e9gales<\/strong>Les donn\u00e9es doivent \u00eatre utilis\u00e9es de mani\u00e8re transparente et construire un syst\u00e8me de gestion de l'information. <strong>la confiance des clients<\/strong>. G\u00e9rer tout depuis le panneau d'administration de PrestaShop, de l'\u00e9cran d'accueil \u00e0 l'\u00e9cran d'affichage. <strong>intuitif<\/strong> et l'interface <strong>\u00e9tendu<\/strong> les options de configuration.\t\t\t\t\t\t\t\t<\/div>\n\t\t\t\t<div class=\"elementor-element elementor-element-0e1fe27 elementor-widget elementor-widget-spacer\" data-id=\"0e1fe27\" data-element_type=\"widget\" data-e-type=\"widget\" data-widget_type=\"spacer.default\">\n\t\t\t\t\t\t\t<div class=\"elementor-spacer\">\n\t\t\t<div class=\"elementor-spacer-inner\"><\/div>\n\t\t<\/div>\n\t\t\t\t\t\t<\/div>\n\t\t\t\t<div class=\"elementor-element elementor-element-cb53677 elementor-widget elementor-widget-text-editor\" data-id=\"cb53677\" data-element_type=\"widget\" data-e-type=\"widget\" data-widget_type=\"text-editor.default\">\n\t\t\t\t\t\t\t\t\t<strong>Pour qui ?<\/strong> <br \/>Le plugin est id\u00e9al pour tout le monde : <br \/>\u2714 Les boutiques PrestaShop qui doivent se conformer aux r\u00e9glementations RODO et ePrivacy. <br \/>\u2714 Le commerce \u00e9lectronique \u00e0 l'aide de Google Analytics et Google Ads <br \/>\u2714 Les entreprises soucieuses de la protection de la vie priv\u00e9e de leurs clients et de la transparence de l'utilisation des donn\u00e9es <br \/>\u2714 Les magasins qui souhaitent renforcer la confiance de leurs clients gr\u00e2ce \u00e0 des banni\u00e8res de consentement professionnelles <br \/>\u2714 Administrateurs \u00e0 la recherche d'une solution flexible et facilement configurable <br \/>\u2714 D\u00e9veloppeurs ayant besoin d'une API avanc\u00e9e pour int\u00e9grer des mod\u00e8les personnalis\u00e9s\t\t\t\t\t\t\t\t<\/div>\n\t\t\t\t<div class=\"elementor-element elementor-element-1d24aa4 elementor-widget elementor-widget-spacer\" data-id=\"1d24aa4\" data-element_type=\"widget\" data-e-type=\"widget\" data-widget_type=\"spacer.default\">\n\t\t\t\t\t\t\t<div class=\"elementor-spacer\">\n\t\t\t<div class=\"elementor-spacer-inner\"><\/div>\n\t\t<\/div>\n\t\t\t\t\t\t<\/div>\n\t\t\t\t<div class=\"elementor-element elementor-element-db90fe6 elementor-widget elementor-widget-text-editor\" data-id=\"db90fe6\" data-element_type=\"widget\" data-e-type=\"widget\" data-widget_type=\"text-editor.default\">\n\t\t\t\t\t\t\t\t\t<p><div class=\"pls-block pls-block-3297\">\t\t<div data-elementor-type=\"wp-post\" data-elementor-id=\"3297\" class=\"elementor elementor-3297\">\n\t\t\t\t<div class=\"elementor-element elementor-element-d99440d e-flex e-con-boxed e-con e-parent\" data-id=\"d99440d\" data-element_type=\"container\" data-e-type=\"container\" data-settings=\"{&quot;background_background&quot;:&quot;classic&quot;}\">\n\t\t\t\t\t<div class=\"e-con-inner\">\n\t\t\t\t<div class=\"elementor-element elementor-element-b850409 elementor-widget elementor-widget-text-editor\" data-id=\"b850409\" data-element_type=\"widget\" data-e-type=\"widget\" data-widget_type=\"text-editor.default\">\n\t\t\t\t\t\t\t\t\t<h6><strong>\u00a0Am\u00e9liorez les capacit\u00e9s de votre atelier d\u00e8s aujourd'hui ! <\/strong><strong>\ud83d\ude80<\/strong><\/h6>Ajoutez de nouvelles fonctionnalit\u00e9s, am\u00e9liorez l'exp\u00e9rience utilisateur et augmentez les conversions gr\u00e2ce \u00e0 notre module. Installation facile, compatibilit\u00e9 totale et mises \u00e0 jour r\u00e9guli\u00e8res - tout ce dont vous avez besoin pour que votre boutique fonctionne encore mieux.<br \/>\u2705 Installation facile \u2705 Support professionnel \u2705 Int\u00e9gration transparente<br \/><br \/><a class=\"button simple\" href=\"#main-content\" title=\"Installez et utilisez d\u00e8s maintenant !\">Installez-la et commencez \u00e0 l'utiliser d\u00e8s maintenant !<\/a>\t\t\t\t\t\t\t\t<\/div>\n\t\t\t\t\t<\/div>\n\t\t\t\t<\/div>\n\t\t\t\t<\/div>\n\t\t<\/div><\/p>\t\t\t\t\t\t\t\t<\/div>\n\t\t\t\t\t<\/div>\n\t\t\t\t<\/div>\n\t\t\t\t<\/div>","protected":false},"excerpt":{"rendered":"Presta Shop cookies \u2013 pe\u0142na zgodno\u015b\u0107 z RODO i e Privacy Presta Shop cookies to niezb\u0119dny modu\u0142 dla sklep\u00f3w dbaj\u0105cych o zgodno\u015b\u0107 z przepisami. CC Presta Shop EU Cookies umo\u017cliwia","protected":false},"featured_media":3922,"comment_status":"open","ping_status":"closed","template":"","meta":{"powered_cache_disable_cache":false,"powered_cache_disable_css_optimization":false,"powered_cache_disable_js_optimization":false},"product_brand":[275],"product_cat":[128,131],"product_tag":[245,248,246,244,247],"class_list":{"0":"post-3869","1":"product","2":"type-product","3":"status-publish","4":"has-post-thumbnail","6":"product_brand-cocos","7":"product_cat-moduly","8":"product_cat-prestashop","9":"product_tag-cookie","10":"product_tag-eprivacy","11":"product_tag-google-consent-mode","12":"product_tag-prestashop","13":"product_tag-rodo","15":"first","16":"instock","17":"featured","18":"downloadable","19":"virtual","20":"taxable","21":"purchasable","22":"product-type-simple"},"_links":{"self":[{"href":"https:\/\/iarina029.supserv.cozmoslabs.com\/fr\/wp-json\/wp\/v2\/product\/3869","targetHints":{"allow":["GET"]}}],"collection":[{"href":"https:\/\/iarina029.supserv.cozmoslabs.com\/fr\/wp-json\/wp\/v2\/product"}],"about":[{"href":"https:\/\/iarina029.supserv.cozmoslabs.com\/fr\/wp-json\/wp\/v2\/types\/product"}],"replies":[{"embeddable":true,"href":"https:\/\/iarina029.supserv.cozmoslabs.com\/fr\/wp-json\/wp\/v2\/comments?post=3869"}],"version-history":[{"count":0,"href":"https:\/\/iarina029.supserv.cozmoslabs.com\/fr\/wp-json\/wp\/v2\/product\/3869\/revisions"}],"wp:featuredmedia":[{"embeddable":true,"href":"https:\/\/iarina029.supserv.cozmoslabs.com\/fr\/wp-json\/wp\/v2\/media\/3922"}],"wp:attachment":[{"href":"https:\/\/iarina029.supserv.cozmoslabs.com\/fr\/wp-json\/wp\/v2\/media?parent=3869"}],"wp:term":[{"taxonomy":"product_brand","embeddable":true,"href":"https:\/\/iarina029.supserv.cozmoslabs.com\/fr\/wp-json\/wp\/v2\/product_brand?post=3869"},{"taxonomy":"product_cat","embeddable":true,"href":"https:\/\/iarina029.supserv.cozmoslabs.com\/fr\/wp-json\/wp\/v2\/product_cat?post=3869"},{"taxonomy":"product_tag","embeddable":true,"href":"https:\/\/iarina029.supserv.cozmoslabs.com\/fr\/wp-json\/wp\/v2\/product_tag?post=3869"}],"curies":[{"name":"wp","href":"https:\/\/api.w.org\/{rel}","templated":true}]}}