{"id":3682,"date":"2025-04-17T20:04:45","date_gmt":"2025-04-17T18:04:45","guid":{"rendered":"https:\/\/cocos.codes\/?post_type=product&#038;p=3682"},"modified":"2026-03-03T19:28:53","modified_gmt":"2026-03-03T18:28:53","slug":"wordpress-google-merchant-centre","status":"publish","type":"product","link":"https:\/\/iarina029.supserv.cozmoslabs.com\/fr\/product\/wordpress-google-merchant-centre\/","title":{"rendered":"WordPress Google Merchant Center 1.0.3"},"content":{"rendered":"<div data-elementor-type=\"wp-post\" data-elementor-id=\"3682\" class=\"elementor elementor-3682\">\n\t\t\t\t<div class=\"elementor-element elementor-element-e799f38 e-flex e-con-boxed e-con e-parent\" data-id=\"e799f38\" data-element_type=\"container\" data-e-type=\"container\">\n\t\t\t\t\t<div class=\"e-con-inner\">\n\t\t\t\t<div class=\"elementor-element elementor-element-959c3f7 elementor-widget elementor-widget-text-editor\" data-id=\"959c3f7\" data-element_type=\"widget\" data-e-type=\"widget\" data-widget_type=\"text-editor.default\">\n\t\t\t\t\t\t\t\t\t<h6>WordPress Google Merchant Center<\/h6><strong>WordPress Google Merchant Center<\/strong> est un outil indispensable pour les boutiques WooCommerce qui souhaitent promouvoir efficacement leurs produits dans la rubrique <a href=\"https:\/\/merchants.google.com\/\" title=\"Google Shopping\" target=\"_blank\" rel=\"noopener\">Google Shopping<\/a>. Plug-in <strong>CC Google Merchant Center<\/strong> automatise la synchronisation du catalogue avec Google, vous permet de pr\u00e9senter votre offre dans le moteur de recherche et d'atteindre des millions de clients. Il offre la g\u00e9n\u00e9ration automatique de fichiers XML, la cartographie des cat\u00e9gories et la gestion des campagnes de produits, garantissant ainsi une efficacit\u00e9 maximale de vos activit\u00e9s Google Shopping.\t\t\t\t\t\t\t\t<\/div>\n\t\t\t\t<div class=\"elementor-element elementor-element-98b7f49 elementor-widget elementor-widget-spacer\" data-id=\"98b7f49\" data-element_type=\"widget\" data-e-type=\"widget\" data-widget_type=\"spacer.default\">\n\t\t\t\t\t\t\t<div class=\"elementor-spacer\">\n\t\t\t<div class=\"elementor-spacer-inner\"><\/div>\n\t\t<\/div>\n\t\t\t\t\t\t<\/div>\n\t\t\t\t\t<\/div>\n\t\t\t\t<\/div>\n\t\t<div class=\"elementor-element elementor-element-97ae8e8 e-grid e-con-boxed e-con e-parent\" data-id=\"97ae8e8\" data-element_type=\"container\" data-e-type=\"container\">\n\t\t\t\t\t<div class=\"e-con-inner\">\n\t\t\t\t<div class=\"elementor-element elementor-element-fbd6b65 elementor-widget elementor-widget-pls-button\" data-id=\"fbd6b65\" data-element_type=\"widget\" data-e-type=\"widget\" data-widget_type=\"pls-button.default\">\n\t\t\t\t<div class=\"elementor-widget-container\">\n\t\t\t\t\t<div id=\"pls-button-67025\" class=\"pls-element pls-button\">\n\t<a class=\"button btn-style-flat\" href=\"https:\/\/iarina029.supserv.cozmoslabs.com\/fr\/base-de-connaissances\/wordpress\/documentations\/google-merchant-centre\/\" title=\"DOCUMENTATION\" target=\"_blank\">\n\t\tDOCUMENTATION\t<\/a>\n<\/div>\n\t\t\t\t<\/div>\n\t\t\t\t<\/div>\n\t\t\t\t<div class=\"elementor-element elementor-element-5f71e4f elementor-widget elementor-widget-pls-button\" data-id=\"5f71e4f\" data-element_type=\"widget\" data-e-type=\"widget\" data-widget_type=\"pls-button.default\">\n\t\t\t\t<div class=\"elementor-widget-container\">\n\t\t\t\t\t<div id=\"pls-button-67684\" class=\"pls-element pls-button\">\n\t<a class=\"button btn-style-flat\" href=\"https:\/\/demo.cocos.codes\/cc_google_merchant_center\/\" title=\"DEMO\" target=\"_blank\" rel=\"noopener\">\n\t\tDEMO\t<\/a>\n<\/div>\n\t\t\t\t<\/div>\n\t\t\t\t<\/div>\n\t\t\t\t\t<\/div>\n\t\t\t\t<\/div>\n\t\t<div class=\"elementor-element elementor-element-33e2e77 e-flex e-con-boxed e-con e-parent\" data-id=\"33e2e77\" data-element_type=\"container\" data-e-type=\"container\">\n\t\t\t\t\t<div class=\"e-con-inner\">\n\t\t\t\t<div class=\"elementor-element elementor-element-8f9a4f9 elementor-widget elementor-widget-spacer\" data-id=\"8f9a4f9\" data-element_type=\"widget\" data-e-type=\"widget\" data-widget_type=\"spacer.default\">\n\t\t\t\t\t\t\t<div class=\"elementor-spacer\">\n\t\t\t<div class=\"elementor-spacer-inner\"><\/div>\n\t\t<\/div>\n\t\t\t\t\t\t<\/div>\n\t\t\t\t<div class=\"elementor-element elementor-element-b5b83e0 elementor-widget elementor-widget-text-editor\" data-id=\"b5b83e0\" data-element_type=\"widget\" data-e-type=\"widget\" data-widget_type=\"text-editor.default\">\n\t\t\t\t\t\t\t\t\t<h6>Options de configuration compl\u00e8tes<\/h6><p class=\"whitespace-pre-wrap break-words\"><strong>\ud83d\udecd\ufe0f Int\u00e9gration compl\u00e8te avec Google Merchant Center<br \/><\/strong> \u2705 Synchronisation automatique - mise \u00e0 jour r\u00e9guli\u00e8re du flux de produits sans intervention manuelle <br \/>\u2705 Cartographie des cat\u00e9gories - affectation intuitive des cat\u00e9gories WooCommerce \u00e0 la taxonomie officielle de Google <br \/>\u2705 Formats XML - g\u00e9n\u00e9ration de fichiers XML conformes aux derni\u00e8res exigences du Google Merchant Center <br \/>\u2705 Mode d\u00e9bogage - int\u00e9gration pratique des tests avec messages de diagnostic<\/p><p class=\"whitespace-pre-wrap break-words\"><strong>\ud83d\udcca Gestion avanc\u00e9e des produits<\/strong> <br \/>\u2705 Canaux multiples - cr\u00e9er diff\u00e9rents flux pour diff\u00e9rentes cat\u00e9gories de produits ou march\u00e9s cibles <br \/>\u2705 Cartographie personnalis\u00e9e des champs - contr\u00f4le pr\u00e9cis des donn\u00e9es envoy\u00e9es \u00e0 Google <br \/>\u2705 Identifiants de produits - prise en charge du GTIN, du MPN et de la marque exig\u00e9e par Google <br \/>\u2705 Attributs \u00e9tendus - enrichissement des produits par la couleur, la taille, le sexe et les dimensions<\/p><p class=\"whitespace-pre-wrap break-words\"><strong>\ud83d\udd04 Automatisation des processus<\/strong> <br \/>\u2705 Programmes de g\u00e9n\u00e9ration - rafra\u00eechissement automatique des flux \u00e0 des intervalles s\u00e9lectionn\u00e9s <br \/>Filtres intelligents - s\u00e9lection pr\u00e9cise des produits \u00e0 inclure dans le canal <br \/>\u2705 Exclusion de produits - possibilit\u00e9 d'omettre des produits ou des gammes de prix s\u00e9lectionn\u00e9s <br \/>\u2705 Gestion de la disponibilit\u00e9 - mise \u00e0 jour automatique de l'\u00e9tat de disponibilit\u00e9 des produits<\/p><p class=\"whitespace-pre-wrap break-words\"><strong>\u2699\ufe0f Options de configuration flexibles<\/strong> <br \/>\u2705 Cartographie des prix - choix entre les prix bruts et les prix nets pour diff\u00e9rents march\u00e9s <br \/>\u2705 Contr\u00f4le des m\u00e9dias - sp\u00e9cifier le nombre d'images de produits \u00e0 exporter vers Google <br \/>\u2705 Filtrage des prix - cr\u00e9er des canaux de produits dans des gammes de prix sp\u00e9cifiques <br \/>\u2705 Traitement des variantes - exportation de toutes les variantes de produits en tant qu'entr\u00e9es distinctes<\/p><p class=\"whitespace-pre-wrap break-words\"><strong>\ud83d\udd27 Caract\u00e9ristiques techniques<\/strong> <br \/>\u2705 Compatibilit\u00e9 HPOS - prise en charge compl\u00e8te de WooCommerce High-Performance Order Storage <br \/>\u2705 Syst\u00e8me de gestion des licences - activation et gestion pratiques de la licence dans le panneau d'administration <br \/>\u2705 Optimisation des performances - mise en file d'attente des \u00e9v\u00e9nements pour un impact minimal sur la vitesse des pages <br \/>\u2705 Compatibilit\u00e9 avec diff\u00e9rents th\u00e8mes - fonctionne ind\u00e9pendamment du th\u00e8me WooCommerce utilis\u00e9. <br \/>\u2705 Mises \u00e0 jour r\u00e9guli\u00e8res - adaptation continue aux derni\u00e8res exigences de Google Merchant Center.<\/p>\t\t\t\t\t\t\t\t<\/div>\n\t\t\t\t<div class=\"elementor-element elementor-element-85154fc elementor-widget elementor-widget-spacer\" data-id=\"85154fc\" data-element_type=\"widget\" data-e-type=\"widget\" data-widget_type=\"spacer.default\">\n\t\t\t\t\t\t\t<div class=\"elementor-spacer\">\n\t\t\t<div class=\"elementor-spacer-inner\"><\/div>\n\t\t<\/div>\n\t\t\t\t\t\t<\/div>\n\t\t\t\t<div class=\"elementor-element elementor-element-cef436c elementor-widget elementor-widget-text-editor\" data-id=\"cef436c\" data-element_type=\"widget\" data-e-type=\"widget\" data-widget_type=\"text-editor.default\">\n\t\t\t\t\t\t\t\t\t<h6>Attributs du produit dans un fichier XML<\/h6>Le plug-in g\u00e9n\u00e8re des fichiers XML avanc\u00e9s contenant tous les attributs n\u00e9cessaires et optionnels requis par Google :<br \/><p class=\"whitespace-pre-wrap break-words\"><strong>Attributs de base (obligatoire)<\/strong><br \/>\u2705 g:id - identifiant unique du produit<br \/>\u2705 g:title - nom du produit (jusqu'\u00e0 150 caract\u00e8res)<br \/>\u2705 g:description - description compl\u00e8te du produit (jusqu'\u00e0 5000 caract\u00e8res)<br \/>\u2705 g:link - URL de la page du produit<br \/>\u2705 g:image_link - URL de l'image principale du produit<br \/>\u2705 g:availability - statut de disponibilit\u00e9 (in_stock, out_of_stock, preorder)<br \/>\u2705 g:price - prix actuel du produit avec la devise<br \/>\u2705 g:google_product_category - cat\u00e9gorie officielle de Google<br \/><br \/><strong>Attributs d'identification<\/strong><br \/>\u2705 g:brand - marque ou fabricant du produit<br \/>\u2705 g:gtin - Num\u00e9ro d'unit\u00e9 du commerce mondial (EAN, UPC, ISBN)<br \/>\u2705 g:mpn - Num\u00e9ro de catalogue du fabricant (MPN)<br \/><br \/><strong>Attributs du prix<\/strong><br \/>\u2705 g:sale_price - prix promotionnel du produit<br \/>\u2705 g:sale_price_effective_date - date d'entr\u00e9e en vigueur de la promotion<br \/><br \/><strong>Attributs suppl\u00e9mentaires<\/strong><br \/>\u2705 g:additional_image_link - images suppl\u00e9mentaires du produit<br \/>\u2705 g:colour - couleur du produit<br \/>\u2705 g:size - taille du produit<br \/>\u2705 g:gender - genre cible (masculin, f\u00e9minin, unisexe)<br \/>\u2705 g:condition - \u00e9tat du produit (neuf, remis \u00e0 neuf, utilis\u00e9)<br \/>\u2705 g:product_type - cat\u00e9gorie de produit de la boutique (jusqu'\u00e0 750 caract\u00e8res)<br \/>\u2705 g:length - longueur du produit avec l'unit\u00e9<br \/>\u2705 g:width - largeur du produit avec l'unit\u00e9<br \/>\u2705 g:height - hauteur du produit avec l'unit\u00e9<br \/>\u2705 g:weight - poids du produit avec unit\u00e9<\/p>\t\t\t\t\t\t\t\t<\/div>\n\t\t\t\t<div class=\"elementor-element elementor-element-b775f8f elementor-widget elementor-widget-spacer\" data-id=\"b775f8f\" data-element_type=\"widget\" data-e-type=\"widget\" data-widget_type=\"spacer.default\">\n\t\t\t\t\t\t\t<div class=\"elementor-spacer\">\n\t\t\t<div class=\"elementor-spacer-inner\"><\/div>\n\t\t<\/div>\n\t\t\t\t\t\t<\/div>\n\t\t\t\t<div class=\"elementor-element elementor-element-5b93729 elementor-widget elementor-widget-text-editor\" data-id=\"5b93729\" data-element_type=\"widget\" data-e-type=\"widget\" data-widget_type=\"text-editor.default\">\n\t\t\t\t\t\t\t\t\t<h6><strong>\ud83d\udcc8 Augmentez la visibilit\u00e9 de vos produits sur Google de 200-300% !<\/strong><\/h6>Les \u00e9tudes montrent qu'un canal de distribution de produits configur\u00e9 de mani\u00e8re professionnelle est un facteur de succ\u00e8s pour les entreprises. <strong>la cl\u00e9 du succ\u00e8s dans Google Shopping<\/strong>. Gr\u00e2ce au CC Google Merchant Centre <strong>Vos produits seront visibles dans les r\u00e9sultats de recherche de Google<\/strong>et la configuration pr\u00e9cise des attributs vous permettra de <strong>augmenter l'efficacit\u00e9 des campagnes Google Shopping et le nombre de conversions<\/strong>.\t\t\t\t\t\t\t\t<\/div>\n\t\t\t\t<div class=\"elementor-element elementor-element-34851c5 elementor-widget elementor-widget-spacer\" data-id=\"34851c5\" data-element_type=\"widget\" data-e-type=\"widget\" data-widget_type=\"spacer.default\">\n\t\t\t\t\t\t\t<div class=\"elementor-spacer\">\n\t\t\t<div class=\"elementor-spacer-inner\"><\/div>\n\t\t<\/div>\n\t\t\t\t\t\t<\/div>\n\t\t\t\t<div class=\"elementor-element elementor-element-032243e elementor-widget elementor-widget-text-editor\" data-id=\"032243e\" data-element_type=\"widget\" data-e-type=\"widget\" data-widget_type=\"text-editor.default\">\n\t\t\t\t\t\t\t\t\t<p><strong>Pour qui ?<\/strong> <br \/>Le plugin est id\u00e9al pour tout le monde : <br \/>\u2714 Les boutiques WooCommerce qui souhaitent augmenter la port\u00e9e et la visibilit\u00e9 de leurs produits sur Google. <br \/>Les propri\u00e9taires de commerce \u00e9lectronique investissent dans des campagnes Google Shopping <br \/>\u2714 Les sp\u00e9cialistes du marketing \u00e0 la recherche de moyens efficaces pour atteindre de nouveaux clients <br \/>\u2714 Les commer\u00e7ants qui souhaitent synchroniser automatiquement les donn\u00e9es de leurs produits avec Google <br \/>\u2714 Les entreprises qui souhaitent augmenter leurs ventes gr\u00e2ce \u00e0 Google Shopping<\/p>\t\t\t\t\t\t\t\t<\/div>\n\t\t\t\t<div class=\"elementor-element elementor-element-815079d elementor-widget elementor-widget-spacer\" data-id=\"815079d\" data-element_type=\"widget\" data-e-type=\"widget\" data-widget_type=\"spacer.default\">\n\t\t\t\t\t\t\t<div class=\"elementor-spacer\">\n\t\t\t<div class=\"elementor-spacer-inner\"><\/div>\n\t\t<\/div>\n\t\t\t\t\t\t<\/div>\n\t\t\t\t<div class=\"elementor-element elementor-element-172bfff elementor-widget elementor-widget-text-editor\" data-id=\"172bfff\" data-element_type=\"widget\" data-e-type=\"widget\" data-widget_type=\"text-editor.default\">\n\t\t\t\t\t\t\t\t\t<p><div class=\"pls-block pls-block-3297\">\t\t<div data-elementor-type=\"wp-post\" data-elementor-id=\"3297\" class=\"elementor elementor-3297\">\n\t\t\t\t<div class=\"elementor-element elementor-element-d99440d e-flex e-con-boxed e-con e-parent\" data-id=\"d99440d\" data-element_type=\"container\" data-e-type=\"container\" data-settings=\"{&quot;background_background&quot;:&quot;classic&quot;}\">\n\t\t\t\t\t<div class=\"e-con-inner\">\n\t\t\t\t<div class=\"elementor-element elementor-element-b850409 elementor-widget elementor-widget-text-editor\" data-id=\"b850409\" data-element_type=\"widget\" data-e-type=\"widget\" data-widget_type=\"text-editor.default\">\n\t\t\t\t\t\t\t\t\t<h6><strong>\u00a0Am\u00e9liorez les capacit\u00e9s de votre atelier d\u00e8s aujourd'hui ! <\/strong><strong>\ud83d\ude80<\/strong><\/h6>Ajoutez de nouvelles fonctionnalit\u00e9s, am\u00e9liorez l'exp\u00e9rience utilisateur et augmentez les conversions gr\u00e2ce \u00e0 notre module. Installation facile, compatibilit\u00e9 totale et mises \u00e0 jour r\u00e9guli\u00e8res - tout ce dont vous avez besoin pour que votre boutique fonctionne encore mieux.<br \/>\u2705 Installation facile \u2705 Support professionnel \u2705 Int\u00e9gration transparente<br \/><br \/><a class=\"button simple\" href=\"#main-content\" title=\"Installez et utilisez d\u00e8s maintenant !\">Installez-la et commencez \u00e0 l'utiliser d\u00e8s maintenant !<\/a>\t\t\t\t\t\t\t\t<\/div>\n\t\t\t\t\t<\/div>\n\t\t\t\t<\/div>\n\t\t\t\t<\/div>\n\t\t<\/div><\/p>\t\t\t\t\t\t\t\t<\/div>\n\t\t\t\t\t<\/div>\n\t\t\t\t<\/div>\n\t\t\t\t<\/div>","protected":false},"excerpt":{"rendered":"Word Press Google Merchant Center Word Press Google Merchant Center to niezb\u0119dne narz\u0119dzie dla sklep\u00f3w Woo Commerce, kt\u00f3re chc\u0105 skutecznie promowa\u0107 produkty w Google Shopping. Wtyczka CC Google Merchant Center","protected":false},"featured_media":3814,"comment_status":"open","ping_status":"closed","template":"","meta":{"powered_cache_disable_cache":false,"powered_cache_disable_css_optimization":false,"powered_cache_disable_js_optimization":false},"product_brand":[275],"product_cat":[128,132],"product_tag":[224,199,198,225],"class_list":{"0":"post-3682","1":"product","2":"type-product","3":"status-publish","4":"has-post-thumbnail","6":"product_brand-cocos","7":"product_cat-moduly","8":"product_cat-wordpress","9":"product_tag-google-merchant-center","10":"product_tag-woocommerce","11":"product_tag-wordpress","12":"product_tag-xml","14":"first","15":"instock","16":"downloadable","17":"virtual","18":"taxable","19":"purchasable","20":"product-type-simple"},"_links":{"self":[{"href":"https:\/\/iarina029.supserv.cozmoslabs.com\/fr\/wp-json\/wp\/v2\/product\/3682","targetHints":{"allow":["GET"]}}],"collection":[{"href":"https:\/\/iarina029.supserv.cozmoslabs.com\/fr\/wp-json\/wp\/v2\/product"}],"about":[{"href":"https:\/\/iarina029.supserv.cozmoslabs.com\/fr\/wp-json\/wp\/v2\/types\/product"}],"replies":[{"embeddable":true,"href":"https:\/\/iarina029.supserv.cozmoslabs.com\/fr\/wp-json\/wp\/v2\/comments?post=3682"}],"version-history":[{"count":0,"href":"https:\/\/iarina029.supserv.cozmoslabs.com\/fr\/wp-json\/wp\/v2\/product\/3682\/revisions"}],"wp:featuredmedia":[{"embeddable":true,"href":"https:\/\/iarina029.supserv.cozmoslabs.com\/fr\/wp-json\/wp\/v2\/media\/3814"}],"wp:attachment":[{"href":"https:\/\/iarina029.supserv.cozmoslabs.com\/fr\/wp-json\/wp\/v2\/media?parent=3682"}],"wp:term":[{"taxonomy":"product_brand","embeddable":true,"href":"https:\/\/iarina029.supserv.cozmoslabs.com\/fr\/wp-json\/wp\/v2\/product_brand?post=3682"},{"taxonomy":"product_cat","embeddable":true,"href":"https:\/\/iarina029.supserv.cozmoslabs.com\/fr\/wp-json\/wp\/v2\/product_cat?post=3682"},{"taxonomy":"product_tag","embeddable":true,"href":"https:\/\/iarina029.supserv.cozmoslabs.com\/fr\/wp-json\/wp\/v2\/product_tag?post=3682"}],"curies":[{"name":"wp","href":"https:\/\/api.w.org\/{rel}","templated":true}]}}