{"id":3605,"date":"2025-04-10T21:15:22","date_gmt":"2025-04-10T19:15:22","guid":{"rendered":"https:\/\/cocos.codes\/?post_type=product&#038;p=3605"},"modified":"2026-01-21T17:28:45","modified_gmt":"2026-01-21T16:28:45","slug":"wordpress-facebook-pixel","status":"publish","type":"product","link":"https:\/\/iarina029.supserv.cozmoslabs.com\/fr\/product\/wordpress-facebook-pixel\/","title":{"rendered":"WordPress Facebook Pixel 1.0.2"},"content":{"rendered":"<div data-elementor-type=\"wp-post\" data-elementor-id=\"3605\" class=\"elementor elementor-3605\">\n\t\t\t\t<div class=\"elementor-element elementor-element-589e191 e-flex e-con-boxed e-con e-parent\" data-id=\"589e191\" data-element_type=\"container\" data-e-type=\"container\">\n\t\t\t\t\t<div class=\"e-con-inner\">\n\t\t\t\t<div class=\"elementor-element elementor-element-c111b50 elementor-widget elementor-widget-text-editor\" data-id=\"c111b50\" data-element_type=\"widget\" data-e-type=\"widget\" data-widget_type=\"text-editor.default\">\n\t\t\t\t\t\t\t\t\t<h6><strong>Pixel Facebook WordPress<br \/><\/strong><\/h6><strong><a href=\"https:\/\/wordpress.org\/\" title=\"WordPress\" target=\"_blank\" rel=\"noopener\">WordPress<\/a> Pixel Facebook<\/strong> est un outil essentiel pour un suivi pr\u00e9cis des conversions et l'optimisation des annonces. <a href=\"https:\/\/iarina029.supserv.cozmoslabs.com\/fr\/produit-categorie\/modules\/wordpress\/\" title=\"Plug-in WordPress\">Plug-in WordPress<\/a> <strong>Pixel Facebook<\/strong> permet une int\u00e9gration compl\u00e8te avec l'API Facebook Pixel et Conversions, fournissant des donn\u00e9es fiables \u00e0 la fois sur le navigateur et le serveur, m\u00eame avec des bloqueurs de publicit\u00e9 actifs. La mise en file d'attente intelligente des \u00e9v\u00e9nements, le traitement asynchrone et le d\u00e9bogage avanc\u00e9 maximisent le retour sur investissement des campagnes publicitaires.\t\t\t\t\t\t\t\t<\/div>\n\t\t\t\t<div class=\"elementor-element elementor-element-5a71fba elementor-widget elementor-widget-spacer\" data-id=\"5a71fba\" data-element_type=\"widget\" data-e-type=\"widget\" data-widget_type=\"spacer.default\">\n\t\t\t\t\t\t\t<div class=\"elementor-spacer\">\n\t\t\t<div class=\"elementor-spacer-inner\"><\/div>\n\t\t<\/div>\n\t\t\t\t\t\t<\/div>\n\t\t\t\t\t<\/div>\n\t\t\t\t<\/div>\n\t\t<div class=\"elementor-element elementor-element-afd9ee9 e-grid e-con-boxed e-con e-parent\" data-id=\"afd9ee9\" data-element_type=\"container\" data-e-type=\"container\">\n\t\t\t\t\t<div class=\"e-con-inner\">\n\t\t\t\t<div class=\"elementor-element elementor-element-959ec9b elementor-widget elementor-widget-pls-button\" data-id=\"959ec9b\" data-element_type=\"widget\" data-e-type=\"widget\" data-widget_type=\"pls-button.default\">\n\t\t\t\t<div class=\"elementor-widget-container\">\n\t\t\t\t\t<div id=\"pls-button-18739\" class=\"pls-element pls-button\">\n\t<a class=\"button btn-style-flat\" href=\"https:\/\/iarina029.supserv.cozmoslabs.com\/fr\/base-de-connaissances\/wordpress\/documentations\/meta-facebook-pixel\/\" title=\"Documentation\" target=\"_blank\">\n\t\tDocumentation\t<\/a>\n<\/div>\n\t\t\t\t<\/div>\n\t\t\t\t<\/div>\n\t\t\t\t<div class=\"elementor-element elementor-element-dabddd7 elementor-widget elementor-widget-pls-button\" data-id=\"dabddd7\" data-element_type=\"widget\" data-e-type=\"widget\" data-widget_type=\"pls-button.default\">\n\t\t\t\t<div class=\"elementor-widget-container\">\n\t\t\t\t\t<div id=\"pls-button-22190\" class=\"pls-element pls-button\">\n\t<a class=\"button btn-style-flat\" href=\"https:\/\/demo.cocos.codes\/cc_facebook_pixel\/\" title=\"D\u00e9monstration\" target=\"_blank\" rel=\"noopener\">\n\t\tD\u00e9monstration\t<\/a>\n<\/div>\n\t\t\t\t<\/div>\n\t\t\t\t<\/div>\n\t\t\t\t\t<\/div>\n\t\t\t\t<\/div>\n\t\t<div class=\"elementor-element elementor-element-bc73e6e e-flex e-con-boxed e-con e-parent\" data-id=\"bc73e6e\" data-element_type=\"container\" data-e-type=\"container\">\n\t\t\t\t\t<div class=\"e-con-inner\">\n\t\t\t\t<div class=\"elementor-element elementor-element-864a7b9 elementor-widget elementor-widget-spacer\" data-id=\"864a7b9\" data-element_type=\"widget\" data-e-type=\"widget\" data-widget_type=\"spacer.default\">\n\t\t\t\t\t\t\t<div class=\"elementor-spacer\">\n\t\t\t<div class=\"elementor-spacer-inner\"><\/div>\n\t\t<\/div>\n\t\t\t\t\t\t<\/div>\n\t\t\t\t<div class=\"elementor-element elementor-element-79f7ccd elementor-widget elementor-widget-text-editor\" data-id=\"79f7ccd\" data-element_type=\"widget\" data-e-type=\"widget\" data-widget_type=\"text-editor.default\">\n\t\t\t\t\t\t\t\t\t<h6>Int\u00e9gration avanc\u00e9e dans les syst\u00e8mes Facebook<\/h6><p>\ud83d\udcf1 <strong>Modes de suivi polyvalents<\/strong><br \/>JavaScript Pixel - int\u00e9gration classique fonctionnant dans le navigateur de l'utilisateur<br \/>\u2705 Conversions API - suivi c\u00f4t\u00e9 serveur r\u00e9sistant aux bloqueurs de publicit\u00e9<br \/>\u2705 Mode hybride - combinaison des deux m\u00e9thodes avec <b>d\u00e9duplication intelligente des \u00e9v\u00e9nements<\/b><br \/>\u2705 Configuration sans souci - interface intuitive pour chaque mode de suivi<br \/>\u2705 Performances optimis\u00e9es - d\u00e9lais de chargement des pages r\u00e9duits au minimum, quel que soit le mode s\u00e9lectionn\u00e9<\/p><p>\ud83d\udd04 <strong>Mise en file d'attente intelligente des \u00e9v\u00e9nements<\/strong><br \/>\u2705 Traitement asynchrone - envoi d'\u00e9v\u00e9nements en arri\u00e8re-plan sans ralentir le site<br \/>\u2705 R\u00e9essais automatiques - protection contre la perte de donn\u00e9es en cas d'erreurs<br \/>\u2705 T\u00e2ches Cron - int\u00e9gration cron int\u00e9gr\u00e9e pour un traitement fiable<br \/>Surveillance de la file d'attente - vue d\u00e9taill\u00e9e de l'\u00e9tat de tous les \u00e9v\u00e9nements dans la file d'attente<br \/>Gestion manuelle - possibilit\u00e9 de traiter ou d'\u00e9liminer la file d'attente imm\u00e9diatement<\/p><p>\ud83d\udcca <strong>\u00c9v\u00e9nements standard et non standard<\/strong><br \/>\u2705 \u00c9v\u00e9nements automatiques - suivi des \u00e9v\u00e9nements PageView, ViewContent et autres \u00e9v\u00e9nements standard<br \/>\u2705 \u00c9v\u00e9nements personnalis\u00e9s - possibilit\u00e9 d'ajouter vos propres codes de suivi<br \/>\u2705 Choix de l'emplacement - placement flexible du code dans l'en-t\u00eate ou le pied de page du site<br \/>\u2705 D\u00e9sactivation des \u00e9v\u00e9nements standard - contr\u00f4le total sur ce qui est suivi<br \/>Compatibilit\u00e9 avec d'autres plug-ins - int\u00e9gration transparente dans l'\u00e9cosyst\u00e8me existant<\/p><p>\ud83d\udc65 <strong>Comparaison avanc\u00e9e des donn\u00e9es<\/strong><br \/>\u2705 Am\u00e9lioration du ciblage - envoi de donn\u00e9es suppl\u00e9mentaires sur l'utilisateur pour une mise en correspondance plus pr\u00e9cise.<br \/>\u2705 S\u00e9lection flexible des champs - contr\u00f4le des donn\u00e9es partag\u00e9es (courriel, t\u00e9l\u00e9phone, pr\u00e9nom, nom, etc.).<br \/>\u2705 Collecte automatique de donn\u00e9es - extraction intelligente d'informations \u00e0 partir de formulaires<br \/>\u2705 Conformit\u00e9 avec RODO - respect des pr\u00e9f\u00e9rences des utilisateurs en mati\u00e8re de protection de la vie priv\u00e9e<br \/>\u2705 Une plus grande efficacit\u00e9 des campagnes - un ciblage publicitaire plus pr\u00e9cis gr\u00e2ce \u00e0 une meilleure qualit\u00e9 des donn\u00e9es.<\/p><p>\ud83d\udee0\ufe0f <strong>Outils de d\u00e9bogage avanc\u00e9s<\/strong><br \/>\u2705 Tests de l'API - outils int\u00e9gr\u00e9s pour tester la connexion \u00e0 l'API des conversions<br \/>\u2705 Testing JavaScript - validation facile du pixel Facebook<br \/>\u2705 Journaux d\u00e9taill\u00e9s - enregistrements complets de toutes les demandes et r\u00e9ponses de l'API<br \/>\u2705 Mode test - tests s\u00fbrs sans affecter les donn\u00e9es de production<br \/>\u2705 Exclusion d'utilisateurs - possibilit\u00e9 de d\u00e9sactiver le suivi pour des r\u00f4les d'utilisateurs sp\u00e9cifiques<\/p><p>\u2699\ufe0f <strong>Caract\u00e9ristiques techniques<\/strong><br \/>\u2705 Compatibilit\u00e9 avec WordPress - prise en charge compl\u00e8te des derni\u00e8res versions<br \/>\u2705 Syst\u00e8me de gestion des licences - activation pratique et gestion des licences dans le tableau de bord<br \/>\u2705 Optimisation des performances - charge minimale du serveur m\u00eame en cas de trafic important<br \/>\u2705 Mises \u00e0 jour r\u00e9guli\u00e8res - adaptation continue aux changements de l'API de Facebook<br \/>\u2705 Support technique - assistance professionnelle pour la configuration et le d\u00e9pannage<\/p>\t\t\t\t\t\t\t\t<\/div>\n\t\t\t\t<div class=\"elementor-element elementor-element-488e8cb elementor-widget elementor-widget-spacer\" data-id=\"488e8cb\" data-element_type=\"widget\" data-e-type=\"widget\" data-widget_type=\"spacer.default\">\n\t\t\t\t\t\t\t<div class=\"elementor-spacer\">\n\t\t\t<div class=\"elementor-spacer-inner\"><\/div>\n\t\t<\/div>\n\t\t\t\t\t\t<\/div>\n\t\t\t\t<div class=\"elementor-element elementor-element-f484835 elementor-widget elementor-widget-text-editor\" data-id=\"f484835\" data-element_type=\"widget\" data-e-type=\"widget\" data-widget_type=\"text-editor.default\">\n\t\t\t\t\t\t\t\t\t<h6>\ud83d\udcc8 Augmentez l'efficacit\u00e9 de vos campagnes publicitaires jusqu'\u00e0 30-50% !<\/h6>Les \u00e9tudes montrent qu'un suivi pr\u00e9cis des conversions est \u00e0 la base de toute campagne publicitaire efficace. Gr\u00e2ce \u00e0 la <strong>CC Pixel Facebook<\/strong> Vos donn\u00e9es de conversion seront plus pr\u00e9cises et Facebook pourra <strong>mieux optimiser vos campagnes<\/strong>ce qui conduit \u00e0 <strong>une r\u00e9duction des co\u00fbts d'acquisition des clients et un meilleur retour sur investissement publicitaire<\/strong>.\t\t\t\t\t\t\t\t<\/div>\n\t\t\t\t<div class=\"elementor-element elementor-element-de40523 elementor-widget elementor-widget-spacer\" data-id=\"de40523\" data-element_type=\"widget\" data-e-type=\"widget\" data-widget_type=\"spacer.default\">\n\t\t\t\t\t\t\t<div class=\"elementor-spacer\">\n\t\t\t<div class=\"elementor-spacer-inner\"><\/div>\n\t\t<\/div>\n\t\t\t\t\t\t<\/div>\n\t\t\t\t<div class=\"elementor-element elementor-element-c7fb7ef elementor-widget elementor-widget-text-editor\" data-id=\"c7fb7ef\" data-element_type=\"widget\" data-e-type=\"widget\" data-widget_type=\"text-editor.default\">\n\t\t\t\t\t\t\t\t\t<h6>Pour qui ?<\/h6>Le plugin est id\u00e9al pour :<br \/>Les propri\u00e9taires de sites de commerce \u00e9lectronique qui souhaitent maximiser l'efficacit\u00e9 des publicit\u00e9s Facebook.<br \/>\u2714 Les sp\u00e9cialistes du marketing ont besoin de donn\u00e9es pr\u00e9cises sur les conversions pour optimiser leurs campagnes<br \/>\u2714 Agences de publicit\u00e9 g\u00e9rant des campagnes pour plusieurs clients<br \/>\u2714 Les entreprises confront\u00e9es \u00e0 des donn\u00e9es inexactes \u00e0 cause des bloqueurs de publicit\u00e9<br \/>\u2714 Administrateurs de sites web soucieux de la performance et de la vitesse de chargement du site\t\t\t\t\t\t\t\t<\/div>\n\t\t\t\t<div class=\"elementor-element elementor-element-5379318 elementor-widget elementor-widget-spacer\" data-id=\"5379318\" data-element_type=\"widget\" data-e-type=\"widget\" data-widget_type=\"spacer.default\">\n\t\t\t\t\t\t\t<div class=\"elementor-spacer\">\n\t\t\t<div class=\"elementor-spacer-inner\"><\/div>\n\t\t<\/div>\n\t\t\t\t\t\t<\/div>\n\t\t\t\t<div class=\"elementor-element elementor-element-b5ddb61 elementor-widget elementor-widget-text-editor\" data-id=\"b5ddb61\" data-element_type=\"widget\" data-e-type=\"widget\" data-widget_type=\"text-editor.default\">\n\t\t\t\t\t\t\t\t\t<p><div class=\"pls-block pls-block-3297\">\t\t<div data-elementor-type=\"wp-post\" data-elementor-id=\"3297\" class=\"elementor elementor-3297\">\n\t\t\t\t<div class=\"elementor-element elementor-element-d99440d e-flex e-con-boxed e-con e-parent\" data-id=\"d99440d\" data-element_type=\"container\" data-e-type=\"container\" data-settings=\"{&quot;background_background&quot;:&quot;classic&quot;}\">\n\t\t\t\t\t<div class=\"e-con-inner\">\n\t\t\t\t<div class=\"elementor-element elementor-element-b850409 elementor-widget elementor-widget-text-editor\" data-id=\"b850409\" data-element_type=\"widget\" data-e-type=\"widget\" data-widget_type=\"text-editor.default\">\n\t\t\t\t\t\t\t\t\t<h6><strong>\u00a0Am\u00e9liorez les capacit\u00e9s de votre atelier d\u00e8s aujourd'hui ! <\/strong><strong>\ud83d\ude80<\/strong><\/h6>Ajoutez de nouvelles fonctionnalit\u00e9s, am\u00e9liorez l'exp\u00e9rience utilisateur et augmentez les conversions gr\u00e2ce \u00e0 notre module. Installation facile, compatibilit\u00e9 totale et mises \u00e0 jour r\u00e9guli\u00e8res - tout ce dont vous avez besoin pour que votre boutique fonctionne encore mieux.<br \/>\u2705 Installation facile \u2705 Support professionnel \u2705 Int\u00e9gration transparente<br \/><br \/><a class=\"button simple\" href=\"#main-content\" title=\"Installez et utilisez d\u00e8s maintenant !\">Installez-la et commencez \u00e0 l'utiliser d\u00e8s maintenant !<\/a>\t\t\t\t\t\t\t\t<\/div>\n\t\t\t\t\t<\/div>\n\t\t\t\t<\/div>\n\t\t\t\t<\/div>\n\t\t<\/div><\/p>\t\t\t\t\t\t\t\t<\/div>\n\t\t\t\t\t<\/div>\n\t\t\t\t<\/div>\n\t\t\t\t<\/div>","protected":false},"excerpt":{"rendered":"Word Press Facebook Pixel Word Press Facebook Pixel to niezb\u0119dne narz\u0119dzie do precyzyjnego \u015bledzenia konwersji i optymalizacji reklam. Wtyczka Word Press Facebook Pixel umo\u017cliwia pe\u0142n\u0105 integracj\u0119 z Facebook Pixel i","protected":false},"featured_media":3802,"comment_status":"open","ping_status":"closed","template":"","meta":{"powered_cache_disable_cache":false,"powered_cache_disable_css_optimization":false,"powered_cache_disable_js_optimization":false},"product_brand":[275],"product_cat":[128,132],"product_tag":[213,212,214,198],"class_list":{"0":"post-3605","1":"product","2":"type-product","3":"status-publish","4":"has-post-thumbnail","6":"product_brand-cocos","7":"product_cat-moduly","8":"product_cat-wordpress","9":"product_tag-facebook","10":"product_tag-meta","11":"product_tag-pixel","12":"product_tag-wordpress","14":"first","15":"instock","16":"downloadable","17":"virtual","18":"taxable","19":"purchasable","20":"product-type-simple"},"_links":{"self":[{"href":"https:\/\/iarina029.supserv.cozmoslabs.com\/fr\/wp-json\/wp\/v2\/product\/3605","targetHints":{"allow":["GET"]}}],"collection":[{"href":"https:\/\/iarina029.supserv.cozmoslabs.com\/fr\/wp-json\/wp\/v2\/product"}],"about":[{"href":"https:\/\/iarina029.supserv.cozmoslabs.com\/fr\/wp-json\/wp\/v2\/types\/product"}],"replies":[{"embeddable":true,"href":"https:\/\/iarina029.supserv.cozmoslabs.com\/fr\/wp-json\/wp\/v2\/comments?post=3605"}],"version-history":[{"count":0,"href":"https:\/\/iarina029.supserv.cozmoslabs.com\/fr\/wp-json\/wp\/v2\/product\/3605\/revisions"}],"wp:featuredmedia":[{"embeddable":true,"href":"https:\/\/iarina029.supserv.cozmoslabs.com\/fr\/wp-json\/wp\/v2\/media\/3802"}],"wp:attachment":[{"href":"https:\/\/iarina029.supserv.cozmoslabs.com\/fr\/wp-json\/wp\/v2\/media?parent=3605"}],"wp:term":[{"taxonomy":"product_brand","embeddable":true,"href":"https:\/\/iarina029.supserv.cozmoslabs.com\/fr\/wp-json\/wp\/v2\/product_brand?post=3605"},{"taxonomy":"product_cat","embeddable":true,"href":"https:\/\/iarina029.supserv.cozmoslabs.com\/fr\/wp-json\/wp\/v2\/product_cat?post=3605"},{"taxonomy":"product_tag","embeddable":true,"href":"https:\/\/iarina029.supserv.cozmoslabs.com\/fr\/wp-json\/wp\/v2\/product_tag?post=3605"}],"curies":[{"name":"wp","href":"https:\/\/api.w.org\/{rel}","templated":true}]}}