{"id":3459,"date":"2025-04-08T10:48:57","date_gmt":"2025-04-08T08:48:57","guid":{"rendered":"https:\/\/cocos.codes\/?post_type=product&#038;p=3459"},"modified":"2026-01-21T17:32:42","modified_gmt":"2026-01-21T16:32:42","slug":"woocommerce-advanced-discounts-2","status":"publish","type":"product","link":"https:\/\/iarina029.supserv.cozmoslabs.com\/fr\/product\/woocommerce-advanced-discounts-2\/","title":{"rendered":"WooCommerce advanced discounts 1.0.1"},"content":{"rendered":"<div data-elementor-type=\"wp-post\" data-elementor-id=\"3459\" class=\"elementor elementor-3459\">\n\t\t\t\t<div class=\"elementor-element elementor-element-6637f1e e-flex e-con-boxed e-con e-parent\" data-id=\"6637f1e\" data-element_type=\"container\" data-e-type=\"container\">\n\t\t\t\t\t<div class=\"e-con-inner\">\n\t\t\t\t<div class=\"elementor-element elementor-element-7369965 elementor-widget elementor-widget-text-editor\" data-id=\"7369965\" data-element_type=\"widget\" data-e-type=\"widget\" data-widget_type=\"text-editor.default\">\n\t\t\t\t\t\t\t\t\t<h6><strong>Remises avanc\u00e9es WooCommerce<br \/><\/strong><\/h6><strong><a href=\"https:\/\/woocommerce.com\/\" title=\"WooCommerce\" target=\"_blank\" rel=\"noopener\">WooCommerce<\/a> r\u00e9ductions<\/strong> est un outil efficace pour fid\u00e9liser les consommateurs et maximiser la valeur du panier. <a href=\"https:\/\/iarina029.supserv.cozmoslabs.com\/fr\/produit-categorie\/modules\/wordpress\/\" title=\"Plug-in WordPress\">Plug-in WordPress<\/a> <strong>R\u00e9ductions CC<\/strong> permet une gestion souple des promotions, la cr\u00e9ation de groupes de rabais personnalis\u00e9s et le suivi de l'efficacit\u00e9 des rabais. Profitez de la programmation des promotions, de l'activation automatique des remises aux dates s\u00e9lectionn\u00e9es et des badges de remise intelligents. Les filtres de produits avanc\u00e9s et la personnalisation pour les clients s\u00e9lectionn\u00e9s garantissent une efficacit\u00e9 maximale de chaque action promotionnelle.\t\t\t\t\t\t\t\t<\/div>\n\t\t\t\t<div class=\"elementor-element elementor-element-4a660a8 elementor-widget elementor-widget-spacer\" data-id=\"4a660a8\" data-element_type=\"widget\" data-e-type=\"widget\" data-widget_type=\"spacer.default\">\n\t\t\t\t\t\t\t<div class=\"elementor-spacer\">\n\t\t\t<div class=\"elementor-spacer-inner\"><\/div>\n\t\t<\/div>\n\t\t\t\t\t\t<\/div>\n\t\t\t\t\t<\/div>\n\t\t\t\t<\/div>\n\t\t<div class=\"elementor-element elementor-element-c840eb8 e-grid e-con-boxed e-con e-parent\" data-id=\"c840eb8\" data-element_type=\"container\" data-e-type=\"container\">\n\t\t\t\t\t<div class=\"e-con-inner\">\n\t\t\t\t<div class=\"elementor-element elementor-element-b847cfe elementor-widget elementor-widget-pls-button\" data-id=\"b847cfe\" data-element_type=\"widget\" data-e-type=\"widget\" data-widget_type=\"pls-button.default\">\n\t\t\t\t<div class=\"elementor-widget-container\">\n\t\t\t\t\t<div id=\"pls-button-84846\" class=\"pls-element pls-button\">\n\t<a class=\"button btn-style-flat\" href=\"https:\/\/iarina029.supserv.cozmoslabs.com\/fr\/base-de-connaissances\/wordpress\/documentations\/woocommerce-advanced-discounts\/\" title=\"DOCUMENTATION\" target=\"_blank\">\n\t\tDOCUMENTATION\t<\/a>\n<\/div>\n\t\t\t\t<\/div>\n\t\t\t\t<\/div>\n\t\t\t\t<div class=\"elementor-element elementor-element-04c09b9 elementor-widget elementor-widget-pls-button\" data-id=\"04c09b9\" data-element_type=\"widget\" data-e-type=\"widget\" data-widget_type=\"pls-button.default\">\n\t\t\t\t<div class=\"elementor-widget-container\">\n\t\t\t\t\t<div id=\"pls-button-26929\" class=\"pls-element pls-button\">\n\t<a class=\"button btn-style-flat\" href=\"https:\/\/demo.cocos.codes\/cc_discounts\/\" title=\"DEMO\" target=\"_blank\" rel=\"noopener\">\n\t\tDEMO\t<\/a>\n<\/div>\n\t\t\t\t<\/div>\n\t\t\t\t<\/div>\n\t\t\t\t\t<\/div>\n\t\t\t\t<\/div>\n\t\t<div class=\"elementor-element elementor-element-5fde9ac e-flex e-con-boxed e-con e-parent\" data-id=\"5fde9ac\" data-element_type=\"container\" data-e-type=\"container\">\n\t\t\t\t\t<div class=\"e-con-inner\">\n\t\t\t\t<div class=\"elementor-element elementor-element-983333a elementor-widget elementor-widget-spacer\" data-id=\"983333a\" data-element_type=\"widget\" data-e-type=\"widget\" data-widget_type=\"spacer.default\">\n\t\t\t\t\t\t\t<div class=\"elementor-spacer\">\n\t\t\t<div class=\"elementor-spacer-inner\"><\/div>\n\t\t<\/div>\n\t\t\t\t\t\t<\/div>\n\t\t\t\t<div class=\"elementor-element elementor-element-7184ed9 elementor-widget elementor-widget-text-editor\" data-id=\"7184ed9\" data-element_type=\"widget\" data-e-type=\"widget\" data-widget_type=\"text-editor.default\">\n\t\t\t\t\t\t\t\t\t<h6>Des options de r\u00e9duction compl\u00e8tes<\/h6><strong>\ud83d\udcb0 Syst\u00e8me avanc\u00e9 de r\u00e9duction par groupe<\/strong><br \/>\u2705 Remises en pourcentage et en valeur - des options flexibles pour r\u00e9pondre aux besoins de votre entreprise<br \/>\u2705 Programmation des promotions - activation et d\u00e9sactivation automatiques des r\u00e9ductions \u00e0 des dates sp\u00e9cifiques<br \/>\u2705 Personnalisation des clients - octroi de remises sp\u00e9ciales \u00e0 des groupes de clients s\u00e9lectionn\u00e9s<br \/>\u2705 Filtres de produits - possibilit\u00e9 de limiter les remises \u00e0 des produits, cat\u00e9gories ou marques sp\u00e9cifiques<br \/>Gestion facile - interface intuitive pour la cr\u00e9ation et la modification des groupes de rabais<br \/><br \/><strong>\ud83d\uded2 Remises intelligentes sur les produits<\/strong><br \/>\u2705 Remises sp\u00e9cifiques aux produits - promotions pour des articles s\u00e9lectionn\u00e9s dans votre assortiment<br \/>\u2705 Remises par cat\u00e9gorie - remises automatiques pour tous les produits des cat\u00e9gories s\u00e9lectionn\u00e9es<br \/>\u2705 Remises de marque - promotions pour tous les produits d'un fabricant donn\u00e9<br \/>\u2705 Combinaison de conditions - cr\u00e9ation de r\u00e8gles complexes liant les produits, les cat\u00e9gories et les marques<br \/>\u2705 Badges de r\u00e9duction - marquage automatique des produits \u00e0 prix r\u00e9duit \u00e0 l'aide de badges accrocheurs<br \/><br \/><strong>\ud83d\udc65 Personnalisation pour les clients<\/strong><br \/>\u2705 R\u00e9ductions pour les clients s\u00e9lectionn\u00e9s - offres sp\u00e9ciales pour les VIP et les clients r\u00e9guliers<br \/>\u2705 Recherche de clients - trouver et ajouter facilement des utilisateurs \u00e0 des groupes de r\u00e9duction<br \/>\u2705 R\u00e9ductions accessibles \u00e0 tous - possibilit\u00e9 de cr\u00e9er des promotions ouvertes \u00e0 tous<br \/>\u2705 Fid\u00e9liser les clients - augmenter leur satisfaction gr\u00e2ce \u00e0 des offres personnalis\u00e9es<br \/>\u2705 Incitations \u00e0 l'inscription - r\u00e9ductions sp\u00e9ciales pour inciter les gens \u00e0 cr\u00e9er un compte dans le magasin<br \/><br \/><strong>\u23f1\ufe0f Programmation avanc\u00e9e<\/strong><br \/>\u2705 Dates exactes - fixer la dur\u00e9e pr\u00e9cise de la r\u00e9duction<br \/>Heures de promotion - contr\u00f4le de l'heure de d\u00e9but et de fin de la r\u00e9duction<br \/>\u2705 Activation automatique - les r\u00e9ductions sont automatiquement activ\u00e9es au moment indiqu\u00e9<br \/>\u2705 Promotions illimit\u00e9es - possibilit\u00e9 de cr\u00e9er des r\u00e9ductions sans date de fin<br \/>\u2705 Promotions saisonni\u00e8res - pr\u00e9paration facile de remises pour des p\u00e9riodes sp\u00e9cifiques de l'ann\u00e9e<br \/><br \/><strong>\u2699\ufe0f Options de configuration flexibles<\/strong><br \/>\u2705 Personnalisation de l'affichage - options permettant d'afficher ou de masquer le prix d'origine du produit<br \/>\u2705 Personnalisation des badges de r\u00e9duction - texte, couleurs et positionnement du badge sur les produits<br \/>\u2705 Calcul automatique - activation ou d\u00e9sactivation de l'application automatique des r\u00e9ductions<br \/>Valeurs par d\u00e9faut - configuration des param\u00e8tres par d\u00e9faut pour les nouveaux groupes de remise<br \/>\u2705 Journal des remises - historique d\u00e9taill\u00e9 de toutes les remises appliqu\u00e9es<br \/><br \/><strong>\ud83d\udd27 Caract\u00e9ristiques techniques<\/strong><br \/>\u2705 Compatibilit\u00e9 avec WooCommerce - prise en charge compl\u00e8te des derni\u00e8res versions<br \/>\u2705 Syst\u00e8me de gestion des licences - activation pratique et gestion des licences dans le tableau de bord<br \/>\u2705 Outils d'importation\/exportation - transfert facile des configurations entre les installations<br \/>\u2705 Mode d\u00e9bogage - options de diagnostic avanc\u00e9es pour le d\u00e9pannage<br \/>\u2705 Mises \u00e0 jour r\u00e9guli\u00e8res - adaptation continue aux derni\u00e8res versions de WooCommerce\t\t\t\t\t\t\t\t<\/div>\n\t\t\t\t<div class=\"elementor-element elementor-element-ee345ac elementor-widget elementor-widget-spacer\" data-id=\"ee345ac\" data-element_type=\"widget\" data-e-type=\"widget\" data-widget_type=\"spacer.default\">\n\t\t\t\t\t\t\t<div class=\"elementor-spacer\">\n\t\t\t<div class=\"elementor-spacer-inner\"><\/div>\n\t\t<\/div>\n\t\t\t\t\t\t<\/div>\n\t\t\t\t<div class=\"elementor-element elementor-element-d4de078 elementor-widget elementor-widget-text-editor\" data-id=\"d4de078\" data-element_type=\"widget\" data-e-type=\"widget\" data-widget_type=\"text-editor.default\">\n\t\t\t\t\t\t\t\t\t<h6>\ud83d\udcb0 Augmentez la valeur moyenne de vos commandes jusqu'\u00e0 25-40% !<\/h6>Les \u00e9tudes montrent que des r\u00e9ductions bien con\u00e7ues sont essentielles pour augmenter les conversions et la valeur du panier. Gr\u00e2ce \u00e0 CC Discounts<strong> Vos clients ajouteront plus de produits \u00e0 leur panier<\/strong>et des promotions personnalis\u00e9es feront de la <strong>la fid\u00e9lit\u00e9 des clients et la fr\u00e9quence des achats augmenteront.<\/strong>\t\t\t\t\t\t\t\t<\/div>\n\t\t\t\t<div class=\"elementor-element elementor-element-4d6209f elementor-widget elementor-widget-spacer\" data-id=\"4d6209f\" data-element_type=\"widget\" data-e-type=\"widget\" data-widget_type=\"spacer.default\">\n\t\t\t\t\t\t\t<div class=\"elementor-spacer\">\n\t\t\t<div class=\"elementor-spacer-inner\"><\/div>\n\t\t<\/div>\n\t\t\t\t\t\t<\/div>\n\t\t\t\t<div class=\"elementor-element elementor-element-e72fcc9 elementor-widget elementor-widget-text-editor\" data-id=\"e72fcc9\" data-element_type=\"widget\" data-e-type=\"widget\" data-widget_type=\"text-editor.default\">\n\t\t\t\t\t\t\t\t\t<h6>Pour qui ?<\/h6><p>Le plugin est id\u00e9al pour tout le monde :<br \/>Les magasins qui veulent augmenter la valeur moyenne des commandes<br \/>\u2714 Les propri\u00e9taires de commerce \u00e9lectronique cherchent des moyens de fid\u00e9liser leur client\u00e8le<br \/>\u2714 Boutiques WooCommerce ayant besoin d'un syst\u00e8me de r\u00e9duction flexible<br \/>Les sp\u00e9cialistes du marketing qui souhaitent cr\u00e9er des campagnes promotionnelles avanc\u00e9es<br \/>\u2714 Les entreprises qui cherchent \u00e0 augmenter les taux de conversion et la fr\u00e9quence des achats<\/p>\t\t\t\t\t\t\t\t<\/div>\n\t\t\t\t<div class=\"elementor-element elementor-element-5ae346c elementor-widget elementor-widget-spacer\" data-id=\"5ae346c\" data-element_type=\"widget\" data-e-type=\"widget\" data-widget_type=\"spacer.default\">\n\t\t\t\t\t\t\t<div class=\"elementor-spacer\">\n\t\t\t<div class=\"elementor-spacer-inner\"><\/div>\n\t\t<\/div>\n\t\t\t\t\t\t<\/div>\n\t\t\t\t<div class=\"elementor-element elementor-element-a09f484 elementor-widget elementor-widget-text-editor\" data-id=\"a09f484\" data-element_type=\"widget\" data-e-type=\"widget\" data-widget_type=\"text-editor.default\">\n\t\t\t\t\t\t\t\t\t<p><div class=\"pls-block pls-block-3297\">\t\t<div data-elementor-type=\"wp-post\" data-elementor-id=\"3297\" class=\"elementor elementor-3297\">\n\t\t\t\t<div class=\"elementor-element elementor-element-d99440d e-flex e-con-boxed e-con e-parent\" data-id=\"d99440d\" data-element_type=\"container\" data-e-type=\"container\" data-settings=\"{&quot;background_background&quot;:&quot;classic&quot;}\">\n\t\t\t\t\t<div class=\"e-con-inner\">\n\t\t\t\t<div class=\"elementor-element elementor-element-b850409 elementor-widget elementor-widget-text-editor\" data-id=\"b850409\" data-element_type=\"widget\" data-e-type=\"widget\" data-widget_type=\"text-editor.default\">\n\t\t\t\t\t\t\t\t\t<h6><strong>\u00a0Am\u00e9liorez les capacit\u00e9s de votre atelier d\u00e8s aujourd'hui ! <\/strong><strong>\ud83d\ude80<\/strong><\/h6>Ajoutez de nouvelles fonctionnalit\u00e9s, am\u00e9liorez l'exp\u00e9rience utilisateur et augmentez les conversions gr\u00e2ce \u00e0 notre module. Installation facile, compatibilit\u00e9 totale et mises \u00e0 jour r\u00e9guli\u00e8res - tout ce dont vous avez besoin pour que votre boutique fonctionne encore mieux.<br \/>\u2705 Installation facile \u2705 Support professionnel \u2705 Int\u00e9gration transparente<br \/><br \/><a class=\"button simple\" href=\"#main-content\" title=\"Installez et utilisez d\u00e8s maintenant !\">Installez-la et commencez \u00e0 l'utiliser d\u00e8s maintenant !<\/a>\t\t\t\t\t\t\t\t<\/div>\n\t\t\t\t\t<\/div>\n\t\t\t\t<\/div>\n\t\t\t\t<\/div>\n\t\t<\/div><\/p>\t\t\t\t\t\t\t\t<\/div>\n\t\t\t\t\t<\/div>\n\t\t\t\t<\/div>\n\t\t\t\t<\/div>","protected":false},"excerpt":{"rendered":"Woo Commerce zaawansowane rabaty Woo Commerce rabaty to skuteczne narz\u0119dzie do budowania lojalno\u015bci i maksymalizacji warto\u015bci koszyka. Wtyczka Word Press CC Discounts umo\u017cliwia elastyczne zarz\u0105dzanie promocjami, tworzenie spersonalizowanych grup rabatowych","protected":false},"featured_media":3808,"comment_status":"open","ping_status":"closed","template":"","meta":{"powered_cache_disable_cache":false,"powered_cache_disable_css_optimization":false,"powered_cache_disable_js_optimization":false},"product_brand":[275],"product_cat":[128,132],"product_tag":[208,199,198],"class_list":{"0":"post-3459","1":"product","2":"type-product","3":"status-publish","4":"has-post-thumbnail","6":"product_brand-cocos","7":"product_cat-moduly","8":"product_cat-wordpress","9":"product_tag-rabaty","10":"product_tag-woocommerce","11":"product_tag-wordpress","13":"first","14":"instock","15":"downloadable","16":"virtual","17":"taxable","18":"purchasable","19":"product-type-simple"},"_links":{"self":[{"href":"https:\/\/iarina029.supserv.cozmoslabs.com\/fr\/wp-json\/wp\/v2\/product\/3459","targetHints":{"allow":["GET"]}}],"collection":[{"href":"https:\/\/iarina029.supserv.cozmoslabs.com\/fr\/wp-json\/wp\/v2\/product"}],"about":[{"href":"https:\/\/iarina029.supserv.cozmoslabs.com\/fr\/wp-json\/wp\/v2\/types\/product"}],"replies":[{"embeddable":true,"href":"https:\/\/iarina029.supserv.cozmoslabs.com\/fr\/wp-json\/wp\/v2\/comments?post=3459"}],"version-history":[{"count":0,"href":"https:\/\/iarina029.supserv.cozmoslabs.com\/fr\/wp-json\/wp\/v2\/product\/3459\/revisions"}],"wp:featuredmedia":[{"embeddable":true,"href":"https:\/\/iarina029.supserv.cozmoslabs.com\/fr\/wp-json\/wp\/v2\/media\/3808"}],"wp:attachment":[{"href":"https:\/\/iarina029.supserv.cozmoslabs.com\/fr\/wp-json\/wp\/v2\/media?parent=3459"}],"wp:term":[{"taxonomy":"product_brand","embeddable":true,"href":"https:\/\/iarina029.supserv.cozmoslabs.com\/fr\/wp-json\/wp\/v2\/product_brand?post=3459"},{"taxonomy":"product_cat","embeddable":true,"href":"https:\/\/iarina029.supserv.cozmoslabs.com\/fr\/wp-json\/wp\/v2\/product_cat?post=3459"},{"taxonomy":"product_tag","embeddable":true,"href":"https:\/\/iarina029.supserv.cozmoslabs.com\/fr\/wp-json\/wp\/v2\/product_tag?post=3459"}],"curies":[{"name":"wp","href":"https:\/\/api.w.org\/{rel}","templated":true}]}}