{"id":3360,"date":"2025-04-01T12:28:21","date_gmt":"2025-04-01T10:28:21","guid":{"rendered":"https:\/\/cocos.codes\/?post_type=product&#038;p=3360"},"modified":"2026-01-27T13:59:18","modified_gmt":"2026-01-27T12:59:18","slug":"wordpress-integration-google-ga4-gtm-ads","status":"publish","type":"product","link":"https:\/\/iarina029.supserv.cozmoslabs.com\/fr\/product\/wordpress-integration-google-ga4-gtm-ads\/","title":{"rendered":"Int\u00e9gration de WordPress \u00e0 Google (GA4, GTM, Ads) 1.0.1"},"content":{"rendered":"<div data-elementor-type=\"wp-post\" data-elementor-id=\"3360\" class=\"elementor elementor-3360\">\n\t\t\t\t<div class=\"elementor-element elementor-element-4a32b49 e-flex e-con-boxed e-con e-parent\" data-id=\"4a32b49\" data-element_type=\"container\" data-e-type=\"container\">\n\t\t\t\t\t<div class=\"e-con-inner\">\n\t\t\t\t<div class=\"elementor-element elementor-element-06977db elementor-widget elementor-widget-text-editor\" data-id=\"06977db\" data-element_type=\"widget\" data-e-type=\"widget\" data-widget_type=\"text-editor.default\">\n\t\t\t\t\t\t\t\t\t<h6><strong>Int\u00e9gration WordPress Google \u2013 augmentez vos b\u00e9n\u00e9fices gr\u00e2ce \u00e0 des analyses professionnelles<br \/><\/strong><\/h6><strong>Notre plugin WordPress<\/strong>\u00a0est un outil indispensable pour les magasins <a href=\"https:\/\/woocommerce.com\/\" title=\"WooCommerce\" target=\"_blank\" rel=\"noopener\">WooCommerce<\/a>. Permet une int\u00e9gration compl\u00e8te avec <a href=\"https:\/\/analytics.google.com\/\" title=\"Google Analytics 4\" target=\"_blank\" rel=\"noopener\">Google Analytics 4<\/a>Le suivi automatique des \u00e9v\u00e9nements li\u00e9s au commerce \u00e9lectronique, les \u00e9tiquettes de conversion personnalis\u00e9es et la d\u00e9tection intelligente des \u00e9l\u00e9ments de la boutique permettent de prendre des d\u00e9cisions commerciales pr\u00e9cises et de maximiser les taux de conversion. Le suivi automatique des \u00e9v\u00e9nements li\u00e9s au commerce \u00e9lectronique, les \u00e9tiquettes de conversion personnalis\u00e9es et la d\u00e9tection intelligente des \u00e9l\u00e9ments de la boutique vous permettent de prendre des d\u00e9cisions commerciales pr\u00e9cises et de maximiser les taux de conversion.\t\t\t\t\t\t\t\t<\/div>\n\t\t\t\t<div class=\"elementor-element elementor-element-569135e elementor-widget elementor-widget-spacer\" data-id=\"569135e\" data-element_type=\"widget\" data-e-type=\"widget\" data-widget_type=\"spacer.default\">\n\t\t\t\t\t\t\t<div class=\"elementor-spacer\">\n\t\t\t<div class=\"elementor-spacer-inner\"><\/div>\n\t\t<\/div>\n\t\t\t\t\t\t<\/div>\n\t\t\t\t\t<\/div>\n\t\t\t\t<\/div>\n\t\t<div class=\"elementor-element elementor-element-d44361f e-grid e-con-boxed e-con e-parent\" data-id=\"d44361f\" data-element_type=\"container\" data-e-type=\"container\">\n\t\t\t\t\t<div class=\"e-con-inner\">\n\t\t\t\t<div class=\"elementor-element elementor-element-2ac7497 elementor-widget elementor-widget-pls-button\" data-id=\"2ac7497\" data-element_type=\"widget\" data-e-type=\"widget\" data-widget_type=\"pls-button.default\">\n\t\t\t\t<div class=\"elementor-widget-container\">\n\t\t\t\t\t<div id=\"pls-button-56118\" class=\"pls-element pls-button\">\n\t<a class=\"button btn-style-flat\" href=\"\/fr\/base-de-connaissances\/wordpress\/documentations\/integration-des-annonces-google-ga4-gtm\/\" title=\"DOCUMENTATION\"  target=\"_blank\">\n\t\tDOCUMENTATION\t<\/a>\n<\/div>\n\t\t\t\t<\/div>\n\t\t\t\t<\/div>\n\t\t\t\t<div class=\"elementor-element elementor-element-9e0c148 elementor-widget elementor-widget-pls-button\" data-id=\"9e0c148\" data-element_type=\"widget\" data-e-type=\"widget\" data-widget_type=\"pls-button.default\">\n\t\t\t\t<div class=\"elementor-widget-container\">\n\t\t\t\t\t<div id=\"pls-button-26620\" class=\"pls-element pls-button\">\n\t<a class=\"button btn-style-flat\" href=\"https:\/\/demo.cocos.codes\/cc_google_integration\/\" title=\"DEMO\" target=\"_blank\" rel=\"noopener\">\n\t\tDEMO\t<\/a>\n<\/div>\n\t\t\t\t<\/div>\n\t\t\t\t<\/div>\n\t\t\t\t\t<\/div>\n\t\t\t\t<\/div>\n\t\t<div class=\"elementor-element elementor-element-5be9fcc e-flex e-con-boxed e-con e-parent\" data-id=\"5be9fcc\" data-element_type=\"container\" data-e-type=\"container\">\n\t\t\t\t\t<div class=\"e-con-inner\">\n\t\t\t\t<div class=\"elementor-element elementor-element-942af31 elementor-widget elementor-widget-spacer\" data-id=\"942af31\" data-element_type=\"widget\" data-e-type=\"widget\" data-widget_type=\"spacer.default\">\n\t\t\t\t\t\t\t<div class=\"elementor-spacer\">\n\t\t\t<div class=\"elementor-spacer-inner\"><\/div>\n\t\t<\/div>\n\t\t\t\t\t\t<\/div>\n\t\t\t\t<div class=\"elementor-element elementor-element-3cf18f3 elementor-widget elementor-widget-text-editor\" data-id=\"3cf18f3\" data-element_type=\"widget\" data-e-type=\"widget\" data-widget_type=\"text-editor.default\">\n\t\t\t\t\t\t\t\t\t<h6><strong>Options de configuration compl\u00e8tes<\/strong><\/h6><p><strong>\ud83d\udcc8 Int\u00e9gration compl\u00e8te avec les services Google<\/strong><br \/>\u2705 Google Analytics 4 - suivi pr\u00e9cis de tous les \u00e9v\u00e9nements li\u00e9s au commerce \u00e9lectronique gr\u00e2ce \u00e0 la mise en \u0153uvre automatique d'un code de suivi<br \/>\u2705 Google Tag Manager - mise en \u0153uvre facile du conteneur GTM sans interf\u00e9rer avec le code du site<br \/>Google Ads - suivi avanc\u00e9 des conversions pour tous les \u00e9v\u00e9nements cl\u00e9s de la boutique<br \/>\u2705 Mode d\u00e9bogage - test pratique de la mise en \u0153uvre avec des messages de diagnostic dans la console du navigateur<br \/><br \/><strong>\ud83d\uded2 Suivi des \u00e9v\u00e9nements li\u00e9s au commerce \u00e9lectronique<\/strong><br \/>\u2705 Affichage de la liste des produits - suivi de l'int\u00e9r\u00eat pour les cat\u00e9gories et les collections de produits <strong>(view_item_list)<\/strong><br \/>\u2705 Affichage d'un seul produit - analyse de la popularit\u00e9 d'un produit individuel <strong>(view_item)<\/strong><br \/>\u2705 Ajouter au panier - suivi des produits les plus fr\u00e9quemment ajout\u00e9s au panier <strong>(ajouter au panier)<\/strong><br \/>\u2705 D\u00e9but de la commande - suivi des utilisateurs qui entament le processus d'achat <strong>(begin_checkout)<\/strong><br \/>\u2705 Achats - analyse pr\u00e9cise des transactions effectu\u00e9es avec des donn\u00e9es compl\u00e8tes sur les produits et la valeur. <strong>(achat)<\/strong><br \/>\u2705 Recherche - identifier les requ\u00eates de recherche les plus populaires dans le magasin <strong>(recherche)<\/strong><br \/>\u2705 Enregistrement et connexion des utilisateurs - suivi de l'activit\u00e9 des nouveaux clients et de ceux qui reviennent (<strong>s'inscrire<\/strong> et <strong>connexion<\/strong>)<br \/><br \/><strong>\ud83d\udcb0 Suivi avanc\u00e9 des conversions Google Ads<\/strong><br \/>\u2705 \u00c9tiquettes de conversion individuelles - possibilit\u00e9 d'attribuer des \u00e9tiquettes d\u00e9di\u00e9es \u00e0 chaque type d'\u00e9v\u00e9nement<br \/>\u2705 Suivi des valeurs de conversion - transfert automatique des valeurs des commandes et des produits<br \/>\u2705 Optimisation des campagnes - des donn\u00e9es pr\u00e9cises pour une gestion efficace des budgets publicitaires<br \/>\u2705 Suivi du chemin de conversion - analyse du chemin parcouru par l'utilisateur, du clic \u00e0 l'achat.<br \/><br \/><strong>\u2699\ufe0f Options de configuration flexibles<\/strong><br \/>S\u00e9lection des \u00e9v\u00e9nements \u00e0 suivre - activation et d\u00e9sactivation des diff\u00e9rents types d'\u00e9v\u00e9nements<br \/>Classe de bouton \"Ajouter au panier\" personnalis\u00e9e - d\u00e9tection automatique ou configuration manuelle<br \/>\u2705 Code JavaScript personnalis\u00e9 - possibilit\u00e9 d'ajouter un code de suivi personnalis\u00e9<br \/>D\u00e9tection automatique - d\u00e9tection intelligente des classes CSS des boutons et des \u00e9l\u00e9ments de la boutique<br \/><br \/><strong>\ud83d\udd27 Caract\u00e9ristiques techniques<\/strong><br \/>\u2705 Compatibilit\u00e9 HPOS - prise en charge compl\u00e8te de WooCommerce High-Performance Order Storage<br \/>\u2705 Syst\u00e8me de gestion des licences - activation et gestion pratiques de la licence dans le panneau d'administration<br \/>\u2705 Optimisation des performances - chargement asynchrone des scripts pour un impact minimal sur la vitesse de la page<br \/>\u2705 Compatibilit\u00e9 avec diff\u00e9rents th\u00e8mes - fonctionne ind\u00e9pendamment du th\u00e8me WooCommerce utilis\u00e9.<br \/>\u2705 Mises \u00e0 jour r\u00e9guli\u00e8res - adaptation continue aux derni\u00e8res versions des services Google et WooCommerce.<\/p>\t\t\t\t\t\t\t\t<\/div>\n\t\t\t\t<div class=\"elementor-element elementor-element-0da7884 elementor-widget elementor-widget-spacer\" data-id=\"0da7884\" data-element_type=\"widget\" data-e-type=\"widget\" data-widget_type=\"spacer.default\">\n\t\t\t\t\t\t\t<div class=\"elementor-spacer\">\n\t\t\t<div class=\"elementor-spacer-inner\"><\/div>\n\t\t<\/div>\n\t\t\t\t\t\t<\/div>\n\t\t\t\t<div class=\"elementor-element elementor-element-7a993ee elementor-widget elementor-widget-text-editor\" data-id=\"7a993ee\" data-element_type=\"widget\" data-e-type=\"widget\" data-widget_type=\"text-editor.default\">\n\t\t\t\t\t\t\t\t\t<h6><strong>\ud83d\udcc8 Augmentez l'efficacit\u00e9 de vos campagnes marketing de 30-50% !<\/strong><\/h6>Les \u00e9tudes montrent qu'un suivi analytique pr\u00e9cis est <strong>la cl\u00e9 d'une utilisation efficace du budget marketing<\/strong>. Gr\u00e2ce \u00e0 CC Google Integration <strong>Vos annonces atteindront le bon public<\/strong>et les donn\u00e9es sur le comportement des clients vous permettront d'optimiser votre boutique et vos services. <strong>augmenter les taux de conversion<\/strong>.\t\t\t\t\t\t\t\t<\/div>\n\t\t\t\t<div class=\"elementor-element elementor-element-b3b8ffb elementor-widget elementor-widget-spacer\" data-id=\"b3b8ffb\" data-element_type=\"widget\" data-e-type=\"widget\" data-widget_type=\"spacer.default\">\n\t\t\t\t\t\t\t<div class=\"elementor-spacer\">\n\t\t\t<div class=\"elementor-spacer-inner\"><\/div>\n\t\t<\/div>\n\t\t\t\t\t\t<\/div>\n\t\t\t\t<div class=\"elementor-element elementor-element-8a6b382 elementor-widget elementor-widget-text-editor\" data-id=\"8a6b382\" data-element_type=\"widget\" data-e-type=\"widget\" data-widget_type=\"text-editor.default\">\n\t\t\t\t\t\t\t\t\t<strong>Pour qui ?<\/strong><br \/>Le plugin est id\u00e9al pour tout le monde :<br \/>Les magasins qui veulent prendre des d\u00e9cisions bas\u00e9es sur des donn\u00e9es analytiques<br \/>Les e-commer\u00e7ants investissent dans des campagnes Google Ads<br \/>\u2714 Les boutiques WooCommerce ont besoin d'une int\u00e9gration professionnelle avec les outils Google<br \/>les sp\u00e9cialistes du marketing qui souhaitent mesurer avec pr\u00e9cision l'efficacit\u00e9 de leurs activit\u00e9s<br \/>\u2714 Les entreprises qui cherchent \u00e0 augmenter les taux de conversion et le retour sur investissement de la publicit\u00e9\t\t\t\t\t\t\t\t<\/div>\n\t\t\t\t<div class=\"elementor-element elementor-element-2e9ba87 elementor-widget elementor-widget-spacer\" data-id=\"2e9ba87\" data-element_type=\"widget\" data-e-type=\"widget\" data-widget_type=\"spacer.default\">\n\t\t\t\t\t\t\t<div class=\"elementor-spacer\">\n\t\t\t<div class=\"elementor-spacer-inner\"><\/div>\n\t\t<\/div>\n\t\t\t\t\t\t<\/div>\n\t\t\t\t\t<\/div>\n\t\t\t\t<\/div>\n\t\t<div class=\"elementor-element elementor-element-40adb05 e-flex e-con-boxed e-con e-parent\" data-id=\"40adb05\" data-element_type=\"container\" data-e-type=\"container\">\n\t\t\t\t\t<div class=\"e-con-inner\">\n\t\t\t\t<div class=\"elementor-element elementor-element-1c2f2d7 elementor-widget elementor-widget-text-editor\" data-id=\"1c2f2d7\" data-element_type=\"widget\" data-e-type=\"widget\" data-widget_type=\"text-editor.default\">\n\t\t\t\t\t\t\t\t\t<p><div class=\"pls-block pls-block-3297\">\t\t<div data-elementor-type=\"wp-post\" data-elementor-id=\"3297\" class=\"elementor elementor-3297\">\n\t\t\t\t<div class=\"elementor-element elementor-element-d99440d e-flex e-con-boxed e-con e-parent\" data-id=\"d99440d\" data-element_type=\"container\" data-e-type=\"container\" data-settings=\"{&quot;background_background&quot;:&quot;classic&quot;}\">\n\t\t\t\t\t<div class=\"e-con-inner\">\n\t\t\t\t<div class=\"elementor-element elementor-element-b850409 elementor-widget elementor-widget-text-editor\" data-id=\"b850409\" data-element_type=\"widget\" data-e-type=\"widget\" data-widget_type=\"text-editor.default\">\n\t\t\t\t\t\t\t\t\t<h6><strong>\u00a0Am\u00e9liorez les capacit\u00e9s de votre atelier d\u00e8s aujourd'hui ! <\/strong><strong>\ud83d\ude80<\/strong><\/h6>Ajoutez de nouvelles fonctionnalit\u00e9s, am\u00e9liorez l'exp\u00e9rience utilisateur et augmentez les conversions gr\u00e2ce \u00e0 notre module. Installation facile, compatibilit\u00e9 totale et mises \u00e0 jour r\u00e9guli\u00e8res - tout ce dont vous avez besoin pour que votre boutique fonctionne encore mieux.<br \/>\u2705 Installation facile \u2705 Support professionnel \u2705 Int\u00e9gration transparente<br \/><br \/><a class=\"button simple\" href=\"#main-content\" title=\"Installez et utilisez d\u00e8s maintenant !\">Installez-la et commencez \u00e0 l'utiliser d\u00e8s maintenant !<\/a>\t\t\t\t\t\t\t\t<\/div>\n\t\t\t\t\t<\/div>\n\t\t\t\t<\/div>\n\t\t\t\t<\/div>\n\t\t<\/div><\/p>\t\t\t\t\t\t\t\t<\/div>\n\t\t\t\t\t<\/div>\n\t\t\t\t<\/div>\n\t\t\t\t<\/div>","protected":false},"excerpt":{"rendered":"Int\u00e9gration Word Press Google \u2013 augmentez vos profits gr\u00e2ce \u00e0 des analyses professionnelles Notre plugin Word Press est un outil indispensable pour les boutiques Woo Commerce. Il permet une int\u00e9gration compl\u00e8te avec Google Analytics 4 et Google Tag Manager.","protected":false},"featured_media":3798,"comment_status":"open","ping_status":"closed","template":"","meta":{"powered_cache_disable_cache":false,"powered_cache_disable_css_optimization":false,"powered_cache_disable_js_optimization":false},"product_brand":[275],"product_cat":[128,132],"product_tag":[207,206,205,204,199,198],"class_list":{"0":"post-3360","1":"product","2":"type-product","3":"status-publish","4":"has-post-thumbnail","6":"product_brand-cocos","7":"product_cat-moduly","8":"product_cat-wordpress","9":"product_tag-ads","10":"product_tag-ga4","11":"product_tag-gtm","12":"product_tag-integracja-google","13":"product_tag-woocommerce","14":"product_tag-wordpress","16":"first","17":"instock","18":"featured","19":"downloadable","20":"virtual","21":"taxable","22":"purchasable","23":"product-type-simple"},"_links":{"self":[{"href":"https:\/\/iarina029.supserv.cozmoslabs.com\/fr\/wp-json\/wp\/v2\/product\/3360","targetHints":{"allow":["GET"]}}],"collection":[{"href":"https:\/\/iarina029.supserv.cozmoslabs.com\/fr\/wp-json\/wp\/v2\/product"}],"about":[{"href":"https:\/\/iarina029.supserv.cozmoslabs.com\/fr\/wp-json\/wp\/v2\/types\/product"}],"replies":[{"embeddable":true,"href":"https:\/\/iarina029.supserv.cozmoslabs.com\/fr\/wp-json\/wp\/v2\/comments?post=3360"}],"version-history":[{"count":0,"href":"https:\/\/iarina029.supserv.cozmoslabs.com\/fr\/wp-json\/wp\/v2\/product\/3360\/revisions"}],"wp:featuredmedia":[{"embeddable":true,"href":"https:\/\/iarina029.supserv.cozmoslabs.com\/fr\/wp-json\/wp\/v2\/media\/3798"}],"wp:attachment":[{"href":"https:\/\/iarina029.supserv.cozmoslabs.com\/fr\/wp-json\/wp\/v2\/media?parent=3360"}],"wp:term":[{"taxonomy":"product_brand","embeddable":true,"href":"https:\/\/iarina029.supserv.cozmoslabs.com\/fr\/wp-json\/wp\/v2\/product_brand?post=3360"},{"taxonomy":"product_cat","embeddable":true,"href":"https:\/\/iarina029.supserv.cozmoslabs.com\/fr\/wp-json\/wp\/v2\/product_cat?post=3360"},{"taxonomy":"product_tag","embeddable":true,"href":"https:\/\/iarina029.supserv.cozmoslabs.com\/fr\/wp-json\/wp\/v2\/product_tag?post=3360"}],"curies":[{"name":"wp","href":"https:\/\/api.w.org\/{rel}","templated":true}]}}