{"id":3288,"date":"2025-03-11T15:19:02","date_gmt":"2025-03-11T14:19:02","guid":{"rendered":"https:\/\/cocos.codes\/?post_type=product&#038;p=3288"},"modified":"2026-04-09T19:38:25","modified_gmt":"2026-04-09T17:38:25","slug":"woocommerce-livraison-gratuite","status":"publish","type":"product","link":"https:\/\/iarina029.supserv.cozmoslabs.com\/fr\/product\/woocommerce-livraison-gratuite\/","title":{"rendered":"WooCommerce livraison gratuite 1.0.3"},"content":{"rendered":"<div data-elementor-type=\"wp-post\" data-elementor-id=\"3288\" class=\"elementor elementor-3288\">\n\t\t\t\t<div class=\"elementor-element elementor-element-dfc0fc3 e-flex e-con-boxed e-con e-parent\" data-id=\"dfc0fc3\" data-element_type=\"container\" data-e-type=\"container\">\n\t\t\t\t\t<div class=\"e-con-inner\">\n\t\t\t\t<div class=\"elementor-element elementor-element-aa982fe elementor-widget elementor-widget-text-editor\" data-id=\"aa982fe\" data-element_type=\"widget\" data-e-type=\"widget\" data-widget_type=\"text-editor.default\">\n\t\t\t\t\t\t\t\t\t<h6><strong>WooCommerce free shipping - augmenter les ventes avec la livraison gratuite<br \/><\/strong><\/h6><strong>Livraison gratuite <a href=\"https:\/\/woocommerce.com\/\" title=\"WooCommerce\" target=\"_blank\" rel=\"noopener\">WooCommerce<\/a><\/strong> est un moyen \u00e9prouv\u00e9 d'augmenter la valeur de votre panier d'achat. Notre plug-in <strong>CC Livraison gratuite<\/strong> permet de configurer facilement le seuil de livraison gratuite et de personnaliser les messages d'incitation. La solution prend en charge plusieurs devises, affiche dynamiquement le montant manquant pour la livraison gratuite et offre un style avanc\u00e9. Augmentez vos ventes gr\u00e2ce \u00e0 des messages d\u00e9di\u00e9s lors du passage en caisse et \u00e0 une compatibilit\u00e9 totale avec les devises les plus courantes.\t\t\t\t\t\t\t\t<\/div>\n\t\t\t\t<div class=\"elementor-element elementor-element-316deeb elementor-widget elementor-widget-spacer\" data-id=\"316deeb\" data-element_type=\"widget\" data-e-type=\"widget\" data-widget_type=\"spacer.default\">\n\t\t\t\t\t\t\t<div class=\"elementor-spacer\">\n\t\t\t<div class=\"elementor-spacer-inner\"><\/div>\n\t\t<\/div>\n\t\t\t\t\t\t<\/div>\n\t\t\t\t\t<\/div>\n\t\t\t\t<\/div>\n\t\t<div class=\"elementor-element elementor-element-4a4fbba e-grid e-con-boxed e-con e-parent\" data-id=\"4a4fbba\" data-element_type=\"container\" data-e-type=\"container\">\n\t\t\t\t\t<div class=\"e-con-inner\">\n\t\t\t\t<div class=\"elementor-element elementor-element-6872402 elementor-widget elementor-widget-pls-button\" data-id=\"6872402\" data-element_type=\"widget\" data-e-type=\"widget\" data-widget_type=\"pls-button.default\">\n\t\t\t\t<div class=\"elementor-widget-container\">\n\t\t\t\t\t<div id=\"pls-button-70590\" class=\"pls-element pls-button\">\n\t<a class=\"button btn-style-flat\" href=\"\/fr\/base-de-connaissances\/wordpress\/woocommerce-livraison-gratuite\/\" title=\"DOCUMENTATION\"  target=\"_blank\">\n\t\tDOCUMENTATION\t<\/a>\n<\/div>\n\t\t\t\t<\/div>\n\t\t\t\t<\/div>\n\t\t\t\t<div class=\"elementor-element elementor-element-9d8fdd7 elementor-widget elementor-widget-pls-button\" data-id=\"9d8fdd7\" data-element_type=\"widget\" data-e-type=\"widget\" data-widget_type=\"pls-button.default\">\n\t\t\t\t<div class=\"elementor-widget-container\">\n\t\t\t\t\t<div id=\"pls-button-82178\" class=\"pls-element pls-button\">\n\t<a class=\"button btn-style-flat\" href=\"https:\/\/demo.cocos.codes\/cc_free_shipping\/\" title=\"DEMO\" target=\"_blank\" rel=\"noopener\">\n\t\tDEMO\t<\/a>\n<\/div>\n\t\t\t\t<\/div>\n\t\t\t\t<\/div>\n\t\t\t\t\t<\/div>\n\t\t\t\t<\/div>\n\t\t<div class=\"elementor-element elementor-element-3c1e8fe e-flex e-con-boxed e-con e-parent\" data-id=\"3c1e8fe\" data-element_type=\"container\" data-e-type=\"container\">\n\t\t\t\t\t<div class=\"e-con-inner\">\n\t\t\t\t<div class=\"elementor-element elementor-element-0b775e8 elementor-widget elementor-widget-spacer\" data-id=\"0b775e8\" data-element_type=\"widget\" data-e-type=\"widget\" data-widget_type=\"spacer.default\">\n\t\t\t\t\t\t\t<div class=\"elementor-spacer\">\n\t\t\t<div class=\"elementor-spacer-inner\"><\/div>\n\t\t<\/div>\n\t\t\t\t\t\t<\/div>\n\t\t\t\t<div class=\"elementor-element elementor-element-52c36ce elementor-widget elementor-widget-text-editor\" data-id=\"52c36ce\" data-element_type=\"widget\" data-e-type=\"widget\" data-widget_type=\"text-editor.default\">\n\t\t\t\t\t\t\t\t\t<h6><strong>Options de configuration compl\u00e8tes<\/strong><\/h6><strong>\u2699\ufe0f Param\u00e8tres de base<\/strong><br \/>\u2705 Seuil de livraison gratuite - d\u00e9finition pr\u00e9cise du montant de la commande au-del\u00e0 duquel le client b\u00e9n\u00e9ficiera de la livraison gratuite.<br \/>\u2705 Prise en compte des coupons de r\u00e9duction - possibilit\u00e9 de soustraire la valeur des coupons de la valeur du panier avant de v\u00e9rifier le seuil.<br \/>\u2705 Prise en compte des frais suppl\u00e9mentaires - possibilit\u00e9 de prendre en compte les frais ayant une valeur n\u00e9gative lors du calcul du seuil.<br \/>\u2705 D\u00e9sactiver les styles CSS par d\u00e9faut - contr\u00f4le total de l'apparence en d\u00e9sactivant les styles int\u00e9gr\u00e9s<br \/><br \/><strong>\u2728 Personnalisation des messages<\/strong><br \/>\u2705 Message en dessous du seuil - avec la variable dynamique {remaining} indiquant le montant manquant<br \/><strong>\u2705 <\/strong>Message au-dessus du seuil - information indiquant que la gratuit\u00e9 des frais de port a \u00e9t\u00e9 atteinte<br \/>Messages d\u00e9di\u00e9s \u00e0 la caisse - messages distincts pour les achats (en dessous et au-dessus du seuil)<br \/>\u2705 Message apparaissant avec une m\u00e9thode d'exp\u00e9dition gratuite, par exemple (exp\u00e9dition gratuite)<br \/><br \/><strong>\ud83d\udccd Emplacements d'affichage<\/strong><br \/>\u2705 Panier - affichage des messages sur la page du panier<br \/>\u2705 Page de commande - informations sur la livraison gratuite lors de la finalisation de la commande<br \/>\u2705 Avant les m\u00e9thodes de paiement - placement strat\u00e9gique du message avant la s\u00e9lection de la m\u00e9thode de paiement<br \/><br \/><strong>\ud83c\udfa8 Style avanc\u00e9<\/strong><br \/>\u2705 Couleur du texte - param\u00e8tres distincts pour les messages inf\u00e9rieurs et sup\u00e9rieurs au seuil<br \/>\u2705 Couleur d'arri\u00e8re-plan - personnaliser l'arri\u00e8re-plan pour les deux types de messages<br \/>\u2705 Couleur de la bordure - ajuster la couleur de la bordure pour les messages inf\u00e9rieurs et sup\u00e9rieurs au seuil.<br \/>\u2705 Taille de la bordure - contr\u00f4le pr\u00e9cis de l'\u00e9paisseur de la bordure (en pixels)<br \/>\u2705 Arrondissement de la bordure - r\u00e9glage du degr\u00e9 d'arrondissement des coins (en pixels)<br \/>\u2705 Taille de la police - possibilit\u00e9 de modifier la taille du texte (en pixels)<br \/>\u2705 Custom CSS - champ pour les styles CSS avanc\u00e9s permettant un contr\u00f4le complet de l'apparence<br \/><br \/><strong>\ud83d\udcb1 Compatibilit\u00e9 multidevises<\/strong><br \/>\u2705 WOOCS - WooCommerce Currency Switcher<br \/>\u2705 Aelia Currency Switcher<br \/>\u2705 WPML + WooCommerce Multilingue<br \/>\u2705 WooCommerce multi-devises<br \/>\u2705 Currency Switcher pour WooCommerce par WP Desk<br \/>\u2705 Conversion automatique du seuil dans la devise choisie par le client<br \/><br \/><strong>\ud83d\udd27 Caract\u00e9ristiques techniques<\/strong><br \/>\u2705 Compatibilit\u00e9 HPOS - prise en charge compl\u00e8te de WooCommerce High-Performance Order Storage<br \/>\u2705 Syst\u00e8me de gestion des licences - activation et gestion pratiques de la licence dans le panneau d'administration<br \/>\u2705 Optimisation des performances - charge minimale du serveur et fonctionnement rapide\t\t\t\t\t\t\t\t<\/div>\n\t\t\t\t<div class=\"elementor-element elementor-element-4a5e7ff elementor-widget elementor-widget-spacer\" data-id=\"4a5e7ff\" data-element_type=\"widget\" data-e-type=\"widget\" data-widget_type=\"spacer.default\">\n\t\t\t\t\t\t\t<div class=\"elementor-spacer\">\n\t\t\t<div class=\"elementor-spacer-inner\"><\/div>\n\t\t<\/div>\n\t\t\t\t\t\t<\/div>\n\t\t\t\t<div class=\"elementor-element elementor-element-ce1e9fa elementor-widget elementor-widget-text-editor\" data-id=\"ce1e9fa\" data-element_type=\"widget\" data-e-type=\"widget\" data-widget_type=\"text-editor.default\">\n\t\t\t\t\t\t\t\t\t<h6><strong>\ud83d\udcc8 Augmentez la valeur du panier de 20-30% !<\/strong><\/h6>Les \u00e9tudes montrent que la gratuit\u00e9 des frais de port est l'une des <strong>les moyens les plus efficaces d'augmenter la valeur moyenne des contrats<\/strong>. Merci \u00e0 CC Free Shipping <strong>Vos clients ajouteront des produits \u00e0 leur panier<\/strong>d'atteindre le seuil de livraison gratuite, gr\u00e2ce \u00e0 des messages attrayants qui <strong>motiver \u00e0 acheter davantage<\/strong>.\t\t\t\t\t\t\t\t<\/div>\n\t\t\t\t<div class=\"elementor-element elementor-element-8ec8481 elementor-widget elementor-widget-spacer\" data-id=\"8ec8481\" data-element_type=\"widget\" data-e-type=\"widget\" data-widget_type=\"spacer.default\">\n\t\t\t\t\t\t\t<div class=\"elementor-spacer\">\n\t\t\t<div class=\"elementor-spacer-inner\"><\/div>\n\t\t<\/div>\n\t\t\t\t\t\t<\/div>\n\t\t\t\t<div class=\"elementor-element elementor-element-7888287 elementor-widget elementor-widget-text-editor\" data-id=\"7888287\" data-element_type=\"widget\" data-e-type=\"widget\" data-widget_type=\"text-editor.default\">\n\t\t\t\t\t\t\t\t\t<h6><strong>Pour qui ?\u00a0<\/strong><\/h6>Le plugin est id\u00e9al pour tout le monde :<br \/>\u2714 Les magasins qui veulent augmenter la valeur du panier moyen<br \/>\u2714 Les propri\u00e9taires de commerce \u00e9lectronique \u00e0 la recherche de techniques de vente efficaces<br \/>\u2714 <a href=\"https:\/\/iarina029.supserv.cozmoslabs.com\/fr\/produit-categorie\/magasins-individuels\/\" title=\"Boutiques WooCommerce\">Boutiques WooCommerce<\/a>, qui appr\u00e9cient l'aspect professionnel du processus d'achat<br \/>\u2714 Les d\u00e9taillants qui veulent encourager les clients \u00e0 acheter davantage<br \/>\u2714 Les entreprises d'envergure internationale (gr\u00e2ce \u00e0 la prise en charge de plusieurs devises)\t\t\t\t\t\t\t\t<\/div>\n\t\t\t\t<div class=\"elementor-element elementor-element-425c3d6 elementor-widget elementor-widget-spacer\" data-id=\"425c3d6\" data-element_type=\"widget\" data-e-type=\"widget\" data-widget_type=\"spacer.default\">\n\t\t\t\t\t\t\t<div class=\"elementor-spacer\">\n\t\t\t<div class=\"elementor-spacer-inner\"><\/div>\n\t\t<\/div>\n\t\t\t\t\t\t<\/div>\n\t\t\t\t<div class=\"elementor-element elementor-element-4669eef elementor-widget elementor-widget-text-editor\" data-id=\"4669eef\" data-element_type=\"widget\" data-e-type=\"widget\" data-widget_type=\"text-editor.default\">\n\t\t\t\t\t\t\t\t\t<p><div class=\"pls-block pls-block-3297\">\t\t<div data-elementor-type=\"wp-post\" data-elementor-id=\"3297\" class=\"elementor elementor-3297\">\n\t\t\t\t<div class=\"elementor-element elementor-element-d99440d e-flex e-con-boxed e-con e-parent\" data-id=\"d99440d\" data-element_type=\"container\" data-e-type=\"container\" data-settings=\"{&quot;background_background&quot;:&quot;classic&quot;}\">\n\t\t\t\t\t<div class=\"e-con-inner\">\n\t\t\t\t<div class=\"elementor-element elementor-element-b850409 elementor-widget elementor-widget-text-editor\" data-id=\"b850409\" data-element_type=\"widget\" data-e-type=\"widget\" data-widget_type=\"text-editor.default\">\n\t\t\t\t\t\t\t\t\t<h6><strong>\u00a0Am\u00e9liorez les capacit\u00e9s de votre atelier d\u00e8s aujourd'hui ! <\/strong><strong>\ud83d\ude80<\/strong><\/h6>Ajoutez de nouvelles fonctionnalit\u00e9s, am\u00e9liorez l'exp\u00e9rience utilisateur et augmentez les conversions gr\u00e2ce \u00e0 notre module. Installation facile, compatibilit\u00e9 totale et mises \u00e0 jour r\u00e9guli\u00e8res - tout ce dont vous avez besoin pour que votre boutique fonctionne encore mieux.<br \/>\u2705 Installation facile \u2705 Support professionnel \u2705 Int\u00e9gration transparente<br \/><br \/><a class=\"button simple\" href=\"#main-content\" title=\"Installez et utilisez d\u00e8s maintenant !\">Installez-la et commencez \u00e0 l'utiliser d\u00e8s maintenant !<\/a>\t\t\t\t\t\t\t\t<\/div>\n\t\t\t\t\t<\/div>\n\t\t\t\t<\/div>\n\t\t\t\t<\/div>\n\t\t<\/div><\/p>\t\t\t\t\t\t\t\t<\/div>\n\t\t\t\t\t<\/div>\n\t\t\t\t<\/div>\n\t\t\t\t<\/div>","protected":false},"excerpt":{"rendered":"Woo Commerce livraison gratuite \u2013 augmentez vos ventes gr\u00e2ce \u00e0 la livraison gratuite La livraison gratuite Woo Commerce est un moyen \u00e9prouv\u00e9 d'augmenter la valeur du panier. Notre plugin CC Free Shipping permet de configurer facilement le seuil","protected":false},"featured_media":3809,"comment_status":"open","ping_status":"closed","template":"","meta":{"powered_cache_disable_cache":false,"powered_cache_disable_css_optimization":false,"powered_cache_disable_js_optimization":false},"product_brand":[275],"product_cat":[128,132],"product_tag":[200,199,198],"class_list":{"0":"post-3288","1":"product","2":"type-product","3":"status-publish","4":"has-post-thumbnail","6":"product_brand-cocos","7":"product_cat-moduly","8":"product_cat-wordpress","9":"product_tag-darmowa-dostawa","10":"product_tag-woocommerce","11":"product_tag-wordpress","13":"first","14":"instock","15":"featured","16":"downloadable","17":"virtual","18":"taxable","19":"purchasable","20":"product-type-simple"},"_links":{"self":[{"href":"https:\/\/iarina029.supserv.cozmoslabs.com\/fr\/wp-json\/wp\/v2\/product\/3288","targetHints":{"allow":["GET"]}}],"collection":[{"href":"https:\/\/iarina029.supserv.cozmoslabs.com\/fr\/wp-json\/wp\/v2\/product"}],"about":[{"href":"https:\/\/iarina029.supserv.cozmoslabs.com\/fr\/wp-json\/wp\/v2\/types\/product"}],"replies":[{"embeddable":true,"href":"https:\/\/iarina029.supserv.cozmoslabs.com\/fr\/wp-json\/wp\/v2\/comments?post=3288"}],"version-history":[{"count":0,"href":"https:\/\/iarina029.supserv.cozmoslabs.com\/fr\/wp-json\/wp\/v2\/product\/3288\/revisions"}],"wp:featuredmedia":[{"embeddable":true,"href":"https:\/\/iarina029.supserv.cozmoslabs.com\/fr\/wp-json\/wp\/v2\/media\/3809"}],"wp:attachment":[{"href":"https:\/\/iarina029.supserv.cozmoslabs.com\/fr\/wp-json\/wp\/v2\/media?parent=3288"}],"wp:term":[{"taxonomy":"product_brand","embeddable":true,"href":"https:\/\/iarina029.supserv.cozmoslabs.com\/fr\/wp-json\/wp\/v2\/product_brand?post=3288"},{"taxonomy":"product_cat","embeddable":true,"href":"https:\/\/iarina029.supserv.cozmoslabs.com\/fr\/wp-json\/wp\/v2\/product_cat?post=3288"},{"taxonomy":"product_tag","embeddable":true,"href":"https:\/\/iarina029.supserv.cozmoslabs.com\/fr\/wp-json\/wp\/v2\/product_tag?post=3288"}],"curies":[{"name":"wp","href":"https:\/\/api.w.org\/{rel}","templated":true}]}}