{"id":2770,"date":"2025-03-03T14:42:32","date_gmt":"2025-03-03T13:42:32","guid":{"rendered":"https:\/\/cocos.codes\/?post_type=product&#038;p=2770"},"modified":"2026-01-21T17:36:14","modified_gmt":"2026-01-21T16:36:14","slug":"wordpress-prestashop-demenagement-de-site-web","status":"publish","type":"product","link":"https:\/\/iarina029.supserv.cozmoslabs.com\/fr\/product\/wordpress-prestashop-demenagement-de-site-web\/","title":{"rendered":"Refonte du site WordPress 6.x\/PrestaShop 1.7\/8.x\/9.x"},"content":{"rendered":"<div data-elementor-type=\"wp-post\" data-elementor-id=\"2770\" class=\"elementor elementor-2770\">\n\t\t\t\t<div class=\"elementor-element elementor-element-4d1107db e-flex e-con-boxed e-con e-parent\" data-id=\"4d1107db\" data-element_type=\"container\" data-e-type=\"container\">\n\t\t\t\t\t<div class=\"e-con-inner\">\n\t\t\t\t<div class=\"elementor-element elementor-element-32101906 elementor-widget elementor-widget-text-editor\" data-id=\"32101906\" data-element_type=\"widget\" data-e-type=\"widget\" data-widget_type=\"text-editor.default\">\n\t\t\t\t\t\t\t\t\t<h6><strong>D\u00e9placer un site web WordPress<br \/><\/strong><\/h6><h6>D\u00e9placement du site PrestaShop<\/h6>Professionnel <strong>transfert de site web<\/strong> n\u00e9cessite de l'exp\u00e9rience et de la pr\u00e9cision. Nous proposons une migration en douceur <a href=\"https:\/\/wordpress.org\/\" title=\"WordPress\" target=\"_blank\" rel=\"noopener\">WordPress<\/a> i <a href=\"https:\/\/www.prestashop.com\/\" title=\"PrestaShop\" target=\"_blank\" rel=\"noopener\">PrestaShop<\/a> vers un nouveau serveur - sans stress ni temps d'arr\u00eat. Nous transf\u00e9rons tous les fichiers, bases de donn\u00e9es, plug-ins et th\u00e8mes, en veillant \u00e0 la s\u00e9curit\u00e9 et \u00e0 l'optimisation sur le serveur. <a href=\"https:\/\/iarina029.supserv.cozmoslabs.com\/fr\/product\/cocos_host-hebergement-stable-et-securise-pour-votre-entreprise\/\" title=\"Nouvel h\u00e9bergement\">nouvel h\u00e9bergement<\/a>. Le prix du service comprend une sauvegarde, la surveillance des DNS, la migration des t\u00e2ches CRON et 14 jours d'assistance technique.<br \/><br \/><h6>Ce que nous offrons :<\/h6><div><ol><li><strong>Migration compl\u00e8te \ud83d\uddc2\ufe0f :<\/strong> Nous transf\u00e9rons tous les fichiers, bases de donn\u00e9es, plug-ins, th\u00e8mes et comptes de messagerie - en toute s\u00e9curit\u00e9 et avec le souci du d\u00e9tail.<\/li><li><strong>Z\u00e9ro temps d'arr\u00eat \u23f1\ufe0f :<\/strong> Votre site web ou votre boutique sera disponible \u00e0 tout moment - nous r\u00e9duisons les inconv\u00e9nients \u00e0 z\u00e9ro.<\/li><li><strong>Optimisation sur le nouveau serveur \u26a1 :<\/strong> Apr\u00e8s la migration, nous testons et ajustons les param\u00e8tres pour que le site fonctionne plus rapidement et plus efficacement.<\/li><li><strong>Prise en charge compl\u00e8te de WordPress et PrestaShop \ud83d\udee0\ufe0f :<\/strong> Nous proposons toutes les versions et configurations, en conservant les fonctionnalit\u00e9s de 100%.<\/li><li><strong>Mise \u00e0 jour DNS \ud83c\udf0d :<\/strong> Nous surveillons le processus de mise \u00e0 jour du DNS, r\u00e9duisant ainsi les d\u00e9lais de changement \u00e0 un minimum (m\u00eame \u00e0 quelques heures !).<\/li><li><strong>Transfert des t\u00e2ches CRON \ud83d\udd04 :<\/strong> Nous nous assurons que les t\u00e2ches CRON s'ex\u00e9cutent correctement sur le nouveau serveur.<\/li><\/ol><\/div>\t\t\t\t\t\t\t\t<\/div>\n\t\t\t\t\t<\/div>\n\t\t\t\t<\/div>\n\t\t<div class=\"elementor-element elementor-element-7032d6e e-flex e-con-boxed e-con e-parent\" data-id=\"7032d6e\" data-element_type=\"container\" data-e-type=\"container\">\n\t\t\t\t\t<div class=\"e-con-inner\">\n\t\t\t\t<div class=\"elementor-element elementor-element-7829b3c elementor-widget elementor-widget-heading\" data-id=\"7829b3c\" data-element_type=\"widget\" data-e-type=\"widget\" data-widget_type=\"heading.default\">\n\t\t\t\t\t<h6 class=\"elementor-heading-title elementor-size-default\">Avantages suppl\u00e9mentaires :<\/h6>\t\t\t\t<\/div>\n\t\t\t\t\t<\/div>\n\t\t\t\t<\/div>\n\t\t<div class=\"elementor-element elementor-element-706f456 e-grid e-con-boxed e-con e-parent\" data-id=\"706f456\" data-element_type=\"container\" data-e-type=\"container\">\n\t\t\t\t\t<div class=\"e-con-inner\">\n\t\t\t\t<div class=\"elementor-element elementor-element-7ac3ce6 elementor-widget elementor-widget-text-editor\" data-id=\"7ac3ce6\" data-element_type=\"widget\" data-e-type=\"widget\" data-widget_type=\"text-editor.default\">\n\t\t\t\t\t\t\t\t\t<h6 style=\"text-align: center;\"><strong>S\u00e9curit\u00e9 des donn\u00e9es \ud83d\udd12<\/strong><\/h6><p style=\"text-align: center;\">Nous savons \u00e0 quel point vos donn\u00e9es sont importantes, c'est pourquoi nous veillons \u00e0 ce qu'elles soient totalement s\u00e9curis\u00e9es pendant la migration. Avant de commencer le processus, nous cr\u00e9ons <strong>sauvegarde<\/strong> l'ensemble du site web\/de la boutique. En cas de probl\u00e8me, nous restaurons imm\u00e9diatement la version pr\u00e9c\u00e9dente, de sorte que vous n'avez pas \u00e0 craindre de perdre vos donn\u00e9es. Vos fichiers, votre base de donn\u00e9es et votre configuration sont entre de bonnes mains !<br \/><br \/><\/p>\t\t\t\t\t\t\t\t<\/div>\n\t\t\t\t<div class=\"elementor-element elementor-element-a9b7e19 elementor-widget elementor-widget-text-editor\" data-id=\"a9b7e19\" data-element_type=\"widget\" data-e-type=\"widget\" data-widget_type=\"text-editor.default\">\n\t\t\t\t\t\t\t\t\t<h6 style=\"text-align: center;\"><strong>Assistance post-migration \ud83d\udee0\ufe0f<\/strong><\/h6><p style=\"text-align: center;\">La migration n'est pas la fin de notre coop\u00e9ration ! Nous proposons <strong>Assistance technique pendant 14 jours<\/strong> une fois le transfert de votre site\/boutique termin\u00e9. Si vous constatez des probl\u00e8mes ou si vous avez des questions concernant le nouveau serveur, nos experts sont \u00e0 votre disposition pour <strong>Votre<\/strong> disposition. Vous pouvez ainsi \u00eatre s\u00fbr que tout fonctionne comme il se doit.<\/p>\t\t\t\t\t\t\t\t<\/div>\n\t\t\t\t<div class=\"elementor-element elementor-element-07fe717 elementor-widget elementor-widget-text-editor\" data-id=\"07fe717\" data-element_type=\"widget\" data-e-type=\"widget\" data-widget_type=\"text-editor.default\">\n\t\t\t\t\t\t\t\t\t<h6 style=\"text-align: center;\"><strong>Consultation gratuite \ud83d\udde3\ufe0f<\/strong><\/h6><p style=\"text-align: center;\">Vous ne savez pas si votre site\/boutique est pr\u00eat pour la migration ? Ne vous inqui\u00e9tez pas ! Nous proposons <strong>gratuit<\/strong> une consultation au cours de laquelle <strong>nous analyserons<\/strong> la configuration actuelle, les versions des logiciels, les plug-ins et les th\u00e8mes. Cela nous permettra de pr\u00e9parer <strong>plan de migration personnalis\u00e9<\/strong>ce qui garantit un transfert en douceur et sans surprise. C'est notre fa\u00e7on de vous donner le contr\u00f4le total du processus.<\/p>\t\t\t\t\t\t\t\t<\/div>\n\t\t\t\t\t<\/div>\n\t\t\t\t<\/div>\n\t\t<div class=\"elementor-element elementor-element-9a04ba6 e-flex e-con-boxed e-con e-parent\" data-id=\"9a04ba6\" data-element_type=\"container\" data-e-type=\"container\">\n\t\t\t\t\t<div class=\"e-con-inner\">\n\t\t\t\t<div class=\"elementor-element elementor-element-4c26bd7 elementor-widget elementor-widget-spacer\" data-id=\"4c26bd7\" data-element_type=\"widget\" data-e-type=\"widget\" data-widget_type=\"spacer.default\">\n\t\t\t\t\t\t\t<div class=\"elementor-spacer\">\n\t\t\t<div class=\"elementor-spacer-inner\"><\/div>\n\t\t<\/div>\n\t\t\t\t\t\t<\/div>\n\t\t\t\t\t<\/div>\n\t\t\t\t<\/div>\n\t\t<div class=\"elementor-element elementor-element-ef62bdf e-flex e-con-boxed e-con e-parent\" data-id=\"ef62bdf\" data-element_type=\"container\" data-e-type=\"container\" data-settings=\"{&quot;background_background&quot;:&quot;classic&quot;}\">\n\t\t\t\t\t<div class=\"e-con-inner\">\n\t\t\t\t<div class=\"elementor-element elementor-element-c334b42 elementor-widget elementor-widget-text-editor\" data-id=\"c334b42\" data-element_type=\"widget\" data-e-type=\"widget\" data-widget_type=\"text-editor.default\">\n\t\t\t\t\t\t\t\t\t<h6 style=\"text-align: center;\">Ne vous pr\u00e9occupez pas des subtilit\u00e9s techniques du d\u00e9m\u00e9nagement ! \ud83d\ude9a<\/h6><p style=\"text-align: center;\">Faites-nous confiance - <strong>experts<\/strong>qui s'occupera de tous les d\u00e9tails.<\/p><p style=\"text-align: center;\"><a class=\"button simple\" href=\"https:\/\/iarina029.supserv.cozmoslabs.com\/fr\/contact\/\" title=\"Contactez-nous d\u00e8s aujourd&#039;hui pour discuter des d\u00e9tails de la migration !\">Contactez-nous d\u00e8s aujourd'hui pour discuter des d\u00e9tails de la migration !<\/a><\/p><p style=\"text-align: center;\"><strong>Concentrez-vous sur votre activit\u00e9 et nous nous occupons du reste.<\/strong> <br \/>D\u00e9placez votre site web ou votre boutique sur un nouveau serveur avec la certitude que tout fonctionnera de A \u00e0 Z sans aucun probl\u00e8me !<\/p>\t\t\t\t\t\t\t\t<\/div>\n\t\t\t\t\t<\/div>\n\t\t\t\t<\/div>\n\t\t<div class=\"elementor-element elementor-element-d2ad6e7 e-flex e-con-boxed e-con e-parent\" data-id=\"d2ad6e7\" data-element_type=\"container\" data-e-type=\"container\">\n\t\t\t\t\t<div class=\"e-con-inner\">\n\t\t\t\t<div class=\"elementor-element elementor-element-9709519 elementor-widget elementor-widget-spacer\" data-id=\"9709519\" data-element_type=\"widget\" data-e-type=\"widget\" data-widget_type=\"spacer.default\">\n\t\t\t\t\t\t\t<div class=\"elementor-spacer\">\n\t\t\t<div class=\"elementor-spacer-inner\"><\/div>\n\t\t<\/div>\n\t\t\t\t\t\t<\/div>\n\t\t\t\t<div class=\"elementor-element elementor-element-79a7d82 elementor-widget elementor-widget-heading\" data-id=\"79a7d82\" data-element_type=\"widget\" data-e-type=\"widget\" data-widget_type=\"heading.default\">\n\t\t\t\t\t<h6 class=\"elementor-heading-title elementor-size-default\">Quel forfait (quantit\u00e9 de donn\u00e9es) dois-je choisir ?<\/h6>\t\t\t\t<\/div>\n\t\t\t\t<div class=\"elementor-element elementor-element-b92a65a elementor-widget elementor-widget-text-editor\" data-id=\"b92a65a\" data-element_type=\"widget\" data-e-type=\"widget\" data-widget_type=\"text-editor.default\">\n\t\t\t\t\t\t\t\t\t<table class=\"cc-table\"><thead><tr><th style=\"text-align: left;\">Taille<\/th><th style=\"text-align: left;\">Pour qui<\/th><th style=\"text-align: left;\">\u00c0 quoi s'attendre<\/th><\/tr><\/thead><tbody><tr><td><strong>jusqu'\u00e0 5 Go \ud83d\udce6<\/strong>\u00a0- Micro site\/boutique<\/td><td>Blogs, portfolios, petites boutiques (<strong>jusqu'\u00e0 25<\/strong> produits).<\/td><td><strong>Simple<\/strong> des mod\u00e8les, plusieurs plug-ins, une petite base de donn\u00e9es.<\/td><\/tr><tr><td><strong>jusqu'\u00e0 10 Go \ud83d\ude9a<\/strong>\u00a0- Petit site web\/boutique<\/td><td>Sites web d'entreprises, magasins (<strong>jusqu'\u00e0 50<\/strong> produits).<\/td><td><strong>Plusieurs<\/strong> plug-ins, fonctionnalit\u00e9 de base du commerce \u00e9lectronique.<\/td><\/tr><tr><td><strong>jusqu'\u00e0 20 Go \ud83c\udfe2<\/strong>\u00a0- Site\/boutique de taille moyenne<\/td><td>Les grands magasins (<strong>jusqu'\u00e0 250<\/strong> produits), les pages \u00e0 fort contenu.<\/td><td>Fonctionnalit\u00e9s avanc\u00e9es, base de donn\u00e9es <strong>environ 1 Go<\/strong>.<\/td><\/tr><tr><td><strong>jusqu'\u00e0 50 Go \ud83c\udf10<\/strong>\u00a0- Grand site web\/boutique<\/td><td>D'immenses magasins (<strong>plus de 250<\/strong> ), les plateformes m\u00e9diatiques.<\/td><td>Fonctionnalit\u00e9s complexes, base de donn\u00e9es <strong>environ 5 Go<\/strong>.<\/td><\/tr><tr><td><strong>plus de 50 Go \ud83d\udee0\ufe0f\u00a0<\/strong> - Tr\u00e8s grand site\/boutique (tarification individuelle)<\/td><td>Plates-formes SaaS, boutiques multilingues, sites web avec <strong>\u00e9norme<\/strong> volume de donn\u00e9es.<\/td><td>Personnalisation compl\u00e8te, int\u00e9grations avanc\u00e9es, base de donn\u00e9es <strong>plus de 5 Go<\/strong>.<\/td><\/tr><\/tbody><\/table>\t\t\t\t\t\t\t\t<\/div>\n\t\t\t\t\t<\/div>\n\t\t\t\t<\/div>\n\t\t\t\t<\/div>","protected":false},"excerpt":{"rendered":"Przeprowadzka strony Word Press Przeprowadzka strony Presta Shop Profesjonalne przeniesienie strony wymaga do\u015bwiadczenia i precyzji. Oferujemy p\u0142ynn\u0105 migracj\u0119 Word Press i Presta Shop na nowy serwer \u2013 bez stresu i","protected":false},"featured_media":2780,"comment_status":"open","ping_status":"closed","template":"","meta":{"powered_cache_disable_cache":false,"powered_cache_disable_css_optimization":false,"powered_cache_disable_js_optimization":false},"product_brand":[275],"product_cat":[129],"product_tag":[256,244,255,198],"class_list":{"0":"post-2770","1":"product","2":"type-product","3":"status-publish","4":"has-post-thumbnail","6":"product_brand-cocos","7":"product_cat-uslugi","8":"product_tag-migracja","9":"product_tag-prestashop","10":"product_tag-przeniesienie-strony","11":"product_tag-wordpress","13":"first","14":"instock","15":"taxable","16":"shipping-taxable","17":"purchasable","18":"product-type-variable","19":"has-default-attributes"},"_links":{"self":[{"href":"https:\/\/iarina029.supserv.cozmoslabs.com\/fr\/wp-json\/wp\/v2\/product\/2770","targetHints":{"allow":["GET"]}}],"collection":[{"href":"https:\/\/iarina029.supserv.cozmoslabs.com\/fr\/wp-json\/wp\/v2\/product"}],"about":[{"href":"https:\/\/iarina029.supserv.cozmoslabs.com\/fr\/wp-json\/wp\/v2\/types\/product"}],"replies":[{"embeddable":true,"href":"https:\/\/iarina029.supserv.cozmoslabs.com\/fr\/wp-json\/wp\/v2\/comments?post=2770"}],"version-history":[{"count":0,"href":"https:\/\/iarina029.supserv.cozmoslabs.com\/fr\/wp-json\/wp\/v2\/product\/2770\/revisions"}],"wp:featuredmedia":[{"embeddable":true,"href":"https:\/\/iarina029.supserv.cozmoslabs.com\/fr\/wp-json\/wp\/v2\/media\/2780"}],"wp:attachment":[{"href":"https:\/\/iarina029.supserv.cozmoslabs.com\/fr\/wp-json\/wp\/v2\/media?parent=2770"}],"wp:term":[{"taxonomy":"product_brand","embeddable":true,"href":"https:\/\/iarina029.supserv.cozmoslabs.com\/fr\/wp-json\/wp\/v2\/product_brand?post=2770"},{"taxonomy":"product_cat","embeddable":true,"href":"https:\/\/iarina029.supserv.cozmoslabs.com\/fr\/wp-json\/wp\/v2\/product_cat?post=2770"},{"taxonomy":"product_tag","embeddable":true,"href":"https:\/\/iarina029.supserv.cozmoslabs.com\/fr\/wp-json\/wp\/v2\/product_tag?post=2770"}],"curies":[{"name":"wp","href":"https:\/\/api.w.org\/{rel}","templated":true}]}}