{"id":2692,"date":"2025-03-02T13:30:53","date_gmt":"2025-03-02T12:30:53","guid":{"rendered":"https:\/\/cocos.codes\/?post_type=product&#038;p=2692"},"modified":"2026-04-09T19:38:28","modified_gmt":"2026-04-09T17:38:28","slug":"serveur-vps-serveur-super-rapide-et-puissant","status":"publish","type":"product","link":"https:\/\/iarina029.supserv.cozmoslabs.com\/fr\/product\/serveur-vps-serveur-super-rapide-et-puissant\/","title":{"rendered":"Serveur VPS - serveur super rapide et puissant pour les personnes exigeantes \ud83d\udcaa"},"content":{"rendered":"<div data-elementor-type=\"wp-post\" data-elementor-id=\"2692\" class=\"elementor elementor-2692\">\n\t\t\t\t<div class=\"elementor-element elementor-element-49939bd3 e-flex e-con-boxed e-con e-parent\" data-id=\"49939bd3\" data-element_type=\"container\" data-e-type=\"container\">\n\t\t\t\t\t<div class=\"e-con-inner\">\n\t\t\t\t<div class=\"elementor-element elementor-element-45b48c71 elementor-widget elementor-widget-text-editor\" data-id=\"45b48c71\" data-element_type=\"widget\" data-e-type=\"widget\" data-widget_type=\"text-editor.default\">\n\t\t\t\t\t\t\t\t\t<strong>Serveur VPS - super rapide et fiable pour les projets exigeants<\/strong><br \/>Besoin d'un contr\u00f4le total et d'une efficacit\u00e9 maximale ? Notre <strong>Serveur VPS<\/strong> sont des ressources d\u00e9di\u00e9es avec des processeurs <a href=\"https:\/\/www.amd.com\/pl\/products\/epyc-processors\" title=\"AMD EPYC\u2122 7002\" target=\"_blank\" rel=\"noopener\">AMD EPYC\u2122 7002<\/a>qui garantissent la rapidit\u00e9 et la stabilit\u00e9 du fonctionnement. Nous proposons des services de mise en cache de qualit\u00e9 sup\u00e9rieure (<a href=\"https:\/\/nginx.org\/en\/\" title=\"Cache Nginx\" target=\"_blank\" rel=\"noopener\">Cache Nginx<\/a> + Redis), une sauvegarde S3 de 14 jours, une surveillance 24\/7 et une administration compl\u00e8te. Le temps de disponibilit\u00e9 de 99,9% garantit la fiabilit\u00e9 des sites, des applications et des serveurs. <a href=\"https:\/\/iarina029.supserv.cozmoslabs.com\/fr\/produit-categorie\/magasins-individuels\/\" title=\"Boutiques WooCommerce\">Boutiques WooCommerce<\/a>. Elle est id\u00e9ale pour les projets exigeants qui n\u00e9cessitent plus qu'une <a href=\"https:\/\/iarina029.supserv.cozmoslabs.com\/fr\/product\/cocos_host-hebergement-stable-et-securise-pour-votre-entreprise\/\" title=\"H\u00e9bergement d&#039;entreprises\">h\u00e9bergement d'entreprises<\/a>. <br \/><br \/><h6>Que proposons-nous ?<\/h6><ul><li><strong><span style=\"text-decoration: underline;\">Administration compl\u00e8te<\/span> et les mises \u00e0 jour du syst\u00e8me<\/strong> - nous prenons soin de votre serveur, en veillant \u00e0 son optimisation et \u00e0 sa s\u00e9curit\u00e9 en permanence.<\/li><li><strong>Haute performance<\/strong> - transformateurs <strong>AMD EPYC\u2122 7002<\/strong> et le cache premium (<strong>Cache Nginx<\/strong> + <strong>Redis<\/strong>) garantissent que les applications et les sites web fonctionnent \u00e0 la vitesse de l'\u00e9clair.<\/li><li><strong>Sauvegarde compl\u00e8te S3 pendant 14 jours<\/strong> - Vos donn\u00e9es sont en s\u00e9curit\u00e9 gr\u00e2ce \u00e0 des sauvegardes quotidiennes stock\u00e9es sur des serveurs distincts.<\/li><li><strong>Ressources d\u00e9di\u00e9es<\/strong> - L'unit\u00e9 centrale, la m\u00e9moire vive et l'espace disque sont exclusivement \u00e0 votre disposition, ce qui vous donne toute la puissance n\u00e9cessaire pour les projets les plus exigeants.<\/li><li><strong>La s\u00e9curit\u00e9 au plus haut niveau<\/strong> - Le certificat SSL, le pare-feu et la protection contre les attaques DDoS prot\u00e8gent votre serveur contre les menaces.<\/li><li><strong>Surveillance 24\/7<\/strong> - Votre serveur est pris en charge \u00e0 tout moment et le temps de fonctionnement \u00e0 <strong>99,9%<\/strong> garantit la fiabilit\u00e9 du service.<\/li><li><strong>Flexibilit\u00e9 et \u00e9volutivit\u00e9<\/strong> - acc\u00e8s gratuit au panel <strong>COCOS. Panneau de contr\u00f4le<\/strong> permet de g\u00e9rer facilement le serveur et d'augmenter rapidement les ressources si n\u00e9cessaire.<\/li><li><strong>Assistance technique 24 heures sur 24, 7 jours sur 7<\/strong> - Notre \u00e9quipe est disponible par e-mail et par chat \u00e0 tout moment, pr\u00eate \u00e0 r\u00e9soudre vos probl\u00e8mes.<\/li><\/ul>Notre serveur VPS est la solution id\u00e9ale pour ceux qui ont besoin de fiabilit\u00e9, d'un contr\u00f4le total et de performances exceptionnelles. Qu'il s'agisse d'applications avanc\u00e9es, de boutiques en ligne ou d'autres projets, avec notre VPS, vous pouvez \u00eatre s\u00fbr que votre serveur r\u00e9pondra \u00e0 toutes vos exigences et fonctionnera toujours \u00e0 pleine capacit\u00e9.\t\t\t\t\t\t\t\t<\/div>\n\t\t\t\t<div class=\"elementor-element elementor-element-7ea57db elementor-widget elementor-widget-spacer\" data-id=\"7ea57db\" data-element_type=\"widget\" data-e-type=\"widget\" data-widget_type=\"spacer.default\">\n\t\t\t\t\t\t\t<div class=\"elementor-spacer\">\n\t\t\t<div class=\"elementor-spacer-inner\"><\/div>\n\t\t<\/div>\n\t\t\t\t\t\t<\/div>\n\t\t\t\t<div class=\"elementor-element elementor-element-a7f394b elementor-widget elementor-widget-heading\" data-id=\"a7f394b\" data-element_type=\"widget\" data-e-type=\"widget\" data-widget_type=\"heading.default\">\n\t\t\t\t\t<h6 class=\"elementor-heading-title elementor-size-default\">Packages - sp\u00e9cification d\u00e9taill\u00e9e<\/h6>\t\t\t\t<\/div>\n\t\t\t\t<div class=\"elementor-element elementor-element-ac447e7 elementor-widget elementor-widget-text-editor\" data-id=\"ac447e7\" data-element_type=\"widget\" data-e-type=\"widget\" data-widget_type=\"text-editor.default\">\n\t\t\t\t\t\t\t\t\t<table class=\"cc-table\"><thead><tr><th>Paquet<\/th><th>Capacit\u00e9<\/th><th>COCOS Avantages communs.<\/th><\/tr><\/thead><tbody><tr><td><strong>COCOS_VPS_40<\/strong><\/td><td><strong>40<\/strong> GB NVMe \u26a1<\/td><td class=\"cc-details\" rowspan=\"6\"><br \/>\u2714 <span style=\"text-decoration: underline;\"><strong>Administration compl\u00e8te<\/strong><\/span> i <strong>mises \u00e0 jour<\/strong> Syst\u00e9matique \ud83d\udd27<br \/>\u2714 14 jours <strong>sauvegarde compl\u00e8te S3, <\/strong>stock\u00e9 sur <strong>s\u00e9parer<\/strong> serveurs \ud83d\udcbe<br \/>\u2714 <strong>Certificat SSL<\/strong> pour une connexion s\u00e9curis\u00e9e \ud83d\udd11<br \/>\u2714 Pare-feu (<strong>pare-feu<\/strong>) protection contre les risques \ud83d\udd25<br \/>\u2714 Protection contre <strong>Attaques DDoS<\/strong> assurer la stabilit\u00e9 \ud83d\udee1\ufe0f<br \/>Surveillance du serveur 24 heures sur 24 <strong>24\/7<\/strong> \ud83d\udc40<br \/>\u2714 Assistance technique : <strong>24\/7<\/strong> (email, chat) \ud83d\udcac<br \/>\u2714 Uptime : <strong>99,9%<\/strong> \ud83d\udcc8<br \/>\u2714 Haute performance : Processeurs <strong>AMD EPYC\u2122 7002<\/strong>\u26a1<br \/>\u2714 Premium Caching : <strong>Cache Nginx<\/strong> + <strong>Redis<\/strong> pour la vitesse maximale \ud83d\ude80<br \/>\u2714 Acc\u00e8s gratuit au panel <strong>COCOS. Panneau de contr\u00f4le<\/strong> \ud83d\udda5\ufe0f<\/td><\/tr><tr><td><strong>COCOS_VPS_80<\/strong><\/td><td><strong>80<\/strong> GB NVMe \u26a1<\/td><\/tr><tr><td><strong>COCOS_VPS_160<\/strong><\/td><td><strong>160<\/strong> GB NVMe \u26a1<\/td><\/tr><tr><td><strong>COCOS_VPS_240<\/strong><\/td><td><strong>240<\/strong> GB NVMe \u26a1<\/td><\/tr><tr><td><strong>COCOS_VPS_360<\/strong><\/td><td><strong>360<\/strong> GB NVMe \u26a1<\/td><\/tr><\/tbody><\/table>\t\t\t\t\t\t\t\t<\/div>\n\t\t\t\t<div class=\"elementor-element elementor-element-9631622 elementor-widget elementor-widget-spacer\" data-id=\"9631622\" data-element_type=\"widget\" data-e-type=\"widget\" data-widget_type=\"spacer.default\">\n\t\t\t\t\t\t\t<div class=\"elementor-spacer\">\n\t\t\t<div class=\"elementor-spacer-inner\"><\/div>\n\t\t<\/div>\n\t\t\t\t\t\t<\/div>\n\t\t\t\t<div class=\"elementor-element elementor-element-cce84e5 elementor-widget elementor-widget-text-editor\" data-id=\"cce84e5\" data-element_type=\"widget\" data-e-type=\"widget\" data-widget_type=\"text-editor.default\">\n\t\t\t\t\t\t\t\t\t<p><div class=\"pls-block pls-block-3263\">\t\t<div data-elementor-type=\"wp-post\" data-elementor-id=\"3263\" class=\"elementor elementor-3263\">\n\t\t\t\t<div class=\"elementor-element elementor-element-199e8ab e-flex e-con-boxed e-con e-child\" data-id=\"199e8ab\" data-element_type=\"container\" data-e-type=\"container\" data-settings=\"{&quot;background_background&quot;:&quot;classic&quot;}\">\n\t\t\t\t\t<div class=\"e-con-inner\">\n\t\t\t\t<div class=\"elementor-element elementor-element-1d2e8eb elementor-widget elementor-widget-text-editor\" data-id=\"1d2e8eb\" data-element_type=\"widget\" data-e-type=\"widget\" data-widget_type=\"text-editor.default\">\n\t\t\t\t\t\t\t\t\t<h6 style=\"text-align: center;\">Assurez la stabilit\u00e9 de votre entreprise d\u00e8s maintenant ! \u26a1<\/h6><p style=\"text-align: center;\">Confiez votre serveur \u00e0 <strong>experts<\/strong>qui s'occupera de <strong>fiabilit\u00e9<\/strong> i <strong>s\u00e9curit\u00e9<\/strong> Vos donn\u00e9es.<\/p><p style=\"text-align: center;\"><a class=\"button simple\" href=\"https:\/\/iarina029.supserv.cozmoslabs.com\/fr\/contact\/\" title=\"Contactez-nous d\u00e8s aujourd&#039;hui pour choisir le serveur id\u00e9al pour vous !\">Contactez-nous d\u00e8s aujourd'hui pour choisir le serveur id\u00e9al pour vous !<\/a><\/p><p style=\"text-align: center;\"><strong>Concentrez-vous sur votre activit\u00e9 et nous nous occupons du reste.<\/strong> <br \/>Avec notre serveur, vous avez l'assurance que votre site web, votre boutique ou votre application fonctionnera rapidement, en toute s\u00e9curit\u00e9 et sans interruption !<\/p>\t\t\t\t\t\t\t\t<\/div>\n\t\t\t\t\t<\/div>\n\t\t\t\t<\/div>\n\t\t\t\t<\/div>\n\t\t<\/div><\/p>\t\t\t\t\t\t\t\t<\/div>\n\t\t\t\t\t<\/div>\n\t\t\t\t<\/div>\n\t\t\t\t<\/div>","protected":false},"excerpt":{"rendered":"Serwer VPS \u2013 superszybki i niezawodny dla wymagaj\u0105cych projekt\u00f3w Potrzebujesz pe\u0142nej kontroli i maksymalnej wydajno\u015bci? Nasz serwer VPS to dedykowane zasoby z procesorami AMD EPYC\u2122 7002, kt\u00f3re gwarantuj\u0105 szybko\u015b\u0107 i","protected":false},"featured_media":2779,"comment_status":"open","ping_status":"closed","template":"","meta":{"powered_cache_disable_cache":false,"powered_cache_disable_css_optimization":false,"powered_cache_disable_js_optimization":false},"product_brand":[275],"product_cat":[129],"product_tag":[262,260,261],"class_list":{"0":"post-2692","1":"product","2":"type-product","3":"status-publish","4":"has-post-thumbnail","6":"product_brand-cocos","7":"product_cat-uslugi","8":"product_tag-amd-epyc","9":"product_tag-serwer-vps","10":"product_tag-superszybki-serwer","12":"first","13":"instock","14":"taxable","15":"shipping-taxable","16":"purchasable","17":"product-type-variable","18":"has-default-attributes"},"_links":{"self":[{"href":"https:\/\/iarina029.supserv.cozmoslabs.com\/fr\/wp-json\/wp\/v2\/product\/2692","targetHints":{"allow":["GET"]}}],"collection":[{"href":"https:\/\/iarina029.supserv.cozmoslabs.com\/fr\/wp-json\/wp\/v2\/product"}],"about":[{"href":"https:\/\/iarina029.supserv.cozmoslabs.com\/fr\/wp-json\/wp\/v2\/types\/product"}],"replies":[{"embeddable":true,"href":"https:\/\/iarina029.supserv.cozmoslabs.com\/fr\/wp-json\/wp\/v2\/comments?post=2692"}],"version-history":[{"count":0,"href":"https:\/\/iarina029.supserv.cozmoslabs.com\/fr\/wp-json\/wp\/v2\/product\/2692\/revisions"}],"wp:featuredmedia":[{"embeddable":true,"href":"https:\/\/iarina029.supserv.cozmoslabs.com\/fr\/wp-json\/wp\/v2\/media\/2779"}],"wp:attachment":[{"href":"https:\/\/iarina029.supserv.cozmoslabs.com\/fr\/wp-json\/wp\/v2\/media?parent=2692"}],"wp:term":[{"taxonomy":"product_brand","embeddable":true,"href":"https:\/\/iarina029.supserv.cozmoslabs.com\/fr\/wp-json\/wp\/v2\/product_brand?post=2692"},{"taxonomy":"product_cat","embeddable":true,"href":"https:\/\/iarina029.supserv.cozmoslabs.com\/fr\/wp-json\/wp\/v2\/product_cat?post=2692"},{"taxonomy":"product_tag","embeddable":true,"href":"https:\/\/iarina029.supserv.cozmoslabs.com\/fr\/wp-json\/wp\/v2\/product_tag?post=2692"}],"curies":[{"name":"wp","href":"https:\/\/api.w.org\/{rel}","templated":true}]}}