{"id":2689,"date":"2025-03-02T13:29:27","date_gmt":"2025-03-02T12:29:27","guid":{"rendered":"https:\/\/cocos.codes\/?post_type=product&#038;p=2689"},"modified":"2026-01-21T17:38:49","modified_gmt":"2026-01-21T16:38:49","slug":"hebergement-dentreprise-stable-et-securise","status":"publish","type":"product","link":"https:\/\/iarina029.supserv.cozmoslabs.com\/fr\/product\/hebergement-dentreprise-stable-et-securise\/","title":{"rendered":"H\u00e9bergement professionnel - stable et s\u00fbr \ud83d\udd12"},"content":{"rendered":"<div data-elementor-type=\"wp-post\" data-elementor-id=\"2689\" class=\"elementor elementor-2689\">\n\t\t\t\t<div class=\"elementor-element elementor-element-4cb05206 e-flex e-con-boxed e-con e-parent\" data-id=\"4cb05206\" data-element_type=\"container\" data-e-type=\"container\">\n\t\t\t\t\t<div class=\"e-con-inner\">\n\t\t\t\t<div class=\"elementor-element elementor-element-41775d13 elementor-widget elementor-widget-text-editor\" data-id=\"41775d13\" data-element_type=\"widget\" data-e-type=\"widget\" data-widget_type=\"text-editor.default\">\n\t\t\t\t\t\t\t\t\t<h6>H\u00e9bergement d'entreprises<\/h6>Vous cherchez une infrastructure fiable sans complications inutiles ? <strong>H\u00e9bergement d'entreprises<\/strong> est la solution id\u00e9ale pour les entreprises qui accordent de l'importance \u00e0 l'efficacit\u00e9 et \u00e0 la s\u00e9curit\u00e9. Nous proposons des <a href=\"https:\/\/www.amd.com\/pl\/products\/epyc-processors\" title=\"Serveurs AMD EPYC\" target=\"_blank\" rel=\"noopener\">Serveurs AMD EPYC<\/a> et des disques NVMe ultra-rapides pour un fonctionnement sans faille des sites web, des applications et des syst\u00e8mes d'exploitation. <a href=\"https:\/\/iarina029.supserv.cozmoslabs.com\/fr\/product\/woocommerce-advanced-discounts\/\" title=\"Boutiques WooCommerce\">Boutiques WooCommerce<\/a>. Nous fournissons des sauvegardes quotidiennes, une disponibilit\u00e9 de 99.9%, un support 24\/7 et un cache premium (<a href=\"https:\/\/nginx.org\/en\/\" title=\"Cache Nginx\" target=\"_blank\" rel=\"noopener\">Cache Nginx<\/a> + Redis). Un panneau de gestion intuitif permet un contr\u00f4le total de l'infrastructure, similaire \u00e0 un syst\u00e8me de gestion de l'information. <a href=\"https:\/\/iarina029.supserv.cozmoslabs.com\/fr\/product\/cocos_vps-serveur-super-rapide-et-puissant-pour-les-utilisateurs-exigeants\/\" title=\"Serveur VPS\">Serveur VPS<\/a>. <br \/><br \/><h6>Que proposons-nous ?<\/h6><ul><li><strong>Disques NVMe<\/strong> - des temps de chargement ultra-rapides, ce qui acc\u00e9l\u00e8re votre site web et vos applications.<\/li><li><strong>S\u00e9curit\u00e9 et sauvegardes<\/strong> - des sauvegardes quotidiennes pour que vos donn\u00e9es soient toujours en s\u00e9curit\u00e9. Si n\u00e9cessaire, vous pouvez rapidement restaurer votre syst\u00e8me \u00e0 un \u00e9tat ant\u00e9rieur.<\/li><li><strong>Performance<\/strong> - gr\u00e2ce \u00e0 la derni\u00e8re g\u00e9n\u00e9ration de processeurs et \u00e0 une grande quantit\u00e9 de m\u00e9moire vive, vous \u00eates assur\u00e9 que votre serveur peut prendre en charge des sites\/boutiques simples.<\/li><li><strong>Disponibilit\u00e9 (temps de fonctionnement)<\/strong> - nous garantissons la disponibilit\u00e9 \u00e0 <strong>99,9%<\/strong>ce qui signifie que votre site web sera disponible pour les utilisateurs \u00e0 presque tout moment.<\/li><li><strong>Rapide<\/strong> i <strong>stable<\/strong> Connectivit\u00e9 - nous offrons une connexion internet \u00e0 large bande passante, ce qui garantit le bon fonctionnement du site et minimise les risques de retard.<\/li><li><strong>Assistance 24\/7<\/strong> - notre \u00e9quipe d'experts est disponible \u00e0 toute heure du jour et de la nuit, pr\u00eate \u00e0 vous aider en cas de probl\u00e8me.<\/li><li><strong>Panneau de gestion simple<\/strong> - un panneau intuitif qui vous permet de g\u00e9rer facilement vos services d'h\u00e9bergement.<\/li><\/ul>Notre serveur d'h\u00e9bergement est une solution qui fonctionne dans toutes les situations, offrant un \u00e9quilibre optimal entre performance, s\u00e9curit\u00e9 et facilit\u00e9 d'utilisation.\t\t\t\t\t\t\t\t<\/div>\n\t\t\t\t<div class=\"elementor-element elementor-element-de5f741 elementor-widget elementor-widget-spacer\" data-id=\"de5f741\" data-element_type=\"widget\" data-e-type=\"widget\" data-widget_type=\"spacer.default\">\n\t\t\t\t\t\t\t<div class=\"elementor-spacer\">\n\t\t\t<div class=\"elementor-spacer-inner\"><\/div>\n\t\t<\/div>\n\t\t\t\t\t\t<\/div>\n\t\t\t\t<div class=\"elementor-element elementor-element-52410fd elementor-widget elementor-widget-heading\" data-id=\"52410fd\" data-element_type=\"widget\" data-e-type=\"widget\" data-widget_type=\"heading.default\">\n\t\t\t\t\t<h6 class=\"elementor-heading-title elementor-size-default\">Packages - sp\u00e9cification d\u00e9taill\u00e9e<\/h6>\t\t\t\t<\/div>\n\t\t\t\t<div class=\"elementor-element elementor-element-c780931 elementor-widget elementor-widget-text-editor\" data-id=\"c780931\" data-element_type=\"widget\" data-e-type=\"widget\" data-widget_type=\"text-editor.default\">\n\t\t\t\t\t\t\t\t\t<table class=\"cc-table\"><thead><tr><th>Paquet<\/th><th>Capacit\u00e9<\/th><th>Fonctions du paquet<\/th><th>COCOS Avantages communs.<\/th><\/tr><\/thead><tbody><tr><td><strong>COCOS_HOST_5<\/strong><\/td><td><strong>5<\/strong> GB NVMe \u26a1<\/td><td><strong>5<\/strong> comptes de courrier \u00e9lectronique<br \/><strong>5<\/strong> Comptes FTP<br \/><strong>1<\/strong> base de donn\u00e9es<\/td><td class=\"cc-details\" rowspan=\"5\">\u2714 14 jours <strong>sauvegarde compl\u00e8te<\/strong> au prix de \ud83d\udcbe<br \/>\u2714 <strong>Certificat SSL<\/strong> pour une connexion s\u00e9curis\u00e9e \ud83d\udd11<br \/>\u2714 Pare-feu (<strong>pare-feu<\/strong>) protection contre les risques \ud83d\udd25<br \/>\u2714 Protection contre <strong>Attaques DDoS<\/strong> assurer la stabilit\u00e9 \ud83d\udee1\ufe0f<br \/>Surveillance du serveur 24 heures sur 24 <strong>24\/7<\/strong> \ud83d\udc40<br \/>\u2714 Assistance technique : <strong>24\/7<\/strong> (email, chat) \ud83d\udcac<br \/>\u2714 Uptime : <strong>99,9%<\/strong> \ud83d\udcc8<br \/>\u2714 Premium Caching : <strong>Cache Nginx<\/strong> + <strong>Redis<\/strong> pour la vitesse maximale \ud83d\ude80<br \/>\u2714 Acc\u00e8s gratuit au panel <strong>COCOS. Panneau de contr\u00f4le<\/strong> \ud83d\udda5\ufe0f<\/td><\/tr><tr><td><strong>COCOS_HOST_10<\/strong><\/td><td><strong>10<\/strong> GB NVMe \u26a1<\/td><td><strong>10<\/strong> comptes de courrier \u00e9lectronique<br \/><strong>10<\/strong> Comptes FTP<br \/><strong>2<\/strong> bases de donn\u00e9es<\/td><\/tr><tr><td><strong>COCOS_HOST_30<\/strong><\/td><td><strong>30<\/strong> GB NVMe \u26a1<\/td><td><strong>30<\/strong> comptes de courrier \u00e9lectronique<br \/><strong>30<\/strong> Comptes FTP<br \/><strong>5<\/strong> bases de donn\u00e9es<\/td><\/tr><tr><td><strong>COCOS_HOST_60<\/strong><\/td><td><strong>60<\/strong> GB NVMe \u26a1<\/td><td><strong>60<\/strong> comptes de courrier \u00e9lectronique<br \/><strong>60<\/strong> Comptes FTP<br \/><strong>10<\/strong> bases de donn\u00e9es<\/td><\/tr><tr><td><strong>COCOS_HOST_100<\/strong><\/td><td><strong>100<\/strong> GB NVMe \u26a1<\/td><td><strong>100<\/strong> comptes de courrier \u00e9lectronique<br \/><strong>100<\/strong> Comptes FTP<br \/><strong>20<\/strong> bases de donn\u00e9es<\/td><\/tr><\/tbody><\/table>\t\t\t\t\t\t\t\t<\/div>\n\t\t\t\t<div class=\"elementor-element elementor-element-23b73ad elementor-widget elementor-widget-spacer\" data-id=\"23b73ad\" data-element_type=\"widget\" data-e-type=\"widget\" data-widget_type=\"spacer.default\">\n\t\t\t\t\t\t\t<div class=\"elementor-spacer\">\n\t\t\t<div class=\"elementor-spacer-inner\"><\/div>\n\t\t<\/div>\n\t\t\t\t\t\t<\/div>\n\t\t\t\t<div class=\"elementor-element elementor-element-d117fd6 elementor-widget elementor-widget-text-editor\" data-id=\"d117fd6\" data-element_type=\"widget\" data-e-type=\"widget\" data-widget_type=\"text-editor.default\">\n\t\t\t\t\t\t\t\t\t<p><div class=\"pls-block pls-block-3263\">\t\t<div data-elementor-type=\"wp-post\" data-elementor-id=\"3263\" class=\"elementor elementor-3263\">\n\t\t\t\t<div class=\"elementor-element elementor-element-199e8ab e-flex e-con-boxed e-con e-child\" data-id=\"199e8ab\" data-element_type=\"container\" data-e-type=\"container\" data-settings=\"{&quot;background_background&quot;:&quot;classic&quot;}\">\n\t\t\t\t\t<div class=\"e-con-inner\">\n\t\t\t\t<div class=\"elementor-element elementor-element-1d2e8eb elementor-widget elementor-widget-text-editor\" data-id=\"1d2e8eb\" data-element_type=\"widget\" data-e-type=\"widget\" data-widget_type=\"text-editor.default\">\n\t\t\t\t\t\t\t\t\t<h6 style=\"text-align: center;\">Assurez la stabilit\u00e9 de votre entreprise d\u00e8s maintenant ! \u26a1<\/h6><p style=\"text-align: center;\">Confiez votre serveur \u00e0 <strong>experts<\/strong>qui s'occupera de <strong>fiabilit\u00e9<\/strong> i <strong>s\u00e9curit\u00e9<\/strong> Vos donn\u00e9es.<\/p><p style=\"text-align: center;\"><a class=\"button simple\" href=\"https:\/\/iarina029.supserv.cozmoslabs.com\/fr\/contact\/\" title=\"Contactez-nous d\u00e8s aujourd&#039;hui pour choisir le serveur id\u00e9al pour vous !\">Contactez-nous d\u00e8s aujourd'hui pour choisir le serveur id\u00e9al pour vous !<\/a><\/p><p style=\"text-align: center;\"><strong>Concentrez-vous sur votre activit\u00e9 et nous nous occupons du reste.<\/strong> <br \/>Avec notre serveur, vous avez l'assurance que votre site web, votre boutique ou votre application fonctionnera rapidement, en toute s\u00e9curit\u00e9 et sans interruption !<\/p>\t\t\t\t\t\t\t\t<\/div>\n\t\t\t\t\t<\/div>\n\t\t\t\t<\/div>\n\t\t\t\t<\/div>\n\t\t<\/div><\/p>\t\t\t\t\t\t\t\t<\/div>\n\t\t\t\t\t<\/div>\n\t\t\t\t<\/div>\n\t\t\t\t<\/div>","protected":false},"excerpt":{"rendered":"Hosting biznesowy Szukasz niezawodnej infrastruktury bez zb\u0119dnych komplikacji? Hosting biznesowy to idealne rozwi\u0105zanie dla firm, kt\u00f3re ceni\u0105 wydajno\u015b\u0107 i bezpiecze\u0144stwo. Oferujemy nowoczesne serwery AMD EPYC oraz ultraszybkie dyski NVMe, gwarantuj\u0105ce","protected":false},"featured_media":2778,"comment_status":"open","ping_status":"closed","template":"","meta":{"powered_cache_disable_cache":false,"powered_cache_disable_css_optimization":false,"powered_cache_disable_js_optimization":false},"product_brand":[275],"product_cat":[129],"product_tag":[257,259,258],"class_list":{"0":"post-2689","1":"product","2":"type-product","3":"status-publish","4":"has-post-thumbnail","6":"product_brand-cocos","7":"product_cat-uslugi","8":"product_tag-hosting","9":"product_tag-nvme","10":"product_tag-serwery","12":"first","13":"instock","14":"featured","15":"taxable","16":"shipping-taxable","17":"purchasable","18":"product-type-variable","19":"has-default-attributes"},"_links":{"self":[{"href":"https:\/\/iarina029.supserv.cozmoslabs.com\/fr\/wp-json\/wp\/v2\/product\/2689","targetHints":{"allow":["GET"]}}],"collection":[{"href":"https:\/\/iarina029.supserv.cozmoslabs.com\/fr\/wp-json\/wp\/v2\/product"}],"about":[{"href":"https:\/\/iarina029.supserv.cozmoslabs.com\/fr\/wp-json\/wp\/v2\/types\/product"}],"replies":[{"embeddable":true,"href":"https:\/\/iarina029.supserv.cozmoslabs.com\/fr\/wp-json\/wp\/v2\/comments?post=2689"}],"version-history":[{"count":0,"href":"https:\/\/iarina029.supserv.cozmoslabs.com\/fr\/wp-json\/wp\/v2\/product\/2689\/revisions"}],"wp:featuredmedia":[{"embeddable":true,"href":"https:\/\/iarina029.supserv.cozmoslabs.com\/fr\/wp-json\/wp\/v2\/media\/2778"}],"wp:attachment":[{"href":"https:\/\/iarina029.supserv.cozmoslabs.com\/fr\/wp-json\/wp\/v2\/media?parent=2689"}],"wp:term":[{"taxonomy":"product_brand","embeddable":true,"href":"https:\/\/iarina029.supserv.cozmoslabs.com\/fr\/wp-json\/wp\/v2\/product_brand?post=2689"},{"taxonomy":"product_cat","embeddable":true,"href":"https:\/\/iarina029.supserv.cozmoslabs.com\/fr\/wp-json\/wp\/v2\/product_cat?post=2689"},{"taxonomy":"product_tag","embeddable":true,"href":"https:\/\/iarina029.supserv.cozmoslabs.com\/fr\/wp-json\/wp\/v2\/product_tag?post=2689"}],"curies":[{"name":"wp","href":"https:\/\/api.w.org\/{rel}","templated":true}]}}