{"id":2677,"date":"2025-03-01T22:17:52","date_gmt":"2025-03-01T21:17:52","guid":{"rendered":"https:\/\/cocos.codes\/?post_type=product&#038;p=2677"},"modified":"2026-01-21T17:41:10","modified_gmt":"2026-01-21T16:41:10","slug":"installation-de-modules-prestashop-et-wordpress","status":"publish","type":"product","link":"https:\/\/iarina029.supserv.cozmoslabs.com\/fr\/product\/installation-de-modules-prestashop-et-wordpress\/","title":{"rendered":"Installation des modules PrestaShop 1.7\/8.x\/9.x et WordPress 6.x - rapide et sans souci \u2699\ufe0f"},"content":{"rendered":"<div data-elementor-type=\"wp-post\" data-elementor-id=\"2677\" class=\"elementor elementor-2677\">\n\t\t\t\t<div class=\"elementor-element elementor-element-17d430f4 e-flex e-con-boxed e-con e-parent\" data-id=\"17d430f4\" data-element_type=\"container\" data-e-type=\"container\">\n\t\t\t\t\t<div class=\"e-con-inner\">\n\t\t\t\t<div class=\"elementor-element elementor-element-5a42bdf5 elementor-widget elementor-widget-text-editor\" data-id=\"5a42bdf5\" data-element_type=\"widget\" data-e-type=\"widget\" data-widget_type=\"text-editor.default\">\n\t\t\t\t\t\t\t\t\t<h6><strong>Installation du module PrestaShop<br \/>Installation du module WordPress<\/strong><\/h6>Ne perdez pas de temps \u00e0 le configurer vous-m\u00eame ! Professionnel <strong>installation du module<\/strong> est la solution id\u00e9ale pour les magasins bas\u00e9s sur <a href=\"https:\/\/www.prestashop.com\/\" title=\"PrestaShop\" target=\"_blank\" rel=\"noopener\">PrestaShop<\/a> i <a href=\"https:\/\/woocommerce.com\/\" title=\"WordPress WooCommerce\" target=\"_blank\" rel=\"noopener\">WordPress WooCommerce<\/a>. Nous proposons une configuration compl\u00e8te, des tests et une v\u00e9rification de la compatibilit\u00e9 afin que votre boutique fonctionne parfaitement. Nous garantissons la s\u00e9curit\u00e9 et l'absence de conflits avec d'autres modules, m\u00eame pour des solutions avanc\u00e9es telles que <a href=\"https:\/\/iarina029.supserv.cozmoslabs.com\/fr\/product\/woocommerce-advanced-discounts\/\" title=\"Modules de r\u00e9duction\">modules de r\u00e9duction<\/a> ou <a href=\"https:\/\/iarina029.supserv.cozmoslabs.com\/fr\/product\/banniere-prestashop\/\" title=\"Banni\u00e8res PrestaShop\">Banni\u00e8res PrestaShop<\/a>. Concentrez-vous sur le d\u00e9veloppement des affaires et nous nous occuperons du reste !<br \/><br \/><strong>Que gagnez-vous ?<\/strong><br \/>\u2705 Installation rapide et sans faille - votre module sera op\u00e9rationnel en un rien de temps.<br \/>\u2705 Configuration compl\u00e8te - nous adaptons les param\u00e8tres du module \u00e0 vos besoins.<br \/>\u2705 Essais et v\u00e9rification - nous v\u00e9rifions que tout fonctionne comme il se doit.<br \/>\u2705 S\u00e9curit\u00e9 et compatibilit\u00e9 - nous nous assurons que le module ne provoque pas de conflits dans votre magasin.<br \/><br \/><strong>Comment cela fonctionne-t-il ?<\/strong><br \/>1\ufe0f\u20e3 Vous choisissez un service et vous nous envoyez le module.<br \/>2\ufe0f\u20e3 Nous l'installons dans votre atelier.<br \/>3\ufe0f\u20e3 Nous configurons et testons le bon fonctionnement.<br \/>4\ufe0f\u20e3 C'est fait ! Vous pouvez profiter de votre nouvelle fonctionnalit\u00e9 sans stress.\t\t\t\t\t\t\t\t<\/div>\n\t\t\t\t<div class=\"elementor-element elementor-element-051c866 elementor-widget elementor-widget-spacer\" data-id=\"051c866\" data-element_type=\"widget\" data-e-type=\"widget\" data-widget_type=\"spacer.default\">\n\t\t\t\t\t\t\t<div class=\"elementor-spacer\">\n\t\t\t<div class=\"elementor-spacer-inner\"><\/div>\n\t\t<\/div>\n\t\t\t\t\t\t<\/div>\n\t\t<div class=\"elementor-element elementor-element-9457359 e-con-full e-flex e-con e-child\" data-id=\"9457359\" data-element_type=\"container\" data-e-type=\"container\" data-settings=\"{&quot;background_background&quot;:&quot;classic&quot;}\">\n\t\t\t\t<div class=\"elementor-element elementor-element-c19d460 elementor-widget elementor-widget-text-editor\" data-id=\"c19d460\" data-element_type=\"widget\" data-e-type=\"widget\" data-widget_type=\"text-editor.default\">\n\t\t\t\t\t\t\t\t\t<h6 style=\"text-align: center;\">Installez le module sans stress ! \ud83d\udd27<\/h6><p style=\"text-align: center;\"><strong>Ne perdez pas de temps<\/strong> sur les d\u00e9tails techniques - laissez-les <strong>sp\u00e9cialistes<\/strong>! Nous nous occupons de l'installation du module dans votre boutique ou votre site web afin qu'il fonctionne parfaitement.<\/p><p style=\"text-align: center;\"><a class=\"button simple\" href=\"https:\/\/iarina029.supserv.cozmoslabs.com\/fr\/contact\/\" title=\"Contactez-nous d\u00e8s aujourd&#039;hui pour discuter des d\u00e9tails de l&#039;installation !\">Contactez-nous d\u00e8s aujourd'hui pour discuter des d\u00e9tails de l'installation !<\/a><\/p><p style=\"text-align: center;\"><strong>Concentrez-vous sur votre activit\u00e9 et nous nous occupons du reste.<\/strong> <br \/>Installez un module qui augmentera la fonctionnalit\u00e9 de votre site web, sans complications inutiles !<\/p>\t\t\t\t\t\t\t\t<\/div>\n\t\t\t\t<\/div>\n\t\t\t\t<div class=\"elementor-element elementor-element-c3363be elementor-widget elementor-widget-spacer\" data-id=\"c3363be\" data-element_type=\"widget\" data-e-type=\"widget\" data-widget_type=\"spacer.default\">\n\t\t\t\t\t\t\t<div class=\"elementor-spacer\">\n\t\t\t<div class=\"elementor-spacer-inner\"><\/div>\n\t\t<\/div>\n\t\t\t\t\t\t<\/div>\n\t\t\t\t<div class=\"elementor-element elementor-element-0b263de elementor-widget elementor-widget-text-editor\" data-id=\"0b263de\" data-element_type=\"widget\" data-e-type=\"widget\" data-widget_type=\"text-editor.default\">\n\t\t\t\t\t\t\t\t\t<p>\u26a0\ufe0f NOTE : Si vous achetez un module dans notre boutique, l'installation est enti\u00e8rement gratuite ! \ud83c\udf89<br \/>Ne prenez pas le risque d'avoir des probl\u00e8mes techniques - laissez l'installation aux professionnels et concentrez-vous sur le d\u00e9veloppement de votre activit\u00e9 ! \ud83d\uded2\ud83d\udcbc<br \/><br \/><strong>\ud83d\udca1 Commandez maintenant et laissez-nous le faire pour vous !<\/strong><\/p>\t\t\t\t\t\t\t\t<\/div>\n\t\t\t\t\t<\/div>\n\t\t\t\t<\/div>\n\t\t\t\t<\/div>","protected":false},"excerpt":{"rendered":"Instalacja Modu\u0142u Presta Shop Instalacja Modu\u0142u Word Press Nie tra\u0107 czasu na samodzieln\u0105 konfiguracj\u0119! Profesjonalna instalacja modu\u0142u to idealne rozwi\u0105zanie dla sklep\u00f3w opartych na Presta Shop i Word Press Woo","protected":false},"featured_media":2774,"comment_status":"open","ping_status":"closed","template":"","meta":{"powered_cache_disable_cache":false,"powered_cache_disable_css_optimization":false,"powered_cache_disable_js_optimization":false},"product_brand":[275],"product_cat":[129],"product_tag":[263,264,244,198],"class_list":{"0":"post-2677","1":"product","2":"type-product","3":"status-publish","4":"has-post-thumbnail","6":"product_brand-cocos","7":"product_cat-uslugi","8":"product_tag-instalacja-modulu","9":"product_tag-instalacja-wtyczki","10":"product_tag-prestashop","11":"product_tag-wordpress","13":"first","14":"instock","15":"featured","16":"taxable","17":"shipping-taxable","18":"purchasable","19":"product-type-simple"},"_links":{"self":[{"href":"https:\/\/iarina029.supserv.cozmoslabs.com\/fr\/wp-json\/wp\/v2\/product\/2677","targetHints":{"allow":["GET"]}}],"collection":[{"href":"https:\/\/iarina029.supserv.cozmoslabs.com\/fr\/wp-json\/wp\/v2\/product"}],"about":[{"href":"https:\/\/iarina029.supserv.cozmoslabs.com\/fr\/wp-json\/wp\/v2\/types\/product"}],"replies":[{"embeddable":true,"href":"https:\/\/iarina029.supserv.cozmoslabs.com\/fr\/wp-json\/wp\/v2\/comments?post=2677"}],"version-history":[{"count":0,"href":"https:\/\/iarina029.supserv.cozmoslabs.com\/fr\/wp-json\/wp\/v2\/product\/2677\/revisions"}],"wp:featuredmedia":[{"embeddable":true,"href":"https:\/\/iarina029.supserv.cozmoslabs.com\/fr\/wp-json\/wp\/v2\/media\/2774"}],"wp:attachment":[{"href":"https:\/\/iarina029.supserv.cozmoslabs.com\/fr\/wp-json\/wp\/v2\/media?parent=2677"}],"wp:term":[{"taxonomy":"product_brand","embeddable":true,"href":"https:\/\/iarina029.supserv.cozmoslabs.com\/fr\/wp-json\/wp\/v2\/product_brand?post=2677"},{"taxonomy":"product_cat","embeddable":true,"href":"https:\/\/iarina029.supserv.cozmoslabs.com\/fr\/wp-json\/wp\/v2\/product_cat?post=2677"},{"taxonomy":"product_tag","embeddable":true,"href":"https:\/\/iarina029.supserv.cozmoslabs.com\/fr\/wp-json\/wp\/v2\/product_tag?post=2677"}],"curies":[{"name":"wp","href":"https:\/\/api.w.org\/{rel}","templated":true}]}}