{"id":2645,"date":"2025-02-26T16:17:08","date_gmt":"2025-02-26T15:17:08","guid":{"rendered":"https:\/\/cocos.codes\/?post_type=product&#038;p=2645"},"modified":"2026-01-21T17:42:54","modified_gmt":"2026-01-21T16:42:54","slug":"boutique-coco-elite","status":"publish","type":"product","link":"https:\/\/iarina029.supserv.cozmoslabs.com\/fr\/product\/boutique-coco-elite\/","title":{"rendered":"Coco Elite shop - La Rolls-Royce des boutiques en ligne \ud83d\ude80"},"content":{"rendered":"<div data-elementor-type=\"wp-post\" data-elementor-id=\"2645\" class=\"elementor elementor-2645\">\n\t\t\t\t<div class=\"elementor-element elementor-element-33553f2b e-flex e-con-boxed e-con e-parent\" data-id=\"33553f2b\" data-element_type=\"container\" data-e-type=\"container\">\n\t\t\t\t\t<div class=\"e-con-inner\">\n\t\t\t\t<div class=\"elementor-element elementor-element-2070f4c4 elementor-widget elementor-widget-text-editor\" data-id=\"2070f4c4\" data-element_type=\"widget\" data-e-type=\"widget\" data-widget_type=\"text-editor.default\">\n\t\t\t\t\t\t\t\t\t<h6><strong>La boutique en ligne Premium - la Rolls-Royce du commerce \u00e9lectronique<br \/><\/strong><\/h6>Vous cherchez une solution unique pour votre activit\u00e9 en ligne ? <strong>Boutique en ligne premium<\/strong> est une proposition pour les plus exigeants. Nous proposons un magasin bas\u00e9 sur <a href=\"https:\/\/woocommerce.com\/\" title=\"WordPress WooCommerce\" target=\"_blank\" rel=\"noopener\">WordPress WooCommerce<\/a> ou <a href=\"https:\/\/www.prestashop.com\/\" title=\"PrestaShop\" target=\"_blank\" rel=\"noopener\">PrestaShop<\/a> avec un design unique cr\u00e9\u00e9 de toutes pi\u00e8ces. Nous assurons l'int\u00e9gration compl\u00e8te des paiements (PayPal, Stripe, Blik, Przelewy24) et de l'exp\u00e9dition par courrier (InPost, DPD, DHL). Le paquet comprend <a href=\"https:\/\/iarina029.supserv.cozmoslabs.com\/fr\/product\/cocos_vps-serveur-super-rapide-et-puissant-pour-les-utilisateurs-exigeants\/\" title=\"Serveur VPS\">Serveur VPS<\/a> et 5 modules COCOS qui maximisent la fonctionnalit\u00e9 de la boutique. En outre, nous proposons des consultations individuelles, des formations en ligne et 6 mois d'assistance technique avec un gestionnaire de compte d\u00e9di\u00e9. Nous nous occupons des int\u00e9grations marketing et de l'optimisation du r\u00e9f\u00e9rencement afin que vous puissiez vous concentrer pleinement sur le d\u00e9veloppement de votre activit\u00e9.<br \/><br \/><h6><strong>Ce qu'il contient :<\/strong><\/h6><ul><li>Faites vos achats sur la plateforme de votre choix (<strong>WordPress<\/strong> z <strong>WooCommerce<\/strong> ou <strong>PrestaShop<\/strong>).<\/li><li><strong>Prime<\/strong> mod\u00e8le graphique (conception unique \u00e0 partir de z\u00e9ro, personnalisation compl\u00e8te, UX\/UI adapt\u00e9e \u00e0 votre groupe cible).<\/li><li><strong>Int\u00e9gration compl\u00e8te du paiement et de la livraison<\/strong> (pour le march\u00e9 polonais : PayPal, Stripe, Blik, Przelewy24, int\u00e9gration avec les transporteurs et les entrep\u00f4ts : InPost, DPD, DHL ; pour le march\u00e9 mondial : PayPal, Stripe, int\u00e9gration avec les transporteurs et les entrep\u00f4ts : UPS, FedEx).<\/li><li><strong>5 modules de COCOS.<\/strong> inclus.<\/li><li>Module de gestion des produits (pour les <strong>500 produits<\/strong> t\u00e9l\u00e9charg\u00e9e par nos soins au moment du lancement).<\/li><li>Consultation 1:1 sur la s\u00e9lection de la plateforme, la strat\u00e9gie et le marketing (<strong>2 heures<\/strong> avec un expert).<\/li><li>Formation en ligne : gestion avanc\u00e9e d'un magasin et strat\u00e9gies de vente (<strong>3 heures<\/strong> avec un expert).<\/li><li>Assistance technique par <strong>6 mois<\/strong> (<strong>d\u00e9di\u00e9<\/strong> gardien, <strong>priorit\u00e9<\/strong> amendements, assistance <strong>24\/7<\/strong>).<\/li><li>Serveur <a href=\"https:\/\/iarina029.supserv.cozmoslabs.com\/fr\/product\/cocos_vps-serveur-super-rapide-et-puissant-pour-les-utilisateurs-exigeants\/\" title=\"Serveur VPS\"><strong>COCOS_VPS \ud83d\udd17<\/strong><\/a> - une base fiable pour votre boutique en ligne.<\/li><li>Tous <strong>domaine<\/strong> inclus dans le prix du service (par ex. .pl, .com) - enregistrement ou transfert pour un an inclus dans le forfait !<\/li><\/ul><br \/><h6><strong>Extras :<\/strong><\/h6><ol><li><div><strong>Int\u00e9gration<\/strong> avec des outils de marketing (par exemple Google Analytics, Mailchimp, Facebook Pixel).<\/div><\/li><li><div><strong>Automatique<\/strong> les notifications par courrier \u00e9lectronique (par exemple, confirmation de commande, rappel d'un panier abandonn\u00e9).<\/div><\/li><li><div>Int\u00e9gration avec <strong>Cloudflare<\/strong> (configuration CDN pour un chargement plus rapide des pages, protection DDoS et optimisation des performances).<\/div><\/li><li><div>Analyse de la concurrence et du march\u00e9 (<strong>\u00e9tendu<\/strong> rapport sur <strong>3<\/strong> des concurrents s\u00e9lectionn\u00e9s).<\/div><\/li><li><div><strong>Avanc\u00e9<\/strong> Optimisation du r\u00e9f\u00e9rencement (analyse des mots-cl\u00e9s, liens internes, rapport de positionnement).<\/div><\/li><li><div>Positionnement par <strong>6 mois<\/strong>\u00a0(activit\u00e9s d'optimisation et de r\u00e9f\u00e9rencement pour am\u00e9liorer la visibilit\u00e9 sur les moteurs de recherche).<\/div><\/li><li><div><strong>Optimisation<\/strong> vitesse de chargement (certifi\u00e9e <strong>Core Web Vitals<\/strong>).<\/div><\/li><li><div><strong>Int\u00e9gration<\/strong> avec plusieurs canaux de vente (par exemple Allegro, Amazon, eBay - jusqu'\u00e0 3 plateformes).<\/div><\/li><li><div><strong>Avanc\u00e9<\/strong> campagne de marketing (Google Ads + m\u00e9dias sociaux, budget <strong>500$<\/strong> inclus, avec optimisation).<\/div><\/li><li><div><strong>Syst\u00e8me de recommandation<\/strong> les produits sur le site web (par exemple, \"Les clients ont aussi achet\u00e9\" - version avanc\u00e9e).<\/div><\/li><li><div><strong>Chatbot<\/strong> pour le service client\u00e8le (version avanc\u00e9e avec des r\u00e9ponses pr\u00eates \u00e0 l'emploi aux questions les plus courantes, par exemple sur l'exp\u00e9dition ou les retours).<\/div><\/li><li><div><strong>Personnalisation<\/strong> faire des achats pour les clients (par exemple, un contenu dynamique bas\u00e9 sur l'historique des achats ou la localisation de l'utilisateur).<\/div><\/li><li><div><strong>Automatisation<\/strong> les processus logistiques (par exemple, la g\u00e9n\u00e9ration d'\u00e9tiquettes d'exp\u00e9dition directement \u00e0 partir du panneau de la boutique).<\/div><\/li><li><div><strong>D\u00e9di\u00e9<\/strong> un panneau de reporting (tableaux de bord interactifs contenant des donn\u00e9es sur les ventes, le trafic et le comportement des clients).<\/div><\/li><li><div><strong>D\u00e9di\u00e9<\/strong> <strong>application<\/strong> mobile (version de base de la boutique sur iOS\/Android).<\/div><\/li><li><div><strong>Avanc\u00e9<\/strong> param\u00e8tres <strong>cache<\/strong> (Optimisation du cache pour un chargement plus rapide des boutiques et une am\u00e9lioration des performances).<\/div><\/li><\/ol>\t\t\t\t\t\t\t\t<\/div>\n\t\t\t\t<div class=\"elementor-element elementor-element-8032efd elementor-widget elementor-widget-text-editor\" data-id=\"8032efd\" data-element_type=\"widget\" data-e-type=\"widget\" data-widget_type=\"text-editor.default\">\n\t\t\t\t\t\t\t\t\t<p><div class=\"pls-block pls-block-3027\">\t\t<div data-elementor-type=\"wp-post\" data-elementor-id=\"3027\" class=\"elementor elementor-3027\">\n\t\t\t\t<div class=\"elementor-element elementor-element-0797111 e-flex e-con-boxed e-con e-parent\" data-id=\"0797111\" data-element_type=\"container\" data-e-type=\"container\" data-settings=\"{&quot;background_background&quot;:&quot;classic&quot;}\">\n\t\t\t\t\t<div class=\"e-con-inner\">\n\t\t\t\t<div class=\"elementor-element elementor-element-8c9b906 elementor-widget elementor-widget-text-editor\" data-id=\"8c9b906\" data-element_type=\"widget\" data-e-type=\"widget\" data-widget_type=\"text-editor.default\">\n\t\t\t\t\t\t\t\t\t<h6 style=\"text-align: center;\">Pr\u00eat \u00e0 vendre en ligne ? \ud83d\ude80<\/h6><p style=\"text-align: center;\">R\u00e9alisez votre <strong>r\u00eaves<\/strong> de votre propre boutique en ligne ! Que vous soyez d\u00e9butant ou que vous g\u00e9riez d\u00e9j\u00e0 une boutique en ligne, nous vous invitons \u00e0 la d\u00e9couvrir. <strong>Entreprises<\/strong> - notre plateforme vous aidera \u00e0 atteindre <strong>succ\u00e8s<\/strong> en ligne.<\/p><p style=\"text-align: center;\"><a class=\"button simple\" href=\"https:\/\/iarina029.supserv.cozmoslabs.com\/fr\/contact\/\" title=\"Contactez-nous d\u00e8s aujourd&#039;hui pour discuter des d\u00e9tails !\">Contactez-nous d\u00e8s aujourd'hui pour discuter des d\u00e9tails !<\/a><\/p><p style=\"text-align: center;\">Cr\u00e9ez votre boutique en toute simplicit\u00e9 ! Obtenir <strong>magasin professionnel<\/strong>qui est <strong>rapide<\/strong>, <strong>s\u00fbr<\/strong> et pr\u00eat \u00e0 l'action !<\/p>\t\t\t\t\t\t\t\t<\/div>\n\t\t\t\t\t<\/div>\n\t\t\t\t<\/div>\n\t\t\t\t<\/div>\n\t\t<\/div><\/p>\t\t\t\t\t\t\t\t<\/div>\n\t\t\t\t<div class=\"elementor-element elementor-element-3334469 elementor-widget elementor-widget-text-editor\" data-id=\"3334469\" data-element_type=\"widget\" data-e-type=\"widget\" data-widget_type=\"text-editor.default\">\n\t\t\t\t\t\t\t\t\t<p><div class=\"pls-block pls-block-3017\">\t\t<div data-elementor-type=\"wp-post\" data-elementor-id=\"3017\" class=\"elementor elementor-3017\">\n\t\t\t\t<div class=\"elementor-element elementor-element-e354b0c e-con-full e-flex e-con e-parent\" data-id=\"e354b0c\" data-element_type=\"container\" data-e-type=\"container\">\n\t\t<div class=\"elementor-element elementor-element-04f7f32 e-con-full e-flex e-con e-child\" data-id=\"04f7f32\" data-element_type=\"container\" data-e-type=\"container\">\n\t\t\t\t<div class=\"elementor-element elementor-element-69b4e93 elementor-widget elementor-widget-heading\" data-id=\"69b4e93\" data-element_type=\"widget\" data-e-type=\"widget\" data-widget_type=\"heading.default\">\n\t\t\t\t\t<h6 class=\"elementor-heading-title elementor-size-default\">Les \u00e9tapes de la mise en \u0153uvre :<\/h6>\t\t\t\t<\/div>\n\t\t\t\t<div class=\"elementor-element elementor-element-3458f08 elementor-widget elementor-widget-text-editor\" data-id=\"3458f08\" data-element_type=\"widget\" data-e-type=\"widget\" data-widget_type=\"text-editor.default\">\n\t\t\t\t\t\t\t\t\tForts de nos ann\u00e9es d'exp\u00e9rience sur le march\u00e9 en ligne, nous avons mis au point un processus qui garantit une mise en \u0153uvre harmonieuse, s\u00fbre et efficace de votre projet. Chaque \u00e9tape est peaufin\u00e9e afin que vous puissiez vous reposer en toute tranquillit\u00e9 et que votre vision devienne une r\u00e9alit\u00e9.\t\t\t\t\t\t\t\t<\/div>\n\t\t\t\t<\/div>\n\t\t\t\t<\/div>\n\t\t<div class=\"elementor-element elementor-element-2d1d6f1 e-con-full e-flex e-con e-parent\" data-id=\"2d1d6f1\" data-element_type=\"container\" data-e-type=\"container\">\n\t\t<div class=\"elementor-element elementor-element-191de34 e-con-full e-flex e-con e-child\" data-id=\"191de34\" data-element_type=\"container\" data-e-type=\"container\">\n\t\t\t\t<div class=\"elementor-element elementor-element-1a92225 elementor-widget elementor-widget-heading\" data-id=\"1a92225\" data-element_type=\"widget\" data-e-type=\"widget\" data-widget_type=\"heading.default\">\n\t\t\t\t\t<h5 class=\"elementor-heading-title elementor-size-default\">\u00c9tape 1 \ud83d\udccb <\/h5>\t\t\t\t<\/div>\n\t\t\t\t<div class=\"elementor-element elementor-element-0fbc5c1 elementor-widget elementor-widget-heading\" data-id=\"0fbc5c1\" data-element_type=\"widget\" data-e-type=\"widget\" data-widget_type=\"heading.default\">\n\t\t\t\t\t<h6 class=\"elementor-heading-title elementor-size-default\">Comprendre vos besoins<\/h6>\t\t\t\t<\/div>\n\t\t\t\t<div class=\"elementor-element elementor-element-eae8a3f elementor-widget elementor-widget-text-editor\" data-id=\"eae8a3f\" data-element_type=\"widget\" data-e-type=\"widget\" data-widget_type=\"text-editor.default\">\n\t\t\t\t\t\t\t\t\tPour commencer, nous vous envoyons <strong>d\u00e9di\u00e9<\/strong> qui permet de collecter tous les <strong>cl\u00e9<\/strong> des informations sur votre projet. Tout cela afin de recueillir les donn\u00e9es n\u00e9cessaires d\u00e8s le d\u00e9part et de contr\u00f4ler pleinement le processus de d\u00e9veloppement de votre projet. <strong>chaque d\u00e9tail<\/strong>.\t\t\t\t\t\t\t\t<\/div>\n\t\t\t\t<\/div>\n\t\t<div class=\"elementor-element elementor-element-7055cf2 e-con-full e-flex e-con e-child\" data-id=\"7055cf2\" data-element_type=\"container\" data-e-type=\"container\">\n\t\t\t\t<div class=\"elementor-element elementor-element-fb4d28c elementor-widget elementor-widget-heading\" data-id=\"fb4d28c\" data-element_type=\"widget\" data-e-type=\"widget\" data-widget_type=\"heading.default\">\n\t\t\t\t\t<h5 class=\"elementor-heading-title elementor-size-default\">\u00c9tape 2 \u270d\ufe0f<\/h5>\t\t\t\t<\/div>\n\t\t\t\t<div class=\"elementor-element elementor-element-c277da9 elementor-widget elementor-widget-heading\" data-id=\"c277da9\" data-element_type=\"widget\" data-e-type=\"widget\" data-widget_type=\"heading.default\">\n\t\t\t\t\t<h6 class=\"elementor-heading-title elementor-size-default\">Des formalit\u00e9s transparentes<\/h6>\t\t\t\t<\/div>\n\t\t\t\t<div class=\"elementor-element elementor-element-ba5a1b0 elementor-widget__width-initial elementor-widget elementor-widget-text-editor\" data-id=\"ba5a1b0\" data-element_type=\"widget\" data-e-type=\"widget\" data-widget_type=\"text-editor.default\">\n\t\t\t\t\t\t\t\t\t<p data-start=\"630\" data-end=\"883\">Nous veillerons \u00e0 ce que les formalit\u00e9s soient <strong>simple<\/strong> i <strong>clair<\/strong>. Nous pr\u00e9parons le contrat et \u00e9mettons une facture anticip\u00e9e pour le <strong>30%<\/strong> de la valeur du projet, de sorte que nous puissions nous concentrer pleinement sur la mise en \u0153uvre, en \u00e9tant s\u00fbrs que les deux parties sont en mesure de faire face \u00e0 l'\u00e9volution de la situation. <strong>pr\u00eat<\/strong> pour action.<\/p>\t\t\t\t\t\t\t\t<\/div>\n\t\t\t\t<\/div>\n\t\t<div class=\"elementor-element elementor-element-0946d8e e-con-full e-flex e-con e-child\" data-id=\"0946d8e\" data-element_type=\"container\" data-e-type=\"container\">\n\t\t\t\t<div class=\"elementor-element elementor-element-520a4bc elementor-widget elementor-widget-heading\" data-id=\"520a4bc\" data-element_type=\"widget\" data-e-type=\"widget\" data-widget_type=\"heading.default\">\n\t\t\t\t\t<h5 class=\"elementor-heading-title elementor-size-default\">\u00c9tape 3 <strong>\ud83c\udfa8<\/strong><\/h5>\t\t\t\t<\/div>\n\t\t\t\t<div class=\"elementor-element elementor-element-98f8e78 elementor-widget elementor-widget-heading\" data-id=\"98f8e78\" data-element_type=\"widget\" data-e-type=\"widget\" data-widget_type=\"heading.default\">\n\t\t\t\t\t<h6 class=\"elementor-heading-title elementor-size-default\"><div data-id=\"616e8fc\" data-element_type=\"widget\" data-widget_type=\"heading.default\" style=\"--order: initial;--align-self: initial;gap: var(--row-gap) var(--column-gap);--widgets-spacing: 20px 20px;--widgets-spacing-row: 20px;--widgets-spacing-column: 20px;--kit-widget-spacing: 0px;max-width: 100%;font-size: 18px;font-weight: 400;text-transform: none\"><div style=\"height: 60px\"><h6>Cr\u00e9ation et mise en \u0153uvre<span><\/span><\/h6><\/div><\/div><\/h6>\t\t\t\t<\/div>\n\t\t\t\t<div class=\"elementor-element elementor-element-23cb1bd elementor-widget elementor-widget-text-editor\" data-id=\"23cb1bd\" data-element_type=\"widget\" data-e-type=\"widget\" data-widget_type=\"text-editor.default\">\n\t\t\t\t\t\t\t\t\tMaintenant, nous commen\u00e7ons le vrai <strong>magie<\/strong>! Notre <strong>concepteurs<\/strong> i <strong>programmeurs<\/strong> cr\u00e9er votre projet comme convenu. Chaque <strong>d\u00e9tail<\/strong>Chaque ligne de code, chaque image, tout est adapt\u00e9 \u00e0 l'objectif de l'entreprise. <strong>Vos attentes<\/strong>pour cr\u00e9er une solution qui soit \u00e0 la fois fonctionnelle et <strong>unique<\/strong>.\t\t\t\t\t\t\t\t<\/div>\n\t\t\t\t<\/div>\n\t\t<div class=\"elementor-element elementor-element-8dbf386 e-con-full e-flex e-con e-child\" data-id=\"8dbf386\" data-element_type=\"container\" data-e-type=\"container\">\n\t\t\t\t<div class=\"elementor-element elementor-element-0cfd314 elementor-widget elementor-widget-heading\" data-id=\"0cfd314\" data-element_type=\"widget\" data-e-type=\"widget\" data-widget_type=\"heading.default\">\n\t\t\t\t\t<h5 class=\"elementor-heading-title elementor-size-default\">\u00c9tape 4 <strong>\u2705<\/strong><\/h5>\t\t\t\t<\/div>\n\t\t\t\t<div class=\"elementor-element elementor-element-371b916 elementor-widget elementor-widget-heading\" data-id=\"371b916\" data-element_type=\"widget\" data-e-type=\"widget\" data-widget_type=\"heading.default\">\n\t\t\t\t\t<h6 class=\"elementor-heading-title elementor-size-default\">Finalisation et acceptation du projet<\/h6>\t\t\t\t<\/div>\n\t\t\t\t<div class=\"elementor-element elementor-element-a350a73 elementor-widget elementor-widget-text-editor\" data-id=\"a350a73\" data-element_type=\"widget\" data-e-type=\"widget\" data-widget_type=\"text-editor.default\">\n\t\t\t\t\t\t\t\t\tL'\u00e9tape finale consiste \u00e0 affiner la conception pour <strong>perfection<\/strong>. Nous proc\u00e9dons \u00e0 des ajustements, effectuons <strong>tests<\/strong> et de finaliser toutes les questions techniques et formelles, y compris le r\u00e8glement de la facture finale et des frais d'administration. <strong>d\u00e9taill\u00e9e<\/strong> v\u00e9rifier le fonctionnement du projet afin qu'il soit pleinement op\u00e9rationnel. <strong>pr\u00eat \u00e0 l'emploi<\/strong>.\t\t\t\t\t\t\t\t<\/div>\n\t\t\t\t<\/div>\n\t\t\t\t<\/div>\n\t\t\t\t<\/div>\n\t\t<\/div><\/p>\t\t\t\t\t\t\t\t<\/div>\n\t\t\t\t<div class=\"elementor-element elementor-element-c6292e7 elementor-widget elementor-widget-text-editor\" data-id=\"c6292e7\" data-element_type=\"widget\" data-e-type=\"widget\" data-widget_type=\"text-editor.default\">\n\t\t\t\t\t\t\t\t\t<p><strong>Attention<\/strong>: Le paquet pr\u00e9sent\u00e9 n'est qu'un point de d\u00e9part - <strong>v\u00e9rifi\u00e9<\/strong>, <strong>la plupart du temps<\/strong> les options choisies qui, au fil des ans, ont permis de gagner <strong>confiance<\/strong> de nos clients. Cependant, votre projet m\u00e9rite plus que la norme ! C'est pourquoi nous ouvrons la porte \u00e0 des discussions individuelles - sp\u00e9cifications et prix ? Nous les adapterons \u00e0 vos besoins uniques.<br \/>\ud83d\udca1Chaque entreprise a une histoire, et nous adorons cr\u00e9er des offres avec des <strong>caract\u00e8re<\/strong>. <strong><a href=\"https:\/\/iarina029.supserv.cozmoslabs.com\/fr\/contact\/\" title=\"Contactez-nous d\u00e8s aujourd&#039;hui pour discuter des d\u00e9tails !\">Contactez nous <\/a><a href=\"https:\/\/iarina029.supserv.cozmoslabs.com\/fr\/product\/cocos_vps-serveur-super-rapide-et-puissant-pour-les-utilisateurs-exigeants\/\" title=\"Serveur VPS\">\ud83d\udd17<\/a><\/strong>et nous trouverons ensemble une solution qui non seulement r\u00e9pondra \u00e0 vos attentes, mais vous permettra de vous d\u00e9marquer sur le march\u00e9. Parlons du co\u00fbt final de votre boutique en ligne et des options qui vous permettront de gagner de l'argent. <strong>avantage<\/strong>!<\/p>\t\t\t\t\t\t\t\t<\/div>\n\t\t\t\t\t<\/div>\n\t\t\t\t<\/div>\n\t\t\t\t<\/div>","protected":false},"excerpt":{"rendered":"Sklep internetowy premium \u2013 Rolls-Royce w\u015br\u00f3d e-commerce Szukasz wyj\u0105tkowego rozwi\u0105zania dla swojego biznesu online? Sklep internetowy premium to propozycja dla najbardziej wymagaj\u0105cych. Oferujemy sklep oparty na Word Press Woo Commerce","protected":false},"featured_media":3285,"comment_status":"open","ping_status":"closed","template":"","meta":{"powered_cache_disable_cache":false,"powered_cache_disable_css_optimization":false,"powered_cache_disable_js_optimization":false},"product_brand":[275],"product_cat":[130],"product_tag":[244,265,199,198],"class_list":{"0":"post-2645","1":"product","2":"type-product","3":"status-publish","4":"has-post-thumbnail","6":"product_brand-cocos","7":"product_cat-indywidualne-sklepy","8":"product_tag-prestashop","9":"product_tag-sklep-internetowy","10":"product_tag-woocommerce","11":"product_tag-wordpress","13":"first","14":"instock","15":"taxable","16":"shipping-taxable","17":"purchasable","18":"product-type-simple"},"_links":{"self":[{"href":"https:\/\/iarina029.supserv.cozmoslabs.com\/fr\/wp-json\/wp\/v2\/product\/2645","targetHints":{"allow":["GET"]}}],"collection":[{"href":"https:\/\/iarina029.supserv.cozmoslabs.com\/fr\/wp-json\/wp\/v2\/product"}],"about":[{"href":"https:\/\/iarina029.supserv.cozmoslabs.com\/fr\/wp-json\/wp\/v2\/types\/product"}],"replies":[{"embeddable":true,"href":"https:\/\/iarina029.supserv.cozmoslabs.com\/fr\/wp-json\/wp\/v2\/comments?post=2645"}],"version-history":[{"count":0,"href":"https:\/\/iarina029.supserv.cozmoslabs.com\/fr\/wp-json\/wp\/v2\/product\/2645\/revisions"}],"wp:featuredmedia":[{"embeddable":true,"href":"https:\/\/iarina029.supserv.cozmoslabs.com\/fr\/wp-json\/wp\/v2\/media\/3285"}],"wp:attachment":[{"href":"https:\/\/iarina029.supserv.cozmoslabs.com\/fr\/wp-json\/wp\/v2\/media?parent=2645"}],"wp:term":[{"taxonomy":"product_brand","embeddable":true,"href":"https:\/\/iarina029.supserv.cozmoslabs.com\/fr\/wp-json\/wp\/v2\/product_brand?post=2645"},{"taxonomy":"product_cat","embeddable":true,"href":"https:\/\/iarina029.supserv.cozmoslabs.com\/fr\/wp-json\/wp\/v2\/product_cat?post=2645"},{"taxonomy":"product_tag","embeddable":true,"href":"https:\/\/iarina029.supserv.cozmoslabs.com\/fr\/wp-json\/wp\/v2\/product_tag?post=2645"}],"curies":[{"name":"wp","href":"https:\/\/api.w.org\/{rel}","templated":true}]}}