{"id":2642,"date":"2025-02-26T16:16:07","date_gmt":"2025-02-26T15:16:07","guid":{"rendered":"https:\/\/cocos.codes\/?post_type=product&#038;p=2642"},"modified":"2026-04-09T19:38:50","modified_gmt":"2026-04-09T17:38:50","slug":"boutique-coco-growth","status":"publish","type":"product","link":"https:\/\/iarina029.supserv.cozmoslabs.com\/fr\/product\/boutique-coco-growth\/","title":{"rendered":"Shop Coco Growth - faites passer votre entreprise au niveau sup\u00e9rieur \ud83d\udcc8"},"content":{"rendered":"<div data-elementor-type=\"wp-post\" data-elementor-id=\"2642\" class=\"elementor elementor-2642\">\n\t\t\t\t<div class=\"elementor-element elementor-element-6936fb58 e-flex e-con-boxed e-con e-parent\" data-id=\"6936fb58\" data-element_type=\"container\" data-e-type=\"container\">\n\t\t\t\t\t<div class=\"e-con-inner\">\n\t\t\t\t<div class=\"elementor-element elementor-element-27cb2f13 elementor-widget elementor-widget-text-editor\" data-id=\"27cb2f13\" data-element_type=\"widget\" data-e-type=\"widget\" data-widget_type=\"text-editor.default\">\n\t\t\t\t\t\t\t\t\t<h6><strong>Boutique en ligne professionnelle - d\u00e9veloppez votre activit\u00e9 en ligne<br \/><\/strong><\/h6>Vous voulez faire passer votre commerce \u00e9lectronique \u00e0 la vitesse sup\u00e9rieure ? <strong>Boutique en ligne professionnelle<\/strong> est une solution compl\u00e8te pour les entrepreneurs ambitieux. Nous proposons une boutique bas\u00e9e sur <a href=\"https:\/\/woocommerce.com\/\" title=\"WordPress WooCommerce\" target=\"_blank\" rel=\"noopener\">WordPress WooCommerce<\/a> ou <a href=\"https:\/\/www.prestashop.com\/\" title=\"PrestaShop\" target=\"_blank\" rel=\"noopener\">PrestaShop<\/a>Nous vous proposons de cr\u00e9er votre propre site web, avec un mod\u00e8le graphique personnalis\u00e9 et avanc\u00e9, adapt\u00e9 \u00e0 votre marque. Nous assurons l'int\u00e9gration compl\u00e8te des paiements (PayPal, Stripe, Przelewy24) et l'exp\u00e9dition par courrier (DPD, InPost). Le paquet comprend <a href=\"https:\/\/iarina029.supserv.cozmoslabs.com\/fr\/product\/cocos_vps-serveur-super-rapide-et-puissant-pour-les-utilisateurs-exigeants\/\" title=\"Serveur VPS\">Serveur VPS<\/a> et 3 modules COCOS pour augmenter la fonctionnalit\u00e9 de la boutique. En outre, nous proposons des consultations individuelles, une formation au marketing en ligne et trois mois d'assistance technique. Nous nous occupons des int\u00e9grations marketing et de l'optimisation du r\u00e9f\u00e9rencement pour que vous puissiez vous concentrer sur l'augmentation de vos ventes.<br \/><br \/><h6><strong>Ce qu'il contient :<\/strong><\/h6><ul><li>Faites vos achats sur la plateforme de votre choix (<strong>WordPress<\/strong> z <strong>WooCommerce<\/strong> ou <strong>PrestaShop<\/strong>).<\/li><li><strong>Avanc\u00e9<\/strong> mod\u00e8le graphique (personnalisation : couleurs, mise en page, sections, int\u00e9gration de votre marque).<\/li><li><strong>Int\u00e9gration du paiement et de la livraison<\/strong> (pour le march\u00e9 polonais : PayPal, Stripe, Przelewy24, int\u00e9gration avec les transporteurs : DPD, InPost ; pour le march\u00e9 mondial : PayPal, Stripe, int\u00e9gration avec les transporteurs : UPS, FedEx).<\/li><li><strong>3 modules<\/strong> de <strong>COCOS.<\/strong> inclus.<\/li><li>Module de gestion des produits (pour les <strong>200 produits<\/strong> t\u00e9l\u00e9charg\u00e9e par nos soins au moment du lancement).<\/li><li>Consultation 1:1 sur le choix de la plateforme et la strat\u00e9gie de vente (<strong>1 heure<\/strong> avec un expert).<\/li><li>Formation en ligne : les bases de la gestion d'un magasin et du marketing (<strong>2 heures<\/strong> avec un expert).<\/li><li>Assistance technique par <strong>3 mois<\/strong> (e-mail et t\u00e9l\u00e9phone, <strong>priorit\u00e9<\/strong> amendements).<\/li><li>Serveur <strong><a href=\"https:\/\/iarina029.supserv.cozmoslabs.com\/fr\/product\/cocos_vps-serveur-super-rapide-et-puissant-pour-les-utilisateurs-exigeants\/\" title=\"Serveur VPS\">COCOS_VPS \ud83d\udd17<\/a> <\/strong>- une base fiable pour votre boutique en ligne.<\/li><li>Tous <strong>domaine<\/strong> inclus dans le prix du service (par ex. .pl, .com) - enregistrement ou transfert pour un an inclus dans le forfait !<\/li><\/ul><br \/><h6><strong>Extras :<\/strong><\/h6><ol><li><div><strong>Int\u00e9gration<\/strong> avec des outils de marketing (par exemple Google Analytics, Mailchimp, Facebook Pixel).<\/div><\/li><li><div><strong>Automatique<\/strong> les notifications par courrier \u00e9lectronique (par exemple, confirmation de commande, rappel d'un panier abandonn\u00e9).<\/div><\/li><li><div>Int\u00e9gration avec <strong>Cloudflare<\/strong> (configuration CDN pour un chargement plus rapide des pages, protection DDoS et optimisation des performances).<\/div><\/li><li><div>Analyse des concurrents (rapport sur <strong>2<\/strong> des concurrents s\u00e9lectionn\u00e9s).<\/div><\/li><li><div><strong>De base<\/strong> Optimisation du r\u00e9f\u00e9rencement (mots-cl\u00e9s, balises m\u00e9ta, structure de l'URL).<\/div><\/li><li><div>Positionnement par <strong>3 mois<\/strong> (activit\u00e9s d'optimisation et de r\u00e9f\u00e9rencement pour am\u00e9liorer la visibilit\u00e9 sur les moteurs de recherche).<\/div><\/li><li><div><strong>Optimisation<\/strong> les vitesses de chargement<\/div><\/li><li><div><strong>Int\u00e9gration<\/strong> avec un seul canal de vente (par exemple Allegro, Etsy ou Facebook Shop).<\/div><\/li><li><div><strong>De base<\/strong> Campagne Google Ads (mise en place et optimisation d'annonces d'une valeur de <strong>100$<\/strong> inclus dans le prix).<\/div><\/li><li><div><strong>Syst\u00e8me de recommandation<\/strong> produits sur la page (par exemple, \"Les clients ont aussi achet\u00e9\" - version de base bas\u00e9e sur les cat\u00e9gories).<\/div><\/li><li><div><strong>Chatbot<\/strong> pour le service client\u00e8le (une version simple avec des r\u00e9ponses pr\u00eates \u00e0 l'emploi aux questions les plus courantes, par exemple sur l'exp\u00e9dition ou les retours).<\/div><\/li><\/ol>\t\t\t\t\t\t\t\t<\/div>\n\t\t\t\t<div class=\"elementor-element elementor-element-1f214e3 elementor-widget elementor-widget-text-editor\" data-id=\"1f214e3\" data-element_type=\"widget\" data-e-type=\"widget\" data-widget_type=\"text-editor.default\">\n\t\t\t\t\t\t\t\t\t<p><div class=\"pls-block pls-block-3027\">\t\t<div data-elementor-type=\"wp-post\" data-elementor-id=\"3027\" class=\"elementor elementor-3027\">\n\t\t\t\t<div class=\"elementor-element elementor-element-0797111 e-flex e-con-boxed e-con e-parent\" data-id=\"0797111\" data-element_type=\"container\" data-e-type=\"container\" data-settings=\"{&quot;background_background&quot;:&quot;classic&quot;}\">\n\t\t\t\t\t<div class=\"e-con-inner\">\n\t\t\t\t<div class=\"elementor-element elementor-element-8c9b906 elementor-widget elementor-widget-text-editor\" data-id=\"8c9b906\" data-element_type=\"widget\" data-e-type=\"widget\" data-widget_type=\"text-editor.default\">\n\t\t\t\t\t\t\t\t\t<h6 style=\"text-align: center;\">Pr\u00eat \u00e0 vendre en ligne ? \ud83d\ude80<\/h6><p style=\"text-align: center;\">R\u00e9alisez votre <strong>r\u00eaves<\/strong> de votre propre boutique en ligne ! Que vous soyez d\u00e9butant ou que vous g\u00e9riez d\u00e9j\u00e0 une boutique en ligne, nous vous invitons \u00e0 la d\u00e9couvrir. <strong>Entreprises<\/strong> - notre plateforme vous aidera \u00e0 atteindre <strong>succ\u00e8s<\/strong> en ligne.<\/p><p style=\"text-align: center;\"><a class=\"button simple\" href=\"https:\/\/iarina029.supserv.cozmoslabs.com\/fr\/contact\/\" title=\"Contactez-nous d\u00e8s aujourd&#039;hui pour discuter des d\u00e9tails !\">Contactez-nous d\u00e8s aujourd'hui pour discuter des d\u00e9tails !<\/a><\/p><p style=\"text-align: center;\">Cr\u00e9ez votre boutique en toute simplicit\u00e9 ! Obtenir <strong>magasin professionnel<\/strong>qui est <strong>rapide<\/strong>, <strong>s\u00fbr<\/strong> et pr\u00eat \u00e0 l'action !<\/p>\t\t\t\t\t\t\t\t<\/div>\n\t\t\t\t\t<\/div>\n\t\t\t\t<\/div>\n\t\t\t\t<\/div>\n\t\t<\/div><\/p>\t\t\t\t\t\t\t\t<\/div>\n\t\t\t\t<div class=\"elementor-element elementor-element-976697c elementor-widget elementor-widget-text-editor\" data-id=\"976697c\" data-element_type=\"widget\" data-e-type=\"widget\" data-widget_type=\"text-editor.default\">\n\t\t\t\t\t\t\t\t\t<p><div class=\"pls-block pls-block-3017\">\t\t<div data-elementor-type=\"wp-post\" data-elementor-id=\"3017\" class=\"elementor elementor-3017\">\n\t\t\t\t<div class=\"elementor-element elementor-element-e354b0c e-con-full e-flex e-con e-parent\" data-id=\"e354b0c\" data-element_type=\"container\" data-e-type=\"container\">\n\t\t<div class=\"elementor-element elementor-element-04f7f32 e-con-full e-flex e-con e-child\" data-id=\"04f7f32\" data-element_type=\"container\" data-e-type=\"container\">\n\t\t\t\t<div class=\"elementor-element elementor-element-69b4e93 elementor-widget elementor-widget-heading\" data-id=\"69b4e93\" data-element_type=\"widget\" data-e-type=\"widget\" data-widget_type=\"heading.default\">\n\t\t\t\t\t<h6 class=\"elementor-heading-title elementor-size-default\">Les \u00e9tapes de la mise en \u0153uvre :<\/h6>\t\t\t\t<\/div>\n\t\t\t\t<div class=\"elementor-element elementor-element-3458f08 elementor-widget elementor-widget-text-editor\" data-id=\"3458f08\" data-element_type=\"widget\" data-e-type=\"widget\" data-widget_type=\"text-editor.default\">\n\t\t\t\t\t\t\t\t\tForts de nos ann\u00e9es d'exp\u00e9rience sur le march\u00e9 en ligne, nous avons mis au point un processus qui garantit une mise en \u0153uvre harmonieuse, s\u00fbre et efficace de votre projet. Chaque \u00e9tape est peaufin\u00e9e afin que vous puissiez vous reposer en toute tranquillit\u00e9 et que votre vision devienne une r\u00e9alit\u00e9.\t\t\t\t\t\t\t\t<\/div>\n\t\t\t\t<\/div>\n\t\t\t\t<\/div>\n\t\t<div class=\"elementor-element elementor-element-2d1d6f1 e-con-full e-flex e-con e-parent\" data-id=\"2d1d6f1\" data-element_type=\"container\" data-e-type=\"container\">\n\t\t<div class=\"elementor-element elementor-element-191de34 e-con-full e-flex e-con e-child\" data-id=\"191de34\" data-element_type=\"container\" data-e-type=\"container\">\n\t\t\t\t<div class=\"elementor-element elementor-element-1a92225 elementor-widget elementor-widget-heading\" data-id=\"1a92225\" data-element_type=\"widget\" data-e-type=\"widget\" data-widget_type=\"heading.default\">\n\t\t\t\t\t<h5 class=\"elementor-heading-title elementor-size-default\">\u00c9tape 1 \ud83d\udccb <\/h5>\t\t\t\t<\/div>\n\t\t\t\t<div class=\"elementor-element elementor-element-0fbc5c1 elementor-widget elementor-widget-heading\" data-id=\"0fbc5c1\" data-element_type=\"widget\" data-e-type=\"widget\" data-widget_type=\"heading.default\">\n\t\t\t\t\t<h6 class=\"elementor-heading-title elementor-size-default\">Comprendre vos besoins<\/h6>\t\t\t\t<\/div>\n\t\t\t\t<div class=\"elementor-element elementor-element-eae8a3f elementor-widget elementor-widget-text-editor\" data-id=\"eae8a3f\" data-element_type=\"widget\" data-e-type=\"widget\" data-widget_type=\"text-editor.default\">\n\t\t\t\t\t\t\t\t\tPour commencer, nous vous envoyons <strong>d\u00e9di\u00e9<\/strong> qui permet de collecter tous les <strong>cl\u00e9<\/strong> des informations sur votre projet. Tout cela afin de recueillir les donn\u00e9es n\u00e9cessaires d\u00e8s le d\u00e9part et de contr\u00f4ler pleinement le processus de d\u00e9veloppement de votre projet. <strong>chaque d\u00e9tail<\/strong>.\t\t\t\t\t\t\t\t<\/div>\n\t\t\t\t<\/div>\n\t\t<div class=\"elementor-element elementor-element-7055cf2 e-con-full e-flex e-con e-child\" data-id=\"7055cf2\" data-element_type=\"container\" data-e-type=\"container\">\n\t\t\t\t<div class=\"elementor-element elementor-element-fb4d28c elementor-widget elementor-widget-heading\" data-id=\"fb4d28c\" data-element_type=\"widget\" data-e-type=\"widget\" data-widget_type=\"heading.default\">\n\t\t\t\t\t<h5 class=\"elementor-heading-title elementor-size-default\">\u00c9tape 2 \u270d\ufe0f<\/h5>\t\t\t\t<\/div>\n\t\t\t\t<div class=\"elementor-element elementor-element-c277da9 elementor-widget elementor-widget-heading\" data-id=\"c277da9\" data-element_type=\"widget\" data-e-type=\"widget\" data-widget_type=\"heading.default\">\n\t\t\t\t\t<h6 class=\"elementor-heading-title elementor-size-default\">Des formalit\u00e9s transparentes<\/h6>\t\t\t\t<\/div>\n\t\t\t\t<div class=\"elementor-element elementor-element-ba5a1b0 elementor-widget__width-initial elementor-widget elementor-widget-text-editor\" data-id=\"ba5a1b0\" data-element_type=\"widget\" data-e-type=\"widget\" data-widget_type=\"text-editor.default\">\n\t\t\t\t\t\t\t\t\t<p data-start=\"630\" data-end=\"883\">Nous veillerons \u00e0 ce que les formalit\u00e9s soient <strong>simple<\/strong> i <strong>clair<\/strong>. Nous pr\u00e9parons le contrat et \u00e9mettons une facture anticip\u00e9e pour le <strong>30%<\/strong> de la valeur du projet, de sorte que nous puissions nous concentrer pleinement sur la mise en \u0153uvre, en \u00e9tant s\u00fbrs que les deux parties sont en mesure de faire face \u00e0 l'\u00e9volution de la situation. <strong>pr\u00eat<\/strong> pour action.<\/p>\t\t\t\t\t\t\t\t<\/div>\n\t\t\t\t<\/div>\n\t\t<div class=\"elementor-element elementor-element-0946d8e e-con-full e-flex e-con e-child\" data-id=\"0946d8e\" data-element_type=\"container\" data-e-type=\"container\">\n\t\t\t\t<div class=\"elementor-element elementor-element-520a4bc elementor-widget elementor-widget-heading\" data-id=\"520a4bc\" data-element_type=\"widget\" data-e-type=\"widget\" data-widget_type=\"heading.default\">\n\t\t\t\t\t<h5 class=\"elementor-heading-title elementor-size-default\">\u00c9tape 3 <strong>\ud83c\udfa8<\/strong><\/h5>\t\t\t\t<\/div>\n\t\t\t\t<div class=\"elementor-element elementor-element-98f8e78 elementor-widget elementor-widget-heading\" data-id=\"98f8e78\" data-element_type=\"widget\" data-e-type=\"widget\" data-widget_type=\"heading.default\">\n\t\t\t\t\t<h6 class=\"elementor-heading-title elementor-size-default\"><div data-id=\"616e8fc\" data-element_type=\"widget\" data-widget_type=\"heading.default\" style=\"--order: initial;--align-self: initial;gap: var(--row-gap) var(--column-gap);--widgets-spacing: 20px 20px;--widgets-spacing-row: 20px;--widgets-spacing-column: 20px;--kit-widget-spacing: 0px;max-width: 100%;font-size: 18px;font-weight: 400;text-transform: none\"><div style=\"height: 60px\"><h6>Cr\u00e9ation et mise en \u0153uvre<span><\/span><\/h6><\/div><\/div><\/h6>\t\t\t\t<\/div>\n\t\t\t\t<div class=\"elementor-element elementor-element-23cb1bd elementor-widget elementor-widget-text-editor\" data-id=\"23cb1bd\" data-element_type=\"widget\" data-e-type=\"widget\" data-widget_type=\"text-editor.default\">\n\t\t\t\t\t\t\t\t\tMaintenant, nous commen\u00e7ons le vrai <strong>magie<\/strong>! Notre <strong>concepteurs<\/strong> i <strong>programmeurs<\/strong> cr\u00e9er votre projet comme convenu. Chaque <strong>d\u00e9tail<\/strong>Chaque ligne de code, chaque image, tout est adapt\u00e9 \u00e0 l'objectif de l'entreprise. <strong>Vos attentes<\/strong>pour cr\u00e9er une solution qui soit \u00e0 la fois fonctionnelle et <strong>unique<\/strong>.\t\t\t\t\t\t\t\t<\/div>\n\t\t\t\t<\/div>\n\t\t<div class=\"elementor-element elementor-element-8dbf386 e-con-full e-flex e-con e-child\" data-id=\"8dbf386\" data-element_type=\"container\" data-e-type=\"container\">\n\t\t\t\t<div class=\"elementor-element elementor-element-0cfd314 elementor-widget elementor-widget-heading\" data-id=\"0cfd314\" data-element_type=\"widget\" data-e-type=\"widget\" data-widget_type=\"heading.default\">\n\t\t\t\t\t<h5 class=\"elementor-heading-title elementor-size-default\">\u00c9tape 4 <strong>\u2705<\/strong><\/h5>\t\t\t\t<\/div>\n\t\t\t\t<div class=\"elementor-element elementor-element-371b916 elementor-widget elementor-widget-heading\" data-id=\"371b916\" data-element_type=\"widget\" data-e-type=\"widget\" data-widget_type=\"heading.default\">\n\t\t\t\t\t<h6 class=\"elementor-heading-title elementor-size-default\">Finalisation et acceptation du projet<\/h6>\t\t\t\t<\/div>\n\t\t\t\t<div class=\"elementor-element elementor-element-a350a73 elementor-widget elementor-widget-text-editor\" data-id=\"a350a73\" data-element_type=\"widget\" data-e-type=\"widget\" data-widget_type=\"text-editor.default\">\n\t\t\t\t\t\t\t\t\tL'\u00e9tape finale consiste \u00e0 affiner la conception pour <strong>perfection<\/strong>. Nous proc\u00e9dons \u00e0 des ajustements, effectuons <strong>tests<\/strong> et de finaliser toutes les questions techniques et formelles, y compris le r\u00e8glement de la facture finale et des frais d'administration. <strong>d\u00e9taill\u00e9e<\/strong> v\u00e9rifier le fonctionnement du projet afin qu'il soit pleinement op\u00e9rationnel. <strong>pr\u00eat \u00e0 l'emploi<\/strong>.\t\t\t\t\t\t\t\t<\/div>\n\t\t\t\t<\/div>\n\t\t\t\t<\/div>\n\t\t\t\t<\/div>\n\t\t<\/div><\/p>\t\t\t\t\t\t\t\t<\/div>\n\t\t\t\t<div class=\"elementor-element elementor-element-6cdfd5e elementor-widget elementor-widget-text-editor\" data-id=\"6cdfd5e\" data-element_type=\"widget\" data-e-type=\"widget\" data-widget_type=\"text-editor.default\">\n\t\t\t\t\t\t\t\t\t<p><strong>Attention<\/strong>: Le paquet pr\u00e9sent\u00e9 n'est qu'un point de d\u00e9part - <strong>v\u00e9rifi\u00e9<\/strong>, <strong>la plupart du temps<\/strong> les options choisies qui, au fil des ans, ont permis de gagner <strong>confiance<\/strong> de nos clients. Cependant, votre projet m\u00e9rite plus que la norme ! C'est pourquoi nous ouvrons la porte \u00e0 des discussions individuelles - sp\u00e9cifications et prix ? Nous les adapterons \u00e0 vos besoins uniques.<br \/>\ud83d\udca1Chaque entreprise a une histoire, et nous adorons cr\u00e9er des offres avec des <strong>caract\u00e8re<\/strong>. <strong><a href=\"https:\/\/iarina029.supserv.cozmoslabs.com\/fr\/contact\/\" title=\"Contactez-nous d\u00e8s aujourd&#039;hui pour discuter des d\u00e9tails !\">Contactez nous <\/a><a href=\"https:\/\/iarina029.supserv.cozmoslabs.com\/fr\/product\/cocos_vps-serveur-super-rapide-et-puissant-pour-les-utilisateurs-exigeants\/\" title=\"Serveur VPS\">\ud83d\udd17<\/a><\/strong>et nous trouverons ensemble une solution qui non seulement r\u00e9pondra \u00e0 vos attentes, mais vous permettra de vous d\u00e9marquer sur le march\u00e9. Parlons du co\u00fbt final de votre boutique en ligne et des options qui vous permettront de gagner de l'argent. <strong>avantage<\/strong>!<\/p>\t\t\t\t\t\t\t\t<\/div>\n\t\t\t\t\t<\/div>\n\t\t\t\t<\/div>\n\t\t\t\t<\/div>","protected":false},"excerpt":{"rendered":"Profesjonalny sklep internetowy \u2013 rozwi\u0144 sw\u00f3j biznes online Chcesz przenie\u015b\u0107 sw\u00f3j e-commerce na wy\u017cszy poziom? Profesjonalny sklep internetowy to kompleksowe rozwi\u0105zanie dla ambitnych przedsi\u0119biorc\u00f3w. Oferujemy sklep oparty na Word Press","protected":false},"featured_media":3286,"comment_status":"open","ping_status":"closed","template":"","meta":{"powered_cache_disable_cache":false,"powered_cache_disable_css_optimization":false,"powered_cache_disable_js_optimization":false},"product_brand":[275],"product_cat":[130],"product_tag":[244,266,198],"class_list":{"0":"post-2642","1":"product","2":"type-product","3":"status-publish","4":"has-post-thumbnail","6":"product_brand-cocos","7":"product_cat-indywidualne-sklepy","8":"product_tag-prestashop","9":"product_tag-profesjonalny-sklep-internetowy","10":"product_tag-wordpress","12":"first","13":"instock","14":"sale","15":"featured","16":"taxable","17":"shipping-taxable","18":"purchasable","19":"product-type-simple"},"_links":{"self":[{"href":"https:\/\/iarina029.supserv.cozmoslabs.com\/fr\/wp-json\/wp\/v2\/product\/2642","targetHints":{"allow":["GET"]}}],"collection":[{"href":"https:\/\/iarina029.supserv.cozmoslabs.com\/fr\/wp-json\/wp\/v2\/product"}],"about":[{"href":"https:\/\/iarina029.supserv.cozmoslabs.com\/fr\/wp-json\/wp\/v2\/types\/product"}],"replies":[{"embeddable":true,"href":"https:\/\/iarina029.supserv.cozmoslabs.com\/fr\/wp-json\/wp\/v2\/comments?post=2642"}],"version-history":[{"count":0,"href":"https:\/\/iarina029.supserv.cozmoslabs.com\/fr\/wp-json\/wp\/v2\/product\/2642\/revisions"}],"wp:featuredmedia":[{"embeddable":true,"href":"https:\/\/iarina029.supserv.cozmoslabs.com\/fr\/wp-json\/wp\/v2\/media\/3286"}],"wp:attachment":[{"href":"https:\/\/iarina029.supserv.cozmoslabs.com\/fr\/wp-json\/wp\/v2\/media?parent=2642"}],"wp:term":[{"taxonomy":"product_brand","embeddable":true,"href":"https:\/\/iarina029.supserv.cozmoslabs.com\/fr\/wp-json\/wp\/v2\/product_brand?post=2642"},{"taxonomy":"product_cat","embeddable":true,"href":"https:\/\/iarina029.supserv.cozmoslabs.com\/fr\/wp-json\/wp\/v2\/product_cat?post=2642"},{"taxonomy":"product_tag","embeddable":true,"href":"https:\/\/iarina029.supserv.cozmoslabs.com\/fr\/wp-json\/wp\/v2\/product_tag?post=2642"}],"curies":[{"name":"wp","href":"https:\/\/api.w.org\/{rel}","templated":true}]}}