{"id":5668,"date":"2025-12-10T17:18:10","date_gmt":"2025-12-10T16:18:10","guid":{"rendered":"https:\/\/cocos.codes\/?post_type=product&#038;p=5668"},"modified":"2026-04-09T19:38:27","modified_gmt":"2026-04-09T17:38:27","slug":"prestashop-google-tag-manager","status":"publish","type":"product","link":"https:\/\/iarina029.supserv.cozmoslabs.com\/es\/product\/prestashop-google-tag-manager\/","title":{"rendered":"PrestaShop Google Tag Manager (GTM, GA4, ADS)"},"content":{"rendered":"<div data-elementor-type=\"wp-post\" data-elementor-id=\"5668\" class=\"elementor elementor-5668\">\n\t\t\t\t<div class=\"elementor-element elementor-element-94e5338 e-flex e-con-boxed e-con e-parent\" data-id=\"94e5338\" data-element_type=\"container\" data-e-type=\"container\">\n\t\t\t\t\t<div class=\"e-con-inner\">\n\t\t\t\t<div class=\"elementor-element elementor-element-f704832 elementor-widget elementor-widget-text-editor\" data-id=\"f704832\" data-element_type=\"widget\" data-e-type=\"widget\" data-widget_type=\"text-editor.default\">\n\t\t\t\t\t\t\t\t\t<h6>PrestaShop Google Tag Manager: integraci\u00f3n profesional de comercio electr\u00f3nico<\/h6>Google Tag Manager y Analytics son <strong>avanzado<\/strong> M\u00f3dulo para tiendas PrestaShop que desean aprovechar al m\u00e1ximo las posibilidades de Google Analytics 4 y Enhanced Ecommerce. <strong>CC PrestaShop Google Tag Manager<\/strong> rastrea autom\u00e1ticamente <strong>18 eventos clave<\/strong>, proporcionando un an\u00e1lisis detallado del comportamiento de los clientes, las conversiones y los ingresos. <strong>Obtenga una visi\u00f3n completa del rendimiento de la tienda, optimice las campa\u00f1as publicitarias y tome decisiones basadas en datos.<\/strong> Implementaci\u00f3n profesional conforme a los \u00faltimos est\u00e1ndares <strong>Google<\/strong>, lista para usar inmediatamente despu\u00e9s de la instalaci\u00f3n.\t\t\t\t\t\t\t\t<\/div>\n\t\t\t\t<div class=\"elementor-element elementor-element-a0f82a9 elementor-widget elementor-widget-spacer\" data-id=\"a0f82a9\" data-element_type=\"widget\" data-e-type=\"widget\" data-widget_type=\"spacer.default\">\n\t\t\t\t\t\t\t<div class=\"elementor-spacer\">\n\t\t\t<div class=\"elementor-spacer-inner\"><\/div>\n\t\t<\/div>\n\t\t\t\t\t\t<\/div>\n\t\t\t\t\t<\/div>\n\t\t\t\t<\/div>\n\t\t<div class=\"elementor-element elementor-element-bf6d82d e-flex e-con-boxed e-con e-parent\" data-id=\"bf6d82d\" data-element_type=\"container\" data-e-type=\"container\">\n\t\t\t\t\t<div class=\"e-con-inner\">\n\t\t<div class=\"elementor-element elementor-element-b8beb48 e-grid e-con-full e-con e-child\" data-id=\"b8beb48\" data-element_type=\"container\" data-e-type=\"container\">\n\t\t\t\t<div class=\"elementor-element elementor-element-2068a0d elementor-widget elementor-widget-pls-button\" data-id=\"2068a0d\" data-element_type=\"widget\" data-e-type=\"widget\" data-widget_type=\"pls-button.default\">\n\t\t\t\t<div class=\"elementor-widget-container\">\n\t\t\t\t\t<div id=\"pls-button-52641\" class=\"pls-element pls-button\">\n\t<a class=\"button btn-style-flat\" href=\"https:\/\/iarina029.supserv.cozmoslabs.com\/es\/base-de-conocimientos\/prestashop\/documentacion-de-prestashop\/prestashop-google-tag-manager\/\" title=\"DOCUMENTACI\u00d3N\"  target=\"_blank\">\n\t\tDOCUMENTACI\u00d3N\t<\/a>\n<\/div>\n\t\t\t\t<\/div>\n\t\t\t\t<\/div>\n\t\t\t\t<div class=\"elementor-element elementor-element-a6cfdfd elementor-widget elementor-widget-pls-button\" data-id=\"a6cfdfd\" data-element_type=\"widget\" data-e-type=\"widget\" data-widget_type=\"pls-button.default\">\n\t\t\t\t<div class=\"elementor-widget-container\">\n\t\t\t\t\t<div id=\"pls-button-67832\" class=\"pls-element pls-button\">\n\t<a class=\"button btn-style-flat\" href=\"https:\/\/demo.cocos.codes\/cc_ps_googletrack\/\" title=\"DEMO\" target=\"_blank\" rel=\"noopener\">\n\t\tDEMO\t<\/a>\n<\/div>\n\t\t\t\t<\/div>\n\t\t\t\t<\/div>\n\t\t\t\t<\/div>\n\t\t\t\t\t<\/div>\n\t\t\t\t<\/div>\n\t\t<div class=\"elementor-element elementor-element-61a6a8b e-flex e-con-boxed e-con e-parent\" data-id=\"61a6a8b\" data-element_type=\"container\" data-e-type=\"container\">\n\t\t\t\t\t<div class=\"e-con-inner\">\n\t\t\t\t<div class=\"elementor-element elementor-element-5145bd8 elementor-widget elementor-widget-spacer\" data-id=\"5145bd8\" data-element_type=\"widget\" data-e-type=\"widget\" data-widget_type=\"spacer.default\">\n\t\t\t\t\t\t\t<div class=\"elementor-spacer\">\n\t\t\t<div class=\"elementor-spacer-inner\"><\/div>\n\t\t<\/div>\n\t\t\t\t\t\t<\/div>\n\t\t\t\t<div class=\"elementor-element elementor-element-73d1d61 elementor-widget elementor-widget-text-editor\" data-id=\"73d1d61\" data-element_type=\"widget\" data-e-type=\"widget\" data-widget_type=\"text-editor.default\">\n\t\t\t\t\t\t\t\t\t<h6><strong>Seguimiento integral del comercio electr\u00f3nico<\/strong><\/h6><strong>\ud83c\udfaf Integraci\u00f3n completa con Google Analytics 4<\/strong><br \/><ul><li><strong>18 eventos clave de GA4<\/strong> \u2013 seguimiento autom\u00e1tico de todo el proceso de compra del cliente<\/li><li><strong>Comercio electr\u00f3nico mejorado<\/strong> \u2013 Cumplimiento de los \u00faltimos est\u00e1ndares de Google para el comercio electr\u00f3nico.<\/li><li><strong>Conversiones mejoradas<\/strong> \u2013 Datos de usuarios hashados para una mejor atribuci\u00f3n de conversiones.<\/li><li><strong>Integraci\u00f3n con GTM<\/strong> \u2013 control total por parte de <a href=\"https:\/\/tagmanager.google.com\/\" title=\"Google Tag Manager\" target=\"_blank\" rel=\"noopener\">Google Tag Manager<\/a><\/li><\/ul><strong>\ud83d\udcca Seguimiento avanzado de eventos<\/strong><br \/><ul><li><strong>page_view<\/strong> \u2013 visualizaci\u00f3n de cada p\u00e1gina con contexto completo<\/li><li><strong>ver_elemento<\/strong> \u2013 datos detallados sobre los productos mostrados<\/li><li><strong>ver_lista_de_art\u00edculos<\/strong> \u2013 seguimiento de listas de productos en categor\u00edas y resultados de b\u00fasqueda<\/li><li><strong>select_item<\/strong> \u2013 clics en productos desde las listas<\/li><li><strong>A\u00f1adir al carrito<\/strong> \u2013 a\u00f1adir productos al carrito con la cantidad y el precio<\/li><li><strong>eliminar_del_carrito<\/strong> \u2013 eliminar productos de la cesta<\/li><li><strong>ver_carrito<\/strong> \u2013 ver el contenido de la cesta<\/li><li><strong>begin_checkout<\/strong> \u2013 inicio del proceso de pedido<\/li><li><strong>add_shipping_info<\/strong> \u2013 selecci\u00f3n del m\u00e9todo de entrega<\/li><li><strong>a\u00f1adir_informaci\u00f3n_de_pago<\/strong> \u2013 selecci\u00f3n del m\u00e9todo de pago<\/li><li><strong>compra<\/strong> \u2013 Finalizaci\u00f3n de la compra con todos los datos de la transacci\u00f3n.<\/li><li><strong>buscar<\/strong> \u2013 b\u00fasqueda en la tienda<\/li><li><strong>iniciar sesi\u00f3n \/ registrarse<\/strong> \u2013 inicio de sesi\u00f3n y registro de usuarios<\/li><li><strong>a\u00f1adir a la lista de deseos<\/strong> \u2013 a\u00f1adir a la lista de deseos<\/li><li><strong>compartir<\/strong> \u2013 compartir productos en las redes sociales<\/li><li><strong>seleccionar_promoci\u00f3n<\/strong> \u2013 interacciones con promociones y descuentos<\/li><\/ul><strong>\ud83d\udd0d Capa de datos ampliada (Enhanced Data)<\/strong><br \/><ul><li><strong>Datos del sitio web<\/strong> \u2013 tipo de p\u00e1gina, URL, t\u00edtulo, idioma, moneda<\/li><li><strong>Datos del usuario<\/strong> \u2013 estado del cliente (visitante\/invitado\/cliente), ID de usuario<\/li><li><strong>Jerarqu\u00eda de categor\u00edas<\/strong> \u2013 hasta 5 niveles de categor\u00edas de productos<\/li><li><strong>Datos de los productos<\/strong> \u2013 marcas, precios, descuentos, atributos<\/li><li><strong>Datos de los pedidos<\/strong> \u2013 m\u00e9todos de entrega, pago, cupones de descuento<\/li><li><strong>Normalizaci\u00f3n de datos<\/strong> \u2013 formateo autom\u00e1tico de categor\u00edas y nombres<\/li><\/ul><strong>\ud83d\udee1\ufe0f Conversiones mejoradas y privacidad<\/strong><br \/><ul><li><strong>Datos hash de los usuarios<\/strong> \u2013 SHA-256 para la seguridad de los datos personales<\/li><li><strong>Correo electr\u00f3nico, tel\u00e9fono, direcci\u00f3n<\/strong> \u2013 todos los datos en formato seguro<\/li><li><strong>Mejor atribuci\u00f3n de conversiones<\/strong> \u2013 seguimiento m\u00e1s preciso de la eficacia de las campa\u00f1as<\/li><li><strong>Cumplimiento de RODO<\/strong> \u2013 cifrado de datos antes de enviarlos a Google<\/li><li><strong>Integraci\u00f3n con Google Consent Mode 2.0<\/strong> \u2013 Cooperaci\u00f3n con los m\u00f3dulos de gesti\u00f3n de permisos.<\/li><\/ul><strong>\ud83c\udfa8 Configuraci\u00f3n flexible<\/strong><br \/><ul><li><strong>Activar\/desactivar eventos<\/strong> \u2013 Control total sobre cada uno de los 18 eventos.<\/li><li><strong>Modo depuraci\u00f3n<\/strong> \u2013 inicio de sesi\u00f3n detallado en la consola del navegador<\/li><li><strong>Registro de eventos<\/strong> \u2013 registro de todos los eventos en la base de datos<\/li><li><strong>C\u00f3digo JavaScript personalizado<\/strong> \u2013 posibilidad de a\u00f1adir etiquetas personalizadas<\/li><li><strong>Multiling\u00fcismo<\/strong> \u2013 polaco, ingl\u00e9s, posibilidad de a\u00f1adir idiomas propios<\/li><li><strong>Selecci\u00f3n r\u00e1pida de eventos<\/strong> \u2013 botones \u201eSeleccionar todo\u201d \/ \u201eDeseleccionar todo\u201d<\/li><\/ul><strong>\u2699\ufe0f Funciones t\u00e9cnicas<\/strong><br \/><ul><li><strong>Detecci\u00f3n autom\u00e1tica de productos<\/strong> \u2013 Descarga inteligente de datos mediante AJAX.<\/li><li><strong>Servicio de eventos PrestaShop<\/strong> \u2013 integraci\u00f3n con updateCart y otros eventos<\/li><li><strong>Captura de fetch y XMLHttpRequest<\/strong> \u2013 seguimiento de la lista de deseos y otras interacciones<\/li><li><strong>Detecci\u00f3n de cantidad<\/strong> \u2013 de diversas fuentes (#quantity_wanted, event.reason.qty, etc.)<\/li><li><strong>Comprobaci\u00f3n de duplicados<\/strong> \u2013 no env\u00eda el mismo evento dos veces<\/li><li><strong>Capacidad de respuesta<\/strong> - adaptaci\u00f3n autom\u00e1tica a los dispositivos m\u00f3viles<\/li><li><strong>Sistema de gancho<\/strong> \u2013 uso de todos los ganchos clave de PrestaShop<\/li><\/ul><strong>\ud83d\udd27 Herramientas avanzadas para desarrolladores<\/strong><br \/><ul><li><strong>Asistente de etiquetas<\/strong> \u2013 pruebas con la herramienta oficial de Google<\/li><li><strong>Modo de vista previa GTM<\/strong> \u2013 vista previa de eventos en tiempo real<\/li><li><strong>Consola de depuraci\u00f3n<\/strong> \u2013 registros detallados de todas las operaciones<\/li><li><strong>Exportaci\u00f3n de registros<\/strong> \u2013 posibilidad de analizar los eventos registrados<\/li><li><strong>API para desarrolladores<\/strong> \u2013 variables window.ccpsTranslations, window.ccpsEventConfig<\/li><li><strong>Funci\u00f3n t()<\/strong> \u2013 sistema de traducci\u00f3n disponible en JavaScript<\/li><\/ul>\t\t\t\t\t\t\t\t<\/div>\n\t\t\t\t<div class=\"elementor-element elementor-element-62ba93d elementor-widget elementor-widget-text-editor\" data-id=\"62ba93d\" data-element_type=\"widget\" data-e-type=\"widget\" data-widget_type=\"text-editor.default\">\n\t\t\t\t\t\t\t\t\t<h6><strong>\ud83d\udcc8 Estructura de datos compatible con Google<br \/><\/strong><\/h6>El m\u00f3dulo garantiza la plena conformidad con la especificaci\u00f3n. <a href=\"https:\/\/developers.google.com\/analytics\/devguides\/collection\/ga4\/ecommerce?hl=pl&amp;client_type=gtag\" target=\"_blank\" rel=\"noopener\">Google Analytics 4 Comercio electr\u00f3nico mejorado<\/a>:<br \/><br \/><strong>El objeto items[] contiene:<\/strong><br \/><ul><li><strong>item_id<\/strong> \u2013 identificador \u00fanico del producto<\/li><li><strong>nombre_del_art\u00edculo<\/strong> \u2013 nombre del producto<\/li><li><strong>precio<\/strong> \u2013 precio del producto (despu\u00e9s del descuento)<\/li><li><strong>cantidad<\/strong> \u2013 cantidad de productos<\/li><li><strong>item_brand<\/strong> \u2013 marca del producto<\/li><li><strong>categor\u00eda_del_art\u00edculo<\/strong> \u2013 categor\u00eda principal<\/li><li><strong>item_category2-5<\/strong> \u2013 subcategor\u00edas (jerarqu\u00eda de hasta 5 niveles)<\/li><li><strong>\u00edndice<\/strong> \u2013 posici\u00f3n del producto en la lista<\/li><li><strong>google_business_vertical<\/strong> \u2013 configurado autom\u00e1ticamente en 'retail\u2019<\/li><\/ul><p><strong>Datos de la transacci\u00f3n (compra):<\/strong><\/p><ul><li><strong>transaction_id<\/strong> \u2013 n\u00famero \u00fanico de pedido<\/li><li><strong>valor<\/strong> \u2013 valor total del pedido<\/li><li><strong>impuesto<\/strong> \u2013 importe del impuesto<\/li><li><strong>env\u00edo<\/strong> \u2013 coste de env\u00edo<\/li><li><strong>moneda<\/strong> \u2013 c\u00f3digo de la moneda (PLN, EUR, USD, etc.)<\/li><li><strong>cup\u00f3n<\/strong> \u2013 c\u00f3digo de descuento utilizado<\/li><li><strong>elementos[]<\/strong> \u2013 lista completa de productos comprados<\/li><\/ul>\t\t\t\t\t\t\t\t<\/div>\n\t\t\t\t<div class=\"elementor-element elementor-element-f902eee elementor-widget elementor-widget-spacer\" data-id=\"f902eee\" data-element_type=\"widget\" data-e-type=\"widget\" data-widget_type=\"spacer.default\">\n\t\t\t\t\t\t\t<div class=\"elementor-spacer\">\n\t\t\t<div class=\"elementor-spacer-inner\"><\/div>\n\t\t<\/div>\n\t\t\t\t\t\t<\/div>\n\t\t\t\t<div class=\"elementor-element elementor-element-989aa7e elementor-widget elementor-widget-text-editor\" data-id=\"989aa7e\" data-element_type=\"widget\" data-e-type=\"widget\" data-widget_type=\"text-editor.default\">\n\t\t\t\t\t\t\t\t\t<h6><strong>\ud83d\ude80 \u00a1Aumente la eficacia de sus campa\u00f1as publicitarias y optimice sus ventas!<\/strong><\/h6><p><br \/>Sin <strong>datos anal\u00edticos precisos<\/strong> est\u00e1s dirigiendo tu negocio a ciegas. Pierdes dinero en campa\u00f1as ineficaces, no sabes qu\u00e9 productos se venden realmente y d\u00f3nde est\u00e1n los clientes. <strong>abandonan las cestas<\/strong>. CC Google Tag Manager &amp; Analytics te ofrece <strong>visi\u00f3n completa de cada etapa del proceso de compra<\/strong>, permitiendo una precisi\u00f3n <strong>optimizaci\u00f3n de la conversi\u00f3n y el ROI<\/strong>. <strong>Autom\u00e1tico<\/strong> implementaci\u00f3n<strong> 18 eventos clave<\/strong> ahorra decenas de horas de trabajo de programaci\u00f3n y elimina los errores de seguimiento.<br \/><br \/>Gracias a <strong>Conversiones mejoradas<\/strong> Aumentar\u00e1s la precisi\u00f3n de la atribuci\u00f3n de conversiones a las campa\u00f1as publicitarias de Google Ads hasta en un <strong>20-30%<\/strong>. <strong>Capa de datos ampliada<\/strong> permite crear segmentos avanzados en Google Analytics y personalizar <strong>remarketing<\/strong>. El modo de depuraci\u00f3n y el registro de eventos facilitan las pruebas y la resoluci\u00f3n de problemas. Todo ello desde el intuitivo panel de administraci\u00f3n de PrestaShop., <strong>sin necesidad de conocimientos de programaci\u00f3n<\/strong>.<\/p>\t\t\t\t\t\t\t\t<\/div>\n\t\t\t\t<div class=\"elementor-element elementor-element-f20f9f7 elementor-widget elementor-widget-spacer\" data-id=\"f20f9f7\" data-element_type=\"widget\" data-e-type=\"widget\" data-widget_type=\"spacer.default\">\n\t\t\t\t\t\t\t<div class=\"elementor-spacer\">\n\t\t\t<div class=\"elementor-spacer-inner\"><\/div>\n\t\t<\/div>\n\t\t\t\t\t\t<\/div>\n\t\t\t\t<div class=\"elementor-element elementor-element-85a068a elementor-widget elementor-widget-text-editor\" data-id=\"85a068a\" data-element_type=\"widget\" data-e-type=\"widget\" data-widget_type=\"text-editor.default\">\n\t\t\t\t\t\t\t\t\t<strong>\u00bfPara qui\u00e9n?<\/strong><br \/>El m\u00f3dulo es ideal para todos:<br \/><br \/><div style=\"padding-left: 40px;\">\u2714 <strong>Tiendas <a href=\"https:\/\/prestashop.com\/\" title=\"PrestaShop\" target=\"_blank\" rel=\"noopener\">PrestaShop<\/a><\/strong> que necesitan una integraci\u00f3n profesional con Google Analytics 4<\/div><div style=\"padding-left: 40px;\">\u2714 <strong>Comercio electr\u00f3nico que utiliza Google Ads<\/strong> y que desean aumentar el ROAS<\/div><div style=\"padding-left: 40px;\">\u2714 <strong>Los especialistas en marketing<\/strong> que necesitan datos detallados sobre el comportamiento de los clientes<\/div><div style=\"padding-left: 40px;\">\u2714 <strong>Comerciantes<\/strong> que desean tomar decisiones basadas en datos<\/div><div style=\"padding-left: 40px;\">\u2714 <strong>Agencias de marketing<\/strong> gestores de campa\u00f1as para clientes<\/div><div style=\"padding-left: 40px;\">\u2714 <strong>Promotores inmobiliarios<\/strong> que buscan una soluci\u00f3n lista para usar en lugar de escribir c\u00f3digo personalizado<\/div><div style=\"padding-left: 40px;\">\u2714 <strong>Tiendas multiling\u00fces<\/strong> que necesitan un apoyo completo en materia de traducci\u00f3n<\/div><div style=\"padding-left: 40px;\">\u2714 <strong>Empresas que velan por el cumplimiento del RGPD<\/strong> gracias a las conversiones mejoradas con hash de datos<\/div><div style=\"padding-left: 40px;\">\u2714 <strong>Administradores<\/strong> que valoran la f\u00e1cil configuraci\u00f3n y la interfaz intuitiva<\/div><div style=\"padding-left: 40px;\">\u2714 <strong>Usuarios avanzados de GTM<\/strong> que necesitan un control total a trav\u00e9s de dataLayer<br \/><br \/><\/div><div class=\"cc-alert cc-alert-success\"><div class=\"cc-alert-title\">Ahorro de tiempo y dinero<\/div><div class=\"cc-alert-content\"><strong>La implementaci\u00f3n manual de Enhanced Ecommerce GA4 requiere entre 20 y 40 horas de trabajo de un programador y cuesta entre 3000 y 8000 PLN.<\/strong>. Nuestro m\u00f3dulo funciona inmediatamente despu\u00e9s de la instalaci\u00f3n, lo que le ahorra tiempo y dinero. <strong>Pagas una sola vez y obtienes un seguimiento profesional y actualizaciones que cumplen con los \u00faltimos est\u00e1ndares de Google.<\/strong><\/div><\/div>\t\t\t\t\t\t\t\t<\/div>\n\t\t\t\t<div class=\"elementor-element elementor-element-cec8481 elementor-widget elementor-widget-spacer\" data-id=\"cec8481\" data-element_type=\"widget\" data-e-type=\"widget\" data-widget_type=\"spacer.default\">\n\t\t\t\t\t\t\t<div class=\"elementor-spacer\">\n\t\t\t<div class=\"elementor-spacer-inner\"><\/div>\n\t\t<\/div>\n\t\t\t\t\t\t<\/div>\n\t\t\t\t<div class=\"elementor-element elementor-element-738c0c6 elementor-widget elementor-widget-text-editor\" data-id=\"738c0c6\" data-element_type=\"widget\" data-e-type=\"widget\" data-widget_type=\"text-editor.default\">\n\t\t\t\t\t\t\t\t\t<p><div class=\"pls-block pls-block-3297\">\t\t<div data-elementor-type=\"wp-post\" data-elementor-id=\"3297\" class=\"elementor elementor-3297\">\n\t\t\t\t<div class=\"elementor-element elementor-element-d99440d e-flex e-con-boxed e-con e-parent\" data-id=\"d99440d\" data-element_type=\"container\" data-e-type=\"container\" data-settings=\"{&quot;background_background&quot;:&quot;classic&quot;}\">\n\t\t\t\t\t<div class=\"e-con-inner\">\n\t\t\t\t<div class=\"elementor-element elementor-element-b850409 elementor-widget elementor-widget-text-editor\" data-id=\"b850409\" data-element_type=\"widget\" data-e-type=\"widget\" data-widget_type=\"text-editor.default\">\n\t\t\t\t\t\t\t\t\t<h6><strong>\u00a0Aumente hoy mismo la capacidad de su tienda. <\/strong><strong>\ud83d\ude80<\/strong><\/h6>A\u00f1ada nuevas funciones, mejore la experiencia de usuario y aumente las conversiones con nuestro m\u00f3dulo. F\u00e1cil instalaci\u00f3n, compatibilidad total y actualizaciones peri\u00f3dicas: todo lo que necesitas para que tu tienda funcione a\u00fan mejor.<br \/>\u2705 F\u00e1cil configuraci\u00f3n \u2705 Asistencia profesional \u2705 Integraci\u00f3n perfecta<br \/><br \/><a class=\"button simple\" href=\"#main-content\" title=\"\u00a1Inst\u00e1lalo y empieza a usarlo ya!\">\u00a1Inst\u00e1lalo y empieza a usarlo ya!<\/a>\t\t\t\t\t\t\t\t<\/div>\n\t\t\t\t\t<\/div>\n\t\t\t\t<\/div>\n\t\t\t\t<\/div>\n\t\t<\/div><\/p>\t\t\t\t\t\t\t\t<\/div>\n\t\t\t\t\t<\/div>\n\t\t\t\t<\/div>\n\t\t\t\t<\/div>","protected":false},"excerpt":{"rendered":"Presta Shop Google Tag Manager: integraci\u00f3n profesional de comercio electr\u00f3nico Google Tag Manager &amp; Analytics es un m\u00f3dulo avanzado para tiendas Presta Shop que desean aprovechar al m\u00e1ximo las posibilidades de Google Analytics 4 y","protected":false},"featured_media":5675,"comment_status":"open","ping_status":"closed","template":"","meta":{"powered_cache_disable_cache":false,"powered_cache_disable_css_optimization":false,"powered_cache_disable_js_optimization":false},"product_brand":[275],"product_cat":[131],"product_tag":[207,206,325,205,204,273],"class_list":{"0":"post-5668","1":"product","2":"type-product","3":"status-publish","4":"has-post-thumbnail","6":"product_brand-cocos","7":"product_cat-prestashop","8":"product_tag-ads","9":"product_tag-ga4","10":"product_tag-gtag","11":"product_tag-gtm","12":"product_tag-integracja-google","13":"product_tag-modul-prestashop","15":"first","16":"instock","17":"downloadable","18":"virtual","19":"taxable","20":"purchasable","21":"product-type-simple"},"_links":{"self":[{"href":"https:\/\/iarina029.supserv.cozmoslabs.com\/es\/wp-json\/wp\/v2\/product\/5668","targetHints":{"allow":["GET"]}}],"collection":[{"href":"https:\/\/iarina029.supserv.cozmoslabs.com\/es\/wp-json\/wp\/v2\/product"}],"about":[{"href":"https:\/\/iarina029.supserv.cozmoslabs.com\/es\/wp-json\/wp\/v2\/types\/product"}],"replies":[{"embeddable":true,"href":"https:\/\/iarina029.supserv.cozmoslabs.com\/es\/wp-json\/wp\/v2\/comments?post=5668"}],"version-history":[{"count":0,"href":"https:\/\/iarina029.supserv.cozmoslabs.com\/es\/wp-json\/wp\/v2\/product\/5668\/revisions"}],"wp:featuredmedia":[{"embeddable":true,"href":"https:\/\/iarina029.supserv.cozmoslabs.com\/es\/wp-json\/wp\/v2\/media\/5675"}],"wp:attachment":[{"href":"https:\/\/iarina029.supserv.cozmoslabs.com\/es\/wp-json\/wp\/v2\/media?parent=5668"}],"wp:term":[{"taxonomy":"product_brand","embeddable":true,"href":"https:\/\/iarina029.supserv.cozmoslabs.com\/es\/wp-json\/wp\/v2\/product_brand?post=5668"},{"taxonomy":"product_cat","embeddable":true,"href":"https:\/\/iarina029.supserv.cozmoslabs.com\/es\/wp-json\/wp\/v2\/product_cat?post=5668"},{"taxonomy":"product_tag","embeddable":true,"href":"https:\/\/iarina029.supserv.cozmoslabs.com\/es\/wp-json\/wp\/v2\/product_tag?post=5668"}],"curies":[{"name":"wp","href":"https:\/\/api.w.org\/{rel}","templated":true}]}}