{"id":5383,"date":"2025-09-23T21:01:43","date_gmt":"2025-09-23T19:01:43","guid":{"rendered":"https:\/\/cocos.codes\/?post_type=product&#038;p=5383"},"modified":"2026-04-09T19:38:23","modified_gmt":"2026-04-09T17:38:23","slug":"wordpress-antispam","status":"publish","type":"product","link":"https:\/\/iarina029.supserv.cozmoslabs.com\/es\/product\/wordpress-antispam\/","title":{"rendered":"WordPress Anti Spam 1.0.2"},"content":{"rendered":"<div data-elementor-type=\"wp-post\" data-elementor-id=\"5383\" class=\"elementor elementor-5383\">\n\t\t\t\t<div class=\"elementor-element elementor-element-9f9cdfa e-flex e-con-boxed e-con e-parent\" data-id=\"9f9cdfa\" data-element_type=\"container\" data-e-type=\"container\">\n\t\t\t\t\t<div class=\"e-con-inner\">\n\t\t\t\t<div class=\"elementor-element elementor-element-1076e98 elementor-widget elementor-widget-text-editor\" data-id=\"1076e98\" data-element_type=\"widget\" data-e-type=\"widget\" data-widget_type=\"text-editor.default\">\n\t\t\t\t\t\t\t\t\t<h6>CC WordPress Anti-spam - protecci\u00f3n avanzada contra el spam sin JavaScript<\/h6>CC WordPress Anti Spam es un plugin profesional que proporciona una protecci\u00f3n completa para su sitio WordPress contra el spam en comentarios, formularios de registro y formularios de contacto externos. El sistema funciona con tecnolog\u00eda PHP en 100%, proporcionando una protecci\u00f3n fiable independiente de la configuraci\u00f3n de JavaScript en el navegador del usuario.\t\t\t\t\t\t\t\t<\/div>\n\t\t\t\t<div class=\"elementor-element elementor-element-7e7ebdf elementor-widget elementor-widget-spacer\" data-id=\"7e7ebdf\" data-element_type=\"widget\" data-e-type=\"widget\" data-widget_type=\"spacer.default\">\n\t\t\t\t\t\t\t<div class=\"elementor-spacer\">\n\t\t\t<div class=\"elementor-spacer-inner\"><\/div>\n\t\t<\/div>\n\t\t\t\t\t\t<\/div>\n\t\t\t\t\t<\/div>\n\t\t\t\t<\/div>\n\t\t<div class=\"elementor-element elementor-element-2894c7d e-flex e-con-boxed e-con e-parent\" data-id=\"2894c7d\" data-element_type=\"container\" data-e-type=\"container\">\n\t\t\t\t\t<div class=\"e-con-inner\">\n\t\t<div class=\"elementor-element elementor-element-3174046 e-grid e-con-full e-con e-child\" data-id=\"3174046\" data-element_type=\"container\" data-e-type=\"container\">\n\t\t\t\t<div class=\"elementor-element elementor-element-39719e2 elementor-widget elementor-widget-pls-button\" data-id=\"39719e2\" data-element_type=\"widget\" data-e-type=\"widget\" data-widget_type=\"pls-button.default\">\n\t\t\t\t<div class=\"elementor-widget-container\">\n\t\t\t\t\t<div id=\"pls-button-34558\" class=\"pls-element pls-button\">\n\t<a class=\"button btn-style-flat\" href=\"https:\/\/iarina029.supserv.cozmoslabs.com\/es\/base-de-conocimientos\/wordpress\/documentacion-2\/antispam\/\" title=\"DOCUMENTACI\u00d3N\"  target=\"_blank\">\n\t\tDOCUMENTACI\u00d3N\t<\/a>\n<\/div>\n\t\t\t\t<\/div>\n\t\t\t\t<\/div>\n\t\t\t\t<div class=\"elementor-element elementor-element-5400b43 elementor-widget elementor-widget-pls-button\" data-id=\"5400b43\" data-element_type=\"widget\" data-e-type=\"widget\" data-widget_type=\"pls-button.default\">\n\t\t\t\t<div class=\"elementor-widget-container\">\n\t\t\t\t\t<div id=\"pls-button-12719\" class=\"pls-element pls-button\">\n\t<a class=\"button btn-style-flat\" href=\"https:\/\/demo.cocos.codes\/cc_wordpress_anti_spam\/\" title=\"DEMO\" target=\"_blank\" rel=\"noopener\">\n\t\tDEMO\t<\/a>\n<\/div>\n\t\t\t\t<\/div>\n\t\t\t\t<\/div>\n\t\t\t\t<\/div>\n\t\t\t\t\t<\/div>\n\t\t\t\t<\/div>\n\t\t<div class=\"elementor-element elementor-element-c0762d4 e-flex e-con-boxed e-con e-parent\" data-id=\"c0762d4\" data-element_type=\"container\" data-e-type=\"container\">\n\t\t\t\t\t<div class=\"e-con-inner\">\n\t\t\t\t<div class=\"elementor-element elementor-element-c669d90 elementor-widget elementor-widget-spacer\" data-id=\"c669d90\" data-element_type=\"widget\" data-e-type=\"widget\" data-widget_type=\"spacer.default\">\n\t\t\t\t\t\t\t<div class=\"elementor-spacer\">\n\t\t\t<div class=\"elementor-spacer-inner\"><\/div>\n\t\t<\/div>\n\t\t\t\t\t\t<\/div>\n\t\t\t\t<div class=\"elementor-element elementor-element-ee8a087 elementor-widget elementor-widget-text-editor\" data-id=\"ee8a087\" data-element_type=\"widget\" data-e-type=\"widget\" data-widget_type=\"text-editor.default\">\n\t\t\t\t\t\t\t\t\t<h6><strong>Vea lo que obtiene<\/strong><\/h6><p><strong>\ud83d\udee1\ufe0f Protecci\u00f3n de formularios multicapa<\/strong><\/p><ul><li><strong>Campo Honeypot<\/strong> - campos invisibles para detectar bots autom\u00e1ticos<\/li><li><strong>Control del tiempo de llenado<\/strong> - bloqueo de formularios rellenados con demasiada rapidez o lentitud<\/li><li><strong>Filtrado de contenidos<\/strong> - detecci\u00f3n inteligente de palabras y frases prohibidas<\/li><li><strong>Limitaci\u00f3n de enlaces<\/strong> - control de un n\u00famero excesivo de URL en el contenido<\/li><li><strong>Validaci\u00f3n de los datos del usuario<\/strong> - comprobaci\u00f3n de patrones sospechosos en el registro<\/li><li><strong>Diferentes niveles de protecci\u00f3n<\/strong> - ajustar la sensibilidad a las necesidades del lugar<\/li><\/ul><p><strong>\ud83c\udf10 Integraci\u00f3n nativa de los plug-ins m\u00e1s populares<\/strong><\/p><ul><li><a href=\"https:\/\/wordpress.org\/plugins\/contact-form-7\/\" title=\"Formulario de contacto 7\" target=\"_blank\" rel=\"noopener\"><strong>Formulario de contacto 7<\/strong><\/a> - protecci\u00f3n autom\u00e1tica de todos los formularios CF7<\/li><li><a href=\"https:\/\/www.gravityforms.com\/\" title=\"Formularios de gravedad\" target=\"_blank\" rel=\"noopener\"><strong>Formularios de gravedad<\/strong><\/a> - plena integraci\u00f3n con el sistema de validaci\u00f3n de GF<\/li><li><strong>Comentarios de WordPress<\/strong> - protecci\u00f3n de los comentarios nativos<\/li><li><strong>Formularios de inscripci\u00f3n<\/strong> - creaci\u00f3n segura de cuentas de usuario<\/li><li><strong>Detecci\u00f3n autom\u00e1tica<\/strong> - el propio plug-in reconoce las formas activas<\/li><li><strong>Sin modificar el c\u00f3digo<\/strong> - Integraci\u00f3n mediante conexiones a WordPress<\/li><\/ul><p><strong>\ud83d\udeab Bloqueo avanzado de IP<\/strong><\/p><ul><li><strong>Bloqueos horarios<\/strong> - caducidad autom\u00e1tica tras un periodo de tiempo definido (30 min - 24h)<\/li><li><strong>Cerraduras fijas<\/strong> - bloqueos permanentes para los spammers persistentes<\/li><li><strong>Lista blanca<\/strong> - las IP permitidas nunca ser\u00e1n bloqueadas<\/li><li><strong>Enclavamientos autom\u00e1ticos<\/strong> - el sistema bloquea la propia IP cuando se supera el umbral de spam<\/li><li><strong>Compatibilidad con CIDR<\/strong> - bloqueo de rangos enteros de IP (IPv4 e IPv6)<\/li><li><strong>Detecci\u00f3n de proxy<\/strong> - identificaci\u00f3n IP correcta detr\u00e1s de CDN y proxy<\/li><\/ul><p><strong>\ud83d\udcca Registro detallado y estad\u00edsticas<\/strong><\/p><ul><li><strong>Registros exhaustivos<\/strong> - registro de todos los intentos de spam con detalles<\/li><li><strong>Sistema de filtrado<\/strong> - encontrar r\u00e1pidamente tipos espec\u00edficos de ataques<\/li><li><strong>Estad\u00edsticas visuales<\/strong> - informes con los 10 principales IP y tendencias diarias<\/li><li><strong>C\u00f3digo de colores<\/strong> - f\u00e1cil identificaci\u00f3n de los tipos de cerradura<\/li><li><strong>Limpieza autom\u00e1tica<\/strong> - gesti\u00f3n del tama\u00f1o del registro<\/li><li><strong>Exportaci\u00f3n de datos<\/strong> - posibilidad de descargar informes completos<\/li><\/ul><p><strong>\u26a1 Optimizaci\u00f3n del rendimiento<\/strong><\/p><ul><li><strong>Cach\u00e9 de comprobaci\u00f3n de IP<\/strong> - reducci\u00f3n de la carga de la base de datos<\/li><li><strong>Comprobaci\u00f3n s\u00f3lo en POST<\/strong> - minimizar los controles de los formularios<\/li><li><strong>Saltarse la sesi\u00f3n iniciada<\/strong> - exclusi\u00f3n de usuarios del control<\/li><li><strong>Consultas inteligentes<\/strong> - optimizaci\u00f3n de las operaciones de base de datos<\/li><li><strong>Tareas as\u00edncronas<\/strong> - limpieza en segundo plano mediante CRON<\/li><li><strong>Recursos m\u00ednimos<\/strong> - impacto imperceptible en la velocidad del sitio<\/li><\/ul><p><strong>\ud83d\udd27 Tareas autom\u00e1ticas y mantenimiento<\/strong><\/p><ul><li><strong>Tareas CRON<\/strong> - limpieza autom\u00e1tica diaria y semanal<\/li><li><strong>Retirada de cerraduras caducadas<\/strong> - mantener limpia la base de datos<\/li><li><strong>L\u00edmite de registro<\/strong> - gesti\u00f3n autom\u00e1tica del espacio de almacenamiento<\/li><li><strong>Informes de limpieza<\/strong> - detalles de las operaciones de mantenimiento<\/li><li><strong>Horario personalizado<\/strong> - adaptabilidad de frecuencia<\/li><li><strong>Administraci\u00f3n cero<\/strong> - el sistema funciona de forma independiente tras la configuraci\u00f3n<\/li><\/ul>\t\t\t\t\t\t\t\t<\/div>\n\t\t\t\t<div class=\"elementor-element elementor-element-685bb0c elementor-widget elementor-widget-text-editor\" data-id=\"685bb0c\" data-element_type=\"widget\" data-e-type=\"widget\" data-widget_type=\"text-editor.default\">\n\t\t\t\t\t\t\t\t\t<div class=\"cc-alert cc-alert-tip\"><div class=\"cc-alert-title\">Consejo<\/div><div class=\"cc-alert-content\">A diferencia de las soluciones basadas en JavaScript, <strong>Antispam en WordPress<\/strong> funciona a nivel de servidor, lo que hace que <strong>imposible de eludir por bots avanzados y garantiza la eficacia de la protecci\u00f3n 100%<\/strong>.<\/div><\/div><h6><br \/>Principales ventajas t\u00e9cnicas<\/h6><table class=\"woocommerce-table shop_table\"><thead><tr><td><strong>Funci\u00f3n<\/strong><\/td><td><strong>CC Anti Spam<\/strong><\/td><td><strong>Soluciones t\u00edpicas<\/strong><\/td><\/tr><\/thead><tbody><tr><td>Funcionamiento sin JavaScript<\/td><td>\u2705 100% independencia<\/td><td>\u274c Requerir JS<\/td><\/tr><tr><td>Bloques IP con CIDR<\/td><td>Compatibilidad total con IPv4\/IPv6<\/td><td>\u26a0\ufe0f IP b\u00e1sica<\/td><\/tr><tr><td>Cach\u00e9 de rendimiento<\/td><td>\u2705 Cach\u00e9 inteligente<\/td><td>\u274c Sin optimizaci\u00f3n<\/td><\/tr><tr><td>CRON autom\u00e1tico<\/td><td>Automatizaci\u00f3n completa<\/td><td>\u26a0\ufe0f Gesti\u00f3n manual<\/td><\/tr><tr><td>Registros detallados<\/td><td>Informes avanzados<\/td><td>\u26a0\ufe0f Inicio de sesi\u00f3n b\u00e1sico<\/td><\/tr><tr><td>Integraci\u00f3n con plug-ins populares<\/td><td>\u2705 CF7 + GF nativo<\/td><td>\u274c Requiere configuraci\u00f3n<\/td><\/tr><\/tbody><\/table>\t\t\t\t\t\t\t\t<\/div>\n\t\t\t\t<div class=\"elementor-element elementor-element-a25f403 elementor-widget elementor-widget-spacer\" data-id=\"a25f403\" data-element_type=\"widget\" data-e-type=\"widget\" data-widget_type=\"spacer.default\">\n\t\t\t\t\t\t\t<div class=\"elementor-spacer\">\n\t\t\t<div class=\"elementor-spacer-inner\"><\/div>\n\t\t<\/div>\n\t\t\t\t\t\t<\/div>\n\t\t\t\t<div class=\"elementor-element elementor-element-7137739 elementor-widget elementor-widget-text-editor\" data-id=\"7137739\" data-element_type=\"widget\" data-e-type=\"widget\" data-widget_type=\"text-editor.default\">\n\t\t\t\t\t\t\t\t\t<h6>\ud83d\udcaa \u00a1Aumenta la seguridad de tu sitio WordPress!<\/h6><strong>El spam en comentarios y formularios no s\u00f3lo reduce la calidad del contenido, sino que tambi\u00e9n puede afectar negativamente al posicionamiento en Google y a la confianza de los usuarios.<\/strong> Los registros autom\u00e1ticos de bots ensucian la base de datos y pueden utilizarse para otros ataques. <strong>CC WordPress Anti Spam elimina estos problemas de ra\u00edz<\/strong>, proporcionando <strong>limpiar<\/strong> formularios y <strong>seguro<\/strong> para usuarios reales.<div class=\"notranslate\" style=\"all: initial;\">\u00a0<\/div>\t\t\t\t\t\t\t\t<\/div>\n\t\t\t\t<div class=\"elementor-element elementor-element-b5b3a9a elementor-widget elementor-widget-spacer\" data-id=\"b5b3a9a\" data-element_type=\"widget\" data-e-type=\"widget\" data-widget_type=\"spacer.default\">\n\t\t\t\t\t\t\t<div class=\"elementor-spacer\">\n\t\t\t<div class=\"elementor-spacer-inner\"><\/div>\n\t\t<\/div>\n\t\t\t\t\t\t<\/div>\n\t\t\t\t<div class=\"elementor-element elementor-element-4f80c05 elementor-widget elementor-widget-text-editor\" data-id=\"4f80c05\" data-element_type=\"widget\" data-e-type=\"widget\" data-widget_type=\"text-editor.default\">\n\t\t\t\t\t\t\t\t\t<h6><strong>\u00bfPara qui\u00e9n?<\/strong><\/h6>El plug-in es ideal para:<ul><li><strong>Sitios web corporativos<\/strong> protecci\u00f3n profesional contra el spam<\/li><li><strong>Blogs y servicios de noticias<\/strong> con secciones de comentarios activas<\/li><li><strong>Tiendas en l\u00ednea<\/strong> proteger los formularios de contacto e inscripci\u00f3n<\/li><li><strong>Redes sociales<\/strong> con alto tr\u00e1fico de usuarios<\/li><li><strong>Sitios web de empresas<\/strong> utilizando Contact Form 7 o Gravity Forms<\/li><li><strong>Administradores de WordPress<\/strong> buscando una soluci\u00f3n \"config\u00faralo y olv\u00eddate\".<\/li><li><strong>Agencias web<\/strong> gesti\u00f3n de proyectos de m\u00faltiples clientes<\/li><li><strong>Propietarios<\/strong> cansado de la moderaci\u00f3n diaria de spam<\/li><\/ul>\t\t\t\t\t\t\t\t<\/div>\n\t\t\t\t<div class=\"elementor-element elementor-element-652f369 elementor-widget elementor-widget-spacer\" data-id=\"652f369\" data-element_type=\"widget\" data-e-type=\"widget\" data-widget_type=\"spacer.default\">\n\t\t\t\t\t\t\t<div class=\"elementor-spacer\">\n\t\t\t<div class=\"elementor-spacer-inner\"><\/div>\n\t\t<\/div>\n\t\t\t\t\t\t<\/div>\n\t\t\t\t<div class=\"elementor-element elementor-element-fdfe69a elementor-widget elementor-widget-text-editor\" data-id=\"fdfe69a\" data-element_type=\"widget\" data-e-type=\"widget\" data-widget_type=\"text-editor.default\">\n\t\t\t\t\t\t\t\t\t<p><div class=\"pls-block pls-block-3297\">\t\t<div data-elementor-type=\"wp-post\" data-elementor-id=\"3297\" class=\"elementor elementor-3297\">\n\t\t\t\t<div class=\"elementor-element elementor-element-d99440d e-flex e-con-boxed e-con e-parent\" data-id=\"d99440d\" data-element_type=\"container\" data-e-type=\"container\" data-settings=\"{&quot;background_background&quot;:&quot;classic&quot;}\">\n\t\t\t\t\t<div class=\"e-con-inner\">\n\t\t\t\t<div class=\"elementor-element elementor-element-b850409 elementor-widget elementor-widget-text-editor\" data-id=\"b850409\" data-element_type=\"widget\" data-e-type=\"widget\" data-widget_type=\"text-editor.default\">\n\t\t\t\t\t\t\t\t\t<h6><strong>\u00a0Aumente hoy mismo la capacidad de su tienda. <\/strong><strong>\ud83d\ude80<\/strong><\/h6>A\u00f1ada nuevas funciones, mejore la experiencia de usuario y aumente las conversiones con nuestro m\u00f3dulo. F\u00e1cil instalaci\u00f3n, compatibilidad total y actualizaciones peri\u00f3dicas: todo lo que necesitas para que tu tienda funcione a\u00fan mejor.<br \/>\u2705 F\u00e1cil configuraci\u00f3n \u2705 Asistencia profesional \u2705 Integraci\u00f3n perfecta<br \/><br \/><a class=\"button simple\" href=\"#main-content\" title=\"\u00a1Inst\u00e1lalo y empieza a usarlo ya!\">\u00a1Inst\u00e1lalo y empieza a usarlo ya!<\/a>\t\t\t\t\t\t\t\t<\/div>\n\t\t\t\t\t<\/div>\n\t\t\t\t<\/div>\n\t\t\t\t<\/div>\n\t\t<\/div><\/p>\t\t\t\t\t\t\t\t<\/div>\n\t\t\t\t\t<\/div>\n\t\t\t\t<\/div>\n\t\t\t\t<\/div>","protected":false},"excerpt":{"rendered":"CC Word Press Anti Spam - protecci\u00f3n avanzada contra el spam sin Java Script CC Word Press Anti Spam es un plug-in profesional que proporciona una protecci\u00f3n completa para su sitio Word Press contra el spam en el","protected":false},"featured_media":5400,"comment_status":"open","ping_status":"closed","template":"","meta":{"powered_cache_disable_cache":false,"powered_cache_disable_css_optimization":false,"powered_cache_disable_js_optimization":false},"product_brand":[275],"product_cat":[132],"product_tag":[302,198,303],"class_list":{"0":"post-5383","1":"product","2":"type-product","3":"status-publish","4":"has-post-thumbnail","6":"product_brand-cocos","7":"product_cat-wordpress","8":"product_tag-anty-spam","9":"product_tag-wordpress","10":"product_tag-zabezpieczenie","12":"first","13":"instock","14":"featured","15":"downloadable","16":"virtual","17":"taxable","18":"purchasable","19":"product-type-simple"},"_links":{"self":[{"href":"https:\/\/iarina029.supserv.cozmoslabs.com\/es\/wp-json\/wp\/v2\/product\/5383","targetHints":{"allow":["GET"]}}],"collection":[{"href":"https:\/\/iarina029.supserv.cozmoslabs.com\/es\/wp-json\/wp\/v2\/product"}],"about":[{"href":"https:\/\/iarina029.supserv.cozmoslabs.com\/es\/wp-json\/wp\/v2\/types\/product"}],"replies":[{"embeddable":true,"href":"https:\/\/iarina029.supserv.cozmoslabs.com\/es\/wp-json\/wp\/v2\/comments?post=5383"}],"version-history":[{"count":0,"href":"https:\/\/iarina029.supserv.cozmoslabs.com\/es\/wp-json\/wp\/v2\/product\/5383\/revisions"}],"wp:featuredmedia":[{"embeddable":true,"href":"https:\/\/iarina029.supserv.cozmoslabs.com\/es\/wp-json\/wp\/v2\/media\/5400"}],"wp:attachment":[{"href":"https:\/\/iarina029.supserv.cozmoslabs.com\/es\/wp-json\/wp\/v2\/media?parent=5383"}],"wp:term":[{"taxonomy":"product_brand","embeddable":true,"href":"https:\/\/iarina029.supserv.cozmoslabs.com\/es\/wp-json\/wp\/v2\/product_brand?post=5383"},{"taxonomy":"product_cat","embeddable":true,"href":"https:\/\/iarina029.supserv.cozmoslabs.com\/es\/wp-json\/wp\/v2\/product_cat?post=5383"},{"taxonomy":"product_tag","embeddable":true,"href":"https:\/\/iarina029.supserv.cozmoslabs.com\/es\/wp-json\/wp\/v2\/product_tag?post=5383"}],"curies":[{"name":"wp","href":"https:\/\/api.w.org\/{rel}","templated":true}]}}