{"id":5341,"date":"2025-09-16T11:55:22","date_gmt":"2025-09-16T09:55:22","guid":{"rendered":"https:\/\/cocos.codes\/?post_type=product&#038;p=5341"},"modified":"2026-04-09T19:38:34","modified_gmt":"2026-04-09T17:38:34","slug":"actualizaciones-masivas-de-productos","status":"publish","type":"product","link":"https:\/\/iarina029.supserv.cozmoslabs.com\/es\/product\/actualizaciones-masivas-de-productos\/","title":{"rendered":"Actualizaci\u00f3n masiva de productos PrestaShop 1.0.1"},"content":{"rendered":"<div data-elementor-type=\"wp-post\" data-elementor-id=\"5341\" class=\"elementor elementor-5341\">\n\t\t\t\t<div class=\"elementor-element elementor-element-0f0a159 e-flex e-con-boxed e-con e-parent\" data-id=\"0f0a159\" data-element_type=\"container\" data-e-type=\"container\">\n\t\t\t\t\t<div class=\"e-con-inner\">\n\t\t\t\t<div class=\"elementor-element elementor-element-dc7e15c elementor-widget elementor-widget-text-editor\" data-id=\"dc7e15c\" data-element_type=\"widget\" data-e-type=\"widget\" data-widget_type=\"text-editor.default\">\n\t\t\t\t\t\t\t\t\t<h6>PrestaShop Mass Product Updater - gesti\u00f3n profesional del surtido<\/h6>El actualizador masivo de productos es una herramienta indispensable para <a href=\"https:\/\/iarina029.supserv.cozmoslabs.com\/es\/categoria-de-producto\/tiendas-individuales\/\" title=\"Tiendas PrestaShop\">tiendas PrestaShop<\/a> que requieren una gesti\u00f3n eficaz de una amplia gama de productos. La actualizaci\u00f3n masiva de productos permite actualizar instant\u00e1neamente las cantidades y los precios de miles de productos al mismo tiempo mediante la importaci\u00f3n de archivos CSV\/<a href=\"https:\/\/excel.cloud.microsoft\/pl-pl\/\" title=\"Excel\" target=\"_blank\" rel=\"noopener\">Excel<\/a>, automatizaci\u00f3n CRON y actualizaci\u00f3n seg\u00fan criterios avanzados. Ahorra decenas de horas de trabajo, elimina los errores manuales y mant\u00e9n tu surtido actualizado sin esfuerzo.\t\t\t\t\t\t\t\t<\/div>\n\t\t\t\t<div class=\"elementor-element elementor-element-f7f0e4b elementor-widget elementor-widget-spacer\" data-id=\"f7f0e4b\" data-element_type=\"widget\" data-e-type=\"widget\" data-widget_type=\"spacer.default\">\n\t\t\t\t\t\t\t<div class=\"elementor-spacer\">\n\t\t\t<div class=\"elementor-spacer-inner\"><\/div>\n\t\t<\/div>\n\t\t\t\t\t\t<\/div>\n\t\t\t\t\t<\/div>\n\t\t\t\t<\/div>\n\t\t<div class=\"elementor-element elementor-element-6af4eff e-flex e-con-boxed e-con e-parent\" data-id=\"6af4eff\" data-element_type=\"container\" data-e-type=\"container\">\n\t\t\t\t\t<div class=\"e-con-inner\">\n\t\t<div class=\"elementor-element elementor-element-5352920 e-grid e-con-full e-con e-child\" data-id=\"5352920\" data-element_type=\"container\" data-e-type=\"container\">\n\t\t\t\t<div class=\"elementor-element elementor-element-e321c28 elementor-widget elementor-widget-pls-button\" data-id=\"e321c28\" data-element_type=\"widget\" data-e-type=\"widget\" data-widget_type=\"pls-button.default\">\n\t\t\t\t<div class=\"elementor-widget-container\">\n\t\t\t\t\t<div id=\"pls-button-92037\" class=\"pls-element pls-button\">\n\t<a class=\"button btn-style-flat\" href=\"https:\/\/iarina029.supserv.cozmoslabs.com\/es\/base-de-conocimientos\/prestashop\/documentacion-de-prestashop\/actualizaciones-masivas-de-productos\/\" title=\"DOCUMENTACI\u00d3N\" target=\"_blank\">\n\t\tDOCUMENTACI\u00d3N\t<\/a>\n<\/div>\n\t\t\t\t<\/div>\n\t\t\t\t<\/div>\n\t\t\t\t<div class=\"elementor-element elementor-element-955347c elementor-widget elementor-widget-pls-button\" data-id=\"955347c\" data-element_type=\"widget\" data-e-type=\"widget\" data-widget_type=\"pls-button.default\">\n\t\t\t\t<div class=\"elementor-widget-container\">\n\t\t\t\t\t<div id=\"pls-button-23870\" class=\"pls-element pls-button\">\n\t<a class=\"button btn-style-flat\" href=\"https:\/\/demo.cocos.codes\/cc_ps_mass_update_product\/\" title=\"DEMO\" target=\"_blank\" rel=\"noopener\">\n\t\tDEMO\t<\/a>\n<\/div>\n\t\t\t\t<\/div>\n\t\t\t\t<\/div>\n\t\t\t\t<\/div>\n\t\t\t\t\t<\/div>\n\t\t\t\t<\/div>\n\t\t<div class=\"elementor-element elementor-element-8565531 e-flex e-con-boxed e-con e-parent\" data-id=\"8565531\" data-element_type=\"container\" data-e-type=\"container\">\n\t\t\t\t\t<div class=\"e-con-inner\">\n\t\t\t\t<div class=\"elementor-element elementor-element-697a559 elementor-widget elementor-widget-spacer\" data-id=\"697a559\" data-element_type=\"widget\" data-e-type=\"widget\" data-widget_type=\"spacer.default\">\n\t\t\t\t\t\t\t<div class=\"elementor-spacer\">\n\t\t\t<div class=\"elementor-spacer-inner\"><\/div>\n\t\t<\/div>\n\t\t\t\t\t\t<\/div>\n\t\t\t\t<div class=\"elementor-element elementor-element-2af47cf elementor-widget elementor-widget-text-editor\" data-id=\"2af47cf\" data-element_type=\"widget\" data-e-type=\"widget\" data-widget_type=\"text-editor.default\">\n\t\t\t\t\t\t\t\t\t<h6>Vea lo que obtiene<\/h6><p><strong>\ud83d\udcc2 Fuentes de datos flexibles<\/strong><\/p><ul><li>Importaci\u00f3n de archivos CSV, XLS, XLSX: compatibilidad con los formatos de datos m\u00e1s habituales.<\/li><li>Carga desde un ordenador: carga directa de archivos a trav\u00e9s del navegador<\/li><li>Archivos del servidor - indica la ruta a un archivo del servidor<\/li><li>Importaci\u00f3n desde URL: descarga autom\u00e1tica de archivos desde fuentes externas<\/li><li>Detecci\u00f3n autom\u00e1tica de separadores CSV: reconocimiento inteligente de formatos<\/li><\/ul><p><strong>\ud83c\udff7\ufe0f Identificadores avanzados de productos<\/strong><\/p><ul><li>ID de producto: actualizaci\u00f3n m\u00e1s r\u00e1pida mediante identificadores internos<\/li><li>Referencia\/SKU - c\u00f3digos de producto est\u00e1ndar utilizados en el comercio electr\u00f3nico<\/li><li><a href=\"https:\/\/gs1pl.org\/zamow-kod-kreskowy\/\" title=\"EAN\" target=\"_blank\" rel=\"noopener\">EAN<\/a> \u2013 c\u00f3digos de barras europeos para productos f\u00edsicos<\/li><li>UPC, ISBN, MPN: compatibilidad con normas internacionales<\/li><li><a href=\"https:\/\/gs1pl.org\/zamow-kod-kreskowy\/\" title=\"EAN\" target=\"_blank\" rel=\"noopener\">GTIN<\/a> \u2013 identificador universal que comprueba todos los tipos de c\u00f3digos<\/li><li>Validaci\u00f3n autom\u00e1tica - validaci\u00f3n de identificadores<\/li><\/ul><p><strong>\ud83d\udcca Actualizaci\u00f3n masiva por criterios<\/strong><\/p><ul><li>Actualizaci\u00f3n por categor\u00eda - selecci\u00f3n de productos de categor\u00edas espec\u00edficas<\/li><li>Rangos de precios - productos en rangos de precios espec\u00edficos<\/li><li>Gamas de identificaci\u00f3n de productos: actualizaci\u00f3n de gamas de productos continuas<\/li><li>Filtrado por fabricante: cambio de precios al por mayor para un proveedor espec\u00edfico<\/li><li>Estado del producto - actualizaci\u00f3n de productos activos o inactivos solamente<\/li><li>Combinaci\u00f3n de criterios: combinaci\u00f3n flexible de diferentes condiciones<\/li><\/ul><p><strong>\u23f0 Automatizaci\u00f3n mediante tareas CRON.<\/strong><\/p><ul><li>Modo de configuraci\u00f3n: una plantilla para actualizaciones peri\u00f3dicas<\/li><li>Modo de par\u00e1metros URL - muchas tareas CRON diferentes con configuraciones \u00fanicas<\/li><li>Horarios: actualizaciones autom\u00e1ticas a horas concretas<\/li><li>Importaci\u00f3n desde FTP - Integraci\u00f3n con sistemas de proveedores externos<\/li><li>Control del rendimiento: informes detallados sobre cada tarea<\/li><li>Seguridad Tokene: ejecuci\u00f3n segura de tareas automatizadas<\/li><\/ul><p><strong>\ud83e\udde9 Asignaci\u00f3n inteligente de datos<\/strong><\/p><ul><li>Vista previa del archivo: comprobaci\u00f3n visual de la estructura antes de la importaci\u00f3n<\/li><li>Asignaci\u00f3n de columnas: asignaci\u00f3n flexible de datos a los campos del producto<\/li><li>Memoria de ajustes: restauraci\u00f3n autom\u00e1tica de asignaciones anteriores<\/li><li>Validaci\u00f3n de datos: comprobaci\u00f3n de que las cantidades y los precios son correctos antes de actualizarlos.<\/li><li>Gesti\u00f3n de cabeceras: reconocimiento de archivos con descripciones de columnas<\/li><li>Compatibilidad con varios formatos de n\u00fameros: conversiones autom\u00e1ticas de formato<\/li><\/ul><p><strong>\ud83d\udcdd Sistema de registro avanzado<\/strong><\/p><ul><li>Registros de funcionamiento detallados: documentaci\u00f3n completa de todas las actualizaciones<\/li><li>Niveles de registro - INFO, ADVERTENCIA, ERROR para facilitar el an\u00e1lisis<\/li><li>Vista de panel: acceso directo a los registros sin necesidad de acceder al servidor<\/li><li>Descarga de archivos de registro: exportaci\u00f3n para herramientas de an\u00e1lisis externas<\/li><li>Limpieza autom\u00e1tica: eliminaci\u00f3n de registros antiguos tras un periodo de tiempo definido.<\/li><li>Integraci\u00f3n con PrestaShop - guardar tambi\u00e9n en los registros del sistema<\/li><\/ul><p><strong>\ud83d\udcbc Funciones empresariales profesionales<\/strong><\/p><ul><li>Sistema de licencias: gesti\u00f3n segura y c\u00f3moda de los derechos<\/li><li>Control de integridad: protecci\u00f3n contra modificaciones no autorizadas<\/li><li>Multiling\u00fcismo: soporte completo para tiendas internacionales<\/li><li>API para desarrolladores: posibilidad de integraci\u00f3n con soluciones personalizadas<\/li><li>Optimizaci\u00f3n del rendimiento: trabajar eficazmente con archivos de datos de gran tama\u00f1o<\/li><li>Copias de seguridad: recomendaciones y herramientas para un tratamiento seguro de los datos<\/li><\/ul><p><strong>\u2699\ufe0f Funciones de automatizaci\u00f3n de CRON<\/strong><\/p>El m\u00f3dulo ofrece dos m\u00e9todos flexibles para automatizar las actualizaciones de productos:<br \/><br \/><strong>Modo de configuraci\u00f3n<\/strong><ul><li>Una plantilla de configuraci\u00f3n: configuraci\u00f3n sencilla para actualizaciones peri\u00f3dicas<\/li><li>Almacenamiento en base de datos: almacenamiento seguro de todos los par\u00e1metros<\/li><li>Interfaz web: f\u00e1cil de configurar sin conocer los par\u00e1metros t\u00e9cnicos<\/li><li>Ideal para procesos est\u00e1ndar: actualizaciones diarias desde la misma fuente<\/li><\/ul><strong>Modo de par\u00e1metros URL<\/strong><ul><li>M\u00faltiples tareas simult\u00e1neas: diferentes tareas con configuraciones \u00fanicas<\/li><li>M\u00e1xima flexibilidad: cada tarea puede tener par\u00e1metros diferentes<\/li><li>Configuraci\u00f3n avanzada: control total de todos los aspectos de la importaci\u00f3n<\/li><li>Ideal para procesos complejos: distintos proveedores, distintos tipos de actualizaciones<\/li><\/ul>\t\t\t\t\t\t\t\t<\/div>\n\t\t\t\t<div class=\"elementor-element elementor-element-e7e96d3 elementor-widget elementor-widget-spacer\" data-id=\"e7e96d3\" data-element_type=\"widget\" data-e-type=\"widget\" data-widget_type=\"spacer.default\">\n\t\t\t\t\t\t\t<div class=\"elementor-spacer\">\n\t\t\t<div class=\"elementor-spacer-inner\"><\/div>\n\t\t<\/div>\n\t\t\t\t\t\t<\/div>\n\t\t\t\t<div class=\"elementor-element elementor-element-b97b0f3 elementor-widget elementor-widget-text-editor\" data-id=\"b97b0f3\" data-element_type=\"widget\" data-e-type=\"widget\" data-widget_type=\"text-editor.default\">\n\t\t\t\t\t\t\t\t\t<h6>\ud83d\udce6 \u00a1Aumente la eficacia de la gesti\u00f3n de su surtido!<\/h6>Actualizar manualmente cientos o miles de productos es <strong>p\u00e9rdida de tiempo<\/strong>que puede asignar a <strong>desarrollo empresarial<\/strong>. Los errores en los precios o las cantidades pueden costar <strong>p\u00e9rdida de clientes y ventas<\/strong>. <strong>Actualizaci\u00f3n masiva de productos<\/strong> automatiza estos procesos, garantiza la precisi\u00f3n y <strong>ahorra decenas de horas de trabajo al mes<\/strong>.\t\t\t\t\t\t\t\t<\/div>\n\t\t\t\t<div class=\"elementor-element elementor-element-b5398f4 elementor-widget elementor-widget-spacer\" data-id=\"b5398f4\" data-element_type=\"widget\" data-e-type=\"widget\" data-widget_type=\"spacer.default\">\n\t\t\t\t\t\t\t<div class=\"elementor-spacer\">\n\t\t\t<div class=\"elementor-spacer-inner\"><\/div>\n\t\t<\/div>\n\t\t\t\t\t\t<\/div>\n\t\t\t\t<div class=\"elementor-element elementor-element-da0ef91 elementor-widget elementor-widget-text-editor\" data-id=\"da0ef91\" data-element_type=\"widget\" data-e-type=\"widget\" data-widget_type=\"text-editor.default\">\n\t\t\t\t\t\t\t\t\t<h6>\u00bfPara qui\u00e9n?<\/h6>El m\u00f3dulo es ideal para:<ul><li>Tiendas con un gran surtido que requieren actualizaciones peri\u00f3dicas de precios y existencias<\/li><li>Comercio electr\u00f3nico con proveedores y mayoristas externos<\/li><li>Empresas que importan datos de sistemas ERP, SGA u hojas de c\u00e1lculo<\/li><li>Tiendas multicanal que sincronizan datos entre plataformas<\/li><li>Administradores que buscan automatizar tareas repetitivas<\/li><li>Los empresarios ahorran tiempo en la gesti\u00f3n operativa de la gama de productos<\/li><li>Desarrolladores que necesitan una API para integrarse con sistemas no est\u00e1ndar<\/li><\/ul>\t\t\t\t\t\t\t\t<\/div>\n\t\t\t\t<div class=\"elementor-element elementor-element-be5b11d elementor-widget elementor-widget-spacer\" data-id=\"be5b11d\" data-element_type=\"widget\" data-e-type=\"widget\" data-widget_type=\"spacer.default\">\n\t\t\t\t\t\t\t<div class=\"elementor-spacer\">\n\t\t\t<div class=\"elementor-spacer-inner\"><\/div>\n\t\t<\/div>\n\t\t\t\t\t\t<\/div>\n\t\t\t\t<div class=\"elementor-element elementor-element-5fc0386 elementor-widget elementor-widget-text-editor\" data-id=\"5fc0386\" data-element_type=\"widget\" data-e-type=\"widget\" data-widget_type=\"text-editor.default\">\n\t\t\t\t\t\t\t\t\t<p><div class=\"pls-block pls-block-3297\">\t\t<div data-elementor-type=\"wp-post\" data-elementor-id=\"3297\" class=\"elementor elementor-3297\">\n\t\t\t\t<div class=\"elementor-element elementor-element-d99440d e-flex e-con-boxed e-con e-parent\" data-id=\"d99440d\" data-element_type=\"container\" data-e-type=\"container\" data-settings=\"{&quot;background_background&quot;:&quot;classic&quot;}\">\n\t\t\t\t\t<div class=\"e-con-inner\">\n\t\t\t\t<div class=\"elementor-element elementor-element-b850409 elementor-widget elementor-widget-text-editor\" data-id=\"b850409\" data-element_type=\"widget\" data-e-type=\"widget\" data-widget_type=\"text-editor.default\">\n\t\t\t\t\t\t\t\t\t<h6><strong>\u00a0Aumente hoy mismo la capacidad de su tienda. <\/strong><strong>\ud83d\ude80<\/strong><\/h6>A\u00f1ada nuevas funciones, mejore la experiencia de usuario y aumente las conversiones con nuestro m\u00f3dulo. F\u00e1cil instalaci\u00f3n, compatibilidad total y actualizaciones peri\u00f3dicas: todo lo que necesitas para que tu tienda funcione a\u00fan mejor.<br \/>\u2705 F\u00e1cil configuraci\u00f3n \u2705 Asistencia profesional \u2705 Integraci\u00f3n perfecta<br \/><br \/><a class=\"button simple\" href=\"#main-content\" title=\"\u00a1Inst\u00e1lalo y empieza a usarlo ya!\">\u00a1Inst\u00e1lalo y empieza a usarlo ya!<\/a>\t\t\t\t\t\t\t\t<\/div>\n\t\t\t\t\t<\/div>\n\t\t\t\t<\/div>\n\t\t\t\t<\/div>\n\t\t<\/div><\/p>\t\t\t\t\t\t\t\t<\/div>\n\t\t\t\t\t<\/div>\n\t\t\t\t<\/div>\n\t\t\t\t<\/div>","protected":false},"excerpt":{"rendered":"Actualizador masivo de productos de Presta Shop: gesti\u00f3n profesional del surtido El Actualizador masivo de productos es una herramienta esencial para las tiendas Presta Shop que requieren una gesti\u00f3n eficaz de un gran surtido. Mass Product Updater le permite actualizar instant\u00e1neamente","protected":false},"featured_media":5393,"comment_status":"open","ping_status":"closed","template":"","meta":{"powered_cache_disable_cache":false,"powered_cache_disable_css_optimization":false,"powered_cache_disable_js_optimization":false},"product_brand":[275],"product_cat":[128,131],"product_tag":[297,272,296,273],"class_list":{"0":"post-5341","1":"product","2":"type-product","3":"status-publish","4":"has-post-thumbnail","6":"product_brand-cocos","7":"product_cat-moduly","8":"product_cat-prestashop","9":"product_tag-masowa-aktualizacja","10":"product_tag-masowa-zmiana-cen","11":"product_tag-masowa-zmiana-ilosci","12":"product_tag-modul-prestashop","14":"first","15":"instock","16":"downloadable","17":"virtual","18":"taxable","19":"purchasable","20":"product-type-simple"},"_links":{"self":[{"href":"https:\/\/iarina029.supserv.cozmoslabs.com\/es\/wp-json\/wp\/v2\/product\/5341","targetHints":{"allow":["GET"]}}],"collection":[{"href":"https:\/\/iarina029.supserv.cozmoslabs.com\/es\/wp-json\/wp\/v2\/product"}],"about":[{"href":"https:\/\/iarina029.supserv.cozmoslabs.com\/es\/wp-json\/wp\/v2\/types\/product"}],"replies":[{"embeddable":true,"href":"https:\/\/iarina029.supserv.cozmoslabs.com\/es\/wp-json\/wp\/v2\/comments?post=5341"}],"version-history":[{"count":0,"href":"https:\/\/iarina029.supserv.cozmoslabs.com\/es\/wp-json\/wp\/v2\/product\/5341\/revisions"}],"wp:featuredmedia":[{"embeddable":true,"href":"https:\/\/iarina029.supserv.cozmoslabs.com\/es\/wp-json\/wp\/v2\/media\/5393"}],"wp:attachment":[{"href":"https:\/\/iarina029.supserv.cozmoslabs.com\/es\/wp-json\/wp\/v2\/media?parent=5341"}],"wp:term":[{"taxonomy":"product_brand","embeddable":true,"href":"https:\/\/iarina029.supserv.cozmoslabs.com\/es\/wp-json\/wp\/v2\/product_brand?post=5341"},{"taxonomy":"product_cat","embeddable":true,"href":"https:\/\/iarina029.supserv.cozmoslabs.com\/es\/wp-json\/wp\/v2\/product_cat?post=5341"},{"taxonomy":"product_tag","embeddable":true,"href":"https:\/\/iarina029.supserv.cozmoslabs.com\/es\/wp-json\/wp\/v2\/product_tag?post=5341"}],"curies":[{"name":"wp","href":"https:\/\/api.w.org\/{rel}","templated":true}]}}