{"id":5285,"date":"2025-09-10T14:14:21","date_gmt":"2025-09-10T12:14:21","guid":{"rendered":"https:\/\/cocos.codes\/?post_type=product&#038;p=5285"},"modified":"2026-04-09T19:38:30","modified_gmt":"2026-04-09T17:38:30","slug":"descuento-automatico-prestashop-gratis","status":"publish","type":"product","link":"https:\/\/iarina029.supserv.cozmoslabs.com\/es\/product\/descuento-automatico-prestashop-gratis\/","title":{"rendered":"Descuento autom\u00e1tico de pago PrestaShop 1.0.2"},"content":{"rendered":"<div data-elementor-type=\"wp-post\" data-elementor-id=\"5285\" class=\"elementor elementor-5285\">\n\t\t\t\t<div class=\"elementor-element elementor-element-889c0cb e-flex e-con-boxed e-con e-parent\" data-id=\"889c0cb\" data-element_type=\"container\" data-e-type=\"container\">\n\t\t\t\t\t<div class=\"e-con-inner\">\n\t\t\t\t<div class=\"elementor-element elementor-element-72af316 elementor-widget elementor-widget-text-editor\" data-id=\"72af316\" data-element_type=\"widget\" data-e-type=\"widget\" data-widget_type=\"text-editor.default\">\n\t\t\t\t\t\t\t\t\t<h6>Descuento autom\u00e1tico PrestaShop<\/h6><p>Aumente las conversiones y anime a los clientes a utilizar sus m\u00e9todos de pago preferidos con descuentos autom\u00e1ticos. <br \/><strong>Descuento por formas de pago<\/strong> es un m\u00f3dulo sencillo y eficaz que concede autom\u00e1ticamente descuentos a los clientes que seleccionan determinados m\u00e9todos de pago, sin ninguna intervenci\u00f3n del administrador de la tienda.<\/p>\t\t\t\t\t\t\t\t<\/div>\n\t\t\t\t\t<\/div>\n\t\t\t\t<\/div>\n\t\t<div class=\"elementor-element elementor-element-61d59dc e-flex e-con-boxed e-con e-parent\" data-id=\"61d59dc\" data-element_type=\"container\" data-e-type=\"container\">\n\t\t\t\t\t<div class=\"e-con-inner\">\n\t\t\t\t<div class=\"elementor-element elementor-element-b22f5d8 elementor-widget elementor-widget-spacer\" data-id=\"b22f5d8\" data-element_type=\"widget\" data-e-type=\"widget\" data-widget_type=\"spacer.default\">\n\t\t\t\t\t\t\t<div class=\"elementor-spacer\">\n\t\t\t<div class=\"elementor-spacer-inner\"><\/div>\n\t\t<\/div>\n\t\t\t\t\t\t<\/div>\n\t\t\t\t<div class=\"elementor-element elementor-element-54a667a elementor-widget elementor-widget-text-editor\" data-id=\"54a667a\" data-element_type=\"widget\" data-e-type=\"widget\" data-widget_type=\"text-editor.default\">\n\t\t\t\t\t\t\t\t\t<h6>Vea lo que obtiene<\/h6><strong>\ud83d\udcb0 Gesti\u00f3n autom\u00e1tica de rebajas<\/strong><ul><li>Concesi\u00f3n autom\u00e1tica de descuentos tras la confirmaci\u00f3n del pedido<\/li><li>Descuento porcentual o importe fijo: flexibilidad total<\/li><li>Protecci\u00f3n contra la doble concesi\u00f3n de descuentos<\/li><li>Comentarios autom\u00e1ticos en los pedidos indicando que se ha concedido un descuento<\/li><li>Actualizaci\u00f3n inmediata del valor del contrato<\/li><\/ul><p><strong>\u2699\ufe0f Configuraci\u00f3n sencilla<\/strong><\/p><ul><li>Selecci\u00f3n de cualquier m\u00e9todo de pago de la lista de m\u00f3dulos disponibles<\/li><li>Ajuste del descuento en porcentaje (p. ej., 5%) o importe fijo (p. ej., 10 PLN)<\/li><li>Validaci\u00f3n de la exactitud de los valores introducidos<\/li><li>Panel de administraci\u00f3n intuitivo<\/li><li>Compatibilidad con PrestaShop 1.7+<\/li><\/ul><p><strong>\ud83d\ude80 Automatizaci\u00f3n de las ventas<\/strong><\/p><ul><li>Funcionamiento en segundo plano, sin intervenci\u00f3n del administrador<\/li><li>Soporte de varios ganchos PrestaShop para una m\u00e1xima eficacia<\/li><li>Registro de operaciones para supervisar el rendimiento<\/li><li>C\u00e1lculo seguro: el descuento no superar\u00e1 el valor del pedido<\/li><\/ul>\t\t\t\t\t\t\t\t<\/div>\n\t\t\t\t<div class=\"elementor-element elementor-element-cb053de elementor-widget elementor-widget-spacer\" data-id=\"cb053de\" data-element_type=\"widget\" data-e-type=\"widget\" data-widget_type=\"spacer.default\">\n\t\t\t\t\t\t\t<div class=\"elementor-spacer\">\n\t\t\t<div class=\"elementor-spacer-inner\"><\/div>\n\t\t<\/div>\n\t\t\t\t\t\t<\/div>\n\t\t\t\t<div class=\"elementor-element elementor-element-f6dd588 elementor-widget elementor-widget-text-editor\" data-id=\"f6dd588\" data-element_type=\"widget\" data-e-type=\"widget\" data-widget_type=\"text-editor.default\">\n\t\t\t\t\t\t\t\t\t<h6>Infinitas posibilidades de aplicaci\u00f3n<\/h6><p><a href=\"https:\/\/iarina029.supserv.cozmoslabs.com\/es\/categoria-de-producto\/modulos\/prestashop\/\" title=\"M\u00f3dulo PrestaShop\">M\u00f3dulo PrestaShop<\/a> El descuento por M\u00e9todos de Pago funcionar\u00e1 perfectamente en:<\/p><p><strong>Aumentar la conversi\u00f3n de los pagos<\/strong><\/p><p><strong>\u2705<\/strong> Fomentar el pago por transferencia bancaria en lugar de contra reembolso<br \/><strong>\u2705<\/strong> Promover los pagos r\u00e1pidos en l\u00ednea<br \/><strong>\u2705<\/strong> Reducir el coste de los pagos en efectivo<br \/><strong>\u2705<\/strong> Aumentar el flujo de caja en la tienda<\/p><p><strong>Optimizaci\u00f3n de los costes de explotaci\u00f3n<\/strong><\/p><p><strong>\u2705<\/strong> Reducci\u00f3n del coste de tramitaci\u00f3n de los pedidos contra reembolso<br \/><strong>\u2705<\/strong> Ingresos m\u00e1s r\u00e1pidos en la cuenta de la empresa<br \/><strong>\u2705<\/strong> Automatizaci\u00f3n de los procesos de reembolso<br \/><strong>\u2705<\/strong> Reducci\u00f3n de las devoluciones y anulaciones de pedidos<\/p>\t\t\t\t\t\t\t\t<\/div>\n\t\t\t\t<div class=\"elementor-element elementor-element-4c1854f elementor-widget elementor-widget-spacer\" data-id=\"4c1854f\" data-element_type=\"widget\" data-e-type=\"widget\" data-widget_type=\"spacer.default\">\n\t\t\t\t\t\t\t<div class=\"elementor-spacer\">\n\t\t\t<div class=\"elementor-spacer-inner\"><\/div>\n\t\t<\/div>\n\t\t\t\t\t\t<\/div>\n\t\t\t\t<div class=\"elementor-element elementor-element-97bd8dd elementor-widget elementor-widget-text-editor\" data-id=\"97bd8dd\" data-element_type=\"widget\" data-e-type=\"widget\" data-widget_type=\"text-editor.default\">\n\t\t\t\t\t\t\t\t\t<h6>\ud83d\udcc8 Aumentar los beneficios fomentando los pagos preferentes.<\/h6><p><strong>Descuentos inteligentes<\/strong> es <strong>manera eficaz<\/strong> para orientar el comportamiento de los clientes. Oferta <strong>descuentos atractivos<\/strong> por elegir m\u00e9todos de pago concretos, no solo <strong>aumentas la conversi\u00f3n<\/strong>, pero tambi\u00e9n <strong>optimizas los costes<\/strong> operativas de su tienda. <strong>Cada cliente que elige su m\u00e9todo de pago preferido supone un mayor beneficio para tu negocio. <a href=\"https:\/\/iarina029.supserv.cozmoslabs.com\/es\/categoria-de-producto\/tiendas-individuales\/\" title=\"Tienda online\">tienda online<\/a>!<\/strong><\/p>\t\t\t\t\t\t\t\t<\/div>\n\t\t\t\t<div class=\"elementor-element elementor-element-22ea469 elementor-widget elementor-widget-spacer\" data-id=\"22ea469\" data-element_type=\"widget\" data-e-type=\"widget\" data-widget_type=\"spacer.default\">\n\t\t\t\t\t\t\t<div class=\"elementor-spacer\">\n\t\t\t<div class=\"elementor-spacer-inner\"><\/div>\n\t\t<\/div>\n\t\t\t\t\t\t<\/div>\n\t\t\t\t<div class=\"elementor-element elementor-element-da096e9 elementor-widget elementor-widget-text-editor\" data-id=\"da096e9\" data-element_type=\"widget\" data-e-type=\"widget\" data-widget_type=\"text-editor.default\">\n\t\t\t\t\t\t\t\t\t<h6>\u00bfPara qui\u00e9n?<\/h6><p>El m\u00f3dulo es ideal para todos:<\/p><p><strong>\u2714<\/strong> Comerciantes <a href=\"https:\/\/prestashop.com\/\" title=\"PrestaShop\" target=\"_blank\" rel=\"noopener\">PrestaShop<\/a> querer aumentar la conversi\u00f3n de pagos<br \/><strong>\u2714<\/strong> Los responsables de comercio electr\u00f3nico optimizan los costes de explotaci\u00f3n<br \/><strong>\u2714<\/strong> Administradores de tiendas que buscan soluciones de automatizaci\u00f3n sencillas<br \/><strong>\u2714<\/strong> Empresas que ofrecen distintos m\u00e9todos de pago<br \/><strong>\u2714<\/strong> Empresarios centrados en aumentar la rentabilidad<br \/><strong>\u2714<\/strong> Comercios con una elevada proporci\u00f3n de pagos contra reembolso<br \/><strong>\u2714<\/strong> Cualquiera que quiera motivar a los clientes para que tomen mejores decisiones de pago<\/p>\t\t\t\t\t\t\t\t<\/div>\n\t\t\t\t<div class=\"elementor-element elementor-element-09a744f elementor-widget elementor-widget-spacer\" data-id=\"09a744f\" data-element_type=\"widget\" data-e-type=\"widget\" data-widget_type=\"spacer.default\">\n\t\t\t\t\t\t\t<div class=\"elementor-spacer\">\n\t\t\t<div class=\"elementor-spacer-inner\"><\/div>\n\t\t<\/div>\n\t\t\t\t\t\t<\/div>\n\t\t\t\t<div class=\"elementor-element elementor-element-e28f8ec elementor-widget elementor-widget-text-editor\" data-id=\"e28f8ec\" data-element_type=\"widget\" data-e-type=\"widget\" data-widget_type=\"text-editor.default\">\n\t\t\t\t\t\t\t\t\t<p><div class=\"pls-block pls-block-3297\">\t\t<div data-elementor-type=\"wp-post\" data-elementor-id=\"3297\" class=\"elementor elementor-3297\">\n\t\t\t\t<div class=\"elementor-element elementor-element-d99440d e-flex e-con-boxed e-con e-parent\" data-id=\"d99440d\" data-element_type=\"container\" data-e-type=\"container\" data-settings=\"{&quot;background_background&quot;:&quot;classic&quot;}\">\n\t\t\t\t\t<div class=\"e-con-inner\">\n\t\t\t\t<div class=\"elementor-element elementor-element-b850409 elementor-widget elementor-widget-text-editor\" data-id=\"b850409\" data-element_type=\"widget\" data-e-type=\"widget\" data-widget_type=\"text-editor.default\">\n\t\t\t\t\t\t\t\t\t<h6><strong>\u00a0Aumente hoy mismo la capacidad de su tienda. <\/strong><strong>\ud83d\ude80<\/strong><\/h6>A\u00f1ada nuevas funciones, mejore la experiencia de usuario y aumente las conversiones con nuestro m\u00f3dulo. F\u00e1cil instalaci\u00f3n, compatibilidad total y actualizaciones peri\u00f3dicas: todo lo que necesitas para que tu tienda funcione a\u00fan mejor.<br \/>\u2705 F\u00e1cil configuraci\u00f3n \u2705 Asistencia profesional \u2705 Integraci\u00f3n perfecta<br \/><br \/><a class=\"button simple\" href=\"#main-content\" title=\"\u00a1Inst\u00e1lalo y empieza a usarlo ya!\">\u00a1Inst\u00e1lalo y empieza a usarlo ya!<\/a>\t\t\t\t\t\t\t\t<\/div>\n\t\t\t\t\t<\/div>\n\t\t\t\t<\/div>\n\t\t\t\t<\/div>\n\t\t<\/div><\/p>\t\t\t\t\t\t\t\t<\/div>\n\t\t\t\t\t<\/div>\n\t\t\t\t<\/div>\n\t\t\t\t<\/div>","protected":false},"excerpt":{"rendered":"Presta Shop Automatyczny rabat Zwi\u0119ksz konwersj\u0119 i zach\u0119\u0107 klient\u00f3w do korzystania z preferowanych metod p\u0142atno\u015bci dzi\u0119ki automatycznym rabatom. Rabat dla Metod P\u0142atno\u015bci to prosty i skuteczny modu\u0142, kt\u00f3ry automatycznie przyznaje","protected":false},"featured_media":5404,"comment_status":"open","ping_status":"closed","template":"","meta":{"powered_cache_disable_cache":false,"powered_cache_disable_css_optimization":false,"powered_cache_disable_js_optimization":false},"product_brand":[275],"product_cat":[128,131],"product_tag":[273,295,208],"class_list":{"0":"post-5285","1":"product","2":"type-product","3":"status-publish","4":"has-post-thumbnail","6":"product_brand-cocos","7":"product_cat-moduly","8":"product_cat-prestashop","9":"product_tag-modul-prestashop","10":"product_tag-obnizka-ceny","11":"product_tag-rabaty","13":"first","14":"instock","15":"downloadable","16":"virtual","17":"taxable","18":"purchasable","19":"product-type-simple"},"_links":{"self":[{"href":"https:\/\/iarina029.supserv.cozmoslabs.com\/es\/wp-json\/wp\/v2\/product\/5285","targetHints":{"allow":["GET"]}}],"collection":[{"href":"https:\/\/iarina029.supserv.cozmoslabs.com\/es\/wp-json\/wp\/v2\/product"}],"about":[{"href":"https:\/\/iarina029.supserv.cozmoslabs.com\/es\/wp-json\/wp\/v2\/types\/product"}],"replies":[{"embeddable":true,"href":"https:\/\/iarina029.supserv.cozmoslabs.com\/es\/wp-json\/wp\/v2\/comments?post=5285"}],"version-history":[{"count":0,"href":"https:\/\/iarina029.supserv.cozmoslabs.com\/es\/wp-json\/wp\/v2\/product\/5285\/revisions"}],"wp:featuredmedia":[{"embeddable":true,"href":"https:\/\/iarina029.supserv.cozmoslabs.com\/es\/wp-json\/wp\/v2\/media\/5404"}],"wp:attachment":[{"href":"https:\/\/iarina029.supserv.cozmoslabs.com\/es\/wp-json\/wp\/v2\/media?parent=5285"}],"wp:term":[{"taxonomy":"product_brand","embeddable":true,"href":"https:\/\/iarina029.supserv.cozmoslabs.com\/es\/wp-json\/wp\/v2\/product_brand?post=5285"},{"taxonomy":"product_cat","embeddable":true,"href":"https:\/\/iarina029.supserv.cozmoslabs.com\/es\/wp-json\/wp\/v2\/product_cat?post=5285"},{"taxonomy":"product_tag","embeddable":true,"href":"https:\/\/iarina029.supserv.cozmoslabs.com\/es\/wp-json\/wp\/v2\/product_tag?post=5285"}],"curies":[{"name":"wp","href":"https:\/\/api.w.org\/{rel}","templated":true}]}}