{"id":5028,"date":"2025-08-20T14:36:38","date_gmt":"2025-08-20T12:36:38","guid":{"rendered":"https:\/\/cocos.codes\/?post_type=product&#038;p=5028"},"modified":"2026-01-21T16:14:48","modified_gmt":"2026-01-21T15:14:48","slug":"categorias-prestashop-en-la-pagina-de-inicio","status":"publish","type":"product","link":"https:\/\/iarina029.supserv.cozmoslabs.com\/es\/product\/categorias-prestashop-en-la-pagina-de-inicio\/","title":{"rendered":"PrestaShop Categor\u00edas en la p\u00e1gina principal 1.0.1"},"content":{"rendered":"<div data-elementor-type=\"wp-post\" data-elementor-id=\"5028\" class=\"elementor elementor-5028\">\n\t\t\t\t<div class=\"elementor-element elementor-element-ca0f18d e-flex e-con-boxed e-con e-parent\" data-id=\"ca0f18d\" data-element_type=\"container\" data-e-type=\"container\">\n\t\t\t\t\t<div class=\"e-con-inner\">\n\t\t\t\t<div class=\"elementor-element elementor-element-d444945 elementor-widget elementor-widget-text-editor\" data-id=\"d444945\" data-element_type=\"widget\" data-e-type=\"widget\" data-widget_type=\"text-editor.default\">\n\t\t\t\t\t\t\t\t\t<h6>PrestaShop Categor\u00edas en la p\u00e1gina principal<\/h6>M\u00f3dulo avanzado para presentar categor\u00edas en la p\u00e1gina principal de las tiendas. <a href=\"https:\/\/prestashop.com\/\" title=\"PrestaShop\" target=\"_blank\" rel=\"noopener\">PrestaShop<\/a>. Aumenta la participaci\u00f3n de los clientes y mejora la navegaci\u00f3n en la tienda gracias a 11 estilos de visualizaci\u00f3n diferentes, una capacidad de respuesta total y animaciones.<br \/><br \/><strong>\u00bfPor qu\u00e9 elegir nuestro m\u00f3dulo PrestaShop Categor\u00edas principales?<\/strong><br \/><a href=\"https:\/\/iarina029.supserv.cozmoslabs.com\/es\/categoria-de-producto\/tiendas-individuales\/\" title=\"La p\u00e1gina principal de la tienda es la tarjeta de presentaci\u00f3n de tu negocio.\">La p\u00e1gina principal de la tienda es la tarjeta de presentaci\u00f3n de tu negocio.<\/a>. Una presentaci\u00f3n profesional de las categor\u00edas de productos puede influir significativamente en el compromiso de los clientes y la facilidad de navegaci\u00f3n. Nuestro m\u00f3dulo ofrece soluciones modernas para la presentaci\u00f3n de categor\u00edas, manteniendo un control total sobre el aspecto y la funcionalidad.\t\t\t\t\t\t\t\t<\/div>\n\t\t\t\t<div class=\"elementor-element elementor-element-26a66d6 elementor-widget elementor-widget-spacer\" data-id=\"26a66d6\" data-element_type=\"widget\" data-e-type=\"widget\" data-widget_type=\"spacer.default\">\n\t\t\t\t\t\t\t<div class=\"elementor-spacer\">\n\t\t\t<div class=\"elementor-spacer-inner\"><\/div>\n\t\t<\/div>\n\t\t\t\t\t\t<\/div>\n\t\t\t\t\t<\/div>\n\t\t\t\t<\/div>\n\t\t<div class=\"elementor-element elementor-element-b99f31a e-flex e-con-boxed e-con e-parent\" data-id=\"b99f31a\" data-element_type=\"container\" data-e-type=\"container\">\n\t\t\t\t\t<div class=\"e-con-inner\">\n\t\t<div class=\"elementor-element elementor-element-fc24746 e-grid e-con-full e-con e-child\" data-id=\"fc24746\" data-element_type=\"container\" data-e-type=\"container\">\n\t\t\t\t<div class=\"elementor-element elementor-element-72deda0 elementor-widget elementor-widget-pls-button\" data-id=\"72deda0\" data-element_type=\"widget\" data-e-type=\"widget\" data-widget_type=\"pls-button.default\">\n\t\t\t\t<div class=\"elementor-widget-container\">\n\t\t\t\t\t<div id=\"pls-button-24063\" class=\"pls-element pls-button\">\n\t<a class=\"button btn-style-flat\" href=\"https:\/\/iarina029.supserv.cozmoslabs.com\/es\/base-de-conocimientos\/prestashop\/documentacion-de-prestashop\/categorias-en-la-pagina-de-inicio-de-prestashop\/\" title=\"DOCUMENTACI\u00d3N\" target=\"_blank\">\n\t\tDOCUMENTACI\u00d3N\t<\/a>\n<\/div>\n\t\t\t\t<\/div>\n\t\t\t\t<\/div>\n\t\t\t\t<div class=\"elementor-element elementor-element-5ff338f elementor-widget elementor-widget-pls-button\" data-id=\"5ff338f\" data-element_type=\"widget\" data-e-type=\"widget\" data-widget_type=\"pls-button.default\">\n\t\t\t\t<div class=\"elementor-widget-container\">\n\t\t\t\t\t<div id=\"pls-button-92018\" class=\"pls-element pls-button\">\n\t<a class=\"button btn-style-flat\" href=\"https:\/\/demo.cocos.codes\/cc_ps_home_categories\/\" title=\"DEMO\" target=\"_blank\" rel=\"noopener\">\n\t\tDEMO\t<\/a>\n<\/div>\n\t\t\t\t<\/div>\n\t\t\t\t<\/div>\n\t\t\t\t<\/div>\n\t\t\t\t\t<\/div>\n\t\t\t\t<\/div>\n\t\t<div class=\"elementor-element elementor-element-0b85be9 e-flex e-con-boxed e-con e-parent\" data-id=\"0b85be9\" data-element_type=\"container\" data-e-type=\"container\">\n\t\t\t\t\t<div class=\"e-con-inner\">\n\t\t\t\t<div class=\"elementor-element elementor-element-ecb11b7 elementor-widget elementor-widget-spacer\" data-id=\"ecb11b7\" data-element_type=\"widget\" data-e-type=\"widget\" data-widget_type=\"spacer.default\">\n\t\t\t\t\t\t\t<div class=\"elementor-spacer\">\n\t\t\t<div class=\"elementor-spacer-inner\"><\/div>\n\t\t<\/div>\n\t\t\t\t\t\t<\/div>\n\t\t\t\t<div class=\"elementor-element elementor-element-299352a elementor-widget elementor-widget-text-editor\" data-id=\"299352a\" data-element_type=\"widget\" data-e-type=\"widget\" data-widget_type=\"text-editor.default\">\n\t\t\t\t\t\t\t\t\t<h6><strong>Multitud de funciones y posibilidades<\/strong><\/h6><strong>\ud83c\udfa8 Gran variedad de estilos de visualizaci\u00f3n<\/strong><br \/>\u2705 <strong>7 estilos de cuadr\u00edcula<\/strong> - del modo cl\u00e1sico al moderno modo oscuro<br \/>\u2705 <strong>Control deslizante con navegaci\u00f3n<\/strong> - elegante carrusel con soporte para gestos t\u00e1ctiles<br \/>\u2705 <strong>3 modos de lista<\/strong> - horizontal, vertical y compacto<br \/>\u2705 <strong>Animaciones \u00fanicas<\/strong> - para cada estilo de visualizaci\u00f3n<br \/>\u2705 <strong>F\u00e1cil cambio de estilos<\/strong> - sin p\u00e9rdida de configuraci\u00f3n<br \/><br \/><strong>\ud83d\udcf1 Totalmente adaptable<\/strong><br \/>\u2705 <strong>Ajuste autom\u00e1tico<\/strong> - para todos los dispositivos<br \/>\u2705 <strong>Puntos de interrupci\u00f3n inteligentes<\/strong> - para m\u00f3viles, tabletas y ordenadores de sobremesa<br \/>\u2705 <strong>Navegaci\u00f3n t\u00e1ctil<\/strong> - soporte para gestos t\u00e1ctiles en el deslizador<br \/>\u2705 <strong>Im\u00e1genes optimizadas<\/strong> - dimensiones adaptadas a cualquier pantalla<br \/>\u2705 <strong>Tipograf\u00eda sensible<\/strong> - escalado autom\u00e1tico de fuentes y espaciado<br \/><br \/><strong>\ud83d\uddbc\ufe0f Gesti\u00f3n avanzada de im\u00e1genes<\/strong><br \/>\u2705 <strong>3 tama\u00f1os de contenedores<\/strong> - peque\u00f1o, mediano y grande<br \/>\u2705 <strong>Detecci\u00f3n autom\u00e1tica<\/strong> - tipos de imagen disponibles en el sistema<br \/>\u2705 <strong>Carga lenta<\/strong> - optimizaci\u00f3n del rendimiento de carga<br \/>\u2705 <strong>Im\u00e1genes de reserva<\/strong> - para categor\u00edas sin im\u00e1genes asignadas<br \/>\u2705 <strong>Preparado para retina<\/strong> - compatibilidad con dispositivos de alta resoluci\u00f3n<br \/><br \/><strong>\u2699\ufe0f Configuraci\u00f3n flexible<\/strong><br \/>\u2705 <strong>Selecci\u00f3n de categor\u00edas<\/strong> - autom\u00e1tico o manual<br \/>\u2705 <strong>Control de contenidos<\/strong> - visualizaci\u00f3n de los nombres y descripciones de las categor\u00edas<br \/>\u2705 <strong>T\u00edtulos multiling\u00fces<\/strong> - compatibilidad con todos los idiomas de la tienda<br \/>\u2705 <strong>L\u00edmite configurable<\/strong> - De 1 a 50 categor\u00edas<br \/>\u2705 <strong>Columnas flexibles<\/strong> - De 1 a 6 columnas en la cuadr\u00edcula<br \/><br \/><strong>\ud83c\udfad Estilos visuales profesionales<\/strong><br \/>\u2705 <strong>Rejilla cl\u00e1sica<\/strong> - tarjetas cl\u00e1sicas con sombras y marcos<br \/>\u2705 <strong>Rejilla Moderna<\/strong> - fondos degradados con efectos de superposici\u00f3n<br \/>\u2705 <strong>Rejilla Minimal<\/strong> - dise\u00f1o limpio y minimalista<br \/>\u2705 <strong>Rejilla Colorido<\/strong> - cuadros de colores con animaciones<br \/>\u2705 <strong>Rejilla Elegante<\/strong> - tarjetas elegantes con detalles dorados<br \/>\u2705 <strong>Rejilla Oscura<\/strong> - tema oscuro con efectos luminosos<br \/>\u2705 <strong>Rejilla Borde claro<\/strong> - tarjetas luminosas con bordes transparentes<br \/><br \/><strong>\ud83d\udd12 Sistema de seguridad y licencias<\/strong><br \/>\u2705 <strong>Licencias avanzadas<\/strong> - Sistema COCOS con validaci\u00f3n autom\u00e1tica<br \/>\u2705 <strong>Datos cifrados<\/strong> - almacenamiento seguro de la informaci\u00f3n sobre licencias<br \/>\u2705 <strong>Control de integridad<\/strong> - control de archivos no modificados<br \/>\u2705 <strong>API segura<\/strong> - conexiones cifradas a los servidores de licencias<br \/>\u2705 <strong>Comprobaci\u00f3n autom\u00e1tica<\/strong> - validaci\u00f3n de la licencia cada 20-28 horas<br \/><br \/><strong>\u26a1 Optimizaci\u00f3n del rendimiento<\/strong><br \/>\u2705 <strong>Consultas m\u00ednimas<\/strong> - conexiones de bases de datos optimizadas<br \/>\u2705 <strong>Tarificaci\u00f3n condicional<\/strong> - recursos cargados s\u00f3lo cuando se necesitan<br \/>\u2705 <strong>Cache-friendly<\/strong> - compatibilidad con los sistemas de cach\u00e9<br \/>\u2705 <strong>Activos comprimidos<\/strong> - archivos CSS y JavaScript optimizados\t\t\t\t\t\t\t\t<\/div>\n\t\t\t\t<div class=\"elementor-element elementor-element-ace90ab elementor-widget elementor-widget-spacer\" data-id=\"ace90ab\" data-element_type=\"widget\" data-e-type=\"widget\" data-widget_type=\"spacer.default\">\n\t\t\t\t\t\t\t<div class=\"elementor-spacer\">\n\t\t\t<div class=\"elementor-spacer-inner\"><\/div>\n\t\t<\/div>\n\t\t\t\t\t\t<\/div>\n\t\t\t\t<div class=\"elementor-element elementor-element-380632f elementor-widget elementor-widget-text-editor\" data-id=\"380632f\" data-element_type=\"widget\" data-e-type=\"widget\" data-widget_type=\"text-editor.default\">\n\t\t\t\t\t\t\t\t\t<h6>\ud83d\udcc8 \u00a1Aumenta la conversi\u00f3n!<\/h6><strong>Presentaci\u00f3n de la categor\u00eda profesional<\/strong> es <strong>clave<\/strong> para mejorar la navegaci\u00f3n por la tienda y aumentar la participaci\u00f3n de los clientes. Gracias a <strong>estilos atractivos, animaciones fluidas<\/strong> y completa <strong>capacidad de respuesta<\/strong>ayudar\u00e1 a los clientes a encontrar m\u00e1s r\u00e1pidamente lo que buscan.\t\t\t\t\t\t\t\t<\/div>\n\t\t\t\t<div class=\"elementor-element elementor-element-2a18a78 elementor-widget elementor-widget-spacer\" data-id=\"2a18a78\" data-element_type=\"widget\" data-e-type=\"widget\" data-widget_type=\"spacer.default\">\n\t\t\t\t\t\t\t<div class=\"elementor-spacer\">\n\t\t\t<div class=\"elementor-spacer-inner\"><\/div>\n\t\t<\/div>\n\t\t\t\t\t\t<\/div>\n\t\t\t\t<div class=\"elementor-element elementor-element-6a75a72 elementor-widget elementor-widget-text-editor\" data-id=\"6a75a72\" data-element_type=\"widget\" data-e-type=\"widget\" data-widget_type=\"text-editor.default\">\n\t\t\t\t\t\t\t\t\t<h6><strong>\u00bfPara qui\u00e9n?<\/strong><\/h6>El m\u00f3dulo es ideal para todos:<br \/><strong>\u2714 <a href=\"https:\/\/iarina029.supserv.cozmoslabs.com\/es\/categoria-de-producto\/tiendas-individuales\/\" title=\"La p\u00e1gina principal de la tienda es la tarjeta de presentaci\u00f3n de tu negocio.\">Tiendas PrestaShop<\/a><\/strong> los que deseen mejorar el aspecto de la p\u00e1gina de inicio<br \/><strong>\u2714 Gestores de comercio electr\u00f3nico<\/strong> preocuparse por la experiencia del usuario<br \/><strong>\u2714 Comerciantes<\/strong> con un gran n\u00famero de categor\u00edas de productos<br \/><strong>\u2714 Agencias web<\/strong> crear tiendas para los clientes<br \/><strong>\u2714 Empresarios<\/strong> que se centran en una imagen profesional<br \/><strong>\u2714 Tiendas m\u00f3viles<\/strong> que requieren soluciones con capacidad de respuesta<br \/><strong>\u2714 Prima por marca<\/strong> necesidad de presentaciones elegantes<div class=\"notranslate\" style=\"all: initial;\">\u00a0<\/div>\t\t\t\t\t\t\t\t<\/div>\n\t\t\t\t<div class=\"elementor-element elementor-element-7c39143 elementor-widget elementor-widget-spacer\" data-id=\"7c39143\" data-element_type=\"widget\" data-e-type=\"widget\" data-widget_type=\"spacer.default\">\n\t\t\t\t\t\t\t<div class=\"elementor-spacer\">\n\t\t\t<div class=\"elementor-spacer-inner\"><\/div>\n\t\t<\/div>\n\t\t\t\t\t\t<\/div>\n\t\t\t\t<div class=\"elementor-element elementor-element-87aca6e elementor-widget elementor-widget-text-editor\" data-id=\"87aca6e\" data-element_type=\"widget\" data-e-type=\"widget\" data-widget_type=\"text-editor.default\">\n\t\t\t\t\t\t\t\t\t<p><div class=\"pls-block pls-block-3297\">\t\t<div data-elementor-type=\"wp-post\" data-elementor-id=\"3297\" class=\"elementor elementor-3297\">\n\t\t\t\t<div class=\"elementor-element elementor-element-d99440d e-flex e-con-boxed e-con e-parent\" data-id=\"d99440d\" data-element_type=\"container\" data-e-type=\"container\" data-settings=\"{&quot;background_background&quot;:&quot;classic&quot;}\">\n\t\t\t\t\t<div class=\"e-con-inner\">\n\t\t\t\t<div class=\"elementor-element elementor-element-b850409 elementor-widget elementor-widget-text-editor\" data-id=\"b850409\" data-element_type=\"widget\" data-e-type=\"widget\" data-widget_type=\"text-editor.default\">\n\t\t\t\t\t\t\t\t\t<h6><strong>\u00a0Aumente hoy mismo la capacidad de su tienda. <\/strong><strong>\ud83d\ude80<\/strong><\/h6>A\u00f1ada nuevas funciones, mejore la experiencia de usuario y aumente las conversiones con nuestro m\u00f3dulo. F\u00e1cil instalaci\u00f3n, compatibilidad total y actualizaciones peri\u00f3dicas: todo lo que necesitas para que tu tienda funcione a\u00fan mejor.<br \/>\u2705 F\u00e1cil configuraci\u00f3n \u2705 Asistencia profesional \u2705 Integraci\u00f3n perfecta<br \/><br \/><a class=\"button simple\" href=\"#main-content\" title=\"\u00a1Inst\u00e1lalo y empieza a usarlo ya!\">\u00a1Inst\u00e1lalo y empieza a usarlo ya!<\/a>\t\t\t\t\t\t\t\t<\/div>\n\t\t\t\t\t<\/div>\n\t\t\t\t<\/div>\n\t\t\t\t<\/div>\n\t\t<\/div><\/p>\t\t\t\t\t\t\t\t<\/div>\n\t\t\t\t\t<\/div>\n\t\t\t\t<\/div>\n\t\t\t\t<\/div>","protected":false},"excerpt":{"rendered":"Presta Shop Kategorie Na Stronie G\u0142\u00f3wnej Zaawansowany modu\u0142 do prezentacji kategorii na stronie g\u0142\u00f3wnej sklep\u00f3w Presta Shop. Zwi\u0119ksz zaanga\u017cowanie klient\u00f3w i popraw nawigacj\u0119 w sklepie dzi\u0119ki 11 r\u00f3\u017cnym stylom wy\u015bwietlania,","protected":false},"featured_media":5036,"comment_status":"open","ping_status":"closed","template":"","meta":{"powered_cache_disable_cache":false,"powered_cache_disable_css_optimization":false,"powered_cache_disable_js_optimization":false},"product_brand":[275],"product_cat":[128,131],"product_tag":[282,281,273,244],"class_list":{"0":"post-5028","1":"product","2":"type-product","3":"status-publish","4":"has-post-thumbnail","6":"product_brand-cocos","7":"product_cat-moduly","8":"product_cat-prestashop","9":"product_tag-blok-kategorii","10":"product_tag-kategorie-na-stronie-glownej","11":"product_tag-modul-prestashop","12":"product_tag-prestashop","14":"first","15":"instock","16":"downloadable","17":"virtual","18":"taxable","19":"purchasable","20":"product-type-simple"},"_links":{"self":[{"href":"https:\/\/iarina029.supserv.cozmoslabs.com\/es\/wp-json\/wp\/v2\/product\/5028","targetHints":{"allow":["GET"]}}],"collection":[{"href":"https:\/\/iarina029.supserv.cozmoslabs.com\/es\/wp-json\/wp\/v2\/product"}],"about":[{"href":"https:\/\/iarina029.supserv.cozmoslabs.com\/es\/wp-json\/wp\/v2\/types\/product"}],"replies":[{"embeddable":true,"href":"https:\/\/iarina029.supserv.cozmoslabs.com\/es\/wp-json\/wp\/v2\/comments?post=5028"}],"version-history":[{"count":0,"href":"https:\/\/iarina029.supserv.cozmoslabs.com\/es\/wp-json\/wp\/v2\/product\/5028\/revisions"}],"wp:featuredmedia":[{"embeddable":true,"href":"https:\/\/iarina029.supserv.cozmoslabs.com\/es\/wp-json\/wp\/v2\/media\/5036"}],"wp:attachment":[{"href":"https:\/\/iarina029.supserv.cozmoslabs.com\/es\/wp-json\/wp\/v2\/media?parent=5028"}],"wp:term":[{"taxonomy":"product_brand","embeddable":true,"href":"https:\/\/iarina029.supserv.cozmoslabs.com\/es\/wp-json\/wp\/v2\/product_brand?post=5028"},{"taxonomy":"product_cat","embeddable":true,"href":"https:\/\/iarina029.supserv.cozmoslabs.com\/es\/wp-json\/wp\/v2\/product_cat?post=5028"},{"taxonomy":"product_tag","embeddable":true,"href":"https:\/\/iarina029.supserv.cozmoslabs.com\/es\/wp-json\/wp\/v2\/product_tag?post=5028"}],"curies":[{"name":"wp","href":"https:\/\/api.w.org\/{rel}","templated":true}]}}