{"id":4730,"date":"2025-06-30T17:57:20","date_gmt":"2025-06-30T15:57:20","guid":{"rendered":"https:\/\/cocos.codes\/?post_type=product&#038;p=4730"},"modified":"2026-01-22T21:27:14","modified_gmt":"2026-01-22T20:27:14","slug":"cambios-masivos-de-precios","status":"publish","type":"product","link":"https:\/\/iarina029.supserv.cozmoslabs.com\/es\/product\/cambios-masivos-de-precios\/","title":{"rendered":"PrestaShop Cambio masivo de precios 1.0.0"},"content":{"rendered":"<div data-elementor-type=\"wp-post\" data-elementor-id=\"4730\" class=\"elementor elementor-4730\">\n\t\t\t\t<div class=\"elementor-element elementor-element-fb67216 e-flex e-con-boxed e-con e-parent\" data-id=\"fb67216\" data-element_type=\"container\" data-e-type=\"container\">\n\t\t\t\t\t<div class=\"e-con-inner\">\n\t\t\t\t<div class=\"elementor-element elementor-element-3555790 elementor-widget elementor-widget-text-editor\" data-id=\"3555790\" data-element_type=\"widget\" data-e-type=\"widget\" data-widget_type=\"text-editor.default\">\n\t\t\t\t\t\t\t\t\t<h6><strong>CC PrestaShop Mass Price Change - Edita los precios de los productos de forma r\u00e1pida y segura.<\/strong><\/h6><p>Ahorre tiempo y gestione los precios de su tienda de forma a\u00fan m\u00e1s eficaz. <strong>CC <a href=\"https:\/\/prestashop.com\/\" title=\"PrestaShop\" target=\"_blank\" rel=\"noopener\">PrestaShop<\/a> Cambio masivo de precios<\/strong> es un m\u00f3dulo avanzado que permite editar de forma r\u00e1pida y segura los precios de muchos productos a la vez. Aprovecha los filtros inteligentes, las copias de seguridad autom\u00e1ticas y el historial completo de cambios para tener un control total sobre la pol\u00edtica de precios de tu <a href=\"https:\/\/iarina029.supserv.cozmoslabs.com\/es\/categoria-de-producto\/tiendas-individuales\/\" title=\"Tienda\">tienda<\/a>.<\/p>\t\t\t\t\t\t\t\t<\/div>\n\t\t\t\t<div class=\"elementor-element elementor-element-4aeca23 elementor-widget elementor-widget-spacer\" data-id=\"4aeca23\" data-element_type=\"widget\" data-e-type=\"widget\" data-widget_type=\"spacer.default\">\n\t\t\t\t\t\t\t<div class=\"elementor-spacer\">\n\t\t\t<div class=\"elementor-spacer-inner\"><\/div>\n\t\t<\/div>\n\t\t\t\t\t\t<\/div>\n\t\t\t\t\t<\/div>\n\t\t\t\t<\/div>\n\t\t<div class=\"elementor-element elementor-element-c022e9a e-grid e-con-boxed e-con e-parent\" data-id=\"c022e9a\" data-element_type=\"container\" data-e-type=\"container\">\n\t\t\t\t\t<div class=\"e-con-inner\">\n\t\t\t\t<div class=\"elementor-element elementor-element-27bf348 elementor-widget elementor-widget-pls-button\" data-id=\"27bf348\" data-element_type=\"widget\" data-e-type=\"widget\" data-widget_type=\"pls-button.default\">\n\t\t\t\t<div class=\"elementor-widget-container\">\n\t\t\t\t\t<div id=\"pls-button-45563\" class=\"pls-element pls-button\">\n\t<a class=\"button btn-style-flat\" href=\"https:\/\/iarina029.supserv.cozmoslabs.com\/es\/base-de-conocimientos\/prestashop\/documentacion-de-prestashop\/cambios-masivos-de-precios\/\" title=\"DOCUMENTACI\u00d3N\" target=\"_blank\">\n\t\tDOCUMENTACI\u00d3N\t<\/a>\n<\/div>\n\t\t\t\t<\/div>\n\t\t\t\t<\/div>\n\t\t\t\t<div class=\"elementor-element elementor-element-b1479e2 elementor-widget elementor-widget-pls-button\" data-id=\"b1479e2\" data-element_type=\"widget\" data-e-type=\"widget\" data-widget_type=\"pls-button.default\">\n\t\t\t\t<div class=\"elementor-widget-container\">\n\t\t\t\t\t<div id=\"pls-button-2829\" class=\"pls-element pls-button\">\n\t<a class=\"button btn-style-flat\" href=\"https:\/\/demo.cocos.codes\/cc_ps_mass_price\/\" title=\"DEMO\" target=\"_blank\" rel=\"noopener\">\n\t\tDEMO\t<\/a>\n<\/div>\n\t\t\t\t<\/div>\n\t\t\t\t<\/div>\n\t\t\t\t\t<\/div>\n\t\t\t\t<\/div>\n\t\t<div class=\"elementor-element elementor-element-381878d e-flex e-con-boxed e-con e-parent\" data-id=\"381878d\" data-element_type=\"container\" data-e-type=\"container\">\n\t\t\t\t\t<div class=\"e-con-inner\">\n\t\t\t\t<div class=\"elementor-element elementor-element-539e7ce elementor-widget elementor-widget-spacer\" data-id=\"539e7ce\" data-element_type=\"widget\" data-e-type=\"widget\" data-widget_type=\"spacer.default\">\n\t\t\t\t\t\t\t<div class=\"elementor-spacer\">\n\t\t\t<div class=\"elementor-spacer-inner\"><\/div>\n\t\t<\/div>\n\t\t\t\t\t\t<\/div>\n\t\t\t\t<div class=\"elementor-element elementor-element-2be1df0 elementor-widget elementor-widget-text-editor\" data-id=\"2be1df0\" data-element_type=\"widget\" data-e-type=\"widget\" data-widget_type=\"text-editor.default\">\n\t\t\t\t\t\t\t\t\t<h6><strong>Multitud de funciones y posibilidades<\/strong><\/h6><p><strong>\ud83d\udcb0 Opciones avanzadas de modificaci\u00f3n de precios<\/strong><br \/>\u2705 <strong>Tres tipos de cambio<\/strong> - porcentajes, valores fijos o fijaci\u00f3n directa del precio<br \/>\u2705 <strong>Modificaci\u00f3n neta y bruta<\/strong> - conversi\u00f3n autom\u00e1tica del IVA para cada producto<br \/>\u2705 <strong>Redondeo inteligente<\/strong> - 7 maneras de adaptarse a los consejos populares sobre precios<br \/>\u2705 <strong>Vista previa de los cambios<\/strong> - verificaci\u00f3n de los resultados antes de la aplicaci\u00f3n<br \/>\u2705 <strong>Modo de prueba<\/strong> - simulaci\u00f3n sin guardar en la base de datos<\/p><p><strong>\ud83c\udfaf Filtrado preciso de productos<\/strong><br \/>\u2705 <strong>Filtros de categor\u00eda<\/strong> - selecci\u00f3n de productos de categor\u00edas espec\u00edficas<br \/>\u2705 <strong>Precios<\/strong> - selecci\u00f3n en funci\u00f3n de los precios actuales de los productos<br \/>\u2705 <strong>Acciones<\/strong> - filtrado por cantidad en stock<br \/>\u2705 <strong>Estado de la actividad<\/strong> - s\u00f3lo productos activos o todos los productos<br \/>\u2705 <strong>Combinaci\u00f3n de filtros<\/strong> - combinaci\u00f3n de criterios para una selecci\u00f3n precisa<\/p><p><strong>\ud83d\udd12 Sistema de seguridad de datos<\/strong><br \/>\u2705 <strong>Copias de seguridad autom\u00e1ticas<\/strong> - copia de seguridad antes de cada operaci\u00f3n masiva<br \/>\u2705 <strong>Copias de seguridad manuales<\/strong> - creaci\u00f3n de copias en cualquier momento<br \/>\u2705 <strong>Restauraci\u00f3n r\u00e1pida<\/strong> - deshacer cambios con un clic<br \/>\u2705 <strong>Gesti\u00f3n de archivos<\/strong> - control de las copias de seguridad antiguas<br \/>\u2705 <strong>Seguridad de las operaciones<\/strong> - confirmaciones antes de realizar cambios<\/p><p><strong>\ud83d\udcca Registro y auditor\u00eda detallados<\/strong><br \/>\u2705 <strong>Historial de todos los cambios<\/strong> - registro completo de las modificaciones de precios<br \/>\u2705 <strong>Informaci\u00f3n para el usuario<\/strong> - qui\u00e9n realiz\u00f3 los cambios y cu\u00e1ndo<br \/>\u2705 <strong>Filtros de registro<\/strong> - b\u00fasqueda por producto, fecha, usuario<br \/>\u2705 <strong>Estad\u00edsticas de operaciones<\/strong> - informes diarios, semanales y generales<br \/>\u2705 <strong>Control de grabaci\u00f3n<\/strong> - posibilidad de activar\/desactivar los registros<\/p><p><strong>\u2699\ufe0f Configuraci\u00f3n flexible<\/strong><br \/>\u2705 <strong>Ajustes por defecto<\/strong> - personalizaci\u00f3n de los valores est\u00e1ndar<br \/>\u2705 <strong>L\u00edmites de seguridad<\/strong> - control del n\u00famero m\u00e1ximo de productos por operaci\u00f3n<br \/>\u2705 <strong>Multiling\u00fcismo<\/strong> - Compatibilidad con todos los idiomas de PrestaShop<br \/>\u2705 <strong>Interfaz con capacidad de respuesta<\/strong> - gesti\u00f3n c\u00f3moda desde cualquier dispositivo<br \/>\u2705 <strong>Integraci\u00f3n con PrestaShop<\/strong> - compatibilidad total con el sistema de tiendas<\/p><p><strong>Caracter\u00edsticas t\u00e9cnicas<\/strong><br \/>\u2705 <strong>Optimizaci\u00f3n del rendimiento<\/strong> - gesti\u00f3n de grandes tiendas con miles de productos<br \/>\u2705 <strong>Sistema de licencias<\/strong> - activaci\u00f3n y gesti\u00f3n seguras<br \/>\u2705 <strong>Paginaci\u00f3n de los resultados<\/strong> - navegaci\u00f3n eficaz por grandes conjuntos de datos<br \/>\u2705 <strong>Compatibilidad<\/strong> - funciona con PrestaShop 1.7.0.0 y versiones posteriores<br \/>\u2705 <strong>Documentaci\u00f3n detallada<\/strong> - instrucciones completas de uso<\/p>\t\t\t\t\t\t\t\t<\/div>\n\t\t\t\t<div class=\"elementor-element elementor-element-271c3e1 elementor-widget elementor-widget-spacer\" data-id=\"271c3e1\" data-element_type=\"widget\" data-e-type=\"widget\" data-widget_type=\"spacer.default\">\n\t\t\t\t\t\t\t<div class=\"elementor-spacer\">\n\t\t\t<div class=\"elementor-spacer-inner\"><\/div>\n\t\t<\/div>\n\t\t\t\t\t\t<\/div>\n\t\t\t\t<div class=\"elementor-element elementor-element-1b98951 elementor-widget elementor-widget-text-editor\" data-id=\"1b98951\" data-element_type=\"widget\" data-e-type=\"widget\" data-widget_type=\"text-editor.default\">\n\t\t\t\t\t\t\t\t\t<h6><strong>Infinitas posibilidades de aplicaci\u00f3n<\/strong><\/h6><p>El m\u00f3dulo CC PrestaShop Mass Price Change es ideal para:<\/p><p><strong>Gesti\u00f3n de promociones<\/strong><br \/>\u2705 <strong>Ventas de temporada<\/strong> - r\u00e1pida reducci\u00f3n de precios de categor\u00edas enteras<br \/>\u2705 <strong>Viernes Negro y Ciberlunes<\/strong> - promociones masivas en unos pocos clics<br \/>\u2705 <strong>Promociones temporales<\/strong> - f\u00e1cil restauraci\u00f3n de los precios originales<br \/>\u2705 <strong>C\u00f3digos de descuento<\/strong> - alineaci\u00f3n de los precios con las campa\u00f1as de marketing<\/p><p><strong>Actualizaciones de precios<\/strong><br \/>\u2705 <strong>Cambios en los precios de los proveedores<\/strong> - repercusi\u00f3n de las subidas de los precios al por menor<br \/>\u2705 <strong>Inflaci\u00f3n y valorizaci\u00f3n<\/strong> - ajuste porcentual de todos los precios<br \/>\u2705 <strong>Ajustes de los m\u00e1rgenes<\/strong> - optimizar la rentabilidad de los productos<br \/>\u2705 <strong>Unificaci\u00f3n de precios<\/strong> - armonizaci\u00f3n de precios dentro de las categor\u00edas<\/p><p><strong>Operaciones comerciales<\/strong><br \/>\u2705 <strong>Cambio de estrategia de precios<\/strong> - pasar a un nuevo modelo de precios<br \/>\u2705 <strong>Alineaci\u00f3n con la competencia<\/strong> - respuesta r\u00e1pida a la evoluci\u00f3n del mercado<br \/>\u2705 <strong>Gesti\u00f3n de consejos<\/strong> - aplicaci\u00f3n de la psicolog\u00eda de los precios (.99, .49)<br \/>\u2705 <strong>Optimizaci\u00f3n del IVA<\/strong> - conversiones entre precios netos y brutos<\/p>\t\t\t\t\t\t\t\t<\/div>\n\t\t\t\t<div class=\"elementor-element elementor-element-5e0445e elementor-widget elementor-widget-spacer\" data-id=\"5e0445e\" data-element_type=\"widget\" data-e-type=\"widget\" data-widget_type=\"spacer.default\">\n\t\t\t\t\t\t\t<div class=\"elementor-spacer\">\n\t\t\t<div class=\"elementor-spacer-inner\"><\/div>\n\t\t<\/div>\n\t\t\t\t\t\t<\/div>\n\t\t\t\t<div class=\"elementor-element elementor-element-389c429 elementor-widget elementor-widget-text-editor\" data-id=\"389c429\" data-element_type=\"widget\" data-e-type=\"widget\" data-widget_type=\"text-editor.default\">\n\t\t\t\t\t\t\t\t\t<h6><strong>\ud83d\udcc8 \u00a1Aumenta la eficacia!<\/strong><\/h6><strong>Gesti\u00f3n profesional de precios<\/strong> es la clave del \u00e9xito en el comercio electr\u00f3nico. Gracias a <strong>automatizaci\u00f3n de procesos<\/strong>, <strong>copias de seguridad seguras<\/strong> i <strong>auditor\u00eda detallada<\/strong>guardar <strong>decenas de horas de trabajo<\/strong> al mes y evitar <strong>errores costosos<\/strong>. Opte por una herramienta que realmente <strong>mejora el negocio<\/strong>!\t\t\t\t\t\t\t\t<\/div>\n\t\t\t\t<div class=\"elementor-element elementor-element-f186edf elementor-widget elementor-widget-spacer\" data-id=\"f186edf\" data-element_type=\"widget\" data-e-type=\"widget\" data-widget_type=\"spacer.default\">\n\t\t\t\t\t\t\t<div class=\"elementor-spacer\">\n\t\t\t<div class=\"elementor-spacer-inner\"><\/div>\n\t\t<\/div>\n\t\t\t\t\t\t<\/div>\n\t\t\t\t<div class=\"elementor-element elementor-element-70b0b28 elementor-widget elementor-widget-text-editor\" data-id=\"70b0b28\" data-element_type=\"widget\" data-e-type=\"widget\" data-widget_type=\"text-editor.default\">\n\t\t\t\t\t\t\t\t\t<h6><strong>\u00bfPara qui\u00e9n?<\/strong><\/h6><p>El m\u00f3dulo es ideal para todos:<br \/>\u2714 <strong>Tiendas PrestaShop<\/strong> con un gran n\u00famero de productos que requieren actualizaciones peri\u00f3dicas de precios<br \/>\u2714 <strong>Gestores de comercio electr\u00f3nico<\/strong> en busca de herramientas para una gesti\u00f3n eficaz del surtido<br \/>\u2714 <strong>Comerciantes<\/strong> organizar promociones y ventas frecuentes<br \/>\u2714 <strong>Empresas de dropshipping<\/strong> necesidad de reaccionar con rapidez a los cambios de precios de los proveedores<br \/>\u2714 <strong>Mayoristas<\/strong> gesti\u00f3n de diferentes grupos de precios<br \/>\u2714 <strong>Administradores de tienda<\/strong> garantizar la seguridad y la auditor\u00eda de las operaciones de fijaci\u00f3n de precios<br \/>\u2714 <strong>Empresarios<\/strong> las que se centran en la automatizaci\u00f3n y el ahorro de tiempo<\/p>\t\t\t\t\t\t\t\t<\/div>\n\t\t\t\t<div class=\"elementor-element elementor-element-03009ef elementor-widget elementor-widget-spacer\" data-id=\"03009ef\" data-element_type=\"widget\" data-e-type=\"widget\" data-widget_type=\"spacer.default\">\n\t\t\t\t\t\t\t<div class=\"elementor-spacer\">\n\t\t\t<div class=\"elementor-spacer-inner\"><\/div>\n\t\t<\/div>\n\t\t\t\t\t\t<\/div>\n\t\t\t\t<div class=\"elementor-element elementor-element-f21b756 elementor-widget elementor-widget-text-editor\" data-id=\"f21b756\" data-element_type=\"widget\" data-e-type=\"widget\" data-widget_type=\"text-editor.default\">\n\t\t\t\t\t\t\t\t\t<p><div class=\"pls-block pls-block-3297\">\t\t<div data-elementor-type=\"wp-post\" data-elementor-id=\"3297\" class=\"elementor elementor-3297\">\n\t\t\t\t<div class=\"elementor-element elementor-element-d99440d e-flex e-con-boxed e-con e-parent\" data-id=\"d99440d\" data-element_type=\"container\" data-e-type=\"container\" data-settings=\"{&quot;background_background&quot;:&quot;classic&quot;}\">\n\t\t\t\t\t<div class=\"e-con-inner\">\n\t\t\t\t<div class=\"elementor-element elementor-element-b850409 elementor-widget elementor-widget-text-editor\" data-id=\"b850409\" data-element_type=\"widget\" data-e-type=\"widget\" data-widget_type=\"text-editor.default\">\n\t\t\t\t\t\t\t\t\t<h6><strong>\u00a0Aumente hoy mismo la capacidad de su tienda. <\/strong><strong>\ud83d\ude80<\/strong><\/h6>A\u00f1ada nuevas funciones, mejore la experiencia de usuario y aumente las conversiones con nuestro m\u00f3dulo. F\u00e1cil instalaci\u00f3n, compatibilidad total y actualizaciones peri\u00f3dicas: todo lo que necesitas para que tu tienda funcione a\u00fan mejor.<br \/>\u2705 F\u00e1cil configuraci\u00f3n \u2705 Asistencia profesional \u2705 Integraci\u00f3n perfecta<br \/><br \/><a class=\"button simple\" href=\"#main-content\" title=\"\u00a1Inst\u00e1lalo y empieza a usarlo ya!\">\u00a1Inst\u00e1lalo y empieza a usarlo ya!<\/a>\t\t\t\t\t\t\t\t<\/div>\n\t\t\t\t\t<\/div>\n\t\t\t\t<\/div>\n\t\t\t\t<\/div>\n\t\t<\/div><\/p>\t\t\t\t\t\t\t\t<\/div>\n\t\t\t\t\t<\/div>\n\t\t\t\t<\/div>\n\t\t\t\t<\/div>","protected":false},"excerpt":{"rendered":"CC Presta Shop Cambio Masivo de Precios - Edite los precios de los productos de forma r\u00e1pida y segura \u00a1Ahorre tiempo y gestione los precios de su tienda de forma a\u00fan m\u00e1s eficiente! CC Presta Shop Cambio Masivo de Precios es un avanzado","protected":false},"featured_media":4762,"comment_status":"open","ping_status":"closed","template":"","meta":{"powered_cache_disable_cache":false,"powered_cache_disable_css_optimization":false,"powered_cache_disable_js_optimization":false},"product_brand":[275],"product_cat":[128,131],"product_tag":[274,272,273],"class_list":{"0":"post-4730","1":"product","2":"type-product","3":"status-publish","4":"has-post-thumbnail","6":"product_brand-cocos","7":"product_cat-moduly","8":"product_cat-prestashop","9":"product_tag-ceny","10":"product_tag-masowa-zmiana-cen","11":"product_tag-modul-prestashop","13":"first","14":"instock","15":"featured","16":"downloadable","17":"virtual","18":"taxable","19":"purchasable","20":"product-type-simple"},"_links":{"self":[{"href":"https:\/\/iarina029.supserv.cozmoslabs.com\/es\/wp-json\/wp\/v2\/product\/4730","targetHints":{"allow":["GET"]}}],"collection":[{"href":"https:\/\/iarina029.supserv.cozmoslabs.com\/es\/wp-json\/wp\/v2\/product"}],"about":[{"href":"https:\/\/iarina029.supserv.cozmoslabs.com\/es\/wp-json\/wp\/v2\/types\/product"}],"replies":[{"embeddable":true,"href":"https:\/\/iarina029.supserv.cozmoslabs.com\/es\/wp-json\/wp\/v2\/comments?post=4730"}],"version-history":[{"count":0,"href":"https:\/\/iarina029.supserv.cozmoslabs.com\/es\/wp-json\/wp\/v2\/product\/4730\/revisions"}],"wp:featuredmedia":[{"embeddable":true,"href":"https:\/\/iarina029.supserv.cozmoslabs.com\/es\/wp-json\/wp\/v2\/media\/4762"}],"wp:attachment":[{"href":"https:\/\/iarina029.supserv.cozmoslabs.com\/es\/wp-json\/wp\/v2\/media?parent=4730"}],"wp:term":[{"taxonomy":"product_brand","embeddable":true,"href":"https:\/\/iarina029.supserv.cozmoslabs.com\/es\/wp-json\/wp\/v2\/product_brand?post=4730"},{"taxonomy":"product_cat","embeddable":true,"href":"https:\/\/iarina029.supserv.cozmoslabs.com\/es\/wp-json\/wp\/v2\/product_cat?post=4730"},{"taxonomy":"product_tag","embeddable":true,"href":"https:\/\/iarina029.supserv.cozmoslabs.com\/es\/wp-json\/wp\/v2\/product_tag?post=4730"}],"curies":[{"name":"wp","href":"https:\/\/api.w.org\/{rel}","templated":true}]}}