{"id":3873,"date":"2025-05-12T10:28:34","date_gmt":"2025-05-12T08:28:34","guid":{"rendered":"https:\/\/cocos.codes\/?post_type=product&#038;p=3873"},"modified":"2026-01-21T17:23:20","modified_gmt":"2026-01-21T16:23:20","slug":"cartera-wordpress","status":"publish","type":"product","link":"https:\/\/iarina029.supserv.cozmoslabs.com\/es\/product\/cartera-wordpress\/","title":{"rendered":"Cartera WordPress 1.0"},"content":{"rendered":"<div data-elementor-type=\"wp-post\" data-elementor-id=\"3873\" class=\"elementor elementor-3873\">\n\t\t\t\t<div class=\"elementor-element elementor-element-b4bddc2 e-flex e-con-boxed e-con e-parent\" data-id=\"b4bddc2\" data-element_type=\"container\" data-e-type=\"container\">\n\t\t\t\t\t<div class=\"e-con-inner\">\n\t\t\t\t<div class=\"elementor-element elementor-element-42eb781 elementor-widget elementor-widget-text-editor\" data-id=\"42eb781\" data-element_type=\"widget\" data-e-type=\"widget\" data-widget_type=\"text-editor.default\">\n\t\t\t\t\t\t\t\t\t<h6>M\u00f3dulo Portfolio de WordPress<\/h6><strong><a href=\"https:\/\/wordpress.org\/\" title=\"WordPress\" target=\"_blank\" rel=\"noopener\">WordPress<\/a> Cartera<\/strong> es un complemento avanzado que le permite crear f\u00e1cilmente una impresionante cartera en el <a href=\"https:\/\/iarina029.supserv.cozmoslabs.com\/es\/categoria-de-producto\/tiendas-individuales\/\" title=\"Sitio web WordPress\">el sitio web de WordPress<\/a> - sin necesidad de saber c\u00f3digo. Ofrece dise\u00f1os flexibles, descripciones detalladas de los proyectos y galer\u00edas modernas para presentar sus proyectos de forma profesional. Personaliza el aspecto de tu portafolio para adaptarlo a tu sitio web y destacar a los ojos de tus clientes.\t\t\t\t\t\t\t\t<\/div>\n\t\t\t\t<div class=\"elementor-element elementor-element-4558239 elementor-widget elementor-widget-spacer\" data-id=\"4558239\" data-element_type=\"widget\" data-e-type=\"widget\" data-widget_type=\"spacer.default\">\n\t\t\t\t\t\t\t<div class=\"elementor-spacer\">\n\t\t\t<div class=\"elementor-spacer-inner\"><\/div>\n\t\t<\/div>\n\t\t\t\t\t\t<\/div>\n\t\t\t\t\t<\/div>\n\t\t\t\t<\/div>\n\t\t<div class=\"elementor-element elementor-element-dea69ed e-grid e-con-boxed e-con e-parent\" data-id=\"dea69ed\" data-element_type=\"container\" data-e-type=\"container\">\n\t\t\t\t\t<div class=\"e-con-inner\">\n\t\t\t\t<div class=\"elementor-element elementor-element-e895d0f elementor-widget elementor-widget-pls-button\" data-id=\"e895d0f\" data-element_type=\"widget\" data-e-type=\"widget\" data-widget_type=\"pls-button.default\">\n\t\t\t\t<div class=\"elementor-widget-container\">\n\t\t\t\t\t<div id=\"pls-button-45471\" class=\"pls-element pls-button\">\n\t<a class=\"button btn-style-flat\" href=\"https:\/\/iarina029.supserv.cozmoslabs.com\/es\/base-de-conocimientos\/wordpress\/documentacion-2\/presentacion-de-proyectos-en-el-sitio-web\/\" title=\"DOCUMENTACI\u00d3N\" target=\"_blank\">\n\t\tDOCUMENTACI\u00d3N\t<\/a>\n<\/div>\n\t\t\t\t<\/div>\n\t\t\t\t<\/div>\n\t\t\t\t<div class=\"elementor-element elementor-element-4a6390e elementor-widget elementor-widget-pls-button\" data-id=\"4a6390e\" data-element_type=\"widget\" data-e-type=\"widget\" data-widget_type=\"pls-button.default\">\n\t\t\t\t<div class=\"elementor-widget-container\">\n\t\t\t\t\t<div id=\"pls-button-2015\" class=\"pls-element pls-button\">\n\t<a class=\"button btn-style-flat\" href=\"https:\/\/demo.cocos.codes\/cc_wordpress_portfolio\/\" title=\"DEMO\" target=\"_blank\" rel=\"noopener\">\n\t\tDEMO\t<\/a>\n<\/div>\n\t\t\t\t<\/div>\n\t\t\t\t<\/div>\n\t\t\t\t\t<\/div>\n\t\t\t\t<\/div>\n\t\t<div class=\"elementor-element elementor-element-26e294e e-flex e-con-boxed e-con e-parent\" data-id=\"26e294e\" data-element_type=\"container\" data-e-type=\"container\">\n\t\t\t\t\t<div class=\"e-con-inner\">\n\t\t\t\t<div class=\"elementor-element elementor-element-3623c0c elementor-widget elementor-widget-spacer\" data-id=\"3623c0c\" data-element_type=\"widget\" data-e-type=\"widget\" data-widget_type=\"spacer.default\">\n\t\t\t\t\t\t\t<div class=\"elementor-spacer\">\n\t\t\t<div class=\"elementor-spacer-inner\"><\/div>\n\t\t<\/div>\n\t\t\t\t\t\t<\/div>\n\t\t\t\t<div class=\"elementor-element elementor-element-d6e74da elementor-widget elementor-widget-text-editor\" data-id=\"d6e74da\" data-element_type=\"widget\" data-e-type=\"widget\" data-widget_type=\"text-editor.default\">\n\t\t\t\t\t\t\t\t\t<h6>Multitud de funciones y posibilidades<\/h6><strong>\ud83d\uddbc\ufe0f Galer\u00edas de fotos avanzadas<\/strong><br \/>\u2705 Lightbox: ampliaci\u00f3n eficaz de las fotos de la galer\u00eda<br \/>\u2705 M\u00faltiples dise\u00f1os: n\u00famero configurable de columnas y ajustes.<br \/>\u2705 Miniaturas autom\u00e1ticas - primera foto como miniatura del proyecto.<br \/>\u2705 Capacidad de respuesta: visualizaci\u00f3n perfecta en cualquier dispositivo<br \/>\u2705 Integraci\u00f3n total: funciona a la perfecci\u00f3n con el tema de WordPress.<br \/><br \/><strong>\ud83d\udccb Atributos flexibles del proyecto<\/strong><br \/>\u2705 Campos personalizados: defina sus propios atributos para los proyectos.<br \/>\u2705 Diferentes tipos de datos: texto, n\u00fameros, \u00e1reas de texto, listas de selecci\u00f3n<br \/>\u2705 Ordenar y filtrar: organizar los proyectos por atributos.<br \/>\u2705 Control de visibilidad: decide qu\u00e9 atributos mostrar en el front-end.<br \/>\u2705 Formatos de visualizaci\u00f3n: lista, tabla o cuadr\u00edcula de atributos.<br \/><br \/><strong>\ud83c\udff7\ufe0f Organizaci\u00f3n inteligente<\/strong><br \/>\u2705 Categor\u00edas y subcategor\u00edas: organizaci\u00f3n jer\u00e1rquica de los proyectos<br \/>\u2705 Sistema de etiquetado: marcado adicional de las caracter\u00edsticas del proyecto.<br \/>\u2705 Nombres cortos: t\u00edtulos alternativos a los nombres largos de los proyectos<br \/>\u2705 Filtros en la parte frontal: b\u00fasqueda sencilla de proyectos por categor\u00edas.<br \/>Proyectos similares: sugerencias autom\u00e1ticas de proyectos relacionados.<br \/><br \/><strong>\u2699\ufe0f Configuraci\u00f3n flexible<\/strong><br \/>\u2705 Plantillas de visualizaci\u00f3n: dise\u00f1os listos para carteras<br \/>Enlaces permanentes personalizados: estructura de URL compatible con SEO<br \/>\u2705 Rejillas con capacidad de respuesta: n\u00famero configurable de columnas para distintos dispositivos.<br \/>\u2705 Integraci\u00f3n en redes sociales: botones para compartir<br \/>\u2705 CSS personalizado: posibilidad de a\u00f1adir estilos personalizados.<br \/><br \/><strong>Caracter\u00edsticas t\u00e9cnicas<\/strong><br \/>\u2705 Interfaz administrativa intuitiva: gesti\u00f3n sencilla de los proyectos<br \/>\u2705 Sistema de gesti\u00f3n de licencias: activaci\u00f3n y gesti\u00f3n c\u00f3modas<br \/>\u2705 Importaci\u00f3n y exportaci\u00f3n: transferencia de proyectos entre p\u00e1ginas<br \/>\u2705 Funciones para desarrolladores: una serie de funciones auxiliares para plantillas.<br \/>\u2705 Compatibilidad: funciona con las \u00faltimas versiones de WordPress.\t\t\t\t\t\t\t\t<\/div>\n\t\t\t\t<div class=\"elementor-element elementor-element-8c37500 elementor-widget elementor-widget-spacer\" data-id=\"8c37500\" data-element_type=\"widget\" data-e-type=\"widget\" data-widget_type=\"spacer.default\">\n\t\t\t\t\t\t\t<div class=\"elementor-spacer\">\n\t\t\t<div class=\"elementor-spacer-inner\"><\/div>\n\t\t<\/div>\n\t\t\t\t\t\t<\/div>\n\t\t\t\t<div class=\"elementor-element elementor-element-44d22b0 elementor-widget elementor-widget-text-editor\" data-id=\"44d22b0\" data-element_type=\"widget\" data-e-type=\"widget\" data-widget_type=\"text-editor.default\">\n\t\t\t\t\t\t\t\t\t<h6>Infinitas posibilidades de aplicaci\u00f3n<\/h6>El plugin CC WordPress Portfolio es perfecto para:<br \/><strong>Presentaci\u00f3n de obras creativas<\/strong><br \/>\u2705 Portafolios fotogr\u00e1ficos y gr\u00e1ficos<br \/>\u2705 Realizaciones arquitect\u00f3nicas y dise\u00f1os de interiores<br \/>\u2705 Dise\u00f1o web y de aplicaciones<br \/>\u2705 Trabajos de artesan\u00eda<br \/><br \/><strong>Aplicaciones empresariales<\/strong><br \/>\u2705 Estudios de casos y casos de \u00e9xito<br \/>\u2705 Proyectos y referencias de clientes<br \/>\u2705 Presentaci\u00f3n de productos y servicios<br \/>\u2705 Investigaci\u00f3n y proyectos cient\u00edficos\t\t\t\t\t\t\t\t<\/div>\n\t\t\t\t<div class=\"elementor-element elementor-element-6f2f2d9 elementor-widget elementor-widget-spacer\" data-id=\"6f2f2d9\" data-element_type=\"widget\" data-e-type=\"widget\" data-widget_type=\"spacer.default\">\n\t\t\t\t\t\t\t<div class=\"elementor-spacer\">\n\t\t\t<div class=\"elementor-spacer-inner\"><\/div>\n\t\t<\/div>\n\t\t\t\t\t\t<\/div>\n\t\t\t\t<div class=\"elementor-element elementor-element-8f30cac elementor-widget elementor-widget-text-editor\" data-id=\"8f30cac\" data-element_type=\"widget\" data-e-type=\"widget\" data-widget_type=\"text-editor.default\">\n\t\t\t\t\t\t\t\t\t<h6>\ud83d\udcc8 \u00a1Mejora tu imagen profesional!<\/h6><strong>Cartera profesional<\/strong> muestre eficazmente sus competencias y experiencia. Gracias a <strong>atributos detallados<\/strong>, <strong>impresionantes galer\u00edas<\/strong> i <strong>dise\u00f1o moderno<\/strong>aumentar\u00e1 <strong>inter\u00e9s del cliente<\/strong> y mejorar\u00e1s <strong>tasa de conversi\u00f3n<\/strong>. Apueste por una cartera que realmente <strong>vende tus habilidades<\/strong>!\t\t\t\t\t\t\t\t<\/div>\n\t\t\t\t<div class=\"elementor-element elementor-element-7edb483 elementor-widget elementor-widget-spacer\" data-id=\"7edb483\" data-element_type=\"widget\" data-e-type=\"widget\" data-widget_type=\"spacer.default\">\n\t\t\t\t\t\t\t<div class=\"elementor-spacer\">\n\t\t\t<div class=\"elementor-spacer-inner\"><\/div>\n\t\t<\/div>\n\t\t\t\t\t\t<\/div>\n\t\t\t\t<div class=\"elementor-element elementor-element-956e169 elementor-widget elementor-widget-text-editor\" data-id=\"956e169\" data-element_type=\"widget\" data-e-type=\"widget\" data-widget_type=\"text-editor.default\">\n\t\t\t\t\t\t\t\t\t<h6><strong style=\"font-size: 16px;\">\u00bfPara qui\u00e9n?<\/strong><\/h6>El complemento es ideal para todos:<br \/>Fot\u00f3grafos, dise\u00f1adores gr\u00e1ficos y artistas que necesiten un portafolio profesional<br \/>\u2714 Empresas y agencias de dise\u00f1o que presentan sus proyectos<br \/>\u2714 Arquitectos e interioristas que muestran proyectos realizados<br \/>\u2714 Los desarrolladores de sitios web y aplicaciones demuestran sus habilidades<br \/>\u2714 Aut\u00f3nomos que construyen una imagen profesional en l\u00ednea<br \/>\u2714 Empresas que deseen presentar casos pr\u00e1cticos y casos de \u00e9xito\t\t\t\t\t\t\t\t<\/div>\n\t\t\t\t<div class=\"elementor-element elementor-element-e4497c2 elementor-widget elementor-widget-spacer\" data-id=\"e4497c2\" data-element_type=\"widget\" data-e-type=\"widget\" data-widget_type=\"spacer.default\">\n\t\t\t\t\t\t\t<div class=\"elementor-spacer\">\n\t\t\t<div class=\"elementor-spacer-inner\"><\/div>\n\t\t<\/div>\n\t\t\t\t\t\t<\/div>\n\t\t\t\t<div class=\"elementor-element elementor-element-390b181 elementor-widget elementor-widget-text-editor\" data-id=\"390b181\" data-element_type=\"widget\" data-e-type=\"widget\" data-widget_type=\"text-editor.default\">\n\t\t\t\t\t\t\t\t\t<p><div class=\"pls-block pls-block-3297\">\t\t<div data-elementor-type=\"wp-post\" data-elementor-id=\"3297\" class=\"elementor elementor-3297\">\n\t\t\t\t<div class=\"elementor-element elementor-element-d99440d e-flex e-con-boxed e-con e-parent\" data-id=\"d99440d\" data-element_type=\"container\" data-e-type=\"container\" data-settings=\"{&quot;background_background&quot;:&quot;classic&quot;}\">\n\t\t\t\t\t<div class=\"e-con-inner\">\n\t\t\t\t<div class=\"elementor-element elementor-element-b850409 elementor-widget elementor-widget-text-editor\" data-id=\"b850409\" data-element_type=\"widget\" data-e-type=\"widget\" data-widget_type=\"text-editor.default\">\n\t\t\t\t\t\t\t\t\t<h6><strong>\u00a0Aumente hoy mismo la capacidad de su tienda. <\/strong><strong>\ud83d\ude80<\/strong><\/h6>A\u00f1ada nuevas funciones, mejore la experiencia de usuario y aumente las conversiones con nuestro m\u00f3dulo. F\u00e1cil instalaci\u00f3n, compatibilidad total y actualizaciones peri\u00f3dicas: todo lo que necesitas para que tu tienda funcione a\u00fan mejor.<br \/>\u2705 F\u00e1cil configuraci\u00f3n \u2705 Asistencia profesional \u2705 Integraci\u00f3n perfecta<br \/><br \/><a class=\"button simple\" href=\"#main-content\" title=\"\u00a1Inst\u00e1lalo y empieza a usarlo ya!\">\u00a1Inst\u00e1lalo y empieza a usarlo ya!<\/a>\t\t\t\t\t\t\t\t<\/div>\n\t\t\t\t\t<\/div>\n\t\t\t\t<\/div>\n\t\t\t\t<\/div>\n\t\t<\/div><\/p>\t\t\t\t\t\t\t\t<\/div>\n\t\t\t\t\t<\/div>\n\t\t\t\t<\/div>\n\t\t\t\t<\/div>","protected":false},"excerpt":{"rendered":"Modu\u0142 Word Press Portfolio Word Press Portfolio to zaawansowana wtyczka, kt\u00f3ra pozwala w prosty spos\u00f3b stworzy\u0107 efektowne portfolio na stronie Word Press \u2013 bez potrzeby znajomo\u015bci kodu. Oferuje elastyczne uk\u0142ady,","protected":false},"featured_media":3993,"comment_status":"open","ping_status":"closed","template":"","meta":{"powered_cache_disable_cache":false,"powered_cache_disable_css_optimization":false,"powered_cache_disable_js_optimization":false},"product_brand":[275],"product_cat":[128,132],"product_tag":[238,237,239,198],"class_list":{"0":"post-3873","1":"product","2":"type-product","3":"status-publish","4":"has-post-thumbnail","6":"product_brand-cocos","7":"product_cat-moduly","8":"product_cat-wordpress","9":"product_tag-galeria","10":"product_tag-portfolio","11":"product_tag-projekty","12":"product_tag-wordpress","14":"first","15":"instock","16":"downloadable","17":"virtual","18":"taxable","19":"purchasable","20":"product-type-simple"},"_links":{"self":[{"href":"https:\/\/iarina029.supserv.cozmoslabs.com\/es\/wp-json\/wp\/v2\/product\/3873","targetHints":{"allow":["GET"]}}],"collection":[{"href":"https:\/\/iarina029.supserv.cozmoslabs.com\/es\/wp-json\/wp\/v2\/product"}],"about":[{"href":"https:\/\/iarina029.supserv.cozmoslabs.com\/es\/wp-json\/wp\/v2\/types\/product"}],"replies":[{"embeddable":true,"href":"https:\/\/iarina029.supserv.cozmoslabs.com\/es\/wp-json\/wp\/v2\/comments?post=3873"}],"version-history":[{"count":0,"href":"https:\/\/iarina029.supserv.cozmoslabs.com\/es\/wp-json\/wp\/v2\/product\/3873\/revisions"}],"wp:featuredmedia":[{"embeddable":true,"href":"https:\/\/iarina029.supserv.cozmoslabs.com\/es\/wp-json\/wp\/v2\/media\/3993"}],"wp:attachment":[{"href":"https:\/\/iarina029.supserv.cozmoslabs.com\/es\/wp-json\/wp\/v2\/media?parent=3873"}],"wp:term":[{"taxonomy":"product_brand","embeddable":true,"href":"https:\/\/iarina029.supserv.cozmoslabs.com\/es\/wp-json\/wp\/v2\/product_brand?post=3873"},{"taxonomy":"product_cat","embeddable":true,"href":"https:\/\/iarina029.supserv.cozmoslabs.com\/es\/wp-json\/wp\/v2\/product_cat?post=3873"},{"taxonomy":"product_tag","embeddable":true,"href":"https:\/\/iarina029.supserv.cozmoslabs.com\/es\/wp-json\/wp\/v2\/product_tag?post=3873"}],"curies":[{"name":"wp","href":"https:\/\/api.w.org\/{rel}","templated":true}]}}