{"id":3605,"date":"2025-04-10T21:15:22","date_gmt":"2025-04-10T19:15:22","guid":{"rendered":"https:\/\/cocos.codes\/?post_type=product&#038;p=3605"},"modified":"2026-01-21T17:28:45","modified_gmt":"2026-01-21T16:28:45","slug":"wordpress-facebook-pixel","status":"publish","type":"product","link":"https:\/\/iarina029.supserv.cozmoslabs.com\/es\/product\/wordpress-facebook-pixel\/","title":{"rendered":"WordPress Facebook Pixel 1.0.2"},"content":{"rendered":"<div data-elementor-type=\"wp-post\" data-elementor-id=\"3605\" class=\"elementor elementor-3605\">\n\t\t\t\t<div class=\"elementor-element elementor-element-589e191 e-flex e-con-boxed e-con e-parent\" data-id=\"589e191\" data-element_type=\"container\" data-e-type=\"container\">\n\t\t\t\t\t<div class=\"e-con-inner\">\n\t\t\t\t<div class=\"elementor-element elementor-element-c111b50 elementor-widget elementor-widget-text-editor\" data-id=\"c111b50\" data-element_type=\"widget\" data-e-type=\"widget\" data-widget_type=\"text-editor.default\">\n\t\t\t\t\t\t\t\t\t<h6><strong>P\u00edxel de Facebook para WordPress<br \/><\/strong><\/h6><strong><a href=\"https:\/\/wordpress.org\/\" title=\"WordPress\" target=\"_blank\" rel=\"noopener\">WordPress<\/a> P\u00edxel de Facebook<\/strong> es una herramienta esencial para el seguimiento preciso de las conversiones y la optimizaci\u00f3n de los anuncios. <a href=\"https:\/\/iarina029.supserv.cozmoslabs.com\/es\/categoria-de-producto\/modulos\/wordpress\/\" title=\"Complemento de WordPress\">Complemento de WordPress<\/a> <strong>P\u00edxel de Facebook<\/strong> permite la integraci\u00f3n completa con la API de p\u00edxeles y conversiones de Facebook, proporcionando datos fiables tanto en el navegador como en el servidor, incluso con bloqueadores de anuncios activos. Las colas de eventos inteligentes, el procesamiento as\u00edncrono y la depuraci\u00f3n avanzada maximizan el ROI de las campa\u00f1as publicitarias.\t\t\t\t\t\t\t\t<\/div>\n\t\t\t\t<div class=\"elementor-element elementor-element-5a71fba elementor-widget elementor-widget-spacer\" data-id=\"5a71fba\" data-element_type=\"widget\" data-e-type=\"widget\" data-widget_type=\"spacer.default\">\n\t\t\t\t\t\t\t<div class=\"elementor-spacer\">\n\t\t\t<div class=\"elementor-spacer-inner\"><\/div>\n\t\t<\/div>\n\t\t\t\t\t\t<\/div>\n\t\t\t\t\t<\/div>\n\t\t\t\t<\/div>\n\t\t<div class=\"elementor-element elementor-element-afd9ee9 e-grid e-con-boxed e-con e-parent\" data-id=\"afd9ee9\" data-element_type=\"container\" data-e-type=\"container\">\n\t\t\t\t\t<div class=\"e-con-inner\">\n\t\t\t\t<div class=\"elementor-element elementor-element-959ec9b elementor-widget elementor-widget-pls-button\" data-id=\"959ec9b\" data-element_type=\"widget\" data-e-type=\"widget\" data-widget_type=\"pls-button.default\">\n\t\t\t\t<div class=\"elementor-widget-container\">\n\t\t\t\t\t<div id=\"pls-button-79923\" class=\"pls-element pls-button\">\n\t<a class=\"button btn-style-flat\" href=\"https:\/\/iarina029.supserv.cozmoslabs.com\/es\/base-de-conocimientos\/wordpress\/documentacion-2\/meta-facebook-pixel\/\" title=\"Documentaci\u00f3n\" target=\"_blank\">\n\t\tDocumentaci\u00f3n\t<\/a>\n<\/div>\n\t\t\t\t<\/div>\n\t\t\t\t<\/div>\n\t\t\t\t<div class=\"elementor-element elementor-element-dabddd7 elementor-widget elementor-widget-pls-button\" data-id=\"dabddd7\" data-element_type=\"widget\" data-e-type=\"widget\" data-widget_type=\"pls-button.default\">\n\t\t\t\t<div class=\"elementor-widget-container\">\n\t\t\t\t\t<div id=\"pls-button-3166\" class=\"pls-element pls-button\">\n\t<a class=\"button btn-style-flat\" href=\"https:\/\/demo.cocos.codes\/cc_facebook_pixel\/\" title=\"Demo\" target=\"_blank\" rel=\"noopener\">\n\t\tDemo\t<\/a>\n<\/div>\n\t\t\t\t<\/div>\n\t\t\t\t<\/div>\n\t\t\t\t\t<\/div>\n\t\t\t\t<\/div>\n\t\t<div class=\"elementor-element elementor-element-bc73e6e e-flex e-con-boxed e-con e-parent\" data-id=\"bc73e6e\" data-element_type=\"container\" data-e-type=\"container\">\n\t\t\t\t\t<div class=\"e-con-inner\">\n\t\t\t\t<div class=\"elementor-element elementor-element-864a7b9 elementor-widget elementor-widget-spacer\" data-id=\"864a7b9\" data-element_type=\"widget\" data-e-type=\"widget\" data-widget_type=\"spacer.default\">\n\t\t\t\t\t\t\t<div class=\"elementor-spacer\">\n\t\t\t<div class=\"elementor-spacer-inner\"><\/div>\n\t\t<\/div>\n\t\t\t\t\t\t<\/div>\n\t\t\t\t<div class=\"elementor-element elementor-element-79f7ccd elementor-widget elementor-widget-text-editor\" data-id=\"79f7ccd\" data-element_type=\"widget\" data-e-type=\"widget\" data-widget_type=\"text-editor.default\">\n\t\t\t\t\t\t\t\t\t<h6>Integraci\u00f3n avanzada en los sistemas de Facebook<\/h6><p>\ud83d\udcf1 <strong>Modos de seguimiento vers\u00e1tiles<\/strong><br \/>\u2705 JavaScript Pixel: integraci\u00f3n cl\u00e1sica que se ejecuta en el navegador del usuario.<br \/>\u2705 API de conversiones: seguimiento del lado del servidor resistente a los bloqueadores de anuncios.<br \/>\u2705 Modo h\u00edbrido: combinaci\u00f3n de ambos m\u00e9todos con <b>deduplicaci\u00f3n inteligente de eventos<\/b><br \/>\u2705 Configuraci\u00f3n sin complicaciones: interfaz intuitiva para cada modo de seguimiento.<br \/>\u2705 Rendimiento optimizado: retrasos m\u00ednimos en la carga de las p\u00e1ginas, independientemente del modo seleccionado.<\/p><p>\ud83d\udd04 <strong>Cola de eventos inteligente<\/strong><br \/>\u2705 Procesamiento as\u00edncrono: env\u00edo de eventos en segundo plano sin ralentizar el sitio.<br \/>\u2705 Reintentos autom\u00e1ticos: protecci\u00f3n contra la p\u00e9rdida de datos en caso de error.<br \/>\u2705 Tareas cron: integraci\u00f3n cron incorporada para un procesamiento fiable.<br \/>\u2705 Supervisi\u00f3n de colas: vista detallada del estado de todos los eventos de la cola.<br \/>\u2705 Gesti\u00f3n manual: posibilidad de procesar o despejar la cola inmediatamente.<\/p><p>\ud83d\udcca <strong>Eventos est\u00e1ndar y no est\u00e1ndar<\/strong><br \/>\u2705 Eventos autom\u00e1ticos: seguimiento de PageView, ViewContent y otros eventos est\u00e1ndar.<br \/>\u2705 Eventos personalizados: posibilidad de a\u00f1adir tus propios c\u00f3digos de seguimiento.<br \/>\u2705 Selecci\u00f3n de ubicaci\u00f3n: colocaci\u00f3n flexible del c\u00f3digo en el encabezado o en el pie de p\u00e1gina del sitio.<br \/>\u2705 Desactivaci\u00f3n de eventos est\u00e1ndar: control total sobre lo que se rastrea.<br \/>\u2705 Compatibilidad con otros plug-ins: integraci\u00f3n perfecta en el ecosistema existente.<\/p><p>\ud83d\udc65 <strong>Cotejo avanzado de datos<\/strong><br \/>\u2705 Orientaci\u00f3n mejorada: env\u00edo de datos adicionales del usuario para una coincidencia m\u00e1s precisa.<br \/>\u2705 Selecci\u00f3n flexible de campos: control sobre los datos que se comparten (correo electr\u00f3nico, tel\u00e9fono, nombre, apellidos, etc.).<br \/>\u2705 Recogida autom\u00e1tica de datos: extracci\u00f3n inteligente de informaci\u00f3n de los formularios.<br \/>\u2705 Cumplimiento de RODO: respeto de las preferencias de privacidad de los usuarios.<br \/>\u2705 Mayor eficacia de las campa\u00f1as: orientaci\u00f3n m\u00e1s precisa de los anuncios gracias a una mejor calidad de los datos.<\/p><p>\ud83d\udee0\ufe0f <strong>Herramientas avanzadas de depuraci\u00f3n<\/strong><br \/>\u2705 Pruebas de API: herramientas integradas para probar la conexi\u00f3n de la API de conversiones.<br \/>\u2705 Pruebas de JavaScript: validaci\u00f3n sencilla del p\u00edxel de Facebook<br \/>\u2705 Registros detallados: registros exhaustivos de todas las solicitudes y respuestas de la API.<br \/>\u2705 Modo de prueba: pruebas seguras sin afectar a los datos de producci\u00f3n.<br \/>\u2705 Exclusi\u00f3n de usuarios: posibilidad de desactivar el seguimiento para roles de usuario espec\u00edficos.<\/p><p>\u2699\ufe0f <strong>Caracter\u00edsticas t\u00e9cnicas<\/strong><br \/>\u2705 Compatibilidad con WordPress: compatibilidad total con las \u00faltimas versiones.<br \/>\u2705 Sistema de gesti\u00f3n de licencias: c\u00f3moda activaci\u00f3n y gesti\u00f3n de licencias en el panel.<br \/>\u2705 Optimizaci\u00f3n del rendimiento: carga m\u00ednima del servidor incluso con tr\u00e1fico intenso.<br \/>\u2705 Actualizaciones peri\u00f3dicas: adaptaci\u00f3n continua a los cambios en la API de Facebook.<br \/>\u2705 Soporte t\u00e9cnico: asistencia profesional para la configuraci\u00f3n y la resoluci\u00f3n de problemas.<\/p>\t\t\t\t\t\t\t\t<\/div>\n\t\t\t\t<div class=\"elementor-element elementor-element-488e8cb elementor-widget elementor-widget-spacer\" data-id=\"488e8cb\" data-element_type=\"widget\" data-e-type=\"widget\" data-widget_type=\"spacer.default\">\n\t\t\t\t\t\t\t<div class=\"elementor-spacer\">\n\t\t\t<div class=\"elementor-spacer-inner\"><\/div>\n\t\t<\/div>\n\t\t\t\t\t\t<\/div>\n\t\t\t\t<div class=\"elementor-element elementor-element-f484835 elementor-widget elementor-widget-text-editor\" data-id=\"f484835\" data-element_type=\"widget\" data-e-type=\"widget\" data-widget_type=\"text-editor.default\">\n\t\t\t\t\t\t\t\t\t<h6>\ud83d\udcc8 \u00a1Aumenta la eficacia de tus campa\u00f1as publicitarias hasta un 30-50%!<\/h6>Los estudios demuestran que un seguimiento preciso de las conversiones es la base de unas campa\u00f1as publicitarias eficaces. Gracias a <strong>CC P\u00edxel de Facebook<\/strong> Tus datos de conversi\u00f3n ser\u00e1n m\u00e1s precisos y Facebook podr\u00e1 <strong>optimice mejor sus campa\u00f1as<\/strong>que conduce a <strong>menores costes de captaci\u00f3n de clientes y mayor rentabilidad de la inversi\u00f3n publicitaria<\/strong>.\t\t\t\t\t\t\t\t<\/div>\n\t\t\t\t<div class=\"elementor-element elementor-element-de40523 elementor-widget elementor-widget-spacer\" data-id=\"de40523\" data-element_type=\"widget\" data-e-type=\"widget\" data-widget_type=\"spacer.default\">\n\t\t\t\t\t\t\t<div class=\"elementor-spacer\">\n\t\t\t<div class=\"elementor-spacer-inner\"><\/div>\n\t\t<\/div>\n\t\t\t\t\t\t<\/div>\n\t\t\t\t<div class=\"elementor-element elementor-element-c7fb7ef elementor-widget elementor-widget-text-editor\" data-id=\"c7fb7ef\" data-element_type=\"widget\" data-e-type=\"widget\" data-widget_type=\"text-editor.default\">\n\t\t\t\t\t\t\t\t\t<h6>\u00bfPara qui\u00e9n?<\/h6>El plugin es ideal para:<br \/>\u2714 Propietarios de sitios web de comercio electr\u00f3nico que quieran maximizar la eficacia de los anuncios de Facebook.<br \/>Los profesionales del marketing necesitan datos precisos sobre las conversiones para optimizar sus campa\u00f1as.<br \/>\u2714 Agencias de publicidad que gestionan campa\u00f1as para m\u00faltiples clientes<br \/>\u2714 Empresas que luchan con datos inexactos a trav\u00e9s de bloqueadores de anuncios<br \/>\u2714 Administradores de sitios web preocupados por el rendimiento y la velocidad de carga del sitio.\t\t\t\t\t\t\t\t<\/div>\n\t\t\t\t<div class=\"elementor-element elementor-element-5379318 elementor-widget elementor-widget-spacer\" data-id=\"5379318\" data-element_type=\"widget\" data-e-type=\"widget\" data-widget_type=\"spacer.default\">\n\t\t\t\t\t\t\t<div class=\"elementor-spacer\">\n\t\t\t<div class=\"elementor-spacer-inner\"><\/div>\n\t\t<\/div>\n\t\t\t\t\t\t<\/div>\n\t\t\t\t<div class=\"elementor-element elementor-element-b5ddb61 elementor-widget elementor-widget-text-editor\" data-id=\"b5ddb61\" data-element_type=\"widget\" data-e-type=\"widget\" data-widget_type=\"text-editor.default\">\n\t\t\t\t\t\t\t\t\t<p><div class=\"pls-block pls-block-3297\">\t\t<div data-elementor-type=\"wp-post\" data-elementor-id=\"3297\" class=\"elementor elementor-3297\">\n\t\t\t\t<div class=\"elementor-element elementor-element-d99440d e-flex e-con-boxed e-con e-parent\" data-id=\"d99440d\" data-element_type=\"container\" data-e-type=\"container\" data-settings=\"{&quot;background_background&quot;:&quot;classic&quot;}\">\n\t\t\t\t\t<div class=\"e-con-inner\">\n\t\t\t\t<div class=\"elementor-element elementor-element-b850409 elementor-widget elementor-widget-text-editor\" data-id=\"b850409\" data-element_type=\"widget\" data-e-type=\"widget\" data-widget_type=\"text-editor.default\">\n\t\t\t\t\t\t\t\t\t<h6><strong>\u00a0Aumente hoy mismo la capacidad de su tienda. <\/strong><strong>\ud83d\ude80<\/strong><\/h6>A\u00f1ada nuevas funciones, mejore la experiencia de usuario y aumente las conversiones con nuestro m\u00f3dulo. F\u00e1cil instalaci\u00f3n, compatibilidad total y actualizaciones peri\u00f3dicas: todo lo que necesitas para que tu tienda funcione a\u00fan mejor.<br \/>\u2705 F\u00e1cil configuraci\u00f3n \u2705 Asistencia profesional \u2705 Integraci\u00f3n perfecta<br \/><br \/><a class=\"button simple\" href=\"#main-content\" title=\"\u00a1Inst\u00e1lalo y empieza a usarlo ya!\">\u00a1Inst\u00e1lalo y empieza a usarlo ya!<\/a>\t\t\t\t\t\t\t\t<\/div>\n\t\t\t\t\t<\/div>\n\t\t\t\t<\/div>\n\t\t\t\t<\/div>\n\t\t<\/div><\/p>\t\t\t\t\t\t\t\t<\/div>\n\t\t\t\t\t<\/div>\n\t\t\t\t<\/div>\n\t\t\t\t<\/div>","protected":false},"excerpt":{"rendered":"Word Press Facebook Pixel Word Press Facebook Pixel to niezb\u0119dne narz\u0119dzie do precyzyjnego \u015bledzenia konwersji i optymalizacji reklam. Wtyczka Word Press Facebook Pixel umo\u017cliwia pe\u0142n\u0105 integracj\u0119 z Facebook Pixel i","protected":false},"featured_media":3802,"comment_status":"open","ping_status":"closed","template":"","meta":{"powered_cache_disable_cache":false,"powered_cache_disable_css_optimization":false,"powered_cache_disable_js_optimization":false},"product_brand":[275],"product_cat":[128,132],"product_tag":[213,212,214,198],"class_list":{"0":"post-3605","1":"product","2":"type-product","3":"status-publish","4":"has-post-thumbnail","6":"product_brand-cocos","7":"product_cat-moduly","8":"product_cat-wordpress","9":"product_tag-facebook","10":"product_tag-meta","11":"product_tag-pixel","12":"product_tag-wordpress","14":"first","15":"instock","16":"downloadable","17":"virtual","18":"taxable","19":"purchasable","20":"product-type-simple"},"_links":{"self":[{"href":"https:\/\/iarina029.supserv.cozmoslabs.com\/es\/wp-json\/wp\/v2\/product\/3605","targetHints":{"allow":["GET"]}}],"collection":[{"href":"https:\/\/iarina029.supserv.cozmoslabs.com\/es\/wp-json\/wp\/v2\/product"}],"about":[{"href":"https:\/\/iarina029.supserv.cozmoslabs.com\/es\/wp-json\/wp\/v2\/types\/product"}],"replies":[{"embeddable":true,"href":"https:\/\/iarina029.supserv.cozmoslabs.com\/es\/wp-json\/wp\/v2\/comments?post=3605"}],"version-history":[{"count":0,"href":"https:\/\/iarina029.supserv.cozmoslabs.com\/es\/wp-json\/wp\/v2\/product\/3605\/revisions"}],"wp:featuredmedia":[{"embeddable":true,"href":"https:\/\/iarina029.supserv.cozmoslabs.com\/es\/wp-json\/wp\/v2\/media\/3802"}],"wp:attachment":[{"href":"https:\/\/iarina029.supserv.cozmoslabs.com\/es\/wp-json\/wp\/v2\/media?parent=3605"}],"wp:term":[{"taxonomy":"product_brand","embeddable":true,"href":"https:\/\/iarina029.supserv.cozmoslabs.com\/es\/wp-json\/wp\/v2\/product_brand?post=3605"},{"taxonomy":"product_cat","embeddable":true,"href":"https:\/\/iarina029.supserv.cozmoslabs.com\/es\/wp-json\/wp\/v2\/product_cat?post=3605"},{"taxonomy":"product_tag","embeddable":true,"href":"https:\/\/iarina029.supserv.cozmoslabs.com\/es\/wp-json\/wp\/v2\/product_tag?post=3605"}],"curies":[{"name":"wp","href":"https:\/\/api.w.org\/{rel}","templated":true}]}}