{"id":3360,"date":"2025-04-01T12:28:21","date_gmt":"2025-04-01T10:28:21","guid":{"rendered":"https:\/\/cocos.codes\/?post_type=product&#038;p=3360"},"modified":"2026-01-27T13:59:18","modified_gmt":"2026-01-27T12:59:18","slug":"wordpress-integracion-google-ga4-gtm-ads","status":"publish","type":"product","link":"https:\/\/iarina029.supserv.cozmoslabs.com\/es\/product\/wordpress-integracion-google-ga4-gtm-ads\/","title":{"rendered":"Integraci\u00f3n de Google en WordPress (GA4, GTM, Anuncios) 1.0.1"},"content":{"rendered":"<div data-elementor-type=\"wp-post\" data-elementor-id=\"3360\" class=\"elementor elementor-3360\">\n\t\t\t\t<div class=\"elementor-element elementor-element-4a32b49 e-flex e-con-boxed e-con e-parent\" data-id=\"4a32b49\" data-element_type=\"container\" data-e-type=\"container\">\n\t\t\t\t\t<div class=\"e-con-inner\">\n\t\t\t\t<div class=\"elementor-element elementor-element-06977db elementor-widget elementor-widget-text-editor\" data-id=\"06977db\" data-element_type=\"widget\" data-e-type=\"widget\" data-widget_type=\"text-editor.default\">\n\t\t\t\t\t\t\t\t\t<h6><strong>Integraci\u00f3n de WordPress con Google: aumente sus ganancias gracias a an\u00e1lisis profesionales<br \/><\/strong><\/h6><strong>Nuestro plugin para WordPress<\/strong>\u00a0es una herramienta indispensable para los comercios <a href=\"https:\/\/woocommerce.com\/\" title=\"WooCommerce\" target=\"_blank\" rel=\"noopener\">WooCommerce<\/a>. Permite una integraci\u00f3n completa con <a href=\"https:\/\/analytics.google.com\/\" title=\"Google Analytics 4\" target=\"_blank\" rel=\"noopener\">Google Analytics 4<\/a>, Google Tag Manager y Google Ads, que proporcionan un seguimiento preciso del comportamiento de los clientes y una optimizaci\u00f3n eficaz de las campa\u00f1as. El seguimiento autom\u00e1tico de los eventos de comercio electr\u00f3nico, las etiquetas de conversi\u00f3n personalizadas y la detecci\u00f3n inteligente de los elementos de la tienda le permiten tomar decisiones comerciales precisas y maximizar las tasas de conversi\u00f3n.\t\t\t\t\t\t\t\t<\/div>\n\t\t\t\t<div class=\"elementor-element elementor-element-569135e elementor-widget elementor-widget-spacer\" data-id=\"569135e\" data-element_type=\"widget\" data-e-type=\"widget\" data-widget_type=\"spacer.default\">\n\t\t\t\t\t\t\t<div class=\"elementor-spacer\">\n\t\t\t<div class=\"elementor-spacer-inner\"><\/div>\n\t\t<\/div>\n\t\t\t\t\t\t<\/div>\n\t\t\t\t\t<\/div>\n\t\t\t\t<\/div>\n\t\t<div class=\"elementor-element elementor-element-d44361f e-grid e-con-boxed e-con e-parent\" data-id=\"d44361f\" data-element_type=\"container\" data-e-type=\"container\">\n\t\t\t\t\t<div class=\"e-con-inner\">\n\t\t\t\t<div class=\"elementor-element elementor-element-2ac7497 elementor-widget elementor-widget-pls-button\" data-id=\"2ac7497\" data-element_type=\"widget\" data-e-type=\"widget\" data-widget_type=\"pls-button.default\">\n\t\t\t\t<div class=\"elementor-widget-container\">\n\t\t\t\t\t<div id=\"pls-button-74347\" class=\"pls-element pls-button\">\n\t<a class=\"button btn-style-flat\" href=\"\/es\/base-de-conocimientos\/wordpress\/documentacion-2\/integracion-de-los-anuncios-de-google-ga4-gtm\/\" title=\"DOCUMENTACI\u00d3N\"  target=\"_blank\">\n\t\tDOCUMENTACI\u00d3N\t<\/a>\n<\/div>\n\t\t\t\t<\/div>\n\t\t\t\t<\/div>\n\t\t\t\t<div class=\"elementor-element elementor-element-9e0c148 elementor-widget elementor-widget-pls-button\" data-id=\"9e0c148\" data-element_type=\"widget\" data-e-type=\"widget\" data-widget_type=\"pls-button.default\">\n\t\t\t\t<div class=\"elementor-widget-container\">\n\t\t\t\t\t<div id=\"pls-button-59486\" class=\"pls-element pls-button\">\n\t<a class=\"button btn-style-flat\" href=\"https:\/\/demo.cocos.codes\/cc_google_integration\/\" title=\"DEMO\" target=\"_blank\" rel=\"noopener\">\n\t\tDEMO\t<\/a>\n<\/div>\n\t\t\t\t<\/div>\n\t\t\t\t<\/div>\n\t\t\t\t\t<\/div>\n\t\t\t\t<\/div>\n\t\t<div class=\"elementor-element elementor-element-5be9fcc e-flex e-con-boxed e-con e-parent\" data-id=\"5be9fcc\" data-element_type=\"container\" data-e-type=\"container\">\n\t\t\t\t\t<div class=\"e-con-inner\">\n\t\t\t\t<div class=\"elementor-element elementor-element-942af31 elementor-widget elementor-widget-spacer\" data-id=\"942af31\" data-element_type=\"widget\" data-e-type=\"widget\" data-widget_type=\"spacer.default\">\n\t\t\t\t\t\t\t<div class=\"elementor-spacer\">\n\t\t\t<div class=\"elementor-spacer-inner\"><\/div>\n\t\t<\/div>\n\t\t\t\t\t\t<\/div>\n\t\t\t\t<div class=\"elementor-element elementor-element-3cf18f3 elementor-widget elementor-widget-text-editor\" data-id=\"3cf18f3\" data-element_type=\"widget\" data-e-type=\"widget\" data-widget_type=\"text-editor.default\">\n\t\t\t\t\t\t\t\t\t<h6><strong>Amplias opciones de configuraci\u00f3n<\/strong><\/h6><p><strong>\ud83d\udcc8 Integraci\u00f3n total con los servicios de Google<\/strong><br \/>\u2705 Google Analytics 4: seguimiento preciso de todos los eventos de comercio electr\u00f3nico con implementaci\u00f3n autom\u00e1tica de c\u00f3digo de seguimiento.<br \/>\u2705 Google Tag Manager: f\u00e1cil implementaci\u00f3n del contenedor GTM sin interferir en el c\u00f3digo del sitio.<br \/>\u2705 Google Ads: seguimiento avanzado de conversiones para todos los eventos clave de la tienda.<br \/>\u2705 Modo de depuraci\u00f3n: prueba c\u00f3moda de la aplicaci\u00f3n con mensajes de diagn\u00f3stico en la consola del navegador.<br \/><br \/><strong>\ud83d\uded2 Seguimiento de eventos de comercio electr\u00f3nico<\/strong><br \/>\u2705 Visualizaci\u00f3n de la lista de productos: seguimiento del inter\u00e9s por las categor\u00edas y las colecciones de productos. <strong>(ver_lista_art\u00edculos)<\/strong><br \/>\u2705 Exposici\u00f3n de un solo producto: an\u00e1lisis de la popularidad de cada producto. <strong>(ver_art\u00edculo)<\/strong><br \/>\u2705 A\u00f1adir a la cesta - seguimiento de los productos que m\u00e1s se a\u00f1aden a la cesta <strong>(add_to_cart)<\/strong><br \/>\u2705 Inicio del pedido: seguimiento de los usuarios que inician el proceso de compra. <strong>(begin_checkout)<\/strong><br \/>\u2705 Compras: an\u00e1lisis preciso de las transacciones realizadas con datos completos sobre productos y valores. <strong>(compra)<\/strong><br \/>\u2705 B\u00fasqueda: identificaci\u00f3n de las consultas de b\u00fasqueda m\u00e1s populares en la tienda. <strong>(buscar)<\/strong><br \/>\u2705 Registro e inicio de sesi\u00f3n de los usuarios: seguimiento de la actividad de los clientes nuevos y antiguos (<strong>inscribirse<\/strong> y <strong>inicio de sesi\u00f3n<\/strong>)<br \/><br \/><strong>\ud83d\udcb0 Seguimiento avanzado de conversiones Google Ads<\/strong><br \/>\u2705 Etiquetas de conversi\u00f3n individuales: posibilidad de asignar etiquetas dedicadas a cada tipo de evento.<br \/>\u2705 Seguimiento de los valores de conversi\u00f3n: transferencia autom\u00e1tica de los valores de pedidos y productos.<br \/>\u2705 Optimizaci\u00f3n de campa\u00f1as: datos precisos para una gesti\u00f3n eficaz de los presupuestos publicitarios.<br \/>\u2705 Seguimiento de la ruta de conversi\u00f3n: an\u00e1lisis de la ruta del usuario desde el clic hasta la compra.<br \/><br \/><strong>\u2699\ufe0f Opciones de configuraci\u00f3n flexibles<\/strong><br \/>\u2705 Selecci\u00f3n de los eventos a seguir - activaci\u00f3n y desactivaci\u00f3n de tipos de eventos individuales.<br \/>\u2705 Clase de bot\u00f3n \"A\u00f1adir al carrito\" personalizado: detecci\u00f3n autom\u00e1tica o configuraci\u00f3n manual.<br \/>\u2705 C\u00f3digo JavaScript personalizado: posibilidad de a\u00f1adir c\u00f3digo de seguimiento personalizado.<br \/>\u2705 Detecci\u00f3n autom\u00e1tica: detecci\u00f3n inteligente de clases CSS de botones y elementos de la tienda.<br \/><br \/><strong>Caracter\u00edsticas t\u00e9cnicas<\/strong><br \/>\u2705 Compatibilidad con HPOS: compatibilidad total con el almacenamiento de pedidos de alto rendimiento de WooCommerce.<br \/>\u2705 Sistema de gesti\u00f3n de licencias: c\u00f3moda activaci\u00f3n y gesti\u00f3n de la licencia en el panel de administraci\u00f3n.<br \/>\u2705 Optimizaci\u00f3n del rendimiento: carga as\u00edncrona de secuencias de comandos para reducir al m\u00ednimo el impacto en la velocidad de la p\u00e1gina.<br \/>\u2705 Compatibilidad con diferentes temas - funciona independientemente del tema WooCommerce utilizado.<br \/>\u2705 Actualizaciones peri\u00f3dicas: adaptaci\u00f3n continua a las \u00faltimas versiones de los servicios de Google y WooCommerce.<\/p>\t\t\t\t\t\t\t\t<\/div>\n\t\t\t\t<div class=\"elementor-element elementor-element-0da7884 elementor-widget elementor-widget-spacer\" data-id=\"0da7884\" data-element_type=\"widget\" data-e-type=\"widget\" data-widget_type=\"spacer.default\">\n\t\t\t\t\t\t\t<div class=\"elementor-spacer\">\n\t\t\t<div class=\"elementor-spacer-inner\"><\/div>\n\t\t<\/div>\n\t\t\t\t\t\t<\/div>\n\t\t\t\t<div class=\"elementor-element elementor-element-7a993ee elementor-widget elementor-widget-text-editor\" data-id=\"7a993ee\" data-element_type=\"widget\" data-e-type=\"widget\" data-widget_type=\"text-editor.default\">\n\t\t\t\t\t\t\t\t\t<h6><strong>\ud83d\udcc8 \u00a1Aumente la eficacia de sus campa\u00f1as de marketing en un 30-50%!<\/strong><\/h6>La investigaci\u00f3n demuestra que un seguimiento anal\u00edtico preciso es <strong>la clave para un uso eficaz del presupuesto de marketing<\/strong>. Gracias a la integraci\u00f3n de CC Google <strong>Sus anuncios llegar\u00e1n al p\u00fablico adecuado<\/strong>y el comportamiento de los clientes le permitir\u00e1n optimizar su tienda y <strong>aumentar las tasas de conversi\u00f3n<\/strong>.\t\t\t\t\t\t\t\t<\/div>\n\t\t\t\t<div class=\"elementor-element elementor-element-b3b8ffb elementor-widget elementor-widget-spacer\" data-id=\"b3b8ffb\" data-element_type=\"widget\" data-e-type=\"widget\" data-widget_type=\"spacer.default\">\n\t\t\t\t\t\t\t<div class=\"elementor-spacer\">\n\t\t\t<div class=\"elementor-spacer-inner\"><\/div>\n\t\t<\/div>\n\t\t\t\t\t\t<\/div>\n\t\t\t\t<div class=\"elementor-element elementor-element-8a6b382 elementor-widget elementor-widget-text-editor\" data-id=\"8a6b382\" data-element_type=\"widget\" data-e-type=\"widget\" data-widget_type=\"text-editor.default\">\n\t\t\t\t\t\t\t\t\t<strong>\u00bfPara qui\u00e9n?<\/strong><br \/>El plugin es ideal para todo el mundo:<br \/>\u2714 Tiendas que quieren tomar decisiones basadas en datos anal\u00edticos<br \/>\u2714 Propietarios de comercio electr\u00f3nico que invierten en campa\u00f1as de Google Ads<br \/>\u2714 Tiendas WooCommerce que necesitan una integraci\u00f3n profesional con las herramientas de Google.<br \/>Los profesionales del marketing que deseen medir con precisi\u00f3n la eficacia de sus actividades.<br \/>\u2714 Empresas que buscan formas de aumentar las tasas de conversi\u00f3n y el ROI de la publicidad.\t\t\t\t\t\t\t\t<\/div>\n\t\t\t\t<div class=\"elementor-element elementor-element-2e9ba87 elementor-widget elementor-widget-spacer\" data-id=\"2e9ba87\" data-element_type=\"widget\" data-e-type=\"widget\" data-widget_type=\"spacer.default\">\n\t\t\t\t\t\t\t<div class=\"elementor-spacer\">\n\t\t\t<div class=\"elementor-spacer-inner\"><\/div>\n\t\t<\/div>\n\t\t\t\t\t\t<\/div>\n\t\t\t\t\t<\/div>\n\t\t\t\t<\/div>\n\t\t<div class=\"elementor-element elementor-element-40adb05 e-flex e-con-boxed e-con e-parent\" data-id=\"40adb05\" data-element_type=\"container\" data-e-type=\"container\">\n\t\t\t\t\t<div class=\"e-con-inner\">\n\t\t\t\t<div class=\"elementor-element elementor-element-1c2f2d7 elementor-widget elementor-widget-text-editor\" data-id=\"1c2f2d7\" data-element_type=\"widget\" data-e-type=\"widget\" data-widget_type=\"text-editor.default\">\n\t\t\t\t\t\t\t\t\t<p><div class=\"pls-block pls-block-3297\">\t\t<div data-elementor-type=\"wp-post\" data-elementor-id=\"3297\" class=\"elementor elementor-3297\">\n\t\t\t\t<div class=\"elementor-element elementor-element-d99440d e-flex e-con-boxed e-con e-parent\" data-id=\"d99440d\" data-element_type=\"container\" data-e-type=\"container\" data-settings=\"{&quot;background_background&quot;:&quot;classic&quot;}\">\n\t\t\t\t\t<div class=\"e-con-inner\">\n\t\t\t\t<div class=\"elementor-element elementor-element-b850409 elementor-widget elementor-widget-text-editor\" data-id=\"b850409\" data-element_type=\"widget\" data-e-type=\"widget\" data-widget_type=\"text-editor.default\">\n\t\t\t\t\t\t\t\t\t<h6><strong>\u00a0Aumente hoy mismo la capacidad de su tienda. <\/strong><strong>\ud83d\ude80<\/strong><\/h6>A\u00f1ada nuevas funciones, mejore la experiencia de usuario y aumente las conversiones con nuestro m\u00f3dulo. F\u00e1cil instalaci\u00f3n, compatibilidad total y actualizaciones peri\u00f3dicas: todo lo que necesitas para que tu tienda funcione a\u00fan mejor.<br \/>\u2705 F\u00e1cil configuraci\u00f3n \u2705 Asistencia profesional \u2705 Integraci\u00f3n perfecta<br \/><br \/><a class=\"button simple\" href=\"#main-content\" title=\"\u00a1Inst\u00e1lalo y empieza a usarlo ya!\">\u00a1Inst\u00e1lalo y empieza a usarlo ya!<\/a>\t\t\t\t\t\t\t\t<\/div>\n\t\t\t\t\t<\/div>\n\t\t\t\t<\/div>\n\t\t\t\t<\/div>\n\t\t<\/div><\/p>\t\t\t\t\t\t\t\t<\/div>\n\t\t\t\t\t<\/div>\n\t\t\t\t<\/div>\n\t\t\t\t<\/div>","protected":false},"excerpt":{"rendered":"Word Press integracja Google \u2013 zwi\u0119ksz zyski dzi\u0119ki profesjonalnej analityce Nasza wtyczka Word Press\u00a0to niezb\u0119dne narz\u0119dzie dla sklep\u00f3w Woo Commerce. Umo\u017cliwia pe\u0142n\u0105 integracj\u0119 z Google Analytics 4, Google Tag Manager","protected":false},"featured_media":3798,"comment_status":"open","ping_status":"closed","template":"","meta":{"powered_cache_disable_cache":false,"powered_cache_disable_css_optimization":false,"powered_cache_disable_js_optimization":false},"product_brand":[275],"product_cat":[128,132],"product_tag":[207,206,205,204,199,198],"class_list":{"0":"post-3360","1":"product","2":"type-product","3":"status-publish","4":"has-post-thumbnail","6":"product_brand-cocos","7":"product_cat-moduly","8":"product_cat-wordpress","9":"product_tag-ads","10":"product_tag-ga4","11":"product_tag-gtm","12":"product_tag-integracja-google","13":"product_tag-woocommerce","14":"product_tag-wordpress","16":"first","17":"instock","18":"featured","19":"downloadable","20":"virtual","21":"taxable","22":"purchasable","23":"product-type-simple"},"_links":{"self":[{"href":"https:\/\/iarina029.supserv.cozmoslabs.com\/es\/wp-json\/wp\/v2\/product\/3360","targetHints":{"allow":["GET"]}}],"collection":[{"href":"https:\/\/iarina029.supserv.cozmoslabs.com\/es\/wp-json\/wp\/v2\/product"}],"about":[{"href":"https:\/\/iarina029.supserv.cozmoslabs.com\/es\/wp-json\/wp\/v2\/types\/product"}],"replies":[{"embeddable":true,"href":"https:\/\/iarina029.supserv.cozmoslabs.com\/es\/wp-json\/wp\/v2\/comments?post=3360"}],"version-history":[{"count":0,"href":"https:\/\/iarina029.supserv.cozmoslabs.com\/es\/wp-json\/wp\/v2\/product\/3360\/revisions"}],"wp:featuredmedia":[{"embeddable":true,"href":"https:\/\/iarina029.supserv.cozmoslabs.com\/es\/wp-json\/wp\/v2\/media\/3798"}],"wp:attachment":[{"href":"https:\/\/iarina029.supserv.cozmoslabs.com\/es\/wp-json\/wp\/v2\/media?parent=3360"}],"wp:term":[{"taxonomy":"product_brand","embeddable":true,"href":"https:\/\/iarina029.supserv.cozmoslabs.com\/es\/wp-json\/wp\/v2\/product_brand?post=3360"},{"taxonomy":"product_cat","embeddable":true,"href":"https:\/\/iarina029.supserv.cozmoslabs.com\/es\/wp-json\/wp\/v2\/product_cat?post=3360"},{"taxonomy":"product_tag","embeddable":true,"href":"https:\/\/iarina029.supserv.cozmoslabs.com\/es\/wp-json\/wp\/v2\/product_tag?post=3360"}],"curies":[{"name":"wp","href":"https:\/\/api.w.org\/{rel}","templated":true}]}}