{"id":3288,"date":"2025-03-11T15:19:02","date_gmt":"2025-03-11T14:19:02","guid":{"rendered":"https:\/\/cocos.codes\/?post_type=product&#038;p=3288"},"modified":"2026-04-09T19:38:25","modified_gmt":"2026-04-09T17:38:25","slug":"woocommerce-envio-gratis","status":"publish","type":"product","link":"https:\/\/iarina029.supserv.cozmoslabs.com\/es\/product\/woocommerce-envio-gratis\/","title":{"rendered":"WooCommerce env\u00edo gratuito 1.0.3"},"content":{"rendered":"<div data-elementor-type=\"wp-post\" data-elementor-id=\"3288\" class=\"elementor elementor-3288\">\n\t\t\t\t<div class=\"elementor-element elementor-element-dfc0fc3 e-flex e-con-boxed e-con e-parent\" data-id=\"dfc0fc3\" data-element_type=\"container\" data-e-type=\"container\">\n\t\t\t\t\t<div class=\"e-con-inner\">\n\t\t\t\t<div class=\"elementor-element elementor-element-aa982fe elementor-widget elementor-widget-text-editor\" data-id=\"aa982fe\" data-element_type=\"widget\" data-e-type=\"widget\" data-widget_type=\"text-editor.default\">\n\t\t\t\t\t\t\t\t\t<h6><strong>WooCommerce env\u00edo gratuito - aumentar las ventas con el env\u00edo gratuito<br \/><\/strong><\/h6><strong>Env\u00edo gratuito <a href=\"https:\/\/woocommerce.com\/\" title=\"WooCommerce\" target=\"_blank\" rel=\"noopener\">WooCommerce<\/a><\/strong> es una forma probada de aumentar el valor de su cesta de la compra. Nuestro complemento <strong>CC Env\u00edo gratuito<\/strong> permite configurar f\u00e1cilmente el umbral de env\u00edo gratuito y personalizar los mensajes de incentivo. La soluci\u00f3n admite varias divisas, muestra din\u00e1micamente el importe que falta para el env\u00edo gratuito y ofrece un estilo avanzado. Aumente las ventas con mensajes dedicados en la caja y compatibilidad total con los cambios de divisa m\u00e1s populares.\t\t\t\t\t\t\t\t<\/div>\n\t\t\t\t<div class=\"elementor-element elementor-element-316deeb elementor-widget elementor-widget-spacer\" data-id=\"316deeb\" data-element_type=\"widget\" data-e-type=\"widget\" data-widget_type=\"spacer.default\">\n\t\t\t\t\t\t\t<div class=\"elementor-spacer\">\n\t\t\t<div class=\"elementor-spacer-inner\"><\/div>\n\t\t<\/div>\n\t\t\t\t\t\t<\/div>\n\t\t\t\t\t<\/div>\n\t\t\t\t<\/div>\n\t\t<div class=\"elementor-element elementor-element-4a4fbba e-grid e-con-boxed e-con e-parent\" data-id=\"4a4fbba\" data-element_type=\"container\" data-e-type=\"container\">\n\t\t\t\t\t<div class=\"e-con-inner\">\n\t\t\t\t<div class=\"elementor-element elementor-element-6872402 elementor-widget elementor-widget-pls-button\" data-id=\"6872402\" data-element_type=\"widget\" data-e-type=\"widget\" data-widget_type=\"pls-button.default\">\n\t\t\t\t<div class=\"elementor-widget-container\">\n\t\t\t\t\t<div id=\"pls-button-77485\" class=\"pls-element pls-button\">\n\t<a class=\"button btn-style-flat\" href=\"\/es\/base-de-conocimientos\/wordpress\/woocommerce-envio-gratis\/\" title=\"DOCUMENTACI\u00d3N\"  target=\"_blank\">\n\t\tDOCUMENTACI\u00d3N\t<\/a>\n<\/div>\n\t\t\t\t<\/div>\n\t\t\t\t<\/div>\n\t\t\t\t<div class=\"elementor-element elementor-element-9d8fdd7 elementor-widget elementor-widget-pls-button\" data-id=\"9d8fdd7\" data-element_type=\"widget\" data-e-type=\"widget\" data-widget_type=\"pls-button.default\">\n\t\t\t\t<div class=\"elementor-widget-container\">\n\t\t\t\t\t<div id=\"pls-button-19169\" class=\"pls-element pls-button\">\n\t<a class=\"button btn-style-flat\" href=\"https:\/\/demo.cocos.codes\/cc_free_shipping\/\" title=\"DEMO\" target=\"_blank\" rel=\"noopener\">\n\t\tDEMO\t<\/a>\n<\/div>\n\t\t\t\t<\/div>\n\t\t\t\t<\/div>\n\t\t\t\t\t<\/div>\n\t\t\t\t<\/div>\n\t\t<div class=\"elementor-element elementor-element-3c1e8fe e-flex e-con-boxed e-con e-parent\" data-id=\"3c1e8fe\" data-element_type=\"container\" data-e-type=\"container\">\n\t\t\t\t\t<div class=\"e-con-inner\">\n\t\t\t\t<div class=\"elementor-element elementor-element-0b775e8 elementor-widget elementor-widget-spacer\" data-id=\"0b775e8\" data-element_type=\"widget\" data-e-type=\"widget\" data-widget_type=\"spacer.default\">\n\t\t\t\t\t\t\t<div class=\"elementor-spacer\">\n\t\t\t<div class=\"elementor-spacer-inner\"><\/div>\n\t\t<\/div>\n\t\t\t\t\t\t<\/div>\n\t\t\t\t<div class=\"elementor-element elementor-element-52c36ce elementor-widget elementor-widget-text-editor\" data-id=\"52c36ce\" data-element_type=\"widget\" data-e-type=\"widget\" data-widget_type=\"text-editor.default\">\n\t\t\t\t\t\t\t\t\t<h6><strong>Amplias opciones de configuraci\u00f3n<\/strong><\/h6><strong>\u2699\ufe0f Configuraci\u00f3n b\u00e1sica<\/strong><br \/>\u2705 Umbral de env\u00edo gratuito: definici\u00f3n precisa del importe del pedido a partir del cual el cliente recibir\u00e1 el env\u00edo gratuito.<br \/>\u2705 Tener en cuenta los cupones de descuento: opci\u00f3n para restar el valor de los cupones del valor de la cesta antes de comprobar el umbral.<br \/>\u2705 Consideraci\u00f3n de los gastos adicionales: posibilidad de tener en cuenta los gastos con valor negativo al calcular el umbral.<br \/>\u2705 Desactivar estilos CSS predeterminados: control total sobre la apariencia desactivando los estilos incorporados.<br \/><br \/><strong>\u2728 Personalizaci\u00f3n de los mensajes<\/strong><br \/>\u2705 Mensaje por debajo del umbral - con variable din\u00e1mica {remaining} que muestra el importe que falta.<br \/><strong>\u2705 <\/strong>Mensaje por encima del umbral: informaci\u00f3n de que se ha alcanzado el env\u00edo gratuito<br \/>\u2705 Mensajes dedicados en la caja - mensajes separados para el lado de la contrataci\u00f3n (por debajo y por encima del umbral).<br \/>\u2705 Mensaje que aparece con el m\u00e9todo de env\u00edo gratuito, por ejemplo (env\u00edo gratuito).<br \/><br \/><strong>\ud83d\udccd Lugares de visualizaci\u00f3n<\/strong><br \/>\u2705 Cesta - visualizaci\u00f3n de mensajes en la p\u00e1gina de la cesta<br \/>\u2705 P\u00e1gina de pedido: informaci\u00f3n de env\u00edo gratuita al finalizar el pedido.<br \/>\u2705 Antes de los m\u00e9todos de pago - colocaci\u00f3n estrat\u00e9gica del mensaje antes de la selecci\u00f3n del m\u00e9todo de pago.<br \/><br \/><strong>\ud83c\udfa8 Estilo avanzado<\/strong><br \/>\u2705 Color del texto: ajustes separados para mensajes por debajo y por encima del umbral.<br \/>\u2705 Color de fondo: personaliza el fondo para ambos tipos de mensaje.<br \/>\u2705 Color del borde: ajuste el color del borde para los mensajes por debajo y por encima del umbral.<br \/>\u2705 Tama\u00f1o del borde: control preciso del grosor del borde (en p\u00edxeles).<br \/>\u2705 Redondeo de bordes: ajuste del grado de redondeo de las esquinas (en p\u00edxeles).<br \/>\u2705 Tama\u00f1o de fuente: posibilidad de cambiar el tama\u00f1o del texto (en p\u00edxeles).<br \/>\u2705 CSS personalizado: campo para estilos CSS avanzados para un control total de la apariencia.<br \/><br \/><strong>\ud83d\udcb1 Compatibilidad multidivisa<\/strong><br \/>WOOCS - WooCommerce Cambiador de divisas<br \/>\u2705 Conmutador de divisas Aelia<br \/>\u2705 WPML + WooCommerce Multiling\u00fce<br \/>WooCommerce Multidivisa<br \/>\u2705 Cambiador de divisas para WooCommerce por WP Desk<br \/>\u2705 Conversi\u00f3n autom\u00e1tica del umbral a la moneda seleccionada por el cliente.<br \/><br \/><strong>Caracter\u00edsticas t\u00e9cnicas<\/strong><br \/>\u2705 Compatibilidad con HPOS: compatibilidad total con el almacenamiento de pedidos de alto rendimiento de WooCommerce.<br \/>\u2705 Sistema de gesti\u00f3n de licencias: c\u00f3moda activaci\u00f3n y gesti\u00f3n de la licencia en el panel de administraci\u00f3n.<br \/>\u2705 Optimizaci\u00f3n del rendimiento: carga m\u00ednima del servidor y funcionamiento r\u00e1pido.\t\t\t\t\t\t\t\t<\/div>\n\t\t\t\t<div class=\"elementor-element elementor-element-4a5e7ff elementor-widget elementor-widget-spacer\" data-id=\"4a5e7ff\" data-element_type=\"widget\" data-e-type=\"widget\" data-widget_type=\"spacer.default\">\n\t\t\t\t\t\t\t<div class=\"elementor-spacer\">\n\t\t\t<div class=\"elementor-spacer-inner\"><\/div>\n\t\t<\/div>\n\t\t\t\t\t\t<\/div>\n\t\t\t\t<div class=\"elementor-element elementor-element-ce1e9fa elementor-widget elementor-widget-text-editor\" data-id=\"ce1e9fa\" data-element_type=\"widget\" data-e-type=\"widget\" data-widget_type=\"text-editor.default\">\n\t\t\t\t\t\t\t\t\t<h6><strong>\ud83d\udcc8 \u00a1Aumenta el valor de la cesta en 20-30%!<\/strong><\/h6>Los estudios demuestran que el env\u00edo gratuito es uno de los <strong>las formas m\u00e1s eficaces de aumentar el valor medio de los contratos<\/strong>. Gracias a CC Free Shipping <strong>Sus clientes a\u00f1adir\u00e1n productos a su cesta<\/strong>para alcanzar el umbral de env\u00edo gratuito, todo ello gracias a atractivas comunicaciones que <strong>motivar a comprar m\u00e1s<\/strong>.\t\t\t\t\t\t\t\t<\/div>\n\t\t\t\t<div class=\"elementor-element elementor-element-8ec8481 elementor-widget elementor-widget-spacer\" data-id=\"8ec8481\" data-element_type=\"widget\" data-e-type=\"widget\" data-widget_type=\"spacer.default\">\n\t\t\t\t\t\t\t<div class=\"elementor-spacer\">\n\t\t\t<div class=\"elementor-spacer-inner\"><\/div>\n\t\t<\/div>\n\t\t\t\t\t\t<\/div>\n\t\t\t\t<div class=\"elementor-element elementor-element-7888287 elementor-widget elementor-widget-text-editor\" data-id=\"7888287\" data-element_type=\"widget\" data-e-type=\"widget\" data-widget_type=\"text-editor.default\">\n\t\t\t\t\t\t\t\t\t<h6><strong>\u00bfPara qui\u00e9n?\u00a0<\/strong><\/h6>El plugin es ideal para todo el mundo:<br \/>\u2714 Tiendas que quieren aumentar el valor medio de la cesta<br \/>\u2714 Propietarios de comercio electr\u00f3nico que buscan t\u00e9cnicas de venta eficaces<br \/>\u2714 <a href=\"https:\/\/iarina029.supserv.cozmoslabs.com\/es\/categoria-de-producto\/tiendas-individuales\/\" title=\"Tiendas WooCommerce\">Tiendas WooCommerce<\/a>, que valoran el aspecto profesional del proceso de compra<br \/>\u2714 Minoristas que quieren animar a los clientes a comprar m\u00e1s<br \/>\u2714 Empresas con alcance internacional (gracias al soporte multidivisa).\t\t\t\t\t\t\t\t<\/div>\n\t\t\t\t<div class=\"elementor-element elementor-element-425c3d6 elementor-widget elementor-widget-spacer\" data-id=\"425c3d6\" data-element_type=\"widget\" data-e-type=\"widget\" data-widget_type=\"spacer.default\">\n\t\t\t\t\t\t\t<div class=\"elementor-spacer\">\n\t\t\t<div class=\"elementor-spacer-inner\"><\/div>\n\t\t<\/div>\n\t\t\t\t\t\t<\/div>\n\t\t\t\t<div class=\"elementor-element elementor-element-4669eef elementor-widget elementor-widget-text-editor\" data-id=\"4669eef\" data-element_type=\"widget\" data-e-type=\"widget\" data-widget_type=\"text-editor.default\">\n\t\t\t\t\t\t\t\t\t<p><div class=\"pls-block pls-block-3297\">\t\t<div data-elementor-type=\"wp-post\" data-elementor-id=\"3297\" class=\"elementor elementor-3297\">\n\t\t\t\t<div class=\"elementor-element elementor-element-d99440d e-flex e-con-boxed e-con e-parent\" data-id=\"d99440d\" data-element_type=\"container\" data-e-type=\"container\" data-settings=\"{&quot;background_background&quot;:&quot;classic&quot;}\">\n\t\t\t\t\t<div class=\"e-con-inner\">\n\t\t\t\t<div class=\"elementor-element elementor-element-b850409 elementor-widget elementor-widget-text-editor\" data-id=\"b850409\" data-element_type=\"widget\" data-e-type=\"widget\" data-widget_type=\"text-editor.default\">\n\t\t\t\t\t\t\t\t\t<h6><strong>\u00a0Aumente hoy mismo la capacidad de su tienda. <\/strong><strong>\ud83d\ude80<\/strong><\/h6>A\u00f1ada nuevas funciones, mejore la experiencia de usuario y aumente las conversiones con nuestro m\u00f3dulo. F\u00e1cil instalaci\u00f3n, compatibilidad total y actualizaciones peri\u00f3dicas: todo lo que necesitas para que tu tienda funcione a\u00fan mejor.<br \/>\u2705 F\u00e1cil configuraci\u00f3n \u2705 Asistencia profesional \u2705 Integraci\u00f3n perfecta<br \/><br \/><a class=\"button simple\" href=\"#main-content\" title=\"\u00a1Inst\u00e1lalo y empieza a usarlo ya!\">\u00a1Inst\u00e1lalo y empieza a usarlo ya!<\/a>\t\t\t\t\t\t\t\t<\/div>\n\t\t\t\t\t<\/div>\n\t\t\t\t<\/div>\n\t\t\t\t<\/div>\n\t\t<\/div><\/p>\t\t\t\t\t\t\t\t<\/div>\n\t\t\t\t\t<\/div>\n\t\t\t\t<\/div>\n\t\t\t\t<\/div>","protected":false},"excerpt":{"rendered":"Woo Commerce darmowa dostawa \u2013 zwi\u0119ksz sprzeda\u017c dzi\u0119ki darmowej wysy\u0142ce Darmowa wysy\u0142ka Woo Commerce to sprawdzony spos\u00f3b na podniesienie warto\u015bci koszyka. Nasza wtyczka CC Free Shipping umo\u017cliwia \u0142atw\u0105 konfiguracj\u0119 progu","protected":false},"featured_media":3809,"comment_status":"open","ping_status":"closed","template":"","meta":{"powered_cache_disable_cache":false,"powered_cache_disable_css_optimization":false,"powered_cache_disable_js_optimization":false},"product_brand":[275],"product_cat":[128,132],"product_tag":[200,199,198],"class_list":{"0":"post-3288","1":"product","2":"type-product","3":"status-publish","4":"has-post-thumbnail","6":"product_brand-cocos","7":"product_cat-moduly","8":"product_cat-wordpress","9":"product_tag-darmowa-dostawa","10":"product_tag-woocommerce","11":"product_tag-wordpress","13":"first","14":"instock","15":"featured","16":"downloadable","17":"virtual","18":"taxable","19":"purchasable","20":"product-type-simple"},"_links":{"self":[{"href":"https:\/\/iarina029.supserv.cozmoslabs.com\/es\/wp-json\/wp\/v2\/product\/3288","targetHints":{"allow":["GET"]}}],"collection":[{"href":"https:\/\/iarina029.supserv.cozmoslabs.com\/es\/wp-json\/wp\/v2\/product"}],"about":[{"href":"https:\/\/iarina029.supserv.cozmoslabs.com\/es\/wp-json\/wp\/v2\/types\/product"}],"replies":[{"embeddable":true,"href":"https:\/\/iarina029.supserv.cozmoslabs.com\/es\/wp-json\/wp\/v2\/comments?post=3288"}],"version-history":[{"count":0,"href":"https:\/\/iarina029.supserv.cozmoslabs.com\/es\/wp-json\/wp\/v2\/product\/3288\/revisions"}],"wp:featuredmedia":[{"embeddable":true,"href":"https:\/\/iarina029.supserv.cozmoslabs.com\/es\/wp-json\/wp\/v2\/media\/3809"}],"wp:attachment":[{"href":"https:\/\/iarina029.supserv.cozmoslabs.com\/es\/wp-json\/wp\/v2\/media?parent=3288"}],"wp:term":[{"taxonomy":"product_brand","embeddable":true,"href":"https:\/\/iarina029.supserv.cozmoslabs.com\/es\/wp-json\/wp\/v2\/product_brand?post=3288"},{"taxonomy":"product_cat","embeddable":true,"href":"https:\/\/iarina029.supserv.cozmoslabs.com\/es\/wp-json\/wp\/v2\/product_cat?post=3288"},{"taxonomy":"product_tag","embeddable":true,"href":"https:\/\/iarina029.supserv.cozmoslabs.com\/es\/wp-json\/wp\/v2\/product_tag?post=3288"}],"curies":[{"name":"wp","href":"https:\/\/api.w.org\/{rel}","templated":true}]}}