{"id":2770,"date":"2025-03-03T14:42:32","date_gmt":"2025-03-03T13:42:32","guid":{"rendered":"https:\/\/cocos.codes\/?post_type=product&#038;p=2770"},"modified":"2026-01-21T17:36:14","modified_gmt":"2026-01-21T16:36:14","slug":"wordpress-prestashop-mudanza-de-sitio-web","status":"publish","type":"product","link":"https:\/\/iarina029.supserv.cozmoslabs.com\/es\/product\/wordpress-prestashop-mudanza-de-sitio-web\/","title":{"rendered":"Redise\u00f1o del sitio web WordPress 6.x\/PrestaShop 1.7\/8.x\/9.x"},"content":{"rendered":"<div data-elementor-type=\"wp-post\" data-elementor-id=\"2770\" class=\"elementor elementor-2770\">\n\t\t\t\t<div class=\"elementor-element elementor-element-4d1107db e-flex e-con-boxed e-con e-parent\" data-id=\"4d1107db\" data-element_type=\"container\" data-e-type=\"container\">\n\t\t\t\t\t<div class=\"e-con-inner\">\n\t\t\t\t<div class=\"elementor-element elementor-element-32101906 elementor-widget elementor-widget-text-editor\" data-id=\"32101906\" data-element_type=\"widget\" data-e-type=\"widget\" data-widget_type=\"text-editor.default\">\n\t\t\t\t\t\t\t\t\t<h6><strong>Trasladar un sitio web WordPress<br \/><\/strong><\/h6><h6>Traslado del sitio PrestaShop<\/h6>Profesional <strong>transferencia de sitios web<\/strong> requiere experiencia y precisi\u00f3n. Ofrecemos una migraci\u00f3n sin problemas <a href=\"https:\/\/wordpress.org\/\" title=\"WordPress\" target=\"_blank\" rel=\"noopener\">WordPress<\/a> i <a href=\"https:\/\/www.prestashop.com\/\" title=\"PrestaShop\" target=\"_blank\" rel=\"noopener\">PrestaShop<\/a> a un nuevo servidor, sin estr\u00e9s ni tiempo de inactividad. Transferimos todos los archivos, bases de datos, plug-ins y temas, y nos encargamos de la seguridad y la optimizaci\u00f3n del servidor. <a href=\"https:\/\/iarina029.supserv.cozmoslabs.com\/es\/product\/cocos_host-alojamiento-estable-y-seguro-para-su-empresa\/\" title=\"Nuevo alojamiento\">nuevo alojamiento<\/a>. Incluido en el precio del servicio, recibe una copia de seguridad, monitorizaci\u00f3n DNS, migraci\u00f3n de tareas CRON y 14 d\u00edas de soporte t\u00e9cnico.<br \/><br \/><h6>Lo que ofrecemos:<\/h6><div><ol><li><strong>Migraci\u00f3n integral \ud83d\uddc2\ufe0f:<\/strong> Transferimos todos los archivos, bases de datos, plug-ins, temas y cuentas de correo electr\u00f3nico de forma segura y con todo lujo de detalles.<\/li><li><strong>Tiempo de inactividad cero \u23f1\ufe0f:<\/strong> Su sitio web o su tienda estar\u00e1n disponibles en todo momento: minimizamos las molestias a cero.<\/li><li><strong>Optimizaci\u00f3n en el nuevo servidor \u26a1 :<\/strong> Tras la migraci\u00f3n, probamos y ajustamos la configuraci\u00f3n para que el sitio funcione con mayor rapidez y eficacia.<\/li><li><strong>Soporte completo para WordPress y PrestaShop \ud83d\udee0\ufe0f:<\/strong> Disponemos de todas las versiones y configuraciones, conservando la funcionalidad 100%.<\/li><li><strong>Actualizaci\u00f3n de DNS \ud83c\udf0d:<\/strong> Supervisamos el proceso de actualizaci\u00f3n de DNS, reduciendo los tiempos de cambio al m\u00ednimo (\u00a1incluso a unas pocas horas!).<\/li><li><strong>Transferencia de tareas CRON \ud83d\udd04:<\/strong> Nos aseguramos de que las tareas CRON se ejecutan correctamente en el nuevo servidor.<\/li><\/ol><\/div>\t\t\t\t\t\t\t\t<\/div>\n\t\t\t\t\t<\/div>\n\t\t\t\t<\/div>\n\t\t<div class=\"elementor-element elementor-element-7032d6e e-flex e-con-boxed e-con e-parent\" data-id=\"7032d6e\" data-element_type=\"container\" data-e-type=\"container\">\n\t\t\t\t\t<div class=\"e-con-inner\">\n\t\t\t\t<div class=\"elementor-element elementor-element-7829b3c elementor-widget elementor-widget-heading\" data-id=\"7829b3c\" data-element_type=\"widget\" data-e-type=\"widget\" data-widget_type=\"heading.default\">\n\t\t\t\t\t<h6 class=\"elementor-heading-title elementor-size-default\">Ventajas adicionales:<\/h6>\t\t\t\t<\/div>\n\t\t\t\t\t<\/div>\n\t\t\t\t<\/div>\n\t\t<div class=\"elementor-element elementor-element-706f456 e-grid e-con-boxed e-con e-parent\" data-id=\"706f456\" data-element_type=\"container\" data-e-type=\"container\">\n\t\t\t\t\t<div class=\"e-con-inner\">\n\t\t\t\t<div class=\"elementor-element elementor-element-7ac3ce6 elementor-widget elementor-widget-text-editor\" data-id=\"7ac3ce6\" data-element_type=\"widget\" data-e-type=\"widget\" data-widget_type=\"text-editor.default\">\n\t\t\t\t\t\t\t\t\t<h6 style=\"text-align: center;\"><strong>Seguridad de los datos \ud83d\udd12<\/strong><\/h6><p style=\"text-align: center;\">Sabemos lo importantes que son sus datos, por eso nos aseguramos de que est\u00e9n totalmente seguros durante la migraci\u00f3n. Antes de iniciar el proceso, creamos <strong>copia de seguridad<\/strong> todo el sitio web\/tienda. En caso de problemas, restauramos inmediatamente la versi\u00f3n anterior para que no tenga que preocuparse por la p\u00e9rdida de datos. Sus archivos, su base de datos y su configuraci\u00f3n est\u00e1n en buenas manos.<br \/><br \/><\/p>\t\t\t\t\t\t\t\t<\/div>\n\t\t\t\t<div class=\"elementor-element elementor-element-a9b7e19 elementor-widget elementor-widget-text-editor\" data-id=\"a9b7e19\" data-element_type=\"widget\" data-e-type=\"widget\" data-widget_type=\"text-editor.default\">\n\t\t\t\t\t\t\t\t\t<h6 style=\"text-align: center;\"><strong>Apoyo posterior a la migraci\u00f3n \ud83d\udee0\ufe0f<\/strong><\/h6><p style=\"text-align: center;\">La migraci\u00f3n no es el final de nuestra cooperaci\u00f3n. Le ofrecemos <strong>14 d\u00edas de asistencia t\u00e9cnica<\/strong> una vez finalizada la transferencia de su sitio web\/tienda. Si observa alg\u00fan problema o tiene alguna pregunta sobre el nuevo servidor, nuestros expertos est\u00e1n a su disposici\u00f3n para <strong>Su<\/strong> disposici\u00f3n. De este modo podr\u00e1 estar seguro de que todo funciona como debe.<\/p>\t\t\t\t\t\t\t\t<\/div>\n\t\t\t\t<div class=\"elementor-element elementor-element-07fe717 elementor-widget elementor-widget-text-editor\" data-id=\"07fe717\" data-element_type=\"widget\" data-e-type=\"widget\" data-widget_type=\"text-editor.default\">\n\t\t\t\t\t\t\t\t\t<h6 style=\"text-align: center;\"><strong>Consulta gratuita \ud83d\udde3\ufe0f<\/strong><\/h6><p style=\"text-align: center;\">\u00bfNo est\u00e1 seguro de si su sitio web\/tienda est\u00e1 listo para la migraci\u00f3n? No se preocupe. Le ofrecemos <strong>gratis<\/strong> una consulta durante la cual <strong>analizaremos<\/strong> configuraci\u00f3n actual, versiones de software, plug-ins y temas. Esto nos permitir\u00e1 preparar <strong>plan de migraci\u00f3n personalizado<\/strong>que le garantizar\u00e1 una transferencia fluida y sin sorpresas. Es nuestra forma de ponerle en pleno control del proceso.<\/p>\t\t\t\t\t\t\t\t<\/div>\n\t\t\t\t\t<\/div>\n\t\t\t\t<\/div>\n\t\t<div class=\"elementor-element elementor-element-9a04ba6 e-flex e-con-boxed e-con e-parent\" data-id=\"9a04ba6\" data-element_type=\"container\" data-e-type=\"container\">\n\t\t\t\t\t<div class=\"e-con-inner\">\n\t\t\t\t<div class=\"elementor-element elementor-element-4c26bd7 elementor-widget elementor-widget-spacer\" data-id=\"4c26bd7\" data-element_type=\"widget\" data-e-type=\"widget\" data-widget_type=\"spacer.default\">\n\t\t\t\t\t\t\t<div class=\"elementor-spacer\">\n\t\t\t<div class=\"elementor-spacer-inner\"><\/div>\n\t\t<\/div>\n\t\t\t\t\t\t<\/div>\n\t\t\t\t\t<\/div>\n\t\t\t\t<\/div>\n\t\t<div class=\"elementor-element elementor-element-ef62bdf e-flex e-con-boxed e-con e-parent\" data-id=\"ef62bdf\" data-element_type=\"container\" data-e-type=\"container\" data-settings=\"{&quot;background_background&quot;:&quot;classic&quot;}\">\n\t\t\t\t\t<div class=\"e-con-inner\">\n\t\t\t\t<div class=\"elementor-element elementor-element-c334b42 elementor-widget elementor-widget-text-editor\" data-id=\"c334b42\" data-element_type=\"widget\" data-e-type=\"widget\" data-widget_type=\"text-editor.default\">\n\t\t\t\t\t\t\t\t\t<h6 style=\"text-align: center;\">\u00a1No te preocupes por los entresijos t\u00e9cnicos de la mudanza! \ud83d\ude9a<\/h6><p style=\"text-align: center;\">Conf\u00eda en nosotros. <strong>expertos<\/strong>que se ocupar\u00e1 de todos los detalles.<\/p><p style=\"text-align: center;\"><a class=\"button simple\" href=\"https:\/\/iarina029.supserv.cozmoslabs.com\/es\/pongase-en-contacto-con\/\" title=\"P\u00f3ngase en contacto con nosotros hoy mismo para hablar de los detalles de la migraci\u00f3n.\">P\u00f3ngase en contacto con nosotros hoy mismo para hablar de los detalles de la migraci\u00f3n.<\/a><\/p><p style=\"text-align: center;\"><strong>C\u00e9ntrese en su negocio y nosotros nos ocuparemos del resto.<\/strong> <br \/>Traslade su sitio web o tienda a un nuevo servidor con la confianza de que todo funcionar\u00e1 de la A a la Z sin problemas.<\/p>\t\t\t\t\t\t\t\t<\/div>\n\t\t\t\t\t<\/div>\n\t\t\t\t<\/div>\n\t\t<div class=\"elementor-element elementor-element-d2ad6e7 e-flex e-con-boxed e-con e-parent\" data-id=\"d2ad6e7\" data-element_type=\"container\" data-e-type=\"container\">\n\t\t\t\t\t<div class=\"e-con-inner\">\n\t\t\t\t<div class=\"elementor-element elementor-element-9709519 elementor-widget elementor-widget-spacer\" data-id=\"9709519\" data-element_type=\"widget\" data-e-type=\"widget\" data-widget_type=\"spacer.default\">\n\t\t\t\t\t\t\t<div class=\"elementor-spacer\">\n\t\t\t<div class=\"elementor-spacer-inner\"><\/div>\n\t\t<\/div>\n\t\t\t\t\t\t<\/div>\n\t\t\t\t<div class=\"elementor-element elementor-element-79a7d82 elementor-widget elementor-widget-heading\" data-id=\"79a7d82\" data-element_type=\"widget\" data-e-type=\"widget\" data-widget_type=\"heading.default\">\n\t\t\t\t\t<h6 class=\"elementor-heading-title elementor-size-default\">\u00bfQu\u00e9 paquete (cantidad de datos) debo elegir?<\/h6>\t\t\t\t<\/div>\n\t\t\t\t<div class=\"elementor-element elementor-element-b92a65a elementor-widget elementor-widget-text-editor\" data-id=\"b92a65a\" data-element_type=\"widget\" data-e-type=\"widget\" data-widget_type=\"text-editor.default\">\n\t\t\t\t\t\t\t\t\t<table class=\"cc-table\"><thead><tr><th style=\"text-align: left;\">Talla<\/th><th style=\"text-align: left;\">Para qui\u00e9n<\/th><th style=\"text-align: left;\">Qu\u00e9 esperar<\/th><\/tr><\/thead><tbody><tr><td><strong>hasta 5 GB \ud83d\udce6<\/strong>\u00a0- Micro sitio\/tienda<\/td><td>Blogs, carteras, peque\u00f1as tiendas (<strong>hasta el 25<\/strong> productos).<\/td><td><strong>Simple<\/strong> plantillas, varios plug-ins, una peque\u00f1a base de datos.<\/td><\/tr><tr><td><strong>hasta 10 GB \ud83d\ude9a<\/strong>\u00a0- Peque\u00f1o sitio web\/tienda<\/td><td>P\u00e1ginas web de empresas, tiendas (<strong>hasta el 50<\/strong> productos).<\/td><td><strong>Varios<\/strong> plug-ins, funcionalidad b\u00e1sica de comercio electr\u00f3nico.<\/td><\/tr><tr><td><strong>hasta 20 GB \ud83c\udfe2<\/strong>\u00a0- Tienda mediana<\/td><td>Grandes comercios (<strong>hasta 250<\/strong> productos), p\u00e1ginas con mucho contenido.<\/td><td>Funcionalidades avanzadas, base de datos <strong>aproximadamente 1 GB<\/strong>.<\/td><\/tr><tr><td><strong>hasta 50 GB \ud83c\udf10<\/strong>\u00a0- Gran sitio web\/tienda<\/td><td>Tiendas enormes (<strong>m\u00e1s de 250<\/strong> productos), plataformas de medios de comunicaci\u00f3n.<\/td><td>Funcionalidades complejas, base de datos <strong>aproximadamente 5 GB<\/strong>.<\/td><\/tr><tr><td><strong>m\u00e1s de 50 GB \ud83d\udee0\ufe0f\u00a0<\/strong> - Sitio web\/tienda muy grande (precios individuales)<\/td><td>plataformas SaaS, tiendas multiling\u00fces, sitios web con <strong>enorme<\/strong> volumen de datos.<\/td><td>Personalizaci\u00f3n completa, integraciones avanzadas, base de datos <strong>m\u00e1s de 5 GB<\/strong>.<\/td><\/tr><\/tbody><\/table>\t\t\t\t\t\t\t\t<\/div>\n\t\t\t\t\t<\/div>\n\t\t\t\t<\/div>\n\t\t\t\t<\/div>","protected":false},"excerpt":{"rendered":"Przeprowadzka strony Word Press Przeprowadzka strony Presta Shop Profesjonalne przeniesienie strony wymaga do\u015bwiadczenia i precyzji. Oferujemy p\u0142ynn\u0105 migracj\u0119 Word Press i Presta Shop na nowy serwer \u2013 bez stresu i","protected":false},"featured_media":2780,"comment_status":"open","ping_status":"closed","template":"","meta":{"powered_cache_disable_cache":false,"powered_cache_disable_css_optimization":false,"powered_cache_disable_js_optimization":false},"product_brand":[275],"product_cat":[129],"product_tag":[256,244,255,198],"class_list":{"0":"post-2770","1":"product","2":"type-product","3":"status-publish","4":"has-post-thumbnail","6":"product_brand-cocos","7":"product_cat-uslugi","8":"product_tag-migracja","9":"product_tag-prestashop","10":"product_tag-przeniesienie-strony","11":"product_tag-wordpress","13":"first","14":"instock","15":"taxable","16":"shipping-taxable","17":"purchasable","18":"product-type-variable","19":"has-default-attributes"},"_links":{"self":[{"href":"https:\/\/iarina029.supserv.cozmoslabs.com\/es\/wp-json\/wp\/v2\/product\/2770","targetHints":{"allow":["GET"]}}],"collection":[{"href":"https:\/\/iarina029.supserv.cozmoslabs.com\/es\/wp-json\/wp\/v2\/product"}],"about":[{"href":"https:\/\/iarina029.supserv.cozmoslabs.com\/es\/wp-json\/wp\/v2\/types\/product"}],"replies":[{"embeddable":true,"href":"https:\/\/iarina029.supserv.cozmoslabs.com\/es\/wp-json\/wp\/v2\/comments?post=2770"}],"version-history":[{"count":0,"href":"https:\/\/iarina029.supserv.cozmoslabs.com\/es\/wp-json\/wp\/v2\/product\/2770\/revisions"}],"wp:featuredmedia":[{"embeddable":true,"href":"https:\/\/iarina029.supserv.cozmoslabs.com\/es\/wp-json\/wp\/v2\/media\/2780"}],"wp:attachment":[{"href":"https:\/\/iarina029.supserv.cozmoslabs.com\/es\/wp-json\/wp\/v2\/media?parent=2770"}],"wp:term":[{"taxonomy":"product_brand","embeddable":true,"href":"https:\/\/iarina029.supserv.cozmoslabs.com\/es\/wp-json\/wp\/v2\/product_brand?post=2770"},{"taxonomy":"product_cat","embeddable":true,"href":"https:\/\/iarina029.supserv.cozmoslabs.com\/es\/wp-json\/wp\/v2\/product_cat?post=2770"},{"taxonomy":"product_tag","embeddable":true,"href":"https:\/\/iarina029.supserv.cozmoslabs.com\/es\/wp-json\/wp\/v2\/product_tag?post=2770"}],"curies":[{"name":"wp","href":"https:\/\/api.w.org\/{rel}","templated":true}]}}