{"id":2692,"date":"2025-03-02T13:30:53","date_gmt":"2025-03-02T12:30:53","guid":{"rendered":"https:\/\/cocos.codes\/?post_type=product&#038;p=2692"},"modified":"2026-04-09T19:38:28","modified_gmt":"2026-04-09T17:38:28","slug":"servidor-vps-servidor-superrapido-y-potente","status":"publish","type":"product","link":"https:\/\/iarina029.supserv.cozmoslabs.com\/es\/product\/servidor-vps-servidor-superrapido-y-potente\/","title":{"rendered":"Servidor VPS: servidor superr\u00e1pido y potente para los m\u00e1s exigentes \ud83d\udcaa"},"content":{"rendered":"<div data-elementor-type=\"wp-post\" data-elementor-id=\"2692\" class=\"elementor elementor-2692\">\n\t\t\t\t<div class=\"elementor-element elementor-element-49939bd3 e-flex e-con-boxed e-con e-parent\" data-id=\"49939bd3\" data-element_type=\"container\" data-e-type=\"container\">\n\t\t\t\t\t<div class=\"e-con-inner\">\n\t\t\t\t<div class=\"elementor-element elementor-element-45b48c71 elementor-widget elementor-widget-text-editor\" data-id=\"45b48c71\" data-element_type=\"widget\" data-e-type=\"widget\" data-widget_type=\"text-editor.default\">\n\t\t\t\t\t\t\t\t\t<strong>Servidor VPS: superr\u00e1pido y fiable para proyectos exigentes<\/strong><br \/>\u00bfNecesita un control total y la m\u00e1xima eficacia? Nuestro <strong>Servidor VPS<\/strong> son recursos dedicados con procesadores <a href=\"https:\/\/www.amd.com\/pl\/products\/epyc-processors\" title=\"AMD EPYC\u2122 7002\" target=\"_blank\" rel=\"noopener\">AMD EPYC\u2122 7002<\/a>que garantizan velocidad y estabilidad de funcionamiento. Ofrecemos cach\u00e9 premium (<a href=\"https:\/\/nginx.org\/en\/\" title=\"Cach\u00e9 Nginx\" target=\"_blank\" rel=\"noopener\">Cach\u00e9 Nginx<\/a> + Redis), copia de seguridad S3 de 14 d\u00edas, monitorizaci\u00f3n 24\/7 y administraci\u00f3n completa. El tiempo de actividad de 99,9% garantiza la fiabilidad de sitios, aplicaciones y <a href=\"https:\/\/iarina029.supserv.cozmoslabs.com\/es\/categoria-de-producto\/tiendas-individuales\/\" title=\"Tiendas WooCommerce\">Tiendas WooCommerce<\/a>. Es ideal para proyectos exigentes que necesitan m\u00e1s que un <a href=\"https:\/\/iarina029.supserv.cozmoslabs.com\/es\/product\/cocos_host-alojamiento-estable-y-seguro-para-su-empresa\/\" title=\"Alojamiento para empresas\">alojamiento empresarial<\/a>. <br \/><br \/><h6>\u00bfQu\u00e9 ofrecemos?<\/h6><ul><li><strong><span style=\"text-decoration: underline;\">Administraci\u00f3n completa<\/span> y actualizaciones del sistema<\/strong> - nos ocupamos de su servidor, garantizando su optimizaci\u00f3n y seguridad continuas.<\/li><li><strong>Alto rendimiento<\/strong> - procesadores <strong>AMD EPYC\u2122 7002<\/strong> y la cach\u00e9 premium (<strong>Cach\u00e9 Nginx<\/strong> + <strong>Redis<\/strong>) garantizan que las aplicaciones y los sitios web funcionen a la velocidad del rayo.<\/li><li><strong>Copia de seguridad completa de 14 d\u00edas en S3<\/strong> - Tus datos est\u00e1n seguros con copias de seguridad diarias almacenadas en servidores independientes.<\/li><li><strong>Recursos espec\u00edficos<\/strong> - CPU, RAM y espacio en disco exclusivamente a tu disposici\u00f3n, proporcionando toda la potencia para los proyectos m\u00e1s exigentes.<\/li><li><strong>Seguridad al m\u00e1s alto nivel<\/strong> - El certificado SSL, el cortafuegos y la protecci\u00f3n contra ataques DDoS protegen su servidor de las amenazas.<\/li><li><strong>Vigilancia 24\/7<\/strong> - Su servidor est\u00e1 cuidado en todo momento y el tiempo de actividad en <strong>99,9%<\/strong> garantiza la fiabilidad del servicio.<\/li><li><strong>Flexibilidad y escalabilidad<\/strong> - acceso gratuito al panel <strong>COCOS. Panel de control<\/strong> permite gestionar f\u00e1cilmente el servidor y aumentar r\u00e1pidamente los recursos en caso necesario.<\/li><li><strong>Asistencia t\u00e9cnica 24 horas al d\u00eda, 7 d\u00edas a la semana<\/strong> - Nuestro equipo est\u00e1 disponible por correo electr\u00f3nico y chat en cualquier momento, listo para resolver sus problemas.<\/li><\/ul>Nuestro servidor VPS es la soluci\u00f3n ideal para quienes necesitan fiabilidad, control total y un rendimiento excepcional. Tanto si ejecutas aplicaciones avanzadas, tiendas online u otros proyectos, con nuestro VPS puedes estar seguro de que tu servidor cumplir\u00e1 todos los requisitos, funcionando siempre a pleno rendimiento.\t\t\t\t\t\t\t\t<\/div>\n\t\t\t\t<div class=\"elementor-element elementor-element-7ea57db elementor-widget elementor-widget-spacer\" data-id=\"7ea57db\" data-element_type=\"widget\" data-e-type=\"widget\" data-widget_type=\"spacer.default\">\n\t\t\t\t\t\t\t<div class=\"elementor-spacer\">\n\t\t\t<div class=\"elementor-spacer-inner\"><\/div>\n\t\t<\/div>\n\t\t\t\t\t\t<\/div>\n\t\t\t\t<div class=\"elementor-element elementor-element-a7f394b elementor-widget elementor-widget-heading\" data-id=\"a7f394b\" data-element_type=\"widget\" data-e-type=\"widget\" data-widget_type=\"heading.default\">\n\t\t\t\t\t<h6 class=\"elementor-heading-title elementor-size-default\">Paquetes - especificaci\u00f3n detallada<\/h6>\t\t\t\t<\/div>\n\t\t\t\t<div class=\"elementor-element elementor-element-ac447e7 elementor-widget elementor-widget-text-editor\" data-id=\"ac447e7\" data-element_type=\"widget\" data-e-type=\"widget\" data-widget_type=\"text-editor.default\">\n\t\t\t\t\t\t\t\t\t<table class=\"cc-table\"><thead><tr><th>Paquete<\/th><th>Capacidad<\/th><th>Beneficios comunes de COCOS.<\/th><\/tr><\/thead><tbody><tr><td><strong>COCOS_VPS_40<\/strong><\/td><td><strong>40<\/strong> GB NVMe \u26a1<\/td><td class=\"cc-details\" rowspan=\"6\"><br \/>\u2714 <span style=\"text-decoration: underline;\"><strong>Administraci\u00f3n completa<\/strong><\/span> i <strong>actualiza<\/strong> Sistem\u00e1tica \ud83d\udd27<br \/>\u2714 14 d\u00edas <strong>copia de seguridad completa de S3, <\/strong>almacenado en <strong>separar<\/strong> servidores \ud83d\udcbe<br \/>\u2714 <strong>Certificado SSL<\/strong> para una conexi\u00f3n segura \ud83d\udd11<br \/>\u2714 Cortafuegos (<strong>cortafuegos<\/strong>) protecci\u00f3n contra los peligros \ud83d\udd25<br \/>\u2714 Protecci\u00f3n contra <strong>Ataques DDoS<\/strong> proporcionar estabilidad \ud83d\udee1\ufe0f<br \/>\u2714 Supervisi\u00f3n del servidor las 24 horas <strong>24\/7<\/strong> \ud83d\udc40<br \/>\u2714 Asistencia t\u00e9cnica: <strong>24\/7<\/strong> (correo electr\u00f3nico, chat) \ud83d\udcac<br \/>Tiempo de actividad: <strong>99,9%<\/strong> \ud83d\udcc8<br \/>\u2714 Alto rendimiento: Procesadores <strong>AMD EPYC\u2122 7002<\/strong>\u26a1<br \/>\u2714 Cach\u00e9 Premium: <strong>Cach\u00e9 Nginx<\/strong> + <strong>Redis<\/strong> para la m\u00e1xima velocidad \ud83d\ude80<br \/>\u2714 Libre acceso al panel <strong>COCOS. Panel de control<\/strong> \ud83d\udda5\ufe0f<\/td><\/tr><tr><td><strong>COCOS_VPS_80<\/strong><\/td><td><strong>80<\/strong> GB NVMe \u26a1<\/td><\/tr><tr><td><strong>COCOS_VPS_160<\/strong><\/td><td><strong>160<\/strong> GB NVMe \u26a1<\/td><\/tr><tr><td><strong>COCOS_VPS_240<\/strong><\/td><td><strong>240<\/strong> GB NVMe \u26a1<\/td><\/tr><tr><td><strong>COCOS_VPS_360<\/strong><\/td><td><strong>360<\/strong> GB NVMe \u26a1<\/td><\/tr><\/tbody><\/table>\t\t\t\t\t\t\t\t<\/div>\n\t\t\t\t<div class=\"elementor-element elementor-element-9631622 elementor-widget elementor-widget-spacer\" data-id=\"9631622\" data-element_type=\"widget\" data-e-type=\"widget\" data-widget_type=\"spacer.default\">\n\t\t\t\t\t\t\t<div class=\"elementor-spacer\">\n\t\t\t<div class=\"elementor-spacer-inner\"><\/div>\n\t\t<\/div>\n\t\t\t\t\t\t<\/div>\n\t\t\t\t<div class=\"elementor-element elementor-element-cce84e5 elementor-widget elementor-widget-text-editor\" data-id=\"cce84e5\" data-element_type=\"widget\" data-e-type=\"widget\" data-widget_type=\"text-editor.default\">\n\t\t\t\t\t\t\t\t\t<p><div class=\"pls-block pls-block-3263\">\t\t<div data-elementor-type=\"wp-post\" data-elementor-id=\"3263\" class=\"elementor elementor-3263\">\n\t\t\t\t<div class=\"elementor-element elementor-element-199e8ab e-flex e-con-boxed e-con e-child\" data-id=\"199e8ab\" data-element_type=\"container\" data-e-type=\"container\" data-settings=\"{&quot;background_background&quot;:&quot;classic&quot;}\">\n\t\t\t\t\t<div class=\"e-con-inner\">\n\t\t\t\t<div class=\"elementor-element elementor-element-1d2e8eb elementor-widget elementor-widget-text-editor\" data-id=\"1d2e8eb\" data-element_type=\"widget\" data-e-type=\"widget\" data-widget_type=\"text-editor.default\">\n\t\t\t\t\t\t\t\t\t<h6 style=\"text-align: center;\">\u00a1Asegure ya la estabilidad de su negocio! \u26a1<\/h6><p style=\"text-align: center;\">Ponga su servidor en manos de <strong>expertos<\/strong>que se ocupar\u00e1 de <strong>fiabilidad<\/strong> i <strong>seguridad<\/strong> Tus datos.<\/p><p style=\"text-align: center;\"><a class=\"button simple\" href=\"https:\/\/iarina029.supserv.cozmoslabs.com\/es\/pongase-en-contacto-con\/\" title=\"P\u00f3ngase en contacto con nosotros hoy mismo para elegir el servidor perfecto para usted.\">P\u00f3ngase en contacto con nosotros hoy mismo para elegir el servidor perfecto para usted.<\/a><\/p><p style=\"text-align: center;\"><strong>C\u00e9ntrese en su negocio y nosotros nos ocuparemos del resto.<\/strong> <br \/>Con nuestro servidor, tendr\u00e1 la seguridad de que su sitio web, tienda o aplicaci\u00f3n funcionar\u00e1 de forma r\u00e1pida, segura y sin interrupciones.<\/p>\t\t\t\t\t\t\t\t<\/div>\n\t\t\t\t\t<\/div>\n\t\t\t\t<\/div>\n\t\t\t\t<\/div>\n\t\t<\/div><\/p>\t\t\t\t\t\t\t\t<\/div>\n\t\t\t\t\t<\/div>\n\t\t\t\t<\/div>\n\t\t\t\t<\/div>","protected":false},"excerpt":{"rendered":"Serwer VPS \u2013 superszybki i niezawodny dla wymagaj\u0105cych projekt\u00f3w Potrzebujesz pe\u0142nej kontroli i maksymalnej wydajno\u015bci? Nasz serwer VPS to dedykowane zasoby z procesorami AMD EPYC\u2122 7002, kt\u00f3re gwarantuj\u0105 szybko\u015b\u0107 i","protected":false},"featured_media":2779,"comment_status":"open","ping_status":"closed","template":"","meta":{"powered_cache_disable_cache":false,"powered_cache_disable_css_optimization":false,"powered_cache_disable_js_optimization":false},"product_brand":[275],"product_cat":[129],"product_tag":[262,260,261],"class_list":{"0":"post-2692","1":"product","2":"type-product","3":"status-publish","4":"has-post-thumbnail","6":"product_brand-cocos","7":"product_cat-uslugi","8":"product_tag-amd-epyc","9":"product_tag-serwer-vps","10":"product_tag-superszybki-serwer","12":"first","13":"instock","14":"taxable","15":"shipping-taxable","16":"purchasable","17":"product-type-variable","18":"has-default-attributes"},"_links":{"self":[{"href":"https:\/\/iarina029.supserv.cozmoslabs.com\/es\/wp-json\/wp\/v2\/product\/2692","targetHints":{"allow":["GET"]}}],"collection":[{"href":"https:\/\/iarina029.supserv.cozmoslabs.com\/es\/wp-json\/wp\/v2\/product"}],"about":[{"href":"https:\/\/iarina029.supserv.cozmoslabs.com\/es\/wp-json\/wp\/v2\/types\/product"}],"replies":[{"embeddable":true,"href":"https:\/\/iarina029.supserv.cozmoslabs.com\/es\/wp-json\/wp\/v2\/comments?post=2692"}],"version-history":[{"count":0,"href":"https:\/\/iarina029.supserv.cozmoslabs.com\/es\/wp-json\/wp\/v2\/product\/2692\/revisions"}],"wp:featuredmedia":[{"embeddable":true,"href":"https:\/\/iarina029.supserv.cozmoslabs.com\/es\/wp-json\/wp\/v2\/media\/2779"}],"wp:attachment":[{"href":"https:\/\/iarina029.supserv.cozmoslabs.com\/es\/wp-json\/wp\/v2\/media?parent=2692"}],"wp:term":[{"taxonomy":"product_brand","embeddable":true,"href":"https:\/\/iarina029.supserv.cozmoslabs.com\/es\/wp-json\/wp\/v2\/product_brand?post=2692"},{"taxonomy":"product_cat","embeddable":true,"href":"https:\/\/iarina029.supserv.cozmoslabs.com\/es\/wp-json\/wp\/v2\/product_cat?post=2692"},{"taxonomy":"product_tag","embeddable":true,"href":"https:\/\/iarina029.supserv.cozmoslabs.com\/es\/wp-json\/wp\/v2\/product_tag?post=2692"}],"curies":[{"name":"wp","href":"https:\/\/api.w.org\/{rel}","templated":true}]}}