{"id":2689,"date":"2025-03-02T13:29:27","date_gmt":"2025-03-02T12:29:27","guid":{"rendered":"https:\/\/cocos.codes\/?post_type=product&#038;p=2689"},"modified":"2026-01-21T17:38:49","modified_gmt":"2026-01-21T16:38:49","slug":"alojamiento-empresarial-estable-y-seguro","status":"publish","type":"product","link":"https:\/\/iarina029.supserv.cozmoslabs.com\/es\/product\/alojamiento-empresarial-estable-y-seguro\/","title":{"rendered":"Alojamiento para empresas: estable y seguro \ud83d\udd12"},"content":{"rendered":"<div data-elementor-type=\"wp-post\" data-elementor-id=\"2689\" class=\"elementor elementor-2689\">\n\t\t\t\t<div class=\"elementor-element elementor-element-4cb05206 e-flex e-con-boxed e-con e-parent\" data-id=\"4cb05206\" data-element_type=\"container\" data-e-type=\"container\">\n\t\t\t\t\t<div class=\"e-con-inner\">\n\t\t\t\t<div class=\"elementor-element elementor-element-41775d13 elementor-widget elementor-widget-text-editor\" data-id=\"41775d13\" data-element_type=\"widget\" data-e-type=\"widget\" data-widget_type=\"text-editor.default\">\n\t\t\t\t\t\t\t\t\t<h6>Alojamiento para empresas<\/h6>\u00bfBusca una infraestructura fiable sin complicaciones innecesarias? <strong>Alojamiento para empresas<\/strong> es la soluci\u00f3n ideal para las empresas que valoran la eficacia y la seguridad. Ofrecemos modernos <a href=\"https:\/\/www.amd.com\/pl\/products\/epyc-processors\" title=\"Servidores AMD EPYC\" target=\"_blank\" rel=\"noopener\">Servidores AMD EPYC<\/a> y unidades NVMe ultrarr\u00e1pidas para un funcionamiento fluido de sitios web, aplicaciones y <a href=\"https:\/\/iarina029.supserv.cozmoslabs.com\/es\/product\/woocommerce-descuentos-avanzados\/\" title=\"Tiendas WooCommerce\">Tiendas WooCommerce<\/a>. Ofrecemos copias de seguridad diarias, disponibilidad del 99,9%, asistencia 24\/7 y cach\u00e9 premium (<a href=\"https:\/\/nginx.org\/en\/\" title=\"Cach\u00e9 Nginx\" target=\"_blank\" rel=\"noopener\">Cach\u00e9 Nginx<\/a> + Redis). Un panel de gesti\u00f3n intuitivo permite el control total de la infraestructura, similar a un <a href=\"https:\/\/iarina029.supserv.cozmoslabs.com\/es\/product\/cocos_vps-servidor-super-rapido-y-potente-para-usuarios-exigentes\/\" title=\"Servidor VPS\">Servidor VPS<\/a>. <br \/><br \/><h6>\u00bfQu\u00e9 ofrecemos?<\/h6><ul><li><strong>Unidades NVMe<\/strong> - tiempos de carga ultrarr\u00e1pidos, acelerando su sitio web y sus aplicaciones.<\/li><li><strong>Seguridad y copias de seguridad<\/strong> - copias de seguridad diarias para que tus datos est\u00e9n siempre a salvo. Si es necesario, puedes restaurar r\u00e1pidamente tu sistema a un estado anterior.<\/li><li><strong>Rendimiento<\/strong> - gracias a los procesadores de \u00faltima generaci\u00f3n y a una gran cantidad de RAM, tiene la seguridad de que su servidor puede hacer frente a sitios web\/tiendas sencillos.<\/li><li><strong>Disponibilidad (tiempo de actividad)<\/strong> - garantizamos la disponibilidad en <strong>99,9%<\/strong>lo que significa que su sitio web estar\u00e1 disponible para los usuarios en casi todo momento.<\/li><li><strong>R\u00e1pido<\/strong> i <strong>estable<\/strong> Conectividad: ofrecemos una conexi\u00f3n a Internet de gran ancho de banda, que garantiza el buen funcionamiento del sitio y minimiza el riesgo de retrasos.<\/li><li><strong>Asistencia 24\/7<\/strong> - nuestro equipo de expertos est\u00e1 disponible a cualquier hora del d\u00eda o de la noche, listo para ayudarle con cualquier problema.<\/li><li><strong>Panel de gesti\u00f3n sencillo<\/strong> - un panel intuitivo para que pueda gestionar f\u00e1cilmente sus servicios de alojamiento.<\/li><\/ul>Nuestro servidor de alojamiento es una soluci\u00f3n que funcionar\u00e1 en cualquier situaci\u00f3n, proporcionando el equilibrio \u00f3ptimo entre rendimiento, seguridad y facilidad de uso.\t\t\t\t\t\t\t\t<\/div>\n\t\t\t\t<div class=\"elementor-element elementor-element-de5f741 elementor-widget elementor-widget-spacer\" data-id=\"de5f741\" data-element_type=\"widget\" data-e-type=\"widget\" data-widget_type=\"spacer.default\">\n\t\t\t\t\t\t\t<div class=\"elementor-spacer\">\n\t\t\t<div class=\"elementor-spacer-inner\"><\/div>\n\t\t<\/div>\n\t\t\t\t\t\t<\/div>\n\t\t\t\t<div class=\"elementor-element elementor-element-52410fd elementor-widget elementor-widget-heading\" data-id=\"52410fd\" data-element_type=\"widget\" data-e-type=\"widget\" data-widget_type=\"heading.default\">\n\t\t\t\t\t<h6 class=\"elementor-heading-title elementor-size-default\">Paquetes - especificaci\u00f3n detallada<\/h6>\t\t\t\t<\/div>\n\t\t\t\t<div class=\"elementor-element elementor-element-c780931 elementor-widget elementor-widget-text-editor\" data-id=\"c780931\" data-element_type=\"widget\" data-e-type=\"widget\" data-widget_type=\"text-editor.default\">\n\t\t\t\t\t\t\t\t\t<table class=\"cc-table\"><thead><tr><th>Paquete<\/th><th>Capacidad<\/th><th>Funciones del paquete<\/th><th>Beneficios comunes de COCOS.<\/th><\/tr><\/thead><tbody><tr><td><strong>COCOS_HOST_5<\/strong><\/td><td><strong>5<\/strong> GB NVMe \u26a1<\/td><td><strong>5<\/strong> cuentas de correo electr\u00f3nico<br \/><strong>5<\/strong> Cuentas FTP<br \/><strong>1<\/strong> base de datos<\/td><td class=\"cc-details\" rowspan=\"5\">\u2714 14 d\u00edas <strong>copia de seguridad completa<\/strong> a un precio de \ud83d\udcbe<br \/>\u2714 <strong>Certificado SSL<\/strong> para una conexi\u00f3n segura \ud83d\udd11<br \/>\u2714 Cortafuegos (<strong>cortafuegos<\/strong>) protecci\u00f3n contra los peligros \ud83d\udd25<br \/>\u2714 Protecci\u00f3n contra <strong>Ataques DDoS<\/strong> proporcionar estabilidad \ud83d\udee1\ufe0f<br \/>\u2714 Supervisi\u00f3n del servidor las 24 horas <strong>24\/7<\/strong> \ud83d\udc40<br \/>\u2714 Asistencia t\u00e9cnica: <strong>24\/7<\/strong> (correo electr\u00f3nico, chat) \ud83d\udcac<br \/>Tiempo de actividad: <strong>99,9%<\/strong> \ud83d\udcc8<br \/>\u2714 Cach\u00e9 Premium: <strong>Cach\u00e9 Nginx<\/strong> + <strong>Redis<\/strong> para la m\u00e1xima velocidad \ud83d\ude80<br \/>\u2714 Libre acceso al panel <strong>COCOS. Panel de control<\/strong> \ud83d\udda5\ufe0f<\/td><\/tr><tr><td><strong>COCOS_HOST_10<\/strong><\/td><td><strong>10<\/strong> GB NVMe \u26a1<\/td><td><strong>10<\/strong> cuentas de correo electr\u00f3nico<br \/><strong>10<\/strong> Cuentas FTP<br \/><strong>2<\/strong> bases de datos<\/td><\/tr><tr><td><strong>COCOS_HOST_30<\/strong><\/td><td><strong>30<\/strong> GB NVMe \u26a1<\/td><td><strong>30<\/strong> cuentas de correo electr\u00f3nico<br \/><strong>30<\/strong> Cuentas FTP<br \/><strong>5<\/strong> bases de datos<\/td><\/tr><tr><td><strong>COCOS_HOST_60<\/strong><\/td><td><strong>60<\/strong> GB NVMe \u26a1<\/td><td><strong>60<\/strong> cuentas de correo electr\u00f3nico<br \/><strong>60<\/strong> Cuentas FTP<br \/><strong>10<\/strong> bases de datos<\/td><\/tr><tr><td><strong>COCOS_HOST_100<\/strong><\/td><td><strong>100<\/strong> GB NVMe \u26a1<\/td><td><strong>100<\/strong> cuentas de correo electr\u00f3nico<br \/><strong>100<\/strong> Cuentas FTP<br \/><strong>20<\/strong> bases de datos<\/td><\/tr><\/tbody><\/table>\t\t\t\t\t\t\t\t<\/div>\n\t\t\t\t<div class=\"elementor-element elementor-element-23b73ad elementor-widget elementor-widget-spacer\" data-id=\"23b73ad\" data-element_type=\"widget\" data-e-type=\"widget\" data-widget_type=\"spacer.default\">\n\t\t\t\t\t\t\t<div class=\"elementor-spacer\">\n\t\t\t<div class=\"elementor-spacer-inner\"><\/div>\n\t\t<\/div>\n\t\t\t\t\t\t<\/div>\n\t\t\t\t<div class=\"elementor-element elementor-element-d117fd6 elementor-widget elementor-widget-text-editor\" data-id=\"d117fd6\" data-element_type=\"widget\" data-e-type=\"widget\" data-widget_type=\"text-editor.default\">\n\t\t\t\t\t\t\t\t\t<p><div class=\"pls-block pls-block-3263\">\t\t<div data-elementor-type=\"wp-post\" data-elementor-id=\"3263\" class=\"elementor elementor-3263\">\n\t\t\t\t<div class=\"elementor-element elementor-element-199e8ab e-flex e-con-boxed e-con e-child\" data-id=\"199e8ab\" data-element_type=\"container\" data-e-type=\"container\" data-settings=\"{&quot;background_background&quot;:&quot;classic&quot;}\">\n\t\t\t\t\t<div class=\"e-con-inner\">\n\t\t\t\t<div class=\"elementor-element elementor-element-1d2e8eb elementor-widget elementor-widget-text-editor\" data-id=\"1d2e8eb\" data-element_type=\"widget\" data-e-type=\"widget\" data-widget_type=\"text-editor.default\">\n\t\t\t\t\t\t\t\t\t<h6 style=\"text-align: center;\">\u00a1Asegure ya la estabilidad de su negocio! \u26a1<\/h6><p style=\"text-align: center;\">Ponga su servidor en manos de <strong>expertos<\/strong>que se ocupar\u00e1 de <strong>fiabilidad<\/strong> i <strong>seguridad<\/strong> Tus datos.<\/p><p style=\"text-align: center;\"><a class=\"button simple\" href=\"https:\/\/iarina029.supserv.cozmoslabs.com\/es\/pongase-en-contacto-con\/\" title=\"P\u00f3ngase en contacto con nosotros hoy mismo para elegir el servidor perfecto para usted.\">P\u00f3ngase en contacto con nosotros hoy mismo para elegir el servidor perfecto para usted.<\/a><\/p><p style=\"text-align: center;\"><strong>C\u00e9ntrese en su negocio y nosotros nos ocuparemos del resto.<\/strong> <br \/>Con nuestro servidor, tendr\u00e1 la seguridad de que su sitio web, tienda o aplicaci\u00f3n funcionar\u00e1 de forma r\u00e1pida, segura y sin interrupciones.<\/p>\t\t\t\t\t\t\t\t<\/div>\n\t\t\t\t\t<\/div>\n\t\t\t\t<\/div>\n\t\t\t\t<\/div>\n\t\t<\/div><\/p>\t\t\t\t\t\t\t\t<\/div>\n\t\t\t\t\t<\/div>\n\t\t\t\t<\/div>\n\t\t\t\t<\/div>","protected":false},"excerpt":{"rendered":"Hosting biznesowy Szukasz niezawodnej infrastruktury bez zb\u0119dnych komplikacji? Hosting biznesowy to idealne rozwi\u0105zanie dla firm, kt\u00f3re ceni\u0105 wydajno\u015b\u0107 i bezpiecze\u0144stwo. Oferujemy nowoczesne serwery AMD EPYC oraz ultraszybkie dyski NVMe, gwarantuj\u0105ce","protected":false},"featured_media":2778,"comment_status":"open","ping_status":"closed","template":"","meta":{"powered_cache_disable_cache":false,"powered_cache_disable_css_optimization":false,"powered_cache_disable_js_optimization":false},"product_brand":[275],"product_cat":[129],"product_tag":[257,259,258],"class_list":{"0":"post-2689","1":"product","2":"type-product","3":"status-publish","4":"has-post-thumbnail","6":"product_brand-cocos","7":"product_cat-uslugi","8":"product_tag-hosting","9":"product_tag-nvme","10":"product_tag-serwery","12":"first","13":"instock","14":"featured","15":"taxable","16":"shipping-taxable","17":"purchasable","18":"product-type-variable","19":"has-default-attributes"},"_links":{"self":[{"href":"https:\/\/iarina029.supserv.cozmoslabs.com\/es\/wp-json\/wp\/v2\/product\/2689","targetHints":{"allow":["GET"]}}],"collection":[{"href":"https:\/\/iarina029.supserv.cozmoslabs.com\/es\/wp-json\/wp\/v2\/product"}],"about":[{"href":"https:\/\/iarina029.supserv.cozmoslabs.com\/es\/wp-json\/wp\/v2\/types\/product"}],"replies":[{"embeddable":true,"href":"https:\/\/iarina029.supserv.cozmoslabs.com\/es\/wp-json\/wp\/v2\/comments?post=2689"}],"version-history":[{"count":0,"href":"https:\/\/iarina029.supserv.cozmoslabs.com\/es\/wp-json\/wp\/v2\/product\/2689\/revisions"}],"wp:featuredmedia":[{"embeddable":true,"href":"https:\/\/iarina029.supserv.cozmoslabs.com\/es\/wp-json\/wp\/v2\/media\/2778"}],"wp:attachment":[{"href":"https:\/\/iarina029.supserv.cozmoslabs.com\/es\/wp-json\/wp\/v2\/media?parent=2689"}],"wp:term":[{"taxonomy":"product_brand","embeddable":true,"href":"https:\/\/iarina029.supserv.cozmoslabs.com\/es\/wp-json\/wp\/v2\/product_brand?post=2689"},{"taxonomy":"product_cat","embeddable":true,"href":"https:\/\/iarina029.supserv.cozmoslabs.com\/es\/wp-json\/wp\/v2\/product_cat?post=2689"},{"taxonomy":"product_tag","embeddable":true,"href":"https:\/\/iarina029.supserv.cozmoslabs.com\/es\/wp-json\/wp\/v2\/product_tag?post=2689"}],"curies":[{"name":"wp","href":"https:\/\/api.w.org\/{rel}","templated":true}]}}