{"id":2677,"date":"2025-03-01T22:17:52","date_gmt":"2025-03-01T21:17:52","guid":{"rendered":"https:\/\/cocos.codes\/?post_type=product&#038;p=2677"},"modified":"2026-01-21T17:41:10","modified_gmt":"2026-01-21T16:41:10","slug":"instalacion-de-modulos-prestashop-y-wordpress","status":"publish","type":"product","link":"https:\/\/iarina029.supserv.cozmoslabs.com\/es\/product\/instalacion-de-modulos-prestashop-y-wordpress\/","title":{"rendered":"Instalaci\u00f3n de m\u00f3dulos PrestaShop 1.7\/8.x\/9.x y WordPress 6.x - r\u00e1pida y sin complicaciones \u2699\ufe0f"},"content":{"rendered":"<div data-elementor-type=\"wp-post\" data-elementor-id=\"2677\" class=\"elementor elementor-2677\">\n\t\t\t\t<div class=\"elementor-element elementor-element-17d430f4 e-flex e-con-boxed e-con e-parent\" data-id=\"17d430f4\" data-element_type=\"container\" data-e-type=\"container\">\n\t\t\t\t\t<div class=\"e-con-inner\">\n\t\t\t\t<div class=\"elementor-element elementor-element-5a42bdf5 elementor-widget elementor-widget-text-editor\" data-id=\"5a42bdf5\" data-element_type=\"widget\" data-e-type=\"widget\" data-widget_type=\"text-editor.default\">\n\t\t\t\t\t\t\t\t\t<h6><strong>Instalaci\u00f3n de m\u00f3dulos PrestaShop<br \/>Instalaci\u00f3n del m\u00f3dulo de WordPress<\/strong><\/h6>\u00a1No pierda tiempo configur\u00e1ndolo usted mismo! Profesional <strong>instalaci\u00f3n del m\u00f3dulo<\/strong> es la soluci\u00f3n ideal para las tiendas basadas en <a href=\"https:\/\/www.prestashop.com\/\" title=\"PrestaShop\" target=\"_blank\" rel=\"noopener\">PrestaShop<\/a> i <a href=\"https:\/\/woocommerce.com\/\" title=\"WordPress WooCommerce\" target=\"_blank\" rel=\"noopener\">WordPress WooCommerce<\/a>. Ofrecemos una configuraci\u00f3n completa, pruebas y verificaci\u00f3n de compatibilidad para que su tienda funcione a la perfecci\u00f3n. Garantizamos la seguridad y la ausencia de conflictos con otros m\u00f3dulos, incluso para soluciones avanzadas como <a href=\"https:\/\/iarina029.supserv.cozmoslabs.com\/es\/product\/woocommerce-descuentos-avanzados\/\" title=\"M\u00f3dulos de descuento\">m\u00f3dulos de descuento<\/a> o <a href=\"https:\/\/iarina029.supserv.cozmoslabs.com\/es\/product\/banner-prestashop\/\" title=\"Banners PrestaShop\">Banners PrestaShop<\/a>. Conc\u00e9ntrese en el desarrollo del negocio y nosotros nos ocuparemos del resto.<br \/><br \/><strong>\u00bfQu\u00e9 ganas?<\/strong><br \/>\u2705 Instalaci\u00f3n r\u00e1pida y sin fallos: su m\u00f3dulo estar\u00e1 en funcionamiento en un abrir y cerrar de ojos.<br \/>\u2705 Configuraci\u00f3n completa: adaptaremos la configuraci\u00f3n del m\u00f3dulo a sus necesidades.<br \/>\u2705 Pruebas y verificaci\u00f3n: comprobaremos que todo funciona como debe.<br \/>\u2705 Seguridad y compatibilidad: nos aseguraremos de que el m\u00f3dulo no cause conflictos en su tienda.<br \/><br \/><strong>\u00bfC\u00f3mo funciona?<\/strong><br \/>1\ufe0f\u20e3 Usted elige un servicio y nos env\u00eda el m\u00f3dulo.<br \/>2\ufe0f\u20e3 Se lo instalamos en su tienda.<br \/>3\ufe0f\u20e3 Configuramos y comprobamos su correcto funcionamiento.<br \/>4\ufe0f\u20e3 \u00a1Hecho! Ya puedes disfrutar de tu nueva funcionalidad sin estr\u00e9s.\t\t\t\t\t\t\t\t<\/div>\n\t\t\t\t<div class=\"elementor-element elementor-element-051c866 elementor-widget elementor-widget-spacer\" data-id=\"051c866\" data-element_type=\"widget\" data-e-type=\"widget\" data-widget_type=\"spacer.default\">\n\t\t\t\t\t\t\t<div class=\"elementor-spacer\">\n\t\t\t<div class=\"elementor-spacer-inner\"><\/div>\n\t\t<\/div>\n\t\t\t\t\t\t<\/div>\n\t\t<div class=\"elementor-element elementor-element-9457359 e-con-full e-flex e-con e-child\" data-id=\"9457359\" data-element_type=\"container\" data-e-type=\"container\" data-settings=\"{&quot;background_background&quot;:&quot;classic&quot;}\">\n\t\t\t\t<div class=\"elementor-element elementor-element-c19d460 elementor-widget elementor-widget-text-editor\" data-id=\"c19d460\" data-element_type=\"widget\" data-e-type=\"widget\" data-widget_type=\"text-editor.default\">\n\t\t\t\t\t\t\t\t\t<h6 style=\"text-align: center;\">\u00a1Instala el m\u00f3dulo sin estr\u00e9s! \ud83d\udd27<\/h6><p style=\"text-align: center;\"><strong>No pierda tiempo<\/strong> sobre detalles t\u00e9cnicos - d\u00e9jelo <strong>especialistas<\/strong>\u00a1! Nos encargaremos de instalar el m\u00f3dulo en su tienda o sitio web para que funcione sin problemas y sin fallos.<\/p><p style=\"text-align: center;\"><a class=\"button simple\" href=\"https:\/\/iarina029.supserv.cozmoslabs.com\/es\/pongase-en-contacto-con\/\" title=\"P\u00f3ngase en contacto con nosotros hoy mismo para hablar de los detalles de la instalaci\u00f3n.\">P\u00f3ngase en contacto con nosotros hoy mismo para hablar de los detalles de la instalaci\u00f3n.<\/a><\/p><p style=\"text-align: center;\"><strong>C\u00e9ntrese en su negocio y nosotros nos ocuparemos del resto.<\/strong> <br \/>Instale un m\u00f3dulo que aumentar\u00e1 la funcionalidad de su sitio web, \u00a1sin complicaciones innecesarias!<\/p>\t\t\t\t\t\t\t\t<\/div>\n\t\t\t\t<\/div>\n\t\t\t\t<div class=\"elementor-element elementor-element-c3363be elementor-widget elementor-widget-spacer\" data-id=\"c3363be\" data-element_type=\"widget\" data-e-type=\"widget\" data-widget_type=\"spacer.default\">\n\t\t\t\t\t\t\t<div class=\"elementor-spacer\">\n\t\t\t<div class=\"elementor-spacer-inner\"><\/div>\n\t\t<\/div>\n\t\t\t\t\t\t<\/div>\n\t\t\t\t<div class=\"elementor-element elementor-element-0b263de elementor-widget elementor-widget-text-editor\" data-id=\"0b263de\" data-element_type=\"widget\" data-e-type=\"widget\" data-widget_type=\"text-editor.default\">\n\t\t\t\t\t\t\t\t\t<p>\u26a0\ufe0f NOTA: Si compras un m\u00f3dulo en nuestra tienda, \u00a1la instalaci\u00f3n es totalmente gratuita! \ud83c\udf89<br \/>No te arriesgues a tener problemas t\u00e9cnicos: \u00a1deja la instalaci\u00f3n en manos de profesionales y c\u00e9ntrate en hacer crecer tu negocio! \ud83d\uded2\ud83d\udcbc<br \/><br \/><strong>\ud83d\udca1 \u00a1P\u00eddelo ahora y deja que lo hagamos por ti!<\/strong><\/p>\t\t\t\t\t\t\t\t<\/div>\n\t\t\t\t\t<\/div>\n\t\t\t\t<\/div>\n\t\t\t\t<\/div>","protected":false},"excerpt":{"rendered":"Instalacja Modu\u0142u Presta Shop Instalacja Modu\u0142u Word Press Nie tra\u0107 czasu na samodzieln\u0105 konfiguracj\u0119! Profesjonalna instalacja modu\u0142u to idealne rozwi\u0105zanie dla sklep\u00f3w opartych na Presta Shop i Word Press Woo","protected":false},"featured_media":2774,"comment_status":"open","ping_status":"closed","template":"","meta":{"powered_cache_disable_cache":false,"powered_cache_disable_css_optimization":false,"powered_cache_disable_js_optimization":false},"product_brand":[275],"product_cat":[129],"product_tag":[263,264,244,198],"class_list":{"0":"post-2677","1":"product","2":"type-product","3":"status-publish","4":"has-post-thumbnail","6":"product_brand-cocos","7":"product_cat-uslugi","8":"product_tag-instalacja-modulu","9":"product_tag-instalacja-wtyczki","10":"product_tag-prestashop","11":"product_tag-wordpress","13":"first","14":"instock","15":"featured","16":"taxable","17":"shipping-taxable","18":"purchasable","19":"product-type-simple"},"_links":{"self":[{"href":"https:\/\/iarina029.supserv.cozmoslabs.com\/es\/wp-json\/wp\/v2\/product\/2677","targetHints":{"allow":["GET"]}}],"collection":[{"href":"https:\/\/iarina029.supserv.cozmoslabs.com\/es\/wp-json\/wp\/v2\/product"}],"about":[{"href":"https:\/\/iarina029.supserv.cozmoslabs.com\/es\/wp-json\/wp\/v2\/types\/product"}],"replies":[{"embeddable":true,"href":"https:\/\/iarina029.supserv.cozmoslabs.com\/es\/wp-json\/wp\/v2\/comments?post=2677"}],"version-history":[{"count":0,"href":"https:\/\/iarina029.supserv.cozmoslabs.com\/es\/wp-json\/wp\/v2\/product\/2677\/revisions"}],"wp:featuredmedia":[{"embeddable":true,"href":"https:\/\/iarina029.supserv.cozmoslabs.com\/es\/wp-json\/wp\/v2\/media\/2774"}],"wp:attachment":[{"href":"https:\/\/iarina029.supserv.cozmoslabs.com\/es\/wp-json\/wp\/v2\/media?parent=2677"}],"wp:term":[{"taxonomy":"product_brand","embeddable":true,"href":"https:\/\/iarina029.supserv.cozmoslabs.com\/es\/wp-json\/wp\/v2\/product_brand?post=2677"},{"taxonomy":"product_cat","embeddable":true,"href":"https:\/\/iarina029.supserv.cozmoslabs.com\/es\/wp-json\/wp\/v2\/product_cat?post=2677"},{"taxonomy":"product_tag","embeddable":true,"href":"https:\/\/iarina029.supserv.cozmoslabs.com\/es\/wp-json\/wp\/v2\/product_tag?post=2677"}],"curies":[{"name":"wp","href":"https:\/\/api.w.org\/{rel}","templated":true}]}}