{"id":2642,"date":"2025-02-26T16:16:07","date_gmt":"2025-02-26T15:16:07","guid":{"rendered":"https:\/\/cocos.codes\/?post_type=product&#038;p=2642"},"modified":"2026-04-09T19:38:50","modified_gmt":"2026-04-09T17:38:50","slug":"tienda-coco-growth","status":"publish","type":"product","link":"https:\/\/iarina029.supserv.cozmoslabs.com\/es\/product\/tienda-coco-growth\/","title":{"rendered":"Tienda Coco Crecimiento - lleva tu negocio al siguiente nivel \ud83d\udcc8"},"content":{"rendered":"<div data-elementor-type=\"wp-post\" data-elementor-id=\"2642\" class=\"elementor elementor-2642\">\n\t\t\t\t<div class=\"elementor-element elementor-element-6936fb58 e-flex e-con-boxed e-con e-parent\" data-id=\"6936fb58\" data-element_type=\"container\" data-e-type=\"container\">\n\t\t\t\t\t<div class=\"e-con-inner\">\n\t\t\t\t<div class=\"elementor-element elementor-element-27cb2f13 elementor-widget elementor-widget-text-editor\" data-id=\"27cb2f13\" data-element_type=\"widget\" data-e-type=\"widget\" data-widget_type=\"text-editor.default\">\n\t\t\t\t\t\t\t\t\t<h6><strong>Tienda online profesional - desarrolle su negocio online<br \/><\/strong><\/h6>\u00bfQuiere llevar su comercio electr\u00f3nico al siguiente nivel? <strong>Tienda en l\u00ednea profesional<\/strong> es una soluci\u00f3n completa para empresarios ambiciosos. Ofrecemos una tienda basada en <a href=\"https:\/\/woocommerce.com\/\" title=\"WordPress WooCommerce\" target=\"_blank\" rel=\"noopener\">WordPress WooCommerce<\/a> o <a href=\"https:\/\/www.prestashop.com\/\" title=\"PrestaShop\" target=\"_blank\" rel=\"noopener\">PrestaShop<\/a>con una plantilla gr\u00e1fica individual y avanzada adaptada a su marca. Proporcionamos la integraci\u00f3n completa de los pagos (PayPal, Stripe, Przelewy24) y el env\u00edo de mensajer\u00eda (DPD, InPost). El paquete incluye <a href=\"https:\/\/iarina029.supserv.cozmoslabs.com\/es\/product\/cocos_vps-servidor-super-rapido-y-potente-para-usuarios-exigentes\/\" title=\"Servidor VPS\">Servidor VPS<\/a> y 3 m\u00f3dulos COCOS para aumentar la funcionalidad de la tienda. Adem\u00e1s, ofrecemos consultas 1:1, formaci\u00f3n en marketing online y 3 meses de soporte t\u00e9cnico. Nos encargamos de las integraciones de marketing y la optimizaci\u00f3n SEO para que puedas centrarte en aumentar tus ventas.<br \/><br \/><h6><strong>Qu\u00e9 contiene:<\/strong><\/h6><ul><li>Compre en la plataforma de su elecci\u00f3n (<strong>WordPress<\/strong> z <strong>WooCommerce<\/strong> o <strong>PrestaShop<\/strong>).<\/li><li><strong>Avanzado<\/strong> plantilla gr\u00e1fica (personalizaci\u00f3n: colores, maquetaci\u00f3n, secciones, integraci\u00f3n con su marca).<\/li><li><strong>Integraci\u00f3n del pago y la entrega<\/strong> (para el mercado polaco: PayPal, Stripe, Przelewy24, integraci\u00f3n con empresas de mensajer\u00eda: DPD, InPost; para el mercado mundial: PayPal, Stripe, integraci\u00f3n con empresas de mensajer\u00eda: UPS, FedEx).<\/li><li><strong>3 m\u00f3dulos<\/strong> de <strong>COCOS.<\/strong> incluido.<\/li><li>M\u00f3dulo de gesti\u00f3n de productos (para <strong>200 productos<\/strong> cargado por nosotros en el momento del lanzamiento).<\/li><li>Asesoramiento 1:1 sobre la elecci\u00f3n de la plataforma y la estrategia de ventas (<strong>1 hora<\/strong> con un experto).<\/li><li>Formaci\u00f3n en l\u00ednea: conceptos b\u00e1sicos de gesti\u00f3n de tiendas y marketing (<strong>2 horas<\/strong> con un experto).<\/li><li>Asistencia t\u00e9cnica de <strong>3 meses<\/strong> (correo electr\u00f3nico y tel\u00e9fono, <strong>prioridad<\/strong> enmiendas).<\/li><li>Servidor <strong><a href=\"https:\/\/iarina029.supserv.cozmoslabs.com\/es\/product\/cocos_vps-servidor-super-rapido-y-potente-para-usuarios-exigentes\/\" title=\"Servidor VPS\">COCOS_VPS \ud83d\udd17<\/a> <\/strong>- una base fiable para su tienda en l\u00ednea.<\/li><li>Cualquier <strong>dominio<\/strong> incluido en el precio del servicio (por ejemplo, .pl, .com) - \u00a1registro o transferencia durante un a\u00f1o incluido en el paquete!<\/li><\/ul><br \/><h6><strong>Extras:<\/strong><\/h6><ol><li><div><strong>Integraci\u00f3n<\/strong> con herramientas de marketing (por ejemplo, Google Analytics, Mailchimp, Facebook Pixel).<\/div><\/li><li><div><strong>Autom\u00e1tico<\/strong> notificaciones por correo electr\u00f3nico (por ejemplo, confirmaci\u00f3n de pedido, recordatorio de un carrito de la compra abandonado).<\/div><\/li><li><div>Integraci\u00f3n con <strong>Cloudflare<\/strong> (configuraci\u00f3n de CDN para una carga m\u00e1s r\u00e1pida de las p\u00e1ginas, protecci\u00f3n DDoS y optimizaci\u00f3n del rendimiento).<\/div><\/li><li><div>An\u00e1lisis de la competencia (informe sobre <strong>2<\/strong> competidores seleccionados).<\/div><\/li><li><div><strong>B\u00e1sico<\/strong> Optimizaci\u00f3n SEO (palabras clave, metaetiquetas, estructura de URL).<\/div><\/li><li><div>Posicionamiento por <strong>3 meses<\/strong> (actividades de optimizaci\u00f3n y SEO para mejorar la visibilidad en los motores de b\u00fasqueda).<\/div><\/li><li><div><strong>Optimizaci\u00f3n<\/strong> velocidades de carga<\/div><\/li><li><div><strong>Integraci\u00f3n<\/strong> con un canal de ventas (por ejemplo, Allegro, Etsy o Facebook Shop).<\/div><\/li><li><div><strong>B\u00e1sico<\/strong> Campa\u00f1a de Google Ads (configuraci\u00f3n y optimizaci\u00f3n de anuncios con un valor de <strong>100$<\/strong> incluido en el precio).<\/div><\/li><li><div><strong>Sistema de recomendaciones<\/strong> productos en la p\u00e1gina (por ejemplo, \"Los clientes tambi\u00e9n compraron\" - versi\u00f3n b\u00e1sica basada en categor\u00edas).<\/div><\/li><li><div><strong>Chatbot<\/strong> para el servicio de atenci\u00f3n al cliente (una versi\u00f3n sencilla con respuestas preparadas a preguntas habituales, por ejemplo, sobre env\u00edos o devoluciones).<\/div><\/li><\/ol>\t\t\t\t\t\t\t\t<\/div>\n\t\t\t\t<div class=\"elementor-element elementor-element-1f214e3 elementor-widget elementor-widget-text-editor\" data-id=\"1f214e3\" data-element_type=\"widget\" data-e-type=\"widget\" data-widget_type=\"text-editor.default\">\n\t\t\t\t\t\t\t\t\t<p><div class=\"pls-block pls-block-3027\">\t\t<div data-elementor-type=\"wp-post\" data-elementor-id=\"3027\" class=\"elementor elementor-3027\">\n\t\t\t\t<div class=\"elementor-element elementor-element-0797111 e-flex e-con-boxed e-con e-parent\" data-id=\"0797111\" data-element_type=\"container\" data-e-type=\"container\" data-settings=\"{&quot;background_background&quot;:&quot;classic&quot;}\">\n\t\t\t\t\t<div class=\"e-con-inner\">\n\t\t\t\t<div class=\"elementor-element elementor-element-8c9b906 elementor-widget elementor-widget-text-editor\" data-id=\"8c9b906\" data-element_type=\"widget\" data-e-type=\"widget\" data-widget_type=\"text-editor.default\">\n\t\t\t\t\t\t\t\t\t<h6 style=\"text-align: center;\">Preparado para empezar a vender por internet? \ud83d\ude80<\/h6><p style=\"text-align: center;\">Realice su <strong>sue\u00f1os<\/strong> sobre su propia tienda en l\u00ednea Tanto si acaba de empezar como si ya dirige una <strong>Empresas<\/strong> - nuestra plataforma le ayudar\u00e1 a conseguir <strong>\u00e9xito<\/strong> en l\u00ednea.<\/p><p style=\"text-align: center;\"><a class=\"button simple\" href=\"https:\/\/iarina029.supserv.cozmoslabs.com\/es\/pongase-en-contacto-con\/\" title=\"P\u00f3ngase en contacto con nosotros hoy mismo para hablar de los detalles.\">P\u00f3ngase en contacto con nosotros hoy mismo para hablar de los detalles.<\/a><\/p><p style=\"text-align: center;\">Construya su tienda de forma sencilla Visite <strong>taller profesional<\/strong>que es <strong>r\u00e1pido<\/strong>, <strong>seguro<\/strong> \u00a1y listo para la acci\u00f3n!<\/p>\t\t\t\t\t\t\t\t<\/div>\n\t\t\t\t\t<\/div>\n\t\t\t\t<\/div>\n\t\t\t\t<\/div>\n\t\t<\/div><\/p>\t\t\t\t\t\t\t\t<\/div>\n\t\t\t\t<div class=\"elementor-element elementor-element-976697c elementor-widget elementor-widget-text-editor\" data-id=\"976697c\" data-element_type=\"widget\" data-e-type=\"widget\" data-widget_type=\"text-editor.default\">\n\t\t\t\t\t\t\t\t\t<p><div class=\"pls-block pls-block-3017\">\t\t<div data-elementor-type=\"wp-post\" data-elementor-id=\"3017\" class=\"elementor elementor-3017\">\n\t\t\t\t<div class=\"elementor-element elementor-element-e354b0c e-con-full e-flex e-con e-parent\" data-id=\"e354b0c\" data-element_type=\"container\" data-e-type=\"container\">\n\t\t<div class=\"elementor-element elementor-element-04f7f32 e-con-full e-flex e-con e-child\" data-id=\"04f7f32\" data-element_type=\"container\" data-e-type=\"container\">\n\t\t\t\t<div class=\"elementor-element elementor-element-69b4e93 elementor-widget elementor-widget-heading\" data-id=\"69b4e93\" data-element_type=\"widget\" data-e-type=\"widget\" data-widget_type=\"heading.default\">\n\t\t\t\t\t<h6 class=\"elementor-heading-title elementor-size-default\">Etapas de aplicaci\u00f3n:<\/h6>\t\t\t\t<\/div>\n\t\t\t\t<div class=\"elementor-element elementor-element-3458f08 elementor-widget elementor-widget-text-editor\" data-id=\"3458f08\" data-element_type=\"widget\" data-e-type=\"widget\" data-widget_type=\"text-editor.default\">\n\t\t\t\t\t\t\t\t\tCon a\u00f1os de experiencia en el mercado en l\u00ednea, hemos desarrollado un proceso que garantiza una ejecuci\u00f3n fluida, segura y eficaz de su proyecto. Cada paso se afina para que usted pueda estar tranquilo y su visi\u00f3n se haga realidad.\t\t\t\t\t\t\t\t<\/div>\n\t\t\t\t<\/div>\n\t\t\t\t<\/div>\n\t\t<div class=\"elementor-element elementor-element-2d1d6f1 e-con-full e-flex e-con e-parent\" data-id=\"2d1d6f1\" data-element_type=\"container\" data-e-type=\"container\">\n\t\t<div class=\"elementor-element elementor-element-191de34 e-con-full e-flex e-con e-child\" data-id=\"191de34\" data-element_type=\"container\" data-e-type=\"container\">\n\t\t\t\t<div class=\"elementor-element elementor-element-1a92225 elementor-widget elementor-widget-heading\" data-id=\"1a92225\" data-element_type=\"widget\" data-e-type=\"widget\" data-widget_type=\"heading.default\">\n\t\t\t\t\t<h5 class=\"elementor-heading-title elementor-size-default\">Etapa 1 \ud83d\udccb <\/h5>\t\t\t\t<\/div>\n\t\t\t\t<div class=\"elementor-element elementor-element-0fbc5c1 elementor-widget elementor-widget-heading\" data-id=\"0fbc5c1\" data-element_type=\"widget\" data-e-type=\"widget\" data-widget_type=\"heading.default\">\n\t\t\t\t\t<h6 class=\"elementor-heading-title elementor-size-default\">Comprender sus necesidades<\/h6>\t\t\t\t<\/div>\n\t\t\t\t<div class=\"elementor-element elementor-element-eae8a3f elementor-widget elementor-widget-text-editor\" data-id=\"eae8a3f\" data-element_type=\"widget\" data-e-type=\"widget\" data-widget_type=\"text-editor.default\">\n\t\t\t\t\t\t\t\t\tPara empezar, le enviamos <strong>dedicado<\/strong> que permite recopilar todos los <strong>clave<\/strong> informaci\u00f3n sobre su proyecto. Todo ello con el fin de reunir los datos necesarios desde el principio y tener pleno control sobre el <strong>cada detalle<\/strong>.\t\t\t\t\t\t\t\t<\/div>\n\t\t\t\t<\/div>\n\t\t<div class=\"elementor-element elementor-element-7055cf2 e-con-full e-flex e-con e-child\" data-id=\"7055cf2\" data-element_type=\"container\" data-e-type=\"container\">\n\t\t\t\t<div class=\"elementor-element elementor-element-fb4d28c elementor-widget elementor-widget-heading\" data-id=\"fb4d28c\" data-element_type=\"widget\" data-e-type=\"widget\" data-widget_type=\"heading.default\">\n\t\t\t\t\t<h5 class=\"elementor-heading-title elementor-size-default\">Etapa 2 \u270d\ufe0f<\/h5>\t\t\t\t<\/div>\n\t\t\t\t<div class=\"elementor-element elementor-element-c277da9 elementor-widget elementor-widget-heading\" data-id=\"c277da9\" data-element_type=\"widget\" data-e-type=\"widget\" data-widget_type=\"heading.default\">\n\t\t\t\t\t<h6 class=\"elementor-heading-title elementor-size-default\">Tr\u00e1mites transparentes<\/h6>\t\t\t\t<\/div>\n\t\t\t\t<div class=\"elementor-element elementor-element-ba5a1b0 elementor-widget__width-initial elementor-widget elementor-widget-text-editor\" data-id=\"ba5a1b0\" data-element_type=\"widget\" data-e-type=\"widget\" data-widget_type=\"text-editor.default\">\n\t\t\t\t\t\t\t\t\t<p data-start=\"630\" data-end=\"883\">Nos aseguraremos de que los tr\u00e1mites se <strong>simple<\/strong> i <strong>borrar<\/strong>. Preparamos el contrato y emitimos una factura anticipada por el <strong>30%<\/strong> valor del proyecto, para que podamos centrarnos plenamente en la ejecuci\u00f3n, seguros de que ambas partes est\u00e1n <strong>listo<\/strong> para la acci\u00f3n.<\/p>\t\t\t\t\t\t\t\t<\/div>\n\t\t\t\t<\/div>\n\t\t<div class=\"elementor-element elementor-element-0946d8e e-con-full e-flex e-con e-child\" data-id=\"0946d8e\" data-element_type=\"container\" data-e-type=\"container\">\n\t\t\t\t<div class=\"elementor-element elementor-element-520a4bc elementor-widget elementor-widget-heading\" data-id=\"520a4bc\" data-element_type=\"widget\" data-e-type=\"widget\" data-widget_type=\"heading.default\">\n\t\t\t\t\t<h5 class=\"elementor-heading-title elementor-size-default\">Fase 3 <strong>\ud83c\udfa8<\/strong><\/h5>\t\t\t\t<\/div>\n\t\t\t\t<div class=\"elementor-element elementor-element-98f8e78 elementor-widget elementor-widget-heading\" data-id=\"98f8e78\" data-element_type=\"widget\" data-e-type=\"widget\" data-widget_type=\"heading.default\">\n\t\t\t\t\t<h6 class=\"elementor-heading-title elementor-size-default\"><div data-id=\"616e8fc\" data-element_type=\"widget\" data-widget_type=\"heading.default\" style=\"--order: initial;--align-self: initial;gap: var(--row-gap) var(--column-gap);--widgets-spacing: 20px 20px;--widgets-spacing-row: 20px;--widgets-spacing-column: 20px;--kit-widget-spacing: 0px;max-width: 100%;font-size: 18px;font-weight: 400;text-transform: none\"><div style=\"height: 60px\"><h6>Creaci\u00f3n y aplicaci\u00f3n<span><\/span><\/h6><\/div><\/div><\/h6>\t\t\t\t<\/div>\n\t\t\t\t<div class=\"elementor-element elementor-element-23cb1bd elementor-widget elementor-widget-text-editor\" data-id=\"23cb1bd\" data-element_type=\"widget\" data-e-type=\"widget\" data-widget_type=\"text-editor.default\">\n\t\t\t\t\t\t\t\t\tAhora empezamos la verdadera <strong>magia<\/strong>\u00a1! Nuestro <strong>dise\u00f1adores<\/strong> i <strong>programadores<\/strong> crear su proyecto seg\u00fan lo acordado. Cada <strong>detalle<\/strong>Cada l\u00ednea de c\u00f3digo, cada imagen, todo est\u00e1 adaptado a las necesidades de la empresa. <strong>Sus expectativas<\/strong>para crear una soluci\u00f3n que sea a la vez funcional y <strong>\u00fanico<\/strong>.\t\t\t\t\t\t\t\t<\/div>\n\t\t\t\t<\/div>\n\t\t<div class=\"elementor-element elementor-element-8dbf386 e-con-full e-flex e-con e-child\" data-id=\"8dbf386\" data-element_type=\"container\" data-e-type=\"container\">\n\t\t\t\t<div class=\"elementor-element elementor-element-0cfd314 elementor-widget elementor-widget-heading\" data-id=\"0cfd314\" data-element_type=\"widget\" data-e-type=\"widget\" data-widget_type=\"heading.default\">\n\t\t\t\t\t<h5 class=\"elementor-heading-title elementor-size-default\">Fase 4 <strong>\u2705<\/strong><\/h5>\t\t\t\t<\/div>\n\t\t\t\t<div class=\"elementor-element elementor-element-371b916 elementor-widget elementor-widget-heading\" data-id=\"371b916\" data-element_type=\"widget\" data-e-type=\"widget\" data-widget_type=\"heading.default\">\n\t\t\t\t\t<h6 class=\"elementor-heading-title elementor-size-default\">Finalizaci\u00f3n y aceptaci\u00f3n del proyecto<\/h6>\t\t\t\t<\/div>\n\t\t\t\t<div class=\"elementor-element elementor-element-a350a73 elementor-widget elementor-widget-text-editor\" data-id=\"a350a73\" data-element_type=\"widget\" data-e-type=\"widget\" data-widget_type=\"text-editor.default\">\n\t\t\t\t\t\t\t\t\tEl \u00faltimo paso es perfeccionar el dise\u00f1o para <strong>perfecci\u00f3n<\/strong>. Hacemos ajustes, llevamos a cabo <strong>pruebas<\/strong> y ultimar todas las cuestiones t\u00e9cnicas y formales, incluida la liquidaci\u00f3n de la factura final y <strong>detallado<\/strong> comprobar el funcionamiento del proyecto para que sea plenamente <strong>listo para su uso<\/strong>.\t\t\t\t\t\t\t\t<\/div>\n\t\t\t\t<\/div>\n\t\t\t\t<\/div>\n\t\t\t\t<\/div>\n\t\t<\/div><\/p>\t\t\t\t\t\t\t\t<\/div>\n\t\t\t\t<div class=\"elementor-element elementor-element-6cdfd5e elementor-widget elementor-widget-text-editor\" data-id=\"6cdfd5e\" data-element_type=\"widget\" data-e-type=\"widget\" data-widget_type=\"text-editor.default\">\n\t\t\t\t\t\t\t\t\t<p><strong>Atenci\u00f3n<\/strong>: El paquete presentado es s\u00f3lo un punto de partida - <strong>verificado<\/strong>, <strong>sobre todo<\/strong> opciones seleccionadas, que a lo largo de los a\u00f1os han ganado <strong>conf\u00ede en<\/strong> de nuestros clientes. Sin embargo, su proyecto merece algo m\u00e1s que lo est\u00e1ndar. Por eso abrimos la puerta a conversaciones individuales: \u00bfespecificaciones y precio? Los adaptaremos a sus necesidades particulares.<br \/>\ud83d\udca1Cada negocio tiene una historia, y nos encanta crear ofertas con <strong>car\u00e1cter<\/strong>. <strong><a href=\"https:\/\/iarina029.supserv.cozmoslabs.com\/es\/pongase-en-contacto-con\/\" title=\"P\u00f3ngase en contacto con nosotros hoy mismo para hablar de los detalles.\">P\u00f3ngase en contacto con nosotros <\/a><a href=\"https:\/\/iarina029.supserv.cozmoslabs.com\/es\/product\/cocos_vps-servidor-super-rapido-y-potente-para-usuarios-exigentes\/\" title=\"Servidor VPS\">\ud83d\udd17<\/a><\/strong>y juntos daremos con una soluci\u00f3n que no s\u00f3lo satisfaga sus expectativas, sino que le diferencie en el mercado. Hablemos del coste final de su tienda online y de las opciones que le permitir\u00e1n ganar <strong>ventaja<\/strong>!<\/p>\t\t\t\t\t\t\t\t<\/div>\n\t\t\t\t\t<\/div>\n\t\t\t\t<\/div>\n\t\t\t\t<\/div>","protected":false},"excerpt":{"rendered":"Profesjonalny sklep internetowy \u2013 rozwi\u0144 sw\u00f3j biznes online Chcesz przenie\u015b\u0107 sw\u00f3j e-commerce na wy\u017cszy poziom? Profesjonalny sklep internetowy to kompleksowe rozwi\u0105zanie dla ambitnych przedsi\u0119biorc\u00f3w. Oferujemy sklep oparty na Word Press","protected":false},"featured_media":3286,"comment_status":"open","ping_status":"closed","template":"","meta":{"powered_cache_disable_cache":false,"powered_cache_disable_css_optimization":false,"powered_cache_disable_js_optimization":false},"product_brand":[275],"product_cat":[130],"product_tag":[244,266,198],"class_list":{"0":"post-2642","1":"product","2":"type-product","3":"status-publish","4":"has-post-thumbnail","6":"product_brand-cocos","7":"product_cat-indywidualne-sklepy","8":"product_tag-prestashop","9":"product_tag-profesjonalny-sklep-internetowy","10":"product_tag-wordpress","12":"first","13":"instock","14":"sale","15":"featured","16":"taxable","17":"shipping-taxable","18":"purchasable","19":"product-type-simple"},"_links":{"self":[{"href":"https:\/\/iarina029.supserv.cozmoslabs.com\/es\/wp-json\/wp\/v2\/product\/2642","targetHints":{"allow":["GET"]}}],"collection":[{"href":"https:\/\/iarina029.supserv.cozmoslabs.com\/es\/wp-json\/wp\/v2\/product"}],"about":[{"href":"https:\/\/iarina029.supserv.cozmoslabs.com\/es\/wp-json\/wp\/v2\/types\/product"}],"replies":[{"embeddable":true,"href":"https:\/\/iarina029.supserv.cozmoslabs.com\/es\/wp-json\/wp\/v2\/comments?post=2642"}],"version-history":[{"count":0,"href":"https:\/\/iarina029.supserv.cozmoslabs.com\/es\/wp-json\/wp\/v2\/product\/2642\/revisions"}],"wp:featuredmedia":[{"embeddable":true,"href":"https:\/\/iarina029.supserv.cozmoslabs.com\/es\/wp-json\/wp\/v2\/media\/3286"}],"wp:attachment":[{"href":"https:\/\/iarina029.supserv.cozmoslabs.com\/es\/wp-json\/wp\/v2\/media?parent=2642"}],"wp:term":[{"taxonomy":"product_brand","embeddable":true,"href":"https:\/\/iarina029.supserv.cozmoslabs.com\/es\/wp-json\/wp\/v2\/product_brand?post=2642"},{"taxonomy":"product_cat","embeddable":true,"href":"https:\/\/iarina029.supserv.cozmoslabs.com\/es\/wp-json\/wp\/v2\/product_cat?post=2642"},{"taxonomy":"product_tag","embeddable":true,"href":"https:\/\/iarina029.supserv.cozmoslabs.com\/es\/wp-json\/wp\/v2\/product_tag?post=2642"}],"curies":[{"name":"wp","href":"https:\/\/api.w.org\/{rel}","templated":true}]}}