{"id":2640,"date":"2025-02-26T16:11:32","date_gmt":"2025-02-26T15:11:32","guid":{"rendered":"https:\/\/cocos.codes\/?post_type=product&#038;p=2640"},"modified":"2025-12-12T00:09:10","modified_gmt":"2025-12-11T23:09:10","slug":"tienda-coco-base","status":"publish","type":"product","link":"https:\/\/iarina029.supserv.cozmoslabs.com\/es\/product\/tienda-coco-base\/","title":{"rendered":"Tienda Coco Base: su entrada al mundo del comercio electr\u00f3nico \ud83c\udf9f\ufe0f"},"content":{"rendered":"<div data-elementor-type=\"wp-post\" data-elementor-id=\"2640\" class=\"elementor elementor-2640\">\n\t\t\t\t<div class=\"elementor-element elementor-element-384c65c7 e-flex e-con-boxed e-con e-parent\" data-id=\"384c65c7\" data-element_type=\"container\" data-e-type=\"container\">\n\t\t\t\t\t<div class=\"e-con-inner\">\n\t\t\t\t<div class=\"elementor-element elementor-element-5bba214a elementor-widget elementor-widget-text-editor\" data-id=\"5bba214a\" data-element_type=\"widget\" data-e-type=\"widget\" data-widget_type=\"text-editor.default\">\n\t\t\t\t\t\t\t\t\t<h6><strong>Tienda en l\u00ednea para empezar: su primer paso en el comercio electr\u00f3nico<br \/><\/strong><\/h6>\u00bfQuiere empezar a vender por Internet pero no sabe por d\u00f3nde empezar? <strong>Tienda en l\u00ednea para empezar<\/strong> es una soluci\u00f3n completa para los nuevos empresarios. Ofrecemos una tienda preparada basada en <a href=\"https:\/\/woocommerce.com\/\" title=\"WordPress WooCommerce\" target=\"_blank\" rel=\"noopener\">WordPress WooCommerce<\/a> o <a href=\"https:\/\/www.prestashop.com\/\" title=\"PrestaShop\" target=\"_blank\" rel=\"noopener\">PrestaShop<\/a>con una plantilla adaptable y una personalizaci\u00f3n b\u00e1sica de los colores. Proporcionamos la integraci\u00f3n completa de pago (PayPal, Przelewy24, Blik) y cargar hasta 50 productos por nuestros especialistas. El precio incluye <a href=\"https:\/\/iarina029.supserv.cozmoslabs.com\/es\/product\/cocos_vps-servidor-super-rapido-y-potente-para-usuarios-exigentes\/\" title=\"Servidor VPS\">Servidor VPS<\/a>1 m\u00f3dulo COCOS, consulta 1:1 con un experto y formaci\u00f3n en tienda online. Durante el primer mes, te garantizamos asistencia t\u00e9cnica, para que puedas centrarte en vender y nosotros nos ocupemos del resto.<br \/><br \/><h6><strong>Qu\u00e9 contiene:<\/strong><\/h6><ul><li>Compre en la plataforma de su elecci\u00f3n (<strong>WordPress <\/strong>z<strong> WooCommerce<\/strong> o <strong>PrestaShop<\/strong>).<\/li><li><strong>Respuesta<\/strong> plantilla gr\u00e1fica (dise\u00f1o moderno, color b\u00e1sico y personalizaci\u00f3n del logotipo).<\/li><li><strong>Integraci\u00f3n de pagos en l\u00ednea<\/strong> (para el mercado polaco: PayPal, transferencias bancarias, pagos r\u00e1pidos como Przelewy24, Blik; para el mercado global: PayPal, transferencias bancarias, Stripe).<\/li><li><strong>1 m\u00f3dulo<\/strong> de <strong>COCOS.<\/strong> incluido.<\/li><li>M\u00f3dulo de gesti\u00f3n de productos (para <strong>50 productos<\/strong> cargado por nosotros en el momento del lanzamiento).<\/li><li>Asesoramiento 1:1 sobre selecci\u00f3n y configuraci\u00f3n de plataformas (<strong>30 minutos<\/strong> con un experto).<\/li><li>Formaci\u00f3n en l\u00ednea: fundamentos de la tienda (<strong>1 hora<\/strong>).<\/li><li>Asistencia t\u00e9cnica de <strong>1 mes<\/strong> (correo electr\u00f3nico, modificaciones b\u00e1sicas).<\/li><li>Servidor <strong><a href=\"https:\/\/iarina029.supserv.cozmoslabs.com\/es\/product\/cocos_vps-servidor-super-rapido-y-potente-para-usuarios-exigentes\/\" title=\"Servidor VPS\">COCOS_VPS \ud83d\udd17<\/a><\/strong> - <strong>fiable<\/strong> la base de su tienda en l\u00ednea.<\/li><li>Cualquier <strong>dominio<\/strong> incluido en el precio del servicio (por ejemplo, .pl, .com) - \u00a1registro o transferencia durante un a\u00f1o incluido en el paquete!<\/li><\/ul><br \/><h6><strong>Extras:<\/strong><\/h6><ol><li><div><strong>Integraci\u00f3n<\/strong> con herramientas de marketing (por ejemplo, Google Analytics, Mailchimp, Facebook Pixel).<\/div><\/li><li><div><strong>Autom\u00e1tico<\/strong> notificaciones por correo electr\u00f3nico (por ejemplo, confirmaci\u00f3n de pedido, recordatorio sobre una cesta de la compra abandonada - versi\u00f3n b\u00e1sica).<\/div><\/li><\/ol>\t\t\t\t\t\t\t\t<\/div>\n\t\t\t\t<div class=\"elementor-element elementor-element-6771fff elementor-widget elementor-widget-text-editor\" data-id=\"6771fff\" data-element_type=\"widget\" data-e-type=\"widget\" data-widget_type=\"text-editor.default\">\n\t\t\t\t\t\t\t\t\t<p><div class=\"pls-block pls-block-3027\">\t\t<div data-elementor-type=\"wp-post\" data-elementor-id=\"3027\" class=\"elementor elementor-3027\">\n\t\t\t\t<div class=\"elementor-element elementor-element-0797111 e-flex e-con-boxed e-con e-parent\" data-id=\"0797111\" data-element_type=\"container\" data-e-type=\"container\" data-settings=\"{&quot;background_background&quot;:&quot;classic&quot;}\">\n\t\t\t\t\t<div class=\"e-con-inner\">\n\t\t\t\t<div class=\"elementor-element elementor-element-8c9b906 elementor-widget elementor-widget-text-editor\" data-id=\"8c9b906\" data-element_type=\"widget\" data-e-type=\"widget\" data-widget_type=\"text-editor.default\">\n\t\t\t\t\t\t\t\t\t<h6 style=\"text-align: center;\">Preparado para empezar a vender por internet? \ud83d\ude80<\/h6><p style=\"text-align: center;\">Realice su <strong>sue\u00f1os<\/strong> sobre su propia tienda en l\u00ednea Tanto si acaba de empezar como si ya dirige una <strong>Empresas<\/strong> - nuestra plataforma le ayudar\u00e1 a conseguir <strong>\u00e9xito<\/strong> en l\u00ednea.<\/p><p style=\"text-align: center;\"><a class=\"button simple\" href=\"https:\/\/iarina029.supserv.cozmoslabs.com\/es\/pongase-en-contacto-con\/\" title=\"P\u00f3ngase en contacto con nosotros hoy mismo para hablar de los detalles.\">P\u00f3ngase en contacto con nosotros hoy mismo para hablar de los detalles.<\/a><\/p><p style=\"text-align: center;\">Construya su tienda de forma sencilla Visite <strong>taller profesional<\/strong>que es <strong>r\u00e1pido<\/strong>, <strong>seguro<\/strong> \u00a1y listo para la acci\u00f3n!<\/p>\t\t\t\t\t\t\t\t<\/div>\n\t\t\t\t\t<\/div>\n\t\t\t\t<\/div>\n\t\t\t\t<\/div>\n\t\t<\/div><\/p>\t\t\t\t\t\t\t\t<\/div>\n\t\t\t\t<div class=\"elementor-element elementor-element-fe74d4d elementor-widget elementor-widget-text-editor\" data-id=\"fe74d4d\" data-element_type=\"widget\" data-e-type=\"widget\" data-widget_type=\"text-editor.default\">\n\t\t\t\t\t\t\t\t\t<p><div class=\"pls-block pls-block-3017\">\t\t<div data-elementor-type=\"wp-post\" data-elementor-id=\"3017\" class=\"elementor elementor-3017\">\n\t\t\t\t<div class=\"elementor-element elementor-element-e354b0c e-con-full e-flex e-con e-parent\" data-id=\"e354b0c\" data-element_type=\"container\" data-e-type=\"container\">\n\t\t<div class=\"elementor-element elementor-element-04f7f32 e-con-full e-flex e-con e-child\" data-id=\"04f7f32\" data-element_type=\"container\" data-e-type=\"container\">\n\t\t\t\t<div class=\"elementor-element elementor-element-69b4e93 elementor-widget elementor-widget-heading\" data-id=\"69b4e93\" data-element_type=\"widget\" data-e-type=\"widget\" data-widget_type=\"heading.default\">\n\t\t\t\t\t<h6 class=\"elementor-heading-title elementor-size-default\">Etapas de aplicaci\u00f3n:<\/h6>\t\t\t\t<\/div>\n\t\t\t\t<div class=\"elementor-element elementor-element-3458f08 elementor-widget elementor-widget-text-editor\" data-id=\"3458f08\" data-element_type=\"widget\" data-e-type=\"widget\" data-widget_type=\"text-editor.default\">\n\t\t\t\t\t\t\t\t\tCon a\u00f1os de experiencia en el mercado en l\u00ednea, hemos desarrollado un proceso que garantiza una ejecuci\u00f3n fluida, segura y eficaz de su proyecto. Cada paso se afina para que usted pueda estar tranquilo y su visi\u00f3n se haga realidad.\t\t\t\t\t\t\t\t<\/div>\n\t\t\t\t<\/div>\n\t\t\t\t<\/div>\n\t\t<div class=\"elementor-element elementor-element-2d1d6f1 e-con-full e-flex e-con e-parent\" data-id=\"2d1d6f1\" data-element_type=\"container\" data-e-type=\"container\">\n\t\t<div class=\"elementor-element elementor-element-191de34 e-con-full e-flex e-con e-child\" data-id=\"191de34\" data-element_type=\"container\" data-e-type=\"container\">\n\t\t\t\t<div class=\"elementor-element elementor-element-1a92225 elementor-widget elementor-widget-heading\" data-id=\"1a92225\" data-element_type=\"widget\" data-e-type=\"widget\" data-widget_type=\"heading.default\">\n\t\t\t\t\t<h5 class=\"elementor-heading-title elementor-size-default\">Etapa 1 \ud83d\udccb <\/h5>\t\t\t\t<\/div>\n\t\t\t\t<div class=\"elementor-element elementor-element-0fbc5c1 elementor-widget elementor-widget-heading\" data-id=\"0fbc5c1\" data-element_type=\"widget\" data-e-type=\"widget\" data-widget_type=\"heading.default\">\n\t\t\t\t\t<h6 class=\"elementor-heading-title elementor-size-default\">Comprender sus necesidades<\/h6>\t\t\t\t<\/div>\n\t\t\t\t<div class=\"elementor-element elementor-element-eae8a3f elementor-widget elementor-widget-text-editor\" data-id=\"eae8a3f\" data-element_type=\"widget\" data-e-type=\"widget\" data-widget_type=\"text-editor.default\">\n\t\t\t\t\t\t\t\t\tPara empezar, le enviamos <strong>dedicado<\/strong> que permite recopilar todos los <strong>clave<\/strong> informaci\u00f3n sobre su proyecto. Todo ello con el fin de reunir los datos necesarios desde el principio y tener pleno control sobre el <strong>cada detalle<\/strong>.\t\t\t\t\t\t\t\t<\/div>\n\t\t\t\t<\/div>\n\t\t<div class=\"elementor-element elementor-element-7055cf2 e-con-full e-flex e-con e-child\" data-id=\"7055cf2\" data-element_type=\"container\" data-e-type=\"container\">\n\t\t\t\t<div class=\"elementor-element elementor-element-fb4d28c elementor-widget elementor-widget-heading\" data-id=\"fb4d28c\" data-element_type=\"widget\" data-e-type=\"widget\" data-widget_type=\"heading.default\">\n\t\t\t\t\t<h5 class=\"elementor-heading-title elementor-size-default\">Etapa 2 \u270d\ufe0f<\/h5>\t\t\t\t<\/div>\n\t\t\t\t<div class=\"elementor-element elementor-element-c277da9 elementor-widget elementor-widget-heading\" data-id=\"c277da9\" data-element_type=\"widget\" data-e-type=\"widget\" data-widget_type=\"heading.default\">\n\t\t\t\t\t<h6 class=\"elementor-heading-title elementor-size-default\">Tr\u00e1mites transparentes<\/h6>\t\t\t\t<\/div>\n\t\t\t\t<div class=\"elementor-element elementor-element-ba5a1b0 elementor-widget__width-initial elementor-widget elementor-widget-text-editor\" data-id=\"ba5a1b0\" data-element_type=\"widget\" data-e-type=\"widget\" data-widget_type=\"text-editor.default\">\n\t\t\t\t\t\t\t\t\t<p data-start=\"630\" data-end=\"883\">Nos aseguraremos de que los tr\u00e1mites se <strong>simple<\/strong> i <strong>borrar<\/strong>. Preparamos el contrato y emitimos una factura anticipada por el <strong>30%<\/strong> valor del proyecto, para que podamos centrarnos plenamente en la ejecuci\u00f3n, seguros de que ambas partes est\u00e1n <strong>listo<\/strong> para la acci\u00f3n.<\/p>\t\t\t\t\t\t\t\t<\/div>\n\t\t\t\t<\/div>\n\t\t<div class=\"elementor-element elementor-element-0946d8e e-con-full e-flex e-con e-child\" data-id=\"0946d8e\" data-element_type=\"container\" data-e-type=\"container\">\n\t\t\t\t<div class=\"elementor-element elementor-element-520a4bc elementor-widget elementor-widget-heading\" data-id=\"520a4bc\" data-element_type=\"widget\" data-e-type=\"widget\" data-widget_type=\"heading.default\">\n\t\t\t\t\t<h5 class=\"elementor-heading-title elementor-size-default\">Fase 3 <strong>\ud83c\udfa8<\/strong><\/h5>\t\t\t\t<\/div>\n\t\t\t\t<div class=\"elementor-element elementor-element-98f8e78 elementor-widget elementor-widget-heading\" data-id=\"98f8e78\" data-element_type=\"widget\" data-e-type=\"widget\" data-widget_type=\"heading.default\">\n\t\t\t\t\t<h6 class=\"elementor-heading-title elementor-size-default\"><div data-id=\"616e8fc\" data-element_type=\"widget\" data-widget_type=\"heading.default\" style=\"--order: initial;--align-self: initial;gap: var(--row-gap) var(--column-gap);--widgets-spacing: 20px 20px;--widgets-spacing-row: 20px;--widgets-spacing-column: 20px;--kit-widget-spacing: 0px;max-width: 100%;font-size: 18px;font-weight: 400;text-transform: none\"><div style=\"height: 60px\"><h6>Creaci\u00f3n y aplicaci\u00f3n<span><\/span><\/h6><\/div><\/div><\/h6>\t\t\t\t<\/div>\n\t\t\t\t<div class=\"elementor-element elementor-element-23cb1bd elementor-widget elementor-widget-text-editor\" data-id=\"23cb1bd\" data-element_type=\"widget\" data-e-type=\"widget\" data-widget_type=\"text-editor.default\">\n\t\t\t\t\t\t\t\t\tAhora empezamos la verdadera <strong>magia<\/strong>\u00a1! Nuestro <strong>dise\u00f1adores<\/strong> i <strong>programadores<\/strong> crear su proyecto seg\u00fan lo acordado. Cada <strong>detalle<\/strong>Cada l\u00ednea de c\u00f3digo, cada imagen, todo est\u00e1 adaptado a las necesidades de la empresa. <strong>Sus expectativas<\/strong>para crear una soluci\u00f3n que sea a la vez funcional y <strong>\u00fanico<\/strong>.\t\t\t\t\t\t\t\t<\/div>\n\t\t\t\t<\/div>\n\t\t<div class=\"elementor-element elementor-element-8dbf386 e-con-full e-flex e-con e-child\" data-id=\"8dbf386\" data-element_type=\"container\" data-e-type=\"container\">\n\t\t\t\t<div class=\"elementor-element elementor-element-0cfd314 elementor-widget elementor-widget-heading\" data-id=\"0cfd314\" data-element_type=\"widget\" data-e-type=\"widget\" data-widget_type=\"heading.default\">\n\t\t\t\t\t<h5 class=\"elementor-heading-title elementor-size-default\">Fase 4 <strong>\u2705<\/strong><\/h5>\t\t\t\t<\/div>\n\t\t\t\t<div class=\"elementor-element elementor-element-371b916 elementor-widget elementor-widget-heading\" data-id=\"371b916\" data-element_type=\"widget\" data-e-type=\"widget\" data-widget_type=\"heading.default\">\n\t\t\t\t\t<h6 class=\"elementor-heading-title elementor-size-default\">Finalizaci\u00f3n y aceptaci\u00f3n del proyecto<\/h6>\t\t\t\t<\/div>\n\t\t\t\t<div class=\"elementor-element elementor-element-a350a73 elementor-widget elementor-widget-text-editor\" data-id=\"a350a73\" data-element_type=\"widget\" data-e-type=\"widget\" data-widget_type=\"text-editor.default\">\n\t\t\t\t\t\t\t\t\tEl \u00faltimo paso es perfeccionar el dise\u00f1o para <strong>perfecci\u00f3n<\/strong>. Hacemos ajustes, llevamos a cabo <strong>pruebas<\/strong> y ultimar todas las cuestiones t\u00e9cnicas y formales, incluida la liquidaci\u00f3n de la factura final y <strong>detallado<\/strong> comprobar el funcionamiento del proyecto para que sea plenamente <strong>listo para su uso<\/strong>.\t\t\t\t\t\t\t\t<\/div>\n\t\t\t\t<\/div>\n\t\t\t\t<\/div>\n\t\t\t\t<\/div>\n\t\t<\/div><\/p>\t\t\t\t\t\t\t\t<\/div>\n\t\t\t\t<div class=\"elementor-element elementor-element-fee010f elementor-widget elementor-widget-text-editor\" data-id=\"fee010f\" data-element_type=\"widget\" data-e-type=\"widget\" data-widget_type=\"text-editor.default\">\n\t\t\t\t\t\t\t\t\t<p><strong>Atenci\u00f3n<\/strong>: El paquete presentado es s\u00f3lo un punto de partida - <strong>verificado<\/strong>, <strong>sobre todo<\/strong> opciones seleccionadas, que a lo largo de los a\u00f1os han ganado <strong>conf\u00ede en<\/strong> de nuestros clientes. Sin embargo, su proyecto merece algo m\u00e1s que lo est\u00e1ndar. Por eso abrimos la puerta a conversaciones individuales: \u00bfespecificaciones y precio? Los adaptaremos a sus necesidades particulares.<br \/>\ud83d\udca1Cada negocio tiene una historia, y nos encanta crear ofertas con <strong>car\u00e1cter<\/strong>. <strong><a href=\"https:\/\/iarina029.supserv.cozmoslabs.com\/es\/pongase-en-contacto-con\/\" title=\"P\u00f3ngase en contacto con nosotros hoy mismo para hablar de los detalles.\">P\u00f3ngase en contacto con nosotros <\/a><a href=\"https:\/\/iarina029.supserv.cozmoslabs.com\/es\/product\/cocos_vps-servidor-super-rapido-y-potente-para-usuarios-exigentes\/\" title=\"Servidor VPS\">\ud83d\udd17<\/a><\/strong>y juntos daremos con una soluci\u00f3n que no s\u00f3lo satisfaga sus expectativas, sino que le diferencie en el mercado. Hablemos del coste final de su tienda online y de las opciones que le permitir\u00e1n ganar <strong>ventaja<\/strong>!<\/p>\t\t\t\t\t\t\t\t<\/div>\n\t\t\t\t\t<\/div>\n\t\t\t\t<\/div>\n\t\t\t\t<\/div>","protected":false},"excerpt":{"rendered":"Sklep internetowy na start \u2013 Tw\u00f3j pierwszy krok w e-commerce Chcesz rozpocz\u0105\u0107 sprzeda\u017c online, ale nie wiesz, od czego zacz\u0105\u0107? Sklep internetowy na start to kompleksowe rozwi\u0105zanie dla pocz\u0105tkuj\u0105cych przedsi\u0119biorc\u00f3w.","protected":false},"featured_media":3284,"comment_status":"open","ping_status":"closed","template":"","meta":{"powered_cache_disable_cache":false,"powered_cache_disable_css_optimization":false,"powered_cache_disable_js_optimization":false},"product_brand":[275],"product_cat":[130],"product_tag":[244,267,199,198],"class_list":{"0":"post-2640","1":"product","2":"type-product","3":"status-publish","4":"has-post-thumbnail","6":"product_brand-cocos","7":"product_cat-indywidualne-sklepy","8":"product_tag-prestashop","9":"product_tag-sklep-internetowy-na-start","10":"product_tag-woocommerce","11":"product_tag-wordpress","13":"first","14":"instock","15":"taxable","16":"shipping-taxable","17":"purchasable","18":"product-type-simple"},"_links":{"self":[{"href":"https:\/\/iarina029.supserv.cozmoslabs.com\/es\/wp-json\/wp\/v2\/product\/2640","targetHints":{"allow":["GET"]}}],"collection":[{"href":"https:\/\/iarina029.supserv.cozmoslabs.com\/es\/wp-json\/wp\/v2\/product"}],"about":[{"href":"https:\/\/iarina029.supserv.cozmoslabs.com\/es\/wp-json\/wp\/v2\/types\/product"}],"replies":[{"embeddable":true,"href":"https:\/\/iarina029.supserv.cozmoslabs.com\/es\/wp-json\/wp\/v2\/comments?post=2640"}],"version-history":[{"count":0,"href":"https:\/\/iarina029.supserv.cozmoslabs.com\/es\/wp-json\/wp\/v2\/product\/2640\/revisions"}],"wp:featuredmedia":[{"embeddable":true,"href":"https:\/\/iarina029.supserv.cozmoslabs.com\/es\/wp-json\/wp\/v2\/media\/3284"}],"wp:attachment":[{"href":"https:\/\/iarina029.supserv.cozmoslabs.com\/es\/wp-json\/wp\/v2\/media?parent=2640"}],"wp:term":[{"taxonomy":"product_brand","embeddable":true,"href":"https:\/\/iarina029.supserv.cozmoslabs.com\/es\/wp-json\/wp\/v2\/product_brand?post=2640"},{"taxonomy":"product_cat","embeddable":true,"href":"https:\/\/iarina029.supserv.cozmoslabs.com\/es\/wp-json\/wp\/v2\/product_cat?post=2640"},{"taxonomy":"product_tag","embeddable":true,"href":"https:\/\/iarina029.supserv.cozmoslabs.com\/es\/wp-json\/wp\/v2\/product_tag?post=2640"}],"curies":[{"name":"wp","href":"https:\/\/api.w.org\/{rel}","templated":true}]}}