{"id":38,"date":"2024-04-17T07:15:52","date_gmt":"2024-04-17T07:15:52","guid":{"rendered":"https:\/\/anvogue.presslayouts.com\/dummy\/?page_id=38"},"modified":"2026-04-03T19:36:59","modified_gmt":"2026-04-03T17:36:59","slug":"acerca-de-nosotros","status":"publish","type":"page","link":"https:\/\/iarina029.supserv.cozmoslabs.com\/es\/acerca-de-nosotros\/","title":{"rendered":"Qui\u00e9nes somos"},"content":{"rendered":"<div data-elementor-type=\"wp-page\" data-elementor-id=\"38\" class=\"elementor elementor-38\">\n\t\t\t\t<div class=\"elementor-element elementor-element-771f7c3 e-flex e-con-boxed e-con e-parent\" data-id=\"771f7c3\" data-element_type=\"container\" data-e-type=\"container\">\n\t\t\t\t\t<div class=\"e-con-inner\">\n\t\t\t\t<div class=\"elementor-element elementor-element-d5bacec elementor-widget elementor-widget-pls-heading\" data-id=\"d5bacec\" data-element_type=\"widget\" data-e-type=\"widget\" data-widget_type=\"pls-heading.default\">\n\t\t\t\t<div class=\"elementor-widget-container\">\n\t\t\t\t\t<div id=\"pls-header-25767\" class=\"pls-element pls-heading pls-text-center separator-none\">\t\n\t\t\t\n\t\t\t<div class=\"heading-wrap\">\n\t\t\t<span class=\"separator-left\"><\/span>\n\t\t\t<h2 class=\"heading-title\">COCOS. - \u00a1Echamos combustible a tu tienda! \ud83d\ude80<\/h2>\t\t\t<span class=\"separator-right\"><\/span>\n\t\t\t\t\t<\/div>\n\t\t\n    \t\t<div class=\"heading-tagline\"> <p>\n    Somos un equipo de entusiastas que lleva a\u00f1os dise\u00f1ando <strong>M\u00f3dulos PrestaShop y WordPress<\/strong> - modernas, funcionales y totalmente optimizadas para el comercio electr\u00f3nico.\n    Creamos soluciones que combinan intuitividad, rendimiento y cumplimiento de los \u00faltimos est\u00e1ndares. Por eso nuestras extensiones apoyan realmente el desarrollo de su tienda en l\u00ednea.\n  <\/p>\n\n  <p>\n    <strong>M\u00f3dulos PrestaShop<\/strong> est\u00e1n disponibles en nuestra <a href=\"https:\/\/iarina029.supserv.cozmoslabs.com\/es\/categoria-de-producto\/modulos\/prestashop\/\" title=\"Categor\u00eda Dedicada\" style=\"text-decoration:underline\">una categor\u00eda espec\u00edfica<\/a>, a <strong>M\u00f3dulos de WordPress<\/strong> encuentre <a href=\"https:\/\/iarina029.supserv.cozmoslabs.com\/es\/categoria-de-producto\/modulos\/wordpress\/\" title=\"Aqu\u00ed\" style=\"text-decoration:underline\">aqu\u00ed<\/a>.\n    Adem\u00e1s, nuestras soluciones son compatibles con <a href=\"https:\/\/www.prestashop.com\/pl\" title=\"Directrices oficiales de PrestaShop\" target=\"_blank\" rel=\"noopener noreferrer\">las directrices oficiales de PrestaShop<\/a> i \n    <a href=\"https:\/\/wordpress.org\/\" title=\"WordPress.org\" target=\"_blank\" rel=\"noopener noreferrer\">WordPress.org<\/a>para que pueda estar seguro de su fiabilidad.\n  <\/p>\n\n  <p>\n    Nuestra misi\u00f3n es crear herramientas de comercio electr\u00f3nico que ayuden a las tiendas a crecer m\u00e1s r\u00e1pido, ahorrar tiempo y aumentar las ventas.\n    Gracias a <strong>M\u00f3dulos PrestaShop y WordPress<\/strong>Su taller funcionar\u00e1 mejor, m\u00e1s r\u00e1pido y con mayor eficacia.\n  <\/p>\n\n  <p>\n    Si quiere que su comercio electr\u00f3nico funcione mejor, <a href=\"https:\/\/iarina029.supserv.cozmoslabs.com\/es\/categoria-de-producto\/modulos\/\" title=\"Consulte nuestras soluciones\" style=\"text-decoration:underline\">consulte nuestras soluciones<\/a> y descubre c\u00f3mo podemos ayudarte. \ud83d\udcc8\n  <\/p> <\/div>\n\t<\/div>\t\t\t\t<\/div>\n\t\t\t\t<\/div>\n\t\t\t\t\t<\/div>\n\t\t\t\t<\/div>\n\t\t<div class=\"elementor-element elementor-element-d048d4a e-flex e-con-boxed e-con e-parent\" data-id=\"d048d4a\" data-element_type=\"container\" data-e-type=\"container\">\n\t\t\t\t\t<div class=\"e-con-inner\">\n\t\t<div class=\"elementor-element elementor-element-d4b2c61 e-con-full e-flex e-con e-child\" data-id=\"d4b2c61\" data-element_type=\"container\" data-e-type=\"container\">\n\t\t\t\t<div class=\"elementor-element elementor-element-7ab280f elementor-widget elementor-widget-pls-infobox\" data-id=\"7ab280f\" data-element_type=\"widget\" data-e-type=\"widget\" data-widget_type=\"pls-infobox.default\">\n\t\t\t\t<div class=\"elementor-widget-container\">\n\t\t\t\t\t<div id=\"pls-info-box-53422\" class=\"pls-element pls-info-box icon-effect-none icon-simple icon-top color-scheme-inherit hover-color-scheme-inherit text-center\">\n\t<div class=\"info-box-wrap\"  >\n\t\t<div class=\"box-icon-wrap\">\n\t\t\t\t\t\t\t<div class=\"info-box-icon\"><img decoding=\"async\" src=\"https:\/\/iarina029.supserv.cozmoslabs.com\/wp-content\/uploads\/2024\/04\/phone-call.svg\" alt=\"Servicio de atenci\u00f3n al cliente 7 d\u00edas\"\/><\/div>\n\t\t\t\t\t<\/div>\n\t\t<div class=\"info-box-content\">\n\t\t\t\t\t\t\t\t\t\t<div class=\"info-box-title mb\" >\t\t\t\t\n\t\t\t\t\t<h4>Servicio de atenci\u00f3n al cliente 7 d\u00edas<\/h4>\t\t\t\t\t\n\t\t\t\t<\/div>\n\t\t\t\t\t\t\t\t\t\t<div class=\"info-box-description mb\">\n\t\t\t\t\t<p>\u00a1Estamos aqu\u00ed para ayudarte! Nuestro equipo de soporte est\u00e1 disponible los 7 d\u00edas de la semana para responder a tus preguntas y resolver cualquier problema relacionado con PrestaShop y WordPress. \ud83d\udcac\u2728<\/p>\n\t\t\t\t<\/div>\n\t\t\t\t\t<\/div>\n\t<\/div>\n<\/div>\t\t\t\t<\/div>\n\t\t\t\t<\/div>\n\t\t\t\t<\/div>\n\t\t<div class=\"elementor-element elementor-element-7f2e9da e-con-full e-flex e-con e-child\" data-id=\"7f2e9da\" data-element_type=\"container\" data-e-type=\"container\">\n\t\t\t\t<div class=\"elementor-element elementor-element-d71133a elementor-widget elementor-widget-pls-infobox\" data-id=\"d71133a\" data-element_type=\"widget\" data-e-type=\"widget\" data-widget_type=\"pls-infobox.default\">\n\t\t\t\t<div class=\"elementor-widget-container\">\n\t\t\t\t\t<div id=\"pls-info-box-2808\" class=\"pls-element pls-info-box icon-effect-none icon-simple icon-top color-scheme-inherit hover-color-scheme-inherit text-center\">\n\t<div class=\"info-box-wrap\"  >\n\t\t<div class=\"box-icon-wrap\">\n\t\t\t\t\t\t\t<div class=\"info-box-icon\"><img decoding=\"async\" src=\"https:\/\/iarina029.supserv.cozmoslabs.com\/wp-content\/uploads\/2024\/04\/return.svg\" alt=\"Satisfacci\u00f3n o devoluci\u00f3n\"\/><\/div>\n\t\t\t\t\t<\/div>\n\t\t<div class=\"info-box-content\">\n\t\t\t\t\t\t\t\t\t\t<div class=\"info-box-title mb\" >\t\t\t\t\n\t\t\t\t\t<h4>Satisfacci\u00f3n o devoluci\u00f3n<\/h4>\t\t\t\t\t\n\t\t\t\t<\/div>\n\t\t\t\t\t\t\t\t\t\t<div class=\"info-box-description mb\">\n\t\t\t\t\t<p>Nos preocupamos por su satisfacci\u00f3n. Si el m\u00f3dulo no funciona, nuestro equipo t\u00e9cnico har\u00e1 todo lo posible para solucionarlo. Si no es posible, te devolveremos el importe \u00edntegro. \ud83d\udcbb\ud83d\udd27<\/p>\n\t\t\t\t<\/div>\n\t\t\t\t\t<\/div>\n\t<\/div>\n<\/div>\t\t\t\t<\/div>\n\t\t\t\t<\/div>\n\t\t\t\t<\/div>\n\t\t<div class=\"elementor-element elementor-element-1294777 e-con-full e-flex e-con e-child\" data-id=\"1294777\" data-element_type=\"container\" data-e-type=\"container\">\n\t\t\t\t<div class=\"elementor-element elementor-element-cf9acc1 elementor-widget elementor-widget-pls-infobox\" data-id=\"cf9acc1\" data-element_type=\"widget\" data-e-type=\"widget\" data-widget_type=\"pls-infobox.default\">\n\t\t\t\t<div class=\"elementor-widget-container\">\n\t\t\t\t\t<div id=\"pls-info-box-79256\" class=\"pls-element pls-info-box icon-effect-none icon-simple icon-top color-scheme-inherit hover-color-scheme-inherit text-center\">\n\t<div class=\"info-box-wrap\"  >\n\t\t<div class=\"box-icon-wrap\">\n\t\t\t\t\t\t\t<div class=\"info-box-icon\"><img decoding=\"async\" src=\"https:\/\/iarina029.supserv.cozmoslabs.com\/wp-content\/uploads\/2024\/04\/guarantee.svg\" alt=\"Nuestra garant\u00eda\"\/><\/div>\n\t\t\t\t\t<\/div>\n\t\t<div class=\"info-box-content\">\n\t\t\t\t\t\t\t\t\t\t<div class=\"info-box-title mb\" >\t\t\t\t\n\t\t\t\t\t<h4>Nuestra garant\u00eda<\/h4>\t\t\t\t\t\n\t\t\t\t<\/div>\n\t\t\t\t\t\t\t\t\t\t<div class=\"info-box-description mb\">\n\t\t\t\t\t<p>\u00a1Respaldamos nuestros productos! Garantizamos que nuestros m\u00f3dulos para PrestaShop y WordPress son de la m\u00e1s alta calidad. \u00a1Su comodidad y satisfacci\u00f3n son nuestra prioridad! \ud83d\udee1\ufe0f\u2728<\/p>\n\t\t\t\t<\/div>\n\t\t\t\t\t<\/div>\n\t<\/div>\n<\/div>\t\t\t\t<\/div>\n\t\t\t\t<\/div>\n\t\t\t\t<\/div>\n\t\t<div class=\"elementor-element elementor-element-e71b5e7 e-con-full e-flex e-con e-child\" data-id=\"e71b5e7\" data-element_type=\"container\" data-e-type=\"container\">\n\t\t\t\t<div class=\"elementor-element elementor-element-30ad0a3 elementor-widget elementor-widget-pls-infobox\" data-id=\"30ad0a3\" data-element_type=\"widget\" data-e-type=\"widget\" data-widget_type=\"pls-infobox.default\">\n\t\t\t\t<div class=\"elementor-widget-container\">\n\t\t\t\t\t<div id=\"pls-info-box-71551\" class=\"pls-element pls-info-box icon-effect-none icon-simple icon-top color-scheme-inherit hover-color-scheme-inherit text-center\">\n\t<div class=\"info-box-wrap\"  >\n\t\t<div class=\"box-icon-wrap\">\n\t\t\t\t\t\t\t<div class=\"info-box-icon\"><img decoding=\"async\" src=\"https:\/\/iarina029.supserv.cozmoslabs.com\/wp-content\/uploads\/2024\/04\/delivery-truck.svg\" alt=\"Entrega en todo el mundo\"\/><\/div>\n\t\t\t\t\t<\/div>\n\t\t<div class=\"info-box-content\">\n\t\t\t\t\t\t\t\t\t\t<div class=\"info-box-title mb\" >\t\t\t\t\n\t\t\t\t\t<h4>Entrega en todo el mundo<\/h4>\t\t\t\t\t\n\t\t\t\t<\/div>\n\t\t\t\t\t\t\t\t\t\t<div class=\"info-box-description mb\">\n\t\t\t\t\t<p>\u00a1Enviamos a todo el mundo! Nuestros m\u00f3dulos llegan a todos los rincones del mundo para que puedas desarrollar tu tienda online est\u00e9s donde est\u00e9s. \ud83d\ude9a\u2728<\/p>\n\t\t\t\t<\/div>\n\t\t\t\t\t<\/div>\n\t<\/div>\n<\/div>\t\t\t\t<\/div>\n\t\t\t\t<\/div>\n\t\t\t\t<\/div>\n\t\t\t\t\t<\/div>\n\t\t\t\t<\/div>\n\t\t<div class=\"elementor-element elementor-element-6f28df1 e-flex e-con-boxed e-con e-parent\" data-id=\"6f28df1\" data-element_type=\"container\" data-e-type=\"container\" data-settings=\"{&quot;background_background&quot;:&quot;classic&quot;}\">\n\t\t\t\t\t<div class=\"e-con-inner\">\n\t\t<div class=\"elementor-element elementor-element-ee7ba46 e-con-full e-flex e-con e-child\" data-id=\"ee7ba46\" data-element_type=\"container\" data-e-type=\"container\" data-settings=\"{&quot;background_background&quot;:&quot;classic&quot;}\">\n\t\t\t\t<div class=\"elementor-element elementor-element-f83d66f elementor-widget elementor-widget-pls-heading\" data-id=\"f83d66f\" data-element_type=\"widget\" data-e-type=\"widget\" data-widget_type=\"pls-heading.default\">\n\t\t\t\t<div class=\"elementor-widget-container\">\n\t\t\t\t\t<div id=\"pls-header-71337\" class=\"pls-element pls-heading pls-text-center separator-none\">\t\n\t\t\t\n\t\t\t<div class=\"heading-wrap\">\n\t\t\t<span class=\"separator-left\"><\/span>\n\t\t\t<h2 class=\"heading-title\">Reg\u00edstrate y recibe un descuento 10%<\/h2>\t\t\t<span class=\"separator-right\"><\/span>\n\t\t\t\t\t<\/div>\n\t\t\n    \t\t<div class=\"heading-tagline\"> Reg\u00edstrese para obtener acceso anticipado a ventas, noticias, promociones y mucho m\u00e1s.... <\/div>\n\t<\/div>\t\t\t\t<\/div>\n\t\t\t\t<\/div>\n\t\t\t\t<div class=\"elementor-element elementor-element-ebe579f elementor-widget elementor-widget-pls-newsletter\" data-id=\"ebe579f\" data-element_type=\"widget\" data-e-type=\"widget\" data-widget_type=\"pls-newsletter.default\">\n\t\t\t\t<div class=\"elementor-widget-container\">\n\t\t\t\t\t<div class=\"pls-element pls-newsletter overlay-form\">\n\t<script>(function() {\n\twindow.mc4wp = window.mc4wp || {\n\t\tlisteners: [],\n\t\tforms: {\n\t\t\ton: function(evt, cb) {\n\t\t\t\twindow.mc4wp.listeners.push(\n\t\t\t\t\t{\n\t\t\t\t\t\tevent   : evt,\n\t\t\t\t\t\tcallback: cb\n\t\t\t\t\t}\n\t\t\t\t);\n\t\t\t}\n\t\t}\n\t}\n})();\n<\/script><!-- Mailchimp for WordPress v4.12.1 - https:\/\/wordpress.org\/plugins\/mailchimp-for-wp\/ --><form id=\"mc4wp-form-1\" class=\"mc4wp-form mc4wp-form-732\" method=\"post\" data-id=\"732\" data-name=\"Newsletter Form\" action=\"\" ><div class=\"mc4wp-form-fields\">  <p>\r\n    <label>Direcci\u00f3n de correo electr\u00f3nico: <\/label>\r\n    <input type=\"email\" name=\"EMAIL\" placeholder=\"Correo electr\u00f3nico\" required \/>\r\n   <\/p>\r\n  <p>\r\n   <button type=\"submit\">Suscr\u00edbase a<\/button>\r\n  <\/p><\/div><label style=\"display: none !important;\">Leave this field empty if you're human: <input type=\"text\" name=\"_mc4wp_honeypot\" value=\"\" tabindex=\"-1\" autocomplete=\"off\" \/><\/label><input type=\"hidden\" name=\"_mc4wp_timestamp\" value=\"1777010247\" \/><input type=\"hidden\" name=\"_mc4wp_form_id\" value=\"732\" \/><input type=\"hidden\" name=\"_mc4wp_form_element_id\" value=\"mc4wp-form-1\" \/><div class=\"mc4wp-response\"><\/div><input type=\"hidden\" name=\"trp-form-language\" value=\"es\"\/><\/form><!-- \/ Mailchimp for WordPress Plugin --><\/div>\t\t\t\t<\/div>\n\t\t\t\t<\/div>\n\t\t\t\t<\/div>\n\t\t\t\t\t<\/div>\n\t\t\t\t<\/div>\n\t\t<div class=\"elementor-element elementor-element-2678839 e-flex e-con-boxed e-con e-parent\" data-id=\"2678839\" data-element_type=\"container\" data-e-type=\"container\">\n\t\t\t\t\t<div class=\"e-con-inner\">\n\t\t\t\t<div class=\"elementor-element elementor-element-e784360 elementor-widget elementor-widget-pls-product-brands\" data-id=\"e784360\" data-element_type=\"widget\" data-e-type=\"widget\" data-widget_type=\"pls-product-brands.default\">\n\t\t\t\t<div class=\"elementor-widget-container\">\n\t\t\t\t\t<div id=\"pls-product-brand-16783\" class=\"pls-element pls-product-brands\">\n\t\t<div class=\"section-content  pls-slider swiper row\">\n\t\t<div class=\"products swiper-wrapper slider-col-lg-6 slider-col-md-4 slider-col-2\" data-slider_options=\"{&quot;slider_loop&quot;:false,&quot;slider_autoplay&quot;:false,&quot;slider_autoplay_delay&quot;:&quot;1500&quot;,&quot;slider_autoplay_speed&quot;:&quot;1500&quot;,&quot;slider_pause_on_hover&quot;:false,&quot;slider_rewind&quot;:false,&quot;slider_autoHeigh&quot;:false,&quot;slider_touchDrag&quot;:false,&quot;slider_touchDrag_mobile&quot;:false,&quot;slider_navigation&quot;:true,&quot;slider_pagination&quot;:false,&quot;slider_scrollbar&quot;:false,&quot;slider_centered&quot;:false,&quot;slider_effect&quot;:&quot;slide&quot;,&quot;slider_spaceBetween&quot;:0,&quot;slides_to_show&quot;:&quot;6&quot;,&quot;slides_to_show_tablet&quot;:4,&quot;slides_to_show_mobile&quot;:2,&quot;slides_to_scroll&quot;:1}\" >\n\t\t\t\t\t\t\t\t\t<div class=\"product-brand swiper-slide\">\n\t\t\t\t\t\t\t<a href=\"https:\/\/prestashop.com\/\" target=\"_blank\" rel=\"noopener\">\n\t\t\t\t\t\t\t\t<div class=\"brand-image\">\n\t\t\t\t\t\t\t\t\t<img decoding=\"async\" width=\"157\" height=\"44\" src=\"https:\/\/iarina029.supserv.cozmoslabs.com\/wp-content\/uploads\/2025\/02\/logo-prestashop-black.png\" class=\"attachment-full size-full\" alt=\"documentaci\u00f3n PrestaShop M\u00f3dulos WordPress\" \/>\t\t\t\t\t\t\t\t<\/div>\t\t\t\t\t\t\t\n\t\t\t\t\t\t\t\t\t\t\t\t\t\t\t<\/a>\n\t\t\t\t\t\t<\/div>\n\t\t\t\t\t\t\t\t\t\t\t\t<div class=\"product-brand swiper-slide\">\n\t\t\t\t\t\t\t<a href=\"https:\/\/wordpress.org\/\" title=\"WordPress.org\" target=\"_blank\" rel=\"noopener\">\n\t\t\t\t\t\t\t\t<div class=\"brand-image\">\n\t\t\t\t\t\t\t\t\t<img decoding=\"async\" width=\"157\" height=\"44\" src=\"https:\/\/iarina029.supserv.cozmoslabs.com\/wp-content\/uploads\/2025\/02\/logo-wordpress-black.png\" class=\"attachment-full size-full\" alt=\"instrucciones PrestaShop WordPress integraciones\" \/>\t\t\t\t\t\t\t\t<\/div>\t\t\t\t\t\t\t\n\t\t\t\t\t\t\t\t\t\t\t\t\t\t\t<\/a>\n\t\t\t\t\t\t<\/div>\n\t\t\t\t\t\t\t\t\t\t\t\t<div class=\"product-brand swiper-slide\">\n\t\t\t\t\t\t\t<a href=\"https:\/\/www.google.com\/\" target=\"_blank\" rel=\"noopener\">\n\t\t\t\t\t\t\t\t<div class=\"brand-image\">\n\t\t\t\t\t\t\t\t\t<img decoding=\"async\" width=\"157\" height=\"44\" src=\"https:\/\/iarina029.supserv.cozmoslabs.com\/wp-content\/uploads\/2025\/02\/logo-google-black.png\" class=\"attachment-full size-full\" alt=\"\" \/>\t\t\t\t\t\t\t\t<\/div>\t\t\t\t\t\t\t\n\t\t\t\t\t\t\t\t\t\t\t\t\t\t\t<\/a>\n\t\t\t\t\t\t<\/div>\n\t\t\t\t\t\t\t\t\t\t\t\t<div class=\"product-brand swiper-slide\">\n\t\t\t\t\t\t\t<a href=\"https:\/\/stripe.com\/\" target=\"_blank\" rel=\"noopener\">\n\t\t\t\t\t\t\t\t<div class=\"brand-image\">\n\t\t\t\t\t\t\t\t\t<img loading=\"lazy\" decoding=\"async\" width=\"157\" height=\"44\" src=\"https:\/\/iarina029.supserv.cozmoslabs.com\/wp-content\/uploads\/2025\/02\/logo-stripe-black.png\" class=\"attachment-full size-full\" alt=\"\" \/>\t\t\t\t\t\t\t\t<\/div>\t\t\t\t\t\t\t\n\t\t\t\t\t\t\t\t\t\t\t\t\t\t\t<\/a>\n\t\t\t\t\t\t<\/div>\n\t\t\t\t\t\t\t\t\t\t\t\t<div class=\"product-brand swiper-slide\">\n\t\t\t\t\t\t\t<a href=\"https:\/\/www.paypal.com\/\" target=\"_blank\" rel=\"noopener\">\n\t\t\t\t\t\t\t\t<div class=\"brand-image\">\n\t\t\t\t\t\t\t\t\t<img loading=\"lazy\" decoding=\"async\" width=\"157\" height=\"44\" src=\"https:\/\/iarina029.supserv.cozmoslabs.com\/wp-content\/uploads\/2025\/02\/logo-paypal-black.png\" class=\"attachment-full size-full\" alt=\"\" \/>\t\t\t\t\t\t\t\t<\/div>\t\t\t\t\t\t\t\n\t\t\t\t\t\t\t\t\t\t\t\t\t\t\t<\/a>\n\t\t\t\t\t\t<\/div>\n\t\t\t\t\t\t\t\t\t\t\t\t<div class=\"product-brand swiper-slide\">\n\t\t\t\t\t\t\t<a href=\"https:\/\/allegro.pl\/\" title=\"\" target=\"_blank\" rel=\"noopener\">\n\t\t\t\t\t\t\t\t<div class=\"brand-image\">\n\t\t\t\t\t\t\t\t\t<img loading=\"lazy\" decoding=\"async\" width=\"157\" height=\"44\" src=\"https:\/\/iarina029.supserv.cozmoslabs.com\/wp-content\/uploads\/2025\/02\/logo-allegro-black.png\" class=\"attachment-full size-full\" alt=\"\" \/>\t\t\t\t\t\t\t\t<\/div>\t\t\t\t\t\t\t\n\t\t\t\t\t\t\t\t\t\t\t\t\t\t\t<\/a>\n\t\t\t\t\t\t<\/div>\n\t\t\t\t\t\t\t\t<\/div>\n\t<\/div>\n<\/div>\t\t\t\t<\/div>\n\t\t\t\t<\/div>\n\t\t\t\t\t<\/div>\n\t\t\t\t<\/div>\n\t\t\t\t<\/div>","protected":false},"excerpt":{"rendered":"COCOS. \u2013 nap\u0119dzamy Tw\u00f3j sklep! \ud83d\ude80 Jeste\u015bmy zespo\u0142em pasjonat\u00f3w, kt\u00f3rzy od lat projektuj\u0105 modu\u0142y Presta Shop i Word Press \u2013 nowoczesne, funkcjonalne i w pe\u0142ni zoptymalizowane pod k\u0105tem e-commerce. Tworzymy","protected":false},"author":1,"featured_media":0,"parent":0,"menu_order":0,"comment_status":"closed","ping_status":"closed","template":"","meta":{"powered_cache_disable_cache":false,"powered_cache_disable_css_optimization":false,"powered_cache_disable_js_optimization":false,"footnotes":""},"class_list":["post-38","page","type-page","status-publish","hentry"],"_links":{"self":[{"href":"https:\/\/iarina029.supserv.cozmoslabs.com\/es\/wp-json\/wp\/v2\/pages\/38","targetHints":{"allow":["GET"]}}],"collection":[{"href":"https:\/\/iarina029.supserv.cozmoslabs.com\/es\/wp-json\/wp\/v2\/pages"}],"about":[{"href":"https:\/\/iarina029.supserv.cozmoslabs.com\/es\/wp-json\/wp\/v2\/types\/page"}],"author":[{"embeddable":true,"href":"https:\/\/iarina029.supserv.cozmoslabs.com\/es\/wp-json\/wp\/v2\/users\/1"}],"replies":[{"embeddable":true,"href":"https:\/\/iarina029.supserv.cozmoslabs.com\/es\/wp-json\/wp\/v2\/comments?post=38"}],"version-history":[{"count":0,"href":"https:\/\/iarina029.supserv.cozmoslabs.com\/es\/wp-json\/wp\/v2\/pages\/38\/revisions"}],"wp:attachment":[{"href":"https:\/\/iarina029.supserv.cozmoslabs.com\/es\/wp-json\/wp\/v2\/media?parent=38"}],"curies":[{"name":"wp","href":"https:\/\/api.w.org\/{rel}","templated":true}]}}